{"id":3930,"date":"2017-03-22T20:51:34","date_gmt":"2017-03-22T20:51:34","guid":{"rendered":"http:\/\/professional.electrolux.se\/?page_id=3098"},"modified":"2022-04-07T13:08:06","modified_gmt":"2022-04-07T13:08:06","slug":"service-og-support","status":"publish","type":"page","link":"https:\/\/www.electroluxprofessional.com\/dk\/service-og-support\/","title":{"rendered":"Service &#038; Support"},"content":{"rendered":"<p>[vc_row full_width=&#8221;electroluxpro-full-width-no-padding&#8221;][vc_column][elx_hero_slider label_text_color=&#8221;inherit&#8221; images=&#8221;706&#8243;][elx_heading font_container=&#8221;h1&#8243; font_size=&#8221;h2&#8243; text_color=&#8221;inherit&#8221;]Service &amp; <strong>Support<\/strong>[\/elx_heading][\/elx_hero_slider][\/vc_column][\/vc_row][vc_row disable_element=&#8221;yes&#8221;][vc_column][vc_column_text]98,000\u00a0available spare parts in stock.<\/p>\n<p>24 &#8211; 48 hours spare parts delivery worldwide<\/p>\n<p>[\/vc_column_text][\/vc_column][\/vc_row][vc_row][vc_column][vc_empty_space height=&#8221;50px&#8221;][\/vc_column][\/vc_row][vc_row full_width=&#8221;electroluxpro-full-width-no-padding&#8221; css=&#8221;.vc_custom_1465478787353{background-color: #041e41 !important;}&#8221;][vc_column width=&#8221;1\/2&#8243;][elx_video_block background_image=&#8221;3928&#8243; video_link=&#8221;https:\/\/www.youtube.com\/watch?v=k4olzrfBpHM&#8221; minimum_height=&#8221;500px&#8221;][\/vc_column][vc_column width=&#8221;1\/2&#8243;][vc_empty_space height=&#8221;50px&#8221;][elx_simple_block background_color=&#8221;inherit&#8221;][elx_heading font_container=&#8221;h3&#8243; text_color=&#8221;white&#8221;]Altid i n\u00e6rheden.<br \/>\nAltid klar til at hj\u00e6lpe.[\/elx_heading][vc_column_text]<strong>Har du brug for service?<\/strong> Vi st\u00e5r klar til at hj\u00e6lpe dig.<\/p>\n<p>Service p\u00e5 vaskerimaskiner:<\/p>\n<p>Ring til vores serviceafdeling p\u00e5 tlf 63 76 22 21<\/p>\n<p>Du kan ogs\u00e5 sende en mail p\u00e5 els.service@electrolux.dk[\/vc_column_text][elx_button button_text=&#8221;Her finder du os samt vores forhandlere og servicepartnere&#8221; css=&#8221;.vc_custom_1507627705211{margin-top: 20px !important;}&#8221; button_link=&#8221;url:https%3A%2F%2Fprofessional.electrolux.dk%2Fforhandlere-service%2F|title:Find%20a%20dealer||&#8221;][\/elx_simple_block][\/vc_column][\/vc_row][vc_row full_width=&#8221;electroluxpro-full-width-no-padding&#8221; equal_height=&#8221;yes&#8221; css=&#8221;.vc_custom_1469780461824{background-color: #f8f6f9 !important;}&#8221;][vc_column width=&#8221;1\/2&#8243;][vc_column_text][\/vc_column_text][elx_simple_block background_color=&#8221;inherit&#8221;][elx_heading text_color=&#8221;inherit&#8221;]En serviceaftale giver st\u00f8rre driftssikkerhed og fuld kontrol med vaskeriets udgifter[\/elx_heading][vc_column_text]Flere og flere vaskerier tegner en serviceaftale hos Electrolux. Aftalen g\u00f8r hverdagen lettere for b\u00e5de personale og brugere, og sikrer jer mod uforudsete udgifter til reparationer af vaskemaskiner og t\u00f8rretumblere.<\/p>\n<p>Vaskemaskiner og t\u00f8rretumblere uds\u00e6ttes uundg\u00e5eligt for slid, n\u00e5r de bruges mange timer om dagen. Men maskinerne skal holde i mange \u00e5r, og korrekt servicering og j\u00e6vnlige eftersyn kan forl\u00e6nge levetiden markant. Eventuelle problemer kan blive opdaget, inden de vokser sig st\u00f8rre, og maskinerne bliver dyre eller umulige at reparere.[\/vc_column_text][elx_heading font_container=&#8221;h3&#8243; font_size=&#8221;h3&#8243; text_color=&#8221;electrolux-blue-for-small&#8221;]Afhj\u00e6lpning af fejl[\/elx_heading][vc_column_text]Takket v\u00e6re vores omfattende, autoriserede servicenetv\u00e6rk kan vi hj\u00e6lpe dig med at fejl hurtigt og pr\u00e6cist, s\u00e5 dit udstyr fungerer korrekt.[\/vc_column_text][elx_heading font_container=&#8221;h3&#8243; text_color=&#8221;electrolux-blue-for-small&#8221;]Serviceaftale p\u00e5 vaskeriudstyr[\/elx_heading][vc_column_text]Korrekt service og j\u00e6vnlige eftersyn forl\u00e6nger vaskerimaskiners levetid markant.\u00a0Med en Electrolux serviceaftale p\u00e5 vaskerimaskiner, bliver hverdagen desuden lettere for alle \u2013 og sikrer jer mod uforudsete udgifter til reparationer.[\/vc_column_text][elx_heading font_container=&#8221;h3&#8243; text_color=&#8221;electrolux-blue-for-small&#8221; css=&#8221;.vc_custom_1504262581557{margin-bottom: 0px !important;border-bottom-width: 0px !important;padding-bottom: 0px !important;}&#8221;]Komplet vedligeholdelsesprogram[\/elx_heading][vc_column_text]Vi tilbyder skr\u00e6ddersyet vedligeholdelse- og serviceaftaler, som sikrer dig en problemfri drift af dit vaskeri..<\/p>\n<p><a href=\"https:\/\/www.electroluxprofessional.com\/dk\/wp-content\/uploads\/2017\/09\/Electrolux-Professional-Serviceaftale.pdf\">Fordele med en serviceaftale p\u00e5 vaskeriudstyr<\/a>[\/vc_column_text][\/elx_simple_block][\/vc_column][vc_column width=&#8221;1\/2&#8243;][elx_image_block background_image=&#8221;3929&#8243; minimum_height=&#8221;600px&#8221;][\/vc_column][\/vc_row][vc_row][vc_column][vc_empty_space][\/vc_column][\/vc_row][vc_row][vc_column][elx_heading font_container=&#8221;h3&#8243; text_color=&#8221;inherit&#8221;]F\u00e5 mere information om vores serviceaftaler[\/elx_heading][elx_o2000_contact_us r=&#8221;Jeg vil gerne vide mere om serviceaftale p\u00e5 vaskeri\/stork\u00f8kken. Kontakt mig venligst.&#8221; s=&#8221;mere information om serviceaftaler \u00f8nskes.&#8221; e=&#8221;els.salg@electrolux.dk;storkokken@electrolux.dk&#8221; country=&#8221;Denmark&#8221; l=&#8221;dk&#8221; b=&#8221;laundry&#8221; container=&#8221;elxcontactus1484293813&#8243;][\/vc_column][\/vc_row][vc_row][vc_column][vc_empty_space][\/vc_column][\/vc_row]<\/p>\n","protected":false},"excerpt":{"rendered":"<p>[vc_row full_width=&#8221;electroluxpro-full-width-no-padding&#8221;][vc_column][elx_hero_slider label_text_color=&#8221;inherit&#8221; images=&#8221;706&#8243;][elx_heading font_container=&#8221;h1&#8243; font_size=&#8221;h2&#8243; text_color=&#8221;inherit&#8221;]Service &amp; Support[\/elx_heading][\/elx_hero_slider][\/vc_column][\/vc_row][vc_row disable_element=&#8221;yes&#8221;][vc_column][vc_column_text]98,000\u00a0available spare parts in stock. 24 &#8211; 48 hours spare parts delivery worldwide [\/vc_column_text][\/vc_column][\/vc_row][vc_row][vc_column][vc_empty_space height=&#8221;50px&#8221;][\/vc_column][\/vc_row][vc_row full_width=&#8221;electroluxpro-full-width-no-padding&#8221; css=&#8221;.vc_custom_1465478787353{background-color: #041e41 !important;}&#8221;][vc_column width=&#8221;1\/2&#8243;][elx_video_block background_image=&#8221;3928&#8243; video_link=&#8221;https:\/\/www.youtube.com\/watch?v=k4olzrfBpHM&#8221; minimum_height=&#8221;500px&#8221;][\/vc_column][vc_column width=&#8221;1\/2&#8243;][vc_empty_space height=&#8221;50px&#8221;][elx_simple_block background_color=&#8221;inherit&#8221;][elx_heading font_container=&#8221;h3&#8243; text_color=&#8221;white&#8221;]Altid i n\u00e6rheden. Altid klar til at hj\u00e6lpe.[\/elx_heading][vc_column_text]Har du brug for service? Vi st\u00e5r klar til at hj\u00e6lpe dig. [&hellip;]<\/p>\n","protected":false},"author":4,"featured_media":0,"parent":0,"menu_order":0,"comment_status":"closed","ping_status":"closed","template":"","meta":{"footnotes":""},"class_list":["post-3930","page","type-page","status-publish","hentry"],"acf":[],"yoast_head":"<!-- This site is optimized with the Yoast SEO plugin v23.3 - https:\/\/yoast.com\/wordpress\/plugins\/seo\/ -->\n<title>Service &amp; Support - Electrolux Professional Danmark<\/title>\n<meta name=\"description\" content=\"Vores servicenetv\u00e6rk st\u00e5r altid klar til at hj\u00e6lpe. F\u00e5 en serviceaftale, som giver st\u00f8rre driftssikkerhed.\" \/>\n<meta name=\"robots\" content=\"index, follow, max-snippet:-1, max-image-preview:large, max-video-preview:-1\" \/>\n<link rel=\"canonical\" href=\"https:\/\/www.electroluxprofessional.com\/dk\/service-og-support\/\" \/>\n<meta property=\"og:locale\" content=\"da_DK\" \/>\n<meta property=\"og:type\" content=\"article\" \/>\n<meta property=\"og:title\" content=\"Service &amp; Support - Electrolux Professional Danmark\" \/>\n<meta property=\"og:description\" content=\"Vores servicenetv\u00e6rk st\u00e5r altid klar til at hj\u00e6lpe. F\u00e5 en serviceaftale, som giver st\u00f8rre driftssikkerhed.\" \/>\n<meta property=\"og:url\" content=\"https:\/\/www.electroluxprofessional.com\/dk\/service-og-support\/\" \/>\n<meta property=\"og:site_name\" content=\"Electrolux Professional Danmark\" \/>\n<meta property=\"article:modified_time\" content=\"2022-04-07T13:08:06+00:00\" \/>\n<meta name=\"twitter:card\" content=\"summary_large_image\" \/>\n<meta name=\"twitter:label1\" content=\"Estimeret l\u00e6setid\" \/>\n\t<meta name=\"twitter:data1\" content=\"3 minutter\" \/>\n<script type=\"application\/ld+json\" class=\"yoast-schema-graph\">{\"@context\":\"https:\/\/schema.org\",\"@graph\":[{\"@type\":\"WebPage\",\"@id\":\"https:\/\/www.electroluxprofessional.com\/dk\/service-og-support\/\",\"url\":\"https:\/\/www.electroluxprofessional.com\/dk\/service-og-support\/\",\"name\":\"Service & Support - Electrolux Professional Danmark\",\"isPartOf\":{\"@id\":\"https:\/\/www.electroluxprofessional.com\/dk\/#website\"},\"datePublished\":\"2017-03-22T20:51:34+00:00\",\"dateModified\":\"2022-04-07T13:08:06+00:00\",\"description\":\"Vores servicenetv\u00e6rk st\u00e5r altid klar til at hj\u00e6lpe. F\u00e5 en serviceaftale, som giver st\u00f8rre driftssikkerhed.\",\"breadcrumb\":{\"@id\":\"https:\/\/www.electroluxprofessional.com\/dk\/service-og-support\/#breadcrumb\"},\"inLanguage\":\"da-DK\",\"potentialAction\":[{\"@type\":\"ReadAction\",\"target\":[\"https:\/\/www.electroluxprofessional.com\/dk\/service-og-support\/\"]}]},{\"@type\":\"BreadcrumbList\",\"@id\":\"https:\/\/www.electroluxprofessional.com\/dk\/service-og-support\/#breadcrumb\",\"itemListElement\":[{\"@type\":\"ListItem\",\"position\":1,\"name\":\"Home\",\"item\":\"https:\/\/www.electroluxprofessional.com\/dk\/\"},{\"@type\":\"ListItem\",\"position\":2,\"name\":\"Service &#038; Support\"}]},{\"@type\":\"WebSite\",\"@id\":\"https:\/\/www.electroluxprofessional.com\/dk\/#website\",\"url\":\"https:\/\/www.electroluxprofessional.com\/dk\/\",\"name\":\"Electrolux Professional Danmark\",\"description\":\"\",\"potentialAction\":[{\"@type\":\"SearchAction\",\"target\":{\"@type\":\"EntryPoint\",\"urlTemplate\":\"https:\/\/www.electroluxprofessional.com\/dk\/?src={search_term_string}\"},\"query-input\":\"required name=search_term_string\"}],\"inLanguage\":\"da-DK\"}]}<\/script>\n<!-- \/ Yoast SEO plugin. -->","yoast_head_json":{"title":"Service & Support - Electrolux Professional Danmark","description":"Vores servicenetv\u00e6rk st\u00e5r altid klar til at hj\u00e6lpe. F\u00e5 en serviceaftale, som giver st\u00f8rre driftssikkerhed.","robots":{"index":"index","follow":"follow","max-snippet":"max-snippet:-1","max-image-preview":"max-image-preview:large","max-video-preview":"max-video-preview:-1"},"canonical":"https:\/\/www.electroluxprofessional.com\/dk\/service-og-support\/","og_locale":"da_DK","og_type":"article","og_title":"Service & Support - Electrolux Professional Danmark","og_description":"Vores servicenetv\u00e6rk st\u00e5r altid klar til at hj\u00e6lpe. F\u00e5 en serviceaftale, som giver st\u00f8rre driftssikkerhed.","og_url":"https:\/\/www.electroluxprofessional.com\/dk\/service-og-support\/","og_site_name":"Electrolux Professional Danmark","article_modified_time":"2022-04-07T13:08:06+00:00","twitter_card":"summary_large_image","twitter_misc":{"Estimeret l\u00e6setid":"3 minutter"},"schema":{"@context":"https:\/\/schema.org","@graph":[{"@type":"WebPage","@id":"https:\/\/www.electroluxprofessional.com\/dk\/service-og-support\/","url":"https:\/\/www.electroluxprofessional.com\/dk\/service-og-support\/","name":"Service & Support - Electrolux Professional Danmark","isPartOf":{"@id":"https:\/\/www.electroluxprofessional.com\/dk\/#website"},"datePublished":"2017-03-22T20:51:34+00:00","dateModified":"2022-04-07T13:08:06+00:00","description":"Vores servicenetv\u00e6rk st\u00e5r altid klar til at hj\u00e6lpe. F\u00e5 en serviceaftale, som giver st\u00f8rre driftssikkerhed.","breadcrumb":{"@id":"https:\/\/www.electroluxprofessional.com\/dk\/service-og-support\/#breadcrumb"},"inLanguage":"da-DK","potentialAction":[{"@type":"ReadAction","target":["https:\/\/www.electroluxprofessional.com\/dk\/service-og-support\/"]}]},{"@type":"BreadcrumbList","@id":"https:\/\/www.electroluxprofessional.com\/dk\/service-og-support\/#breadcrumb","itemListElement":[{"@type":"ListItem","position":1,"name":"Home","item":"https:\/\/www.electroluxprofessional.com\/dk\/"},{"@type":"ListItem","position":2,"name":"Service &#038; Support"}]},{"@type":"WebSite","@id":"https:\/\/www.electroluxprofessional.com\/dk\/#website","url":"https:\/\/www.electroluxprofessional.com\/dk\/","name":"Electrolux Professional Danmark","description":"","potentialAction":[{"@type":"SearchAction","target":{"@type":"EntryPoint","urlTemplate":"https:\/\/www.electroluxprofessional.com\/dk\/?src={search_term_string}"},"query-input":"required name=search_term_string"}],"inLanguage":"da-DK"}]}},"_links":{"self":[{"href":"https:\/\/www.electroluxprofessional.com\/dk\/wp-json\/wp\/v2\/pages\/3930"}],"collection":[{"href":"https:\/\/www.electroluxprofessional.com\/dk\/wp-json\/wp\/v2\/pages"}],"about":[{"href":"https:\/\/www.electroluxprofessional.com\/dk\/wp-json\/wp\/v2\/types\/page"}],"author":[{"embeddable":true,"href":"https:\/\/www.electroluxprofessional.com\/dk\/wp-json\/wp\/v2\/users\/4"}],"replies":[{"embeddable":true,"href":"https:\/\/www.electroluxprofessional.com\/dk\/wp-json\/wp\/v2\/comments?post=3930"}],"version-history":[{"count":12,"href":"https:\/\/www.electroluxprofessional.com\/dk\/wp-json\/wp\/v2\/pages\/3930\/revisions"}],"predecessor-version":[{"id":4107,"href":"https:\/\/www.electroluxprofessional.com\/dk\/wp-json\/wp\/v2\/pages\/3930\/revisions\/4107"}],"wp:attachment":[{"href":"https:\/\/www.electroluxprofessional.com\/dk\/wp-json\/wp\/v2\/media?parent=3930"}],"curies":[{"name":"wp","href":"https:\/\/api.w.org\/{rel}","templated":true}]}}