{"id":3868,"date":"2020-10-12T16:15:56","date_gmt":"2020-10-12T16:15:56","guid":{"rendered":"https:\/\/www.electroluxprofessional.com\/?page_id=7612"},"modified":"2025-10-21T11:50:21","modified_gmt":"2025-10-21T11:50:21","slug":"electrolux-chef-academy","status":"publish","type":"page","link":"https:\/\/www.electroluxprofessional.com\/dk\/electrolux-chef-academy\/","title":{"rendered":"Electrolux Professional chef academy"},"content":{"rendered":"<p>[vc_row full_width=&#8221;electroluxpro-full-width-no-padding&#8221;][vc_column][elx_hero_title label=&#8221;&#8221; background_image=&#8221;2456&#8243;][elx_heading font_container=&#8221;h1&#8243; text_color=&#8221;white&#8221;]Electrolux Chef Academy[\/elx_heading][\/elx_hero_title][\/vc_column][\/vc_row][vc_row][vc_column][vc_empty_space][elx_image_block background_image=&#8221;2457&#8243; minimum_height=&#8221;500px&#8221;][\/vc_column][\/vc_row][vc_row][vc_column][elx_heading text_color=&#8221;inherit&#8221;]Oplev det unikke globale netv\u00e6rk af fagfolk[\/elx_heading][vc_empty_space height=&#8221;20px&#8221;][\/vc_column][\/vc_row][vc_row][vc_column width=&#8221;1\/2&#8243;][elx_image_block background_image=&#8221;581&#8243; minimum_height=&#8221;400px&#8221;][elx_heading font_size=&#8221;h4&#8243; text_color=&#8221;inherit&#8221;]The Chef Academy.<\/p>\n<p>Et resultat af kundernes engagement<br \/>\n[\/elx_heading][vc_column_text]Electrolux tilbyder en unik service med 60 kokke over hele verden, der r\u00e5dgiver, tr\u00e6ner andre kokke via seminarer, kurser mv. Sammen udvikler og udveksler de nye ideer.[\/vc_column_text][vc_column_text]<\/p>\n<h4>T\u00e6nk&#8230;<\/h4>\n<h4>Chef Academy kokke, dedikeret til dine behov.<\/h4>\n<p>[\/vc_column_text][\/vc_column][vc_column width=&#8221;1\/2&#8243;][elx_image_block background_image=&#8221;2202&#8243; minimum_height=&#8221;400px&#8221;][elx_heading font_size=&#8221;h4&#8243; text_color=&#8221;inherit&#8221;]id\u00e9er og venner,<br \/>\nInspirere og f\u00e5 inspiration[\/elx_heading][vc_column_text]The Chef Academy er et inspirationscenter. Ledet af erfarne k\u00f8kkenchefer fra hele verden. Dette unikke, globale netv\u00e6rk lytter til jeres ideer og sammen skaber i en udvikling indenfor den globale madkultur.<\/p>\n<p>&#8220;Ideer &amp; venner&#8221; er en ny m\u00e5de at drive forretning p\u00e5. Alle er velkomne til at dele ideer og komme med input. Lad os sammen bygge relationer med det form\u00e5l at styrke din virksomhed.[\/vc_column_text][\/vc_column][\/vc_row][vc_row][vc_column][vc_empty_space][elx_heading font_container=&#8221;h3&#8243; text_color=&#8221;inherit&#8221;]Book dit kursus i dag[\/elx_heading][elx_o2000_contact_us s=&#8221;Request of information about chef sessions&#8221; container=&#8221;elxcontactus1482162874&#8243; r=&#8221;Jeg vil gerne vide mere om The Chef Academy, kontakt mig venligst.&#8221;][vc_empty_space][\/vc_column][\/vc_row][vc_row][vc_column width=&#8221;1\/3&#8243;][elx_maylike_box id_box=&#8221;2861&#8243;][\/vc_column][vc_column width=&#8221;1\/3&#8243;][elx_maylike_box id_box=&#8221;2925&#8243;][\/vc_column][vc_column width=&#8221;1\/3&#8243;][elx_maylike_box id_box=&#8221;2866&#8243;][\/vc_column][\/vc_row]<\/p>\n","protected":false},"excerpt":{"rendered":"<p>[vc_row full_width=&#8221;electroluxpro-full-width-no-padding&#8221;][vc_column][elx_hero_title label=&#8221;&#8221; background_image=&#8221;2456&#8243;][elx_heading font_container=&#8221;h1&#8243; text_color=&#8221;white&#8221;]Electrolux Chef Academy[\/elx_heading][\/elx_hero_title][\/vc_column][\/vc_row][vc_row][vc_column][vc_empty_space][elx_image_block background_image=&#8221;2457&#8243; minimum_height=&#8221;500px&#8221;][\/vc_column][\/vc_row][vc_row][vc_column][elx_heading text_color=&#8221;inherit&#8221;]Oplev det unikke globale netv\u00e6rk af fagfolk[\/elx_heading][vc_empty_space height=&#8221;20px&#8221;][\/vc_column][\/vc_row][vc_row][vc_column width=&#8221;1\/2&#8243;][elx_image_block background_image=&#8221;581&#8243; minimum_height=&#8221;400px&#8221;][elx_heading font_size=&#8221;h4&#8243; text_color=&#8221;inherit&#8221;]The Chef Academy. Et resultat af kundernes engagement [\/elx_heading][vc_column_text]Electrolux tilbyder en unik service med 60 kokke over hele verden, der r\u00e5dgiver, tr\u00e6ner andre kokke via seminarer, kurser mv. Sammen udvikler og udveksler de [&hellip;]<\/p>\n","protected":false},"author":3,"featured_media":2456,"parent":0,"menu_order":0,"comment_status":"closed","ping_status":"closed","template":"","meta":{"footnotes":""},"class_list":["post-3868","page","type-page","status-publish","has-post-thumbnail","hentry"],"acf":[],"yoast_head":"<!-- This site is optimized with the Yoast SEO plugin v23.3 - https:\/\/yoast.com\/wordpress\/plugins\/seo\/ -->\n<title>Electrolux Chef Academy er ledet af erfarne k\u00f8kkenchefer fra hele verden<\/title>\n<meta name=\"description\" content=\"The Chef Academy er et inspirationscenter. Ledet af erfarne k\u00f8kkenchefer fra hele verden. Dette unikke, globale netv\u00e6rk lytter til jeres ideer og sammen skaber i en udvikling indenfor den globale madkultur.\" \/>\n<meta name=\"robots\" content=\"index, follow, max-snippet:-1, max-image-preview:large, max-video-preview:-1\" \/>\n<link rel=\"canonical\" href=\"https:\/\/www.electroluxprofessional.com\/dk\/electrolux-chef-academy\/\" \/>\n<meta property=\"og:locale\" content=\"da_DK\" \/>\n<meta property=\"og:type\" content=\"article\" \/>\n<meta property=\"og:title\" content=\"Electrolux Chef Academy er ledet af erfarne k\u00f8kkenchefer fra hele verden\" \/>\n<meta property=\"og:description\" content=\"The Chef Academy er et inspirationscenter. Ledet af erfarne k\u00f8kkenchefer fra hele verden. Dette unikke, globale netv\u00e6rk lytter til jeres ideer og sammen skaber i en udvikling indenfor den globale madkultur.\" \/>\n<meta property=\"og:url\" content=\"https:\/\/www.electroluxprofessional.com\/dk\/electrolux-chef-academy\/\" \/>\n<meta property=\"og:site_name\" content=\"Electrolux Professional Danmark\" \/>\n<meta property=\"article:modified_time\" content=\"2025-10-21T11:50:21+00:00\" \/>\n<meta property=\"og:image\" content=\"https:\/\/www.electroluxprofessional.com\/dk\/wp-content\/uploads\/2016\/12\/recipe.jpg\" \/>\n\t<meta property=\"og:image:width\" content=\"2000\" \/>\n\t<meta property=\"og:image:height\" content=\"1331\" \/>\n\t<meta property=\"og:image:type\" content=\"image\/jpeg\" \/>\n<meta name=\"twitter:card\" content=\"summary_large_image\" \/>\n<meta name=\"twitter:label1\" content=\"Estimeret l\u00e6setid\" \/>\n\t<meta name=\"twitter:data1\" content=\"2 minutter\" \/>\n<script type=\"application\/ld+json\" class=\"yoast-schema-graph\">{\"@context\":\"https:\/\/schema.org\",\"@graph\":[{\"@type\":\"WebPage\",\"@id\":\"https:\/\/www.electroluxprofessional.com\/dk\/electrolux-chef-academy\/\",\"url\":\"https:\/\/www.electroluxprofessional.com\/dk\/electrolux-chef-academy\/\",\"name\":\"Electrolux Chef Academy er ledet af erfarne k\u00f8kkenchefer fra hele verden\",\"isPartOf\":{\"@id\":\"https:\/\/www.electroluxprofessional.com\/dk\/#website\"},\"primaryImageOfPage\":{\"@id\":\"https:\/\/www.electroluxprofessional.com\/dk\/electrolux-chef-academy\/#primaryimage\"},\"image\":{\"@id\":\"https:\/\/www.electroluxprofessional.com\/dk\/electrolux-chef-academy\/#primaryimage\"},\"thumbnailUrl\":\"https:\/\/www.electroluxprofessional.com\/dk\/wp-content\/uploads\/2016\/12\/recipe.jpg\",\"datePublished\":\"2020-10-12T16:15:56+00:00\",\"dateModified\":\"2025-10-21T11:50:21+00:00\",\"description\":\"The Chef Academy er et inspirationscenter. Ledet af erfarne k\u00f8kkenchefer fra hele verden. Dette unikke, globale netv\u00e6rk lytter til jeres ideer og sammen skaber i en udvikling indenfor den globale madkultur.\",\"breadcrumb\":{\"@id\":\"https:\/\/www.electroluxprofessional.com\/dk\/electrolux-chef-academy\/#breadcrumb\"},\"inLanguage\":\"da-DK\",\"potentialAction\":[{\"@type\":\"ReadAction\",\"target\":[\"https:\/\/www.electroluxprofessional.com\/dk\/electrolux-chef-academy\/\"]}]},{\"@type\":\"ImageObject\",\"inLanguage\":\"da-DK\",\"@id\":\"https:\/\/www.electroluxprofessional.com\/dk\/electrolux-chef-academy\/#primaryimage\",\"url\":\"https:\/\/www.electroluxprofessional.com\/dk\/wp-content\/uploads\/2016\/12\/recipe.jpg\",\"contentUrl\":\"https:\/\/www.electroluxprofessional.com\/dk\/wp-content\/uploads\/2016\/12\/recipe.jpg\",\"width\":2000,\"height\":1331,\"caption\":\"Electrolux Professional chef academy\"},{\"@type\":\"BreadcrumbList\",\"@id\":\"https:\/\/www.electroluxprofessional.com\/dk\/electrolux-chef-academy\/#breadcrumb\",\"itemListElement\":[{\"@type\":\"ListItem\",\"position\":1,\"name\":\"Home\",\"item\":\"https:\/\/www.electroluxprofessional.com\/dk\/\"},{\"@type\":\"ListItem\",\"position\":2,\"name\":\"Electrolux Professional chef academy\"}]},{\"@type\":\"WebSite\",\"@id\":\"https:\/\/www.electroluxprofessional.com\/dk\/#website\",\"url\":\"https:\/\/www.electroluxprofessional.com\/dk\/\",\"name\":\"Electrolux Professional Danmark\",\"description\":\"\",\"potentialAction\":[{\"@type\":\"SearchAction\",\"target\":{\"@type\":\"EntryPoint\",\"urlTemplate\":\"https:\/\/www.electroluxprofessional.com\/dk\/?src={search_term_string}\"},\"query-input\":\"required name=search_term_string\"}],\"inLanguage\":\"da-DK\"}]}<\/script>\n<!-- \/ Yoast SEO plugin. -->","yoast_head_json":{"title":"Electrolux Chef Academy er ledet af erfarne k\u00f8kkenchefer fra hele verden","description":"The Chef Academy er et inspirationscenter. Ledet af erfarne k\u00f8kkenchefer fra hele verden. Dette unikke, globale netv\u00e6rk lytter til jeres ideer og sammen skaber i en udvikling indenfor den globale madkultur.","robots":{"index":"index","follow":"follow","max-snippet":"max-snippet:-1","max-image-preview":"max-image-preview:large","max-video-preview":"max-video-preview:-1"},"canonical":"https:\/\/www.electroluxprofessional.com\/dk\/electrolux-chef-academy\/","og_locale":"da_DK","og_type":"article","og_title":"Electrolux Chef Academy er ledet af erfarne k\u00f8kkenchefer fra hele verden","og_description":"The Chef Academy er et inspirationscenter. Ledet af erfarne k\u00f8kkenchefer fra hele verden. Dette unikke, globale netv\u00e6rk lytter til jeres ideer og sammen skaber i en udvikling indenfor den globale madkultur.","og_url":"https:\/\/www.electroluxprofessional.com\/dk\/electrolux-chef-academy\/","og_site_name":"Electrolux Professional Danmark","article_modified_time":"2025-10-21T11:50:21+00:00","og_image":[{"width":2000,"height":1331,"url":"https:\/\/www.electroluxprofessional.com\/dk\/wp-content\/uploads\/2016\/12\/recipe.jpg","type":"image\/jpeg"}],"twitter_card":"summary_large_image","twitter_misc":{"Estimeret l\u00e6setid":"2 minutter"},"schema":{"@context":"https:\/\/schema.org","@graph":[{"@type":"WebPage","@id":"https:\/\/www.electroluxprofessional.com\/dk\/electrolux-chef-academy\/","url":"https:\/\/www.electroluxprofessional.com\/dk\/electrolux-chef-academy\/","name":"Electrolux Chef Academy er ledet af erfarne k\u00f8kkenchefer fra hele verden","isPartOf":{"@id":"https:\/\/www.electroluxprofessional.com\/dk\/#website"},"primaryImageOfPage":{"@id":"https:\/\/www.electroluxprofessional.com\/dk\/electrolux-chef-academy\/#primaryimage"},"image":{"@id":"https:\/\/www.electroluxprofessional.com\/dk\/electrolux-chef-academy\/#primaryimage"},"thumbnailUrl":"https:\/\/www.electroluxprofessional.com\/dk\/wp-content\/uploads\/2016\/12\/recipe.jpg","datePublished":"2020-10-12T16:15:56+00:00","dateModified":"2025-10-21T11:50:21+00:00","description":"The Chef Academy er et inspirationscenter. Ledet af erfarne k\u00f8kkenchefer fra hele verden. Dette unikke, globale netv\u00e6rk lytter til jeres ideer og sammen skaber i en udvikling indenfor den globale madkultur.","breadcrumb":{"@id":"https:\/\/www.electroluxprofessional.com\/dk\/electrolux-chef-academy\/#breadcrumb"},"inLanguage":"da-DK","potentialAction":[{"@type":"ReadAction","target":["https:\/\/www.electroluxprofessional.com\/dk\/electrolux-chef-academy\/"]}]},{"@type":"ImageObject","inLanguage":"da-DK","@id":"https:\/\/www.electroluxprofessional.com\/dk\/electrolux-chef-academy\/#primaryimage","url":"https:\/\/www.electroluxprofessional.com\/dk\/wp-content\/uploads\/2016\/12\/recipe.jpg","contentUrl":"https:\/\/www.electroluxprofessional.com\/dk\/wp-content\/uploads\/2016\/12\/recipe.jpg","width":2000,"height":1331,"caption":"Electrolux Professional chef academy"},{"@type":"BreadcrumbList","@id":"https:\/\/www.electroluxprofessional.com\/dk\/electrolux-chef-academy\/#breadcrumb","itemListElement":[{"@type":"ListItem","position":1,"name":"Home","item":"https:\/\/www.electroluxprofessional.com\/dk\/"},{"@type":"ListItem","position":2,"name":"Electrolux Professional chef academy"}]},{"@type":"WebSite","@id":"https:\/\/www.electroluxprofessional.com\/dk\/#website","url":"https:\/\/www.electroluxprofessional.com\/dk\/","name":"Electrolux Professional Danmark","description":"","potentialAction":[{"@type":"SearchAction","target":{"@type":"EntryPoint","urlTemplate":"https:\/\/www.electroluxprofessional.com\/dk\/?src={search_term_string}"},"query-input":"required name=search_term_string"}],"inLanguage":"da-DK"}]}},"_links":{"self":[{"href":"https:\/\/www.electroluxprofessional.com\/dk\/wp-json\/wp\/v2\/pages\/3868"}],"collection":[{"href":"https:\/\/www.electroluxprofessional.com\/dk\/wp-json\/wp\/v2\/pages"}],"about":[{"href":"https:\/\/www.electroluxprofessional.com\/dk\/wp-json\/wp\/v2\/types\/page"}],"author":[{"embeddable":true,"href":"https:\/\/www.electroluxprofessional.com\/dk\/wp-json\/wp\/v2\/users\/3"}],"replies":[{"embeddable":true,"href":"https:\/\/www.electroluxprofessional.com\/dk\/wp-json\/wp\/v2\/comments?post=3868"}],"version-history":[{"count":5,"href":"https:\/\/www.electroluxprofessional.com\/dk\/wp-json\/wp\/v2\/pages\/3868\/revisions"}],"predecessor-version":[{"id":30688,"href":"https:\/\/www.electroluxprofessional.com\/dk\/wp-json\/wp\/v2\/pages\/3868\/revisions\/30688"}],"wp:featuredmedia":[{"embeddable":true,"href":"https:\/\/www.electroluxprofessional.com\/dk\/wp-json\/wp\/v2\/media\/2456"}],"wp:attachment":[{"href":"https:\/\/www.electroluxprofessional.com\/dk\/wp-json\/wp\/v2\/media?parent=3868"}],"curies":[{"name":"wp","href":"https:\/\/api.w.org\/{rel}","templated":true}]}}