{"id":3845,"date":"2020-10-14T13:34:43","date_gmt":"2020-10-14T13:34:43","guid":{"rendered":"https:\/\/www.electroluxprofessional.com\/?page_id=3347"},"modified":"2020-10-15T14:54:29","modified_gmt":"2020-10-15T14:54:29","slug":"my-professional","status":"publish","type":"page","link":"https:\/\/www.electroluxprofessional.com\/dk\/my-professional\/","title":{"rendered":"MyProfessional"},"content":{"rendered":"<div class=\"members-access-error\">\n<p style=\"text-align: center;margin-top: 100px;margin-bottom: 100px\"><a href=\"https:\/\/www.electroluxprofessional.com\/dk\/login\/?redirect_to=https%3A%2F%2Fwww.electroluxprofessional.com%3A443%2Fdk%2Fwp-json%2Fwp%2Fv2%2Fpages%2F3845\"><br \/>\n<img src=\"https:\/\/www.electroluxprofessional.com\/dk\/wp-content\/uploads\/2018\/01\/image001.jpg\" \/><br \/>\nHey! Your are just 1 step away from your content!<br \/>\nLogin to MyProfessional space.<br \/>\n<\/a><\/p>\n<\/div>\n","protected":false},"excerpt":{"rendered":"<div class=\"members-access-error\">\n<p style=\"text-align: center;margin-top: 100px;margin-bottom: 100px\"><a href=\"https:\/\/www.electroluxprofessional.com\/dk\/login\/?redirect_to=https%3A%2F%2Fwww.electroluxprofessional.com%3A443%2Fdk%2Fwp-json%2Fwp%2Fv2%2Fpages%2F3845\"><br \/>\n<img src=\"https:\/\/www.electroluxprofessional.com\/dk\/wp-content\/uploads\/2018\/01\/image001.jpg\" \/><br \/>\nHey! Your are just 1 step away from your content!<br \/>\nLogin to MyProfessional space.<br \/>\n<\/a><\/p>\n<\/div>\n","protected":false},"author":3,"featured_media":0,"parent":0,"menu_order":0,"comment_status":"closed","ping_status":"closed","template":"","meta":{"footnotes":""},"class_list":["post-3845","page","type-page","status-publish","hentry"],"acf":[],"yoast_head":"<!-- This site is optimized with the Yoast SEO plugin v23.3 - https:\/\/yoast.com\/wordpress\/plugins\/seo\/ -->\n<title>MyProfessional \u2013 dit private univers hos Electrolux Professional<\/title>\n<meta name=\"description\" content=\"Find og download dokumenter til dine professionelle produkter. Registrer dit produkt s\u00e5 hj\u00e6lper du os med at give dig den bedste support. Fort\u00e6l os om dig, din virksomhed og de l\u00f8sninger, du bruger eller vil pr\u00f8ve i fremtiden, s\u00e5 finder vi en l\u00f8sning.\" \/>\n<meta name=\"robots\" content=\"index, follow, max-snippet:-1, max-image-preview:large, max-video-preview:-1\" \/>\n<link rel=\"canonical\" href=\"https:\/\/www.electroluxprofessional.com\/dk\/my-professional\/\" \/>\n<meta property=\"og:locale\" content=\"da_DK\" \/>\n<meta property=\"og:type\" content=\"article\" \/>\n<meta property=\"og:title\" content=\"MyProfessional \u2013 dit private univers hos Electrolux Professional\" \/>\n<meta property=\"og:description\" content=\"Find og download dokumenter til dine professionelle produkter. Registrer dit produkt s\u00e5 hj\u00e6lper du os med at give dig den bedste support. Fort\u00e6l os om dig, din virksomhed og de l\u00f8sninger, du bruger eller vil pr\u00f8ve i fremtiden, s\u00e5 finder vi en l\u00f8sning.\" \/>\n<meta property=\"og:url\" content=\"https:\/\/www.electroluxprofessional.com\/dk\/my-professional\/\" \/>\n<meta property=\"og:site_name\" content=\"Electrolux Professional Danmark\" \/>\n<meta property=\"article:modified_time\" content=\"2020-10-15T14:54:29+00:00\" \/>\n<meta name=\"twitter:card\" content=\"summary_large_image\" \/>\n<meta name=\"twitter:label1\" content=\"Estimeret l\u00e6setid\" \/>\n\t<meta name=\"twitter:data1\" content=\"1 minut\" \/>\n<script type=\"application\/ld+json\" class=\"yoast-schema-graph\">{\"@context\":\"https:\/\/schema.org\",\"@graph\":[{\"@type\":\"WebPage\",\"@id\":\"https:\/\/www.electroluxprofessional.com\/dk\/my-professional\/\",\"url\":\"https:\/\/www.electroluxprofessional.com\/dk\/my-professional\/\",\"name\":\"MyProfessional \u2013 dit private univers hos Electrolux Professional\",\"isPartOf\":{\"@id\":\"https:\/\/www.electroluxprofessional.com\/dk\/#website\"},\"datePublished\":\"2020-10-14T13:34:43+00:00\",\"dateModified\":\"2020-10-15T14:54:29+00:00\",\"description\":\"Find og download dokumenter til dine professionelle produkter. Registrer dit produkt s\u00e5 hj\u00e6lper du os med at give dig den bedste support. Fort\u00e6l os om dig, din virksomhed og de l\u00f8sninger, du bruger eller vil pr\u00f8ve i fremtiden, s\u00e5 finder vi en l\u00f8sning.\",\"breadcrumb\":{\"@id\":\"https:\/\/www.electroluxprofessional.com\/dk\/my-professional\/#breadcrumb\"},\"inLanguage\":\"da-DK\",\"potentialAction\":[{\"@type\":\"ReadAction\",\"target\":[\"https:\/\/www.electroluxprofessional.com\/dk\/my-professional\/\"]}]},{\"@type\":\"BreadcrumbList\",\"@id\":\"https:\/\/www.electroluxprofessional.com\/dk\/my-professional\/#breadcrumb\",\"itemListElement\":[{\"@type\":\"ListItem\",\"position\":1,\"name\":\"Home\",\"item\":\"https:\/\/www.electroluxprofessional.com\/dk\/\"},{\"@type\":\"ListItem\",\"position\":2,\"name\":\"MyProfessional\"}]},{\"@type\":\"WebSite\",\"@id\":\"https:\/\/www.electroluxprofessional.com\/dk\/#website\",\"url\":\"https:\/\/www.electroluxprofessional.com\/dk\/\",\"name\":\"Electrolux Professional Danmark\",\"description\":\"\",\"potentialAction\":[{\"@type\":\"SearchAction\",\"target\":{\"@type\":\"EntryPoint\",\"urlTemplate\":\"https:\/\/www.electroluxprofessional.com\/dk\/?src={search_term_string}\"},\"query-input\":\"required name=search_term_string\"}],\"inLanguage\":\"da-DK\"}]}<\/script>\n<!-- \/ Yoast SEO plugin. -->","yoast_head_json":{"title":"MyProfessional \u2013 dit private univers hos Electrolux Professional","description":"Find og download dokumenter til dine professionelle produkter. Registrer dit produkt s\u00e5 hj\u00e6lper du os med at give dig den bedste support. Fort\u00e6l os om dig, din virksomhed og de l\u00f8sninger, du bruger eller vil pr\u00f8ve i fremtiden, s\u00e5 finder vi en l\u00f8sning.","robots":{"index":"index","follow":"follow","max-snippet":"max-snippet:-1","max-image-preview":"max-image-preview:large","max-video-preview":"max-video-preview:-1"},"canonical":"https:\/\/www.electroluxprofessional.com\/dk\/my-professional\/","og_locale":"da_DK","og_type":"article","og_title":"MyProfessional \u2013 dit private univers hos Electrolux Professional","og_description":"Find og download dokumenter til dine professionelle produkter. Registrer dit produkt s\u00e5 hj\u00e6lper du os med at give dig den bedste support. Fort\u00e6l os om dig, din virksomhed og de l\u00f8sninger, du bruger eller vil pr\u00f8ve i fremtiden, s\u00e5 finder vi en l\u00f8sning.","og_url":"https:\/\/www.electroluxprofessional.com\/dk\/my-professional\/","og_site_name":"Electrolux Professional Danmark","article_modified_time":"2020-10-15T14:54:29+00:00","twitter_card":"summary_large_image","twitter_misc":{"Estimeret l\u00e6setid":"1 minut"},"schema":{"@context":"https:\/\/schema.org","@graph":[{"@type":"WebPage","@id":"https:\/\/www.electroluxprofessional.com\/dk\/my-professional\/","url":"https:\/\/www.electroluxprofessional.com\/dk\/my-professional\/","name":"MyProfessional \u2013 dit private univers hos Electrolux Professional","isPartOf":{"@id":"https:\/\/www.electroluxprofessional.com\/dk\/#website"},"datePublished":"2020-10-14T13:34:43+00:00","dateModified":"2020-10-15T14:54:29+00:00","description":"Find og download dokumenter til dine professionelle produkter. Registrer dit produkt s\u00e5 hj\u00e6lper du os med at give dig den bedste support. Fort\u00e6l os om dig, din virksomhed og de l\u00f8sninger, du bruger eller vil pr\u00f8ve i fremtiden, s\u00e5 finder vi en l\u00f8sning.","breadcrumb":{"@id":"https:\/\/www.electroluxprofessional.com\/dk\/my-professional\/#breadcrumb"},"inLanguage":"da-DK","potentialAction":[{"@type":"ReadAction","target":["https:\/\/www.electroluxprofessional.com\/dk\/my-professional\/"]}]},{"@type":"BreadcrumbList","@id":"https:\/\/www.electroluxprofessional.com\/dk\/my-professional\/#breadcrumb","itemListElement":[{"@type":"ListItem","position":1,"name":"Home","item":"https:\/\/www.electroluxprofessional.com\/dk\/"},{"@type":"ListItem","position":2,"name":"MyProfessional"}]},{"@type":"WebSite","@id":"https:\/\/www.electroluxprofessional.com\/dk\/#website","url":"https:\/\/www.electroluxprofessional.com\/dk\/","name":"Electrolux Professional Danmark","description":"","potentialAction":[{"@type":"SearchAction","target":{"@type":"EntryPoint","urlTemplate":"https:\/\/www.electroluxprofessional.com\/dk\/?src={search_term_string}"},"query-input":"required name=search_term_string"}],"inLanguage":"da-DK"}]}},"_links":{"self":[{"href":"https:\/\/www.electroluxprofessional.com\/dk\/wp-json\/wp\/v2\/pages\/3845"}],"collection":[{"href":"https:\/\/www.electroluxprofessional.com\/dk\/wp-json\/wp\/v2\/pages"}],"about":[{"href":"https:\/\/www.electroluxprofessional.com\/dk\/wp-json\/wp\/v2\/types\/page"}],"author":[{"embeddable":true,"href":"https:\/\/www.electroluxprofessional.com\/dk\/wp-json\/wp\/v2\/users\/3"}],"replies":[{"embeddable":true,"href":"https:\/\/www.electroluxprofessional.com\/dk\/wp-json\/wp\/v2\/comments?post=3845"}],"version-history":[{"count":18,"href":"https:\/\/www.electroluxprofessional.com\/dk\/wp-json\/wp\/v2\/pages\/3845\/revisions"}],"predecessor-version":[{"id":13645,"href":"https:\/\/www.electroluxprofessional.com\/dk\/wp-json\/wp\/v2\/pages\/3845\/revisions\/13645"}],"wp:attachment":[{"href":"https:\/\/www.electroluxprofessional.com\/dk\/wp-json\/wp\/v2\/media?parent=3845"}],"curies":[{"name":"wp","href":"https:\/\/api.w.org\/{rel}","templated":true}]}}