{"id":3838,"date":"2020-03-10T14:29:37","date_gmt":"2020-03-10T14:29:37","guid":{"rendered":"https:\/\/www.electroluxprofessional.com\/?page_id=5263"},"modified":"2025-11-05T16:56:30","modified_gmt":"2025-11-05T16:56:30","slug":"prothermetic-kipgryder-og-kipstegere","status":"publish","type":"page","link":"https:\/\/www.electroluxprofessional.com\/dk\/prothermetic-kipgryder-og-kipstegere\/","title":{"rendered":"ProThermetic kipgryder og kipstegere"},"content":{"rendered":"<p>[vc_row full_width=&#8221;electroluxpro-full-width-no-padding&#8221;][vc_column][elx_hero_slider label_text_color=&#8221;inherit&#8221; images=&#8221;2316&#8243;][elx_heading font_container=&#8221;h1&#8243; font_size=&#8221;h2&#8243; text_color=&#8221;inherit&#8221;]ProThermetic kipgryder &amp; kipstegere[\/elx_heading][\/elx_hero_slider][\/vc_column][\/vc_row][vc_row][vc_column][vc_empty_space][elx_heading font_container=&#8221;h1&#8243; font_size=&#8221;h1&#8243; text_color=&#8221;inherit&#8221; text_align=&#8221;text-left&#8221;]ProThermetic trykkipsteger:<br \/>\nDen ultimative l\u00f8sning til h\u00f8j produktivitet, effektivitet og pr\u00e6cision.[\/elx_heading][vc_empty_space][\/vc_column][\/vc_row][vc_row][vc_column width=&#8221;1\/2&#8243;][vc_empty_space][vc_column_text el_class=&#8221;p-16&#8243;]Thermaline ProThermetic serien, en\u00a0ny h\u00f8j\u00a0standard indenfor professional madlavning.\u00a0ProThermetic kipgryder og kipsteger er specielt designet til h\u00f8j produktivitet og til at klare de strenge krav som stilles til hoteller, institutioner, hospitaler, centralk\u00f8kkener.<\/p>\n<p><strong><a href=\"https:\/\/www.electroluxprofessional.com\/dk\/kipsteger\/\">Se mere om kipgryder og kipstegere<\/a><\/strong>[\/vc_column_text][vc_empty_space height=&#8221;50px&#8221;][vc_raw_html]JTNDYSUyMGNsYXNzJTNEJTIyYnV0dG9uLWdvbGQlMjIlMjBzdHlsZSUzRCUyMmNvbG9yJTNBJTIzZmZmZmZmJTNCJTIyJTIwaHJlZiUzRCUyMmh0dHBzJTNBJTJGJTJGd3d3LmVsZWN0cm9sdXhwcm9mZXNzaW9uYWwuY29tJTJGZGslMkZrb250YWt0LWtvZWtrZW4tdWRzdHlyJTJGJTIyJTNFS09OVEFLVCUyMEVMRUNUUk9MVVglMjBQUk9GRVNTSU9OQUwlMjBTVE9SSyVDMyU5OEtLRU4lM0MlMkZhJTNF[\/vc_raw_html][\/vc_column][vc_column width=&#8221;1\/2&#8243;][elx_image_block background_image=&#8221;723&#8243; minimum_height=&#8221;450px&#8221;][\/vc_column][\/vc_row][vc_row][vc_column width=&#8221;1\/4&#8243;][elx_heading font_size=&#8221;h4&#8243; text_color=&#8221;inherit&#8221;]Nem at bruge[\/elx_heading][vc_column_text el_class=&#8221;p-16&#8243;]Udstyret med en nem afl\u00e6selig touch sk\u00e6rm, som kan programmeres p\u00e5 mange sprog. Nem at bruge samt og programmere.[\/vc_column_text][\/vc_column][vc_column width=&#8221;1\/4&#8243;][elx_heading font_size=&#8221;h4&#8243; text_color=&#8221;inherit&#8221;]Hygiejnisk[\/elx_heading][vc_column_text el_class=&#8221;p-16&#8243;]Hurtig, nem at reng\u00f8re, takket v\u00e6re IPX6 vandbeskyttelsesniveau[\/vc_column_text][\/vc_column][vc_column width=&#8221;1\/4&#8243;][elx_heading font_size=&#8221;h4&#8243; text_color=&#8221;inherit&#8221;]H\u00f8j kvalitet af mad<br \/>\n[\/elx_heading][vc_column_text el_class=&#8221;p-16&#8243;]Den lave m\u00e6ngde af ilt, forhindre oxidation af n\u00e6ringsstoffer og vitaminer, hvilket resulterer i den bedste madsmag, farve og konsistens.[\/vc_column_text][\/vc_column][vc_column width=&#8221;1\/4&#8243;][elx_heading font_size=&#8221;h4&#8243; text_color=&#8221;inherit&#8221;]Energi besparende<br \/>\n[\/elx_heading][vc_column_text el_class=&#8221;p-16&#8243;]Hurtigere tilberedningstid sikrer h\u00f8jere produktivitet, mindre energi forbrug, mindre omkostninger.[\/vc_column_text][\/vc_column][\/vc_row][vc_row][vc_column][vc_empty_space height=&#8221;50px&#8221;][elx_heading text_color=&#8221;inherit&#8221;]Beregn tids- og energibesparelser ved at v\u00e6lge trykkogning sammenlignet med traditionelle metoder[\/elx_heading][elx_o2000_thermaline_braising_pans language=&#8221;dk&#8221; country=&#8221;Denmark&#8221;][vc_empty_space height=&#8221;50px&#8221;][\/vc_column][\/vc_row][vc_row disable_element=&#8221;yes&#8221;][vc_column width=&#8221;1\/3&#8243;][elx_heading text_color=&#8221;inherit&#8221;]Video opskrifter for ProThermetic[\/elx_heading][\/vc_column][vc_column width=&#8221;2\/3&#8243;][elx_video_block background_image=&#8221;2314&#8243; is_full_height=&#8221;full-height&#8221; video_link=&#8221;https:\/\/www.youtube.com\/watch?v=cSwURycS1aQ&amp;list=PLn-GI5LWCZdQ5Hva7Kd0SB5eH2WkvuBt8&#8243; minimum_height=&#8221;260px&#8221;][\/vc_column][\/vc_row][vc_row][vc_column][vc_raw_html]JTNDaHIlM0U=[\/vc_raw_html][vc_empty_space][elx_heading text_color=&#8221;inherit&#8221; text_align=&#8221;text-center&#8221;]Opdag, hvad ProThermetic kan g\u00f8re for din virksomhed[\/elx_heading][vc_empty_space][elx_o2000_contact_us s=&#8221;ProThermetic kipgryder og kipsteger&#8221; country=&#8221;Denmark&#8221; container=&#8221;elxcontactus1479220371&#8243; r=&#8221;Jeg vil gerne vide mere om ProThermetic kipgryder og kipsteger. Kontakt mig venligst.&#8221; e=&#8221;steen.rasmussen@electroluxprofessional.com&#8221; l=&#8221;dk&#8221;][vc_empty_space height=&#8221;50px&#8221;][\/vc_column][\/vc_row]<\/p>\n","protected":false},"excerpt":{"rendered":"<p>[vc_row full_width=&#8221;electroluxpro-full-width-no-padding&#8221;][vc_column][elx_hero_slider label_text_color=&#8221;inherit&#8221; images=&#8221;2316&#8243;][elx_heading font_container=&#8221;h1&#8243; font_size=&#8221;h2&#8243; text_color=&#8221;inherit&#8221;]ProThermetic kipgryder &amp; kipstegere[\/elx_heading][\/elx_hero_slider][\/vc_column][\/vc_row][vc_row][vc_column][vc_empty_space][elx_heading font_container=&#8221;h1&#8243; font_size=&#8221;h1&#8243; text_color=&#8221;inherit&#8221; text_align=&#8221;text-left&#8221;]ProThermetic trykkipsteger: Den ultimative l\u00f8sning til h\u00f8j produktivitet, effektivitet og pr\u00e6cision.[\/elx_heading][vc_empty_space][\/vc_column][\/vc_row][vc_row][vc_column width=&#8221;1\/2&#8243;][vc_empty_space][vc_column_text el_class=&#8221;p-16&#8243;]Thermaline ProThermetic serien, en\u00a0ny h\u00f8j\u00a0standard indenfor professional madlavning.\u00a0ProThermetic kipgryder og kipsteger er specielt designet til h\u00f8j produktivitet og til at klare de strenge krav som stilles til hoteller, institutioner, hospitaler, [&hellip;]<\/p>\n","protected":false},"author":3,"featured_media":2316,"parent":0,"menu_order":0,"comment_status":"closed","ping_status":"closed","template":"","meta":{"footnotes":""},"class_list":["post-3838","page","type-page","status-publish","has-post-thumbnail","hentry"],"acf":[],"yoast_head":"<!-- This site is optimized with the Yoast SEO plugin v23.3 - https:\/\/yoast.com\/wordpress\/plugins\/seo\/ -->\n<title>ProThermetic kipgryder og kipstegere til det effektive professionelle k\u00f8kken<\/title>\n<meta name=\"description\" content=\"Madlavning under tryk: ProThermetic kipgryder og kipstegere er den ultimative l\u00f8sning til h\u00f8j produktivitet, effektivitet og pr\u00e6cision.\" \/>\n<meta name=\"robots\" content=\"index, follow, max-snippet:-1, max-image-preview:large, max-video-preview:-1\" \/>\n<link rel=\"canonical\" href=\"https:\/\/www.electroluxprofessional.com\/dk\/prothermetic-kipgryder-og-kipstegere\/\" \/>\n<meta property=\"og:locale\" content=\"da_DK\" \/>\n<meta property=\"og:type\" content=\"article\" \/>\n<meta property=\"og:title\" content=\"ProThermetic kipgryder og kipstegere til det effektive professionelle k\u00f8kken\" \/>\n<meta property=\"og:description\" content=\"Madlavning under tryk: ProThermetic kipgryder og kipstegere er den ultimative l\u00f8sning til h\u00f8j produktivitet, effektivitet og pr\u00e6cision.\" \/>\n<meta property=\"og:url\" content=\"https:\/\/www.electroluxprofessional.com\/dk\/prothermetic-kipgryder-og-kipstegere\/\" \/>\n<meta property=\"og:site_name\" content=\"Electrolux Professional Danmark\" \/>\n<meta property=\"article:modified_time\" content=\"2025-11-05T16:56:30+00:00\" \/>\n<meta property=\"og:image\" content=\"https:\/\/www.electroluxprofessional.com\/dk\/wp-content\/uploads\/2016\/11\/banner-web.jpg\" \/>\n\t<meta property=\"og:image:width\" content=\"2000\" \/>\n\t<meta property=\"og:image:height\" content=\"1333\" \/>\n\t<meta property=\"og:image:type\" content=\"image\/jpeg\" \/>\n<meta name=\"twitter:card\" content=\"summary_large_image\" \/>\n<meta name=\"twitter:label1\" content=\"Estimeret l\u00e6setid\" \/>\n\t<meta name=\"twitter:data1\" content=\"2 minutter\" \/>\n<script type=\"application\/ld+json\" class=\"yoast-schema-graph\">{\"@context\":\"https:\/\/schema.org\",\"@graph\":[{\"@type\":\"WebPage\",\"@id\":\"https:\/\/www.electroluxprofessional.com\/dk\/prothermetic-kipgryder-og-kipstegere\/\",\"url\":\"https:\/\/www.electroluxprofessional.com\/dk\/prothermetic-kipgryder-og-kipstegere\/\",\"name\":\"ProThermetic kipgryder og kipstegere til det effektive professionelle k\u00f8kken\",\"isPartOf\":{\"@id\":\"https:\/\/www.electroluxprofessional.com\/dk\/#website\"},\"primaryImageOfPage\":{\"@id\":\"https:\/\/www.electroluxprofessional.com\/dk\/prothermetic-kipgryder-og-kipstegere\/#primaryimage\"},\"image\":{\"@id\":\"https:\/\/www.electroluxprofessional.com\/dk\/prothermetic-kipgryder-og-kipstegere\/#primaryimage\"},\"thumbnailUrl\":\"https:\/\/www.electroluxprofessional.com\/dk\/wp-content\/uploads\/2016\/11\/banner-web.jpg\",\"datePublished\":\"2020-03-10T14:29:37+00:00\",\"dateModified\":\"2025-11-05T16:56:30+00:00\",\"description\":\"Madlavning under tryk: ProThermetic kipgryder og kipstegere er den ultimative l\u00f8sning til h\u00f8j produktivitet, effektivitet og pr\u00e6cision.\",\"breadcrumb\":{\"@id\":\"https:\/\/www.electroluxprofessional.com\/dk\/prothermetic-kipgryder-og-kipstegere\/#breadcrumb\"},\"inLanguage\":\"da-DK\",\"potentialAction\":[{\"@type\":\"ReadAction\",\"target\":[\"https:\/\/www.electroluxprofessional.com\/dk\/prothermetic-kipgryder-og-kipstegere\/\"]}]},{\"@type\":\"ImageObject\",\"inLanguage\":\"da-DK\",\"@id\":\"https:\/\/www.electroluxprofessional.com\/dk\/prothermetic-kipgryder-og-kipstegere\/#primaryimage\",\"url\":\"https:\/\/www.electroluxprofessional.com\/dk\/wp-content\/uploads\/2016\/11\/banner-web.jpg\",\"contentUrl\":\"https:\/\/www.electroluxprofessional.com\/dk\/wp-content\/uploads\/2016\/11\/banner-web.jpg\",\"width\":2000,\"height\":1333,\"caption\":\"ProThermetic Boiling and Braising Pans\"},{\"@type\":\"BreadcrumbList\",\"@id\":\"https:\/\/www.electroluxprofessional.com\/dk\/prothermetic-kipgryder-og-kipstegere\/#breadcrumb\",\"itemListElement\":[{\"@type\":\"ListItem\",\"position\":1,\"name\":\"Home\",\"item\":\"https:\/\/www.electroluxprofessional.com\/dk\/\"},{\"@type\":\"ListItem\",\"position\":2,\"name\":\"ProThermetic kipgryder og kipstegere\"}]},{\"@type\":\"WebSite\",\"@id\":\"https:\/\/www.electroluxprofessional.com\/dk\/#website\",\"url\":\"https:\/\/www.electroluxprofessional.com\/dk\/\",\"name\":\"Electrolux Professional Danmark\",\"description\":\"\",\"potentialAction\":[{\"@type\":\"SearchAction\",\"target\":{\"@type\":\"EntryPoint\",\"urlTemplate\":\"https:\/\/www.electroluxprofessional.com\/dk\/?src={search_term_string}\"},\"query-input\":\"required name=search_term_string\"}],\"inLanguage\":\"da-DK\"}]}<\/script>\n<!-- \/ Yoast SEO plugin. -->","yoast_head_json":{"title":"ProThermetic kipgryder og kipstegere til det effektive professionelle k\u00f8kken","description":"Madlavning under tryk: ProThermetic kipgryder og kipstegere er den ultimative l\u00f8sning til h\u00f8j produktivitet, effektivitet og pr\u00e6cision.","robots":{"index":"index","follow":"follow","max-snippet":"max-snippet:-1","max-image-preview":"max-image-preview:large","max-video-preview":"max-video-preview:-1"},"canonical":"https:\/\/www.electroluxprofessional.com\/dk\/prothermetic-kipgryder-og-kipstegere\/","og_locale":"da_DK","og_type":"article","og_title":"ProThermetic kipgryder og kipstegere til det effektive professionelle k\u00f8kken","og_description":"Madlavning under tryk: ProThermetic kipgryder og kipstegere er den ultimative l\u00f8sning til h\u00f8j produktivitet, effektivitet og pr\u00e6cision.","og_url":"https:\/\/www.electroluxprofessional.com\/dk\/prothermetic-kipgryder-og-kipstegere\/","og_site_name":"Electrolux Professional Danmark","article_modified_time":"2025-11-05T16:56:30+00:00","og_image":[{"width":2000,"height":1333,"url":"https:\/\/www.electroluxprofessional.com\/dk\/wp-content\/uploads\/2016\/11\/banner-web.jpg","type":"image\/jpeg"}],"twitter_card":"summary_large_image","twitter_misc":{"Estimeret l\u00e6setid":"2 minutter"},"schema":{"@context":"https:\/\/schema.org","@graph":[{"@type":"WebPage","@id":"https:\/\/www.electroluxprofessional.com\/dk\/prothermetic-kipgryder-og-kipstegere\/","url":"https:\/\/www.electroluxprofessional.com\/dk\/prothermetic-kipgryder-og-kipstegere\/","name":"ProThermetic kipgryder og kipstegere til det effektive professionelle k\u00f8kken","isPartOf":{"@id":"https:\/\/www.electroluxprofessional.com\/dk\/#website"},"primaryImageOfPage":{"@id":"https:\/\/www.electroluxprofessional.com\/dk\/prothermetic-kipgryder-og-kipstegere\/#primaryimage"},"image":{"@id":"https:\/\/www.electroluxprofessional.com\/dk\/prothermetic-kipgryder-og-kipstegere\/#primaryimage"},"thumbnailUrl":"https:\/\/www.electroluxprofessional.com\/dk\/wp-content\/uploads\/2016\/11\/banner-web.jpg","datePublished":"2020-03-10T14:29:37+00:00","dateModified":"2025-11-05T16:56:30+00:00","description":"Madlavning under tryk: ProThermetic kipgryder og kipstegere er den ultimative l\u00f8sning til h\u00f8j produktivitet, effektivitet og pr\u00e6cision.","breadcrumb":{"@id":"https:\/\/www.electroluxprofessional.com\/dk\/prothermetic-kipgryder-og-kipstegere\/#breadcrumb"},"inLanguage":"da-DK","potentialAction":[{"@type":"ReadAction","target":["https:\/\/www.electroluxprofessional.com\/dk\/prothermetic-kipgryder-og-kipstegere\/"]}]},{"@type":"ImageObject","inLanguage":"da-DK","@id":"https:\/\/www.electroluxprofessional.com\/dk\/prothermetic-kipgryder-og-kipstegere\/#primaryimage","url":"https:\/\/www.electroluxprofessional.com\/dk\/wp-content\/uploads\/2016\/11\/banner-web.jpg","contentUrl":"https:\/\/www.electroluxprofessional.com\/dk\/wp-content\/uploads\/2016\/11\/banner-web.jpg","width":2000,"height":1333,"caption":"ProThermetic Boiling and Braising Pans"},{"@type":"BreadcrumbList","@id":"https:\/\/www.electroluxprofessional.com\/dk\/prothermetic-kipgryder-og-kipstegere\/#breadcrumb","itemListElement":[{"@type":"ListItem","position":1,"name":"Home","item":"https:\/\/www.electroluxprofessional.com\/dk\/"},{"@type":"ListItem","position":2,"name":"ProThermetic kipgryder og kipstegere"}]},{"@type":"WebSite","@id":"https:\/\/www.electroluxprofessional.com\/dk\/#website","url":"https:\/\/www.electroluxprofessional.com\/dk\/","name":"Electrolux Professional Danmark","description":"","potentialAction":[{"@type":"SearchAction","target":{"@type":"EntryPoint","urlTemplate":"https:\/\/www.electroluxprofessional.com\/dk\/?src={search_term_string}"},"query-input":"required name=search_term_string"}],"inLanguage":"da-DK"}]}},"_links":{"self":[{"href":"https:\/\/www.electroluxprofessional.com\/dk\/wp-json\/wp\/v2\/pages\/3838"}],"collection":[{"href":"https:\/\/www.electroluxprofessional.com\/dk\/wp-json\/wp\/v2\/pages"}],"about":[{"href":"https:\/\/www.electroluxprofessional.com\/dk\/wp-json\/wp\/v2\/types\/page"}],"author":[{"embeddable":true,"href":"https:\/\/www.electroluxprofessional.com\/dk\/wp-json\/wp\/v2\/users\/3"}],"replies":[{"embeddable":true,"href":"https:\/\/www.electroluxprofessional.com\/dk\/wp-json\/wp\/v2\/comments?post=3838"}],"version-history":[{"count":10,"href":"https:\/\/www.electroluxprofessional.com\/dk\/wp-json\/wp\/v2\/pages\/3838\/revisions"}],"predecessor-version":[{"id":30750,"href":"https:\/\/www.electroluxprofessional.com\/dk\/wp-json\/wp\/v2\/pages\/3838\/revisions\/30750"}],"wp:featuredmedia":[{"embeddable":true,"href":"https:\/\/www.electroluxprofessional.com\/dk\/wp-json\/wp\/v2\/media\/2316"}],"wp:attachment":[{"href":"https:\/\/www.electroluxprofessional.com\/dk\/wp-json\/wp\/v2\/media?parent=3838"}],"curies":[{"name":"wp","href":"https:\/\/api.w.org\/{rel}","templated":true}]}}