{"id":3677,"date":"2025-06-29T09:34:18","date_gmt":"2025-06-29T09:34:18","guid":{"rendered":"http:\/\/professional.electrolux.se\/?page_id=2608"},"modified":"2025-11-05T18:14:41","modified_gmt":"2025-11-05T18:14:41","slug":"professionelt-renseri","status":"publish","type":"page","link":"https:\/\/www.electroluxprofessional.com\/dk\/professionelt-renseri\/","title":{"rendered":"Lagoon Advanced Care"},"content":{"rendered":"<p>[vc_row full_width=&#8221;electroluxpro-full-width-no-padding&#8221;][vc_column reveal_effect=&#8221;&#8221;][elx_hero_slider text_color=&#8221;electrolux-blue&#8221; label_text_color=&#8221;inherit&#8221; images=&#8221;6723&#8243;][elx_heading font_size=&#8221;h2&#8243; text_color=&#8221;inherit&#8221;]Fra t\u00f8rt-til-t\u00f8rt p\u00e5 kun 55 min.[\/elx_heading][vc_column_text css=&#8221;.vc_custom_1553074000432{margin-bottom: -5px !important;padding-bottom: 0px !important;}&#8221;]Milj\u00f8venligt uden giftige kemikalier i vaskeprocessen[\/vc_column_text][\/elx_hero_slider][\/vc_column][\/vc_row][vc_row css=&#8221;.vc_custom_1629203841912{margin-top: 60px !important;}&#8221;][vc_column reveal_effect=&#8221;&#8221;][elx_heading font_container=&#8221;h1&#8243; text_color=&#8221;inherit&#8221; text_align=&#8221;text-left&#8221; css=&#8221;.vc_custom_1629203869432{margin-top: -20px !important;}&#8221;]lagoon\u00ae Advanced Care<br \/>\nHurtigt, enkelt og milj\u00f8venligt professionelt renseri[\/elx_heading][vc_empty_space height=&#8221;70px&#8221;][\/vc_column][\/vc_row][vc_row full_width=&#8221;electroluxpro-container-no-padding&#8221; equal_height=&#8221;yes&#8221;][vc_column width=&#8221;1\/2&#8243;][vc_empty_space][vc_column_text css_animation=&#8221;left-to-right&#8221; el_class=&#8221;p-16&#8243;]<\/p>\n<h4>Milj\u00f8venligt og professionelt renseri<\/h4>\n<p>Milj\u00f8venligt uden giftige kemikalier i vaskeprocessen, fordi vand er det eneste &#8220;opl\u00f8sningsmiddel&#8221;.<\/p>\n<h4>Delikat resultat p\u00e5 delikate\u00a0tekstiler<\/h4>\n<p>Enest\u00e5ende resultater p\u00e5 de mest v\u00e6rdifulde tekstiler og uld-markeret renseri symbol .<\/p>\n<h4>En rigtig &#8220;game changer&#8221;<\/h4>\n<p>Vandbaseret rensning\u00a0i en simpel operation, helt uden flaskehalse.[\/vc_column_text][\/vc_column][vc_column width=&#8221;1\/2&#8243;][elx_video_block background_image=&#8221;6724&#8243; video_link=&#8221;https:\/\/www.youtube.com\/watch?v=Bmra-TGZPng&#8221; minimum_height=&#8221;320px&#8221;][\/vc_column][\/vc_row][vc_row full_width=&#8221;electroluxpro-container-no-padding&#8221; css=&#8221;.vc_custom_1629202349281{margin-top: 60px !important;}&#8221;][vc_column reveal_effect=&#8221;&#8221; css=&#8221;.vc_custom_1629202323313{border-top-width: 1px !important;padding-top: 32px !important;border-top-color: #dadfe1 !important;border-top-style: solid !important;}&#8221;][vc_empty_space][\/vc_column][\/vc_row][vc_row full_width=&#8221;electroluxpro-container-no-padding&#8221; gap=&#8221;1&#8243; css=&#8221;.vc_custom_1529067923934{margin-top: 0px !important;margin-right: 0px !important;margin-bottom: 0px !important;margin-left: 0px !important;border-top-width: 0px !important;border-right-width: 0px !important;border-bottom-width: 0px !important;border-left-width: 0px !important;padding-top: 0px !important;padding-right: 0px !important;padding-bottom: 0px !important;padding-left: 0px !important;}&#8221;][vc_column reveal_effect=&#8221;&#8221; width=&#8221;3\/4&#8243;][vc_single_image image=&#8221;635&#8243; img_size=&#8221;full&#8221;][vc_empty_space height=&#8221;50px&#8221;][\/vc_column][vc_column reveal_effect=&#8221;&#8221; css_animation=&#8221;slideInRight&#8221; width=&#8221;1\/4&#8243; css=&#8221;.vc_custom_1553078745760{margin-right: 20px !important;}&#8221;][vc_empty_space height=&#8221;80px&#8221;][vc_row_inner css=&#8221;.vc_custom_1529070192532{margin-top: 40px !important;padding-top: 20px !important;padding-right: 10px !important;padding-bottom: 20px !important;padding-left: 20px !important;background-color: #009abf !important;}&#8221;][vc_column_inner][elx_heading font_container=&#8221;h4&#8243; font_size=&#8221;h4&#8243; text_color=&#8221;white&#8221; text_align=&#8221;text-left&#8221; css=&#8221;.vc_custom_1553074241514{padding-top: 0px !important;padding-right: 0px !important;padding-bottom: 0px !important;padding-left: 0px !important;background-color: #2acbd3 !important;}&#8221;]Alle fordele ved v\u00e5drens i<br \/>\net professionelt renseri \u2013 kombineret med hurtigheden og<br \/>\nenkelheden ved kemisk rens.[\/elx_heading][\/vc_column_inner][\/vc_row_inner][vc_empty_space height=&#8221;50px&#8221;][\/vc_column][\/vc_row][vc_row css=&#8221;.vc_custom_1629202384265{padding-top: 40px !important;padding-bottom: 32px !important;background-color: #dadfe1 !important;}&#8221;][vc_column reveal_effect=&#8221;&#8221; width=&#8221;1\/2&#8243;][elx_heading font_container=&#8221;h5&#8243; text_color=&#8221;sky-blue&#8221;]\u201cDem som t\u00e6nker p\u00e5 fremtiden v\u00e6lger lagoon\u00ae Advanced Care\u201d[\/elx_heading][vc_empty_space height=&#8221;15px&#8221;][vc_column_text css_animation=&#8221;none&#8221; el_class=&#8221;p-16&#8243;]Takket v\u00e6ret lagoon\u00ae Advanced Care kan vi virkelig vaske alt med vand. Tekstilerne kommer meget rene ud fra vaskeprocessen og det er nemt at genoprette deres form. Vi har nu besluttet at stoppe al kemisk rens. At arbejde med vand er sikrere b\u00e5de for os og for milj\u00f8et.<\/p>\n<p>Tekstilerne er ikke kun rene, de dufter ogs\u00e5 friskt og det er fantastisk at r\u00f8re ved dem. Det tager kun 1 time at f\u00e5 en perfekt bekl\u00e6dningsgenstand \u2013 en k\u00e6mpe fordel i et professionelt vaskeri. Vi kan ogs\u00e5 udf\u00f8re ekspresrens, hvis det er n\u00f8dvendigt. Vi er tilfredse og vores kunder elsker resultaterne![\/vc_column_text][vc_column_text el_class=&#8221;p-14&#8243; css=&#8221;.vc_custom_1629201776933{margin-top: 20px !important;}&#8221;]James Leat, ejer af \u2018ideelle CLEANERS\u2019[\/vc_column_text][\/vc_column][vc_column reveal_effect=&#8221;&#8221; width=&#8221;1\/2&#8243;][vc_empty_space height=&#8221;15px&#8221;][elx_video_block background_image=&#8221;712&#8243; video_link=&#8221;https:\/\/www.youtube.com\/watch?v=QdkA0xDSqqY&#8221; minimum_height=&#8221;380px&#8221;][\/vc_column][\/vc_row][vc_row css=&#8221;.vc_custom_1629204134240{margin-top: 60px !important;}&#8221;][vc_column reveal_effect=&#8221;&#8221; width=&#8221;1\/2&#8243; css=&#8221;.vc_custom_1553078708632{padding-right: 30px !important;}&#8221;][elx_heading text_color=&#8221;inherit&#8221;]Godkendt af eksperter[\/elx_heading][vc_empty_space height=&#8221;16px&#8221;][vc_column_text el_class=&#8221;p-16&#8243;]Hohenstein Institute har sammenlignet reng\u00f8ringsresultatet fra lagoon\u00ae Advanced Care med traditionel kemisk rensning p\u00e5 sarte kl\u00e6der i et laboratoriemilj\u00f8. Fors\u00f8g har vist de samme eller sammenlignelige resultater for begge teknologier, hvad ang\u00e5r stofslid, \u00e6ndret st\u00f8rrelse og farvetab.<\/p>\n<p>lagoon\u00ae er den f\u00f8rste, vandbaserede, professionelle rensmetode som er godkendt af Woolmark.[\/vc_column_text][\/vc_column][vc_column reveal_effect=&#8221;&#8221; width=&#8221;1\/2&#8243; css=&#8221;.vc_custom_1629204102265{padding-left: 30px !important;}&#8221;][vc_single_image image=&#8221;3674&#8243; img_size=&#8221;full&#8221; alignment=&#8221;center&#8221;][vc_single_image image=&#8221;3675&#8243; img_size=&#8221;full&#8221; alignment=&#8221;center&#8221;][\/vc_column][\/vc_row][vc_row][vc_column reveal_effect=&#8221;&#8221; css=&#8221;.vc_custom_1629202691152{margin-top: 40px !important;border-top-width: 1px !important;padding-top: 60px !important;border-top-color: #dadfe1 !important;border-top-style: solid !important;}&#8221;][vc_empty_space][elx_heading font_size=&#8221;h2&#8243; text_color=&#8221;inherit&#8221; text_align=&#8221;text-left&#8221;]En fleksibel l\u00f8sning, som kan tilpasses dine behov[\/elx_heading][\/vc_column][\/vc_row][vc_row gap=&#8221;35&#8243; content_placement=&#8221;top&#8221; css=&#8221;.vc_custom_1629202674868{margin-top: 20px !important;}&#8221;][vc_column reveal_effect=&#8221;&#8221; width=&#8221;1\/2&#8243;][vc_column_text el_class=&#8221;p-16-white&#8221; css=&#8221;.vc_custom_1629203692605{padding-top: 20px !important;padding-right: 32px !important;padding-bottom: 20px !important;padding-left: 32px !important;background-color: #009abf !important;}&#8221;]<\/p>\n<h5 style=\"color: #ffffff;\">GRUNDPAKKE<\/h5>\n<h6 style=\"color: #ffffff;\">70 mindre artikler pr. dag<\/h6>\n<p>Tr\u00e6d ind i v\u00e5drensnings branchen med en professionel l\u00f8sning, der er et perfekt supplement til dit eksisterende kemisk rens. Klassens bedste ydeevne og godt for milj\u00f8et &#8211; det er lagoon\u00ae Avanceret Care.<\/p>\n<p><strong>Forarbejdningskapacitet<\/strong><br \/>\n6 til 8 mindre bekl\u00e6dningsgenstand\/artikler pr vaskecyklus.[\/vc_column_text][\/vc_column][vc_column reveal_effect=&#8221;&#8221; width=&#8221;1\/2&#8243;][vc_column_text el_class=&#8221;p-16-white&#8221; css=&#8221;.vc_custom_1629203705034{padding-top: 20px !important;padding-right: 32px !important;padding-bottom: 20px !important;padding-left: 32px !important;background-color: #009abf !important;}&#8221;]<\/p>\n<h5 style=\"color: #ffffff;\">AVANCERET PAKKE<\/h5>\n<h6 style=\"color: #ffffff;\">250 mindre artikler pr. dag<\/h6>\n<p>Den ideelle l\u00f8sning til et professionelt renseri, med fuld fleksibilitet til at udvide kapaciteten. Den grundl\u00e6ggende pakke er inkluderet og giver mulighed for ogs\u00e5 at tilbyde ekspres rens. Med denne pakke, kan du f.eks. behandle selv store dyner.<\/p>\n<p><strong>Forarbejdningskapacitet<\/strong><br \/>\n6 til 8 mindre + 18 til 27 artikler pr. cyklus[\/vc_column_text][vc_empty_space height=&#8221;20px&#8221;][\/vc_column][\/vc_row][vc_row css=&#8221;.vc_custom_1629203188356{margin-top: 40px !important;}&#8221;][vc_column reveal_effect=&#8221;&#8221; width=&#8221;1\/2&#8243;][vc_empty_space height=&#8221;20px&#8221;][elx_heading font_size=&#8221;h2&#8243; text_color=&#8221;inherit&#8221; text_align=&#8221;text-left&#8221;]Forbrugsstoffer[\/elx_heading][vc_column_text css=&#8221;.vc_custom_1529071517378{margin-bottom: 0px !important;border-bottom-width: 0px !important;padding-bottom: 0px !important;}&#8221; el_class=&#8221;p-16&#8243;]lagoon\u00ae Advanced Care System: delikat behandling af sarte stoffer, milj\u00f8venlig og en game-changer for branchen. Et wetcleaning system, der er let at h\u00e5ndtere som en service, og samtidigt er det milj\u00f8venligt.[\/vc_column_text][vc_empty_space][vc_column_text css=&#8221;.vc_custom_1529071526214{margin-bottom: 0px !important;border-bottom-width: 0px !important;padding-bottom: 0px !important;}&#8221; el_class=&#8221;p-16&#8243;]<strong>Vaskemidler<br \/>\n<\/strong>Komplet udvalg af smarte reng\u00f8ringsmidler til uovertrufne resultater<\/p>\n<p><strong>Forbehandling og pletfjerning<br \/>\n<\/strong>Fuldt sortiment af reng\u00f8ringsprodukter til forbehandling og pletfjerning for et perfekt slutresultat[\/vc_column_text][vc_empty_space][elx_button button_text=&#8221;MERE INFORMATION OM TILBEH\u00d8R OG FORBRUGSSTOFFER&#8221; button_link=&#8221;url:https%3A%2F%2Fwww.electroluxprofessional.com%2Fdk%2Fvaskemidler%2F|||&#8221;][vc_empty_space][elx_button button_text=&#8221;FIND DEN INDUSTRIVASKEMASKINE ELLER SAMLEDE VASKERIL\u00d8SNING, DER PASSER TIL DIN BRANCHE&#8221; button_style=&#8221;default&#8221; button_link=&#8221;url:https%3A%2F%2Fwww.electroluxprofessional.com%2Fdk%2Fvaskeriloesninger%2F|title:Vaskeril%C3%B8sninger|target:_blank&#8221;][\/vc_column][vc_column reveal_effect=&#8221;&#8221; width=&#8221;1\/2&#8243;][vc_row_inner matched_labels=&#8221;&#8221; css=&#8221;.vc_custom_1751285748975{border-top-width: 1px !important;border-right-width: 1px !important;border-bottom-width: 1px !important;border-left-width: 1px !important;padding-top: 20px !important;padding-right: 20px !important;padding-bottom: 40px !important;padding-left: 20px !important;border-left-color: #041e41 !important;border-left-style: solid !important;border-right-color: #041e41 !important;border-right-style: solid !important;border-top-color: #041e41 !important;border-top-style: solid !important;border-bottom-color: #041e41 !important;border-bottom-style: solid !important;}&#8221;][vc_column_inner][elx_heading text_color=&#8221;inherit&#8221; text_align=&#8221;text-left&#8221; css=&#8221;.vc_custom_1751285690416{margin-left: 0px !important;}&#8221;]Kontakt vores eksperter<br \/>\n[\/elx_heading][vc_column_text el_class=&#8221;p-16&#8243;]H\u00f8r mere om, hvad Lagoon Advanced Care kan bringe til din virksomhed[\/vc_column_text][vc_empty_space height=&#8221;20px&#8221;][elx_o2000_contact_us s=&#8221;Information om lagoon\u00ae Advanced Care&#8221; country=&#8221;Denmark&#8221; b=&#8221;laundry&#8221; button_mode=&#8221;true&#8221; postion_button=&#8221;text-left&#8221; postion_button_mobile=&#8221;text-left-mobile&#8221; container=&#8221;elxcontactus1466431453&#8243; r=&#8221;Jeg vil gerne kontaktes for at h\u00f8re mere om Lagoon Advanced Care&#8221; l=&#8221;dk&#8221; e=&#8221;steen.rasmussen@electroluxprofessional.com&#8221; text_btn_contact=&#8221;kontakt eksperter&#8221;][\/vc_column_inner][\/vc_row_inner][\/vc_column][\/vc_row][vc_row][vc_column][vc_empty_space height=&#8221;60px&#8221;][\/vc_column][\/vc_row]<\/p>\n","protected":false},"excerpt":{"rendered":"<p>[vc_row full_width=&#8221;electroluxpro-full-width-no-padding&#8221;][vc_column reveal_effect=&#8221;&#8221;][elx_hero_slider text_color=&#8221;electrolux-blue&#8221; label_text_color=&#8221;inherit&#8221; images=&#8221;6723&#8243;][elx_heading font_size=&#8221;h2&#8243; text_color=&#8221;inherit&#8221;]Fra t\u00f8rt-til-t\u00f8rt p\u00e5 kun 55 min.[\/elx_heading][vc_column_text css=&#8221;.vc_custom_1553074000432{margin-bottom: -5px !important;padding-bottom: 0px !important;}&#8221;]Milj\u00f8venligt uden giftige kemikalier i vaskeprocessen[\/vc_column_text][\/elx_hero_slider][\/vc_column][\/vc_row][vc_row css=&#8221;.vc_custom_1629203841912{margin-top: 60px !important;}&#8221;][vc_column reveal_effect=&#8221;&#8221;][elx_heading font_container=&#8221;h1&#8243; text_color=&#8221;inherit&#8221; text_align=&#8221;text-left&#8221; css=&#8221;.vc_custom_1629203869432{margin-top: -20px !important;}&#8221;]lagoon\u00ae Advanced Care Hurtigt, enkelt og milj\u00f8venligt professionelt renseri[\/elx_heading][vc_empty_space height=&#8221;70px&#8221;][\/vc_column][\/vc_row][vc_row full_width=&#8221;electroluxpro-container-no-padding&#8221; equal_height=&#8221;yes&#8221;][vc_column width=&#8221;1\/2&#8243;][vc_empty_space][vc_column_text css_animation=&#8221;left-to-right&#8221; el_class=&#8221;p-16&#8243;] Milj\u00f8venligt og professionelt renseri Milj\u00f8venligt uden giftige kemikalier [&hellip;]<\/p>\n","protected":false},"author":4,"featured_media":0,"parent":0,"menu_order":0,"comment_status":"closed","ping_status":"closed","template":"","meta":{"footnotes":""},"class_list":["post-3677","page","type-page","status-publish","hentry"],"acf":[],"yoast_head":"<!-- This site is optimized with the Yoast SEO plugin v23.3 - https:\/\/yoast.com\/wordpress\/plugins\/seo\/ -->\n<title>Professionelt renseri \u2013 Lagoon Advanced Care<\/title>\n<meta name=\"description\" content=\"Milj\u00f8venligt og professionelt renseri uden giftige kemikalier i vaskeprocessen, fordi vand er det eneste &quot;opl\u00f8sningsmiddel&quot;.\" \/>\n<meta name=\"robots\" content=\"index, follow, max-snippet:-1, max-image-preview:large, max-video-preview:-1\" \/>\n<link rel=\"canonical\" href=\"https:\/\/www.electroluxprofessional.com\/dk\/professionelt-renseri\/\" \/>\n<meta property=\"og:locale\" content=\"da_DK\" \/>\n<meta property=\"og:type\" content=\"article\" \/>\n<meta property=\"og:title\" content=\"Professionelt renseri \u2013 Lagoon Advanced Care\" \/>\n<meta property=\"og:description\" content=\"Milj\u00f8venligt og professionelt renseri uden giftige kemikalier i vaskeprocessen, fordi vand er det eneste &quot;opl\u00f8sningsmiddel&quot;.\" \/>\n<meta property=\"og:url\" content=\"https:\/\/www.electroluxprofessional.com\/dk\/professionelt-renseri\/\" \/>\n<meta property=\"og:site_name\" content=\"Electrolux Professional Danmark\" \/>\n<meta property=\"article:modified_time\" content=\"2025-11-05T18:14:41+00:00\" \/>\n<meta name=\"twitter:card\" content=\"summary_large_image\" \/>\n<meta name=\"twitter:label1\" content=\"Estimeret l\u00e6setid\" \/>\n\t<meta name=\"twitter:data1\" content=\"5 minutter\" \/>\n<script type=\"application\/ld+json\" class=\"yoast-schema-graph\">{\"@context\":\"https:\/\/schema.org\",\"@graph\":[{\"@type\":\"WebPage\",\"@id\":\"https:\/\/www.electroluxprofessional.com\/dk\/professionelt-renseri\/\",\"url\":\"https:\/\/www.electroluxprofessional.com\/dk\/professionelt-renseri\/\",\"name\":\"Professionelt renseri \u2013 Lagoon Advanced Care\",\"isPartOf\":{\"@id\":\"https:\/\/www.electroluxprofessional.com\/dk\/#website\"},\"datePublished\":\"2025-06-29T09:34:18+00:00\",\"dateModified\":\"2025-11-05T18:14:41+00:00\",\"description\":\"Milj\u00f8venligt og professionelt renseri uden giftige kemikalier i vaskeprocessen, fordi vand er det eneste \\\"opl\u00f8sningsmiddel\\\".\",\"breadcrumb\":{\"@id\":\"https:\/\/www.electroluxprofessional.com\/dk\/professionelt-renseri\/#breadcrumb\"},\"inLanguage\":\"da-DK\",\"potentialAction\":[{\"@type\":\"ReadAction\",\"target\":[\"https:\/\/www.electroluxprofessional.com\/dk\/professionelt-renseri\/\"]}]},{\"@type\":\"BreadcrumbList\",\"@id\":\"https:\/\/www.electroluxprofessional.com\/dk\/professionelt-renseri\/#breadcrumb\",\"itemListElement\":[{\"@type\":\"ListItem\",\"position\":1,\"name\":\"Home\",\"item\":\"https:\/\/www.electroluxprofessional.com\/dk\/\"},{\"@type\":\"ListItem\",\"position\":2,\"name\":\"Lagoon Advanced Care\"}]},{\"@type\":\"WebSite\",\"@id\":\"https:\/\/www.electroluxprofessional.com\/dk\/#website\",\"url\":\"https:\/\/www.electroluxprofessional.com\/dk\/\",\"name\":\"Electrolux Professional Danmark\",\"description\":\"\",\"potentialAction\":[{\"@type\":\"SearchAction\",\"target\":{\"@type\":\"EntryPoint\",\"urlTemplate\":\"https:\/\/www.electroluxprofessional.com\/dk\/?src={search_term_string}\"},\"query-input\":\"required name=search_term_string\"}],\"inLanguage\":\"da-DK\"}]}<\/script>\n<!-- \/ Yoast SEO plugin. -->","yoast_head_json":{"title":"Professionelt renseri \u2013 Lagoon Advanced Care","description":"Milj\u00f8venligt og professionelt renseri uden giftige kemikalier i vaskeprocessen, fordi vand er det eneste \"opl\u00f8sningsmiddel\".","robots":{"index":"index","follow":"follow","max-snippet":"max-snippet:-1","max-image-preview":"max-image-preview:large","max-video-preview":"max-video-preview:-1"},"canonical":"https:\/\/www.electroluxprofessional.com\/dk\/professionelt-renseri\/","og_locale":"da_DK","og_type":"article","og_title":"Professionelt renseri \u2013 Lagoon Advanced Care","og_description":"Milj\u00f8venligt og professionelt renseri uden giftige kemikalier i vaskeprocessen, fordi vand er det eneste \"opl\u00f8sningsmiddel\".","og_url":"https:\/\/www.electroluxprofessional.com\/dk\/professionelt-renseri\/","og_site_name":"Electrolux Professional Danmark","article_modified_time":"2025-11-05T18:14:41+00:00","twitter_card":"summary_large_image","twitter_misc":{"Estimeret l\u00e6setid":"5 minutter"},"schema":{"@context":"https:\/\/schema.org","@graph":[{"@type":"WebPage","@id":"https:\/\/www.electroluxprofessional.com\/dk\/professionelt-renseri\/","url":"https:\/\/www.electroluxprofessional.com\/dk\/professionelt-renseri\/","name":"Professionelt renseri \u2013 Lagoon Advanced Care","isPartOf":{"@id":"https:\/\/www.electroluxprofessional.com\/dk\/#website"},"datePublished":"2025-06-29T09:34:18+00:00","dateModified":"2025-11-05T18:14:41+00:00","description":"Milj\u00f8venligt og professionelt renseri uden giftige kemikalier i vaskeprocessen, fordi vand er det eneste \"opl\u00f8sningsmiddel\".","breadcrumb":{"@id":"https:\/\/www.electroluxprofessional.com\/dk\/professionelt-renseri\/#breadcrumb"},"inLanguage":"da-DK","potentialAction":[{"@type":"ReadAction","target":["https:\/\/www.electroluxprofessional.com\/dk\/professionelt-renseri\/"]}]},{"@type":"BreadcrumbList","@id":"https:\/\/www.electroluxprofessional.com\/dk\/professionelt-renseri\/#breadcrumb","itemListElement":[{"@type":"ListItem","position":1,"name":"Home","item":"https:\/\/www.electroluxprofessional.com\/dk\/"},{"@type":"ListItem","position":2,"name":"Lagoon Advanced Care"}]},{"@type":"WebSite","@id":"https:\/\/www.electroluxprofessional.com\/dk\/#website","url":"https:\/\/www.electroluxprofessional.com\/dk\/","name":"Electrolux Professional Danmark","description":"","potentialAction":[{"@type":"SearchAction","target":{"@type":"EntryPoint","urlTemplate":"https:\/\/www.electroluxprofessional.com\/dk\/?src={search_term_string}"},"query-input":"required name=search_term_string"}],"inLanguage":"da-DK"}]}},"_links":{"self":[{"href":"https:\/\/www.electroluxprofessional.com\/dk\/wp-json\/wp\/v2\/pages\/3677"}],"collection":[{"href":"https:\/\/www.electroluxprofessional.com\/dk\/wp-json\/wp\/v2\/pages"}],"about":[{"href":"https:\/\/www.electroluxprofessional.com\/dk\/wp-json\/wp\/v2\/types\/page"}],"author":[{"embeddable":true,"href":"https:\/\/www.electroluxprofessional.com\/dk\/wp-json\/wp\/v2\/users\/4"}],"replies":[{"embeddable":true,"href":"https:\/\/www.electroluxprofessional.com\/dk\/wp-json\/wp\/v2\/comments?post=3677"}],"version-history":[{"count":26,"href":"https:\/\/www.electroluxprofessional.com\/dk\/wp-json\/wp\/v2\/pages\/3677\/revisions"}],"predecessor-version":[{"id":30793,"href":"https:\/\/www.electroluxprofessional.com\/dk\/wp-json\/wp\/v2\/pages\/3677\/revisions\/30793"}],"wp:attachment":[{"href":"https:\/\/www.electroluxprofessional.com\/dk\/wp-json\/wp\/v2\/media?parent=3677"}],"curies":[{"name":"wp","href":"https:\/\/api.w.org\/{rel}","templated":true}]}}