{"id":3505,"date":"2022-03-01T04:39:36","date_gmt":"2022-03-01T04:39:36","guid":{"rendered":"https:\/\/www.electroluxprofessional.com\/?page_id=5866"},"modified":"2025-11-05T17:56:24","modified_gmt":"2025-11-05T17:56:24","slug":"professionel-kartoffelskraeller","status":"publish","type":"page","link":"https:\/\/www.electroluxprofessional.com\/dk\/professionel-kartoffelskraeller\/","title":{"rendered":"Tiberedning: Skr\u00e6l, vask og t\u00f8r"},"content":{"rendered":"<p>[vc_row full_width=&#8221;electroluxpro-full-width-no-padding&#8221;][vc_column][elx_image_block background_image=&#8221;2381&#8243; minimum_height=&#8221;400px&#8221;][\/vc_column][\/vc_row][vc_row][vc_column][vc_empty_space][elx_heading font_container=&#8221;h1&#8243; font_size=&#8221;h1&#8243; text_color=&#8221;inherit&#8221; text_align=&#8221;text-left&#8221;]Skr\u00e6l, vask og t\u00f8r med professionel<br \/>\nkartoffelskr\u00e6ller, gr\u00f8ntsagsvasker og salatslynge[\/elx_heading][vc_empty_space height=&#8221;15px&#8221;][\/vc_column][\/vc_row][vc_row][vc_column][vc_empty_space][\/vc_column][\/vc_row][vc_row][vc_column width=&#8221;5\/12&#8243;][vc_single_image image=&#8221;2382&#8243; img_size=&#8221;305&#215;514&#8243; alignment=&#8221;center&#8221;][\/vc_column][vc_column width=&#8221;7\/12&#8243;][elx_heading text_color=&#8221;electrolux-blue&#8221; text_align=&#8221;text-left&#8221;]Kartoffelskr\u00e6ller[\/elx_heading][vc_empty_space height=&#8221;22px&#8221;][vc_column_text el_class=&#8221;p-16&#8243;]Professionel kartoffelskr\u00e6ller kan b\u00e5de skr\u00e6lle kartofler og\u00a0h\u00e5rde eller bl\u00f8de gr\u00f8ntsager, rense muslingeskaller og b\u00f8rste gr\u00f8ntsager uden at skr\u00e6lle eller t\u00f8rre dem.<\/p>\n<p>En slibeplade leveres som standard og sikrer et resultat af h\u00f8j kvalitet. For at kunne opfylde sm\u00e5 og mellemstore restauranters behov f\u00e5s\u00a0vores kartoffelskr\u00e6ller\u00a0i forskellige st\u00f8rrelser. Maksimal ydelse fra 80 kg\/t til 500 kg\/t for skr\u00e6llede gr\u00f8ntsager.<\/p>\n<p>Det vandt\u00e6tte ber\u00f8ringspanel\u00a0er enkelt og nemt at bruge, med nulstillingsknap og programm\u00e9rbar timer.<\/p>\n<p>&nbsp;<\/p>\n<h6><a href=\"https:\/\/www.electroluxprofessional.com\/dk\/professionel-kartoffelskraeller\/#produkter\">SE ALLE PRODUKTER \u203a<\/a><\/h6>\n<p>[\/vc_column_text][vc_row_inner][vc_column_inner offset=&#8221;vc_hidden-lg vc_hidden-md vc_hidden-sm&#8221;][vc_empty_space][\/vc_column_inner][\/vc_row_inner][\/vc_column][\/vc_row][vc_row css=&#8221;.vc_custom_1646135608734{padding-top: 40px !important;padding-bottom: 40px !important;background-color: #cea941 !important;}&#8221;][vc_column width=&#8221;1\/2&#8243;][elx_video_block background_image=&#8221;15743&#8243; video_link=&#8221;https:\/\/www.youtube.com\/watch?v=od6ljHaJmLA&#8221; minimum_height=&#8221;260px&#8221;][\/vc_column][vc_column width=&#8221;1\/2&#8243;][vc_empty_space][vc_column_text el_class=&#8221;p-16-white&#8221;]Professionel kartoffelskr\u00e6ller kan b\u00e5de skr\u00e6lle kartofler og\u00a0h\u00e5rde eller bl\u00f8de gr\u00f8ntsager, rense muslingeskaller og b\u00f8rste gr\u00f8ntsager uden at skr\u00e6lle eller t\u00f8rre dem.<\/p>\n<h6><a style=\"color: #041e41; text-decoration: underline;\" href=\"https:\/\/youtu.be\/od6ljHaJmLA\">SE VIDEO<\/a><\/h6>\n<p>[\/vc_column_text][\/vc_column][\/vc_row][vc_row css=&#8221;.vc_custom_1582634651588{margin-top: 12px !important;}&#8221;][vc_column width=&#8221;7\/12&#8243;][vc_row_inner][vc_column_inner offset=&#8221;vc_hidden-xs&#8221;][vc_empty_space height=&#8221;64px&#8221;][\/vc_column_inner][\/vc_row_inner][elx_heading font_size=&#8221;h2&#8243; text_color=&#8221;electrolux-blue&#8221; text_align=&#8221;text-left&#8221;]Gr\u00f8ntsagsvasker og salatslynger[\/elx_heading][vc_empty_space][vc_column_text el_class=&#8221;p-16&#8243;]Electrolux tilbyder et bredt og driftssikkert udvalg af gr\u00f8ntsagsvaskere, salatslynger og kombinerede maskiner til alle k\u00f8kkenst\u00f8rrelser, der \u00f8nsker en 2 i 1-l\u00f8sning. De er uundv\u00e6rlige i sm\u00e5, mellemstore og store k\u00f8kkener.<\/p>\n<p>V\u00e6lg det, der passer bedst til dit professionelle k\u00f8kkenmilj\u00f8, n\u00e5r det g\u00e6lder vask og t\u00f8rring af salat, spinat, porrer, persille, k\u00e5l, broccoli\u00a0og artiskokker p\u00e5 rekordtid, s\u00e5 bevarer du den bedst mulige smag og konsistens, indtil maden serveres.<\/p>\n<p>Alle vore produkter er designet til at sikre effektiv og sikker behandling af alle slags gr\u00f8ntsager, optimal hygiejne og nem reng\u00f8ring<\/p>\n<div><\/div>\n<p>[\/vc_column_text][\/vc_column][vc_column width=&#8221;5\/12&#8243;][vc_single_image image=&#8221;29031&#8243; img_size=&#8221;full&#8221;][\/vc_column][\/vc_row][vc_row][vc_column][vc_empty_space][\/vc_column][\/vc_row][vc_row disable_element=&#8221;yes&#8221;][vc_column width=&#8221;1\/3&#8243;][elx_download_block text=&#8221;Produkt katalog<br \/>\nTilberedningsmaskiner&#8221; link=&#8221;files.professional.electrolux.com\/docs\/?n=BR-9JEEL&amp;b=5&amp;l=1&#8243; background_color=&#8221;cat-cool&#8221; reveal_effect=&#8221;fadeIn&#8221; reveal_duration=&#8221;&#8221; reveal_delay=&#8221;&#8221;][\/vc_column][vc_column width=&#8221;1\/3&#8243;][elx_download_block text=&#8221;Oplev vores l\u00f8sninger vedr. sk\u00e6re, blande og snitte&#8221; link_target=&#8221;self&#8221; link=&#8221;https:\/\/www.electroluxprofessional.com\/dk\/commercial-kitchen-equipment\/cut-mix-slice\/&#8221; background_color=&#8221;cat-cool&#8221; reveal_effect=&#8221;&#8221; reveal_duration=&#8221;&#8221; reveal_delay=&#8221;&#8221;][\/vc_column][vc_column width=&#8221;1\/3&#8243;][elx_download_block text=&#8221;Oplev vores dejr\u00f8remaskiner og pizzapresser&#8221; link_target=&#8221;self&#8221; link=&#8221;https:\/\/www.electroluxprofessional.com\/dk\/commercial-kitchen-equipment\/knead-whip-sheet\/&#8221; background_color=&#8221;cat-cool&#8221; reveal_effect=&#8221;&#8221; reveal_duration=&#8221;&#8221; reveal_delay=&#8221;&#8221;][\/vc_column][\/vc_row][vc_row css=&#8221;.vc_custom_1582640687248{margin-top: 32px !important;}&#8221;][vc_column width=&#8221;2\/3&#8243;][vc_row_inner][vc_column_inner][elx_heading font_container=&#8221;h3&#8243; font_size=&#8221;h3&#8243; text_color=&#8221;inherit&#8221; text_align=&#8221;text-left&#8221; css=&#8221;.vc_custom_1582635294475{margin-bottom: 40px !important;}&#8221;]F\u00e5 inspiration til din k\u00f8kkenl\u00f8sning[\/elx_heading][\/vc_column_inner][\/vc_row_inner][vc_empty_space height=&#8221;22px&#8221;][vc_row_inner][vc_column_inner offset=&#8221;vc_hidden-xs&#8221;][vc_empty_space height=&#8221;30px&#8221;][\/vc_column_inner][\/vc_row_inner][vc_row_inner][vc_column_inner width=&#8221;1\/2&#8243;][elx_video_block background_image=&#8221;8799&#8243; video_link=&#8221;https:\/\/www.youtube.com\/watch?time_continue=134&amp;v=V2p676XTGEk&#8221; minimum_height=&#8221;200px&#8221;][vc_empty_space height=&#8221;22px&#8221;][elx_heading font_container=&#8221;h4&#8243; text_color=&#8221;inherit&#8221; css=&#8221;.vc_custom_1582635359822{padding-top: 12px !important;padding-bottom: 0px !important;}&#8221;]Genial elektrisk grill[\/elx_heading][vc_column_text el_class=&#8221;p-16&#8243; css=&#8221;.vc_custom_1582635347217{margin-top: 0px !important;}&#8221;]F\u00e5 k\u00f8d og gr\u00f8ntsager til at smage grillkul-stegt.<br \/>\n<a href=\"https:\/\/www.electroluxprofessional.com\/dk\/electrolux-electric-powergrill-hp\/\">Se hvordan Electric PowerGrill HP fungerer<\/a>[\/vc_column_text][vc_empty_space][\/vc_column_inner][vc_column_inner width=&#8221;1\/2&#8243;][vc_single_image image=&#8221;9099&#8243; img_size=&#8221;360&#215;210&#8243; alignment=&#8221;center&#8221; css=&#8221;.vc_custom_1582635665958{margin-bottom: 32px !important;}&#8221;][elx_heading font_container=&#8221;h4&#8243; text_color=&#8221;inherit&#8221;]Vakuumpakker til sous-vide[\/elx_heading][vc_column_text el_class=&#8221;p-16&#8243;]Undg\u00e5 fugt og luft, som har skadelig effekt p\u00e5 madens holdbarhed.<br \/>\n<a href=\"https:\/\/www.electroluxprofessional.com\/dk\/cook-chill-tilbehoer\/#sousvide\">F\u00e5 inspiration her<\/a>[\/vc_column_text][vc_empty_space][\/vc_column_inner][\/vc_row_inner][vc_row_inner][vc_column_inner offset=&#8221;vc_hidden-xs&#8221;][vc_empty_space height=&#8221;52px&#8221;][\/vc_column_inner][\/vc_row_inner][vc_row_inner][vc_column_inner width=&#8221;1\/2&#8243;][vc_single_image image=&#8221;19505&#8243; img_size=&#8221;360&#215;210&#8243; alignment=&#8221;center&#8221; css=&#8221;.vc_custom_1616590559559{margin-bottom: 32px !important;}&#8221;][elx_heading font_container=&#8221;h4&#8243; text_color=&#8221;inherit&#8221; css=&#8221;.vc_custom_1582635753341{padding-top: 12px !important;padding-bottom: 0px !important;}&#8221;]En ren forn\u00f8jelse[\/elx_heading][vc_column_text el_class=&#8221;p-16&#8243; css=&#8221;.vc_custom_1582635734731{margin-top: 0px !important;}&#8221;]Med Electrolux\u2019 professionelle opvaskemaskiner er det en ren forn\u00f8jelse af klare opvasken.<br \/>\n<a href=\"https:\/\/www.electroluxprofessional.com\/dk\/industriopvaskemaskine\/\">V\u00e6lg mellem fem typer opvaskemaskiner<\/a>[\/vc_column_text][vc_empty_space][\/vc_column_inner][vc_column_inner width=&#8221;1\/2&#8243;][vc_single_image image=&#8221;8654&#8243; img_size=&#8221;360&#215;210&#8243; alignment=&#8221;center&#8221; css=&#8221;.vc_custom_1582636057760{margin-bottom: 32px !important;}&#8221;][elx_heading font_container=&#8221;h4&#8243; text_color=&#8221;inherit&#8221;]Har du sp\u00f8rgsm\u00e5l til Electrolux Professional?[\/elx_heading][vc_column_text el_class=&#8221;p-16&#8243;]Vil du h\u00f8re, hvordan vi kan hj\u00e6lpe med at indrette dit k\u00f8kken<br \/>\n<a href=\"https:\/\/www.electroluxprofessional.com\/dk\/kontakt-koekken\">Kontakt os <\/a>[\/vc_column_text][vc_empty_space][\/vc_column_inner][\/vc_row_inner][\/vc_column][vc_column width=&#8221;1\/3&#8243;][vc_row_inner css=&#8221;.vc_custom_1582032136166{border-top-width: 1px !important;border-right-width: 1px !important;border-bottom-width: 1px !important;border-left-width: 1px !important;padding-top: 10px !important;padding-right: 10px !important;padding-bottom: 15px !important;padding-left: 10px !important;border-left-color: #dadfe1 !important;border-left-style: solid !important;border-right-color: #dadfe1 !important;border-right-style: solid !important;border-top-color: #dadfe1 !important;border-top-style: solid !important;border-bottom-color: #dadfe1 !important;border-bottom-style: solid !important;}&#8221;][vc_column_inner][vc_column_text css=&#8221;.vc_custom_1582636332800{margin-bottom: 22px !important;}&#8221;]<\/p>\n<h6 style=\"line-height: 1.2em;\">F\u00e5 mere at vide om professionel kartoffelskr\u00e6ller<\/h6>\n<p>[\/vc_column_text][elx_o2000_contact_us s=&#8221;Foresp\u00f8rgsel om kartoffelskr\u00e6ller, gr\u00f8ntsagsvasker, salatslynger&#8221; country=&#8221;Denmark&#8221; container=&#8221;elxcontactus1480070717&#8243; r=&#8221;Jeg vil gerne vide mere om kartoffelskr\u00e6ller, gr\u00f8ntsagsvasker, salatslynger samt tilbeh\u00f8r. Kontakt mig venligst.&#8221; l=&#8221;dk&#8221; e=&#8221;steen.rasmussen@electroluxprofessional.com&#8221;][\/vc_column_inner][\/vc_row_inner][\/vc_column][\/vc_row][vc_row css=&#8221;.vc_custom_1582636902569{margin-top: 32px !important;}&#8221; el_id=&#8221;produkter&#8221;][vc_column][elx_heading text_color=&#8221;inherit&#8221; text_align=&#8221;text-center&#8221;]Find en professionel kartoffelskr\u00e6ller, gr\u00f8ntsagsvasker eller salatslynge[\/elx_heading][\/vc_column][\/vc_row]<\/p>\n","protected":false},"excerpt":{"rendered":"<p>[vc_row full_width=&#8221;electroluxpro-full-width-no-padding&#8221;][vc_column][elx_image_block background_image=&#8221;2381&#8243; minimum_height=&#8221;400px&#8221;][\/vc_column][\/vc_row][vc_row][vc_column][vc_empty_space][elx_heading font_container=&#8221;h1&#8243; font_size=&#8221;h1&#8243; text_color=&#8221;inherit&#8221; text_align=&#8221;text-left&#8221;]Skr\u00e6l, vask og t\u00f8r med professionel kartoffelskr\u00e6ller, gr\u00f8ntsagsvasker og salatslynge[\/elx_heading][vc_empty_space height=&#8221;15px&#8221;][\/vc_column][\/vc_row][vc_row][vc_column][vc_empty_space][\/vc_column][\/vc_row][vc_row][vc_column width=&#8221;5\/12&#8243;][vc_single_image image=&#8221;2382&#8243; img_size=&#8221;305&#215;514&#8243; alignment=&#8221;center&#8221;][\/vc_column][vc_column width=&#8221;7\/12&#8243;][elx_heading text_color=&#8221;electrolux-blue&#8221; text_align=&#8221;text-left&#8221;]Kartoffelskr\u00e6ller[\/elx_heading][vc_empty_space height=&#8221;22px&#8221;][vc_column_text el_class=&#8221;p-16&#8243;]Professionel kartoffelskr\u00e6ller kan b\u00e5de skr\u00e6lle kartofler og\u00a0h\u00e5rde eller bl\u00f8de gr\u00f8ntsager, rense muslingeskaller og b\u00f8rste gr\u00f8ntsager uden at skr\u00e6lle eller t\u00f8rre dem. En slibeplade leveres som standard og sikrer et [&hellip;]<\/p>\n","protected":false},"author":3,"featured_media":2373,"parent":0,"menu_order":0,"comment_status":"closed","ping_status":"closed","template":"","meta":{"footnotes":""},"class_list":["post-3505","page","type-page","status-publish","has-post-thumbnail","hentry"],"acf":[],"yoast_head":"<!-- This site is optimized with the Yoast SEO plugin v23.3 - https:\/\/yoast.com\/wordpress\/plugins\/seo\/ -->\n<title>Professionel kartoffelskr\u00e6ller \u2013 gr\u00f8ntsagsvasker \u2013 salatslynge<\/title>\n<meta name=\"description\" content=\"Skr\u00e6lle, vaske, slynge. En professionel kartoffelskr\u00e6ller og andre professionelle k\u00f8kkenmaskiner fra Electrolux Professional er uundv\u00e6rlige i det profesionelle k\u00f8kken. Vi har h\u00f8jkvalitetsprodukter til et hvert behov.\" \/>\n<meta name=\"robots\" content=\"index, follow, max-snippet:-1, max-image-preview:large, max-video-preview:-1\" \/>\n<link rel=\"canonical\" href=\"https:\/\/www.electroluxprofessional.com\/dk\/professionel-kartoffelskraeller\/\" \/>\n<meta property=\"og:locale\" content=\"da_DK\" \/>\n<meta property=\"og:type\" content=\"article\" \/>\n<meta property=\"og:title\" content=\"Professionel kartoffelskr\u00e6ller \u2013 gr\u00f8ntsagsvasker \u2013 salatslynge\" \/>\n<meta property=\"og:description\" content=\"Skr\u00e6lle, vaske, slynge. En professionel kartoffelskr\u00e6ller og andre professionelle k\u00f8kkenmaskiner fra Electrolux Professional er uundv\u00e6rlige i det profesionelle k\u00f8kken. Vi har h\u00f8jkvalitetsprodukter til et hvert behov.\" \/>\n<meta property=\"og:url\" content=\"https:\/\/www.electroluxprofessional.com\/dk\/professionel-kartoffelskraeller\/\" \/>\n<meta property=\"og:site_name\" content=\"Electrolux Professional Danmark\" \/>\n<meta property=\"article:modified_time\" content=\"2025-11-05T17:56:24+00:00\" \/>\n<meta property=\"og:image\" content=\"https:\/\/www.electroluxprofessional.com\/dk\/wp-content\/uploads\/2016\/12\/peel.jpg\" \/>\n\t<meta property=\"og:image:width\" content=\"700\" \/>\n\t<meta property=\"og:image:height\" content=\"700\" \/>\n\t<meta property=\"og:image:type\" content=\"image\/jpeg\" \/>\n<meta name=\"twitter:card\" content=\"summary_large_image\" \/>\n<meta name=\"twitter:label1\" content=\"Estimeret l\u00e6setid\" \/>\n\t<meta name=\"twitter:data1\" content=\"3 minutter\" \/>\n<script type=\"application\/ld+json\" class=\"yoast-schema-graph\">{\"@context\":\"https:\/\/schema.org\",\"@graph\":[{\"@type\":\"WebPage\",\"@id\":\"https:\/\/www.electroluxprofessional.com\/dk\/professionel-kartoffelskraeller\/\",\"url\":\"https:\/\/www.electroluxprofessional.com\/dk\/professionel-kartoffelskraeller\/\",\"name\":\"Professionel kartoffelskr\u00e6ller \u2013 gr\u00f8ntsagsvasker \u2013 salatslynge\",\"isPartOf\":{\"@id\":\"https:\/\/www.electroluxprofessional.com\/dk\/#website\"},\"primaryImageOfPage\":{\"@id\":\"https:\/\/www.electroluxprofessional.com\/dk\/professionel-kartoffelskraeller\/#primaryimage\"},\"image\":{\"@id\":\"https:\/\/www.electroluxprofessional.com\/dk\/professionel-kartoffelskraeller\/#primaryimage\"},\"thumbnailUrl\":\"https:\/\/www.electroluxprofessional.com\/dk\/wp-content\/uploads\/2016\/12\/peel.jpg\",\"datePublished\":\"2022-03-01T04:39:36+00:00\",\"dateModified\":\"2025-11-05T17:56:24+00:00\",\"description\":\"Skr\u00e6lle, vaske, slynge. En professionel kartoffelskr\u00e6ller og andre professionelle k\u00f8kkenmaskiner fra Electrolux Professional er uundv\u00e6rlige i det profesionelle k\u00f8kken. Vi har h\u00f8jkvalitetsprodukter til et hvert behov.\",\"breadcrumb\":{\"@id\":\"https:\/\/www.electroluxprofessional.com\/dk\/professionel-kartoffelskraeller\/#breadcrumb\"},\"inLanguage\":\"da-DK\",\"potentialAction\":[{\"@type\":\"ReadAction\",\"target\":[\"https:\/\/www.electroluxprofessional.com\/dk\/professionel-kartoffelskraeller\/\"]}]},{\"@type\":\"ImageObject\",\"inLanguage\":\"da-DK\",\"@id\":\"https:\/\/www.electroluxprofessional.com\/dk\/professionel-kartoffelskraeller\/#primaryimage\",\"url\":\"https:\/\/www.electroluxprofessional.com\/dk\/wp-content\/uploads\/2016\/12\/peel.jpg\",\"contentUrl\":\"https:\/\/www.electroluxprofessional.com\/dk\/wp-content\/uploads\/2016\/12\/peel.jpg\",\"width\":700,\"height\":700,\"caption\":\"peel, wash and dry\"},{\"@type\":\"BreadcrumbList\",\"@id\":\"https:\/\/www.electroluxprofessional.com\/dk\/professionel-kartoffelskraeller\/#breadcrumb\",\"itemListElement\":[{\"@type\":\"ListItem\",\"position\":1,\"name\":\"Home\",\"item\":\"https:\/\/www.electroluxprofessional.com\/dk\/\"},{\"@type\":\"ListItem\",\"position\":2,\"name\":\"Tiberedning: Skr\u00e6l, vask og t\u00f8r\"}]},{\"@type\":\"WebSite\",\"@id\":\"https:\/\/www.electroluxprofessional.com\/dk\/#website\",\"url\":\"https:\/\/www.electroluxprofessional.com\/dk\/\",\"name\":\"Electrolux Professional Danmark\",\"description\":\"\",\"potentialAction\":[{\"@type\":\"SearchAction\",\"target\":{\"@type\":\"EntryPoint\",\"urlTemplate\":\"https:\/\/www.electroluxprofessional.com\/dk\/?src={search_term_string}\"},\"query-input\":\"required name=search_term_string\"}],\"inLanguage\":\"da-DK\"}]}<\/script>\n<!-- \/ Yoast SEO plugin. -->","yoast_head_json":{"title":"Professionel kartoffelskr\u00e6ller \u2013 gr\u00f8ntsagsvasker \u2013 salatslynge","description":"Skr\u00e6lle, vaske, slynge. En professionel kartoffelskr\u00e6ller og andre professionelle k\u00f8kkenmaskiner fra Electrolux Professional er uundv\u00e6rlige i det profesionelle k\u00f8kken. Vi har h\u00f8jkvalitetsprodukter til et hvert behov.","robots":{"index":"index","follow":"follow","max-snippet":"max-snippet:-1","max-image-preview":"max-image-preview:large","max-video-preview":"max-video-preview:-1"},"canonical":"https:\/\/www.electroluxprofessional.com\/dk\/professionel-kartoffelskraeller\/","og_locale":"da_DK","og_type":"article","og_title":"Professionel kartoffelskr\u00e6ller \u2013 gr\u00f8ntsagsvasker \u2013 salatslynge","og_description":"Skr\u00e6lle, vaske, slynge. En professionel kartoffelskr\u00e6ller og andre professionelle k\u00f8kkenmaskiner fra Electrolux Professional er uundv\u00e6rlige i det profesionelle k\u00f8kken. Vi har h\u00f8jkvalitetsprodukter til et hvert behov.","og_url":"https:\/\/www.electroluxprofessional.com\/dk\/professionel-kartoffelskraeller\/","og_site_name":"Electrolux Professional Danmark","article_modified_time":"2025-11-05T17:56:24+00:00","og_image":[{"width":700,"height":700,"url":"https:\/\/www.electroluxprofessional.com\/dk\/wp-content\/uploads\/2016\/12\/peel.jpg","type":"image\/jpeg"}],"twitter_card":"summary_large_image","twitter_misc":{"Estimeret l\u00e6setid":"3 minutter"},"schema":{"@context":"https:\/\/schema.org","@graph":[{"@type":"WebPage","@id":"https:\/\/www.electroluxprofessional.com\/dk\/professionel-kartoffelskraeller\/","url":"https:\/\/www.electroluxprofessional.com\/dk\/professionel-kartoffelskraeller\/","name":"Professionel kartoffelskr\u00e6ller \u2013 gr\u00f8ntsagsvasker \u2013 salatslynge","isPartOf":{"@id":"https:\/\/www.electroluxprofessional.com\/dk\/#website"},"primaryImageOfPage":{"@id":"https:\/\/www.electroluxprofessional.com\/dk\/professionel-kartoffelskraeller\/#primaryimage"},"image":{"@id":"https:\/\/www.electroluxprofessional.com\/dk\/professionel-kartoffelskraeller\/#primaryimage"},"thumbnailUrl":"https:\/\/www.electroluxprofessional.com\/dk\/wp-content\/uploads\/2016\/12\/peel.jpg","datePublished":"2022-03-01T04:39:36+00:00","dateModified":"2025-11-05T17:56:24+00:00","description":"Skr\u00e6lle, vaske, slynge. En professionel kartoffelskr\u00e6ller og andre professionelle k\u00f8kkenmaskiner fra Electrolux Professional er uundv\u00e6rlige i det profesionelle k\u00f8kken. Vi har h\u00f8jkvalitetsprodukter til et hvert behov.","breadcrumb":{"@id":"https:\/\/www.electroluxprofessional.com\/dk\/professionel-kartoffelskraeller\/#breadcrumb"},"inLanguage":"da-DK","potentialAction":[{"@type":"ReadAction","target":["https:\/\/www.electroluxprofessional.com\/dk\/professionel-kartoffelskraeller\/"]}]},{"@type":"ImageObject","inLanguage":"da-DK","@id":"https:\/\/www.electroluxprofessional.com\/dk\/professionel-kartoffelskraeller\/#primaryimage","url":"https:\/\/www.electroluxprofessional.com\/dk\/wp-content\/uploads\/2016\/12\/peel.jpg","contentUrl":"https:\/\/www.electroluxprofessional.com\/dk\/wp-content\/uploads\/2016\/12\/peel.jpg","width":700,"height":700,"caption":"peel, wash and dry"},{"@type":"BreadcrumbList","@id":"https:\/\/www.electroluxprofessional.com\/dk\/professionel-kartoffelskraeller\/#breadcrumb","itemListElement":[{"@type":"ListItem","position":1,"name":"Home","item":"https:\/\/www.electroluxprofessional.com\/dk\/"},{"@type":"ListItem","position":2,"name":"Tiberedning: Skr\u00e6l, vask og t\u00f8r"}]},{"@type":"WebSite","@id":"https:\/\/www.electroluxprofessional.com\/dk\/#website","url":"https:\/\/www.electroluxprofessional.com\/dk\/","name":"Electrolux Professional Danmark","description":"","potentialAction":[{"@type":"SearchAction","target":{"@type":"EntryPoint","urlTemplate":"https:\/\/www.electroluxprofessional.com\/dk\/?src={search_term_string}"},"query-input":"required name=search_term_string"}],"inLanguage":"da-DK"}]}},"_links":{"self":[{"href":"https:\/\/www.electroluxprofessional.com\/dk\/wp-json\/wp\/v2\/pages\/3505"}],"collection":[{"href":"https:\/\/www.electroluxprofessional.com\/dk\/wp-json\/wp\/v2\/pages"}],"about":[{"href":"https:\/\/www.electroluxprofessional.com\/dk\/wp-json\/wp\/v2\/types\/page"}],"author":[{"embeddable":true,"href":"https:\/\/www.electroluxprofessional.com\/dk\/wp-json\/wp\/v2\/users\/3"}],"replies":[{"embeddable":true,"href":"https:\/\/www.electroluxprofessional.com\/dk\/wp-json\/wp\/v2\/comments?post=3505"}],"version-history":[{"count":23,"href":"https:\/\/www.electroluxprofessional.com\/dk\/wp-json\/wp\/v2\/pages\/3505\/revisions"}],"predecessor-version":[{"id":30771,"href":"https:\/\/www.electroluxprofessional.com\/dk\/wp-json\/wp\/v2\/pages\/3505\/revisions\/30771"}],"wp:featuredmedia":[{"embeddable":true,"href":"https:\/\/www.electroluxprofessional.com\/dk\/wp-json\/wp\/v2\/media\/2373"}],"wp:attachment":[{"href":"https:\/\/www.electroluxprofessional.com\/dk\/wp-json\/wp\/v2\/media?parent=3505"}],"curies":[{"name":"wp","href":"https:\/\/api.w.org\/{rel}","templated":true}]}}