{"id":3436,"date":"2020-10-02T08:26:26","date_gmt":"2020-10-02T08:26:26","guid":{"rendered":"https:\/\/www.electroluxprofessional.com\/?page_id=5328"},"modified":"2020-10-16T08:17:23","modified_gmt":"2020-10-16T08:17:23","slug":"serveringsdisk","status":"publish","type":"page","link":"https:\/\/www.electroluxprofessional.com\/dk\/serveringsdisk\/","title":{"rendered":"Serveringsdisk til det professionelle k\u00f8kken"},"content":{"rendered":"<p>[vc_row full_width=&#8221;electroluxpro-full-width-no-padding&#8221;][vc_column][elx_hero_slider text_position=&#8221;hero_slider_text_align_right&#8221; label_text_color=&#8221;inherit&#8221; images=&#8221;2329&#8243;][elx_heading font_container=&#8221;h1&#8243; font_size=&#8221;h2&#8243; text_color=&#8221;cat-servery&#8221;]Serveringsdisk[\/elx_heading][elx_heading font_size=&#8221;h3&#8243; text_color=&#8221;inherit&#8221;]Server dine m\u00e5ltider professionelt[\/elx_heading][\/elx_hero_slider][\/vc_column][\/vc_row][vc_row][vc_column][vc_empty_space][elx_heading font_size=&#8221;h2&#8243; text_color=&#8221;inherit&#8221; text_align=&#8221;text-left&#8221;]Der er en serveringsdisk til alle k\u00f8kkener \u2013 find den serveringsdisk der opfylder alle behov i dit professionelle k\u00f8kken.[\/elx_heading][\/vc_column][\/vc_row][vc_row][vc_column][elx_image_block background_image=&#8221;2325&#8243; minimum_height=&#8221;500px&#8221;][vc_empty_space][elx_heading font_container=&#8221;h3&#8243; text_color=&#8221;inherit&#8221;]Her er hvad Electrolux Professional kan tilbyde:[\/elx_heading][vc_empty_space][\/vc_column][\/vc_row][vc_row][vc_column width=&#8221;1\/2&#8243;][vc_empty_space height=&#8221;20px&#8221;][vc_column_text]<strong>Self-service<\/strong><\/p>\n<p>Det er en \u201dpersonlig\u201d l\u00f8sning, der byder kunderne velkommen i omgivelser af h\u00f8j kvalitet, design og maksimal funktionalitet. Inkluderer en HACCP-knap for at sikre f\u00f8devaresikkerheden. Alle disse funktioner sikrer perfekt synlighed af f\u00f8devarer og nem adgang til din serveringsdisk for dine g\u00e6ster.[\/vc_column_text][\/vc_column][vc_column width=&#8221;1\/2&#8243;][elx_image_block background_image=&#8221;2326&#8243; vert_back_position=&#8221;bottom&#8221; minimum_height=&#8221;300px&#8221;][\/vc_column][\/vc_row][vc_row][vc_column][vc_empty_space][\/vc_column][\/vc_row][vc_row][vc_column width=&#8221;1\/2&#8243;][elx_image_block background_image=&#8221;2327&#8243; minimum_height=&#8221;300px&#8221;][\/vc_column][vc_column width=&#8221;1\/2&#8243;][vc_empty_space][vc_column_text]<strong>Fit system<\/strong><\/p>\n<p>Det rigtige valg til at servere hundredvis af forskellige m\u00e5ltider til et stort antal personer p\u00e5 kort tid. Fit-systemet passer perfekt til ethvert selvbetjenings milj\u00f8: n\u00e6rbutikker og resorts, kantiner, cafeterier og restauranter.<\/p>\n<h4><\/h4>\n<p>[\/vc_column_text][\/vc_column][\/vc_row][vc_row][vc_column][vc_empty_space][\/vc_column][\/vc_row][vc_row][vc_column width=&#8221;1\/2&#8243;][vc_empty_space][vc_column_text]<strong>Drop-In <\/strong><\/p>\n<p>Drop-In serien er det optimale svar p\u00e5 at d\u00e6kke behovene i den moderne verden af distribution af mad. Alle Drop-In enheder er nemme at montere, reng\u00f8re og kan integreres i alle former for udlevering.<\/p>\n<h4><\/h4>\n<p>[\/vc_column_text][\/vc_column][vc_column width=&#8221;1\/2&#8243;][elx_image_block background_image=&#8221;2328&#8243; minimum_height=&#8221;300px&#8221;][\/vc_column][\/vc_row][vc_row][vc_column][vc_empty_space height=&#8221;50px&#8221;][\/vc_column][\/vc_row][vc_row][vc_column width=&#8221;1\/3&#8243;][\/vc_column][vc_column width=&#8221;1\/3&#8243;][\/vc_column][vc_column width=&#8221;1\/3&#8243;][elx_download_block text=&#8221;Drop-in<br \/>\nThe \u201cServeringsdisk\u201d&#8221; link=&#8221;files.professional.electrolux.com\/docs\/?n=BR-9JE00030&amp;b=5&amp;l=1&#8243; background_color=&#8221;cat-servery&#8221; reveal_effect=&#8221;&#8221; reveal_duration=&#8221;&#8221; reveal_delay=&#8221;&#8221;][\/vc_column][\/vc_row][vc_row][vc_column][vc_empty_space height=&#8221;50px&#8221;][elx_heading text_color=&#8221;inherit&#8221; text_align=&#8221;text-center&#8221;]Opdag, hvad vores serveringsprodukter kan g\u00f8re for din virksomhed[\/elx_heading][elx_o2000_contact_us r=&#8221;Jeg vil gerne vide mere om serveringsprodukter. Kontakt mig venligst.&#8221; s=&#8221;Mere om serveringsprodukter&#8221; country=&#8221;Denmark&#8221; l=&#8221;dk&#8221; e=&#8221;steen.rasmussen@electroluxprofessional.com&#8221; container=&#8221;elxcontactus1479284563&#8243;][vc_empty_space height=&#8221;50px&#8221;][\/vc_column][\/vc_row][vc_row][vc_column][elx_heading font_size=&#8221;h3&#8243; text_color=&#8221;inherit&#8221; text_align=&#8221;text-center&#8221;]Find din komplette l\u00f8sning[\/elx_heading][\/vc_column][\/vc_row][vc_row][vc_column width=&#8221;1\/3&#8243;][elx_maylike_box id_box=&#8221;2941&#8243; link_target=&#8221;blank&#8221; matched_labels=&#8221;&#8221;][\/vc_column][vc_column width=&#8221;1\/3&#8243;][elx_maylike_box id_box=&#8221;2866&#8243; link_target=&#8221;blank&#8221; matched_labels=&#8221;&#8221;][\/vc_column][vc_column width=&#8221;1\/3&#8243;][elx_maylike_box id_box=&#8221;2861&#8243; link_target=&#8221;blank&#8221; matched_labels=&#8221;&#8221;][\/vc_column][\/vc_row]<\/p>\n","protected":false},"excerpt":{"rendered":"<p>[vc_row full_width=&#8221;electroluxpro-full-width-no-padding&#8221;][vc_column][elx_hero_slider text_position=&#8221;hero_slider_text_align_right&#8221; label_text_color=&#8221;inherit&#8221; images=&#8221;2329&#8243;][elx_heading font_container=&#8221;h1&#8243; font_size=&#8221;h2&#8243; text_color=&#8221;cat-servery&#8221;]Serveringsdisk[\/elx_heading][elx_heading font_size=&#8221;h3&#8243; text_color=&#8221;inherit&#8221;]Server dine m\u00e5ltider professionelt[\/elx_heading][\/elx_hero_slider][\/vc_column][\/vc_row][vc_row][vc_column][vc_empty_space][elx_heading font_size=&#8221;h2&#8243; text_color=&#8221;inherit&#8221; text_align=&#8221;text-left&#8221;]Der er en serveringsdisk til alle k\u00f8kkener \u2013 find den serveringsdisk der opfylder alle behov i dit professionelle k\u00f8kken.[\/elx_heading][\/vc_column][\/vc_row][vc_row][vc_column][elx_image_block background_image=&#8221;2325&#8243; minimum_height=&#8221;500px&#8221;][vc_empty_space][elx_heading font_container=&#8221;h3&#8243; text_color=&#8221;inherit&#8221;]Her er hvad Electrolux Professional kan tilbyde:[\/elx_heading][vc_empty_space][\/vc_column][\/vc_row][vc_row][vc_column width=&#8221;1\/2&#8243;][vc_empty_space height=&#8221;20px&#8221;][vc_column_text]Self-service Det er en \u201dpersonlig\u201d l\u00f8sning, der byder kunderne velkommen [&hellip;]<\/p>\n","protected":false},"author":3,"featured_media":2329,"parent":0,"menu_order":0,"comment_status":"closed","ping_status":"closed","template":"","meta":{"footnotes":""},"class_list":["post-3436","page","type-page","status-publish","has-post-thumbnail","hentry"],"acf":[],"yoast_head":"<!-- This site is optimized with the Yoast SEO plugin v23.3 - https:\/\/yoast.com\/wordpress\/plugins\/seo\/ -->\n<title>Professionel serveringsdisk til k\u00f8kkener med individuelle behov<\/title>\n<meta name=\"description\" content=\"V\u00e6lg en professionel serveringsdisk der passer til dit k\u00f8kken og dit serveringskoncept. Electrolux Professional giver dig 3 forskellige serier med et hav af skal\u00e9rbare og individuelle l\u00f8sninger.\" \/>\n<meta name=\"robots\" content=\"index, follow, max-snippet:-1, max-image-preview:large, max-video-preview:-1\" \/>\n<link rel=\"canonical\" href=\"https:\/\/www.electroluxprofessional.com\/dk\/serveringsdisk\/\" \/>\n<meta property=\"og:locale\" content=\"da_DK\" \/>\n<meta property=\"og:type\" content=\"article\" \/>\n<meta property=\"og:title\" content=\"Professionel serveringsdisk til k\u00f8kkener med individuelle behov\" \/>\n<meta property=\"og:description\" content=\"V\u00e6lg en professionel serveringsdisk der passer til dit k\u00f8kken og dit serveringskoncept. Electrolux Professional giver dig 3 forskellige serier med et hav af skal\u00e9rbare og individuelle l\u00f8sninger.\" \/>\n<meta property=\"og:url\" content=\"https:\/\/www.electroluxprofessional.com\/dk\/serveringsdisk\/\" \/>\n<meta property=\"og:site_name\" content=\"Electrolux Professional Danmark\" \/>\n<meta property=\"article:modified_time\" content=\"2020-10-16T08:17:23+00:00\" \/>\n<meta property=\"og:image\" content=\"https:\/\/www.electroluxprofessional.com\/dk\/wp-content\/uploads\/2017\/02\/banner-servery.jpg\" \/>\n\t<meta property=\"og:image:width\" content=\"2000\" \/>\n\t<meta property=\"og:image:height\" content=\"1333\" \/>\n\t<meta property=\"og:image:type\" content=\"image\/jpeg\" \/>\n<meta name=\"twitter:card\" content=\"summary_large_image\" \/>\n<meta name=\"twitter:label1\" content=\"Estimeret l\u00e6setid\" \/>\n\t<meta name=\"twitter:data1\" content=\"3 minutter\" \/>\n<script type=\"application\/ld+json\" class=\"yoast-schema-graph\">{\"@context\":\"https:\/\/schema.org\",\"@graph\":[{\"@type\":\"WebPage\",\"@id\":\"https:\/\/www.electroluxprofessional.com\/dk\/serveringsdisk\/\",\"url\":\"https:\/\/www.electroluxprofessional.com\/dk\/serveringsdisk\/\",\"name\":\"Professionel serveringsdisk til k\u00f8kkener med individuelle behov\",\"isPartOf\":{\"@id\":\"https:\/\/www.electroluxprofessional.com\/dk\/#website\"},\"primaryImageOfPage\":{\"@id\":\"https:\/\/www.electroluxprofessional.com\/dk\/serveringsdisk\/#primaryimage\"},\"image\":{\"@id\":\"https:\/\/www.electroluxprofessional.com\/dk\/serveringsdisk\/#primaryimage\"},\"thumbnailUrl\":\"https:\/\/www.electroluxprofessional.com\/dk\/wp-content\/uploads\/2017\/02\/banner-servery.jpg\",\"datePublished\":\"2020-10-02T08:26:26+00:00\",\"dateModified\":\"2020-10-16T08:17:23+00:00\",\"description\":\"V\u00e6lg en professionel serveringsdisk der passer til dit k\u00f8kken og dit serveringskoncept. Electrolux Professional giver dig 3 forskellige serier med et hav af skal\u00e9rbare og individuelle l\u00f8sninger.\",\"breadcrumb\":{\"@id\":\"https:\/\/www.electroluxprofessional.com\/dk\/serveringsdisk\/#breadcrumb\"},\"inLanguage\":\"da-DK\",\"potentialAction\":[{\"@type\":\"ReadAction\",\"target\":[\"https:\/\/www.electroluxprofessional.com\/dk\/serveringsdisk\/\"]}]},{\"@type\":\"ImageObject\",\"inLanguage\":\"da-DK\",\"@id\":\"https:\/\/www.electroluxprofessional.com\/dk\/serveringsdisk\/#primaryimage\",\"url\":\"https:\/\/www.electroluxprofessional.com\/dk\/wp-content\/uploads\/2017\/02\/banner-servery.jpg\",\"contentUrl\":\"https:\/\/www.electroluxprofessional.com\/dk\/wp-content\/uploads\/2017\/02\/banner-servery.jpg\",\"width\":2000,\"height\":1333,\"caption\":\"servery equipment\"},{\"@type\":\"BreadcrumbList\",\"@id\":\"https:\/\/www.electroluxprofessional.com\/dk\/serveringsdisk\/#breadcrumb\",\"itemListElement\":[{\"@type\":\"ListItem\",\"position\":1,\"name\":\"Home\",\"item\":\"https:\/\/www.electroluxprofessional.com\/dk\/\"},{\"@type\":\"ListItem\",\"position\":2,\"name\":\"Serveringsdisk til det professionelle k\u00f8kken\"}]},{\"@type\":\"WebSite\",\"@id\":\"https:\/\/www.electroluxprofessional.com\/dk\/#website\",\"url\":\"https:\/\/www.electroluxprofessional.com\/dk\/\",\"name\":\"Electrolux Professional Danmark\",\"description\":\"\",\"potentialAction\":[{\"@type\":\"SearchAction\",\"target\":{\"@type\":\"EntryPoint\",\"urlTemplate\":\"https:\/\/www.electroluxprofessional.com\/dk\/?src={search_term_string}\"},\"query-input\":\"required name=search_term_string\"}],\"inLanguage\":\"da-DK\"}]}<\/script>\n<!-- \/ Yoast SEO plugin. -->","yoast_head_json":{"title":"Professionel serveringsdisk til k\u00f8kkener med individuelle behov","description":"V\u00e6lg en professionel serveringsdisk der passer til dit k\u00f8kken og dit serveringskoncept. Electrolux Professional giver dig 3 forskellige serier med et hav af skal\u00e9rbare og individuelle l\u00f8sninger.","robots":{"index":"index","follow":"follow","max-snippet":"max-snippet:-1","max-image-preview":"max-image-preview:large","max-video-preview":"max-video-preview:-1"},"canonical":"https:\/\/www.electroluxprofessional.com\/dk\/serveringsdisk\/","og_locale":"da_DK","og_type":"article","og_title":"Professionel serveringsdisk til k\u00f8kkener med individuelle behov","og_description":"V\u00e6lg en professionel serveringsdisk der passer til dit k\u00f8kken og dit serveringskoncept. Electrolux Professional giver dig 3 forskellige serier med et hav af skal\u00e9rbare og individuelle l\u00f8sninger.","og_url":"https:\/\/www.electroluxprofessional.com\/dk\/serveringsdisk\/","og_site_name":"Electrolux Professional Danmark","article_modified_time":"2020-10-16T08:17:23+00:00","og_image":[{"width":2000,"height":1333,"url":"https:\/\/www.electroluxprofessional.com\/dk\/wp-content\/uploads\/2017\/02\/banner-servery.jpg","type":"image\/jpeg"}],"twitter_card":"summary_large_image","twitter_misc":{"Estimeret l\u00e6setid":"3 minutter"},"schema":{"@context":"https:\/\/schema.org","@graph":[{"@type":"WebPage","@id":"https:\/\/www.electroluxprofessional.com\/dk\/serveringsdisk\/","url":"https:\/\/www.electroluxprofessional.com\/dk\/serveringsdisk\/","name":"Professionel serveringsdisk til k\u00f8kkener med individuelle behov","isPartOf":{"@id":"https:\/\/www.electroluxprofessional.com\/dk\/#website"},"primaryImageOfPage":{"@id":"https:\/\/www.electroluxprofessional.com\/dk\/serveringsdisk\/#primaryimage"},"image":{"@id":"https:\/\/www.electroluxprofessional.com\/dk\/serveringsdisk\/#primaryimage"},"thumbnailUrl":"https:\/\/www.electroluxprofessional.com\/dk\/wp-content\/uploads\/2017\/02\/banner-servery.jpg","datePublished":"2020-10-02T08:26:26+00:00","dateModified":"2020-10-16T08:17:23+00:00","description":"V\u00e6lg en professionel serveringsdisk der passer til dit k\u00f8kken og dit serveringskoncept. Electrolux Professional giver dig 3 forskellige serier med et hav af skal\u00e9rbare og individuelle l\u00f8sninger.","breadcrumb":{"@id":"https:\/\/www.electroluxprofessional.com\/dk\/serveringsdisk\/#breadcrumb"},"inLanguage":"da-DK","potentialAction":[{"@type":"ReadAction","target":["https:\/\/www.electroluxprofessional.com\/dk\/serveringsdisk\/"]}]},{"@type":"ImageObject","inLanguage":"da-DK","@id":"https:\/\/www.electroluxprofessional.com\/dk\/serveringsdisk\/#primaryimage","url":"https:\/\/www.electroluxprofessional.com\/dk\/wp-content\/uploads\/2017\/02\/banner-servery.jpg","contentUrl":"https:\/\/www.electroluxprofessional.com\/dk\/wp-content\/uploads\/2017\/02\/banner-servery.jpg","width":2000,"height":1333,"caption":"servery equipment"},{"@type":"BreadcrumbList","@id":"https:\/\/www.electroluxprofessional.com\/dk\/serveringsdisk\/#breadcrumb","itemListElement":[{"@type":"ListItem","position":1,"name":"Home","item":"https:\/\/www.electroluxprofessional.com\/dk\/"},{"@type":"ListItem","position":2,"name":"Serveringsdisk til det professionelle k\u00f8kken"}]},{"@type":"WebSite","@id":"https:\/\/www.electroluxprofessional.com\/dk\/#website","url":"https:\/\/www.electroluxprofessional.com\/dk\/","name":"Electrolux Professional Danmark","description":"","potentialAction":[{"@type":"SearchAction","target":{"@type":"EntryPoint","urlTemplate":"https:\/\/www.electroluxprofessional.com\/dk\/?src={search_term_string}"},"query-input":"required name=search_term_string"}],"inLanguage":"da-DK"}]}},"_links":{"self":[{"href":"https:\/\/www.electroluxprofessional.com\/dk\/wp-json\/wp\/v2\/pages\/3436"}],"collection":[{"href":"https:\/\/www.electroluxprofessional.com\/dk\/wp-json\/wp\/v2\/pages"}],"about":[{"href":"https:\/\/www.electroluxprofessional.com\/dk\/wp-json\/wp\/v2\/types\/page"}],"author":[{"embeddable":true,"href":"https:\/\/www.electroluxprofessional.com\/dk\/wp-json\/wp\/v2\/users\/3"}],"replies":[{"embeddable":true,"href":"https:\/\/www.electroluxprofessional.com\/dk\/wp-json\/wp\/v2\/comments?post=3436"}],"version-history":[{"count":9,"href":"https:\/\/www.electroluxprofessional.com\/dk\/wp-json\/wp\/v2\/pages\/3436\/revisions"}],"predecessor-version":[{"id":15795,"href":"https:\/\/www.electroluxprofessional.com\/dk\/wp-json\/wp\/v2\/pages\/3436\/revisions\/15795"}],"wp:featuredmedia":[{"embeddable":true,"href":"https:\/\/www.electroluxprofessional.com\/dk\/wp-json\/wp\/v2\/media\/2329"}],"wp:attachment":[{"href":"https:\/\/www.electroluxprofessional.com\/dk\/wp-json\/wp\/v2\/media?parent=3436"}],"curies":[{"name":"wp","href":"https:\/\/api.w.org\/{rel}","templated":true}]}}