{"id":3428,"date":"2021-12-27T10:14:31","date_gmt":"2021-12-27T10:14:31","guid":{"rendered":"https:\/\/www.electroluxprofessional.com\/?page_id=5908"},"modified":"2021-12-28T08:40:14","modified_gmt":"2021-12-28T08:40:14","slug":"vakuumpakker-industri","status":"publish","type":"page","link":"https:\/\/www.electroluxprofessional.com\/dk\/vakuumpakker-industri\/","title":{"rendered":"Vakuumpakker til industri"},"content":{"rendered":"<p>[vc_row full_width=&#8221;electroluxpro-full-width-no-padding&#8221;][vc_column][elx_image_block background_image=&#8221;8692&#8243; minimum_height=&#8221;400px&#8221;][\/vc_column][\/vc_row][vc_row][vc_column][vc_empty_space][elx_heading font_container=&#8221;h1&#8243; font_size=&#8221;h1&#8243; text_color=&#8221;inherit&#8221; text_align=&#8221;text-left&#8221;]En serie af produkter, der giver den bedste kvalitet og hygiejne i det professionelle k\u00f8kken[\/elx_heading][vc_empty_space][\/vc_column][\/vc_row][vc_row][vc_column width=&#8221;1\/2&#8243;][vc_empty_space][elx_heading text_color=&#8221;inherit&#8221; text_align=&#8221;text-left&#8221;]Vakuumpakker industri[\/elx_heading][vc_empty_space][vc_column_text el_class=&#8221;p-16&#8243;]<strong>Vakuumpakning<\/strong> er en metode, der fjerner al luft fra pakken, inden den forsegles. Den fjerner alt ilten for at forl\u00e6nge levetiden af produktet.[\/vc_column_text][vc_column_text el_class=&#8221;p-16&#8243; css=&#8221;.vc_custom_1583137089356{margin-top: 15px !important;}&#8221;]Vakuumpakker industri, findes som gulv- og bordmodeller, fra 10 til 60 m3 \/ t (100 til 800 m\u00e5ltider \/ pr dag). Alle modeller er HACCP-compatible.[\/vc_column_text][vc_column_text el_class=&#8221;p-16-indent&#8221; css=&#8221;.vc_custom_1583137102314{margin-top: 15px !important;padding-left: 15px !important;}&#8221;]<strong>\u25aa<\/strong>\u00a0 Nem at programmere, inkl. digitalt betjeningspanel. Garanterer optimal vakuumtryk samt forsegling<\/p>\n<p><strong>\u25aa<\/strong>\u00a0 Modeller egnet til gas til emballering af delikate f\u00f8devarer<\/p>\n<p><strong>\u25aa<\/strong>\u00a0 H\u00f8jeste hygiejne- og reng\u00f8ringsniveau takket v\u00e6re kammer med afrundede hj\u00f8rner<\/p>\n<p><strong>\u25aa<\/strong>\u00a0 Advarselslampe angiver fejl i pakningsprocessen og stopper driften f\u00f8r varerne forsegles, s\u00e5 de kan genbruges[\/vc_column_text][\/vc_column][vc_column width=&#8221;1\/2&#8243;][vc_single_image image=&#8221;2393&#8243; img_size=&#8221;full&#8221;][\/vc_column][\/vc_row][vc_row][vc_column][vc_empty_space height=&#8221;50px&#8221;][\/vc_column][\/vc_row][vc_row css=&#8221;.vc_custom_1540550163501{padding-top: 0px !important;}&#8221;][vc_column width=&#8221;1\/3&#8243;][vc_single_image image=&#8221;15743&#8243; img_size=&#8221;380&#215;222&#8243; alignment=&#8221;center&#8221; onclick=&#8221;custom_link&#8221; css=&#8221;.vc_custom_1602838045559{margin-bottom: 32px !important;}&#8221; link=&#8221;https:\/\/www.electroluxprofessional.com\/dk\/professionel-kartoffelskraeller\/&#8221;][elx_heading font_container=&#8221;h4&#8243; text_color=&#8221;inherit&#8221; css=&#8221;.vc_custom_1582903074917{padding-top: 12px !important;padding-bottom: 0px !important;}&#8221;]Professionel kartoffelskr\u00e6ller[\/elx_heading][vc_column_text el_class=&#8221;p-16&#8243; css=&#8221;.vc_custom_1602838032078{margin-top: 0px !important;}&#8221;]Skr\u00e6l kartofler og\u00a0h\u00e5rde eller bl\u00f8de gr\u00f8ntsager, rens muslingeskaller og b\u00f8rst gr\u00f8ntsager.<br \/>\n<a href=\"https:\/\/www.electroluxprofessional.com\/dk\/professionel-kartoffelskraeller\/\">Se de mange muligheder<\/a>[\/vc_column_text][vc_empty_space][\/vc_column][vc_column width=&#8221;1\/3&#8243;][vc_single_image image=&#8221;8620&#8243; img_size=&#8221;380&#215;222&#8243; alignment=&#8221;center&#8221; onclick=&#8221;custom_link&#8221; css=&#8221;.vc_custom_1602838015838{margin-bottom: 32px !important;}&#8221; link=&#8221;https:\/\/www.electroluxprofessional.com\/dk\/underbordsopvaskemaskine\/&#8221;][elx_heading font_container=&#8221;h4&#8243; text_color=&#8221;inherit&#8221;]En ren forn\u00f8jelse[\/elx_heading][vc_column_text el_class=&#8221;p-16&#8243;]Med Electrolux\u2019 professionelle opvaskemaskiner er det en ren forn\u00f8jelse af klare opvasken.<br \/>\n<a href=\"https:\/\/www.electroluxprofessional.com\/dk\/underbordsopvaskemaskine\/\">V\u00e6lg mellem fem typer opvaskemaskiner<\/a>[\/vc_column_text][vc_empty_space][\/vc_column][vc_column width=&#8221;1\/3&#8243;][elx_video_block background_image=&#8221;8623&#8243; video_link=&#8221;https:\/\/www.youtube.com\/watch?time_continue=6&amp;v=aKQRPw9_TwY&#8221; minimum_height=&#8221;210px&#8221;][vc_empty_space height=&#8221;20px&#8221;][elx_heading font_container=&#8221;h4&#8243; text_color=&#8221;inherit&#8221;]Smart pastakoger[\/elx_heading][vc_column_text el_class=&#8221;p-16&#8243;]Til frisk, t\u00f8rret eller frossen pasta. Kurven l\u00f8ftes automatisk op af vandet, n\u00e5r pastaen er klar til servering.<br \/>\n<a href=\"https:\/\/www.youtube.com\/watch?time_continue=6&amp;v=aKQRPw9_TwY\">Se hvor smart den er\u2026<\/a><\/p>\n<p>[\/vc_column_text][\/vc_column][\/vc_row][vc_row disable_element=&#8221;yes&#8221;][vc_column width=&#8221;1\/3&#8243;][elx_download_block text=&#8221;Produkt katalog<br \/>\nTilberedningsmaskiner&#8221; link=&#8221;files.professional.electrolux.com\/docs\/?n=BR-9JEEL&amp;b=5&amp;l=1&#8243; background_color=&#8221;cat-create&#8221; reveal_effect=&#8221;&#8221; reveal_duration=&#8221;&#8221; reveal_delay=&#8221;&#8221;][\/vc_column][vc_column width=&#8221;1\/3&#8243;][elx_download_block text=&#8221; Oplev vores tilbud p\u00e5<br \/>\ntilberedning.&#8221; link=&#8221;https:\/\/www.electroluxprofessional.com\/dk\/commercial-kitchen-equipment\/cut-mix-slice\/&#8221; background_color=&#8221;cat-create&#8221; reveal_effect=&#8221;&#8221; reveal_duration=&#8221;&#8221; reveal_delay=&#8221;&#8221; background_image=&#8221;2383&#8243;][\/vc_column][vc_column width=&#8221;1\/3&#8243;][elx_download_block text=&#8221;Oplev vores kartoffelskr\u00e6llere,<br \/>\ngr\u00f8ntsagsvaskere &amp; salatslynger&#8221; link=&#8221;https:\/\/www.electroluxprofessional.com\/dk\/commercial-kitchen-equipment\/peel-wash-dry\/&#8221; background_color=&#8221;cat-create&#8221; reveal_effect=&#8221;&#8221; reveal_duration=&#8221;&#8221; reveal_delay=&#8221;&#8221; background_image=&#8221;2373&#8243;][\/vc_column][\/vc_row][vc_row][vc_column][vc_empty_space height=&#8221;50px&#8221;][\/vc_column][\/vc_row][vc_row][vc_column][vc_empty_space height=&#8221;50px&#8221;][elx_heading text_color=&#8221;inherit&#8221; text_align=&#8221;text-center&#8221; css=&#8221;.vc_custom_1583137178550{margin-bottom: 20px !important;}&#8221;]Opdag hvad vakuumpakker kan g\u00f8re for din forretning[\/elx_heading][elx_o2000_contact_us r=&#8221;Jeg vil gerne vide mere om vakuumpakker. Kontakt mig venligst.&#8221; s=&#8221;Ang\u00e5ende vakuumpakker&#8221; country=&#8221;Denmark&#8221; l=&#8221;dk&#8221; e=&#8221;steen.rasmussen@electroluxprofessional.com&#8221; container=&#8221;elxcontactus1480083916&#8243;][vc_empty_space height=&#8221;50px&#8221;][\/vc_column][\/vc_row][vc_row][vc_column][elx_heading font_size=&#8221;h3&#8243; text_color=&#8221;inherit&#8221; text_align=&#8221;text-center&#8221;]Find den ideelle l\u00f8sning for din forretning[\/elx_heading][\/vc_column][\/vc_row]<\/p>\n","protected":false},"excerpt":{"rendered":"<p>[vc_row full_width=&#8221;electroluxpro-full-width-no-padding&#8221;][vc_column][elx_image_block background_image=&#8221;8692&#8243; minimum_height=&#8221;400px&#8221;][\/vc_column][\/vc_row][vc_row][vc_column][vc_empty_space][elx_heading font_container=&#8221;h1&#8243; font_size=&#8221;h1&#8243; text_color=&#8221;inherit&#8221; text_align=&#8221;text-left&#8221;]En serie af produkter, der giver den bedste kvalitet og hygiejne i det professionelle k\u00f8kken[\/elx_heading][vc_empty_space][\/vc_column][\/vc_row][vc_row][vc_column width=&#8221;1\/2&#8243;][vc_empty_space][elx_heading text_color=&#8221;inherit&#8221; text_align=&#8221;text-left&#8221;]Vakuumpakker industri[\/elx_heading][vc_empty_space][vc_column_text el_class=&#8221;p-16&#8243;]Vakuumpakning er en metode, der fjerner al luft fra pakken, inden den forsegles. Den fjerner alt ilten for at forl\u00e6nge levetiden af produktet.[\/vc_column_text][vc_column_text el_class=&#8221;p-16&#8243; css=&#8221;.vc_custom_1583137089356{margin-top: 15px !important;}&#8221;]Vakuumpakker industri, findes [&hellip;]<\/p>\n","protected":false},"author":3,"featured_media":3427,"parent":0,"menu_order":0,"comment_status":"closed","ping_status":"closed","template":"","meta":{"footnotes":""},"class_list":["post-3428","page","type-page","status-publish","has-post-thumbnail","hentry"],"acf":[],"yoast_head":"<!-- This site is optimized with the Yoast SEO plugin v23.3 - https:\/\/yoast.com\/wordpress\/plugins\/seo\/ -->\n<title>Vakuumpakker industri \u2013 til k\u00f8kkener med h\u00f8je kvalitetskrav<\/title>\n<meta name=\"description\" content=\"Vakuumpakker industri \u2013 en ny serie af produkter, der giver den bedste kvalitet og hygiejne i overensstemmelse med behovene i det professionelle k\u00f8kken\" \/>\n<meta name=\"robots\" content=\"index, follow, max-snippet:-1, max-image-preview:large, max-video-preview:-1\" \/>\n<link rel=\"canonical\" href=\"https:\/\/www.electroluxprofessional.com\/dk\/vakuumpakker-industri\/\" \/>\n<meta property=\"og:locale\" content=\"da_DK\" \/>\n<meta property=\"og:type\" content=\"article\" \/>\n<meta property=\"og:title\" content=\"Vakuumpakker industri \u2013 til k\u00f8kkener med h\u00f8je kvalitetskrav\" \/>\n<meta property=\"og:description\" content=\"Vakuumpakker industri \u2013 en ny serie af produkter, der giver den bedste kvalitet og hygiejne i overensstemmelse med behovene i det professionelle k\u00f8kken\" \/>\n<meta property=\"og:url\" content=\"https:\/\/www.electroluxprofessional.com\/dk\/vakuumpakker-industri\/\" \/>\n<meta property=\"og:site_name\" content=\"Electrolux Professional Danmark\" \/>\n<meta property=\"article:modified_time\" content=\"2021-12-28T08:40:14+00:00\" \/>\n<meta property=\"og:image\" content=\"https:\/\/www.electroluxprofessional.com\/dk\/wp-content\/uploads\/2017\/02\/vacuum.jpg\" \/>\n\t<meta property=\"og:image:width\" content=\"700\" \/>\n\t<meta property=\"og:image:height\" content=\"700\" \/>\n\t<meta property=\"og:image:type\" content=\"image\/jpeg\" \/>\n<meta name=\"twitter:card\" content=\"summary_large_image\" \/>\n<meta name=\"twitter:label1\" content=\"Estimeret l\u00e6setid\" \/>\n\t<meta name=\"twitter:data1\" content=\"4 minutter\" \/>\n<script type=\"application\/ld+json\" class=\"yoast-schema-graph\">{\"@context\":\"https:\/\/schema.org\",\"@graph\":[{\"@type\":\"WebPage\",\"@id\":\"https:\/\/www.electroluxprofessional.com\/dk\/vakuumpakker-industri\/\",\"url\":\"https:\/\/www.electroluxprofessional.com\/dk\/vakuumpakker-industri\/\",\"name\":\"Vakuumpakker industri \u2013 til k\u00f8kkener med h\u00f8je kvalitetskrav\",\"isPartOf\":{\"@id\":\"https:\/\/www.electroluxprofessional.com\/dk\/#website\"},\"primaryImageOfPage\":{\"@id\":\"https:\/\/www.electroluxprofessional.com\/dk\/vakuumpakker-industri\/#primaryimage\"},\"image\":{\"@id\":\"https:\/\/www.electroluxprofessional.com\/dk\/vakuumpakker-industri\/#primaryimage\"},\"thumbnailUrl\":\"https:\/\/www.electroluxprofessional.com\/dk\/wp-content\/uploads\/2017\/02\/vacuum.jpg\",\"datePublished\":\"2021-12-27T10:14:31+00:00\",\"dateModified\":\"2021-12-28T08:40:14+00:00\",\"description\":\"Vakuumpakker industri \u2013 en ny serie af produkter, der giver den bedste kvalitet og hygiejne i overensstemmelse med behovene i det professionelle k\u00f8kken\",\"breadcrumb\":{\"@id\":\"https:\/\/www.electroluxprofessional.com\/dk\/vakuumpakker-industri\/#breadcrumb\"},\"inLanguage\":\"da-DK\",\"potentialAction\":[{\"@type\":\"ReadAction\",\"target\":[\"https:\/\/www.electroluxprofessional.com\/dk\/vakuumpakker-industri\/\"]}]},{\"@type\":\"ImageObject\",\"inLanguage\":\"da-DK\",\"@id\":\"https:\/\/www.electroluxprofessional.com\/dk\/vakuumpakker-industri\/#primaryimage\",\"url\":\"https:\/\/www.electroluxprofessional.com\/dk\/wp-content\/uploads\/2017\/02\/vacuum.jpg\",\"contentUrl\":\"https:\/\/www.electroluxprofessional.com\/dk\/wp-content\/uploads\/2017\/02\/vacuum.jpg\",\"width\":700,\"height\":700,\"caption\":\"vacuum\"},{\"@type\":\"BreadcrumbList\",\"@id\":\"https:\/\/www.electroluxprofessional.com\/dk\/vakuumpakker-industri\/#breadcrumb\",\"itemListElement\":[{\"@type\":\"ListItem\",\"position\":1,\"name\":\"Home\",\"item\":\"https:\/\/www.electroluxprofessional.com\/dk\/\"},{\"@type\":\"ListItem\",\"position\":2,\"name\":\"Vakuumpakker til industri\"}]},{\"@type\":\"WebSite\",\"@id\":\"https:\/\/www.electroluxprofessional.com\/dk\/#website\",\"url\":\"https:\/\/www.electroluxprofessional.com\/dk\/\",\"name\":\"Electrolux Professional Danmark\",\"description\":\"\",\"potentialAction\":[{\"@type\":\"SearchAction\",\"target\":{\"@type\":\"EntryPoint\",\"urlTemplate\":\"https:\/\/www.electroluxprofessional.com\/dk\/?src={search_term_string}\"},\"query-input\":\"required name=search_term_string\"}],\"inLanguage\":\"da-DK\"}]}<\/script>\n<!-- \/ Yoast SEO plugin. -->","yoast_head_json":{"title":"Vakuumpakker industri \u2013 til k\u00f8kkener med h\u00f8je kvalitetskrav","description":"Vakuumpakker industri \u2013 en ny serie af produkter, der giver den bedste kvalitet og hygiejne i overensstemmelse med behovene i det professionelle k\u00f8kken","robots":{"index":"index","follow":"follow","max-snippet":"max-snippet:-1","max-image-preview":"max-image-preview:large","max-video-preview":"max-video-preview:-1"},"canonical":"https:\/\/www.electroluxprofessional.com\/dk\/vakuumpakker-industri\/","og_locale":"da_DK","og_type":"article","og_title":"Vakuumpakker industri \u2013 til k\u00f8kkener med h\u00f8je kvalitetskrav","og_description":"Vakuumpakker industri \u2013 en ny serie af produkter, der giver den bedste kvalitet og hygiejne i overensstemmelse med behovene i det professionelle k\u00f8kken","og_url":"https:\/\/www.electroluxprofessional.com\/dk\/vakuumpakker-industri\/","og_site_name":"Electrolux Professional Danmark","article_modified_time":"2021-12-28T08:40:14+00:00","og_image":[{"width":700,"height":700,"url":"https:\/\/www.electroluxprofessional.com\/dk\/wp-content\/uploads\/2017\/02\/vacuum.jpg","type":"image\/jpeg"}],"twitter_card":"summary_large_image","twitter_misc":{"Estimeret l\u00e6setid":"4 minutter"},"schema":{"@context":"https:\/\/schema.org","@graph":[{"@type":"WebPage","@id":"https:\/\/www.electroluxprofessional.com\/dk\/vakuumpakker-industri\/","url":"https:\/\/www.electroluxprofessional.com\/dk\/vakuumpakker-industri\/","name":"Vakuumpakker industri \u2013 til k\u00f8kkener med h\u00f8je kvalitetskrav","isPartOf":{"@id":"https:\/\/www.electroluxprofessional.com\/dk\/#website"},"primaryImageOfPage":{"@id":"https:\/\/www.electroluxprofessional.com\/dk\/vakuumpakker-industri\/#primaryimage"},"image":{"@id":"https:\/\/www.electroluxprofessional.com\/dk\/vakuumpakker-industri\/#primaryimage"},"thumbnailUrl":"https:\/\/www.electroluxprofessional.com\/dk\/wp-content\/uploads\/2017\/02\/vacuum.jpg","datePublished":"2021-12-27T10:14:31+00:00","dateModified":"2021-12-28T08:40:14+00:00","description":"Vakuumpakker industri \u2013 en ny serie af produkter, der giver den bedste kvalitet og hygiejne i overensstemmelse med behovene i det professionelle k\u00f8kken","breadcrumb":{"@id":"https:\/\/www.electroluxprofessional.com\/dk\/vakuumpakker-industri\/#breadcrumb"},"inLanguage":"da-DK","potentialAction":[{"@type":"ReadAction","target":["https:\/\/www.electroluxprofessional.com\/dk\/vakuumpakker-industri\/"]}]},{"@type":"ImageObject","inLanguage":"da-DK","@id":"https:\/\/www.electroluxprofessional.com\/dk\/vakuumpakker-industri\/#primaryimage","url":"https:\/\/www.electroluxprofessional.com\/dk\/wp-content\/uploads\/2017\/02\/vacuum.jpg","contentUrl":"https:\/\/www.electroluxprofessional.com\/dk\/wp-content\/uploads\/2017\/02\/vacuum.jpg","width":700,"height":700,"caption":"vacuum"},{"@type":"BreadcrumbList","@id":"https:\/\/www.electroluxprofessional.com\/dk\/vakuumpakker-industri\/#breadcrumb","itemListElement":[{"@type":"ListItem","position":1,"name":"Home","item":"https:\/\/www.electroluxprofessional.com\/dk\/"},{"@type":"ListItem","position":2,"name":"Vakuumpakker til industri"}]},{"@type":"WebSite","@id":"https:\/\/www.electroluxprofessional.com\/dk\/#website","url":"https:\/\/www.electroluxprofessional.com\/dk\/","name":"Electrolux Professional Danmark","description":"","potentialAction":[{"@type":"SearchAction","target":{"@type":"EntryPoint","urlTemplate":"https:\/\/www.electroluxprofessional.com\/dk\/?src={search_term_string}"},"query-input":"required name=search_term_string"}],"inLanguage":"da-DK"}]}},"_links":{"self":[{"href":"https:\/\/www.electroluxprofessional.com\/dk\/wp-json\/wp\/v2\/pages\/3428"}],"collection":[{"href":"https:\/\/www.electroluxprofessional.com\/dk\/wp-json\/wp\/v2\/pages"}],"about":[{"href":"https:\/\/www.electroluxprofessional.com\/dk\/wp-json\/wp\/v2\/types\/page"}],"author":[{"embeddable":true,"href":"https:\/\/www.electroluxprofessional.com\/dk\/wp-json\/wp\/v2\/users\/3"}],"replies":[{"embeddable":true,"href":"https:\/\/www.electroluxprofessional.com\/dk\/wp-json\/wp\/v2\/comments?post=3428"}],"version-history":[{"count":17,"href":"https:\/\/www.electroluxprofessional.com\/dk\/wp-json\/wp\/v2\/pages\/3428\/revisions"}],"predecessor-version":[{"id":17450,"href":"https:\/\/www.electroluxprofessional.com\/dk\/wp-json\/wp\/v2\/pages\/3428\/revisions\/17450"}],"wp:featuredmedia":[{"embeddable":true,"href":"https:\/\/www.electroluxprofessional.com\/dk\/wp-json\/wp\/v2\/media\/3427"}],"wp:attachment":[{"href":"https:\/\/www.electroluxprofessional.com\/dk\/wp-json\/wp\/v2\/media?parent=3428"}],"curies":[{"name":"wp","href":"https:\/\/api.w.org\/{rel}","templated":true}]}}