{"id":3425,"date":"2021-02-02T08:41:31","date_gmt":"2021-02-02T08:41:31","guid":{"rendered":"https:\/\/www.electroluxprofessional.com\/?page_id=5336"},"modified":"2025-11-05T17:58:33","modified_gmt":"2025-11-05T17:58:33","slug":"rustfrit-staal-koekken","status":"publish","type":"page","link":"https:\/\/www.electroluxprofessional.com\/dk\/rustfrit-staal-koekken\/","title":{"rendered":"K\u00f8kken i rustfrit st\u00e5l"},"content":{"rendered":"<p>[vc_row full_width=&#8221;electroluxpro-full-width-no-padding&#8221;][vc_column][elx_hero_slider label_text_color=&#8221;inherit&#8221; images=&#8221;19073&#8243;][elx_heading font_container=&#8221;h1&#8243; text_color=&#8221;cat-stainless-steel-fabrication&#8221;]Rustfrit st\u00e5l k\u00f8kken[\/elx_heading][elx_heading font_container=&#8221;h6&#8243; font_size=&#8221;h6&#8243; text_color=&#8221;inherit&#8221;]Ethvert m\u00e5ltid tager sin begyndelse i tilberedningsomr\u00e5det[\/elx_heading][\/elx_hero_slider][\/vc_column][\/vc_row][vc_row css=&#8221;.vc_custom_1612528069678{margin-top: 60px !important;}&#8221;][vc_column][elx_heading font_size=&#8221;h3&#8243; text_color=&#8221;inherit&#8221; text_align=&#8221;text-center&#8221;]K\u00f8kkenl\u00f8sning, der g\u00f8r det muligt for fagfolk<br \/>\nat skabe et tilberedningsomr\u00e5de, der garanterer<br \/>\n<strong>overlegen produktivitet, fremragende hygiejnestandarder og den st\u00f8rste fleksibilitet<\/strong>[\/elx_heading][\/vc_column][\/vc_row][vc_row css=&#8221;.vc_custom_1612532879154{margin-top: 60px !important;}&#8221;][vc_column width=&#8221;1\/12&#8243;][vc_empty_space][\/vc_column][vc_column width=&#8221;5\/6&#8243;][vc_single_image image=&#8221;2444&#8243; img_size=&#8221;1200&#215;360&#8243;][\/vc_column][vc_column width=&#8221;1\/12&#8243;][\/vc_column][\/vc_row][vc_row css=&#8221;.vc_custom_1612532941409{margin-top: 40px !important;}&#8221;][vc_column][vc_column_text]<\/p>\n<hr \/>\n<p>[\/vc_column_text][\/vc_column][\/vc_row][vc_row css=&#8221;.vc_custom_1612532953751{margin-top: 40px !important;}&#8221;][vc_column width=&#8221;1\/4&#8243;][elx_heading font_size=&#8221;h4&#8243; text_color=&#8221;inherit&#8221;]Plus rustfri st\u00e5l[\/elx_heading][vc_column_text el_class=&#8221;p-16&#8243;]Serie Plus er et solidt produkt, der er udviklet til at klare de internationale udbudskrav og passer perfekt i et k\u00f8kken milj\u00f8. Serien Plus overholder de strengeste internationale standarder med hensyn til hygiejne og renlighed.[\/vc_column_text][\/vc_column][vc_column width=&#8221;1\/4&#8243;][elx_heading font_size=&#8221;h4&#8243; text_color=&#8221;inherit&#8221;]Premium rustfri st\u00e5l[\/elx_heading][vc_column_text el_class=&#8221;p-16&#8243;]Det langtidsholdbare og st\u00e6rke sortiment sikrer hurtigt og effektivt arbejde takket v\u00e6re lettilg\u00e6ngelig rum og ben, der kan indstilles i h\u00f8jden. Afrundede hj\u00f8rner og opadvendte kanter giver hurtig og nem reng\u00f8ring.[\/vc_column_text][\/vc_column][vc_column width=&#8221;1\/4&#8243;][elx_heading font_size=&#8221;h4&#8243; text_color=&#8221;inherit&#8221;]Standard rustfri st\u00e5l[\/elx_heading][vc_column_text el_class=&#8221;p-16&#8243;]Serie Standard omfatter arbejdsborde med stor kapacitet, ibl\u00f8ds\u00e6tnings-vaske, vaske og v\u00e6gskabe. Serien indeholder praktiske l\u00f8sninger, der er ideelle til enhver form for tilberedning af mad i det professionelle k\u00f8kken. L\u00f8sningen kan st\u00e5 alene og passer perfekt til Electrolux udstyrets innovative look.[\/vc_column_text][\/vc_column][vc_column width=&#8221;1\/4&#8243;][elx_heading font_size=&#8221;h4&#8243; text_color=&#8221;inherit&#8221;]Eco rustfri st\u00e5l[\/elx_heading][vc_column_text el_class=&#8221;p-16&#8243;]Serie Eco har et bredt udvalg af produkter, der passer netop\u00a0til dit\u00a0k\u00f8kken. V\u00e6lg hvad der passer dig bedst og s\u00e6t dit pr\u00e6g p\u00e5 dit eget forberedelsesomr\u00e5de.[\/vc_column_text][\/vc_column][\/vc_row][vc_row css=&#8221;.vc_custom_1612533007478{margin-top: 50px !important;}&#8221;][vc_column][vc_column_text css=&#8221;.vc_custom_1612262882481{margin-bottom: 0px !important;border-bottom-width: 0px !important;padding-bottom: 0px !important;}&#8221; el_class=&#8221;p-16&#8243;]<\/p>\n<hr \/>\n<p>[\/vc_column_text][\/vc_column][\/vc_row][vc_row css=&#8221;.vc_custom_1612262852781{margin-top: 60px !important;}&#8221;][vc_column width=&#8221;1\/2&#8243;][vc_single_image image=&#8221;2331&#8243; img_size=&#8221;full&#8221; onclick=&#8221;custom_link&#8221; img_link_target=&#8221;_blank&#8221; link=&#8221;https:\/\/www.electroluxprofessional.com\/dk\/koeledisk\/&#8221;][vc_empty_space][\/vc_column][vc_column width=&#8221;1\/2&#8243;][vc_column_text css=&#8221;.vc_custom_1612771107418{margin-bottom: 0px !important;border-bottom-width: 0px !important;padding-bottom: 0px !important;}&#8221; el_class=&#8221;p-16&#8243;]<\/p>\n<h5>Rustfrit st\u00e5l k\u00f8kken som skaber et str\u00f8mlinet, integreret design med de nye <span style=\"color: #ad96dc;\"><a style=\"color: #ad96dc;\" href=\"https:\/\/www.electroluxprofessional.com\/dk\/koeledisk\/\">ecostore<sup>HP<\/sup> k\u00f8lediske<\/a> <\/span>fra Electrolux.<\/h5>\n<p>[\/vc_column_text][vc_empty_space][vc_column_text css=&#8221;.vc_custom_1612263017375{margin-bottom: 0px !important;border-bottom-width: 0px !important;padding-bottom: 0px !important;}&#8221; el_class=&#8221;p-16&#8243;]De nye k\u00f8lediske er placeret i<strong> klasse A (den bedste)<\/strong> samt <strong>klimaklasse 5 (den bedste)<\/strong> som er den bedste rating i markedet.[\/vc_column_text][vc_empty_space][elx_button button_text=&#8221;l\u00e6s mere om ecostore k\u00f8lediske&#8221; button_style=&#8221;default&#8221; button_display_block=&#8221;display_block_on&#8221; button_link=&#8221;url:https%3A%2F%2Fwww.electroluxprofessional.com%2Fdk%2Fkoeledisk%2F|title:ecostore%20||&#8221;][\/vc_column][\/vc_row][vc_row][vc_column][vc_empty_space height=&#8221;50px&#8221;][elx_heading text_color=&#8221;inherit&#8221; text_align=&#8221;text-center&#8221;]Oplev hvad vores rustfri st\u00e5l produkter kan g\u00f8re for din forretning[\/elx_heading][elx_o2000_contact_us r=&#8221;Jeg vil gerne vide mere om Electrolux Professional rustfri st\u00e5l produkter. Kontakt mig venligst.&#8221; s=&#8221;Ang\u00e5ende rustfri st\u00e5l produkter&#8221; country=&#8221;Denmark&#8221; l=&#8221;dk&#8221; e=&#8221;steen.rasmussen@electroluxprofessional.com&#8221; container=&#8221;elxcontactus1479285607&#8243;][vc_empty_space height=&#8221;50px&#8221;][\/vc_column][\/vc_row][vc_row][vc_column][elx_heading font_size=&#8221;h3&#8243; text_color=&#8221;inherit&#8221; text_align=&#8221;text-center&#8221;]Find den komplette l\u00f8sning[\/elx_heading][\/vc_column][\/vc_row][vc_row][vc_column width=&#8221;1\/3&#8243;][elx_maylike_box id_box=&#8221;2866&#8243;][\/vc_column][vc_column width=&#8221;1\/3&#8243;][elx_maylike_box id_box=&#8221;2861&#8243;][\/vc_column][vc_column width=&#8221;1\/3&#8243;][elx_maylike_box id_box=&#8221;2925&#8243;][\/vc_column][\/vc_row][vc_row][vc_column][vc_empty_space height=&#8221;50px&#8221;][\/vc_column][\/vc_row][vc_row disable_element=&#8221;yes&#8221;][vc_column]<!-- PRODUCT NAVIGATION -->\n        <div class=\"com21-products-navigation products-navigation specification-filter\" id=\"com21prodnav1487236298\">\n            <div>\n                <div class=\"container\">\n                    <div class=\"row\">\n                        <div class=\"col-md-4 text-left\">\n                            <h6>Kategori<\/h6>\n                            <div class=\"prod-nav-category\">\n                            \n                                <div class=\"prod-nav-category-check\">\n                                    <input type=\"checkbox\" name=\"d-modular-fabrication\" \n                                    id=\"d-modular-fabrication\" \n                                    data-code=\"D\" data-description=\"Modular Fabrication\">\n                                    \n                                    <label for=\"d-modular-fabrication\">Modular Fabrication<\/label>\n                                <\/div>\n            \n                                <div class=\"prod-nav-category-check\">\n                                    <input type=\"checkbox\" name=\"g-plus-fabrication\" \n                                    id=\"g-plus-fabrication\" \n                                    data-code=\"G\" data-description=\"Plus Fabrication\">\n                                    \n                                    <label for=\"g-plus-fabrication\">Plus Fabrication<\/label>\n                                <\/div>\n            \n                                <div class=\"prod-nav-category-check\">\n                                    <input type=\"checkbox\" name=\"b-premium-fabrication\" \n                                    id=\"b-premium-fabrication\" \n                                    data-code=\"B\" data-description=\"Premium Fabrication\">\n                                    \n                                    <label for=\"b-premium-fabrication\">Premium Fabrication<\/label>\n                                <\/div>\n            \n                                <div class=\"prod-nav-category-check\">\n                                    <input type=\"checkbox\" name=\"c-standard-fabrication\" \n                                    id=\"c-standard-fabrication\" \n                                    data-code=\"C\" data-description=\"Standard Fabrication\">\n                                    \n                                    <label for=\"c-standard-fabrication\">Standard Fabrication<\/label>\n                                <\/div>\n            \n                                <div class=\"prod-nav-category-check\">\n                                    <input type=\"checkbox\" name=\"a-eco-fabrication\" \n                                    id=\"a-eco-fabrication\" \n                                    data-code=\"A\" data-description=\"Eco Fabrication\">\n                                    \n                                    <label for=\"a-eco-fabrication\">Eco Fabrication<\/label>\n                                <\/div>\n            \n                                <div class=\"prod-nav-category-check\">\n                                    <input type=\"checkbox\" name=\"f-handwashing-basins\" \n                                    id=\"f-handwashing-basins\" \n                                    data-code=\"F\" data-description=\"Handwashing Basins\">\n                                    \n                                    <label for=\"f-handwashing-basins\">Handwashing Basins<\/label>\n                                <\/div>\n            \n                                <div class=\"prod-nav-category-check\">\n                                    <input type=\"checkbox\" name=\"e-shelving-system\" \n                                    id=\"e-shelving-system\" \n                                    data-code=\"E\" data-description=\"Shelving System\">\n                                    \n                                    <label for=\"e-shelving-system\">Shelving System<\/label>\n                                <\/div>\n            \n                                <div class=\"prod-nav-category-check\">\n                                    <input type=\"checkbox\" name=\"j-floor-drains-and-collecting-tanks\" \n                                    id=\"j-floor-drains-and-collecting-tanks\" \n                                    data-code=\"J\" data-description=\"Floor Drains and Collecting Tanks\">\n                                    \n                                    <label for=\"j-floor-drains-and-collecting-tanks\">Floor Drains and Collecting Tanks<\/label>\n                                <\/div>\n            \n                            <\/div>\n                        <\/div>\n                        <div class=\"col-md-4 text-left\">\n                            <h6 class=\"prod-nav-subcategory-title\" style=\"display:none;\">Underkategori<\/h6>\n                            <div class=\"prod-nav-subcategory\">\n                            \n                            <\/div>\n                        <\/div>\n                        <div class=\"col-md-4 text-left\">\n                            <h6 class=\"prod-nav-filter-title\" style=\"display:none;\">Filtrere<\/h6>\n                            <div class=\"prod-nav-filter\">\n                            \n                            <\/div>\n                        <\/div>\n                    <\/div>\n                    <div class=\"row\">\n                        <div class=\"col-md-6 text-left\">\n                            <a href=\"#\" class=\"btn btn-default\" id=\"prod-nav-reset-btn\">Nulstil<\/a> \n                            <span class=\"prod-nav-products-number\" style=\"display:none;\">\n                                <span id=\"prod-nav-products-number\"><\/span> Produkter<\/span> \n                        <\/div>\n                    <\/div>\n                <\/div>\n            <\/div>\n            <div class=\"products-navigation container product-list\">\n                <!--Hidden parameters-->\n                <input type=\"hidden\" name=\"prod_nav_level\" id=\"prod_nav_level\" value=\"A\">\n                <input type=\"hidden\" name=\"prod_nav_language\" id=\"prod_nav_language\" value=\"5006\">\n                <!--END Hidden parameters-->\n                \n                <ul class=\"row prod-nav-product-ul\">\n                <!-- Here content -->\n                <\/ul>\n                <div class=\"text-center more-products\">\n                    <button id=\"prod-nav-load-more-products\" style=\"display:none;\">Hent flere<\/button>\n                <\/div>\n            <\/div>\n        <\/div>\n    \n                <!-- END PRODUCT NAVIGATION -->[\/vc_column][\/vc_row]<\/p>\n","protected":false},"excerpt":{"rendered":"<p>[vc_row full_width=&#8221;electroluxpro-full-width-no-padding&#8221;][vc_column][elx_hero_slider label_text_color=&#8221;inherit&#8221; images=&#8221;19073&#8243;][elx_heading font_container=&#8221;h1&#8243; text_color=&#8221;cat-stainless-steel-fabrication&#8221;]Rustfrit st\u00e5l k\u00f8kken[\/elx_heading][elx_heading font_container=&#8221;h6&#8243; font_size=&#8221;h6&#8243; text_color=&#8221;inherit&#8221;]Ethvert m\u00e5ltid tager sin begyndelse i tilberedningsomr\u00e5det[\/elx_heading][\/elx_hero_slider][\/vc_column][\/vc_row][vc_row css=&#8221;.vc_custom_1612528069678{margin-top: 60px !important;}&#8221;][vc_column][elx_heading font_size=&#8221;h3&#8243; text_color=&#8221;inherit&#8221; text_align=&#8221;text-center&#8221;]K\u00f8kkenl\u00f8sning, der g\u00f8r det muligt for fagfolk at skabe et tilberedningsomr\u00e5de, der garanterer overlegen produktivitet, fremragende hygiejnestandarder og den st\u00f8rste fleksibilitet[\/elx_heading][\/vc_column][\/vc_row][vc_row css=&#8221;.vc_custom_1612532879154{margin-top: 60px !important;}&#8221;][vc_column width=&#8221;1\/12&#8243;][vc_empty_space][\/vc_column][vc_column width=&#8221;5\/6&#8243;][vc_single_image image=&#8221;2444&#8243; img_size=&#8221;1200&#215;360&#8243;][\/vc_column][vc_column width=&#8221;1\/12&#8243;][\/vc_column][\/vc_row][vc_row css=&#8221;.vc_custom_1612532941409{margin-top: 40px !important;}&#8221;][vc_column][vc_column_text] [\/vc_column_text][\/vc_column][\/vc_row][vc_row [&hellip;]<\/p>\n","protected":false},"author":3,"featured_media":2332,"parent":0,"menu_order":0,"comment_status":"closed","ping_status":"closed","template":"","meta":{"footnotes":""},"class_list":["post-3425","page","type-page","status-publish","has-post-thumbnail","hentry"],"acf":[],"yoast_head":"<!-- This site is optimized with the Yoast SEO plugin v23.3 - https:\/\/yoast.com\/wordpress\/plugins\/seo\/ -->\n<title>Rustfrit st\u00e5l k\u00f8kken \u2013 modulopbygget professionelt stork\u00f8kken<\/title>\n<meta name=\"description\" content=\"Rustfrit st\u00e5l k\u00f8kken fra Electrolux Professional. Designet i moduler til indretning fuldst\u00e6ndig efter jeres behov. Designet med ergonomi for \u00f8je. Alle moduler overholder de strengeste internationale standarder med hensyn til hygiejne og renlighed.\" \/>\n<meta name=\"robots\" content=\"index, follow, max-snippet:-1, max-image-preview:large, max-video-preview:-1\" \/>\n<link rel=\"canonical\" href=\"https:\/\/www.electroluxprofessional.com\/dk\/rustfrit-staal-koekken\/\" \/>\n<meta property=\"og:locale\" content=\"da_DK\" \/>\n<meta property=\"og:type\" content=\"article\" \/>\n<meta property=\"og:title\" content=\"Rustfrit st\u00e5l k\u00f8kken \u2013 modulopbygget professionelt stork\u00f8kken\" \/>\n<meta property=\"og:description\" content=\"Rustfrit st\u00e5l k\u00f8kken fra Electrolux Professional. Designet i moduler til indretning fuldst\u00e6ndig efter jeres behov. Designet med ergonomi for \u00f8je. Alle moduler overholder de strengeste internationale standarder med hensyn til hygiejne og renlighed.\" \/>\n<meta property=\"og:url\" content=\"https:\/\/www.electroluxprofessional.com\/dk\/rustfrit-staal-koekken\/\" \/>\n<meta property=\"og:site_name\" content=\"Electrolux Professional Danmark\" \/>\n<meta property=\"article:modified_time\" content=\"2025-11-05T17:58:33+00:00\" \/>\n<meta property=\"og:image\" content=\"https:\/\/www.electroluxprofessional.com\/dk\/wp-content\/uploads\/2017\/01\/banner1.jpg\" \/>\n\t<meta property=\"og:image:width\" content=\"2000\" \/>\n\t<meta property=\"og:image:height\" content=\"1331\" \/>\n\t<meta property=\"og:image:type\" content=\"image\/jpeg\" \/>\n<meta name=\"twitter:card\" content=\"summary_large_image\" \/>\n<meta name=\"twitter:label1\" content=\"Estimeret l\u00e6setid\" \/>\n\t<meta name=\"twitter:data1\" content=\"3 minutter\" \/>\n<script type=\"application\/ld+json\" class=\"yoast-schema-graph\">{\"@context\":\"https:\/\/schema.org\",\"@graph\":[{\"@type\":\"WebPage\",\"@id\":\"https:\/\/www.electroluxprofessional.com\/dk\/rustfrit-staal-koekken\/\",\"url\":\"https:\/\/www.electroluxprofessional.com\/dk\/rustfrit-staal-koekken\/\",\"name\":\"Rustfrit st\u00e5l k\u00f8kken \u2013 modulopbygget professionelt stork\u00f8kken\",\"isPartOf\":{\"@id\":\"https:\/\/www.electroluxprofessional.com\/dk\/#website\"},\"primaryImageOfPage\":{\"@id\":\"https:\/\/www.electroluxprofessional.com\/dk\/rustfrit-staal-koekken\/#primaryimage\"},\"image\":{\"@id\":\"https:\/\/www.electroluxprofessional.com\/dk\/rustfrit-staal-koekken\/#primaryimage\"},\"thumbnailUrl\":\"https:\/\/www.electroluxprofessional.com\/dk\/wp-content\/uploads\/2017\/01\/banner1.jpg\",\"datePublished\":\"2021-02-02T08:41:31+00:00\",\"dateModified\":\"2025-11-05T17:58:33+00:00\",\"description\":\"Rustfrit st\u00e5l k\u00f8kken fra Electrolux Professional. Designet i moduler til indretning fuldst\u00e6ndig efter jeres behov. Designet med ergonomi for \u00f8je. Alle moduler overholder de strengeste internationale standarder med hensyn til hygiejne og renlighed.\",\"breadcrumb\":{\"@id\":\"https:\/\/www.electroluxprofessional.com\/dk\/rustfrit-staal-koekken\/#breadcrumb\"},\"inLanguage\":\"da-DK\",\"potentialAction\":[{\"@type\":\"ReadAction\",\"target\":[\"https:\/\/www.electroluxprofessional.com\/dk\/rustfrit-staal-koekken\/\"]}]},{\"@type\":\"ImageObject\",\"inLanguage\":\"da-DK\",\"@id\":\"https:\/\/www.electroluxprofessional.com\/dk\/rustfrit-staal-koekken\/#primaryimage\",\"url\":\"https:\/\/www.electroluxprofessional.com\/dk\/wp-content\/uploads\/2017\/01\/banner1.jpg\",\"contentUrl\":\"https:\/\/www.electroluxprofessional.com\/dk\/wp-content\/uploads\/2017\/01\/banner1.jpg\",\"width\":2000,\"height\":1331,\"caption\":\"food\"},{\"@type\":\"BreadcrumbList\",\"@id\":\"https:\/\/www.electroluxprofessional.com\/dk\/rustfrit-staal-koekken\/#breadcrumb\",\"itemListElement\":[{\"@type\":\"ListItem\",\"position\":1,\"name\":\"Home\",\"item\":\"https:\/\/www.electroluxprofessional.com\/dk\/\"},{\"@type\":\"ListItem\",\"position\":2,\"name\":\"K\u00f8kken i rustfrit st\u00e5l\"}]},{\"@type\":\"WebSite\",\"@id\":\"https:\/\/www.electroluxprofessional.com\/dk\/#website\",\"url\":\"https:\/\/www.electroluxprofessional.com\/dk\/\",\"name\":\"Electrolux Professional Danmark\",\"description\":\"\",\"potentialAction\":[{\"@type\":\"SearchAction\",\"target\":{\"@type\":\"EntryPoint\",\"urlTemplate\":\"https:\/\/www.electroluxprofessional.com\/dk\/?src={search_term_string}\"},\"query-input\":\"required name=search_term_string\"}],\"inLanguage\":\"da-DK\"}]}<\/script>\n<!-- \/ Yoast SEO plugin. -->","yoast_head_json":{"title":"Rustfrit st\u00e5l k\u00f8kken \u2013 modulopbygget professionelt stork\u00f8kken","description":"Rustfrit st\u00e5l k\u00f8kken fra Electrolux Professional. Designet i moduler til indretning fuldst\u00e6ndig efter jeres behov. Designet med ergonomi for \u00f8je. Alle moduler overholder de strengeste internationale standarder med hensyn til hygiejne og renlighed.","robots":{"index":"index","follow":"follow","max-snippet":"max-snippet:-1","max-image-preview":"max-image-preview:large","max-video-preview":"max-video-preview:-1"},"canonical":"https:\/\/www.electroluxprofessional.com\/dk\/rustfrit-staal-koekken\/","og_locale":"da_DK","og_type":"article","og_title":"Rustfrit st\u00e5l k\u00f8kken \u2013 modulopbygget professionelt stork\u00f8kken","og_description":"Rustfrit st\u00e5l k\u00f8kken fra Electrolux Professional. Designet i moduler til indretning fuldst\u00e6ndig efter jeres behov. Designet med ergonomi for \u00f8je. Alle moduler overholder de strengeste internationale standarder med hensyn til hygiejne og renlighed.","og_url":"https:\/\/www.electroluxprofessional.com\/dk\/rustfrit-staal-koekken\/","og_site_name":"Electrolux Professional Danmark","article_modified_time":"2025-11-05T17:58:33+00:00","og_image":[{"width":2000,"height":1331,"url":"https:\/\/www.electroluxprofessional.com\/dk\/wp-content\/uploads\/2017\/01\/banner1.jpg","type":"image\/jpeg"}],"twitter_card":"summary_large_image","twitter_misc":{"Estimeret l\u00e6setid":"3 minutter"},"schema":{"@context":"https:\/\/schema.org","@graph":[{"@type":"WebPage","@id":"https:\/\/www.electroluxprofessional.com\/dk\/rustfrit-staal-koekken\/","url":"https:\/\/www.electroluxprofessional.com\/dk\/rustfrit-staal-koekken\/","name":"Rustfrit st\u00e5l k\u00f8kken \u2013 modulopbygget professionelt stork\u00f8kken","isPartOf":{"@id":"https:\/\/www.electroluxprofessional.com\/dk\/#website"},"primaryImageOfPage":{"@id":"https:\/\/www.electroluxprofessional.com\/dk\/rustfrit-staal-koekken\/#primaryimage"},"image":{"@id":"https:\/\/www.electroluxprofessional.com\/dk\/rustfrit-staal-koekken\/#primaryimage"},"thumbnailUrl":"https:\/\/www.electroluxprofessional.com\/dk\/wp-content\/uploads\/2017\/01\/banner1.jpg","datePublished":"2021-02-02T08:41:31+00:00","dateModified":"2025-11-05T17:58:33+00:00","description":"Rustfrit st\u00e5l k\u00f8kken fra Electrolux Professional. Designet i moduler til indretning fuldst\u00e6ndig efter jeres behov. Designet med ergonomi for \u00f8je. Alle moduler overholder de strengeste internationale standarder med hensyn til hygiejne og renlighed.","breadcrumb":{"@id":"https:\/\/www.electroluxprofessional.com\/dk\/rustfrit-staal-koekken\/#breadcrumb"},"inLanguage":"da-DK","potentialAction":[{"@type":"ReadAction","target":["https:\/\/www.electroluxprofessional.com\/dk\/rustfrit-staal-koekken\/"]}]},{"@type":"ImageObject","inLanguage":"da-DK","@id":"https:\/\/www.electroluxprofessional.com\/dk\/rustfrit-staal-koekken\/#primaryimage","url":"https:\/\/www.electroluxprofessional.com\/dk\/wp-content\/uploads\/2017\/01\/banner1.jpg","contentUrl":"https:\/\/www.electroluxprofessional.com\/dk\/wp-content\/uploads\/2017\/01\/banner1.jpg","width":2000,"height":1331,"caption":"food"},{"@type":"BreadcrumbList","@id":"https:\/\/www.electroluxprofessional.com\/dk\/rustfrit-staal-koekken\/#breadcrumb","itemListElement":[{"@type":"ListItem","position":1,"name":"Home","item":"https:\/\/www.electroluxprofessional.com\/dk\/"},{"@type":"ListItem","position":2,"name":"K\u00f8kken i rustfrit st\u00e5l"}]},{"@type":"WebSite","@id":"https:\/\/www.electroluxprofessional.com\/dk\/#website","url":"https:\/\/www.electroluxprofessional.com\/dk\/","name":"Electrolux Professional Danmark","description":"","potentialAction":[{"@type":"SearchAction","target":{"@type":"EntryPoint","urlTemplate":"https:\/\/www.electroluxprofessional.com\/dk\/?src={search_term_string}"},"query-input":"required name=search_term_string"}],"inLanguage":"da-DK"}]}},"_links":{"self":[{"href":"https:\/\/www.electroluxprofessional.com\/dk\/wp-json\/wp\/v2\/pages\/3425"}],"collection":[{"href":"https:\/\/www.electroluxprofessional.com\/dk\/wp-json\/wp\/v2\/pages"}],"about":[{"href":"https:\/\/www.electroluxprofessional.com\/dk\/wp-json\/wp\/v2\/types\/page"}],"author":[{"embeddable":true,"href":"https:\/\/www.electroluxprofessional.com\/dk\/wp-json\/wp\/v2\/users\/3"}],"replies":[{"embeddable":true,"href":"https:\/\/www.electroluxprofessional.com\/dk\/wp-json\/wp\/v2\/comments?post=3425"}],"version-history":[{"count":21,"href":"https:\/\/www.electroluxprofessional.com\/dk\/wp-json\/wp\/v2\/pages\/3425\/revisions"}],"predecessor-version":[{"id":30775,"href":"https:\/\/www.electroluxprofessional.com\/dk\/wp-json\/wp\/v2\/pages\/3425\/revisions\/30775"}],"wp:featuredmedia":[{"embeddable":true,"href":"https:\/\/www.electroluxprofessional.com\/dk\/wp-json\/wp\/v2\/media\/2332"}],"wp:attachment":[{"href":"https:\/\/www.electroluxprofessional.com\/dk\/wp-json\/wp\/v2\/media?parent=3425"}],"curies":[{"name":"wp","href":"https:\/\/api.w.org\/{rel}","templated":true}]}}