{"id":3394,"date":"2022-03-01T04:47:02","date_gmt":"2022-03-01T04:47:02","guid":{"rendered":"https:\/\/www.electroluxprofessional.com\/?page_id=5945"},"modified":"2025-11-05T17:51:32","modified_gmt":"2025-11-05T17:51:32","slug":"saladette","status":"publish","type":"page","link":"https:\/\/www.electroluxprofessional.com\/dk\/saladette\/","title":{"rendered":"Saladette k\u00f8lediske"},"content":{"rendered":"<p>[vc_row full_width=&#8221;electroluxpro-full-width-no-padding&#8221;][vc_column][elx_hero_slider label_text_color=&#8221;inherit&#8221; images=&#8221;2415&#8243;][elx_heading font_size=&#8221;h1&#8243; text_color=&#8221;inherit&#8221; text_align=&#8221;text-left&#8221;]Saladette k\u00f8ledisk[\/elx_heading][\/elx_hero_slider][\/vc_column][\/vc_row][vc_row][vc_column][vc_empty_space height=&#8221;64px&#8221;][\/vc_column][\/vc_row][vc_row][vc_column width=&#8221;1\/2&#8243;][vc_single_image image=&#8221;30720&#8243; img_size=&#8221;full&#8221; alignment=&#8221;center&#8221;][\/vc_column][vc_column width=&#8221;1\/2&#8243;][vc_empty_space][elx_heading font_container=&#8221;h1&#8243; font_size=&#8221;h1&#8243; text_color=&#8221;inherit&#8221;]Electrolux Professional <strong>saladette<\/strong> kombinerer bekvemmeligheden ved god bordplads med k\u00f8ling i top og bund[\/elx_heading][vc_column_text css=&#8221;.vc_custom_1640680578743{margin-top: 20px !important;border-top-width: 20px !important;padding-top: 20px !important;}&#8221; el_class=&#8221;p-16&#8243;]Electrolux saladette sparer en del plads og tilbyder en st\u00f8rre fleksibilitet i k\u00f8kkenet<\/p>\n<p>&nbsp;<\/p>\n<p><strong><a href=\"https:\/\/www.electroluxprofessional.com\/dk\/saladette\/#saladetteprodukter\">FIND OGS\u00c5 ANDRE L\u00d8SNINGER TIL DIT K\u00d8KKEN \u203a<\/a><\/strong>[\/vc_column_text][\/vc_column][\/vc_row][vc_row][vc_column][vc_empty_space height=&#8221;50px&#8221;][vc_empty_space height=&#8221;50px&#8221;][\/vc_column][\/vc_row][vc_row][vc_column width=&#8221;2\/3&#8243;][elx_heading font_container=&#8221;h5&#8243; font_size=&#8221;h5&#8243; text_color=&#8221;inherit&#8221; text_align=&#8221;text-left&#8221;]Din virksomhed kan m\u00e5ske ogs\u00e5 have gavn af vores saladette[\/elx_heading][vc_empty_space][vc_single_image image=&#8221;487&#8243; img_size=&#8221;750&#215;250&#8243;][vc_empty_space][vc_single_image image=&#8221;2415&#8243; img_size=&#8221;full&#8221;][\/vc_column][vc_column width=&#8221;1\/3&#8243;][vc_row_inner css=&#8221;.vc_custom_1582530727731{border-top-width: 1px !important;border-right-width: 1px !important;border-bottom-width: 1px !important;border-left-width: 1px !important;padding-top: 10px !important;padding-right: 10px !important;padding-bottom: 10px !important;padding-left: 10px !important;border-left-color: #dadfe1 !important;border-left-style: solid !important;border-right-color: #dadfe1 !important;border-right-style: solid !important;border-top-color: #dadfe1 !important;border-top-style: solid !important;border-bottom-color: #dadfe1 !important;border-bottom-style: solid !important;}&#8221;][vc_column_inner][elx_heading font_container=&#8221;h6&#8243; font_size=&#8221;h6&#8243; text_color=&#8221;inherit&#8221; text_align=&#8221;text-left&#8221;]Kontakt os her[\/elx_heading][elx_o2000_contact_us s=&#8221;Foresp\u00f8rgsel om saladette&#8221; country=&#8221;Denmark&#8221; container=&#8221;elxcontactus1480424351&#8243; r=&#8221;Vil du vide mere om Electrolux Professional Saladette? Kontakt os her&#8230;&#8221; e=&#8221;steen.rasmussen@electroluxprofessional.com&#8221; l=&#8221;dk&#8221;][\/vc_column_inner][\/vc_row_inner][\/vc_column][\/vc_row][vc_row full_width=&#8221;electroluxpro-full-width-no-padding&#8221; equal_height=&#8221;yes&#8221; css=&#8221;.vc_custom_1582532495842{margin-top: 64px !important;}&#8221;][vc_column width=&#8221;1\/2&#8243; css=&#8221;.vc_custom_1541060711821{padding-top: 30px !important;background-color: #dadfe1 !important;}&#8221; offset=&#8221;vc_hidden-xs&#8221;][elx_image_block background_image=&#8221;8856&#8243; minimum_height=&#8221;360px&#8221;][\/vc_column][vc_column width=&#8221;1\/2&#8243; css=&#8221;.vc_custom_1541060703713{background-color: #041e41 !important;}&#8221; offset=&#8221;vc_hidden-xs&#8221;][elx_simple_block text_color=&#8221;white&#8221; background_color=&#8221;inherit&#8221;][elx_heading font_container=&#8221;h4&#8243; text_color=&#8221;inherit&#8221;]Hj\u00e6lp til indretning af dit k\u00f8kken?<br \/>\n[\/elx_heading][vc_column_text css_animation=&#8221;fadeInRight&#8221; el_class=&#8221;p-16&#8243; css=&#8221;.vc_custom_1582532426953{padding-right: 32px !important;}&#8221;]Hos Electrolux er vi eksperter i at hj\u00e6lpe k\u00f8kkenchefer og kokke med at indrette k\u00f8kkener. Vi forst\u00e5r, hvad praktisk indretning og driftssikkert kvalitetsudstyr betyder for restaurantens produktivitet, arbejdsgl\u00e6de og uds\u00f8gt gastronomi.<\/p>\n<p>Vil du have tegninger og beregninger p\u00e5 dit nye k\u00f8kken, s\u00e5 kontakt Electrolux\u2019 k\u00f8kkenspecialister p\u00e5 tlf. 8740 3500.[\/vc_column_text][elx_button button_text=&#8221;F\u00c5 HJ\u00c6LP TIL INDRETNING AF K\u00d8KKEN&#8221; button_link=&#8221;url:https%3A%2F%2Fprofessional.electrolux.dk%2Fkontakt-indretning%2F|||&#8221; css=&#8221;.vc_custom_1582532451414{margin-top: 32px !important;}&#8221;][\/elx_simple_block][\/vc_column][\/vc_row][vc_row][vc_column][vc_empty_space height=&#8221;50px&#8221;][elx_heading font_size=&#8221;h3&#8243; text_color=&#8221;inherit&#8221; text_align=&#8221;text-center&#8221;]Find flere l\u00f8sninger til dit k\u00f8kken[\/elx_heading][\/vc_column][\/vc_row][vc_row css=&#8221;.vc_custom_1582531860797{margin-top: 50px !important;padding-top: 0px !important;}&#8221;][vc_column width=&#8221;1\/3&#8243;][elx_video_block background_image=&#8221;14525&#8243; video_link=&#8221;https:\/\/www.youtube.com\/watch?v=RRN6Tvqfkl8&amp;feature=emb_logo&#8221; minimum_height=&#8221;200px&#8221;][vc_empty_space height=&#8221;20px&#8221;][elx_heading font_container=&#8221;h4&#8243; text_color=&#8221;inherit&#8221; css=&#8221;.vc_custom_1581519806240{padding-top: 12px !important;padding-bottom: 0px !important;}&#8221;]SkyLine Cook &amp; Chill[\/elx_heading][vc_column_text el_class=&#8221;p-16&#8243; css=&#8221;.vc_custom_1581519862224{margin-top: 0px !important;}&#8221;]Med SkyLine industriovn og bl\u00e6stk\u00f8ler tilbereder du maden enkelt og intuitivt. Og du forbedrer b\u00e5de arbejdsgangen og madens kvalitet.<br \/>\n<a href=\"https:\/\/www.electroluxprofessional.com\/dk\/industriovn-skyline-cook-chill\/\">Se dine muligheder<\/a>[\/vc_column_text][vc_empty_space][\/vc_column][vc_column width=&#8221;1\/3&#8243;][elx_video_block background_image=&#8221;8623&#8243; video_link=&#8221;https:\/\/www.youtube.com\/watch?time_continue=6&amp;v=aKQRPw9_TwY&#8221; minimum_height=&#8221;200px&#8221;][vc_empty_space height=&#8221;20px&#8221;][elx_heading font_container=&#8221;h4&#8243; text_color=&#8221;inherit&#8221;]Automatisk pastakoger[\/elx_heading][vc_column_text el_class=&#8221;p-16&#8243;]Smart pastakoger til frisk, t\u00f8rret eller frossen pasta. Kurvene s\u00e6nkes og h\u00e6ves automatisk n\u00e5r pastaen er klar.<br \/>\n<a href=\"https:\/\/www.youtube.com\/watch?time_continue=4&amp;v=aKQRPw9_TwY\">Se video<\/a>[\/vc_column_text][vc_empty_space][\/vc_column][vc_column width=&#8221;1\/3&#8243;][vc_single_image image=&#8221;14782&#8243; img_size=&#8221;400&#215;222&#8243; alignment=&#8221;center&#8221; css=&#8221;.vc_custom_1581521464354{margin-bottom: 32px !important;}&#8221;][elx_heading font_container=&#8221;h4&#8243; text_color=&#8221;inherit&#8221;]Total k\u00f8kkenindretning[\/elx_heading][vc_column_text el_class=&#8221;p-16&#8243;]Electrolux Professional har koge-stege udstyr til en hver smag. Du kan v\u00e6lge mellem tre serier: XP, thermaline og Molteni.<br \/>\n<a href=\"https:\/\/www.electroluxprofessional.com\/dk\/professionelt-koekkenudstyr\/\">Se dine muligheder<\/a><br \/>\n<a name=\"saladetteprodukter\"><\/a>[\/vc_column_text][\/vc_column][\/vc_row]<\/p>\n","protected":false},"excerpt":{"rendered":"<p>[vc_row full_width=&#8221;electroluxpro-full-width-no-padding&#8221;][vc_column][elx_hero_slider label_text_color=&#8221;inherit&#8221; images=&#8221;2415&#8243;][elx_heading font_size=&#8221;h1&#8243; text_color=&#8221;inherit&#8221; text_align=&#8221;text-left&#8221;]Saladette k\u00f8ledisk[\/elx_heading][\/elx_hero_slider][\/vc_column][\/vc_row][vc_row][vc_column][vc_empty_space height=&#8221;64px&#8221;][\/vc_column][\/vc_row][vc_row][vc_column width=&#8221;1\/2&#8243;][vc_single_image image=&#8221;30720&#8243; img_size=&#8221;full&#8221; alignment=&#8221;center&#8221;][\/vc_column][vc_column width=&#8221;1\/2&#8243;][vc_empty_space][elx_heading font_container=&#8221;h1&#8243; font_size=&#8221;h1&#8243; text_color=&#8221;inherit&#8221;]Electrolux Professional saladette kombinerer bekvemmeligheden ved god bordplads med k\u00f8ling i top og bund[\/elx_heading][vc_column_text css=&#8221;.vc_custom_1640680578743{margin-top: 20px !important;border-top-width: 20px !important;padding-top: 20px !important;}&#8221; el_class=&#8221;p-16&#8243;]Electrolux saladette sparer en del plads og tilbyder en st\u00f8rre fleksibilitet i k\u00f8kkenet &nbsp; FIND OGS\u00c5 ANDRE L\u00d8SNINGER [&hellip;]<\/p>\n","protected":false},"author":3,"featured_media":2415,"parent":0,"menu_order":0,"comment_status":"closed","ping_status":"closed","template":"","meta":{"footnotes":""},"class_list":["post-3394","page","type-page","status-publish","has-post-thumbnail","hentry"],"acf":[],"yoast_head":"<!-- This site is optimized with the Yoast SEO plugin v23.3 - https:\/\/yoast.com\/wordpress\/plugins\/seo\/ -->\n<title>Saladette fra Electrolux Professional giver stor fleksibilitet<\/title>\n<meta name=\"description\" content=\"Electrolux Professional saladette sparer en del plads og tilbyder en st\u00f8rre fleksibilitet i k\u00f8kkenet. Saladette kombinerer bekvemmeligheden af bordplads med k\u00f8ling i top og bund.\" \/>\n<meta name=\"robots\" content=\"index, follow, max-snippet:-1, max-image-preview:large, max-video-preview:-1\" \/>\n<link rel=\"canonical\" href=\"https:\/\/www.electroluxprofessional.com\/dk\/saladette\/\" \/>\n<meta property=\"og:locale\" content=\"da_DK\" \/>\n<meta property=\"og:type\" content=\"article\" \/>\n<meta property=\"og:title\" content=\"Saladette fra Electrolux Professional giver stor fleksibilitet\" \/>\n<meta property=\"og:description\" content=\"Electrolux Professional saladette sparer en del plads og tilbyder en st\u00f8rre fleksibilitet i k\u00f8kkenet. Saladette kombinerer bekvemmeligheden af bordplads med k\u00f8ling i top og bund.\" \/>\n<meta property=\"og:url\" content=\"https:\/\/www.electroluxprofessional.com\/dk\/saladette\/\" \/>\n<meta property=\"og:site_name\" content=\"Electrolux Professional Danmark\" \/>\n<meta property=\"article:modified_time\" content=\"2025-11-05T17:51:32+00:00\" \/>\n<meta property=\"og:image\" content=\"https:\/\/www.electroluxprofessional.com\/dk\/wp-content\/uploads\/2016\/11\/banner-17.jpg\" \/>\n\t<meta property=\"og:image:width\" content=\"2000\" \/>\n\t<meta property=\"og:image:height\" content=\"1333\" \/>\n\t<meta property=\"og:image:type\" content=\"image\/jpeg\" \/>\n<meta name=\"twitter:card\" content=\"summary_large_image\" \/>\n<meta name=\"twitter:label1\" content=\"Estimeret l\u00e6setid\" \/>\n\t<meta name=\"twitter:data1\" content=\"3 minutter\" \/>\n<script type=\"application\/ld+json\" class=\"yoast-schema-graph\">{\"@context\":\"https:\/\/schema.org\",\"@graph\":[{\"@type\":\"WebPage\",\"@id\":\"https:\/\/www.electroluxprofessional.com\/dk\/saladette\/\",\"url\":\"https:\/\/www.electroluxprofessional.com\/dk\/saladette\/\",\"name\":\"Saladette fra Electrolux Professional giver stor fleksibilitet\",\"isPartOf\":{\"@id\":\"https:\/\/www.electroluxprofessional.com\/dk\/#website\"},\"primaryImageOfPage\":{\"@id\":\"https:\/\/www.electroluxprofessional.com\/dk\/saladette\/#primaryimage\"},\"image\":{\"@id\":\"https:\/\/www.electroluxprofessional.com\/dk\/saladette\/#primaryimage\"},\"thumbnailUrl\":\"https:\/\/www.electroluxprofessional.com\/dk\/wp-content\/uploads\/2016\/11\/banner-17.jpg\",\"datePublished\":\"2022-03-01T04:47:02+00:00\",\"dateModified\":\"2025-11-05T17:51:32+00:00\",\"description\":\"Electrolux Professional saladette sparer en del plads og tilbyder en st\u00f8rre fleksibilitet i k\u00f8kkenet. Saladette kombinerer bekvemmeligheden af bordplads med k\u00f8ling i top og bund.\",\"breadcrumb\":{\"@id\":\"https:\/\/www.electroluxprofessional.com\/dk\/saladette\/#breadcrumb\"},\"inLanguage\":\"da-DK\",\"potentialAction\":[{\"@type\":\"ReadAction\",\"target\":[\"https:\/\/www.electroluxprofessional.com\/dk\/saladette\/\"]}]},{\"@type\":\"ImageObject\",\"inLanguage\":\"da-DK\",\"@id\":\"https:\/\/www.electroluxprofessional.com\/dk\/saladette\/#primaryimage\",\"url\":\"https:\/\/www.electroluxprofessional.com\/dk\/wp-content\/uploads\/2016\/11\/banner-17.jpg\",\"contentUrl\":\"https:\/\/www.electroluxprofessional.com\/dk\/wp-content\/uploads\/2016\/11\/banner-17.jpg\",\"width\":2000,\"height\":1333,\"caption\":\"Electrolux Professional Saladette\"},{\"@type\":\"BreadcrumbList\",\"@id\":\"https:\/\/www.electroluxprofessional.com\/dk\/saladette\/#breadcrumb\",\"itemListElement\":[{\"@type\":\"ListItem\",\"position\":1,\"name\":\"Home\",\"item\":\"https:\/\/www.electroluxprofessional.com\/dk\/\"},{\"@type\":\"ListItem\",\"position\":2,\"name\":\"Saladette k\u00f8lediske\"}]},{\"@type\":\"WebSite\",\"@id\":\"https:\/\/www.electroluxprofessional.com\/dk\/#website\",\"url\":\"https:\/\/www.electroluxprofessional.com\/dk\/\",\"name\":\"Electrolux Professional Danmark\",\"description\":\"\",\"potentialAction\":[{\"@type\":\"SearchAction\",\"target\":{\"@type\":\"EntryPoint\",\"urlTemplate\":\"https:\/\/www.electroluxprofessional.com\/dk\/?src={search_term_string}\"},\"query-input\":\"required name=search_term_string\"}],\"inLanguage\":\"da-DK\"}]}<\/script>\n<!-- \/ Yoast SEO plugin. -->","yoast_head_json":{"title":"Saladette fra Electrolux Professional giver stor fleksibilitet","description":"Electrolux Professional saladette sparer en del plads og tilbyder en st\u00f8rre fleksibilitet i k\u00f8kkenet. Saladette kombinerer bekvemmeligheden af bordplads med k\u00f8ling i top og bund.","robots":{"index":"index","follow":"follow","max-snippet":"max-snippet:-1","max-image-preview":"max-image-preview:large","max-video-preview":"max-video-preview:-1"},"canonical":"https:\/\/www.electroluxprofessional.com\/dk\/saladette\/","og_locale":"da_DK","og_type":"article","og_title":"Saladette fra Electrolux Professional giver stor fleksibilitet","og_description":"Electrolux Professional saladette sparer en del plads og tilbyder en st\u00f8rre fleksibilitet i k\u00f8kkenet. Saladette kombinerer bekvemmeligheden af bordplads med k\u00f8ling i top og bund.","og_url":"https:\/\/www.electroluxprofessional.com\/dk\/saladette\/","og_site_name":"Electrolux Professional Danmark","article_modified_time":"2025-11-05T17:51:32+00:00","og_image":[{"width":2000,"height":1333,"url":"https:\/\/www.electroluxprofessional.com\/dk\/wp-content\/uploads\/2016\/11\/banner-17.jpg","type":"image\/jpeg"}],"twitter_card":"summary_large_image","twitter_misc":{"Estimeret l\u00e6setid":"3 minutter"},"schema":{"@context":"https:\/\/schema.org","@graph":[{"@type":"WebPage","@id":"https:\/\/www.electroluxprofessional.com\/dk\/saladette\/","url":"https:\/\/www.electroluxprofessional.com\/dk\/saladette\/","name":"Saladette fra Electrolux Professional giver stor fleksibilitet","isPartOf":{"@id":"https:\/\/www.electroluxprofessional.com\/dk\/#website"},"primaryImageOfPage":{"@id":"https:\/\/www.electroluxprofessional.com\/dk\/saladette\/#primaryimage"},"image":{"@id":"https:\/\/www.electroluxprofessional.com\/dk\/saladette\/#primaryimage"},"thumbnailUrl":"https:\/\/www.electroluxprofessional.com\/dk\/wp-content\/uploads\/2016\/11\/banner-17.jpg","datePublished":"2022-03-01T04:47:02+00:00","dateModified":"2025-11-05T17:51:32+00:00","description":"Electrolux Professional saladette sparer en del plads og tilbyder en st\u00f8rre fleksibilitet i k\u00f8kkenet. Saladette kombinerer bekvemmeligheden af bordplads med k\u00f8ling i top og bund.","breadcrumb":{"@id":"https:\/\/www.electroluxprofessional.com\/dk\/saladette\/#breadcrumb"},"inLanguage":"da-DK","potentialAction":[{"@type":"ReadAction","target":["https:\/\/www.electroluxprofessional.com\/dk\/saladette\/"]}]},{"@type":"ImageObject","inLanguage":"da-DK","@id":"https:\/\/www.electroluxprofessional.com\/dk\/saladette\/#primaryimage","url":"https:\/\/www.electroluxprofessional.com\/dk\/wp-content\/uploads\/2016\/11\/banner-17.jpg","contentUrl":"https:\/\/www.electroluxprofessional.com\/dk\/wp-content\/uploads\/2016\/11\/banner-17.jpg","width":2000,"height":1333,"caption":"Electrolux Professional Saladette"},{"@type":"BreadcrumbList","@id":"https:\/\/www.electroluxprofessional.com\/dk\/saladette\/#breadcrumb","itemListElement":[{"@type":"ListItem","position":1,"name":"Home","item":"https:\/\/www.electroluxprofessional.com\/dk\/"},{"@type":"ListItem","position":2,"name":"Saladette k\u00f8lediske"}]},{"@type":"WebSite","@id":"https:\/\/www.electroluxprofessional.com\/dk\/#website","url":"https:\/\/www.electroluxprofessional.com\/dk\/","name":"Electrolux Professional Danmark","description":"","potentialAction":[{"@type":"SearchAction","target":{"@type":"EntryPoint","urlTemplate":"https:\/\/www.electroluxprofessional.com\/dk\/?src={search_term_string}"},"query-input":"required name=search_term_string"}],"inLanguage":"da-DK"}]}},"_links":{"self":[{"href":"https:\/\/www.electroluxprofessional.com\/dk\/wp-json\/wp\/v2\/pages\/3394"}],"collection":[{"href":"https:\/\/www.electroluxprofessional.com\/dk\/wp-json\/wp\/v2\/pages"}],"about":[{"href":"https:\/\/www.electroluxprofessional.com\/dk\/wp-json\/wp\/v2\/types\/page"}],"author":[{"embeddable":true,"href":"https:\/\/www.electroluxprofessional.com\/dk\/wp-json\/wp\/v2\/users\/3"}],"replies":[{"embeddable":true,"href":"https:\/\/www.electroluxprofessional.com\/dk\/wp-json\/wp\/v2\/comments?post=3394"}],"version-history":[{"count":15,"href":"https:\/\/www.electroluxprofessional.com\/dk\/wp-json\/wp\/v2\/pages\/3394\/revisions"}],"predecessor-version":[{"id":30766,"href":"https:\/\/www.electroluxprofessional.com\/dk\/wp-json\/wp\/v2\/pages\/3394\/revisions\/30766"}],"wp:featuredmedia":[{"embeddable":true,"href":"https:\/\/www.electroluxprofessional.com\/dk\/wp-json\/wp\/v2\/media\/2415"}],"wp:attachment":[{"href":"https:\/\/www.electroluxprofessional.com\/dk\/wp-json\/wp\/v2\/media?parent=3394"}],"curies":[{"name":"wp","href":"https:\/\/api.w.org\/{rel}","templated":true}]}}