{"id":3390,"date":"2022-06-14T12:35:01","date_gmt":"2022-06-14T12:35:01","guid":{"rendered":"https:\/\/www.electroluxprofessional.com\/?page_id=8957"},"modified":"2025-11-05T17:59:54","modified_gmt":"2025-11-05T17:59:54","slug":"professionel-serveringsvogn","status":"publish","type":"page","link":"https:\/\/www.electroluxprofessional.com\/dk\/professionel-serveringsvogn\/","title":{"rendered":"Serveringsvogne"},"content":{"rendered":"<p>[vc_row full_width=&#8221;electroluxpro-full-width-no-padding&#8221;][vc_column][elx_hero_slider label_text_color=&#8221;inherit&#8221; images=&#8221;2443&#8243;][elx_heading text_color=&#8221;inherit&#8221;]Professionel serveringsvogn[\/elx_heading][\/elx_hero_slider][\/vc_column][\/vc_row][vc_row][vc_column][vc_empty_space][elx_heading font_container=&#8221;h1&#8243; text_color=&#8221;inherit&#8221;]I stork\u00f8kkener er en professionel serveringsvogn et vigtigt redskab for transport af tilbeh\u00f8r og udbringning mad[\/elx_heading][vc_empty_space][\/vc_column][\/vc_row][vc_row][vc_column width=&#8221;1\/2&#8243;][vc_empty_space][vc_column_text el_class=&#8221;p-16&#8243;]En Electrolux professionel serveringsvogn er fleksibel, med stor kapacitet, h\u00f8j effektivitet med stor tilbeh\u00f8rspakke, der giver utallige installation og brugsmuligheder.<\/p>\n<p><strong>Electrolux tilbyder et bredt udvalg af ergonomiske vogne til stork\u00f8kkener s\u00e5som; Rustfri indstiksvogne, kurvevogne, rulleborde samt servicevogne<\/strong>[\/vc_column_text][\/vc_column][vc_column width=&#8221;1\/2&#8243;][vc_single_image image=&#8221;2510&#8243; img_size=&#8221;full&#8221; alignment=&#8221;center&#8221;][\/vc_column][\/vc_row][vc_row css=&#8221;.vc_custom_1582034047336{margin-top: 32px !important;}&#8221;][vc_column width=&#8221;2\/3&#8243;][vc_row_inner][vc_column_inner][elx_heading font_container=&#8221;h3&#8243; font_size=&#8221;h3&#8243; text_color=&#8221;inherit&#8221; text_align=&#8221;text-left&#8221; css=&#8221;.vc_custom_1582635294475{margin-bottom: 40px !important;}&#8221;]F\u00e5 inspiration til din k\u00f8kkenl\u00f8sning[\/elx_heading][\/vc_column_inner][\/vc_row_inner][vc_empty_space height=&#8221;22px&#8221;][vc_row_inner][vc_column_inner offset=&#8221;vc_hidden-xs&#8221;][vc_empty_space height=&#8221;30px&#8221;][\/vc_column_inner][\/vc_row_inner][vc_row_inner][vc_column_inner width=&#8221;1\/2&#8243;][elx_video_block background_image=&#8221;8799&#8243; video_link=&#8221;https:\/\/www.youtube.com\/watch?time_continue=134&amp;v=V2p676XTGEk&#8221; minimum_height=&#8221;200px&#8221;][vc_empty_space height=&#8221;22px&#8221;][elx_heading font_container=&#8221;h4&#8243; text_color=&#8221;inherit&#8221; css=&#8221;.vc_custom_1582635359822{padding-top: 12px !important;padding-bottom: 0px !important;}&#8221;]Genial elektrisk grill[\/elx_heading][vc_column_text el_class=&#8221;p-16&#8243; css=&#8221;.vc_custom_1582635347217{margin-top: 0px !important;}&#8221;]F\u00e5 k\u00f8d og gr\u00f8ntsager til at smage grillkul-stegt.<br \/>\n<a href=\"https:\/\/www.electroluxprofessional.com\/dk\/electrolux-electric-powergrill-hp\/\">Se hvordan Electric PowerGrill HP fungerer<\/a>[\/vc_column_text][vc_empty_space][\/vc_column_inner][vc_column_inner width=&#8221;1\/2&#8243;][vc_single_image image=&#8221;9099&#8243; img_size=&#8221;360&#215;210&#8243; alignment=&#8221;center&#8221; css=&#8221;.vc_custom_1582635665958{margin-bottom: 32px !important;}&#8221;][elx_heading font_container=&#8221;h4&#8243; text_color=&#8221;inherit&#8221;]Vakuumpakker til sous-vide[\/elx_heading][vc_column_text el_class=&#8221;p-16&#8243;]Undg\u00e5 fugt og luft, som har skadelig effekt p\u00e5 madens holdbarhed.<br \/>\n<a href=\"https:\/\/www.electroluxprofessional.com\/dk\/cook-chill-tilbehoer\/#sousvide\">F\u00e5 inspiration her<\/a>[\/vc_column_text][vc_empty_space][\/vc_column_inner][\/vc_row_inner][vc_row_inner][vc_column_inner offset=&#8221;vc_hidden-xs&#8221;][vc_empty_space height=&#8221;52px&#8221;][\/vc_column_inner][\/vc_row_inner][vc_row_inner][vc_column_inner width=&#8221;1\/2&#8243;][vc_single_image image=&#8221;11302&#8243; img_size=&#8221;360&#215;210&#8243; alignment=&#8221;center&#8221; css=&#8221;.vc_custom_1582635861754{margin-bottom: 32px !important;}&#8221;][elx_heading font_container=&#8221;h4&#8243; text_color=&#8221;inherit&#8221; css=&#8221;.vc_custom_1582635753341{padding-top: 12px !important;padding-bottom: 0px !important;}&#8221;]En ren forn\u00f8jelse[\/elx_heading][vc_column_text el_class=&#8221;p-16&#8243; css=&#8221;.vc_custom_1582635734731{margin-top: 0px !important;}&#8221;]Med Electrolux\u2019 professionelle opvaskemaskiner er det en ren forn\u00f8jelse af klare opvasken.<br \/>\n<a href=\"https:\/\/www.electroluxprofessional.com\/dk\/industriopvaskemaskine\/\">V\u00e6lg mellem fem typer opvaskemaskiner<\/a>[\/vc_column_text][vc_empty_space][\/vc_column_inner][vc_column_inner width=&#8221;1\/2&#8243;][vc_single_image image=&#8221;8654&#8243; img_size=&#8221;360&#215;210&#8243; alignment=&#8221;center&#8221; css=&#8221;.vc_custom_1582636057760{margin-bottom: 32px !important;}&#8221;][elx_heading font_container=&#8221;h4&#8243; text_color=&#8221;inherit&#8221;]Har du sp\u00f8rgsm\u00e5l til Electrolux Professional?[\/elx_heading][vc_column_text el_class=&#8221;p-16&#8243;]Vil du h\u00f8re, hvordan vi kan hj\u00e6lpe med at indrette dit k\u00f8kken<br \/>\n<a href=\"https:\/\/www.electroluxprofessional.com\/dk\/kontakt-koekken\">Kontakt os <\/a>[\/vc_column_text][vc_empty_space][\/vc_column_inner][\/vc_row_inner][\/vc_column][vc_column width=&#8221;1\/3&#8243;][vc_row_inner css=&#8221;.vc_custom_1582032136166{border-top-width: 1px !important;border-right-width: 1px !important;border-bottom-width: 1px !important;border-left-width: 1px !important;padding-top: 10px !important;padding-right: 10px !important;padding-bottom: 15px !important;padding-left: 10px !important;border-left-color: #dadfe1 !important;border-left-style: solid !important;border-right-color: #dadfe1 !important;border-right-style: solid !important;border-top-color: #dadfe1 !important;border-top-style: solid !important;border-bottom-color: #dadfe1 !important;border-bottom-style: solid !important;}&#8221;][vc_column_inner][vc_column_text css=&#8221;.vc_custom_1583227200055{margin-bottom: 22px !important;}&#8221;]<\/p>\n<h6 style=\"line-height: 1.2em;\">F\u00e5 mere at vide om professionel serveringsvogn<\/h6>\n<p>[\/vc_column_text][elx_o2000_contact_us r=&#8221;Jeg vil gerne vide mere om Electrolux professionel serveringsvogn. Kontakt mig venligst.&#8221; s=&#8221;Professionel serveringsvogn&#8221; country=&#8221;Denmark&#8221; e=&#8221;steen.rasmussen@electroluxprofessional.com&#8221; l=&#8221;dk&#8221; container=&#8221;elxcontactus1486049263&#8243;][\/vc_column_inner][\/vc_row_inner][\/vc_column][\/vc_row]<\/p>\n","protected":false},"excerpt":{"rendered":"<p>[vc_row full_width=&#8221;electroluxpro-full-width-no-padding&#8221;][vc_column][elx_hero_slider label_text_color=&#8221;inherit&#8221; images=&#8221;2443&#8243;][elx_heading text_color=&#8221;inherit&#8221;]Professionel serveringsvogn[\/elx_heading][\/elx_hero_slider][\/vc_column][\/vc_row][vc_row][vc_column][vc_empty_space][elx_heading font_container=&#8221;h1&#8243; text_color=&#8221;inherit&#8221;]I stork\u00f8kkener er en professionel serveringsvogn et vigtigt redskab for transport af tilbeh\u00f8r og udbringning mad[\/elx_heading][vc_empty_space][\/vc_column][\/vc_row][vc_row][vc_column width=&#8221;1\/2&#8243;][vc_empty_space][vc_column_text el_class=&#8221;p-16&#8243;]En Electrolux professionel serveringsvogn er fleksibel, med stor kapacitet, h\u00f8j effektivitet med stor tilbeh\u00f8rspakke, der giver utallige installation og brugsmuligheder. Electrolux tilbyder et bredt udvalg af ergonomiske vogne til stork\u00f8kkener s\u00e5som; [&hellip;]<\/p>\n","protected":false},"author":3,"featured_media":539,"parent":0,"menu_order":0,"comment_status":"closed","ping_status":"closed","template":"","meta":{"footnotes":""},"class_list":["post-3390","page","type-page","status-publish","has-post-thumbnail","hentry"],"acf":[],"yoast_head":"<!-- This site is optimized with the Yoast SEO plugin v23.3 - https:\/\/yoast.com\/wordpress\/plugins\/seo\/ -->\n<title>Professionel serveringsvogn til det professionelle k\u00f8kken<\/title>\n<meta name=\"description\" content=\"Electrolux tilbyder et bredt udvalg af ergonomiske vogne til stork\u00f8kkener. En professionel serveringsvogn s\u00e5som: rustfri indstiksvogn, kurvevogn, rullebord og servicevogn.\" \/>\n<meta name=\"robots\" content=\"index, follow, max-snippet:-1, max-image-preview:large, max-video-preview:-1\" \/>\n<link rel=\"canonical\" href=\"https:\/\/www.electroluxprofessional.com\/dk\/professionel-serveringsvogn\/\" \/>\n<meta property=\"og:locale\" content=\"da_DK\" \/>\n<meta property=\"og:type\" content=\"article\" \/>\n<meta property=\"og:title\" content=\"Professionel serveringsvogn til det professionelle k\u00f8kken\" \/>\n<meta property=\"og:description\" content=\"Electrolux tilbyder et bredt udvalg af ergonomiske vogne til stork\u00f8kkener. En professionel serveringsvogn s\u00e5som: rustfri indstiksvogn, kurvevogn, rullebord og servicevogn.\" \/>\n<meta property=\"og:url\" content=\"https:\/\/www.electroluxprofessional.com\/dk\/professionel-serveringsvogn\/\" \/>\n<meta property=\"og:site_name\" content=\"Electrolux Professional Danmark\" \/>\n<meta property=\"article:modified_time\" content=\"2025-11-05T17:59:54+00:00\" \/>\n<meta property=\"og:image\" content=\"https:\/\/www.electroluxprofessional.com\/dk\/wp-content\/uploads\/2016\/11\/6899ade55d4bc92f3d116afa97913e06-1.jpg\" \/>\n\t<meta property=\"og:image:width\" content=\"5760\" \/>\n\t<meta property=\"og:image:height\" content=\"3840\" \/>\n\t<meta property=\"og:image:type\" content=\"image\/jpeg\" \/>\n<meta name=\"twitter:card\" content=\"summary_large_image\" \/>\n<meta name=\"twitter:label1\" content=\"Estimeret l\u00e6setid\" \/>\n\t<meta name=\"twitter:data1\" content=\"2 minutter\" \/>\n<script type=\"application\/ld+json\" class=\"yoast-schema-graph\">{\"@context\":\"https:\/\/schema.org\",\"@graph\":[{\"@type\":\"WebPage\",\"@id\":\"https:\/\/www.electroluxprofessional.com\/dk\/professionel-serveringsvogn\/\",\"url\":\"https:\/\/www.electroluxprofessional.com\/dk\/professionel-serveringsvogn\/\",\"name\":\"Professionel serveringsvogn til det professionelle k\u00f8kken\",\"isPartOf\":{\"@id\":\"https:\/\/www.electroluxprofessional.com\/dk\/#website\"},\"primaryImageOfPage\":{\"@id\":\"https:\/\/www.electroluxprofessional.com\/dk\/professionel-serveringsvogn\/#primaryimage\"},\"image\":{\"@id\":\"https:\/\/www.electroluxprofessional.com\/dk\/professionel-serveringsvogn\/#primaryimage\"},\"thumbnailUrl\":\"https:\/\/www.electroluxprofessional.com\/dk\/wp-content\/uploads\/2016\/11\/6899ade55d4bc92f3d116afa97913e06-1.jpg\",\"datePublished\":\"2022-06-14T12:35:01+00:00\",\"dateModified\":\"2025-11-05T17:59:54+00:00\",\"description\":\"Electrolux tilbyder et bredt udvalg af ergonomiske vogne til stork\u00f8kkener. En professionel serveringsvogn s\u00e5som: rustfri indstiksvogn, kurvevogn, rullebord og servicevogn.\",\"breadcrumb\":{\"@id\":\"https:\/\/www.electroluxprofessional.com\/dk\/professionel-serveringsvogn\/#breadcrumb\"},\"inLanguage\":\"da-DK\",\"potentialAction\":[{\"@type\":\"ReadAction\",\"target\":[\"https:\/\/www.electroluxprofessional.com\/dk\/professionel-serveringsvogn\/\"]}]},{\"@type\":\"ImageObject\",\"inLanguage\":\"da-DK\",\"@id\":\"https:\/\/www.electroluxprofessional.com\/dk\/professionel-serveringsvogn\/#primaryimage\",\"url\":\"https:\/\/www.electroluxprofessional.com\/dk\/wp-content\/uploads\/2016\/11\/6899ade55d4bc92f3d116afa97913e06-1.jpg\",\"contentUrl\":\"https:\/\/www.electroluxprofessional.com\/dk\/wp-content\/uploads\/2016\/11\/6899ade55d4bc92f3d116afa97913e06-1.jpg\",\"width\":5760,\"height\":3840,\"caption\":\"Wirtshaus Zinners\"},{\"@type\":\"BreadcrumbList\",\"@id\":\"https:\/\/www.electroluxprofessional.com\/dk\/professionel-serveringsvogn\/#breadcrumb\",\"itemListElement\":[{\"@type\":\"ListItem\",\"position\":1,\"name\":\"Home\",\"item\":\"https:\/\/www.electroluxprofessional.com\/dk\/\"},{\"@type\":\"ListItem\",\"position\":2,\"name\":\"Serveringsvogne\"}]},{\"@type\":\"WebSite\",\"@id\":\"https:\/\/www.electroluxprofessional.com\/dk\/#website\",\"url\":\"https:\/\/www.electroluxprofessional.com\/dk\/\",\"name\":\"Electrolux Professional Danmark\",\"description\":\"\",\"potentialAction\":[{\"@type\":\"SearchAction\",\"target\":{\"@type\":\"EntryPoint\",\"urlTemplate\":\"https:\/\/www.electroluxprofessional.com\/dk\/?src={search_term_string}\"},\"query-input\":\"required name=search_term_string\"}],\"inLanguage\":\"da-DK\"}]}<\/script>\n<!-- \/ Yoast SEO plugin. -->","yoast_head_json":{"title":"Professionel serveringsvogn til det professionelle k\u00f8kken","description":"Electrolux tilbyder et bredt udvalg af ergonomiske vogne til stork\u00f8kkener. En professionel serveringsvogn s\u00e5som: rustfri indstiksvogn, kurvevogn, rullebord og servicevogn.","robots":{"index":"index","follow":"follow","max-snippet":"max-snippet:-1","max-image-preview":"max-image-preview:large","max-video-preview":"max-video-preview:-1"},"canonical":"https:\/\/www.electroluxprofessional.com\/dk\/professionel-serveringsvogn\/","og_locale":"da_DK","og_type":"article","og_title":"Professionel serveringsvogn til det professionelle k\u00f8kken","og_description":"Electrolux tilbyder et bredt udvalg af ergonomiske vogne til stork\u00f8kkener. En professionel serveringsvogn s\u00e5som: rustfri indstiksvogn, kurvevogn, rullebord og servicevogn.","og_url":"https:\/\/www.electroluxprofessional.com\/dk\/professionel-serveringsvogn\/","og_site_name":"Electrolux Professional Danmark","article_modified_time":"2025-11-05T17:59:54+00:00","og_image":[{"width":5760,"height":3840,"url":"https:\/\/www.electroluxprofessional.com\/dk\/wp-content\/uploads\/2016\/11\/6899ade55d4bc92f3d116afa97913e06-1.jpg","type":"image\/jpeg"}],"twitter_card":"summary_large_image","twitter_misc":{"Estimeret l\u00e6setid":"2 minutter"},"schema":{"@context":"https:\/\/schema.org","@graph":[{"@type":"WebPage","@id":"https:\/\/www.electroluxprofessional.com\/dk\/professionel-serveringsvogn\/","url":"https:\/\/www.electroluxprofessional.com\/dk\/professionel-serveringsvogn\/","name":"Professionel serveringsvogn til det professionelle k\u00f8kken","isPartOf":{"@id":"https:\/\/www.electroluxprofessional.com\/dk\/#website"},"primaryImageOfPage":{"@id":"https:\/\/www.electroluxprofessional.com\/dk\/professionel-serveringsvogn\/#primaryimage"},"image":{"@id":"https:\/\/www.electroluxprofessional.com\/dk\/professionel-serveringsvogn\/#primaryimage"},"thumbnailUrl":"https:\/\/www.electroluxprofessional.com\/dk\/wp-content\/uploads\/2016\/11\/6899ade55d4bc92f3d116afa97913e06-1.jpg","datePublished":"2022-06-14T12:35:01+00:00","dateModified":"2025-11-05T17:59:54+00:00","description":"Electrolux tilbyder et bredt udvalg af ergonomiske vogne til stork\u00f8kkener. En professionel serveringsvogn s\u00e5som: rustfri indstiksvogn, kurvevogn, rullebord og servicevogn.","breadcrumb":{"@id":"https:\/\/www.electroluxprofessional.com\/dk\/professionel-serveringsvogn\/#breadcrumb"},"inLanguage":"da-DK","potentialAction":[{"@type":"ReadAction","target":["https:\/\/www.electroluxprofessional.com\/dk\/professionel-serveringsvogn\/"]}]},{"@type":"ImageObject","inLanguage":"da-DK","@id":"https:\/\/www.electroluxprofessional.com\/dk\/professionel-serveringsvogn\/#primaryimage","url":"https:\/\/www.electroluxprofessional.com\/dk\/wp-content\/uploads\/2016\/11\/6899ade55d4bc92f3d116afa97913e06-1.jpg","contentUrl":"https:\/\/www.electroluxprofessional.com\/dk\/wp-content\/uploads\/2016\/11\/6899ade55d4bc92f3d116afa97913e06-1.jpg","width":5760,"height":3840,"caption":"Wirtshaus Zinners"},{"@type":"BreadcrumbList","@id":"https:\/\/www.electroluxprofessional.com\/dk\/professionel-serveringsvogn\/#breadcrumb","itemListElement":[{"@type":"ListItem","position":1,"name":"Home","item":"https:\/\/www.electroluxprofessional.com\/dk\/"},{"@type":"ListItem","position":2,"name":"Serveringsvogne"}]},{"@type":"WebSite","@id":"https:\/\/www.electroluxprofessional.com\/dk\/#website","url":"https:\/\/www.electroluxprofessional.com\/dk\/","name":"Electrolux Professional Danmark","description":"","potentialAction":[{"@type":"SearchAction","target":{"@type":"EntryPoint","urlTemplate":"https:\/\/www.electroluxprofessional.com\/dk\/?src={search_term_string}"},"query-input":"required name=search_term_string"}],"inLanguage":"da-DK"}]}},"_links":{"self":[{"href":"https:\/\/www.electroluxprofessional.com\/dk\/wp-json\/wp\/v2\/pages\/3390"}],"collection":[{"href":"https:\/\/www.electroluxprofessional.com\/dk\/wp-json\/wp\/v2\/pages"}],"about":[{"href":"https:\/\/www.electroluxprofessional.com\/dk\/wp-json\/wp\/v2\/types\/page"}],"author":[{"embeddable":true,"href":"https:\/\/www.electroluxprofessional.com\/dk\/wp-json\/wp\/v2\/users\/3"}],"replies":[{"embeddable":true,"href":"https:\/\/www.electroluxprofessional.com\/dk\/wp-json\/wp\/v2\/comments?post=3390"}],"version-history":[{"count":10,"href":"https:\/\/www.electroluxprofessional.com\/dk\/wp-json\/wp\/v2\/pages\/3390\/revisions"}],"predecessor-version":[{"id":30778,"href":"https:\/\/www.electroluxprofessional.com\/dk\/wp-json\/wp\/v2\/pages\/3390\/revisions\/30778"}],"wp:featuredmedia":[{"embeddable":true,"href":"https:\/\/www.electroluxprofessional.com\/dk\/wp-json\/wp\/v2\/media\/539"}],"wp:attachment":[{"href":"https:\/\/www.electroluxprofessional.com\/dk\/wp-json\/wp\/v2\/media?parent=3390"}],"curies":[{"name":"wp","href":"https:\/\/api.w.org\/{rel}","templated":true}]}}