{"id":3379,"date":"2020-03-02T08:43:16","date_gmt":"2020-03-02T08:43:16","guid":{"rendered":"https:\/\/www.electroluxprofessional.com\/?page_id=5941"},"modified":"2021-04-12T08:10:04","modified_gmt":"2021-04-12T08:10:04","slug":"isterningmaskine-industri","status":"publish","type":"page","link":"https:\/\/www.electroluxprofessional.com\/dk\/isterningmaskine-industri\/","title":{"rendered":"Industri isterningmaskine"},"content":{"rendered":"<p>[vc_row full_width=&#8221;electroluxpro-full-width-no-padding&#8221;][vc_column][elx_image_block background_image=&#8221;607&#8243; minimum_height=&#8221;400px&#8221;][\/vc_column][\/vc_row][vc_row css=&#8221;.vc_custom_1613566113788{margin-top: 60px !important;}&#8221;][vc_column width=&#8221;2\/3&#8243;][vc_empty_space][elx_heading font_container=&#8221;h1&#8243; text_color=&#8221;inherit&#8221; text_align=&#8221;text-left&#8221;]Isternings- og brudismaskiner[\/elx_heading][vc_empty_space height=&#8221;50px&#8221;][vc_column_text el_class=&#8221;p-16&#8243;]<\/p>\n<p>Sortimentet af Electrolux is- og brudismaskiner er designet til at im\u00f8dekomme alle st\u00f8rrelser af spisesteder med et imponerende udvalg af 21 modeller, der producerer fra 21-200 kg isterninger pr. d\u00f8gn eller 90-500 kg brudis pr. d\u00f8gn.<\/p>\n<p>Spraysystemet frembringer faste krystalklare isterninger samt brudis.[\/vc_column_text][\/vc_column][vc_column width=&#8221;1\/3&#8243;][elx_image_block background_image=&#8221;2409&#8243; minimum_height=&#8221;450px&#8221;][\/vc_column][\/vc_row][vc_row][vc_column][vc_empty_space height=&#8221;50px&#8221;][elx_heading font_size=&#8221;h3&#8243; text_color=&#8221;inherit&#8221; text_align=&#8221;text-center&#8221;]Find den ideelle l\u00f8sning til din forretning[\/elx_heading][\/vc_column][\/vc_row][vc_row][vc_column width=&#8221;1\/3&#8243;][elx_maylike_box id_box=&#8221;2861&#8243; extra_class=&#8221;p-16&#8243;][\/vc_column][vc_column width=&#8221;1\/3&#8243;][elx_maylike_box id_box=&#8221;2866&#8243; extra_class=&#8221;p-16&#8243;][\/vc_column][vc_column width=&#8221;1\/3&#8243;][elx_maylike_box id_box=&#8221;2925&#8243; extra_class=&#8221;p-16&#8243;][\/vc_column][\/vc_row][vc_row][vc_column][vc_empty_space height=&#8221;50px&#8221;][elx_heading text_color=&#8221;inherit&#8221; text_align=&#8221;text-center&#8221;]Opdag, hvad vores isternings- og brudismaskiner kan g\u00f8re for din forretning[\/elx_heading][elx_o2000_contact_us r=&#8221;Jeg vil gerne vide mere om Electrolux Professional isternings &#8211; og brudismaskiner. Kontakt mig venligst.&#8221; s=&#8221;Mere om isternings &#8211; og brudismaskiner&#8221; country=&#8221;Denmark&#8221; l=&#8221;dk&#8221; e=&#8221;mere om ecostore k\u00f8lediske&#8221; container=&#8221;elxcontactus1480429564&#8243;][vc_empty_space height=&#8221;50px&#8221;][\/vc_column][\/vc_row]<\/p>\n","protected":false},"excerpt":{"rendered":"<p>[vc_row full_width=&#8221;electroluxpro-full-width-no-padding&#8221;][vc_column][elx_image_block background_image=&#8221;607&#8243; minimum_height=&#8221;400px&#8221;][\/vc_column][\/vc_row][vc_row css=&#8221;.vc_custom_1613566113788{margin-top: 60px !important;}&#8221;][vc_column width=&#8221;2\/3&#8243;][vc_empty_space][elx_heading font_container=&#8221;h1&#8243; text_color=&#8221;inherit&#8221; text_align=&#8221;text-left&#8221;]Isternings- og brudismaskiner[\/elx_heading][vc_empty_space height=&#8221;50px&#8221;][vc_column_text el_class=&#8221;p-16&#8243;] Sortimentet af Electrolux is- og brudismaskiner er designet til at im\u00f8dekomme alle st\u00f8rrelser af spisesteder med et imponerende udvalg af 21 modeller, der producerer fra 21-200 kg isterninger pr. d\u00f8gn eller 90-500 kg brudis pr. d\u00f8gn. Spraysystemet frembringer faste krystalklare [&hellip;]<\/p>\n","protected":false},"author":3,"featured_media":607,"parent":0,"menu_order":0,"comment_status":"closed","ping_status":"closed","template":"","meta":{"footnotes":""},"class_list":["post-3379","page","type-page","status-publish","has-post-thumbnail","hentry"],"acf":[],"yoast_head":"<!-- This site is optimized with the Yoast SEO plugin v23.3 - https:\/\/yoast.com\/wordpress\/plugins\/seo\/ -->\n<title>Isterningmaskine industri \u2013 bredt sortiment af professionelle maskiner<\/title>\n<meta name=\"description\" content=\"Electrolux Professionals sortiment af isterning- og brudismaskiner. Isterningmaskine industri er designet til alle st\u00f8rrelser af virksomheder og serveringssteder. Maskinerne kan producere fra 21- 200 kg isterninger indenfor 24 timer.\" \/>\n<meta name=\"robots\" content=\"index, follow, max-snippet:-1, max-image-preview:large, max-video-preview:-1\" \/>\n<link rel=\"canonical\" href=\"https:\/\/www.electroluxprofessional.com\/dk\/isterningmaskine-industri\/\" \/>\n<meta property=\"og:locale\" content=\"da_DK\" \/>\n<meta property=\"og:type\" content=\"article\" \/>\n<meta property=\"og:title\" content=\"Isterningmaskine industri \u2013 bredt sortiment af professionelle maskiner\" \/>\n<meta property=\"og:description\" content=\"Electrolux Professionals sortiment af isterning- og brudismaskiner. Isterningmaskine industri er designet til alle st\u00f8rrelser af virksomheder og serveringssteder. Maskinerne kan producere fra 21- 200 kg isterninger indenfor 24 timer.\" \/>\n<meta property=\"og:url\" content=\"https:\/\/www.electroluxprofessional.com\/dk\/isterningmaskine-industri\/\" \/>\n<meta property=\"og:site_name\" content=\"Electrolux Professional Danmark\" \/>\n<meta property=\"article:modified_time\" content=\"2021-04-12T08:10:04+00:00\" \/>\n<meta property=\"og:image\" content=\"https:\/\/www.electroluxprofessional.com\/dk\/wp-content\/uploads\/2016\/07\/bar-caf\u00e8-glass.jpg\" \/>\n\t<meta property=\"og:image:width\" content=\"1148\" \/>\n\t<meta property=\"og:image:height\" content=\"845\" \/>\n\t<meta property=\"og:image:type\" content=\"image\/jpeg\" \/>\n<meta name=\"twitter:card\" content=\"summary_large_image\" \/>\n<meta name=\"twitter:label1\" content=\"Estimeret l\u00e6setid\" \/>\n\t<meta name=\"twitter:data1\" content=\"1 minut\" \/>\n<script type=\"application\/ld+json\" class=\"yoast-schema-graph\">{\"@context\":\"https:\/\/schema.org\",\"@graph\":[{\"@type\":\"WebPage\",\"@id\":\"https:\/\/www.electroluxprofessional.com\/dk\/isterningmaskine-industri\/\",\"url\":\"https:\/\/www.electroluxprofessional.com\/dk\/isterningmaskine-industri\/\",\"name\":\"Isterningmaskine industri \u2013 bredt sortiment af professionelle maskiner\",\"isPartOf\":{\"@id\":\"https:\/\/www.electroluxprofessional.com\/dk\/#website\"},\"primaryImageOfPage\":{\"@id\":\"https:\/\/www.electroluxprofessional.com\/dk\/isterningmaskine-industri\/#primaryimage\"},\"image\":{\"@id\":\"https:\/\/www.electroluxprofessional.com\/dk\/isterningmaskine-industri\/#primaryimage\"},\"thumbnailUrl\":\"https:\/\/www.electroluxprofessional.com\/dk\/wp-content\/uploads\/2016\/07\/bar-caf\u00e8-glass.jpg\",\"datePublished\":\"2020-03-02T08:43:16+00:00\",\"dateModified\":\"2021-04-12T08:10:04+00:00\",\"description\":\"Electrolux Professionals sortiment af isterning- og brudismaskiner. Isterningmaskine industri er designet til alle st\u00f8rrelser af virksomheder og serveringssteder. Maskinerne kan producere fra 21- 200 kg isterninger indenfor 24 timer.\",\"breadcrumb\":{\"@id\":\"https:\/\/www.electroluxprofessional.com\/dk\/isterningmaskine-industri\/#breadcrumb\"},\"inLanguage\":\"da-DK\",\"potentialAction\":[{\"@type\":\"ReadAction\",\"target\":[\"https:\/\/www.electroluxprofessional.com\/dk\/isterningmaskine-industri\/\"]}]},{\"@type\":\"ImageObject\",\"inLanguage\":\"da-DK\",\"@id\":\"https:\/\/www.electroluxprofessional.com\/dk\/isterningmaskine-industri\/#primaryimage\",\"url\":\"https:\/\/www.electroluxprofessional.com\/dk\/wp-content\/uploads\/2016\/07\/bar-caf\u00e8-glass.jpg\",\"contentUrl\":\"https:\/\/www.electroluxprofessional.com\/dk\/wp-content\/uploads\/2016\/07\/bar-caf\u00e8-glass.jpg\",\"width\":1148,\"height\":845,\"caption\":\"Electrolux professional isterningmaskine industri\"},{\"@type\":\"BreadcrumbList\",\"@id\":\"https:\/\/www.electroluxprofessional.com\/dk\/isterningmaskine-industri\/#breadcrumb\",\"itemListElement\":[{\"@type\":\"ListItem\",\"position\":1,\"name\":\"Home\",\"item\":\"https:\/\/www.electroluxprofessional.com\/dk\/\"},{\"@type\":\"ListItem\",\"position\":2,\"name\":\"Industri isterningmaskine\"}]},{\"@type\":\"WebSite\",\"@id\":\"https:\/\/www.electroluxprofessional.com\/dk\/#website\",\"url\":\"https:\/\/www.electroluxprofessional.com\/dk\/\",\"name\":\"Electrolux Professional Danmark\",\"description\":\"\",\"potentialAction\":[{\"@type\":\"SearchAction\",\"target\":{\"@type\":\"EntryPoint\",\"urlTemplate\":\"https:\/\/www.electroluxprofessional.com\/dk\/?src={search_term_string}\"},\"query-input\":\"required name=search_term_string\"}],\"inLanguage\":\"da-DK\"}]}<\/script>\n<!-- \/ Yoast SEO plugin. -->","yoast_head_json":{"title":"Isterningmaskine industri \u2013 bredt sortiment af professionelle maskiner","description":"Electrolux Professionals sortiment af isterning- og brudismaskiner. Isterningmaskine industri er designet til alle st\u00f8rrelser af virksomheder og serveringssteder. Maskinerne kan producere fra 21- 200 kg isterninger indenfor 24 timer.","robots":{"index":"index","follow":"follow","max-snippet":"max-snippet:-1","max-image-preview":"max-image-preview:large","max-video-preview":"max-video-preview:-1"},"canonical":"https:\/\/www.electroluxprofessional.com\/dk\/isterningmaskine-industri\/","og_locale":"da_DK","og_type":"article","og_title":"Isterningmaskine industri \u2013 bredt sortiment af professionelle maskiner","og_description":"Electrolux Professionals sortiment af isterning- og brudismaskiner. Isterningmaskine industri er designet til alle st\u00f8rrelser af virksomheder og serveringssteder. Maskinerne kan producere fra 21- 200 kg isterninger indenfor 24 timer.","og_url":"https:\/\/www.electroluxprofessional.com\/dk\/isterningmaskine-industri\/","og_site_name":"Electrolux Professional Danmark","article_modified_time":"2021-04-12T08:10:04+00:00","og_image":[{"width":1148,"height":845,"url":"https:\/\/www.electroluxprofessional.com\/dk\/wp-content\/uploads\/2016\/07\/bar-caf\u00e8-glass.jpg","type":"image\/jpeg"}],"twitter_card":"summary_large_image","twitter_misc":{"Estimeret l\u00e6setid":"1 minut"},"schema":{"@context":"https:\/\/schema.org","@graph":[{"@type":"WebPage","@id":"https:\/\/www.electroluxprofessional.com\/dk\/isterningmaskine-industri\/","url":"https:\/\/www.electroluxprofessional.com\/dk\/isterningmaskine-industri\/","name":"Isterningmaskine industri \u2013 bredt sortiment af professionelle maskiner","isPartOf":{"@id":"https:\/\/www.electroluxprofessional.com\/dk\/#website"},"primaryImageOfPage":{"@id":"https:\/\/www.electroluxprofessional.com\/dk\/isterningmaskine-industri\/#primaryimage"},"image":{"@id":"https:\/\/www.electroluxprofessional.com\/dk\/isterningmaskine-industri\/#primaryimage"},"thumbnailUrl":"https:\/\/www.electroluxprofessional.com\/dk\/wp-content\/uploads\/2016\/07\/bar-caf\u00e8-glass.jpg","datePublished":"2020-03-02T08:43:16+00:00","dateModified":"2021-04-12T08:10:04+00:00","description":"Electrolux Professionals sortiment af isterning- og brudismaskiner. Isterningmaskine industri er designet til alle st\u00f8rrelser af virksomheder og serveringssteder. Maskinerne kan producere fra 21- 200 kg isterninger indenfor 24 timer.","breadcrumb":{"@id":"https:\/\/www.electroluxprofessional.com\/dk\/isterningmaskine-industri\/#breadcrumb"},"inLanguage":"da-DK","potentialAction":[{"@type":"ReadAction","target":["https:\/\/www.electroluxprofessional.com\/dk\/isterningmaskine-industri\/"]}]},{"@type":"ImageObject","inLanguage":"da-DK","@id":"https:\/\/www.electroluxprofessional.com\/dk\/isterningmaskine-industri\/#primaryimage","url":"https:\/\/www.electroluxprofessional.com\/dk\/wp-content\/uploads\/2016\/07\/bar-caf\u00e8-glass.jpg","contentUrl":"https:\/\/www.electroluxprofessional.com\/dk\/wp-content\/uploads\/2016\/07\/bar-caf\u00e8-glass.jpg","width":1148,"height":845,"caption":"Electrolux professional isterningmaskine industri"},{"@type":"BreadcrumbList","@id":"https:\/\/www.electroluxprofessional.com\/dk\/isterningmaskine-industri\/#breadcrumb","itemListElement":[{"@type":"ListItem","position":1,"name":"Home","item":"https:\/\/www.electroluxprofessional.com\/dk\/"},{"@type":"ListItem","position":2,"name":"Industri isterningmaskine"}]},{"@type":"WebSite","@id":"https:\/\/www.electroluxprofessional.com\/dk\/#website","url":"https:\/\/www.electroluxprofessional.com\/dk\/","name":"Electrolux Professional Danmark","description":"","potentialAction":[{"@type":"SearchAction","target":{"@type":"EntryPoint","urlTemplate":"https:\/\/www.electroluxprofessional.com\/dk\/?src={search_term_string}"},"query-input":"required name=search_term_string"}],"inLanguage":"da-DK"}]}},"_links":{"self":[{"href":"https:\/\/www.electroluxprofessional.com\/dk\/wp-json\/wp\/v2\/pages\/3379"}],"collection":[{"href":"https:\/\/www.electroluxprofessional.com\/dk\/wp-json\/wp\/v2\/pages"}],"about":[{"href":"https:\/\/www.electroluxprofessional.com\/dk\/wp-json\/wp\/v2\/types\/page"}],"author":[{"embeddable":true,"href":"https:\/\/www.electroluxprofessional.com\/dk\/wp-json\/wp\/v2\/users\/3"}],"replies":[{"embeddable":true,"href":"https:\/\/www.electroluxprofessional.com\/dk\/wp-json\/wp\/v2\/comments?post=3379"}],"version-history":[{"count":9,"href":"https:\/\/www.electroluxprofessional.com\/dk\/wp-json\/wp\/v2\/pages\/3379\/revisions"}],"predecessor-version":[{"id":19772,"href":"https:\/\/www.electroluxprofessional.com\/dk\/wp-json\/wp\/v2\/pages\/3379\/revisions\/19772"}],"wp:featuredmedia":[{"embeddable":true,"href":"https:\/\/www.electroluxprofessional.com\/dk\/wp-json\/wp\/v2\/media\/607"}],"wp:attachment":[{"href":"https:\/\/www.electroluxprofessional.com\/dk\/wp-json\/wp\/v2\/media?parent=3379"}],"curies":[{"name":"wp","href":"https:\/\/api.w.org\/{rel}","templated":true}]}}