{"id":31595,"date":"2026-02-24T12:52:06","date_gmt":"2026-02-24T12:52:06","guid":{"rendered":"https:\/\/www.electroluxprofessional.com\/dk\/?page_id=31595"},"modified":"2026-04-16T10:00:15","modified_gmt":"2026-04-16T10:00:15","slug":"baeredygtighedsvurderinger-og-certifikater","status":"publish","type":"page","link":"https:\/\/www.electroluxprofessional.com\/dk\/baeredygtige-loesninger\/baeredygtighedsvurderinger-og-certifikater\/","title":{"rendered":"B\u00e6redygtighedsvurderinger og certifikater"},"content":{"rendered":"<p>[vc_row full_width=&#8221;electroluxpro-full-width-no-padding&#8221;][vc_column][elx_image_block background_image=&#8221;31593&#8243; minimum_height=&#8221;400px&#8221;][\/vc_column][\/vc_row][vc_row][vc_column][vc_row_inner][vc_column_inner offset=&#8221;vc_hidden-sm vc_hidden-xs&#8221;][vc_empty_space height=&#8221;80px&#8221;][\/vc_column_inner][\/vc_row_inner][vc_row_inner][vc_column_inner offset=&#8221;vc_hidden-lg vc_hidden-md&#8221;][vc_empty_space][\/vc_column_inner][\/vc_row_inner][elx_heading font_container=&#8221;h1&#8243; text_color=&#8221;electrolux-blue&#8221; text_align=&#8221;text-center&#8221;]B\u00e6redygtighedsvurderinger og certifikater[\/elx_heading][vc_empty_space height=&#8221;14px&#8221;][vc_column_text]<\/p>\n<p style=\"text-align: center;\">Vi styrker vores engagement i en b\u00e6redygtig fremtid gennem milj\u00f8m\u00e6ssig gennemsigtighed.<\/p>\n<p>[\/vc_column_text][vc_row_inner][vc_column_inner offset=&#8221;vc_hidden-sm vc_hidden-xs&#8221;][vc_empty_space height=&#8221;80px&#8221;][\/vc_column_inner][\/vc_row_inner][vc_row_inner][vc_column_inner offset=&#8221;vc_hidden-lg vc_hidden-md&#8221;][vc_empty_space][\/vc_column_inner][\/vc_row_inner][\/vc_column][\/vc_row][vc_row css=&#8221;.vc_custom_1758284570657{background-color: #F5F5F5 !important;}&#8221;][vc_column][vc_empty_space height=&#8221;50px&#8221;][\/vc_column][\/vc_row][vc_row equal_height=&#8221;yes&#8221; css=&#8221;.vc_custom_1758802186212{background-color: #F5F5F5 !important;}&#8221;][vc_column width=&#8221;3\/5&#8243; el_class=&#8221;align-vertical-center&#8221;][elx_heading font_size=&#8221;h4&#8243; text_color=&#8221;electrolux-blue&#8221; text_align=&#8221;text-left&#8221;]I 2025 er vi stolte af at have modtaget den prestigefyldte Gold Sustainability Rating fra EcoVadis, hvilket placerer os blandt de 5 % bedste virksomheder, der er vurderet p\u00e5 verdensplan.[\/elx_heading][vc_row_inner][vc_column_inner offset=&#8221;vc_hidden-lg vc_hidden-md vc_hidden-sm&#8221;][vc_empty_space][\/vc_column_inner][\/vc_row_inner][\/vc_column][vc_column width=&#8221;2\/5&#8243;][vc_single_image image=&#8221;31590&#8243; img_size=&#8221;200&#215;200&#8243; alignment=&#8221;center&#8221;][\/vc_column][\/vc_row][vc_row css=&#8221;.vc_custom_1771583221625{background-color: #f5f5f5 !important;}&#8221;][vc_column][vc_empty_space height=&#8221;50px&#8221;][\/vc_column][\/vc_row][vc_row][vc_column][vc_empty_space height=&#8221;80px&#8221;][\/vc_column][\/vc_row][vc_row css=&#8221;.vc_custom_1758794818846{background-image: url(https:\/\/eprdev.comunicazione21.com\/wp-content\/uploads\/2025\/09\/Screenshot-2025-09-25-115810.jpg?id=56214) !important;background-position: center !important;background-repeat: no-repeat !important;background-size: cover !important;}&#8221;][vc_column][vc_empty_space height=&#8221;64px&#8221;][vc_row_inner][vc_column_inner][vc_column_text]<\/p>\n<p style=\"text-align: center;\"><span style=\"color: #ffffff;\">HVAD VI HAR OPN\u00c5ET IND TIL VIDERE<\/span><\/p>\n<p>[\/vc_column_text][vc_empty_space][elx_heading text_color=&#8221;white&#8221; text_align=&#8221;text-center&#8221;]I 2024 har vi v\u00e6ret i stand til at g\u00f8re betydelige fremskridt<br \/>\np\u00e5 alle omr\u00e5der af b\u00e6redygtighed siden 2019.<br \/>\n[\/elx_heading][vc_empty_space][\/vc_column_inner][\/vc_row_inner][vc_row_inner][vc_column_inner width=&#8221;1\/3&#8243;][vc_column_text]<\/p>\n<p style=\"font-size: 83px; text-align: center;\"><span style=\"color: #ffffff;\"><strong>-70%<\/strong><\/span><\/p>\n<p>[\/vc_column_text][elx_heading font_container=&#8221;h3&#8243; font_size=&#8221;p&#8221; text_color=&#8221;white&#8221; text_align=&#8221;text-center&#8221;]CO2-udledning, scope 1 og 2[\/elx_heading][vc_empty_space][\/vc_column_inner][vc_column_inner width=&#8221;1\/3&#8243;][vc_column_text]<\/p>\n<p style=\"font-size: 83px; text-align: center;\"><span style=\"color: #ffffff;\"><strong>92%<\/strong><\/span><\/p>\n<p>[\/vc_column_text][elx_heading font_container=&#8221;h3&#8243; font_size=&#8221;p&#8221; text_color=&#8221;white&#8221; text_align=&#8221;text-center&#8221;]Vedvarende energi[\/elx_heading][vc_empty_space][\/vc_column_inner][vc_column_inner width=&#8221;1\/3&#8243;][vc_column_text]<\/p>\n<p style=\"font-size: 83px; text-align: center;\"><span style=\"color: #ffffff;\"><strong>-41%<\/strong><\/span><\/p>\n<p>[\/vc_column_text][elx_heading font_container=&#8221;h3&#8243; font_size=&#8221;p&#8221; text_color=&#8221;white&#8221; text_align=&#8221;text-center&#8221;]CO2-udledning, scope 3[\/elx_heading][vc_empty_space][\/vc_column_inner][\/vc_row_inner][vc_empty_space height=&#8221;100px&#8221;][\/vc_column][\/vc_row][vc_row][vc_column offset=&#8221;vc_hidden-sm vc_hidden-xs&#8221;][vc_empty_space height=&#8221;80px&#8221;][\/vc_column][\/vc_row][vc_row][vc_column offset=&#8221;vc_hidden-lg vc_hidden-md&#8221;][vc_empty_space][\/vc_column][\/vc_row][vc_row][vc_column][elx_carousel_sust_ratings cards_bg_color=&#8221;card-bg-green&#8221; first_title=&#8221;Klimam\u00e5l&#8221; first_paragraph=&#8221;Electrolux Professional Group er b\u00e6redygtighedsleder i vores branche. Vores overordnede og ambiti\u00f8se m\u00e5l er at blive klimaneutrale i vores egne operationer inden 2030.&#8221; card_1_image=&#8221;31614&#8243; card_1_title=&#8221;Reducer CO2 scope 1 og 2 emissioner fra vores industristeder med 70 % fra 2019&#8243; card_1_number=&#8221;-70%&#8221; card_1_number_text=&#8221;M\u00e5l n\u00e5et i 2025&#8243; card_2_image=&#8221;31614&#8243; card_2_title=&#8221;Reducer scope 3 emissioner fra brugsfase af solgte produkter&#8221; card_2_number=&#8221;-27,5%&#8221; card_2_number_text=&#8221;M\u00e5l n\u00e5et i 2024&#8243;][vc_empty_space height=&#8221;64px&#8221;][elx_carousel_sust_ratings alignment=&#8221;right&#8221; first_title=&#8221;M\u00e5l for mennesker&#8221; first_paragraph=&#8221;Vores mission er at g\u00f8re vores kunders arbejdsliv lettere, mere rentabelt \u2013 og virkelig b\u00e6redygtigt hver dag. Dette kan kun opn\u00e5s gennem vores st\u00f8rste aktiv \u2013 vores medarbejdere.&#8221; card_1_title=&#8221;Sundheds- og sikkerhedsm\u00e5l for 2026&#8243; card_1_number=&#8221;0,5&#8243; card_1_number_text=&#8221;Nuv\u00e6rende 1,6&#8243; card_2_title=&#8221;M\u00e5l for k\u00f8nsdiversitet i 2030&#8243; card_2_number=&#8221;40\/60&#8243; card_2_number_text=&#8221;Nuv\u00e6rende 27\/73&#8243; card_1_paragraph=&#8221;M\u00e5lt ved arbejdsrelaterede uheld pr. 1.000.000 arbejdstimer&#8221; card_2_paragraph=&#8221;Fordeling m\u00e6nd\/kvinder eller kvinder\/m\u00e6nd&#8221;][\/vc_column][\/vc_row][vc_row][vc_column offset=&#8221;vc_hidden-sm vc_hidden-xs&#8221;][vc_empty_space height=&#8221;80px&#8221;][\/vc_column][\/vc_row][vc_row][vc_column offset=&#8221;vc_hidden-lg vc_hidden-md&#8221;][vc_empty_space][\/vc_column][\/vc_row][vc_row css=&#8221;.vc_custom_1758284570657{background-color: #F5F5F5 !important;}&#8221;][vc_column][vc_empty_space height=&#8221;50px&#8221;][\/vc_column][\/vc_row][vc_row content_placement=&#8221;middle&#8221; css=&#8221;.vc_custom_1758808799747{background-color: #F5F5F5 !important;}&#8221;][vc_column width=&#8221;1\/3&#8243; el_class=&#8221;align-vertical-center&#8221;][vc_row_inner][vc_column_inner][vc_empty_space height=&#8221;42px&#8221;][\/vc_column_inner][\/vc_row_inner][vc_single_image image=&#8221;31594&#8243; img_size=&#8221;400&#215;200&#8243; alignment=&#8221;center&#8221; el_class=&#8221;align-vertical-center&#8221;][\/vc_column][vc_column width=&#8221;2\/3&#8243;][elx_heading text_color=&#8221;electrolux-blue&#8221; text_align=&#8221;text-left&#8221;]Klimaneutral inden 2030[\/elx_heading][vc_empty_space height=&#8221;16px&#8221;][vc_column_text]Vores overordnede og ambiti\u00f8se m\u00e5l er at blive klimaneutrale i vores egne operationer inden 2030.<br \/>\nVi st\u00f8tter FN\u2019s 2030-dagsorden og de tilknyttede &#8220;Sustainable Development Goals&#8221; (SDG\u2019s) og <strong>har forpligtet os til at blive klimaneutrale inden 2030<\/strong>.<strong><br \/>\n<\/strong>[\/vc_column_text][vc_empty_space height=&#8221;28px&#8221;][elx_button button_text=&#8221;VORES B\u00c6REDYGTIGE UDVIKLINGSM\u00c5L&#8221; button_display_block=&#8221;display_block_on&#8221; button_alignment_mobile=&#8221;text-left-mobile&#8221; button_link=&#8221;url:https%3A%2F%2Fwww.electroluxprofessionalgroup.com%2Fen%2Fsustainability%2Fsustainable-development-goals%2F|title:VORES%20B%C3%86REDYGTIGE%20UDVIKLINGSM%C3%85L|target:_blank&#8221;][\/vc_column][\/vc_row][vc_row css=&#8221;.vc_custom_1758284570657{background-color: #F5F5F5 !important;}&#8221;][vc_column][vc_empty_space height=&#8221;50px&#8221;][\/vc_column][\/vc_row][vc_row][vc_column][vc_empty_space height=&#8221;80px&#8221;][\/vc_column][\/vc_row][vc_row][vc_column][elx_double_banner_sust tag_title=&#8221;h2&#8243; left_title=&#8221;B\u00e6redygtige f\u00f8devarel\u00f8sninger&#8221; left_link=&#8221;url:https%3A%2F%2Fwww.electroluxprofessional.com%2Fdk%2Fbaeredygtige-loesninger%2Fbaeredygtige-foedevareloesninger%2F|title:Opdag%20mere&#8221; right_title=&#8221;B\u00e6redygtige l\u00f8sninger til t\u00f8jvask&#8221; right_link=&#8221;url:https%3A%2F%2Fwww.electroluxprofessional.com%2Fdk%2Fbaeredygtige-loesninger%2Fformning-af-baeredygtig-vaskeri%2F|title:Opdag%20mere&#8221; left_image_media_library=&#8221;31613&#8243; right_image_media_library=&#8221;31615&#8243;][\/vc_column][\/vc_row][vc_row][vc_column][vc_empty_space height=&#8221;80px&#8221;][\/vc_column][\/vc_row]<\/p>\n","protected":false},"excerpt":{"rendered":"<p>[vc_row full_width=&#8221;electroluxpro-full-width-no-padding&#8221;][vc_column][elx_image_block background_image=&#8221;31593&#8243; minimum_height=&#8221;400px&#8221;][\/vc_column][\/vc_row][vc_row][vc_column][vc_row_inner][vc_column_inner offset=&#8221;vc_hidden-sm vc_hidden-xs&#8221;][vc_empty_space height=&#8221;80px&#8221;][\/vc_column_inner][\/vc_row_inner][vc_row_inner][vc_column_inner offset=&#8221;vc_hidden-lg vc_hidden-md&#8221;][vc_empty_space][\/vc_column_inner][\/vc_row_inner][elx_heading font_container=&#8221;h1&#8243; text_color=&#8221;electrolux-blue&#8221; text_align=&#8221;text-center&#8221;]B\u00e6redygtighedsvurderinger og certifikater[\/elx_heading][vc_empty_space height=&#8221;14px&#8221;][vc_column_text] Vi styrker vores engagement i en b\u00e6redygtig fremtid gennem milj\u00f8m\u00e6ssig gennemsigtighed. [\/vc_column_text][vc_row_inner][vc_column_inner offset=&#8221;vc_hidden-sm vc_hidden-xs&#8221;][vc_empty_space height=&#8221;80px&#8221;][\/vc_column_inner][\/vc_row_inner][vc_row_inner][vc_column_inner offset=&#8221;vc_hidden-lg vc_hidden-md&#8221;][vc_empty_space][\/vc_column_inner][\/vc_row_inner][\/vc_column][\/vc_row][vc_row css=&#8221;.vc_custom_1758284570657{background-color: #F5F5F5 !important;}&#8221;][vc_column][vc_empty_space height=&#8221;50px&#8221;][\/vc_column][\/vc_row][vc_row equal_height=&#8221;yes&#8221; css=&#8221;.vc_custom_1758802186212{background-color: #F5F5F5 !important;}&#8221;][vc_column width=&#8221;3\/5&#8243; el_class=&#8221;align-vertical-center&#8221;][elx_heading font_size=&#8221;h4&#8243; text_color=&#8221;electrolux-blue&#8221; text_align=&#8221;text-left&#8221;]I 2025 er vi stolte af at have modtaget den prestigefyldte [&hellip;]<\/p>\n","protected":false},"author":1,"featured_media":31569,"parent":31592,"menu_order":0,"comment_status":"closed","ping_status":"closed","template":"","meta":{"footnotes":""},"class_list":["post-31595","page","type-page","status-publish","has-post-thumbnail","hentry"],"acf":[],"yoast_head":"<!-- This site is optimized with the Yoast SEO plugin v23.3 - https:\/\/yoast.com\/wordpress\/plugins\/seo\/ -->\n<title>B\u00e6redygtighedsvurderinger og certifikater - Electrolux Professional Danmark<\/title>\n<meta name=\"description\" content=\"Electrolux Professional b\u00e6redygtighedsvurderinger og certifikater. Se vores klimam\u00e5l og de anerkendelser, vi har f\u00e5et fra f\u00f8rende globale vurderingsinstitutter for vores b\u00e6redygtighedsindsats.\" \/>\n<meta name=\"robots\" content=\"index, follow, max-snippet:-1, max-image-preview:large, max-video-preview:-1\" \/>\n<link rel=\"canonical\" href=\"https:\/\/www.electroluxprofessional.com\/dk\/baeredygtige-loesninger\/baeredygtighedsvurderinger-og-certifikater\/\" \/>\n<meta property=\"og:locale\" content=\"da_DK\" \/>\n<meta property=\"og:type\" content=\"article\" \/>\n<meta property=\"og:title\" content=\"B\u00e6redygtighedsvurderinger og certifikater - Electrolux Professional Danmark\" \/>\n<meta property=\"og:description\" content=\"Electrolux Professional b\u00e6redygtighedsvurderinger og certifikater. Se vores klimam\u00e5l og de anerkendelser, vi har f\u00e5et fra f\u00f8rende globale vurderingsinstitutter for vores b\u00e6redygtighedsindsats.\" \/>\n<meta property=\"og:url\" content=\"https:\/\/www.electroluxprofessional.com\/dk\/baeredygtige-loesninger\/baeredygtighedsvurderinger-og-certifikater\/\" \/>\n<meta property=\"og:site_name\" content=\"Electrolux Professional Danmark\" \/>\n<meta property=\"article:modified_time\" content=\"2026-04-16T10:00:15+00:00\" \/>\n<meta property=\"og:image\" content=\"https:\/\/www.electroluxprofessional.com\/dk\/wp-content\/uploads\/2026\/02\/A-sustainable-approach_1.jpeg\" \/>\n\t<meta property=\"og:image:width\" content=\"577\" \/>\n\t<meta property=\"og:image:height\" content=\"540\" \/>\n\t<meta property=\"og:image:type\" content=\"image\/jpeg\" \/>\n<meta name=\"twitter:card\" content=\"summary_large_image\" \/>\n<meta name=\"twitter:label1\" content=\"Estimeret l\u00e6setid\" \/>\n\t<meta name=\"twitter:data1\" content=\"4 minutter\" \/>\n<script type=\"application\/ld+json\" class=\"yoast-schema-graph\">{\"@context\":\"https:\/\/schema.org\",\"@graph\":[{\"@type\":\"WebPage\",\"@id\":\"https:\/\/www.electroluxprofessional.com\/dk\/baeredygtige-loesninger\/baeredygtighedsvurderinger-og-certifikater\/\",\"url\":\"https:\/\/www.electroluxprofessional.com\/dk\/baeredygtige-loesninger\/baeredygtighedsvurderinger-og-certifikater\/\",\"name\":\"B\u00e6redygtighedsvurderinger og certifikater - Electrolux Professional Danmark\",\"isPartOf\":{\"@id\":\"https:\/\/www.electroluxprofessional.com\/dk\/#website\"},\"primaryImageOfPage\":{\"@id\":\"https:\/\/www.electroluxprofessional.com\/dk\/baeredygtige-loesninger\/baeredygtighedsvurderinger-og-certifikater\/#primaryimage\"},\"image\":{\"@id\":\"https:\/\/www.electroluxprofessional.com\/dk\/baeredygtige-loesninger\/baeredygtighedsvurderinger-og-certifikater\/#primaryimage\"},\"thumbnailUrl\":\"https:\/\/www.electroluxprofessional.com\/dk\/wp-content\/uploads\/2026\/02\/A-sustainable-approach_1.jpeg\",\"datePublished\":\"2026-02-24T12:52:06+00:00\",\"dateModified\":\"2026-04-16T10:00:15+00:00\",\"description\":\"Electrolux Professional b\u00e6redygtighedsvurderinger og certifikater. Se vores klimam\u00e5l og de anerkendelser, vi har f\u00e5et fra f\u00f8rende globale vurderingsinstitutter for vores b\u00e6redygtighedsindsats.\",\"breadcrumb\":{\"@id\":\"https:\/\/www.electroluxprofessional.com\/dk\/baeredygtige-loesninger\/baeredygtighedsvurderinger-og-certifikater\/#breadcrumb\"},\"inLanguage\":\"da-DK\",\"potentialAction\":[{\"@type\":\"ReadAction\",\"target\":[\"https:\/\/www.electroluxprofessional.com\/dk\/baeredygtige-loesninger\/baeredygtighedsvurderinger-og-certifikater\/\"]}]},{\"@type\":\"ImageObject\",\"inLanguage\":\"da-DK\",\"@id\":\"https:\/\/www.electroluxprofessional.com\/dk\/baeredygtige-loesninger\/baeredygtighedsvurderinger-og-certifikater\/#primaryimage\",\"url\":\"https:\/\/www.electroluxprofessional.com\/dk\/wp-content\/uploads\/2026\/02\/A-sustainable-approach_1.jpeg\",\"contentUrl\":\"https:\/\/www.electroluxprofessional.com\/dk\/wp-content\/uploads\/2026\/02\/A-sustainable-approach_1.jpeg\",\"width\":577,\"height\":540},{\"@type\":\"BreadcrumbList\",\"@id\":\"https:\/\/www.electroluxprofessional.com\/dk\/baeredygtige-loesninger\/baeredygtighedsvurderinger-og-certifikater\/#breadcrumb\",\"itemListElement\":[{\"@type\":\"ListItem\",\"position\":1,\"name\":\"Home\",\"item\":\"https:\/\/www.electroluxprofessional.com\/dk\/\"},{\"@type\":\"ListItem\",\"position\":2,\"name\":\"B\u00e6redygtige l\u00f8sninger\",\"item\":\"https:\/\/www.electroluxprofessional.com\/dk\/baeredygtige-loesninger\/\"},{\"@type\":\"ListItem\",\"position\":3,\"name\":\"B\u00e6redygtighedsvurderinger og certifikater\"}]},{\"@type\":\"WebSite\",\"@id\":\"https:\/\/www.electroluxprofessional.com\/dk\/#website\",\"url\":\"https:\/\/www.electroluxprofessional.com\/dk\/\",\"name\":\"Electrolux Professional Danmark\",\"description\":\"\",\"potentialAction\":[{\"@type\":\"SearchAction\",\"target\":{\"@type\":\"EntryPoint\",\"urlTemplate\":\"https:\/\/www.electroluxprofessional.com\/dk\/?src={search_term_string}\"},\"query-input\":\"required name=search_term_string\"}],\"inLanguage\":\"da-DK\"}]}<\/script>\n<!-- \/ Yoast SEO plugin. -->","yoast_head_json":{"title":"B\u00e6redygtighedsvurderinger og certifikater - Electrolux Professional Danmark","description":"Electrolux Professional b\u00e6redygtighedsvurderinger og certifikater. Se vores klimam\u00e5l og de anerkendelser, vi har f\u00e5et fra f\u00f8rende globale vurderingsinstitutter for vores b\u00e6redygtighedsindsats.","robots":{"index":"index","follow":"follow","max-snippet":"max-snippet:-1","max-image-preview":"max-image-preview:large","max-video-preview":"max-video-preview:-1"},"canonical":"https:\/\/www.electroluxprofessional.com\/dk\/baeredygtige-loesninger\/baeredygtighedsvurderinger-og-certifikater\/","og_locale":"da_DK","og_type":"article","og_title":"B\u00e6redygtighedsvurderinger og certifikater - Electrolux Professional Danmark","og_description":"Electrolux Professional b\u00e6redygtighedsvurderinger og certifikater. Se vores klimam\u00e5l og de anerkendelser, vi har f\u00e5et fra f\u00f8rende globale vurderingsinstitutter for vores b\u00e6redygtighedsindsats.","og_url":"https:\/\/www.electroluxprofessional.com\/dk\/baeredygtige-loesninger\/baeredygtighedsvurderinger-og-certifikater\/","og_site_name":"Electrolux Professional Danmark","article_modified_time":"2026-04-16T10:00:15+00:00","og_image":[{"width":577,"height":540,"url":"https:\/\/www.electroluxprofessional.com\/dk\/wp-content\/uploads\/2026\/02\/A-sustainable-approach_1.jpeg","type":"image\/jpeg"}],"twitter_card":"summary_large_image","twitter_misc":{"Estimeret l\u00e6setid":"4 minutter"},"schema":{"@context":"https:\/\/schema.org","@graph":[{"@type":"WebPage","@id":"https:\/\/www.electroluxprofessional.com\/dk\/baeredygtige-loesninger\/baeredygtighedsvurderinger-og-certifikater\/","url":"https:\/\/www.electroluxprofessional.com\/dk\/baeredygtige-loesninger\/baeredygtighedsvurderinger-og-certifikater\/","name":"B\u00e6redygtighedsvurderinger og certifikater - Electrolux Professional Danmark","isPartOf":{"@id":"https:\/\/www.electroluxprofessional.com\/dk\/#website"},"primaryImageOfPage":{"@id":"https:\/\/www.electroluxprofessional.com\/dk\/baeredygtige-loesninger\/baeredygtighedsvurderinger-og-certifikater\/#primaryimage"},"image":{"@id":"https:\/\/www.electroluxprofessional.com\/dk\/baeredygtige-loesninger\/baeredygtighedsvurderinger-og-certifikater\/#primaryimage"},"thumbnailUrl":"https:\/\/www.electroluxprofessional.com\/dk\/wp-content\/uploads\/2026\/02\/A-sustainable-approach_1.jpeg","datePublished":"2026-02-24T12:52:06+00:00","dateModified":"2026-04-16T10:00:15+00:00","description":"Electrolux Professional b\u00e6redygtighedsvurderinger og certifikater. Se vores klimam\u00e5l og de anerkendelser, vi har f\u00e5et fra f\u00f8rende globale vurderingsinstitutter for vores b\u00e6redygtighedsindsats.","breadcrumb":{"@id":"https:\/\/www.electroluxprofessional.com\/dk\/baeredygtige-loesninger\/baeredygtighedsvurderinger-og-certifikater\/#breadcrumb"},"inLanguage":"da-DK","potentialAction":[{"@type":"ReadAction","target":["https:\/\/www.electroluxprofessional.com\/dk\/baeredygtige-loesninger\/baeredygtighedsvurderinger-og-certifikater\/"]}]},{"@type":"ImageObject","inLanguage":"da-DK","@id":"https:\/\/www.electroluxprofessional.com\/dk\/baeredygtige-loesninger\/baeredygtighedsvurderinger-og-certifikater\/#primaryimage","url":"https:\/\/www.electroluxprofessional.com\/dk\/wp-content\/uploads\/2026\/02\/A-sustainable-approach_1.jpeg","contentUrl":"https:\/\/www.electroluxprofessional.com\/dk\/wp-content\/uploads\/2026\/02\/A-sustainable-approach_1.jpeg","width":577,"height":540},{"@type":"BreadcrumbList","@id":"https:\/\/www.electroluxprofessional.com\/dk\/baeredygtige-loesninger\/baeredygtighedsvurderinger-og-certifikater\/#breadcrumb","itemListElement":[{"@type":"ListItem","position":1,"name":"Home","item":"https:\/\/www.electroluxprofessional.com\/dk\/"},{"@type":"ListItem","position":2,"name":"B\u00e6redygtige l\u00f8sninger","item":"https:\/\/www.electroluxprofessional.com\/dk\/baeredygtige-loesninger\/"},{"@type":"ListItem","position":3,"name":"B\u00e6redygtighedsvurderinger og certifikater"}]},{"@type":"WebSite","@id":"https:\/\/www.electroluxprofessional.com\/dk\/#website","url":"https:\/\/www.electroluxprofessional.com\/dk\/","name":"Electrolux Professional Danmark","description":"","potentialAction":[{"@type":"SearchAction","target":{"@type":"EntryPoint","urlTemplate":"https:\/\/www.electroluxprofessional.com\/dk\/?src={search_term_string}"},"query-input":"required name=search_term_string"}],"inLanguage":"da-DK"}]}},"_links":{"self":[{"href":"https:\/\/www.electroluxprofessional.com\/dk\/wp-json\/wp\/v2\/pages\/31595"}],"collection":[{"href":"https:\/\/www.electroluxprofessional.com\/dk\/wp-json\/wp\/v2\/pages"}],"about":[{"href":"https:\/\/www.electroluxprofessional.com\/dk\/wp-json\/wp\/v2\/types\/page"}],"author":[{"embeddable":true,"href":"https:\/\/www.electroluxprofessional.com\/dk\/wp-json\/wp\/v2\/users\/1"}],"replies":[{"embeddable":true,"href":"https:\/\/www.electroluxprofessional.com\/dk\/wp-json\/wp\/v2\/comments?post=31595"}],"version-history":[{"count":6,"href":"https:\/\/www.electroluxprofessional.com\/dk\/wp-json\/wp\/v2\/pages\/31595\/revisions"}],"predecessor-version":[{"id":32435,"href":"https:\/\/www.electroluxprofessional.com\/dk\/wp-json\/wp\/v2\/pages\/31595\/revisions\/32435"}],"up":[{"embeddable":true,"href":"https:\/\/www.electroluxprofessional.com\/dk\/wp-json\/wp\/v2\/pages\/31592"}],"wp:featuredmedia":[{"embeddable":true,"href":"https:\/\/www.electroluxprofessional.com\/dk\/wp-json\/wp\/v2\/media\/31569"}],"wp:attachment":[{"href":"https:\/\/www.electroluxprofessional.com\/dk\/wp-json\/wp\/v2\/media?parent=31595"}],"curies":[{"name":"wp","href":"https:\/\/api.w.org\/{rel}","templated":true}]}}