{"id":31592,"date":"2026-02-24T12:51:59","date_gmt":"2026-02-24T12:51:59","guid":{"rendered":"https:\/\/www.electroluxprofessional.com\/dk\/?page_id=31592"},"modified":"2026-04-16T10:01:07","modified_gmt":"2026-04-16T10:01:07","slug":"baeredygtige-loesninger","status":"publish","type":"page","link":"https:\/\/www.electroluxprofessional.com\/dk\/baeredygtige-loesninger\/","title":{"rendered":"B\u00e6redygtige l\u00f8sninger"},"content":{"rendered":"<p>[vc_row full_width=&#8221;electroluxpro-full-width-no-padding&#8221; el_id=&#8221;banner&#8221; min_height=&#8221;500px&#8221;][vc_column][elx_hero_video text_position=&#8221;hero_video_text_align_left&#8221; width_box=&#8221;none&#8221; background_video_mp4=&#8221;https:\/\/www.electroluxprofessional.com\/dk\/wp-content\/uploads\/2026\/02\/Sustainability-video-electrolux-professional_HERO_ULTRA_2MB.mp4&#8243;][\/elx_hero_video][\/vc_column][\/vc_row][vc_row][vc_column][vc_empty_space height=&#8221;50px&#8221;][elx_heading font_container=&#8221;h1&#8243; font_size=&#8221;h2&#8243; text_color=&#8221;inherit&#8221; text_align=&#8221;text-center&#8221;]B\u00e6redygtige l\u00f8sninger, der skaber langsigtet v\u00e6rdi for vores kunder verden over[\/elx_heading][vc_empty_space height=&#8221;20px&#8221;][vc_column_text]<\/p>\n<p style=\"text-align: center;\">Electrolux Professional \u00f8nsker at s\u00e6tte tempoet i de professionelle f\u00f8devare-, drikkevare- og vaskeribrancher gennem vores innovationer inden for b\u00e6redygtighed og energieffektivitet, underst\u00f8ttet af en forbundet og digital platform, der opfylder kundernes behov.<\/p>\n<p>[\/vc_column_text][vc_empty_space height=&#8221;50px&#8221;][\/vc_column][\/vc_row][vc_row content_placement=&#8221;middle&#8221; css=&#8221;.vc_custom_1758178561518{background-color: #F6F6F6 !important;}&#8221;][vc_column][vc_empty_space height=&#8221;40px&#8221;][\/vc_column][\/vc_row][vc_row equal_height=&#8221;yes&#8221; content_placement=&#8221;middle&#8221; css=&#8221;.vc_custom_1759215775499{background-color: #F6F6F6 !important;}&#8221;][vc_column el_class=&#8221;align-vertical-center&#8221;][elx_heading text_color=&#8221;inherit&#8221;]B\u00e6redygtighedsledende \u2013 opfylder behov ud over i morgen[\/elx_heading][vc_empty_space][\/vc_column][\/vc_row][vc_row content_placement=&#8221;middle&#8221; css=&#8221;.vc_custom_1758178561518{background-color: #F6F6F6 !important;}&#8221;][vc_column][vc_empty_space height=&#8221;40px&#8221;][\/vc_column][\/vc_row][vc_row equal_height=&#8221;yes&#8221; content_placement=&#8221;middle&#8221; css=&#8221;.vc_custom_1759215775499{background-color: #F6F6F6 !important;}&#8221;][vc_column width=&#8221;2\/3&#8243;][vc_column_text css=&#8221;.vc_custom_1771937772841{background-color: #f6f6f6 !important;}&#8221;]Hos Electrolux Professional Group er b\u00e6redygtighed indlejret i vores drift og kultur. Vi sigter mod at have en positiv indvirkning p\u00e5 professionelle f\u00f8devare-, drikkevare- og vaskeribrancher ved at hj\u00e6lpe virksomheder med at trives, institutioner med at blive mere effektive og arbejdspladser med at blive sikrere \u2013 samtidig med at vi reducerer energiforbrug, vand og vaskemidler.<\/p>\n<p>Vores strategi fokuserer p\u00e5 klima, sundhed &amp; sikkerhed og mangfoldighed med m\u00e5let om at v\u00e6re klimaneutral inden 2030, baseret p\u00e5 tre s\u00f8jler: B\u00e6redygtige l\u00f8sninger, B\u00e6redygtig drift og Etik &amp; relationer.<\/p>\n<p>Vi er stolte af at blive anerkendt som b\u00e6redygtighedsledere i vores branche. Denne anerkendelse bringer b\u00e5de stolthed og ansvar \u2013 at forts\u00e6tte med at forbedre os og opfylde behov ud over i morgen.<br \/>\n[\/vc_column_text][vc_empty_space height=&#8221;20px&#8221;][vc_column_text]<strong><em>Alberto Zanata, President and CEO<\/em><\/strong>[\/vc_column_text][\/vc_column][vc_column width=&#8221;1\/3&#8243;][vc_row_inner][vc_column_inner offset=&#8221;vc_hidden-lg vc_hidden-md vc_hidden-sm&#8221;][vc_empty_space][\/vc_column_inner][\/vc_row_inner][vc_empty_space height=&#8221;45px&#8221;][vc_single_image image=&#8221;31589&#8243; img_size=&#8221;full&#8221; alignment=&#8221;center&#8221;][\/vc_column][\/vc_row][vc_row content_placement=&#8221;middle&#8221; css=&#8221;.vc_custom_1758178561518{background-color: #F6F6F6 !important;}&#8221;][vc_column][vc_empty_space height=&#8221;40px&#8221;][\/vc_column][\/vc_row][vc_row][vc_column][vc_empty_space height=&#8221;50px&#8221;][\/vc_column][\/vc_row][vc_row][vc_column][elx_double_banner_sust tag_title=&#8221;h2&#8243; class_title=&#8221;h2&#8243; left_title=&#8221;B\u00e6redygtige f\u00f8devarel\u00f8sninger&#8221; left_image_media_library=&#8221;31613&#8243; right_title=&#8221;B\u00e6redygtige l\u00f8sninger til t\u00f8jvask&#8221; right_image_media_library=&#8221;31615&#8243; left_link=&#8221;url:https%3A%2F%2Fwww.electroluxprofessional.com%2Fdk%2Fbaeredygtige-loesninger%2Fbaeredygtige-foedevareloesninger%2F|title:Opdag%20mere&#8221; right_link=&#8221;url:https%3A%2F%2Fwww.electroluxprofessional.com%2Fdk%2Fbaeredygtige-loesninger%2Fformning-af-baeredygtig-vaskeri%2F|title:Opdag%20mere&#8221;][\/vc_column][\/vc_row][vc_row][vc_column][vc_empty_space height=&#8221;50px&#8221;][\/vc_column][\/vc_row][vc_row content_placement=&#8221;middle&#8221; css=&#8221;.vc_custom_1758178561518{background-color: #F6F6F6 !important;}&#8221;][vc_column][vc_empty_space height=&#8221;40px&#8221;][\/vc_column][\/vc_row][vc_row content_placement=&#8221;middle&#8221; css=&#8221;.vc_custom_1758187212823{background-color: #F6F6F6 !important;}&#8221;][vc_column width=&#8221;3\/5&#8243;][vc_row_inner][vc_column_inner offset=&#8221;vc_hidden-sm vc_hidden-xs&#8221;][vc_empty_space height=&#8221;40px&#8221;][\/vc_column_inner][\/vc_row_inner][vc_column_text]<\/p>\n<h3><span class=\"LineBox SCXP108091875 BCX0\"><span class=\"EOP SCXP108091875 BCX0\">Vi er stolte af at have modtaget den prestigefyldte Gold Sustainability Rating fra EcoVadis, som placerer os blandt de \u00f8verste 5 % af virksomheder vurderet globalt.\u200b<\/span><\/span><\/h3>\n<p>[\/vc_column_text][vc_row_inner][vc_column_inner offset=&#8221;vc_hidden-lg vc_hidden-md vc_hidden-sm&#8221;][vc_empty_space][\/vc_column_inner][\/vc_row_inner][\/vc_column][vc_column width=&#8221;2\/5&#8243;][vc_column_text css=&#8221;.vc_custom_1759216097926{background-color: #F6F6F6 !important;}&#8221;]<span style=\"color: #f6f6f6;\">.<\/span>[\/vc_column_text][vc_single_image image=&#8221;31590&#8243; img_size=&#8221;200&#215;200&#8243; alignment=&#8221;center&#8221;][\/vc_column][\/vc_row][vc_row content_placement=&#8221;middle&#8221; css=&#8221;.vc_custom_1758178561518{background-color: #F6F6F6 !important;}&#8221;][vc_column][vc_empty_space height=&#8221;40px&#8221;][\/vc_column][\/vc_row][vc_row][vc_column][vc_empty_space height=&#8221;50px&#8221;][\/vc_column][\/vc_row][vc_row css=&#8221;.vc_custom_1769764393796{background-image: url(https:\/\/eprdev.comunicazione21.com\/wp-content\/uploads\/2025\/09\/Screenshot-2025-09-25-115810.jpg?id=56214) !important;background-position: center !important;background-repeat: no-repeat !important;background-size: cover !important;}&#8221; el_class=&#8221;text-center&#8221;][vc_column][vc_empty_space height=&#8221;64px&#8221;][vc_row_inner][vc_column_inner][vc_column_text]<\/p>\n<p style=\"text-align: center;\"><span style=\"color: #ffffff;\">HVAD VI HAR OPN\u00c5ET IND TIL NU<\/span><\/p>\n<p>[\/vc_column_text][vc_empty_space][elx_heading text_color=&#8221;white&#8221; text_align=&#8221;text-center&#8221;]I 2024 har vi kunnet g\u00f8re betydelige fremskridt<br \/>\np\u00e5 alle omr\u00e5der af b\u00e6redygtighed siden 2019.<\/p>\n<p>[\/elx_heading][vc_empty_space][\/vc_column_inner][\/vc_row_inner][vc_row_inner][vc_column_inner width=&#8221;1\/3&#8243;][vc_column_text]<\/p>\n<p style=\"font-size: 83px; text-align: center;\"><span style=\"color: #ffffff;\"><strong>-70%<\/strong><\/span><\/p>\n<p>[\/vc_column_text][elx_heading font_container=&#8221;h3&#8243; font_size=&#8221;p&#8221; text_color=&#8221;white&#8221; text_align=&#8221;text-center&#8221;]CO2 scope 1&amp;2 emissioner[\/elx_heading][vc_empty_space][\/vc_column_inner][vc_column_inner width=&#8221;1\/3&#8243;][vc_column_text]<\/p>\n<p style=\"font-size: 83px; text-align: center;\"><span style=\"color: #ffffff;\"><strong>92%<\/strong><\/span><\/p>\n<p>[\/vc_column_text][elx_heading font_container=&#8221;h3&#8243; font_size=&#8221;p&#8221; text_color=&#8221;white&#8221; text_align=&#8221;text-center&#8221;]Vedvarende energi[\/elx_heading][vc_empty_space][\/vc_column_inner][vc_column_inner width=&#8221;1\/3&#8243;][vc_column_text]<\/p>\n<p style=\"font-size: 83px; text-align: center;\"><span style=\"color: #ffffff;\"><strong>-41%<\/strong><\/span><\/p>\n<p>[\/vc_column_text][elx_heading font_container=&#8221;h3&#8243; font_size=&#8221;p&#8221; text_color=&#8221;white&#8221; text_align=&#8221;text-center&#8221;]CO2 scope 3 emissioner<br \/>\n[\/elx_heading][vc_empty_space][\/vc_column_inner][\/vc_row_inner][vc_empty_space height=&#8221;70px&#8221;][elx_button button_text=&#8221;OPDAG VORES RESULTATER&#8221; button_style=&#8221;primary-white-bordered&#8221; button_link=&#8221;url:https%3A%2F%2Fwww.electroluxprofessional.com%2Fdk%2Fbaeredygtige-loesninger%2Fbaeredygtighedsvurderinger-og-certifikater%2F|title:B%C3%A6redygtighedsvurderinger%20og%20certifikater&#8221;][vc_empty_space height=&#8221;50px&#8221;][\/vc_column][\/vc_row][vc_row el_class=&#8221;text-center&#8221;][vc_column][vc_empty_space height=&#8221;55px&#8221;][\/vc_column][\/vc_row][vc_row][vc_column width=&#8221;1\/2&#8243;][vc_single_image image=&#8221;31569&#8243; img_size=&#8221;577&#215;540&#8243; alignment=&#8221;center&#8221;][vc_empty_space height=&#8221;20px&#8221;][elx_heading font_container=&#8221;h3&#8243; font_size=&#8221;h3&#8243; text_color=&#8221;inherit&#8221; text_align=&#8221;text-left&#8221;]Gode valg for planeten[\/elx_heading][vc_empty_space height=&#8221;10px&#8221;][vc_column_text]Electrolux Professional er her for at hj\u00e6lpe dig med at finde vejen til en b\u00e6redygtig fremtid. Der er mange muligheder for at g\u00f8re en positiv forskel ved at v\u00e6lge mere effektivt og energibesparende udstyr \u2013 det er ikke kun gode nyheder for planeten, men ogs\u00e5 for din virksomheds bundlinje. Det er tid til at tr\u00e6ffe de rigtige valg.[\/vc_column_text][vc_empty_space][\/vc_column][vc_column width=&#8221;1\/2&#8243;][vc_single_image image=&#8221;31591&#8243; img_size=&#8221;577&#215;540&#8243; alignment=&#8221;center&#8221;][vc_empty_space height=&#8221;20px&#8221;][elx_heading font_container=&#8221;h3&#8243; font_size=&#8221;h3&#8243; text_color=&#8221;inherit&#8221; text_align=&#8221;text-left&#8221;]En b\u00e6redygtig tilgang[\/elx_heading][vc_empty_space height=&#8221;10px&#8221;][vc_column_text]Det er vores mission at g\u00f8re vores kunders arbejdsliv lettere, mere rentabelt \u2013 og virkelig b\u00e6redygtigt hver dag. B\u00e6redygtighed er en n\u00f8gle del af vores strategi, kultur og drift.<br \/>\nVi bruger Sustainable Development Goals (SDGs) som vores kompas. Hver dag str\u00e6ber vi efter at forbedre b\u00e6redygtigheden i vores kunders v\u00e6rdik\u00e6de.[\/vc_column_text][vc_empty_space][\/vc_column][\/vc_row][vc_row el_class=&#8221;text-center&#8221;][vc_column][vc_empty_space][elx_button button_text=&#8221;VORES ETIK&#8221; button_link=&#8221;url:https%3A%2F%2Fwww.electroluxprofessionalgroup.com%2Fen%2Fsustainability%2Four-ethics%2F|title:VORES%20ETIK|target:_blank&#8221;][vc_empty_space][\/vc_column][\/vc_row][vc_row custom_color_row=&#8221;bg-row-light-blue&#8221;][vc_column][elx_last_references title=&#8221;Referencer&#8221; extra_class=&#8221;h4&#8243;][\/vc_column][\/vc_row][vc_row][vc_column][vc_empty_space height=&#8221;60px&#8221;][\/vc_column][\/vc_row]<\/p>\n","protected":false},"excerpt":{"rendered":"<p>[vc_row full_width=&#8221;electroluxpro-full-width-no-padding&#8221; el_id=&#8221;banner&#8221; min_height=&#8221;500px&#8221;][vc_column][elx_hero_video text_position=&#8221;hero_video_text_align_left&#8221; width_box=&#8221;none&#8221; background_video_mp4=&#8221;https:\/\/www.electroluxprofessional.com\/dk\/wp-content\/uploads\/2026\/02\/Sustainability-video-electrolux-professional_HERO_ULTRA_2MB.mp4&#8243;][\/elx_hero_video][\/vc_column][\/vc_row][vc_row][vc_column][vc_empty_space height=&#8221;50px&#8221;][elx_heading font_container=&#8221;h1&#8243; font_size=&#8221;h2&#8243; text_color=&#8221;inherit&#8221; text_align=&#8221;text-center&#8221;]B\u00e6redygtige l\u00f8sninger, der skaber langsigtet v\u00e6rdi for vores kunder verden over[\/elx_heading][vc_empty_space height=&#8221;20px&#8221;][vc_column_text] Electrolux Professional \u00f8nsker at s\u00e6tte tempoet i de professionelle f\u00f8devare-, drikkevare- og vaskeribrancher gennem vores innovationer inden for b\u00e6redygtighed og energieffektivitet, underst\u00f8ttet af en forbundet og digital platform, der opfylder kundernes behov. [&hellip;]<\/p>\n","protected":false},"author":1,"featured_media":31569,"parent":0,"menu_order":0,"comment_status":"closed","ping_status":"closed","template":"","meta":{"footnotes":""},"class_list":["post-31592","page","type-page","status-publish","has-post-thumbnail","hentry"],"acf":[],"yoast_head":"<!-- This site is optimized with the Yoast SEO plugin v23.3 - https:\/\/yoast.com\/wordpress\/plugins\/seo\/ -->\n<title>B\u00e6redygtige l\u00f8sninger - Electrolux Professional Danmark<\/title>\n<meta name=\"description\" content=\"Electrolux Professional B\u00e6redygtige l\u00f8sninger. Energieffektivt udstyr designet til at reducere ressourceforbruget og \u00f8ge ydeevnen for en virkelig b\u00e6redygtig fremtid.\" \/>\n<meta name=\"robots\" content=\"index, follow, max-snippet:-1, max-image-preview:large, max-video-preview:-1\" \/>\n<link rel=\"canonical\" href=\"https:\/\/www.electroluxprofessional.com\/dk\/baeredygtige-loesninger\/\" \/>\n<meta property=\"og:locale\" content=\"da_DK\" \/>\n<meta property=\"og:type\" content=\"article\" \/>\n<meta property=\"og:title\" content=\"B\u00e6redygtige l\u00f8sninger - Electrolux Professional Danmark\" \/>\n<meta property=\"og:description\" content=\"Electrolux Professional B\u00e6redygtige l\u00f8sninger. Energieffektivt udstyr designet til at reducere ressourceforbruget og \u00f8ge ydeevnen for en virkelig b\u00e6redygtig fremtid.\" \/>\n<meta property=\"og:url\" content=\"https:\/\/www.electroluxprofessional.com\/dk\/baeredygtige-loesninger\/\" \/>\n<meta property=\"og:site_name\" content=\"Electrolux Professional Danmark\" \/>\n<meta property=\"article:modified_time\" content=\"2026-04-16T10:01:07+00:00\" \/>\n<meta property=\"og:image\" content=\"https:\/\/www.electroluxprofessional.com\/dk\/wp-content\/uploads\/2026\/02\/A-sustainable-approach_1.jpeg\" \/>\n\t<meta property=\"og:image:width\" content=\"577\" \/>\n\t<meta property=\"og:image:height\" content=\"540\" \/>\n\t<meta property=\"og:image:type\" content=\"image\/jpeg\" \/>\n<meta name=\"twitter:card\" content=\"summary_large_image\" \/>\n<meta name=\"twitter:label1\" content=\"Estimeret l\u00e6setid\" \/>\n\t<meta name=\"twitter:data1\" content=\"5 minutter\" \/>\n<script type=\"application\/ld+json\" class=\"yoast-schema-graph\">{\"@context\":\"https:\/\/schema.org\",\"@graph\":[{\"@type\":\"WebPage\",\"@id\":\"https:\/\/www.electroluxprofessional.com\/dk\/baeredygtige-loesninger\/\",\"url\":\"https:\/\/www.electroluxprofessional.com\/dk\/baeredygtige-loesninger\/\",\"name\":\"B\u00e6redygtige l\u00f8sninger - Electrolux Professional Danmark\",\"isPartOf\":{\"@id\":\"https:\/\/www.electroluxprofessional.com\/dk\/#website\"},\"primaryImageOfPage\":{\"@id\":\"https:\/\/www.electroluxprofessional.com\/dk\/baeredygtige-loesninger\/#primaryimage\"},\"image\":{\"@id\":\"https:\/\/www.electroluxprofessional.com\/dk\/baeredygtige-loesninger\/#primaryimage\"},\"thumbnailUrl\":\"https:\/\/www.electroluxprofessional.com\/dk\/wp-content\/uploads\/2026\/02\/A-sustainable-approach_1.jpeg\",\"datePublished\":\"2026-02-24T12:51:59+00:00\",\"dateModified\":\"2026-04-16T10:01:07+00:00\",\"description\":\"Electrolux Professional B\u00e6redygtige l\u00f8sninger. Energieffektivt udstyr designet til at reducere ressourceforbruget og \u00f8ge ydeevnen for en virkelig b\u00e6redygtig fremtid.\",\"breadcrumb\":{\"@id\":\"https:\/\/www.electroluxprofessional.com\/dk\/baeredygtige-loesninger\/#breadcrumb\"},\"inLanguage\":\"da-DK\",\"potentialAction\":[{\"@type\":\"ReadAction\",\"target\":[\"https:\/\/www.electroluxprofessional.com\/dk\/baeredygtige-loesninger\/\"]}]},{\"@type\":\"ImageObject\",\"inLanguage\":\"da-DK\",\"@id\":\"https:\/\/www.electroluxprofessional.com\/dk\/baeredygtige-loesninger\/#primaryimage\",\"url\":\"https:\/\/www.electroluxprofessional.com\/dk\/wp-content\/uploads\/2026\/02\/A-sustainable-approach_1.jpeg\",\"contentUrl\":\"https:\/\/www.electroluxprofessional.com\/dk\/wp-content\/uploads\/2026\/02\/A-sustainable-approach_1.jpeg\",\"width\":577,\"height\":540},{\"@type\":\"BreadcrumbList\",\"@id\":\"https:\/\/www.electroluxprofessional.com\/dk\/baeredygtige-loesninger\/#breadcrumb\",\"itemListElement\":[{\"@type\":\"ListItem\",\"position\":1,\"name\":\"Home\",\"item\":\"https:\/\/www.electroluxprofessional.com\/dk\/\"},{\"@type\":\"ListItem\",\"position\":2,\"name\":\"B\u00e6redygtige l\u00f8sninger\"}]},{\"@type\":\"WebSite\",\"@id\":\"https:\/\/www.electroluxprofessional.com\/dk\/#website\",\"url\":\"https:\/\/www.electroluxprofessional.com\/dk\/\",\"name\":\"Electrolux Professional Danmark\",\"description\":\"\",\"potentialAction\":[{\"@type\":\"SearchAction\",\"target\":{\"@type\":\"EntryPoint\",\"urlTemplate\":\"https:\/\/www.electroluxprofessional.com\/dk\/?src={search_term_string}\"},\"query-input\":\"required name=search_term_string\"}],\"inLanguage\":\"da-DK\"}]}<\/script>\n<!-- \/ Yoast SEO plugin. -->","yoast_head_json":{"title":"B\u00e6redygtige l\u00f8sninger - Electrolux Professional Danmark","description":"Electrolux Professional B\u00e6redygtige l\u00f8sninger. Energieffektivt udstyr designet til at reducere ressourceforbruget og \u00f8ge ydeevnen for en virkelig b\u00e6redygtig fremtid.","robots":{"index":"index","follow":"follow","max-snippet":"max-snippet:-1","max-image-preview":"max-image-preview:large","max-video-preview":"max-video-preview:-1"},"canonical":"https:\/\/www.electroluxprofessional.com\/dk\/baeredygtige-loesninger\/","og_locale":"da_DK","og_type":"article","og_title":"B\u00e6redygtige l\u00f8sninger - Electrolux Professional Danmark","og_description":"Electrolux Professional B\u00e6redygtige l\u00f8sninger. Energieffektivt udstyr designet til at reducere ressourceforbruget og \u00f8ge ydeevnen for en virkelig b\u00e6redygtig fremtid.","og_url":"https:\/\/www.electroluxprofessional.com\/dk\/baeredygtige-loesninger\/","og_site_name":"Electrolux Professional Danmark","article_modified_time":"2026-04-16T10:01:07+00:00","og_image":[{"width":577,"height":540,"url":"https:\/\/www.electroluxprofessional.com\/dk\/wp-content\/uploads\/2026\/02\/A-sustainable-approach_1.jpeg","type":"image\/jpeg"}],"twitter_card":"summary_large_image","twitter_misc":{"Estimeret l\u00e6setid":"5 minutter"},"schema":{"@context":"https:\/\/schema.org","@graph":[{"@type":"WebPage","@id":"https:\/\/www.electroluxprofessional.com\/dk\/baeredygtige-loesninger\/","url":"https:\/\/www.electroluxprofessional.com\/dk\/baeredygtige-loesninger\/","name":"B\u00e6redygtige l\u00f8sninger - Electrolux Professional Danmark","isPartOf":{"@id":"https:\/\/www.electroluxprofessional.com\/dk\/#website"},"primaryImageOfPage":{"@id":"https:\/\/www.electroluxprofessional.com\/dk\/baeredygtige-loesninger\/#primaryimage"},"image":{"@id":"https:\/\/www.electroluxprofessional.com\/dk\/baeredygtige-loesninger\/#primaryimage"},"thumbnailUrl":"https:\/\/www.electroluxprofessional.com\/dk\/wp-content\/uploads\/2026\/02\/A-sustainable-approach_1.jpeg","datePublished":"2026-02-24T12:51:59+00:00","dateModified":"2026-04-16T10:01:07+00:00","description":"Electrolux Professional B\u00e6redygtige l\u00f8sninger. Energieffektivt udstyr designet til at reducere ressourceforbruget og \u00f8ge ydeevnen for en virkelig b\u00e6redygtig fremtid.","breadcrumb":{"@id":"https:\/\/www.electroluxprofessional.com\/dk\/baeredygtige-loesninger\/#breadcrumb"},"inLanguage":"da-DK","potentialAction":[{"@type":"ReadAction","target":["https:\/\/www.electroluxprofessional.com\/dk\/baeredygtige-loesninger\/"]}]},{"@type":"ImageObject","inLanguage":"da-DK","@id":"https:\/\/www.electroluxprofessional.com\/dk\/baeredygtige-loesninger\/#primaryimage","url":"https:\/\/www.electroluxprofessional.com\/dk\/wp-content\/uploads\/2026\/02\/A-sustainable-approach_1.jpeg","contentUrl":"https:\/\/www.electroluxprofessional.com\/dk\/wp-content\/uploads\/2026\/02\/A-sustainable-approach_1.jpeg","width":577,"height":540},{"@type":"BreadcrumbList","@id":"https:\/\/www.electroluxprofessional.com\/dk\/baeredygtige-loesninger\/#breadcrumb","itemListElement":[{"@type":"ListItem","position":1,"name":"Home","item":"https:\/\/www.electroluxprofessional.com\/dk\/"},{"@type":"ListItem","position":2,"name":"B\u00e6redygtige l\u00f8sninger"}]},{"@type":"WebSite","@id":"https:\/\/www.electroluxprofessional.com\/dk\/#website","url":"https:\/\/www.electroluxprofessional.com\/dk\/","name":"Electrolux Professional Danmark","description":"","potentialAction":[{"@type":"SearchAction","target":{"@type":"EntryPoint","urlTemplate":"https:\/\/www.electroluxprofessional.com\/dk\/?src={search_term_string}"},"query-input":"required name=search_term_string"}],"inLanguage":"da-DK"}]}},"_links":{"self":[{"href":"https:\/\/www.electroluxprofessional.com\/dk\/wp-json\/wp\/v2\/pages\/31592"}],"collection":[{"href":"https:\/\/www.electroluxprofessional.com\/dk\/wp-json\/wp\/v2\/pages"}],"about":[{"href":"https:\/\/www.electroluxprofessional.com\/dk\/wp-json\/wp\/v2\/types\/page"}],"author":[{"embeddable":true,"href":"https:\/\/www.electroluxprofessional.com\/dk\/wp-json\/wp\/v2\/users\/1"}],"replies":[{"embeddable":true,"href":"https:\/\/www.electroluxprofessional.com\/dk\/wp-json\/wp\/v2\/comments?post=31592"}],"version-history":[{"count":9,"href":"https:\/\/www.electroluxprofessional.com\/dk\/wp-json\/wp\/v2\/pages\/31592\/revisions"}],"predecessor-version":[{"id":32436,"href":"https:\/\/www.electroluxprofessional.com\/dk\/wp-json\/wp\/v2\/pages\/31592\/revisions\/32436"}],"wp:featuredmedia":[{"embeddable":true,"href":"https:\/\/www.electroluxprofessional.com\/dk\/wp-json\/wp\/v2\/media\/31569"}],"wp:attachment":[{"href":"https:\/\/www.electroluxprofessional.com\/dk\/wp-json\/wp\/v2\/media?parent=31592"}],"curies":[{"name":"wp","href":"https:\/\/api.w.org\/{rel}","templated":true}]}}