{"id":3091,"date":"2022-06-14T09:14:41","date_gmt":"2022-06-14T09:14:41","guid":{"rendered":"https:\/\/www.electroluxprofessional.com\/?page_id=1424"},"modified":"2022-06-16T11:55:53","modified_gmt":"2022-06-16T11:55:53","slug":"for-the-better-sustainability","status":"publish","type":"page","link":"https:\/\/www.electroluxprofessional.com\/dk\/for-the-better-sustainability\/","title":{"rendered":"For the Better"},"content":{"rendered":"<p>[vc_row full_width=&#8221;electroluxpro-full-width-no-padding&#8221;][vc_column][elx_hero_title label=&#8221;&#8221; label_background_color=&#8221;inherit&#8221; background_image=&#8221;660&#8243;][\/elx_hero_title][\/vc_column][\/vc_row][vc_row matched_labels=&#8221;&#8221; css=&#8221;.vc_custom_1655380504308{margin-top: 60px !important;}&#8221;][vc_column][elx_heading font_container=&#8221;h1&#8243; font_size=&#8221;h4&#8243; text_color=&#8221;inherit&#8221; text_align=&#8221;text-center&#8221;]<strong>Vi \u00f8nsker at g\u00f8re en positive forskel<\/strong> og v\u00e6re den bedste producent af maskiner i verden<strong>\u2013 og skabe en positiv forskel i folks hverdag og en positiv forskel for vores planet.<\/strong> [\/elx_heading][\/vc_column][\/vc_row][vc_row][vc_column][vc_empty_space][\/vc_column][\/vc_row][vc_row][vc_column css=&#8221;.vc_custom_1464253757950{padding-bottom: 30px !important;}&#8221;][elx_heading font_size=&#8221;h3&#8243; text_color=&#8221;inherit&#8221; text_align=&#8221;text-center&#8221;]Vores engagement[\/elx_heading][\/vc_column][\/vc_row][vc_row matched_labels=&#8221;&#8221; css=&#8221;.vc_custom_1655380525931{margin-top: 20px !important;}&#8221;][vc_column width=&#8221;1\/2&#8243;][elx_simple_link_block link=&#8221;url:https%3A%2F%2Fprofessional.electrolux.dk%2Flagoon-advanced-care%2F|title:Lagoon||&#8221; text_align=&#8221;text-left&#8221; text_color=&#8221;inherit&#8221; background_color=&#8221;inherit&#8221; background_hover_color=&#8221;darker-hover&#8221; extra_class=&#8221;&#8221; reveal_effect=&#8221;&#8221; reveal_duration=&#8221;&#8221; reveal_delay=&#8221;&#8221;][vc_single_image image=&#8221;571&#8243; img_size=&#8221;full&#8221; alignment=&#8221;center&#8221;][elx_heading font_container=&#8221;h3&#8243; text_color=&#8221;inherit&#8221;]<span style=\"color: #f08452;\">Eliminer skadelige materialer<\/span>[\/elx_heading][vc_column_text]<strong>Lagune Advanced Care<\/strong> er en milj\u00f8venlig rensel\u00f8sning helt uden toksiske kemikalier i renseprocessen. Vandet er opl\u00f8sningsmidlet.[\/vc_column_text][\/elx_simple_link_block][\/vc_column][vc_column width=&#8221;1\/2&#8243;][elx_simple_link_block link=&#8221;url:https%3A%2F%2Fprofessional.electrolux.dk%2Fvarmepumpe_toerretumblere%2F|title:Heat%20pump%20dryer||&#8221; text_align=&#8221;text-left&#8221; text_color=&#8221;inherit&#8221; background_color=&#8221;inherit&#8221; background_hover_color=&#8221;darker-hover&#8221; extra_class=&#8221;&#8221; reveal_effect=&#8221;&#8221; reveal_duration=&#8221;&#8221; reveal_delay=&#8221;&#8221;][vc_single_image image=&#8221;664&#8243; img_size=&#8221;full&#8221; alignment=&#8221;center&#8221;][elx_heading font_container=&#8221;h3&#8243; text_color=&#8221;inherit&#8221;]<span style=\"color: #f08452;\">Spar op til 60 % energi<\/span>[\/elx_heading][vc_column_text]Den revolutionerende teknologi p\u00e5 vores varmepumpe-t\u00f8rretumblere\u00a0medf\u00f8rer, at du\u00a0kan <strong>spare op til<\/strong> <strong>60% p\u00e5 energiforbruget<\/strong> samtidig med du bevarer en h\u00f8j produktivitet og den bedste kvalitet.[\/vc_column_text][\/elx_simple_link_block][\/vc_column][\/vc_row][vc_row][vc_column][vc_empty_space height=&#8221;50px&#8221;][\/vc_column][\/vc_row][vc_row][vc_column width=&#8221;1\/2&#8243;][elx_simple_link_block link=&#8221;url:https%3A%2F%2Fprofessional.electrolux.dk%2Fcommercial-kitchen-equipment%2Frefrigerated-cabinets%2F|title:Refrigeration%20equipment||&#8221; text_align=&#8221;text-left&#8221; text_color=&#8221;inherit&#8221; background_color=&#8221;inherit&#8221; background_hover_color=&#8221;darker-hover&#8221; extra_class=&#8221;&#8221; reveal_effect=&#8221;&#8221; reveal_duration=&#8221;&#8221; reveal_delay=&#8221;&#8221;][vc_single_image image=&#8221;665&#8243; img_size=&#8221;full&#8221; alignment=&#8221;center&#8221;][elx_heading font_container=&#8221;h3&#8243; text_color=&#8221;inherit&#8221;]<span style=\"color: #f08452;\">V\u00e6lg et ansvarligt k\u00f8leskab<\/span>[\/elx_heading][vc_column_text]Med den nye generation af k\u00f8le- og fryseskabe, kan du <strong>spare penge p\u00e5 str\u00f8m<\/strong> og samtidig g\u00f8re en <strong>positiv forskel for milj\u00f8et<\/strong>.[\/vc_column_text][\/elx_simple_link_block][\/vc_column][vc_column width=&#8221;1\/2&#8243;][elx_simple_link_block link=&#8221;url:https%3A%2F%2Fprofessional.electrolux.dk%2Fhaetteopvaskemaskiner%2F|title:Hood%20Type%20Dishwasher||&#8221; text_align=&#8221;text-left&#8221; text_color=&#8221;inherit&#8221; background_color=&#8221;inherit&#8221; background_hover_color=&#8221;darker-hover&#8221; extra_class=&#8221;&#8221; reveal_effect=&#8221;&#8221; reveal_duration=&#8221;&#8221; reveal_delay=&#8221;&#8221;][vc_single_image image=&#8221;666&#8243; img_size=&#8221;full&#8221;][elx_heading font_container=&#8221;h3&#8243; text_color=&#8221;inherit&#8221;]<span style=\"color: #f08452;\">Spar penge p\u00e5 str\u00f8m<\/span><br \/>\n[\/elx_heading][vc_column_text]Med Green&amp;Clean h\u00e6tteopvaskemaskiner f\u00e5r du <strong>lavere driftsomkostninger<\/strong>, da du b\u00e5de <strong>sparer penge p\u00e5 str\u00f8m<\/strong> og samtidig har et <strong>lavere forbrug af vand<\/strong>.[\/vc_column_text][\/elx_simple_link_block][\/vc_column][\/vc_row][vc_row][vc_column][vc_empty_space height=&#8221;50px&#8221;][\/vc_column][\/vc_row][vc_row css=&#8221;.vc_custom_1485505201301{margin-right: 0px !important;border-right-width: 0px !important;padding-right: 0px !important;}&#8221;][vc_column width=&#8221;2\/3&#8243;][elx_heading font_size=&#8221;h3&#8243; text_color=&#8221;inherit&#8221;]<strong>En garanteret kultur, hvad ang\u00e5r sikkerhed.<\/strong><br \/>\nAndre snakker, vi handler. [\/elx_heading][vc_empty_space][\/vc_column][vc_column width=&#8221;1\/3&#8243;][\/vc_column][\/vc_row][vc_row][vc_column width=&#8221;1\/4&#8243;][vc_column_text]Vores kunder skal <strong>f\u00f8le sig sikre<\/strong> \u2013 og trygt kunne regne med, at de ikke uds\u00e6ttes for skadelige materialer og kemikalier fra vores produkter. De skal trygt spise mad, der er tilberedt p\u00e5 vores produkter, og trygt ikl\u00e6de sig t\u00f8j, der er vasket i vores maskiner.[\/vc_column_text][elx_button button_text=&#8221;L\u00e6s mere&#8221; button_style=&#8221;icon&#8221; css=&#8221;.vc_custom_1510649566918{margin-top: 0px !important;border-top-width: 0px !important;padding-top: 0px !important;}&#8221; button_link=&#8221;url:https%3A%2F%2Fprofessional.electrolux.dk%2Fsafety|title:Culture%20of%20safety||&#8221;][\/vc_column][\/vc_row][vc_row disable_element=&#8221;yes&#8221;][vc_column][vc_column_text css_animation=&#8221;appear&#8221;]<\/p>\n<h3 style=\"text-align: center;\">It&#8217;s better to think of work safety<\/h3>\n<p>[\/vc_column_text][\/vc_column][\/vc_row][vc_row full_width=&#8221;electroluxpro-container-no-padding&#8221; equal_height=&#8221;yes&#8221; disable_element=&#8221;yes&#8221; css=&#8221;.vc_custom_1485504714043{padding-top: 20px !important;padding-bottom: 20px !important;background-color: #f7f6f6 !important;}&#8221;][vc_column width=&#8221;1\/3&#8243;][elx_image_block background_image=&#8221;661&#8243; minimum_height=&#8221;200px&#8221;][\/vc_column][vc_column width=&#8221;1\/3&#8243;][elx_simple_block text_align=&#8221;text-center&#8221; text_color=&#8221;white&#8221; background_color=&#8221;electrolux-blue&#8221;][elx_heading font_container=&#8221;h3&#8243; text_color=&#8221;inherit&#8221;]<span style=\"color: #ffffff;\">Imagine a zero risk\u00a0 workplace<\/span>[\/elx_heading][vc_column_text]<\/p>\n<p class=\" inherit inherit inherit\" style=\"text-align: center;\">Safety is not a nice-to-have option<\/p>\n<p>[\/vc_column_text][elx_button button_text=&#8221;Find out more&#8221; button_link=&#8221;url:https%3A%2F%2Fprofessional.electrolux.dk%2Fsafety%2F|title:Find%20out%20more|&#8221;][\/elx_simple_block][\/vc_column][vc_column width=&#8221;1\/3&#8243;][elx_image_block background_image=&#8221;662&#8243; minimum_height=&#8221;200px&#8221;][\/vc_column][\/vc_row][vc_row][vc_column][vc_empty_space height=&#8221;50px&#8221;][\/vc_column][\/vc_row][vc_row][vc_column width=&#8221;1\/2&#8243;][vc_empty_space][vc_single_image image=&#8221;667&#8243; img_size=&#8221;full&#8221; alignment=&#8221;center&#8221;][\/vc_column][vc_column width=&#8221;1\/2&#8243;][elx_simple_block background_color=&#8221;inherit&#8221;][elx_heading font_container=&#8221;h3&#8243; text_color=&#8221;inherit&#8221;]<span style=\"color: #f08452;\">Vi arbejder hen imod gr\u00f8nne alternative str\u00f8mkilder<\/span>[\/elx_heading][vc_column_text]Vi arbejder p\u00e5, at vores st\u00f8rste produktionssteder i Europa kun skal bruge<strong> str\u00f8m, der kommer fra vedvarende energi.<\/strong>[\/vc_column_text][\/elx_simple_block][\/vc_column][\/vc_row][vc_row][vc_column][elx_heading font_size=&#8221;h3&#8243; text_color=&#8221;inherit&#8221; text_align=&#8221;text-left&#8221;]Det er bedre at t\u00e6nke p\u00e5 f\u00f8devaresikkerhed [\/elx_heading][\/vc_column][\/vc_row][vc_row equal_height=&#8221;yes&#8221; css=&#8221;.vc_custom_1488787439542{padding-top: 20px !important;padding-bottom: 20px !important;}&#8221;][vc_column width=&#8221;1\/3&#8243;][vc_single_image image=&#8221;668&#8243; img_size=&#8221;full&#8221;][\/vc_column][vc_column width=&#8221;2\/3&#8243;][elx_heading font_container=&#8221;h3&#8243; text_color=&#8221;inherit&#8221;]HACCP international certificering [\/elx_heading][vc_row_inner][vc_column_inner width=&#8221;2\/3&#8243;][vc_column_text]L\u00e6s mere om HACCP og om, hvorfor bl.a. <strong>f\u00f8devaresikkerhed<\/strong> er s\u00e5 vigtigt.[\/vc_column_text][elx_button button_text=&#8221;L\u00e6s mere&#8221; button_link=&#8221;url:https%3A%2F%2Fprofessional.electrolux.dk%2Fhaccp%2F|title:Find%20out%20more|&#8221;][\/vc_column_inner][vc_column_inner width=&#8221;1\/3&#8243;][\/vc_column_inner][\/vc_row_inner][\/vc_column][\/vc_row][vc_row][vc_column][vc_empty_space height=&#8221;50px&#8221;][\/vc_column][\/vc_row]<\/p>\n","protected":false},"excerpt":{"rendered":"<p>[vc_row full_width=&#8221;electroluxpro-full-width-no-padding&#8221;][vc_column][elx_hero_title label=&#8221;&#8221; label_background_color=&#8221;inherit&#8221; background_image=&#8221;660&#8243;][\/elx_hero_title][\/vc_column][\/vc_row][vc_row matched_labels=&#8221;&#8221; css=&#8221;.vc_custom_1655380504308{margin-top: 60px !important;}&#8221;][vc_column][elx_heading font_container=&#8221;h1&#8243; font_size=&#8221;h4&#8243; text_color=&#8221;inherit&#8221; text_align=&#8221;text-center&#8221;]Vi \u00f8nsker at g\u00f8re en positive forskel og v\u00e6re den bedste producent af maskiner i verden\u2013 og skabe en positiv forskel i folks hverdag og en positiv forskel for vores planet. [\/elx_heading][\/vc_column][\/vc_row][vc_row][vc_column][vc_empty_space][\/vc_column][\/vc_row][vc_row][vc_column css=&#8221;.vc_custom_1464253757950{padding-bottom: 30px !important;}&#8221;][elx_heading font_size=&#8221;h3&#8243; text_color=&#8221;inherit&#8221; text_align=&#8221;text-center&#8221;]Vores engagement[\/elx_heading][\/vc_column][\/vc_row][vc_row matched_labels=&#8221;&#8221; css=&#8221;.vc_custom_1655380525931{margin-top: 20px !important;}&#8221;][vc_column [&hellip;]<\/p>\n","protected":false},"author":5,"featured_media":2194,"parent":0,"menu_order":0,"comment_status":"closed","ping_status":"closed","template":"","meta":{"footnotes":""},"class_list":["post-3091","page","type-page","status-publish","has-post-thumbnail","hentry"],"acf":[],"yoast_head":"<!-- This site is optimized with the Yoast SEO plugin v23.3 - https:\/\/yoast.com\/wordpress\/plugins\/seo\/ -->\n<title>For the Better - sustainability by Electrolux Professional<\/title>\n<meta name=\"description\" content=\"Electrolux Professional cares of sustainability. Its aim is to make a change for the better by making a positive everyday difference in people&#039;s lives.\" \/>\n<meta name=\"robots\" content=\"index, follow, max-snippet:-1, max-image-preview:large, max-video-preview:-1\" \/>\n<link rel=\"canonical\" href=\"https:\/\/www.electroluxprofessional.com\/dk\/for-the-better-sustainability\/\" \/>\n<meta property=\"og:locale\" content=\"da_DK\" \/>\n<meta property=\"og:type\" content=\"article\" \/>\n<meta property=\"og:title\" content=\"For the Better - sustainability by Electrolux Professional\" \/>\n<meta property=\"og:description\" content=\"Electrolux Professional cares of sustainability. Its aim is to make a change for the better by making a positive everyday difference in people&#039;s lives.\" \/>\n<meta property=\"og:url\" content=\"https:\/\/www.electroluxprofessional.com\/dk\/for-the-better-sustainability\/\" \/>\n<meta property=\"og:site_name\" content=\"Electrolux Professional Danmark\" \/>\n<meta property=\"article:modified_time\" content=\"2022-06-16T11:55:53+00:00\" \/>\n<meta property=\"og:image\" content=\"https:\/\/www.electroluxprofessional.com\/dk\/wp-content\/uploads\/2016\/11\/for-the-better-quadro.jpg\" \/>\n\t<meta property=\"og:image:width\" content=\"666\" \/>\n\t<meta property=\"og:image:height\" content=\"666\" \/>\n\t<meta property=\"og:image:type\" content=\"image\/jpeg\" \/>\n<meta name=\"twitter:card\" content=\"summary_large_image\" \/>\n<meta name=\"twitter:label1\" content=\"Estimeret l\u00e6setid\" \/>\n\t<meta name=\"twitter:data1\" content=\"3 minutter\" \/>\n<script type=\"application\/ld+json\" class=\"yoast-schema-graph\">{\"@context\":\"https:\/\/schema.org\",\"@graph\":[{\"@type\":\"WebPage\",\"@id\":\"https:\/\/www.electroluxprofessional.com\/dk\/for-the-better-sustainability\/\",\"url\":\"https:\/\/www.electroluxprofessional.com\/dk\/for-the-better-sustainability\/\",\"name\":\"For the Better - sustainability by Electrolux Professional\",\"isPartOf\":{\"@id\":\"https:\/\/www.electroluxprofessional.com\/dk\/#website\"},\"primaryImageOfPage\":{\"@id\":\"https:\/\/www.electroluxprofessional.com\/dk\/for-the-better-sustainability\/#primaryimage\"},\"image\":{\"@id\":\"https:\/\/www.electroluxprofessional.com\/dk\/for-the-better-sustainability\/#primaryimage\"},\"thumbnailUrl\":\"https:\/\/www.electroluxprofessional.com\/dk\/wp-content\/uploads\/2016\/11\/for-the-better-quadro.jpg\",\"datePublished\":\"2022-06-14T09:14:41+00:00\",\"dateModified\":\"2022-06-16T11:55:53+00:00\",\"description\":\"Electrolux Professional cares of sustainability. Its aim is to make a change for the better by making a positive everyday difference in people's lives.\",\"breadcrumb\":{\"@id\":\"https:\/\/www.electroluxprofessional.com\/dk\/for-the-better-sustainability\/#breadcrumb\"},\"inLanguage\":\"da-DK\",\"potentialAction\":[{\"@type\":\"ReadAction\",\"target\":[\"https:\/\/www.electroluxprofessional.com\/dk\/for-the-better-sustainability\/\"]}]},{\"@type\":\"ImageObject\",\"inLanguage\":\"da-DK\",\"@id\":\"https:\/\/www.electroluxprofessional.com\/dk\/for-the-better-sustainability\/#primaryimage\",\"url\":\"https:\/\/www.electroluxprofessional.com\/dk\/wp-content\/uploads\/2016\/11\/for-the-better-quadro.jpg\",\"contentUrl\":\"https:\/\/www.electroluxprofessional.com\/dk\/wp-content\/uploads\/2016\/11\/for-the-better-quadro.jpg\",\"width\":666,\"height\":666,\"caption\":\"for the better\"},{\"@type\":\"BreadcrumbList\",\"@id\":\"https:\/\/www.electroluxprofessional.com\/dk\/for-the-better-sustainability\/#breadcrumb\",\"itemListElement\":[{\"@type\":\"ListItem\",\"position\":1,\"name\":\"Home\",\"item\":\"https:\/\/www.electroluxprofessional.com\/dk\/\"},{\"@type\":\"ListItem\",\"position\":2,\"name\":\"For the Better\"}]},{\"@type\":\"WebSite\",\"@id\":\"https:\/\/www.electroluxprofessional.com\/dk\/#website\",\"url\":\"https:\/\/www.electroluxprofessional.com\/dk\/\",\"name\":\"Electrolux Professional Danmark\",\"description\":\"\",\"potentialAction\":[{\"@type\":\"SearchAction\",\"target\":{\"@type\":\"EntryPoint\",\"urlTemplate\":\"https:\/\/www.electroluxprofessional.com\/dk\/?src={search_term_string}\"},\"query-input\":\"required name=search_term_string\"}],\"inLanguage\":\"da-DK\"}]}<\/script>\n<!-- \/ Yoast SEO plugin. -->","yoast_head_json":{"title":"For the Better - sustainability by Electrolux Professional","description":"Electrolux Professional cares of sustainability. Its aim is to make a change for the better by making a positive everyday difference in people's lives.","robots":{"index":"index","follow":"follow","max-snippet":"max-snippet:-1","max-image-preview":"max-image-preview:large","max-video-preview":"max-video-preview:-1"},"canonical":"https:\/\/www.electroluxprofessional.com\/dk\/for-the-better-sustainability\/","og_locale":"da_DK","og_type":"article","og_title":"For the Better - sustainability by Electrolux Professional","og_description":"Electrolux Professional cares of sustainability. Its aim is to make a change for the better by making a positive everyday difference in people's lives.","og_url":"https:\/\/www.electroluxprofessional.com\/dk\/for-the-better-sustainability\/","og_site_name":"Electrolux Professional Danmark","article_modified_time":"2022-06-16T11:55:53+00:00","og_image":[{"width":666,"height":666,"url":"https:\/\/www.electroluxprofessional.com\/dk\/wp-content\/uploads\/2016\/11\/for-the-better-quadro.jpg","type":"image\/jpeg"}],"twitter_card":"summary_large_image","twitter_misc":{"Estimeret l\u00e6setid":"3 minutter"},"schema":{"@context":"https:\/\/schema.org","@graph":[{"@type":"WebPage","@id":"https:\/\/www.electroluxprofessional.com\/dk\/for-the-better-sustainability\/","url":"https:\/\/www.electroluxprofessional.com\/dk\/for-the-better-sustainability\/","name":"For the Better - sustainability by Electrolux Professional","isPartOf":{"@id":"https:\/\/www.electroluxprofessional.com\/dk\/#website"},"primaryImageOfPage":{"@id":"https:\/\/www.electroluxprofessional.com\/dk\/for-the-better-sustainability\/#primaryimage"},"image":{"@id":"https:\/\/www.electroluxprofessional.com\/dk\/for-the-better-sustainability\/#primaryimage"},"thumbnailUrl":"https:\/\/www.electroluxprofessional.com\/dk\/wp-content\/uploads\/2016\/11\/for-the-better-quadro.jpg","datePublished":"2022-06-14T09:14:41+00:00","dateModified":"2022-06-16T11:55:53+00:00","description":"Electrolux Professional cares of sustainability. Its aim is to make a change for the better by making a positive everyday difference in people's lives.","breadcrumb":{"@id":"https:\/\/www.electroluxprofessional.com\/dk\/for-the-better-sustainability\/#breadcrumb"},"inLanguage":"da-DK","potentialAction":[{"@type":"ReadAction","target":["https:\/\/www.electroluxprofessional.com\/dk\/for-the-better-sustainability\/"]}]},{"@type":"ImageObject","inLanguage":"da-DK","@id":"https:\/\/www.electroluxprofessional.com\/dk\/for-the-better-sustainability\/#primaryimage","url":"https:\/\/www.electroluxprofessional.com\/dk\/wp-content\/uploads\/2016\/11\/for-the-better-quadro.jpg","contentUrl":"https:\/\/www.electroluxprofessional.com\/dk\/wp-content\/uploads\/2016\/11\/for-the-better-quadro.jpg","width":666,"height":666,"caption":"for the better"},{"@type":"BreadcrumbList","@id":"https:\/\/www.electroluxprofessional.com\/dk\/for-the-better-sustainability\/#breadcrumb","itemListElement":[{"@type":"ListItem","position":1,"name":"Home","item":"https:\/\/www.electroluxprofessional.com\/dk\/"},{"@type":"ListItem","position":2,"name":"For the Better"}]},{"@type":"WebSite","@id":"https:\/\/www.electroluxprofessional.com\/dk\/#website","url":"https:\/\/www.electroluxprofessional.com\/dk\/","name":"Electrolux Professional Danmark","description":"","potentialAction":[{"@type":"SearchAction","target":{"@type":"EntryPoint","urlTemplate":"https:\/\/www.electroluxprofessional.com\/dk\/?src={search_term_string}"},"query-input":"required name=search_term_string"}],"inLanguage":"da-DK"}]}},"_links":{"self":[{"href":"https:\/\/www.electroluxprofessional.com\/dk\/wp-json\/wp\/v2\/pages\/3091"}],"collection":[{"href":"https:\/\/www.electroluxprofessional.com\/dk\/wp-json\/wp\/v2\/pages"}],"about":[{"href":"https:\/\/www.electroluxprofessional.com\/dk\/wp-json\/wp\/v2\/types\/page"}],"author":[{"embeddable":true,"href":"https:\/\/www.electroluxprofessional.com\/dk\/wp-json\/wp\/v2\/users\/5"}],"replies":[{"embeddable":true,"href":"https:\/\/www.electroluxprofessional.com\/dk\/wp-json\/wp\/v2\/comments?post=3091"}],"version-history":[{"count":21,"href":"https:\/\/www.electroluxprofessional.com\/dk\/wp-json\/wp\/v2\/pages\/3091\/revisions"}],"predecessor-version":[{"id":24162,"href":"https:\/\/www.electroluxprofessional.com\/dk\/wp-json\/wp\/v2\/pages\/3091\/revisions\/24162"}],"wp:featuredmedia":[{"embeddable":true,"href":"https:\/\/www.electroluxprofessional.com\/dk\/wp-json\/wp\/v2\/media\/2194"}],"wp:attachment":[{"href":"https:\/\/www.electroluxprofessional.com\/dk\/wp-json\/wp\/v2\/media?parent=3091"}],"curies":[{"name":"wp","href":"https:\/\/api.w.org\/{rel}","templated":true}]}}