{"id":30816,"date":"2025-11-11T15:13:48","date_gmt":"2025-11-11T15:13:48","guid":{"rendered":"https:\/\/www.electroluxprofessional.com\/dk\/?page_id=30816"},"modified":"2025-11-14T13:26:30","modified_gmt":"2025-11-14T13:26:30","slug":"mypro-til-mindre-boligforeninger","status":"publish","type":"page","link":"https:\/\/www.electroluxprofessional.com\/dk\/mypro-til-mindre-boligforeninger\/","title":{"rendered":"myPRO til mindre boligforeninger"},"content":{"rendered":"<p>[vc_row full_width=&#8221;electroluxpro-full-width-no-padding&#8221; matched_labels=&#8221;&#8221; css=&#8221;.vc_custom_1763126755409{padding-top: 30px !important;background-color: #1adae6 !important;background-position: center !important;background-repeat: no-repeat !important;background-size: cover !important;}&#8221;][vc_column reveal_effect=&#8221;&#8221; width=&#8221;1\/3&#8243;][vc_empty_space][\/vc_column][vc_column width=&#8221;1\/3&#8243; css=&#8221;.vc_custom_1762872403774{padding-right: 40px !important;}&#8221;][vc_single_image image=&#8221;30852&#8243; img_size=&#8221;full&#8221; onclick=&#8221;custom_link&#8221; link=&#8221;https:\/\/www.electroluxprofessional.com\/dk\/mypro-til-virksomheder-og-mindre-boligforeninger\/#tilbud&#8221;][\/vc_column][vc_column width=&#8221;1\/3&#8243;][\/vc_column][\/vc_row][vc_row css=&#8221;.vc_custom_1738070999701{margin-top: 60px !important;}&#8221;][vc_column reveal_effect=&#8221;&#8221;][vc_row_inner][vc_column_inner][elx_heading font_container=&#8221;h1&#8243; font_size=&#8221;h1&#8243; text_color=&#8221;electrolux-blue&#8221; text_align=&#8221;text-center&#8221;]Med myPRO f\u00e5r du en go\u2019 industrimaskine til en go\u2019 pris[\/elx_heading][\/vc_column_inner][\/vc_row_inner][vc_row_inner][vc_column_inner width=&#8221;1\/12&#8243;][vc_empty_space][\/vc_column_inner][vc_column_inner width=&#8221;5\/6&#8243;][vc_column_text el_class=&#8221;p-16&#8243; css=&#8221;.vc_custom_1762872131203{margin-top: 40px !important;margin-bottom: 60px !important;}&#8221;]Hvis din boligforening kun vasker og t\u00f8rrer t\u00f8j max tre gange dagligt, s\u00e5 er myPRO det perfekte alternativ til husholdningsmaskiner. myPRO er nemlig en kompakt 8 kilos industrimaskine til dig, som gerne vil vaske professionelt, men ikke har behov for en kostbar professionel vaskel\u00f8sning. Og du kan endda t\u00f8rre vasket\u00f8jet med god samvittighed, da myPRO varmepumpetumbleren bruger minimum 50% mindre str\u00f8m end en almindelig tumbler.[\/vc_column_text][elx_button button_text=&#8221;Se kampagnetilbud p\u00e5 vaskemaskine og varmepumpetumbler&#8221; button_display_block=&#8221;display_block_on&#8221; button_link=&#8221;url:%23tilbud&#8221;][\/vc_column_inner][vc_column_inner width=&#8221;1\/12&#8243;][vc_empty_space][\/vc_column_inner][\/vc_row_inner][vc_row_inner full_width=&#8221;electroluxpro-container-no-padding&#8221;][vc_column_inner offset=&#8221;vc_hidden-xs&#8221;][vc_empty_space height=&#8221;30px&#8221;][\/vc_column_inner][\/vc_row_inner][\/vc_column][\/vc_row][vc_row css=&#8221;.vc_custom_1762873945770{margin-top: 40px !important;padding-top: 32px !important;padding-bottom: 40px !important;background-color: #041e41 !important;}&#8221;][vc_column reveal_effect=&#8221;&#8221; width=&#8221;2\/3&#8243;][elx_heading font_size=&#8221;h2&#8243; text_color=&#8221;white&#8221; text_align=&#8221;text-left&#8221;]Dine fordele med Electrolux Professional myPRO:[\/elx_heading][vc_column_text el_class=&#8221;p-16-white&#8221; css=&#8221;.vc_custom_1762872150169{margin-top: 40px !important;}&#8221;]\u25ba 100 pct. rent. Hver gang. Professionelle programmer.<\/p>\n<p>\u25ba Hurtig \u2013 arbejder op til 50% hurtigere end husholdningsmaskiner.<\/p>\n<p>\u25ba Holder tre gange l\u00e6ngere end husholdningsmaskiner.<\/p>\n<p>\u25ba Varmepumpetumbler genanvender tumblervarmen og bruger derfor 50% mindre str\u00f8m.<\/p>\n<p>\u25ba 2 \u00e5rs fuld fabriksgaranti (normalt kun 1 \u00e5r p\u00e5 industrimaskiner).[\/vc_column_text][\/vc_column][vc_column width=&#8221;1\/3&#8243;][vc_single_image image=&#8221;30860&#8243; img_size=&#8221;full&#8221;][\/vc_column][\/vc_row][vc_row css=&#8221;.vc_custom_1762874661246{padding-top: 32px !important;padding-bottom: 40px !important;background-color: #dadfe1 !important;}&#8221;][vc_column reveal_effect=&#8221;&#8221; width=&#8221;2\/3&#8243;][elx_heading font_size=&#8221;h2&#8243; text_color=&#8221;electrolux-blue&#8221; text_align=&#8221;text-left&#8221;]App-baseret vaskel\u00f8sning til den lille ejer- eller andelsforening:[\/elx_heading][vc_column_text el_class=&#8221;p-16&#8243; css=&#8221;.vc_custom_1762874717974{margin-top: 40px !important;}&#8221;]Er du tr\u00e6t af poletter, m\u00f8nter eller vaskekort i vaskek\u00e6lderen? Og er det besv\u00e6rligt at administrere vaskeregnskabet? S\u00e5 har vi en smart app-baseret l\u00f8sning \u2013 udviklet specielt til mindre ejer- og andelsforeninger.[\/vc_column_text][elx_button button_text=&#8221;App-baseret vaskel\u00f8sning til den lille boligforening&#8221; button_style=&#8221;secondary-bordered&#8221; button_display_block=&#8221;display_block_on&#8221; css=&#8221;.vc_custom_1763019958895{margin-top: 40px !important;}&#8221; button_link=&#8221;url:https%3A%2F%2Fwww.electroluxprofessional.com%2Fdk%2Fdet-lille-faellesvaskeri%2F|title:Vaskeri%20til%20den%20lille%20ejer-andelsboligforening&#8221;][\/vc_column][vc_column width=&#8221;1\/3&#8243;][vc_single_image image=&#8221;30865&#8243; img_size=&#8221;full&#8221;][\/vc_column][\/vc_row][vc_row css=&#8221;.vc_custom_1763020341379{margin-top: 20px !important;}&#8221; el_id=&#8221;myprotilbud&#8221;][vc_column reveal_effect=&#8221;&#8221;][vc_row_inner][vc_column_inner offset=&#8221;vc_hidden-xs&#8221;][vc_empty_space height=&#8221;60px&#8221;][\/vc_column_inner][\/vc_row_inner][elx_heading font_size=&#8221;h1&#8243; text_color=&#8221;electrolux-blue&#8221; text_align=&#8221;text-center&#8221;]myPRO vask og t\u00f8r \u2013 kampagnetilbud*[\/elx_heading][\/vc_column][\/vc_row][vc_row css=&#8221;.vc_custom_1738073513872{margin-top: 30px !important;}&#8221;][vc_column reveal_effect=&#8221;&#8221; width=&#8221;1\/4&#8243;][vc_row_inner][vc_column_inner offset=&#8221;vc_hidden-xs&#8221;][vc_empty_space height=&#8221;60px&#8221;][\/vc_column_inner][\/vc_row_inner][vc_column_text el_class=&#8221;p-16&#8243;]<span style=\"font-size: 20px; line-height: 1em;\"><strong>Electrolux Professional myPRO vaskemaskine WE170<\/strong><\/span><br \/>\n(ex levering og installation)<\/p>\n<p><span style=\"font-size: 20px;\"><strong>Kampagnepris 10.995 kr. <\/strong><\/span><br \/>\n(ex moms)<br \/>\n<span style=\"font-size: 20px; color: #bc2e46;\"><strong> Spar 5.665 kr.<\/strong><\/span>[\/vc_column_text][\/vc_column][vc_column width=&#8221;1\/4&#8243;][vc_single_image image=&#8221;29201&#8243; img_size=&#8221;full&#8221; css=&#8221;.vc_custom_1739453790108{padding-right: 2px !important;padding-left: 2px !important;}&#8221;][\/vc_column][vc_column width=&#8221;1\/4&#8243;][vc_single_image image=&#8221;29200&#8243; img_size=&#8221;full&#8221;][\/vc_column][vc_column width=&#8221;1\/4&#8243;][vc_row_inner][vc_column_inner offset=&#8221;vc_hidden-xs&#8221;][vc_empty_space height=&#8221;60px&#8221;][\/vc_column_inner][\/vc_row_inner][vc_column_text el_class=&#8221;p-16&#8243;]<span style=\"font-size: 20px; line-height: 1em;\"><strong>Electrolux Professional myPRO varmepumpetumbler<\/strong><\/span><br \/>\n(ex levering og installation)<\/p>\n<p><span style=\"font-size: 20px;\"><strong>Kampagnepris 9.995 kr. <\/strong><\/span><br \/>\n(ex moms)<br \/>\n<span style=\"font-size: 20px; color: #bc2e46;\"><strong> Spar 5.605 kr.<\/strong><\/span>[\/vc_column_text][\/vc_column][\/vc_row][vc_row][vc_column reveal_effect=&#8221;&#8221; offset=&#8221;vc_hidden-xs&#8221;][vc_column_text css=&#8221;.vc_custom_1738074048948{margin-top: 80px !important;margin-bottom: 20px !important;}&#8221;]<\/p>\n<h3 style=\"text-align: center;\"><strong>Ring <\/strong><a href=\"tel:63762220\"><strong>63 76 22 20<\/strong><\/a><strong> og bestil din myPRO, eller send en anmodning.<\/strong><\/h3>\n<p>[\/vc_column_text][elx_o2000_contact_us s=&#8221;myPRO tilbud: Kampagnepris vaskemaskine: 10.995 kr. Varmepumpetumbler: 9.995 kr.&#8221; campaign=&#8221;701SX00000IYrZxYAL&#8221; country=&#8221;Denmark&#8221; b=&#8221;laundry-semi-professional&#8221; thanks=&#8221;Tak for din interesse! Vi kontakter dig snarest.&#8221; button_mode=&#8221;true&#8221; postion_button=&#8221;text-center&#8221; postion_button_mobile=&#8221;text-center-mobile&#8221; l=&#8221;dk&#8221; text_btn_contact=&#8221;send en anmodning&#8221;][vc_column_text el_class=&#8221;p-16&#8243; css=&#8221;.vc_custom_1738072238140{margin-top: 20px !important;}&#8221;]<\/p>\n<p style=\"text-align: center;\">S\u00e5 kontakter vi dig snarest muligt.<\/p>\n<p>[\/vc_column_text][\/vc_column][\/vc_row][vc_row css=&#8221;.vc_custom_1763124778911{margin-top: 60px !important;}&#8221;][vc_column reveal_effect=&#8221;&#8221; css=&#8221;.vc_custom_1763126405972{padding-right: 30px !important;padding-left: 30px !important;background-color: #011135 !important;}&#8221;][vc_row_inner css=&#8221;.vc_custom_1763126291754{margin-top: 40px !important;}&#8221;][vc_column_inner][elx_heading font_size=&#8221;h2&#8243; text_color=&#8221;white&#8221; text_align=&#8221;text-left&#8221;]Skal dit nye vaskeri betales kontant?<br \/>\nEller finansieres med l\u00e5n, leasing eller brugerbetaling?<br \/>\n[\/elx_heading][\/vc_column_inner][\/vc_row_inner][vc_row_inner][vc_column_inner width=&#8221;1\/2&#8243;][vc_column_text el_class=&#8221;p-16-white&#8221; css=&#8221;.vc_custom_1763124855714{margin-top: 40px !important;}&#8221;]For at give dig et bedre grundlag at tr\u00e6ffe beslutning p\u00e5, har vi lavet en guide til de forskellige muligheder, du har for at finansiere nye vaskemaskiner og t\u00f8rretumblere til dit vaskeri:[\/vc_column_text][elx_button button_text=&#8221;Download guide om finansiering af vaskeri&#8221; button_link=&#8221;url:https%3A%2F%2Fwww.electroluxprofessional.com%2Fdk%2Fwp-content%2Fuploads%2F2025%2F08%2FElectrolux_Professional_FinansieringsGuide.pdf&#8221; css=&#8221;.vc_custom_1763126393006{margin-top: 40px !important;}&#8221;][\/vc_column_inner][vc_column_inner width=&#8221;1\/2&#8243; css=&#8221;.vc_custom_1738072653294{padding-top: 40px !important;}&#8221;][vc_single_image image=&#8221;30900&#8243; img_size=&#8221;full&#8221; css=&#8221;.vc_custom_1763126452404{margin-top: -40px !important;}&#8221;][\/vc_column_inner][\/vc_row_inner][\/vc_column][\/vc_row][vc_row css=&#8221;.vc_custom_1762872251001{margin-top: 60px !important;}&#8221;][vc_column reveal_effect=&#8221;&#8221; css=&#8221;.vc_custom_1738136675036{border-top-width: 1px !important;border-top-color: #dadfe1 !important;border-top-style: solid !important;}&#8221;][vc_empty_space height=&#8221;40px&#8221;][elx_heading font_size=&#8221;h1&#8243; text_color=&#8221;inherit&#8221; text_align=&#8221;text-center&#8221; css=&#8221;.vc_custom_1762872303672{margin-top: 140px !important;}&#8221;]Der er ogs\u00e5 en myPRO til din boligforening[\/elx_heading][\/vc_column][\/vc_row][vc_row css=&#8221;.vc_custom_1738073932823{margin-top: 40px !important;}&#8221;][vc_column width=&#8221;1\/3&#8243;]<div class=\"product-list-item\"><div class=\"single-product-content\"><a href=\"https:\/\/www.electroluxprofessional.com\/dk\/pd\/mypro\/mypro-8-kg\/mypro-8-kg-vaskemaskine\/WE170P\/\" target=\"_blank\"><figure class=\"wow fadeIn\"><img decoding=\"async\" src=\"https:\/\/tools.electroluxprofessional.com\/Mirror\/Doc\/ELS%2FPH_255x255%2FWE170P-V_updated%202021.jpg\" alt=\"WE170P\"><\/figure><h3>WE170P<\/h3><\/a><div class=\"product-description\">myPRO vaskemaskine, 8 kg kapacitet, med afl\u00f8bspumpe<\/div><\/div><hr><div class=\"pre-actions\"><div class=\"reviews\"><\/div><\/div><div class=\"action\"><a href=\"https:\/\/www.electroluxprofessional.com\/dk\/pd\/mypro\/mypro-8-kg\/mypro-8-kg-vaskemaskine\/WE170P\/\" target=\"_blank\" class=\"btn btn-primary\">Mere info<\/a><\/div><\/div>[\/vc_column][vc_column width=&#8221;1\/3&#8243;]<div class=\"product-list-item\"><div class=\"single-product-content\"><a href=\"https:\/\/www.electroluxprofessional.com\/dk\/pd\/mypro\/mypro-8-kg\/mypro-8-kg-vaskemaskine\/WE170V\/\" target=\"_blank\"><figure class=\"wow fadeIn\"><img decoding=\"async\" src=\"https:\/\/tools.electroluxprofessional.com\/Mirror\/Doc\/ELS%2FPH_255x255%2FWE170V.jpg\" alt=\"WE170V\"><\/figure><h3>WE170V<\/h3><\/a><div class=\"product-description\">myPRO vaskemaskine, 8 kg kapacitet, med afl\u00f8bsventil<\/div><\/div><hr><div class=\"pre-actions\"><div class=\"reviews\"><\/div><\/div><div class=\"action\"><a href=\"https:\/\/www.electroluxprofessional.com\/dk\/pd\/mypro\/mypro-8-kg\/mypro-8-kg-vaskemaskine\/WE170V\/\" target=\"_blank\" class=\"btn btn-primary\">Mere info<\/a><\/div><\/div>[\/vc_column][vc_column width=&#8221;1\/3&#8243;]<div class=\"product-list-item\"><div class=\"single-product-content\"><a href=\"https:\/\/www.electroluxprofessional.com\/dk\/pd\/mypro\/mypro-zip\/mypro-zip-t\u00f8rretumbler\/TE1120P\/\" target=\"_blank\"><figure class=\"wow fadeIn\"><img decoding=\"async\" src=\"https:\/\/tools.electroluxprofessional.com\/Mirror\/Doc\/ELS%2FPH_255x255%2FTE1120P.jpg\" alt=\"TE1120P\"><\/figure><h3>TE1120P<\/h3><\/a><div class=\"product-description\">myPRO zip t\u00f8rretumbler, 8 kg, til aftr\u00e6k, kan tilsluttes betalingssystem<\/div><\/div><hr><div class=\"pre-actions\"><div class=\"reviews\"><\/div><\/div><div class=\"action\"><a href=\"https:\/\/www.electroluxprofessional.com\/dk\/pd\/mypro\/mypro-zip\/mypro-zip-t\u00f8rretumbler\/TE1120P\/\" target=\"_blank\" class=\"btn btn-primary\">Mere info<\/a><\/div><\/div>[\/vc_column][\/vc_row][vc_row css=&#8221;.vc_custom_1722408734078{margin-top: 40px !important;}&#8221;][vc_column width=&#8221;1\/3&#8243;]<div class=\"product-list-item\"><div class=\"single-product-content\"><a href=\"https:\/\/www.electroluxprofessional.com\/dk\/pd\/mypro\/mypro-8-kg\/mypro-8-kg-t\u00f8rretumbler\/varmepumpet\u00f8rretumbler\/TE1120HP\/\" target=\"_blank\"><figure class=\"wow fadeIn\"><img decoding=\"async\" src=\"https:\/\/tools.electroluxprofessional.com\/Mirror\/Doc\/ELS%2FPH_255x255%2FMyPRO_HP_FRONT.jpg\" alt=\"TE1120HP\"><\/figure><h3>TE1120HP<\/h3><\/a><div class=\"product-description\">myPRO t\u00f8rretumbler med varmepumpe, 8 kg<\/div><\/div><hr><div class=\"pre-actions\"><div class=\"reviews\"><\/div><\/div><div class=\"action\"><a href=\"https:\/\/www.electroluxprofessional.com\/dk\/pd\/mypro\/mypro-8-kg\/mypro-8-kg-t\u00f8rretumbler\/varmepumpet\u00f8rretumbler\/TE1120HP\/\" target=\"_blank\" class=\"btn btn-primary\">Mere info<\/a><\/div><\/div>[\/vc_column][vc_column width=&#8221;1\/3&#8243;]<div class=\"product-list-item\"><div class=\"single-product-content\"><a href=\"https:\/\/www.electroluxprofessional.com\/dk\/pd\/mypro\/mypro-zip\/mypro-zip-vaskemaskine\/WE170PP\/\" target=\"_blank\"><figure class=\"wow fadeIn\"><img decoding=\"async\" src=\"https:\/\/tools.electroluxprofessional.com\/Mirror\/Doc\/ELS%2FPH_255x255%2FWE170PP.jpg\" alt=\"WE170PP\"><\/figure><h3>WE170PP<\/h3><\/a><div class=\"product-description\">myPROzip vaskemaskine, 8 kg kapacitet, med afl\u00f8bspumpe, kan tilsluttes betalingssystem<\/div><\/div><hr><div class=\"pre-actions\"><div class=\"reviews\"><\/div><\/div><div class=\"action\"><a href=\"https:\/\/www.electroluxprofessional.com\/dk\/pd\/mypro\/mypro-zip\/mypro-zip-vaskemaskine\/WE170PP\/\" target=\"_blank\" class=\"btn btn-primary\">Mere info<\/a><\/div><\/div>[\/vc_column][vc_column width=&#8221;1\/3&#8243;]<div class=\"product-list-item\"><div class=\"single-product-content\"><a href=\"https:\/\/www.electroluxprofessional.com\/dk\/pd\/mypro\/mypro-strygeruller\/mypro-strygeruller\/IS1103\/\" target=\"_blank\"><figure class=\"wow fadeIn\"><img decoding=\"async\" src=\"https:\/\/tools.electroluxprofessional.com\/Mirror\/Doc\/ELS%2FPH_255x255%2FIS1103.jpg\" alt=\"IS1103\"><\/figure><h3>IS1103<\/h3><\/a><div class=\"product-description\">myPRO strygerulle med dampfunktion, 103 cm bredde p\u00e5 rulle<\/div><\/div><hr><div class=\"pre-actions\"><div class=\"reviews\"><\/div><\/div><div class=\"action\"><a href=\"https:\/\/www.electroluxprofessional.com\/dk\/pd\/mypro\/mypro-strygeruller\/mypro-strygeruller\/IS1103\/\" target=\"_blank\" class=\"btn btn-primary\">Mere info<\/a><\/div><\/div>[\/vc_column][\/vc_row][vc_row css=&#8221;.vc_custom_1762872251001{margin-top: 60px !important;}&#8221;][vc_column reveal_effect=&#8221;&#8221; css=&#8221;.vc_custom_1738136675036{border-top-width: 1px !important;border-top-color: #dadfe1 !important;border-top-style: solid !important;}&#8221;][vc_empty_space height=&#8221;40px&#8221;][\/vc_column][\/vc_row]<\/p>\n","protected":false},"excerpt":{"rendered":"<p>[vc_row full_width=&#8221;electroluxpro-full-width-no-padding&#8221; matched_labels=&#8221;&#8221; css=&#8221;.vc_custom_1763126755409{padding-top: 30px !important;background-color: #1adae6 !important;background-position: center !important;background-repeat: no-repeat !important;background-size: cover !important;}&#8221;][vc_column reveal_effect=&#8221;&#8221; width=&#8221;1\/3&#8243;][vc_empty_space][\/vc_column][vc_column width=&#8221;1\/3&#8243; css=&#8221;.vc_custom_1762872403774{padding-right: 40px !important;}&#8221;][vc_single_image image=&#8221;30852&#8243; img_size=&#8221;full&#8221; onclick=&#8221;custom_link&#8221; link=&#8221;https:\/\/www.electroluxprofessional.com\/dk\/mypro-til-virksomheder-og-mindre-boligforeninger\/#tilbud&#8221;][\/vc_column][vc_column width=&#8221;1\/3&#8243;][\/vc_column][\/vc_row][vc_row css=&#8221;.vc_custom_1738070999701{margin-top: 60px !important;}&#8221;][vc_column reveal_effect=&#8221;&#8221;][vc_row_inner][vc_column_inner][elx_heading font_container=&#8221;h1&#8243; font_size=&#8221;h1&#8243; text_color=&#8221;electrolux-blue&#8221; text_align=&#8221;text-center&#8221;]Med myPRO f\u00e5r du en go\u2019 industrimaskine til en go\u2019 pris[\/elx_heading][\/vc_column_inner][\/vc_row_inner][vc_row_inner][vc_column_inner width=&#8221;1\/12&#8243;][vc_empty_space][\/vc_column_inner][vc_column_inner width=&#8221;5\/6&#8243;][vc_column_text el_class=&#8221;p-16&#8243; css=&#8221;.vc_custom_1762872131203{margin-top: 40px !important;margin-bottom: 60px !important;}&#8221;]Hvis din boligforening kun vasker [&hellip;]<\/p>\n","protected":false},"author":64,"featured_media":0,"parent":0,"menu_order":0,"comment_status":"closed","ping_status":"closed","template":"","meta":{"footnotes":""},"class_list":["post-30816","page","type-page","status-publish","hentry"],"acf":[],"yoast_head":"<!-- This site is optimized with the Yoast SEO plugin v23.3 - https:\/\/yoast.com\/wordpress\/plugins\/seo\/ -->\n<title>Med myPRO f\u00e5r du en go\u2019 industrimaskine til en go\u2019 pris<\/title>\n<meta name=\"description\" content=\"Hvis din boligforening kun vasker og t\u00f8rrer t\u00f8j max tre gange dagligt, s\u00e5 er myPRO det perfekte alternativ til husholdningsmaskiner.\" \/>\n<meta name=\"robots\" content=\"index, follow, max-snippet:-1, max-image-preview:large, max-video-preview:-1\" \/>\n<link rel=\"canonical\" href=\"https:\/\/www.electroluxprofessional.com\/dk\/mypro-til-mindre-boligforeninger\/\" \/>\n<meta property=\"og:locale\" content=\"da_DK\" \/>\n<meta property=\"og:type\" content=\"article\" \/>\n<meta property=\"og:title\" content=\"Med myPRO f\u00e5r du en go\u2019 industrimaskine til en go\u2019 pris\" \/>\n<meta property=\"og:description\" content=\"Hvis din boligforening kun vasker og t\u00f8rrer t\u00f8j max tre gange dagligt, s\u00e5 er myPRO det perfekte alternativ til husholdningsmaskiner.\" \/>\n<meta property=\"og:url\" content=\"https:\/\/www.electroluxprofessional.com\/dk\/mypro-til-mindre-boligforeninger\/\" \/>\n<meta property=\"og:site_name\" content=\"Electrolux Professional Danmark\" \/>\n<meta property=\"article:modified_time\" content=\"2025-11-14T13:26:30+00:00\" \/>\n<meta name=\"twitter:card\" content=\"summary_large_image\" \/>\n<meta name=\"twitter:label1\" content=\"Estimeret l\u00e6setid\" \/>\n\t<meta name=\"twitter:data1\" content=\"5 minutter\" \/>\n<script type=\"application\/ld+json\" class=\"yoast-schema-graph\">{\"@context\":\"https:\/\/schema.org\",\"@graph\":[{\"@type\":\"WebPage\",\"@id\":\"https:\/\/www.electroluxprofessional.com\/dk\/mypro-til-mindre-boligforeninger\/\",\"url\":\"https:\/\/www.electroluxprofessional.com\/dk\/mypro-til-mindre-boligforeninger\/\",\"name\":\"Med myPRO f\u00e5r du en go\u2019 industrimaskine til en go\u2019 pris\",\"isPartOf\":{\"@id\":\"https:\/\/www.electroluxprofessional.com\/dk\/#website\"},\"datePublished\":\"2025-11-11T15:13:48+00:00\",\"dateModified\":\"2025-11-14T13:26:30+00:00\",\"description\":\"Hvis din boligforening kun vasker og t\u00f8rrer t\u00f8j max tre gange dagligt, s\u00e5 er myPRO det perfekte alternativ til husholdningsmaskiner.\",\"breadcrumb\":{\"@id\":\"https:\/\/www.electroluxprofessional.com\/dk\/mypro-til-mindre-boligforeninger\/#breadcrumb\"},\"inLanguage\":\"da-DK\",\"potentialAction\":[{\"@type\":\"ReadAction\",\"target\":[\"https:\/\/www.electroluxprofessional.com\/dk\/mypro-til-mindre-boligforeninger\/\"]}]},{\"@type\":\"BreadcrumbList\",\"@id\":\"https:\/\/www.electroluxprofessional.com\/dk\/mypro-til-mindre-boligforeninger\/#breadcrumb\",\"itemListElement\":[{\"@type\":\"ListItem\",\"position\":1,\"name\":\"Home\",\"item\":\"https:\/\/www.electroluxprofessional.com\/dk\/\"},{\"@type\":\"ListItem\",\"position\":2,\"name\":\"myPRO til mindre boligforeninger\"}]},{\"@type\":\"WebSite\",\"@id\":\"https:\/\/www.electroluxprofessional.com\/dk\/#website\",\"url\":\"https:\/\/www.electroluxprofessional.com\/dk\/\",\"name\":\"Electrolux Professional Danmark\",\"description\":\"\",\"potentialAction\":[{\"@type\":\"SearchAction\",\"target\":{\"@type\":\"EntryPoint\",\"urlTemplate\":\"https:\/\/www.electroluxprofessional.com\/dk\/?src={search_term_string}\"},\"query-input\":\"required name=search_term_string\"}],\"inLanguage\":\"da-DK\"}]}<\/script>\n<!-- \/ Yoast SEO plugin. -->","yoast_head_json":{"title":"Med myPRO f\u00e5r du en go\u2019 industrimaskine til en go\u2019 pris","description":"Hvis din boligforening kun vasker og t\u00f8rrer t\u00f8j max tre gange dagligt, s\u00e5 er myPRO det perfekte alternativ til husholdningsmaskiner.","robots":{"index":"index","follow":"follow","max-snippet":"max-snippet:-1","max-image-preview":"max-image-preview:large","max-video-preview":"max-video-preview:-1"},"canonical":"https:\/\/www.electroluxprofessional.com\/dk\/mypro-til-mindre-boligforeninger\/","og_locale":"da_DK","og_type":"article","og_title":"Med myPRO f\u00e5r du en go\u2019 industrimaskine til en go\u2019 pris","og_description":"Hvis din boligforening kun vasker og t\u00f8rrer t\u00f8j max tre gange dagligt, s\u00e5 er myPRO det perfekte alternativ til husholdningsmaskiner.","og_url":"https:\/\/www.electroluxprofessional.com\/dk\/mypro-til-mindre-boligforeninger\/","og_site_name":"Electrolux Professional Danmark","article_modified_time":"2025-11-14T13:26:30+00:00","twitter_card":"summary_large_image","twitter_misc":{"Estimeret l\u00e6setid":"5 minutter"},"schema":{"@context":"https:\/\/schema.org","@graph":[{"@type":"WebPage","@id":"https:\/\/www.electroluxprofessional.com\/dk\/mypro-til-mindre-boligforeninger\/","url":"https:\/\/www.electroluxprofessional.com\/dk\/mypro-til-mindre-boligforeninger\/","name":"Med myPRO f\u00e5r du en go\u2019 industrimaskine til en go\u2019 pris","isPartOf":{"@id":"https:\/\/www.electroluxprofessional.com\/dk\/#website"},"datePublished":"2025-11-11T15:13:48+00:00","dateModified":"2025-11-14T13:26:30+00:00","description":"Hvis din boligforening kun vasker og t\u00f8rrer t\u00f8j max tre gange dagligt, s\u00e5 er myPRO det perfekte alternativ til husholdningsmaskiner.","breadcrumb":{"@id":"https:\/\/www.electroluxprofessional.com\/dk\/mypro-til-mindre-boligforeninger\/#breadcrumb"},"inLanguage":"da-DK","potentialAction":[{"@type":"ReadAction","target":["https:\/\/www.electroluxprofessional.com\/dk\/mypro-til-mindre-boligforeninger\/"]}]},{"@type":"BreadcrumbList","@id":"https:\/\/www.electroluxprofessional.com\/dk\/mypro-til-mindre-boligforeninger\/#breadcrumb","itemListElement":[{"@type":"ListItem","position":1,"name":"Home","item":"https:\/\/www.electroluxprofessional.com\/dk\/"},{"@type":"ListItem","position":2,"name":"myPRO til mindre boligforeninger"}]},{"@type":"WebSite","@id":"https:\/\/www.electroluxprofessional.com\/dk\/#website","url":"https:\/\/www.electroluxprofessional.com\/dk\/","name":"Electrolux Professional Danmark","description":"","potentialAction":[{"@type":"SearchAction","target":{"@type":"EntryPoint","urlTemplate":"https:\/\/www.electroluxprofessional.com\/dk\/?src={search_term_string}"},"query-input":"required name=search_term_string"}],"inLanguage":"da-DK"}]}},"_links":{"self":[{"href":"https:\/\/www.electroluxprofessional.com\/dk\/wp-json\/wp\/v2\/pages\/30816"}],"collection":[{"href":"https:\/\/www.electroluxprofessional.com\/dk\/wp-json\/wp\/v2\/pages"}],"about":[{"href":"https:\/\/www.electroluxprofessional.com\/dk\/wp-json\/wp\/v2\/types\/page"}],"author":[{"embeddable":true,"href":"https:\/\/www.electroluxprofessional.com\/dk\/wp-json\/wp\/v2\/users\/64"}],"replies":[{"embeddable":true,"href":"https:\/\/www.electroluxprofessional.com\/dk\/wp-json\/wp\/v2\/comments?post=30816"}],"version-history":[{"count":44,"href":"https:\/\/www.electroluxprofessional.com\/dk\/wp-json\/wp\/v2\/pages\/30816\/revisions"}],"predecessor-version":[{"id":30905,"href":"https:\/\/www.electroluxprofessional.com\/dk\/wp-json\/wp\/v2\/pages\/30816\/revisions\/30905"}],"wp:attachment":[{"href":"https:\/\/www.electroluxprofessional.com\/dk\/wp-json\/wp\/v2\/media?parent=30816"}],"curies":[{"name":"wp","href":"https:\/\/api.w.org\/{rel}","templated":true}]}}