{"id":30397,"date":"2025-09-04T12:03:32","date_gmt":"2025-09-04T12:03:32","guid":{"rendered":"https:\/\/www.electroluxprofessional.com\/dk\/?page_id=30397"},"modified":"2026-04-09T11:47:42","modified_gmt":"2026-04-09T11:47:42","slug":"tilmeld-nyhedsmail-koekken","status":"publish","type":"page","link":"https:\/\/www.electroluxprofessional.com\/dk\/tilmeld-nyhedsmail-koekken\/","title":{"rendered":"Tilmeld nyhedsmails og vind 2 biografbilletter \u2013 k\u00f8kken"},"content":{"rendered":"<p>[vc_row full_width=&#8221;electroluxpro-full-width-no-padding&#8221;][vc_column offset=&#8221;vc_hidden-xs&#8221;][elx_image_block background_image=&#8221;30403&#8243; minimum_height=&#8221;350px&#8221;][vc_row_inner][vc_column_inner][vc_empty_space height=&#8221;60px&#8221;][\/vc_column_inner][\/vc_row_inner][\/vc_column][\/vc_row][vc_row css=&#8221;.vc_custom_1756978407002{margin-top: 60px !important;}&#8221;][vc_column css=&#8221;.vc_custom_1756982838153{border-top-width: 1px !important;padding-top: 60px !important;border-top-color: #041e41 !important;border-top-style: solid !important;}&#8221;][elx_heading font_size=&#8221;h1&#8243; text_color=&#8221;inherit&#8221; text_align=&#8221;text-center&#8221;]Hvad indeholder vores nyhedsmails?[\/elx_heading][\/vc_column][\/vc_row][vc_row full_width=&#8221;electroluxpro-full-width-no-padding&#8221;][vc_column offset=&#8221;vc_hidden-lg vc_hidden-md vc_hidden-sm&#8221;][elx_image_block background_image=&#8221;30403&#8243; minimum_height=&#8221;350px&#8221;][\/vc_column][\/vc_row][vc_row css=&#8221;.vc_custom_1756971881924{margin-top: 60px !important;}&#8221;][vc_column][elx_heading font_container=&#8221;h1&#8243; text_color=&#8221;inherit&#8221;]Tilmeld dig vores nyhedsmails og vind 2 biografbilletter[\/elx_heading][\/vc_column][\/vc_row][vc_row css=&#8221;.vc_custom_1756971992873{margin-top: 32px !important;}&#8221;][vc_column width=&#8221;7\/12&#8243;][vc_column_text el_class=&#8221;p-16&#8243; css=&#8221;.vc_custom_1756970383615{margin-top: 30px !important;}&#8221;]Vi udtr\u00e6kker 5 x 2 biografbilletter hver m\u00e5ned blandt nye abonnenter. Hvis du vinder, f\u00e5r du dine 2 biografbilletter pr. e-mail.[\/vc_column_text][vc_row_inner][vc_column_inner width=&#8221;1\/2&#8243;][vc_single_image image=&#8221;7784&#8243; img_size=&#8221;full&#8221;][\/vc_column_inner][vc_column_inner width=&#8221;1\/2&#8243;][\/vc_column_inner][\/vc_row_inner][vc_row_inner][vc_column_inner offset=&#8221;vc_hidden-lg vc_hidden-md vc_hidden-sm&#8221;][vc_empty_space][\/vc_column_inner][\/vc_row_inner][\/vc_column][vc_column width=&#8221;5\/12&#8243;][vc_empty_space][vc_column_text]<\/p>\n<div id=\"mc_embed_shell\">\n<style type=\"text\/css\">\n        #mc_embed_signup{background:#fff; false;clear:left; font:14px Helvetica,Arial,sans-serif; width: 500px;}<br \/>        \/* Add your own Mailchimp form style overrides in your site stylesheet or in this style block.<br \/>           We recommend moving this block and the preceding CSS link to the HEAD of your HTML file. *\/<br \/><\/style>\n<style type=\"text\/css\">\n        #mc-embedded-subscribe-form input[type=checkbox]{display: inline; width: auto;margin-right: 10px;}<br \/>#mergeRow-gdpr {margin-top: 20px;}<br \/>#mergeRow-gdpr fieldset label {font-weight: normal;}<br \/>#mc-embedded-subscribe-form .mc_fieldset{border:none;min-height: 0px;padding-bottom:0px;}<br \/><\/style>\n<div id=\"mc_embed_signup\">\n<form id=\"mc-embedded-subscribe-form\" class=\"validate\" action=\"https:\/\/electroluxprofessional.us1.list-manage.com\/subscribe\/post?u=2a52a7754b49b442df6005015&amp;id=b89db8ceb5&amp;f_id=008268e0f0\" method=\"post\" name=\"mc-embedded-subscribe-form\" target=\"_blank\">\n<div id=\"mc_embed_signup_scroll\">\n<div class=\"mc-field-group\"><label for=\"mce-FNAME\">Fornavn <span class=\"asterisk\">*<\/span><\/label><input id=\"mce-FNAME\" class=\"required text\" name=\"FNAME\" required=\"\" type=\"text\" value=\"\" data-uniqkey2fa-processed-flag=\"true\" \/><\/div>\n<div class=\"mc-field-group\"><label for=\"mce-LNAME\">Efternavn <span class=\"asterisk\">*<\/span><\/label><input id=\"mce-LNAME\" class=\"required text\" name=\"LNAME\" required=\"\" type=\"text\" value=\"\" data-uniqkey2fa-processed-flag=\"true\" \/><\/div>\n<div class=\"mc-field-group\"><label for=\"mce-EMAIL\">E-mail <span class=\"asterisk\">*<\/span><\/label><input id=\"mce-EMAIL\" class=\"required email\" name=\"EMAIL\" required=\"\" type=\"email\" value=\"\" data-uniqkey2fa-processed-flag=\"true\" \/><\/div>\n<div><span class=\"asterisk\">*<\/span> obligatorisk<\/div>\n<div><\/div>\n<div id=\"mce-responses\" class=\"clear\">\n<div id=\"mce-error-response\" class=\"response\" style=\"display: none;\"><\/div>\n<div id=\"mce-success-response\" class=\"response\" style=\"display: none;\"><\/div>\n<\/div>\n<div style=\"position: absolute; left: -5000px;\" aria-hidden=\"true\"><input tabindex=\"-1\" name=\"b_2a52a7754b49b442df6005015_b89db8ceb5\" type=\"text\" value=\"\" \/><\/div>\n<div class=\"clear\"><input id=\"mc-embedded-subscribe\" class=\"button\" name=\"subscribe\" type=\"submit\" value=\"SEND \u2013 og deltag i denne m\u00e5neds lodtr\u00e6kning\" \/><\/div>\n<div style=\"margin-top: 20px; font-size: 14px;\">\n<p>Jeg har l\u00e6st Electrolux Professionals <a href=\"https:\/\/www.electroluxprofessional.com\/dk\/data-privacy-statement\/\">Privatpolitik<\/a> og giver tilladelse til at mine data alene bruges til at modtage nyhedsmails med konkurrencer og tilbud<\/div>\n<\/div>\n<\/form>\n<\/div>\n<p><script type=\"text\/javascript\" src=\"\/\/s3.amazonaws.com\/downloads.mailchimp.com\/js\/mc-validate.js\"><\/script><script type=\"text\/javascript\">(function($) {window.fnames = new Array(); window.ftypes = new Array();fnames[21]='FNAME';ftypes[21]='text';fnames[22]='LNAME';ftypes[22]='text';fnames[0]='EMAIL';ftypes[0]='email';fnames[11]='NAVN';ftypes[11]='text';fnames[9]='TARGET';ftypes[9]='text';fnames[16]='MMERGE16';ftypes[16]='text';fnames[15]='MMERGE15';ftypes[15]='text';fnames[14]='NOTE';ftypes[14]='text';fnames[2]='ACTION2';ftypes[2]='text';fnames[1]='ACTION';ftypes[1]='text';fnames[25]='CVR';ftypes[25]='text';fnames[3]='MAILSPOR';ftypes[3]='text';fnames[26]='KILDE';ftypes[26]='text';fnames[24]='INFO2';ftypes[24]='text';fnames[19]='INFO1';ftypes[19]='text';fnames[8]='MERGE8';ftypes[8]='text';fnames[4]='GRUPPE';ftypes[4]='text';fnames[12]='BRANCHE';ftypes[12]='text';fnames[7]='BY';ftypes[7]='text';fnames[6]='POSTNR';ftypes[6]='text';fnames[13]='POSTNRBY';ftypes[13]='text';fnames[5]='ADRESSE';ftypes[5]='text';fnames[10]='MOBIL';ftypes[10]='phone';fnames[20]='TITEL';ftypes[20]='text';fnames[18]='FIRMA';ftypes[18]='text';fnames[17]='MMERGE17';ftypes[17]='text';\/*\n * Translated default messages for the $ validation plugin.\n * Locale: DA\n *\/\n$.extend($.validator.messages, {\n\trequired: \"Dette felt er p\u00e5kr\u00e6vet.\",\n\tmaxlength: $.validator.format(\"Indtast h\u00f8jst {0} tegn.\"),\n\tminlength: $.validator.format(\"Indtast mindst {0} tegn.\"),\n\trangelength: $.validator.format(\"Indtast mindst {0} og h\u00f8jst {1} tegn.\"),\n\temail: \"Indtast en gyldig email-adresse.\",\n\turl: \"Indtast en gyldig URL.\",\n\tdate: \"Indtast en gyldig dato.\",\n\tnumber: \"Indtast et tal.\",\n\tdigits: \"Indtast kun cifre.\",\n\tequalTo: \"Indtast den samme v\u00e6rdi igen.\",\n\trange: $.validator.format(\"Angiv en v\u00e6rdi mellem {0} og {1}.\"),\n\tmax: $.validator.format(\"Angiv en v\u00e6rdi der h\u00f8jst er {0}.\"),\n\tmin: $.validator.format(\"Angiv en v\u00e6rdi der mindst er {0}.\"),\n\tcreditcard: \"Indtast et gyldigt kreditkortnummer.\"\n});}(jQuery));var $mcj = jQuery.noConflict(true);<\/script><\/div>\n<p>[\/vc_column_text][\/vc_column][\/vc_row][vc_row css=&#8221;.vc_custom_1756978407002{margin-top: 60px !important;}&#8221;][vc_column css=&#8221;.vc_custom_1756982838153{border-top-width: 1px !important;padding-top: 60px !important;border-top-color: #041e41 !important;border-top-style: solid !important;}&#8221;][vc_empty_space height=&#8221;60px&#8221;][elx_heading font_size=&#8221;h1&#8243; text_color=&#8221;inherit&#8221; text_align=&#8221;text-center&#8221;]Hvad indeholder vores nyhedsmails?[\/elx_heading][vc_column_text el_class=&#8221;p-16&#8243;]<\/p>\n<p style=\"text-align: center;\">Du h\u00f8rer fra os cirka en gang om m\u00e5neden. Og du kan selvf\u00f8lgelig til hver en tid framelde dig igen. <strong>Du f\u00e5r bl.a.:<\/strong><\/p>\n<p>[\/vc_column_text][\/vc_column][\/vc_row][vc_row css=&#8221;.vc_custom_1724923065887{margin-top: 80px !important;}&#8221;][vc_column width=&#8221;2\/5&#8243;][elx_image_block background_image=&#8221;28693&#8243; minimum_height=&#8221;260px&#8221;][\/vc_column][vc_column width=&#8221;3\/5&#8243;][elx_heading text_color=&#8221;inherit&#8221;]Viden og invitationer[\/elx_heading][vc_column_text el_class=&#8221;p-16&#8243; css=&#8221;.vc_custom_1756983943939{margin-top: 20px !important;}&#8221;]Viden og trends indenfor moderne madlavning og <strong>k\u00f8kkendrift<\/strong><\/p>\n<p><strong>Nye teknologier<\/strong> og koncepter<\/p>\n<p>Invitationer til <strong>demo-dage<\/strong> og branche-events[\/vc_column_text][\/vc_column][\/vc_row][vc_row css=&#8221;.vc_custom_1724923065887{margin-top: 80px !important;}&#8221;][vc_column width=&#8221;2\/5&#8243;][elx_image_block background_image=&#8221;10715&#8243; vert_back_position=&#8221;bottom&#8221; minimum_height=&#8221;260px&#8221;][\/vc_column][vc_column width=&#8221;3\/5&#8243;][elx_heading text_color=&#8221;inherit&#8221;]Tips, tricks og s\u00e6rtilbud[\/elx_heading][vc_column_text el_class=&#8221;p-16&#8243; css=&#8221;.vc_custom_1756983997102{margin-top: 20px !important;}&#8221;]<strong>Tips &amp; tricks<\/strong> til at g\u00f8re tingene smartere i hverdagen<\/p>\n<p><strong>S\u00e6rtilbud<\/strong> p\u00e5 professionelt udstyr til dit k\u00f8kken<\/p>\n<p><strong>Demovideoer<\/strong> og videoguides[\/vc_column_text][\/vc_column][\/vc_row][vc_row css=&#8221;.vc_custom_1724923065887{margin-top: 80px !important;}&#8221;][vc_column width=&#8221;2\/5&#8243;][elx_image_block background_image=&#8221;28355&#8243; minimum_height=&#8221;260px&#8221;][\/vc_column][vc_column width=&#8221;3\/5&#8243;][elx_heading text_color=&#8221;inherit&#8221;]Konkurrencer og casehistorier[\/elx_heading][vc_column_text el_class=&#8221;p-16&#8243; css=&#8221;.vc_custom_1756984037416{margin-top: 20px !important;}&#8221;]<strong>Konkurrencer<\/strong><\/p>\n<p><strong>Cases:<\/strong> S\u00e5dan g\u00f8r andre restauranter og stork\u00f8kkener<\/p>\n<p><strong>Nyheder<\/strong> fra Electrolux koncernen.[\/vc_column_text][\/vc_column][\/vc_row][vc_row full_width=&#8221;electroluxpro-full-width-no-padding&#8221; equal_height=&#8221;yes&#8221; css=&#8221;.vc_custom_1756985227483{margin-top: 80px !important;}&#8221;][vc_column width=&#8221;1\/2&#8243; css=&#8221;.vc_custom_1541060711821{padding-top: 30px !important;background-color: #dadfe1 !important;}&#8221; offset=&#8221;vc_hidden-xs&#8221;][elx_image_block background_image=&#8221;8856&#8243; minimum_height=&#8221;360px&#8221;][\/vc_column][vc_column width=&#8221;1\/2&#8243; css=&#8221;.vc_custom_1541060703713{background-color: #041e41 !important;}&#8221; offset=&#8221;vc_hidden-xs&#8221;][elx_simple_block text_color=&#8221;white&#8221; background_color=&#8221;inherit&#8221;][elx_heading font_container=&#8221;h4&#8243; text_color=&#8221;inherit&#8221;]Hj\u00e6lp til indretning af dit k\u00f8kken?<br \/>\n[\/elx_heading][vc_column_text css_animation=&#8221;fadeInRight&#8221; el_class=&#8221;p-16&#8243; css=&#8221;.vc_custom_1756985326389{padding-right: 32px !important;padding-bottom: 30px !important;}&#8221;]Hos Electrolux er vi eksperter i at hj\u00e6lpe k\u00f8kkenchefer og kokke med at indrette k\u00f8kkener. Vi forst\u00e5r, hvad praktisk indretning og driftssikkert kvalitetsudstyr betyder for restaurantens produktivitet, arbejdsgl\u00e6de og uds\u00f8gt gastronomi.<\/p>\n<p>Vil du have tegninger og beregninger p\u00e5 dit nye k\u00f8kken, s\u00e5 kontakt Electrolux\u2019 k\u00f8kkenspecialister p\u00e5 tlf. 8740 3500.[\/vc_column_text][elx_button button_text=&#8221;F\u00c5 HJ\u00c6LP TIL INDRETNING AF K\u00d8KKEN&#8221; button_link=&#8221;url:https%3A%2F%2Fprofessional.electrolux.dk%2Fkontakt-indretning%2F|||&#8221;][\/elx_simple_block][\/vc_column][\/vc_row][vc_row css=&#8221;.vc_custom_1756985349753{margin-top: 80px !important;margin-bottom: 60px !important;padding-top: 0px !important;}&#8221;][vc_column width=&#8221;1\/3&#8243;][vc_single_image image=&#8221;8592&#8243; img_size=&#8221;360&#215;210&#8243; alignment=&#8221;center&#8221; css=&#8221;.vc_custom_1540474124906{margin-bottom: 32px !important;}&#8221;][elx_heading font_container=&#8221;h4&#8243; text_color=&#8221;inherit&#8221; css=&#8221;.vc_custom_1540469822459{padding-top: 12px !important;padding-bottom: 0px !important;}&#8221;]Effektiv reng\u00f8ring[\/elx_heading][vc_column_text el_class=&#8221;p-16&#8243; css=&#8221;.vc_custom_1540469807321{margin-top: 0px !important;}&#8221;]Spar tid og kr\u00e6fter med Electrolux\u2019 reng\u00f8ringsmidler og specialv\u00e6rkt\u00f8jer.<br \/>\n<a href=\"https:\/\/www.electroluxprofessional.com\/dk\/\">Ring 8740 3500 og bestil eller klik her<\/a>[\/vc_column_text][\/vc_column][vc_column width=&#8221;1\/3&#8243;][vc_single_image image=&#8221;8620&#8243; img_size=&#8221;360&#215;210&#8243; alignment=&#8221;center&#8221; css=&#8221;.vc_custom_1540542343820{margin-bottom: 32px !important;}&#8221;][elx_heading font_container=&#8221;h4&#8243; text_color=&#8221;inherit&#8221;]En ren forn\u00f8jelse[\/elx_heading][vc_column_text el_class=&#8221;p-16&#8243;]Med Electrolux\u2019 professionelle opvaskemaskiner er det en ren forn\u00f8jelse af klare opvasken.<br \/>\n<a href=\"https:\/\/www.electroluxprofessional.com\/dk\/dishwashing-equipment-test1\/\">V\u00e6lg mellem fem typer opvaskemaskiner<\/a> [\/vc_column_text][\/vc_column][vc_column width=&#8221;1\/3&#8243;][elx_video_block background_image=&#8221;8623&#8243; video_link=&#8221;https:\/\/www.youtube.com\/watch?time_continue=6&amp;v=aKQRPw9_TwY&#8221; minimum_height=&#8221;210px&#8221;][vc_empty_space height=&#8221;20px&#8221;][vc_empty_space height=&#8221;20px&#8221;][elx_heading font_container=&#8221;h4&#8243; text_color=&#8221;inherit&#8221;]Smart pastakoger[\/elx_heading][vc_column_text el_class=&#8221;p-16&#8243;]Til frisk, t\u00f8rret eller frossen pasta. Kurven l\u00f8ftes automatisk op af vandet, n\u00e5r pastaen er klar til servering.<br \/>\n<a href=\"https:\/\/www.youtube.com\/watch?time_continue=6&amp;v=aKQRPw9_TwY\">Se hvor smart den er\u2026<\/a><\/p>\n<p>[\/vc_column_text][\/vc_column][\/vc_row]<\/p>\n","protected":false},"excerpt":{"rendered":"<p>[vc_row full_width=&#8221;electroluxpro-full-width-no-padding&#8221;][vc_column offset=&#8221;vc_hidden-xs&#8221;][elx_image_block background_image=&#8221;30403&#8243; minimum_height=&#8221;350px&#8221;][vc_row_inner][vc_column_inner][vc_empty_space height=&#8221;60px&#8221;][\/vc_column_inner][\/vc_row_inner][\/vc_column][\/vc_row][vc_row css=&#8221;.vc_custom_1756978407002{margin-top: 60px !important;}&#8221;][vc_column css=&#8221;.vc_custom_1756982838153{border-top-width: 1px !important;padding-top: 60px !important;border-top-color: #041e41 !important;border-top-style: solid !important;}&#8221;][elx_heading font_size=&#8221;h1&#8243; text_color=&#8221;inherit&#8221; text_align=&#8221;text-center&#8221;]Hvad indeholder vores nyhedsmails?[\/elx_heading][\/vc_column][\/vc_row][vc_row full_width=&#8221;electroluxpro-full-width-no-padding&#8221;][vc_column offset=&#8221;vc_hidden-lg vc_hidden-md vc_hidden-sm&#8221;][elx_image_block background_image=&#8221;30403&#8243; minimum_height=&#8221;350px&#8221;][\/vc_column][\/vc_row][vc_row css=&#8221;.vc_custom_1756971881924{margin-top: 60px !important;}&#8221;][vc_column][elx_heading font_container=&#8221;h1&#8243; text_color=&#8221;inherit&#8221;]Tilmeld dig vores nyhedsmails og vind 2 biografbilletter[\/elx_heading][\/vc_column][\/vc_row][vc_row css=&#8221;.vc_custom_1756971992873{margin-top: 32px !important;}&#8221;][vc_column width=&#8221;7\/12&#8243;][vc_column_text el_class=&#8221;p-16&#8243; css=&#8221;.vc_custom_1756970383615{margin-top: 30px !important;}&#8221;]Vi udtr\u00e6kker 5 x 2 biografbilletter [&hellip;]<\/p>\n","protected":false},"author":64,"featured_media":0,"parent":0,"menu_order":0,"comment_status":"closed","ping_status":"closed","template":"","meta":{"footnotes":""},"class_list":["post-30397","page","type-page","status-publish","hentry"],"acf":[],"yoast_head":"<!-- This site is optimized with the Yoast SEO plugin v23.3 - https:\/\/yoast.com\/wordpress\/plugins\/seo\/ -->\n<title>F\u00e5 Electrolux Professional nyhedsmail og vind 2 biografbilletter<\/title>\n<meta name=\"description\" content=\"F\u00e5 information om produkter og service, tips til at spare penge, konkurrencer, guides og beregnere, casehistorier og nyheder.\" \/>\n<meta name=\"robots\" content=\"index, follow, max-snippet:-1, max-image-preview:large, max-video-preview:-1\" \/>\n<link rel=\"canonical\" href=\"https:\/\/www.electroluxprofessional.com\/dk\/tilmeld-nyhedsmail-koekken\/\" \/>\n<meta property=\"og:locale\" content=\"da_DK\" \/>\n<meta property=\"og:type\" content=\"article\" \/>\n<meta property=\"og:title\" content=\"F\u00e5 Electrolux Professional nyhedsmail og vind 2 biografbilletter\" \/>\n<meta property=\"og:description\" content=\"F\u00e5 information om produkter og service, tips til at spare penge, konkurrencer, guides og beregnere, casehistorier og nyheder.\" \/>\n<meta property=\"og:url\" content=\"https:\/\/www.electroluxprofessional.com\/dk\/tilmeld-nyhedsmail-koekken\/\" \/>\n<meta property=\"og:site_name\" content=\"Electrolux Professional Danmark\" \/>\n<meta property=\"article:modified_time\" content=\"2026-04-09T11:47:42+00:00\" \/>\n<meta name=\"twitter:card\" content=\"summary_large_image\" \/>\n<meta name=\"twitter:label1\" content=\"Estimeret l\u00e6setid\" \/>\n\t<meta name=\"twitter:data1\" content=\"3 minutter\" \/>\n<script type=\"application\/ld+json\" class=\"yoast-schema-graph\">{\"@context\":\"https:\/\/schema.org\",\"@graph\":[{\"@type\":\"WebPage\",\"@id\":\"https:\/\/www.electroluxprofessional.com\/dk\/tilmeld-nyhedsmail-koekken\/\",\"url\":\"https:\/\/www.electroluxprofessional.com\/dk\/tilmeld-nyhedsmail-koekken\/\",\"name\":\"F\u00e5 Electrolux Professional nyhedsmail og vind 2 biografbilletter\",\"isPartOf\":{\"@id\":\"https:\/\/www.electroluxprofessional.com\/dk\/#website\"},\"datePublished\":\"2025-09-04T12:03:32+00:00\",\"dateModified\":\"2026-04-09T11:47:42+00:00\",\"description\":\"F\u00e5 information om produkter og service, tips til at spare penge, konkurrencer, guides og beregnere, casehistorier og nyheder.\",\"breadcrumb\":{\"@id\":\"https:\/\/www.electroluxprofessional.com\/dk\/tilmeld-nyhedsmail-koekken\/#breadcrumb\"},\"inLanguage\":\"da-DK\",\"potentialAction\":[{\"@type\":\"ReadAction\",\"target\":[\"https:\/\/www.electroluxprofessional.com\/dk\/tilmeld-nyhedsmail-koekken\/\"]}]},{\"@type\":\"BreadcrumbList\",\"@id\":\"https:\/\/www.electroluxprofessional.com\/dk\/tilmeld-nyhedsmail-koekken\/#breadcrumb\",\"itemListElement\":[{\"@type\":\"ListItem\",\"position\":1,\"name\":\"Home\",\"item\":\"https:\/\/www.electroluxprofessional.com\/dk\/\"},{\"@type\":\"ListItem\",\"position\":2,\"name\":\"Tilmeld nyhedsmails og vind 2 biografbilletter \u2013 k\u00f8kken\"}]},{\"@type\":\"WebSite\",\"@id\":\"https:\/\/www.electroluxprofessional.com\/dk\/#website\",\"url\":\"https:\/\/www.electroluxprofessional.com\/dk\/\",\"name\":\"Electrolux Professional Danmark\",\"description\":\"\",\"potentialAction\":[{\"@type\":\"SearchAction\",\"target\":{\"@type\":\"EntryPoint\",\"urlTemplate\":\"https:\/\/www.electroluxprofessional.com\/dk\/?src={search_term_string}\"},\"query-input\":\"required name=search_term_string\"}],\"inLanguage\":\"da-DK\"}]}<\/script>\n<!-- \/ Yoast SEO plugin. -->","yoast_head_json":{"title":"F\u00e5 Electrolux Professional nyhedsmail og vind 2 biografbilletter","description":"F\u00e5 information om produkter og service, tips til at spare penge, konkurrencer, guides og beregnere, casehistorier og nyheder.","robots":{"index":"index","follow":"follow","max-snippet":"max-snippet:-1","max-image-preview":"max-image-preview:large","max-video-preview":"max-video-preview:-1"},"canonical":"https:\/\/www.electroluxprofessional.com\/dk\/tilmeld-nyhedsmail-koekken\/","og_locale":"da_DK","og_type":"article","og_title":"F\u00e5 Electrolux Professional nyhedsmail og vind 2 biografbilletter","og_description":"F\u00e5 information om produkter og service, tips til at spare penge, konkurrencer, guides og beregnere, casehistorier og nyheder.","og_url":"https:\/\/www.electroluxprofessional.com\/dk\/tilmeld-nyhedsmail-koekken\/","og_site_name":"Electrolux Professional Danmark","article_modified_time":"2026-04-09T11:47:42+00:00","twitter_card":"summary_large_image","twitter_misc":{"Estimeret l\u00e6setid":"3 minutter"},"schema":{"@context":"https:\/\/schema.org","@graph":[{"@type":"WebPage","@id":"https:\/\/www.electroluxprofessional.com\/dk\/tilmeld-nyhedsmail-koekken\/","url":"https:\/\/www.electroluxprofessional.com\/dk\/tilmeld-nyhedsmail-koekken\/","name":"F\u00e5 Electrolux Professional nyhedsmail og vind 2 biografbilletter","isPartOf":{"@id":"https:\/\/www.electroluxprofessional.com\/dk\/#website"},"datePublished":"2025-09-04T12:03:32+00:00","dateModified":"2026-04-09T11:47:42+00:00","description":"F\u00e5 information om produkter og service, tips til at spare penge, konkurrencer, guides og beregnere, casehistorier og nyheder.","breadcrumb":{"@id":"https:\/\/www.electroluxprofessional.com\/dk\/tilmeld-nyhedsmail-koekken\/#breadcrumb"},"inLanguage":"da-DK","potentialAction":[{"@type":"ReadAction","target":["https:\/\/www.electroluxprofessional.com\/dk\/tilmeld-nyhedsmail-koekken\/"]}]},{"@type":"BreadcrumbList","@id":"https:\/\/www.electroluxprofessional.com\/dk\/tilmeld-nyhedsmail-koekken\/#breadcrumb","itemListElement":[{"@type":"ListItem","position":1,"name":"Home","item":"https:\/\/www.electroluxprofessional.com\/dk\/"},{"@type":"ListItem","position":2,"name":"Tilmeld nyhedsmails og vind 2 biografbilletter \u2013 k\u00f8kken"}]},{"@type":"WebSite","@id":"https:\/\/www.electroluxprofessional.com\/dk\/#website","url":"https:\/\/www.electroluxprofessional.com\/dk\/","name":"Electrolux Professional Danmark","description":"","potentialAction":[{"@type":"SearchAction","target":{"@type":"EntryPoint","urlTemplate":"https:\/\/www.electroluxprofessional.com\/dk\/?src={search_term_string}"},"query-input":"required name=search_term_string"}],"inLanguage":"da-DK"}]}},"_links":{"self":[{"href":"https:\/\/www.electroluxprofessional.com\/dk\/wp-json\/wp\/v2\/pages\/30397"}],"collection":[{"href":"https:\/\/www.electroluxprofessional.com\/dk\/wp-json\/wp\/v2\/pages"}],"about":[{"href":"https:\/\/www.electroluxprofessional.com\/dk\/wp-json\/wp\/v2\/types\/page"}],"author":[{"embeddable":true,"href":"https:\/\/www.electroluxprofessional.com\/dk\/wp-json\/wp\/v2\/users\/64"}],"replies":[{"embeddable":true,"href":"https:\/\/www.electroluxprofessional.com\/dk\/wp-json\/wp\/v2\/comments?post=30397"}],"version-history":[{"count":23,"href":"https:\/\/www.electroluxprofessional.com\/dk\/wp-json\/wp\/v2\/pages\/30397\/revisions"}],"predecessor-version":[{"id":32356,"href":"https:\/\/www.electroluxprofessional.com\/dk\/wp-json\/wp\/v2\/pages\/30397\/revisions\/32356"}],"wp:attachment":[{"href":"https:\/\/www.electroluxprofessional.com\/dk\/wp-json\/wp\/v2\/media?parent=30397"}],"curies":[{"name":"wp","href":"https:\/\/api.w.org\/{rel}","templated":true}]}}