{"id":30363,"date":"2025-09-04T11:02:49","date_gmt":"2025-09-04T11:02:49","guid":{"rendered":"https:\/\/www.electroluxprofessional.com\/dk\/?page_id=30363"},"modified":"2025-10-31T12:52:23","modified_gmt":"2025-10-31T12:52:23","slug":"tilmeld-nyhedsmail-vask","status":"publish","type":"page","link":"https:\/\/www.electroluxprofessional.com\/dk\/tilmeld-nyhedsmail-vask\/","title":{"rendered":"Tilmeld nyhedsmails og vind 2 biografbilletter \u2013 vask"},"content":{"rendered":"<p>[vc_row full_width=&#8221;electroluxpro-full-width-no-padding&#8221;][vc_column offset=&#8221;vc_hidden-xs&#8221;][elx_image_block background_image=&#8221;30367&#8243; minimum_height=&#8221;350px&#8221;][vc_row_inner][vc_column_inner][vc_empty_space height=&#8221;60px&#8221;][\/vc_column_inner][\/vc_row_inner][\/vc_column][\/vc_row][vc_row full_width=&#8221;electroluxpro-full-width-no-padding&#8221;][vc_column offset=&#8221;vc_hidden-lg vc_hidden-md vc_hidden-sm&#8221;][elx_image_block background_image=&#8221;30367&#8243; minimum_height=&#8221;200px&#8221;][\/vc_column][\/vc_row][vc_row css=&#8221;.vc_custom_1756971881924{margin-top: 60px !important;}&#8221;][vc_column][elx_heading font_container=&#8221;h1&#8243; text_color=&#8221;inherit&#8221;]Tilmeld dig vores nyhedsmails og vind 2 biografbilletter[\/elx_heading][\/vc_column][\/vc_row][vc_row css=&#8221;.vc_custom_1756971992873{margin-top: 32px !important;}&#8221;][vc_column width=&#8221;7\/12&#8243;][vc_column_text el_class=&#8221;p-16&#8243; css=&#8221;.vc_custom_1756970383615{margin-top: 30px !important;}&#8221;]Vi udtr\u00e6kker 5 x 2 biografbilletter hver m\u00e5ned blandt nye abonnenter. Hvis du vinder, f\u00e5r du dine 2 biografbilletter pr. e-mail.[\/vc_column_text][vc_row_inner][vc_column_inner width=&#8221;1\/2&#8243;][vc_single_image image=&#8221;7784&#8243; img_size=&#8221;full&#8221;][\/vc_column_inner][vc_column_inner width=&#8221;1\/2&#8243;][\/vc_column_inner][\/vc_row_inner][vc_row_inner][vc_column_inner offset=&#8221;vc_hidden-lg vc_hidden-md vc_hidden-sm&#8221;][vc_empty_space][\/vc_column_inner][\/vc_row_inner][\/vc_column][vc_column width=&#8221;5\/12&#8243;][vc_empty_space][vc_column_text]<\/p>\n<div id=\"mc_embed_shell\">\n<style type=\"text\/css\">\n        #mc_embed_signup{background:#fff; false;clear:left; font:14px Helvetica,Arial,sans-serif; width: 500px;}<br \/>        \/* Add your own Mailchimp form style overrides in your site stylesheet or in this style block.<br \/>           We recommend moving this block and the preceding CSS link to the HEAD of your HTML file. *\/<br \/><\/style>\n<div id=\"mc_embed_signup\">\n<form id=\"mc-embedded-subscribe-form\" class=\"validate\" action=\"https:\/\/electroluxprofessional.us1.list-manage.com\/subscribe\/post?u=2a52a7754b49b442df6005015&amp;id=eed2270662&amp;f_id=009e68e0f0\" method=\"post\" name=\"mc-embedded-subscribe-form\" target=\"_blank\">\n<div id=\"mc_embed_signup_scroll\">\n<div class=\"mc-field-group\"><label for=\"mce-FNAME\">Fornavn <span class=\"asterisk\">*<\/span><\/label><input id=\"mce-FNAME\" class=\"required text\" name=\"FNAME\" required=\"\" type=\"text\" value=\"\" data-uniqkey2fa-processed-flag=\"true\" \/><\/div>\n<div class=\"mc-field-group\"><label for=\"mce-LNAME\">Efternavn <span class=\"asterisk\">*<\/span><\/label><input id=\"mce-LNAME\" class=\"required text\" name=\"LNAME\" required=\"\" type=\"text\" value=\"\" data-uniqkey2fa-processed-flag=\"true\" \/><\/div>\n<div class=\"mc-field-group\"><label for=\"mce-EMAIL\">Din e-mail <span class=\"asterisk\">*<\/span><\/label><input id=\"mce-EMAIL\" class=\"required email\" name=\"EMAIL\" required=\"\" type=\"email\" value=\"\" \/><\/div>\n<div><span class=\"asterisk\">*<\/span> obligatorisk<\/div>\n<div><\/div>\n<div id=\"mce-responses\" class=\"clear\">\n<div id=\"mce-error-response\" class=\"response\" style=\"display: none;\"><\/div>\n<div id=\"mce-success-response\" class=\"response\" style=\"display: none;\"><\/div>\n<\/div>\n<div style=\"position: absolute; left: -5000px;\" aria-hidden=\"true\"><input tabindex=\"-1\" name=\"b_2a52a7754b49b442df6005015_eed2270662\" type=\"text\" value=\"\" \/><\/div>\n<div class=\"clear\"><input id=\"mc-embedded-subscribe\" class=\"button\" name=\"subscribe\" type=\"submit\" value=\"SEND \u2013 og deltag i denne m\u00e5neds lodtr\u00e6kning\" \/><\/div>\n<\/div>\n<div style=\"margin-top:20px; font-size:14px;\">\n<p>Jeg har l\u00e6st Electrolux Professionals <a href=\"https:\/\/www.electroluxprofessional.com\/dk\/data-privacy-statement\/\">Privatpolitik<\/a> og giver tilladelse til at mine data alene bruges til at modtage nyhedsmails med konkurrencer og tilbud<\/p>\n<\/div>\n<\/form>\n<\/div>\n<p><script type=\"text\/javascript\" src=\"\/\/s3.amazonaws.com\/downloads.mailchimp.com\/js\/mc-validate.js\"><\/script><script type=\"text\/javascript\">(function($) {window.fnames = new Array(); window.ftypes = new Array();fnames[6]='FNAME';ftypes[6]='text';fnames[7]='LNAME';ftypes[7]='text';fnames[0]='EMAIL';ftypes[0]='email';fnames[11]='NAVN';ftypes[11]='text';fnames[14]='NOTE';ftypes[14]='text';fnames[25]='CVR';ftypes[25]='text';fnames[24]='INFO2';ftypes[24]='text';fnames[22]='GAVEBEVIS';ftypes[22]='text';fnames[21]='MMERGE21';ftypes[21]='number';fnames[19]='INFO1';ftypes[19]='text';fnames[17]='MMERGE17';ftypes[17]='radio';fnames[16]='MMERGE16';ftypes[16]='radio';fnames[15]='OPFLG';ftypes[15]='text';fnames[4]='GRUPPE';ftypes[4]='text';fnames[9]='TARGET';ftypes[9]='text';fnames[8]='MERGE8';ftypes[8]='text';fnames[3]='MAILSPOR';ftypes[3]='text';fnames[2]='ACTION2';ftypes[2]='text';fnames[1]='ACTION';ftypes[1]='text';fnames[12]='BRANCHE';ftypes[12]='text';fnames[13]='POSTNRBY';ftypes[13]='text';fnames[18]='FIRMA';ftypes[18]='text';fnames[5]='MMERGE5';ftypes[5]='dropdown';fnames[20]='TITEL';ftypes[20]='text';fnames[26]='KILDE';ftypes[26]='text';\/*\n * Translated default messages for the $ validation plugin.\n * Locale: DA\n *\/\n$.extend($.validator.messages, {\n\trequired: \"Dette felt er p\u00e5kr\u00e6vet.\",\n\tmaxlength: $.validator.format(\"Indtast h\u00f8jst {0} tegn.\"),\n\tminlength: $.validator.format(\"Indtast mindst {0} tegn.\"),\n\trangelength: $.validator.format(\"Indtast mindst {0} og h\u00f8jst {1} tegn.\"),\n\temail: \"Indtast en gyldig email-adresse.\",\n\turl: \"Indtast en gyldig URL.\",\n\tdate: \"Indtast en gyldig dato.\",\n\tnumber: \"Indtast et tal.\",\n\tdigits: \"Indtast kun cifre.\",\n\tequalTo: \"Indtast den samme v\u00e6rdi igen.\",\n\trange: $.validator.format(\"Angiv en v\u00e6rdi mellem {0} og {1}.\"),\n\tmax: $.validator.format(\"Angiv en v\u00e6rdi der h\u00f8jst er {0}.\"),\n\tmin: $.validator.format(\"Angiv en v\u00e6rdi der mindst er {0}.\"),\n\tcreditcard: \"Indtast et gyldigt kreditkortnummer.\"\n});}(jQuery));var $mcj = jQuery.noConflict(true);<\/script><\/p>\n<\/div>\n<p>[\/vc_column_text][\/vc_column][\/vc_row][vc_row css=&#8221;.vc_custom_1756978407002{margin-top: 60px !important;}&#8221;][vc_column css=&#8221;.vc_custom_1756982838153{border-top-width: 1px !important;padding-top: 60px !important;border-top-color: #041e41 !important;border-top-style: solid !important;}&#8221;][vc_empty_space height=&#8221;60px&#8221;][elx_heading font_size=&#8221;h1&#8243; text_color=&#8221;inherit&#8221; text_align=&#8221;text-center&#8221;]Hvad indeholder vores nyhedsmails:[\/elx_heading][vc_column_text el_class=&#8221;p-16&#8243;]<\/p>\n<p style=\"text-align: center;\">Du h\u00f8rer fra os cirka en gang om m\u00e5neden. Og du kan selvf\u00f8lgelig til hver en tid framelde dig igen. <strong>Du f\u00e5r bl.a.:<\/strong><\/p>\n<p>[\/vc_column_text][\/vc_column][\/vc_row][vc_row css=&#8221;.vc_custom_1724923065887{margin-top: 80px !important;}&#8221;][vc_column width=&#8221;2\/5&#8243;][elx_image_block background_image=&#8221;8700&#8243; minimum_height=&#8221;260px&#8221;][\/vc_column][vc_column width=&#8221;3\/5&#8243;][elx_heading text_color=&#8221;inherit&#8221;]Information og tips[\/elx_heading][vc_column_text el_class=&#8221;p-16&#8243; css=&#8221;.vc_custom_1756977689933{margin-top: 20px !important;}&#8221;]<strong>Information<\/strong> om nye produkter og serviceydelser, som kan g\u00f8re livet nemmere for dig og vaskeriets brugere.<\/p>\n<p><strong>Tips<\/strong> til at spare penge og CO<sub>2<\/sub> p\u00e5 driften af dit vaskeri, dvs. mindre el-, vand- og s\u00e6beregninger.[\/vc_column_text][\/vc_column][\/vc_row][vc_row css=&#8221;.vc_custom_1724923065887{margin-top: 80px !important;}&#8221;][vc_column width=&#8221;2\/5&#8243;][elx_image_block background_image=&#8221;30102&#8243; vert_back_position=&#8221;bottom&#8221; minimum_height=&#8221;260px&#8221;][\/vc_column][vc_column width=&#8221;3\/5&#8243;][elx_heading text_color=&#8221;inherit&#8221;]Konkurrencer og guides[\/elx_heading][vc_column_text el_class=&#8221;p-16&#8243; css=&#8221;.vc_custom_1757076207991{margin-top: 20px !important;}&#8221;]<strong>Konkurrencer<\/strong>, hvor du kan vinde attraktive pr\u00e6mier. Kun personer med tilknytning til vaskerier kan deltage.<\/p>\n<p>Adgang til <strong>guides, beregnere<\/strong> og andre v\u00e6rkt\u00f8jer, som du kan bruge, n\u00e5r du skal tr\u00e6ffe beslutning om k\u00f8b af nye maskiner til dit vaskeri.[\/vc_column_text][\/vc_column][\/vc_row][vc_row css=&#8221;.vc_custom_1724923065887{margin-top: 80px !important;}&#8221;][vc_column width=&#8221;2\/5&#8243;][elx_image_block background_image=&#8221;30235&#8243; minimum_height=&#8221;260px&#8221;][\/vc_column][vc_column width=&#8221;3\/5&#8243;][elx_heading text_color=&#8221;inherit&#8221;]Casehistorier og nyheder[\/elx_heading][vc_column_text el_class=&#8221;p-16&#8243; css=&#8221;.vc_custom_1756977792247{margin-top: 20px !important;}&#8221;]<strong>Casehistorier<\/strong> om, hvordan andre boligforeninger og virksomheder har indrettet deres vaskerier.<\/p>\n<p><strong>Nyheder<\/strong> fra Electrolux koncernen.[\/vc_column_text][\/vc_column][\/vc_row][vc_row][vc_column][vc_empty_space height=&#8221;60px&#8221;][\/vc_column][\/vc_row][vc_row css=&#8221;.vc_custom_1724927034135{margin-top: 60px !important;background-color: #041e41 !important;}&#8221;][vc_column css=&#8221;.vc_custom_1724927025044{padding-top: 40px !important;}&#8221;][elx_heading font_size=&#8221;h1&#8243; text_color=&#8221;white&#8221; text_align=&#8221;text-center&#8221; css=&#8221;.vc_custom_1724926980389{padding-top: 60px !important;padding-bottom: 30px !important;}&#8221;]Her kan du blandet andet finde vores vaskemaskiner[\/elx_heading][\/vc_column][\/vc_row][vc_row css=&#8221;.vc_custom_1724926362854{padding-top: 30px !important;padding-bottom: 30px !important;background-color: #041e41 !important;}&#8221;][vc_column width=&#8221;1\/3&#8243;][elx_simple_link_block link=&#8221;url:https%3A%2F%2Fwww.electroluxprofessional.com%2Fdk%2Ffaellesvaskeri%2F|target:_blank&#8221; text_align=&#8221;text-left&#8221; text_color=&#8221;inherit&#8221; background_color=&#8221;inherit&#8221; background_hover_color=&#8221;darker-hover&#8221; extra_class=&#8221;&#8221; reveal_effect=&#8221;&#8221; reveal_duration=&#8221;&#8221; reveal_delay=&#8221;&#8221;][vc_single_image image=&#8221;8877&#8243; img_size=&#8221;340&#215;340&#8243;][elx_heading text_color=&#8221;white&#8221;]F\u00e6llesvaskerier[\/elx_heading][vc_column_text el_class=&#8221;p-16-white&#8221;]Electrolux Professional er landets f\u00f8rende ekspert inden for professionelle vaskerimaskiner. Derfor kan du nemt finde en l\u00f8sning, som passer pr\u00e6cist til den kapacitet, der er behov for i dit f\u00e6llesvaskeri[\/vc_column_text][\/elx_simple_link_block][\/vc_column][vc_column width=&#8221;1\/3&#8243;][elx_simple_link_block link=&#8221;url:https%3A%2F%2Fwww.electroluxprofessional.com%2Fdk%2Fvask-af-arbejdstoej%2F|title:Virksomhed|target:_blank&#8221; text_align=&#8221;text-left&#8221; text_color=&#8221;inherit&#8221; background_color=&#8221;inherit&#8221; background_hover_color=&#8221;darker-hover&#8221; extra_class=&#8221;&#8221; reveal_effect=&#8221;&#8221; reveal_duration=&#8221;&#8221; reveal_delay=&#8221;&#8221;][vc_single_image image=&#8221;28221&#8243; img_size=&#8221;340&#215;340&#8243;][elx_heading text_color=&#8221;white&#8221;]In-house vaskerier[\/elx_heading][vc_column_text el_class=&#8221;p-16-white&#8221;]Med Electrolux Professional f\u00e5r din virksomhed driftssikre maskiner, der vasker arbejdst\u00f8j hurtigt og effektivt.[\/vc_column_text][\/elx_simple_link_block][\/vc_column][vc_column width=&#8221;1\/3&#8243;][elx_simple_link_block link=&#8221;url:https%3A%2F%2Fwww.electroluxprofessional.com%2Fdk%2Fmoppevask%2F|title:Reng%C3%B8ringsfirma%20%E2%80%93%20moppevask|target:_blank&#8221; text_align=&#8221;text-left&#8221; text_color=&#8221;inherit&#8221; background_color=&#8221;inherit&#8221; background_hover_color=&#8221;darker-hover&#8221; extra_class=&#8221;&#8221; reveal_effect=&#8221;&#8221; reveal_duration=&#8221;&#8221; reveal_delay=&#8221;&#8221;][vc_single_image image=&#8221;26307&#8243; img_size=&#8221;340&#215;340&#8243;][elx_heading text_color=&#8221;white&#8221;]Reng\u00f8ringsbranchen[\/elx_heading][vc_column_text el_class=&#8221;p-16-white&#8221;]Med en industrivaskemaskine fra Electrolux Professional f\u00e5r du \u201cready-to-use\u201d mopper og klude.\u00a0<strong>Uden<\/strong>\u00a0sand og grus i.\u00a0<strong>Med<\/strong> vores NIR-certifikat.[\/vc_column_text][\/elx_simple_link_block][\/vc_column][\/vc_row][vc_row css=&#8221;.vc_custom_1753792540187{margin-bottom: 60px !important;}&#8221;][vc_column reveal_effect=&#8221;&#8221; width=&#8221;1\/5&#8243;][vc_empty_space height=&#8221;10px&#8221;][\/vc_column][vc_column width=&#8221;3\/5&#8243;][vc_empty_space][elx_heading font_size=&#8221;h2&#8243; text_color=&#8221;inherit&#8221; text_align=&#8221;text-left&#8221;]Guide til k\u00f8b af maskiner i f\u00e6llesvaskeri[\/elx_heading][vc_column_text el_class=&#8221;p-16&#8243; css=&#8221;.vc_custom_1753788416987{padding-right: 20px !important;}&#8221;]<strong>Se her hvad du skal t\u00e6nke p\u00e5, n\u00e5r maskinerne i vaskeriet skal udskiftes \u2013 uanset om det er en enkel professionel vaskemaskine eller et komplet vaskeri. Du finder ogs\u00e5 en guide med forskellige forslag til finansiering af jeres vaskeri.<\/strong>[\/vc_column_text][elx_button button_text=&#8221;Guide i 10 punkter&#8221; button_display_block=&#8221;display_block_on&#8221; button_alignment=&#8221;align_center&#8221; button_link=&#8221;url:https%3A%2F%2Fwww.electroluxprofessional.com%2Fdk%2Fguide-til-koeb-2025%2F|title:Guide%20til%20k%C3%B8b%20%E2%80%93%2010%20punkter&#8221; css=&#8221;.vc_custom_1753788492120{margin-top: 40px !important;}&#8221;][\/vc_column][vc_column width=&#8221;1\/5&#8243;][\/vc_column][\/vc_row]<\/p>\n","protected":false},"excerpt":{"rendered":"<p>[vc_row full_width=&#8221;electroluxpro-full-width-no-padding&#8221;][vc_column offset=&#8221;vc_hidden-xs&#8221;][elx_image_block background_image=&#8221;30367&#8243; minimum_height=&#8221;350px&#8221;][vc_row_inner][vc_column_inner][vc_empty_space height=&#8221;60px&#8221;][\/vc_column_inner][\/vc_row_inner][\/vc_column][\/vc_row][vc_row full_width=&#8221;electroluxpro-full-width-no-padding&#8221;][vc_column offset=&#8221;vc_hidden-lg vc_hidden-md vc_hidden-sm&#8221;][elx_image_block background_image=&#8221;30367&#8243; minimum_height=&#8221;200px&#8221;][\/vc_column][\/vc_row][vc_row css=&#8221;.vc_custom_1756971881924{margin-top: 60px !important;}&#8221;][vc_column][elx_heading font_container=&#8221;h1&#8243; text_color=&#8221;inherit&#8221;]Tilmeld dig vores nyhedsmails og vind 2 biografbilletter[\/elx_heading][\/vc_column][\/vc_row][vc_row css=&#8221;.vc_custom_1756971992873{margin-top: 32px !important;}&#8221;][vc_column width=&#8221;7\/12&#8243;][vc_column_text el_class=&#8221;p-16&#8243; css=&#8221;.vc_custom_1756970383615{margin-top: 30px !important;}&#8221;]Vi udtr\u00e6kker 5 x 2 biografbilletter hver m\u00e5ned blandt nye abonnenter. Hvis du vinder, f\u00e5r du dine 2 biografbilletter pr. e-mail.[\/vc_column_text][vc_row_inner][vc_column_inner width=&#8221;1\/2&#8243;][vc_single_image image=&#8221;7784&#8243; img_size=&#8221;full&#8221;][\/vc_column_inner][vc_column_inner [&hellip;]<\/p>\n","protected":false},"author":64,"featured_media":0,"parent":0,"menu_order":0,"comment_status":"closed","ping_status":"closed","template":"","meta":{"footnotes":""},"class_list":["post-30363","page","type-page","status-publish","hentry"],"acf":[],"yoast_head":"<!-- This site is optimized with the Yoast SEO plugin v23.3 - https:\/\/yoast.com\/wordpress\/plugins\/seo\/ -->\n<title>F\u00e5 Electrolux Professional nyhedsmail og vind 2 biografbilletter<\/title>\n<meta name=\"description\" content=\"F\u00e5 information om produkter og service, tips til at spare penge, konkurrencer, guides og beregnere, casehistorier og nyheder.\" \/>\n<meta name=\"robots\" content=\"index, follow, max-snippet:-1, max-image-preview:large, max-video-preview:-1\" \/>\n<link rel=\"canonical\" href=\"https:\/\/www.electroluxprofessional.com\/dk\/tilmeld-nyhedsmail-vask\/\" \/>\n<meta property=\"og:locale\" content=\"da_DK\" \/>\n<meta property=\"og:type\" content=\"article\" \/>\n<meta property=\"og:title\" content=\"F\u00e5 Electrolux Professional nyhedsmail og vind 2 biografbilletter\" \/>\n<meta property=\"og:description\" content=\"F\u00e5 information om produkter og service, tips til at spare penge, konkurrencer, guides og beregnere, casehistorier og nyheder.\" \/>\n<meta property=\"og:url\" content=\"https:\/\/www.electroluxprofessional.com\/dk\/tilmeld-nyhedsmail-vask\/\" \/>\n<meta property=\"og:site_name\" content=\"Electrolux Professional Danmark\" \/>\n<meta property=\"article:modified_time\" content=\"2025-10-31T12:52:23+00:00\" \/>\n<meta name=\"twitter:card\" content=\"summary_large_image\" \/>\n<meta name=\"twitter:label1\" content=\"Estimeret l\u00e6setid\" \/>\n\t<meta name=\"twitter:data1\" content=\"3 minutter\" \/>\n<script type=\"application\/ld+json\" class=\"yoast-schema-graph\">{\"@context\":\"https:\/\/schema.org\",\"@graph\":[{\"@type\":\"WebPage\",\"@id\":\"https:\/\/www.electroluxprofessional.com\/dk\/tilmeld-nyhedsmail-vask\/\",\"url\":\"https:\/\/www.electroluxprofessional.com\/dk\/tilmeld-nyhedsmail-vask\/\",\"name\":\"F\u00e5 Electrolux Professional nyhedsmail og vind 2 biografbilletter\",\"isPartOf\":{\"@id\":\"https:\/\/www.electroluxprofessional.com\/dk\/#website\"},\"datePublished\":\"2025-09-04T11:02:49+00:00\",\"dateModified\":\"2025-10-31T12:52:23+00:00\",\"description\":\"F\u00e5 information om produkter og service, tips til at spare penge, konkurrencer, guides og beregnere, casehistorier og nyheder.\",\"breadcrumb\":{\"@id\":\"https:\/\/www.electroluxprofessional.com\/dk\/tilmeld-nyhedsmail-vask\/#breadcrumb\"},\"inLanguage\":\"da-DK\",\"potentialAction\":[{\"@type\":\"ReadAction\",\"target\":[\"https:\/\/www.electroluxprofessional.com\/dk\/tilmeld-nyhedsmail-vask\/\"]}]},{\"@type\":\"BreadcrumbList\",\"@id\":\"https:\/\/www.electroluxprofessional.com\/dk\/tilmeld-nyhedsmail-vask\/#breadcrumb\",\"itemListElement\":[{\"@type\":\"ListItem\",\"position\":1,\"name\":\"Home\",\"item\":\"https:\/\/www.electroluxprofessional.com\/dk\/\"},{\"@type\":\"ListItem\",\"position\":2,\"name\":\"Tilmeld nyhedsmails og vind 2 biografbilletter \u2013 vask\"}]},{\"@type\":\"WebSite\",\"@id\":\"https:\/\/www.electroluxprofessional.com\/dk\/#website\",\"url\":\"https:\/\/www.electroluxprofessional.com\/dk\/\",\"name\":\"Electrolux Professional Danmark\",\"description\":\"\",\"potentialAction\":[{\"@type\":\"SearchAction\",\"target\":{\"@type\":\"EntryPoint\",\"urlTemplate\":\"https:\/\/www.electroluxprofessional.com\/dk\/?src={search_term_string}\"},\"query-input\":\"required name=search_term_string\"}],\"inLanguage\":\"da-DK\"}]}<\/script>\n<!-- \/ Yoast SEO plugin. -->","yoast_head_json":{"title":"F\u00e5 Electrolux Professional nyhedsmail og vind 2 biografbilletter","description":"F\u00e5 information om produkter og service, tips til at spare penge, konkurrencer, guides og beregnere, casehistorier og nyheder.","robots":{"index":"index","follow":"follow","max-snippet":"max-snippet:-1","max-image-preview":"max-image-preview:large","max-video-preview":"max-video-preview:-1"},"canonical":"https:\/\/www.electroluxprofessional.com\/dk\/tilmeld-nyhedsmail-vask\/","og_locale":"da_DK","og_type":"article","og_title":"F\u00e5 Electrolux Professional nyhedsmail og vind 2 biografbilletter","og_description":"F\u00e5 information om produkter og service, tips til at spare penge, konkurrencer, guides og beregnere, casehistorier og nyheder.","og_url":"https:\/\/www.electroluxprofessional.com\/dk\/tilmeld-nyhedsmail-vask\/","og_site_name":"Electrolux Professional Danmark","article_modified_time":"2025-10-31T12:52:23+00:00","twitter_card":"summary_large_image","twitter_misc":{"Estimeret l\u00e6setid":"3 minutter"},"schema":{"@context":"https:\/\/schema.org","@graph":[{"@type":"WebPage","@id":"https:\/\/www.electroluxprofessional.com\/dk\/tilmeld-nyhedsmail-vask\/","url":"https:\/\/www.electroluxprofessional.com\/dk\/tilmeld-nyhedsmail-vask\/","name":"F\u00e5 Electrolux Professional nyhedsmail og vind 2 biografbilletter","isPartOf":{"@id":"https:\/\/www.electroluxprofessional.com\/dk\/#website"},"datePublished":"2025-09-04T11:02:49+00:00","dateModified":"2025-10-31T12:52:23+00:00","description":"F\u00e5 information om produkter og service, tips til at spare penge, konkurrencer, guides og beregnere, casehistorier og nyheder.","breadcrumb":{"@id":"https:\/\/www.electroluxprofessional.com\/dk\/tilmeld-nyhedsmail-vask\/#breadcrumb"},"inLanguage":"da-DK","potentialAction":[{"@type":"ReadAction","target":["https:\/\/www.electroluxprofessional.com\/dk\/tilmeld-nyhedsmail-vask\/"]}]},{"@type":"BreadcrumbList","@id":"https:\/\/www.electroluxprofessional.com\/dk\/tilmeld-nyhedsmail-vask\/#breadcrumb","itemListElement":[{"@type":"ListItem","position":1,"name":"Home","item":"https:\/\/www.electroluxprofessional.com\/dk\/"},{"@type":"ListItem","position":2,"name":"Tilmeld nyhedsmails og vind 2 biografbilletter \u2013 vask"}]},{"@type":"WebSite","@id":"https:\/\/www.electroluxprofessional.com\/dk\/#website","url":"https:\/\/www.electroluxprofessional.com\/dk\/","name":"Electrolux Professional Danmark","description":"","potentialAction":[{"@type":"SearchAction","target":{"@type":"EntryPoint","urlTemplate":"https:\/\/www.electroluxprofessional.com\/dk\/?src={search_term_string}"},"query-input":"required name=search_term_string"}],"inLanguage":"da-DK"}]}},"_links":{"self":[{"href":"https:\/\/www.electroluxprofessional.com\/dk\/wp-json\/wp\/v2\/pages\/30363"}],"collection":[{"href":"https:\/\/www.electroluxprofessional.com\/dk\/wp-json\/wp\/v2\/pages"}],"about":[{"href":"https:\/\/www.electroluxprofessional.com\/dk\/wp-json\/wp\/v2\/types\/page"}],"author":[{"embeddable":true,"href":"https:\/\/www.electroluxprofessional.com\/dk\/wp-json\/wp\/v2\/users\/64"}],"replies":[{"embeddable":true,"href":"https:\/\/www.electroluxprofessional.com\/dk\/wp-json\/wp\/v2\/comments?post=30363"}],"version-history":[{"count":43,"href":"https:\/\/www.electroluxprofessional.com\/dk\/wp-json\/wp\/v2\/pages\/30363\/revisions"}],"predecessor-version":[{"id":32357,"href":"https:\/\/www.electroluxprofessional.com\/dk\/wp-json\/wp\/v2\/pages\/30363\/revisions\/32357"}],"wp:attachment":[{"href":"https:\/\/www.electroluxprofessional.com\/dk\/wp-json\/wp\/v2\/media?parent=30363"}],"curies":[{"name":"wp","href":"https:\/\/api.w.org\/{rel}","templated":true}]}}