{"id":30218,"date":"2025-09-01T10:38:32","date_gmt":"2025-09-01T10:38:32","guid":{"rendered":"https:\/\/www.electroluxprofessional.com\/dk\/?page_id=30218"},"modified":"2026-01-07T14:34:49","modified_gmt":"2026-01-07T14:34:49","slug":"maskiner-tjener-sig-selv-hjem","status":"publish","type":"page","link":"https:\/\/www.electroluxprofessional.com\/dk\/maskiner-tjener-sig-selv-hjem\/","title":{"rendered":"CASE: Line 6000, AKB Herlev"},"content":{"rendered":"<p>[vc_row css=&#8221;.vc_custom_1756721957473{padding-top: 60px !important;padding-bottom: 20px !important;background-color: #dadfe1 !important;}&#8221;][vc_column][vc_row_inner full_width=&#8221;electroluxpro-container-no-padding&#8221;][vc_column_inner width=&#8221;5\/6&#8243;][elx_heading font_container=&#8221;h1&#8243; text_color=&#8221;electrolux-blue&#8221; text_align=&#8221;text-left&#8221; css=&#8221;.vc_custom_1756714546490{margin-top: 50px !important;margin-bottom: 50px !important;}&#8221;]Boligforening sparer 200.000 kr. p\u00e5 driftskontoen efter 13 m\u00e5neder med nyt f\u00e6llesvaskeri[\/elx_heading][\/vc_column_inner][vc_column_inner width=&#8221;1\/6&#8243;][\/vc_column_inner][\/vc_row_inner][vc_row_inner][vc_column_inner offset=&#8221;vc_hidden-xs&#8221;][vc_empty_space height=&#8221;50px&#8221;][\/vc_column_inner][\/vc_row_inner][vc_row_inner][vc_column_inner offset=&#8221;vc_hidden-lg vc_hidden-md vc_hidden-sm&#8221;][vc_empty_space height=&#8221;30px&#8221;][\/vc_column_inner][\/vc_row_inner][\/vc_column][\/vc_row][vc_row][vc_column offset=&#8221;vc_hidden-xs&#8221;][vc_empty_space height=&#8221;20px&#8221;][\/vc_column][\/vc_row][vc_row gap=&#8221;30&#8243;][vc_column width=&#8221;2\/3&#8243; matched_labels=&#8221;&#8221; css=&#8221;.vc_custom_1767796480832{padding-left: 10px !important;}&#8221; offset=&#8221;vc_hidden-xs&#8221; el_id=&#8221;videotestimonial&#8221;][vc_empty_space height=&#8221;40px&#8221; css=&#8221;.vc_custom_1528788421033{margin-right: 20px !important;}&#8221;][vc_column_text css=&#8221;.vc_custom_1756715797483{margin-bottom: 10px !important;}&#8221; el_class=&#8221;p-16&#8243;]Bestyrelsen i AKB Herlev 1 p\u00e5 Kiselvej \u00f8nskede at inddrage beboerne i beslutningen, inden investeringen i et nyt f\u00e6llesvaskeri. Derfor ville de pr\u00f8ve en Electrolux maskine og en af vores konkurrenters maskine i vaskeriet, inden de valgte leverand\u00f8r. Efter pr\u00f8veperioden k\u00f8bte AKB ti Line 6000 vaskemaskiner og seks varmepumpe t\u00f8rretumblere, som genanvender tumblervarmen. Og det har vist sig at v\u00e6re en overordentlig god beslutning.[\/vc_column_text][vc_empty_space el_id=&#8221;kiselvideo&#8221;][vc_row_inner full_width=&#8221;electroluxpro-container-no-padding&#8221; equal_height=&#8221;yes&#8221; content_placement=&#8221;middle&#8221;][vc_column_inner width=&#8221;7\/12&#8243;][elx_video_block background_image=&#8221;30223&#8243; video_link=&#8221;https:\/\/www.youtube.com\/watch?time_continue=1&amp;v=4897j2MBBa8&#8243; minimum_height=&#8221;440px&#8221;][\/vc_column_inner][vc_column_inner el_class=&#8221;middle&#8221; width=&#8221;5\/12&#8243; css=&#8221;.vc_custom_1756718090148{padding-top: 60px !important;padding-left: 20px !important;}&#8221;][vc_column_text el_class=&#8221;p-16&#8243; css=&#8221;.vc_custom_1756717412907{padding-left: 20px !important;}&#8221;]<\/p>\n<h5>Se videointerview<br \/>\nmed serviceleder Nicklas Gammelgaard Langballe<\/h5>\n<p>[\/vc_column_text][\/vc_column_inner][\/vc_row_inner][vc_empty_space][vc_column_text el_class=&#8221;p-16&#8243;]<span style=\"font-size: 1.4em; color: #6f869b; line-height: 1.1em;\"><strong>&#8211; Da jeg kiggede p\u00e5 driftskontoen, kunne jeg se, at vi havde sparet 200.000 kr. p\u00e5 f\u00e6llesvaskeriets str\u00f8mforbrug allerede efter 13 m\u00e5neder. S\u00e5 vi kunne nemt beregne, at investeringen i nye maskiner tjener sig selv hjem p\u00e5 fem \u00e5r,<\/strong><\/span><\/p>\n<p>forklarer Nicklas Gammelgaard Langballe, som er serviceleder i AKB Herlev 1.[\/vc_column_text][vc_empty_space height=&#8221;42px&#8221;][elx_button button_text=&#8221;Mere om de str\u00f8mbesparende varmepumpetumblere&#8221; button_display_block=&#8221;display_block_on&#8221; button_alignment_mobile=&#8221;text-left-mobile&#8221; button_link=&#8221;url:https%3A%2F%2Fwww.electroluxprofessional.com%2Fdk%2Fvarmepumpe-tumblere%2F&#8221;][vc_empty_space][vc_column_text el_class=&#8221;p-16&#8243;]<\/p>\n<h4>B\u00e5de bestyrelse, beboere og serviceleder er tilfredse<\/h4>\n<p>Langt st\u00f8rstedelen af beboerne i foreningens 254 lejem\u00e5l vasker deres t\u00f8j i det nye f\u00e6llesvaskeri. Derfor var det ekstra vigtigt, at de havde mulighed for at pr\u00f8ve maskinerne i en periode. Og b\u00e5de beboere, bestyrelse og serviceleder Nicklas Gammelgaard Langballe er tilfredse med det nye f\u00e6llesvaskeri.[\/vc_column_text][vc_empty_space][vc_column_text el_class=&#8221;p-16&#8243;]<span style=\"font-size: 1.2em;\"><strong>&#8211; Jeg synes samarbejdet med Electrolux Professional har v\u00e6ret til UG: Responsen var hurtig \u2013 uden at v\u00e6re p\u00e5tr\u00e6ngende. De var ogs\u00e5 gode til at komme ud i f\u00e6llesvaskeriet og svare p\u00e5 beboernes sp\u00f8rgsm\u00e5l. Beboerne skulle for eksempel lige v\u00e6nne sig til, at varmepumpetumbleren selv stopper, n\u00e5r t\u00f8jet er t\u00f8rt. Og s\u00e5 er bestyrelsen selvf\u00f8lgelig godt tilfreds med den store driftsbesparelse,<\/strong><\/span><br \/>\nfastsl\u00e5r Nicklas Gammelgaard Langballe.[\/vc_column_text][vc_empty_space][vc_row_inner][vc_column_inner css=&#8221;.vc_custom_1756718887919{padding-right: 40px !important;padding-left: 40px !important;}&#8221;][vc_column_text el_class=&#8221;p-14&#8243;]<\/p>\n<p style=\"text-align: center;\">Line 6000 varmepumpe tumblere f\u00e5s i st\u00f8rrelserne 6-20 kg. Vaskemaskiner i 6-33 kg.<\/p>\n<p>[\/vc_column_text][vc_single_image image=&#8221;30313&#8243; img_size=&#8221;full&#8221; alignment=&#8221;center&#8221; onclick=&#8221;custom_link&#8221; css=&#8221;.vc_custom_1756723081551{padding-right: 40px !important;padding-left: 32px !important;}&#8221; link=&#8221;https:\/\/www.electroluxprofessional.com\/dk\/varmepumpe-toerretumbler\/&#8221;][\/vc_column_inner][\/vc_row_inner][vc_column_text css_animation=&#8221;fadeInDown&#8221; el_class=&#8221;p-16&#8243; css=&#8221;.vc_custom_1756721897871{margin-top: 0px !important;}&#8221;]<\/p>\n<p><center><strong>Har du sp\u00f8rgsm\u00e5l?<br \/>\n<\/strong>F\u00e5 svar p\u00e5 dine sp\u00f8rgsm\u00e5l om professionelle vaskerimaskiner.<\/center>[\/vc_column_text][vc_empty_space][elx_o2000_contact_us s=&#8221;Kontakt&#8221; flag_hide_request_type=&#8221;true&#8221; country=&#8221;Denmark&#8221; b=&#8221;laundry&#8221; thanks=&#8221;Tak for din interesse! Vi kontakter dig snarest.&#8221; button_mode=&#8221;true&#8221; postion_button=&#8221;text-center&#8221; postion_button_mobile=&#8221;text-left-mobile&#8221; text_btn_contact=&#8221;Kontakt os&#8221;][\/vc_column][vc_column width=&#8221;1\/3&#8243; css=&#8221;.vc_custom_1756722150379{margin-left: 10px !important;padding-right: 10px !important;padding-left: 10px !important;}&#8221; offset=&#8221;vc_hidden-xs&#8221;][vc_empty_space][vc_single_image image=&#8221;30235&#8243; img_size=&#8221;full&#8221;][vc_column_text el_class=&#8221;p-16-white&#8221; css=&#8221;.vc_custom_1756717490897{padding-top: 10px !important;padding-right: 30px !important;padding-bottom: 30px !important;padding-left: 30px !important;background-color: #6c7a8e !important;}&#8221;]<\/p>\n<h6>F\u00e6llesvaskeriet i AKB Herlev 1, Kobbervej\/Kiselvej<\/h6>\n<p>St\u00f8rstedelen af beboerne i foreningens 254 lejem\u00e5l vasker deres t\u00f8j i det nye f\u00e6llesvaskeri.<\/p>\n<p>Efter at have pr\u00f8vet b\u00e5de vores og en konkurrents maskiner k\u00f8bte foreningen ti Line 6000 vaskemaskiner, seks varmepumpe t\u00f8rretumblere og to strygeruller. Og de har en <a href=\"https:\/\/www.electroluxprofessional.com\/dk\/serviceaftaler\/\">Totalservice aftale<\/a> hos Electrolux Professional, s\u00e5 uforudsete udgifter undg\u00e5s.<\/p>\n<p>Beboerne tjekker p\u00e5 en hjemmeside, om der er ledige maskiner og betaler vasketurene over huslejen.[\/vc_column_text][vc_empty_space height=&#8221;52px&#8221;][vc_column_text el_class=&#8221;p-16&#8243; css=&#8221;.vc_custom_1756819114362{border-top-width: 1px !important;border-right-width: 1px !important;border-bottom-width: 1px !important;border-left-width: 1px !important;padding-top: 30px !important;padding-right: 30px !important;padding-bottom: 30px !important;padding-left: 30px !important;border-left-color: #041e41 !important;border-left-style: solid !important;border-right-color: #041e41 !important;border-right-style: solid !important;border-top-color: #041e41 !important;border-top-style: solid !important;border-bottom-color: #041e41 !important;border-bottom-style: solid !important;}&#8221;]<span style=\"font-size: 1.6em; color: #6f869b; line-height: 1.1em;\"><strong>\u201dInvesteringen i nye maskiner tjener sig selv hjem p\u00e5 fem \u00e5r\u201d<\/strong><\/span><\/p>\n<p>Serviceleder Nicklas Gammelgaard Langballe[\/vc_column_text][vc_empty_space height=&#8221;20px&#8221;][\/vc_column][\/vc_row][vc_row gap=&#8221;30&#8243; css=&#8221;.vc_custom_1537451343324{padding-right: 20px !important;padding-left: 20px !important;}&#8221;][vc_column css=&#8221;.vc_custom_1756722547608{padding-right: 30px !important;padding-left: 30px !important;}&#8221; offset=&#8221;vc_hidden-lg vc_hidden-md&#8221;][vc_empty_space height=&#8221;40px&#8221; css=&#8221;.vc_custom_1528788421033{margin-right: 20px !important;}&#8221;][vc_column_text css=&#8221;.vc_custom_1756715797483{margin-bottom: 10px !important;}&#8221; el_class=&#8221;p-16&#8243;]Bestyrelsen i AKB Herlev 1 p\u00e5 Kiselvej \u00f8nskede at inddrage beboerne i beslutningen, inden investeringen i et nyt f\u00e6llesvaskeri. Derfor ville de pr\u00f8ve en Electrolux maskine og en af vores konkurrenters maskine i vaskeriet, inden de valgte leverand\u00f8r. Efter pr\u00f8veperioden k\u00f8bte AKB ti Line 6000 vaskemaskiner og seks varmepumpe t\u00f8rretumblere, som genanvender tumblervarmen. Og det har vist sig at v\u00e6re en overordentlig god beslutning.[\/vc_column_text][vc_empty_space height=&#8221;22px&#8221;][vc_column_text el_class=&#8221;p-16&#8243; css=&#8221;.vc_custom_1756722571173{padding-bottom: 20px !important;}&#8221;]<\/p>\n<h5>Se videointerview med serviceleder Nicklas Gammelgaard Langballe<\/h5>\n<p>[\/vc_column_text][elx_video_block background_image=&#8221;30223&#8243; video_link=&#8221;https:\/\/www.youtube.com\/shorts\/4897j2MBBa8&#8243; minimum_height=&#8221;440px&#8221;][vc_empty_space][vc_column_text el_class=&#8221;p-16&#8243;]<span style=\"font-size: 1.1em; color: #6f869b;\"><strong>&#8211; Da jeg kiggede p\u00e5 driftskontoen, kunne jeg se, at vi havde sparet 200.000 kr. p\u00e5 f\u00e6llesvaskeriets str\u00f8mforbrug allerede efter 13 m\u00e5neder. S\u00e5 vi kunne nemt beregne, at investeringen i nye maskiner tjener sig selv hjem p\u00e5 fem \u00e5r,<br \/>\n<\/strong><\/span>forklarer Nicklas Gammelgaard Langballe, som er serviceleder i AKB Herlev 1.[\/vc_column_text][vc_empty_space height=&#8221;22px&#8221;][elx_button button_text=&#8221;Mere om de str\u00f8mbesparende varmepumpetumblere&#8221; button_display_block=&#8221;display_block_on&#8221; button_alignment_mobile=&#8221;text-left-mobile&#8221; button_link=&#8221;url:https%3A%2F%2Fwww.electroluxprofessional.com%2Fdk%2Fvarmepumpe-tumblere%2F&#8221;][vc_empty_space][vc_column_text el_class=&#8221;p-16&#8243;]<\/p>\n<h4>B\u00e5de bestyrelse, beboere og serviceleder er tilfredse<\/h4>\n<p>Langt st\u00f8rstedelen af beboerne i foreningens 254 lejem\u00e5l vasker deres t\u00f8j i det nye f\u00e6llesvaskeri. Derfor var det ekstra vigtigt, at de havde mulighed for at pr\u00f8ve maskinerne i en periode. Og b\u00e5de beboere, bestyrelse og serviceleder Nicklas Gammelgaard Langballe er tilfredse med det nye f\u00e6llesvaskeri.[\/vc_column_text][vc_empty_space][vc_column_text el_class=&#8221;p-16&#8243;]<span style=\"font-size: 1.1em; color: #6f869b;\"><strong>&#8211; Jeg synes samarbejdet med Electrolux Professional har v\u00e6ret til UG: Responsen var hurtig \u2013 uden at v\u00e6re p\u00e5tr\u00e6ngende. De var ogs\u00e5 gode til at komme ud i f\u00e6llesvaskeriet og svare p\u00e5 beboernes sp\u00f8rgsm\u00e5l. Beboerne skulle for eksempel lige v\u00e6nne sig til, at varmepumpetumbleren selv stopper, n\u00e5r t\u00f8jet er t\u00f8rt. Og s\u00e5 er bestyrelsen selvf\u00f8lgelig godt tilfreds med den store driftsbesparelse,<\/strong><\/span><br \/>\nfastsl\u00e5r Nicklas Gammelgaard Langballe.[\/vc_column_text][vc_empty_space][vc_single_image image=&#8221;30313&#8243; img_size=&#8221;full&#8221; alignment=&#8221;center&#8221; onclick=&#8221;custom_link&#8221; css=&#8221;.vc_custom_1756723059433{padding-right: 40px !important;padding-left: 32px !important;}&#8221; link=&#8221;https:\/\/www.electroluxprofessional.com\/dk\/varmepumpe-toerretumbler\/&#8221;][vc_empty_space height=&#8221;12px&#8221;][vc_column_text el_class=&#8221;p-14&#8243;]<\/p>\n<p style=\"text-align: center;\">Line 6000 varmepumpe tumblere f\u00e5s i st\u00f8rrelserne 6-20 kg. Vaskemaskiner i 6-33 kg.<\/p>\n<p>[\/vc_column_text][vc_empty_space][vc_single_image image=&#8221;30235&#8243; img_size=&#8221;full&#8221;][vc_column_text el_class=&#8221;p-16-white&#8221; css=&#8221;.vc_custom_1756717490897{padding-top: 10px !important;padding-right: 30px !important;padding-bottom: 30px !important;padding-left: 30px !important;background-color: #6c7a8e !important;}&#8221;]<\/p>\n<h6>F\u00e6llesvaskeriet i AKB Herlev 1, Kobbervej\/Kiselvej<\/h6>\n<p>St\u00f8rstedelen af beboerne i foreningens 254 lejem\u00e5l vasker deres t\u00f8j i det nye f\u00e6llesvaskeri.<\/p>\n<p>Efter at have pr\u00f8vet b\u00e5de vores og en konkurrents maskiner k\u00f8bte foreningen ti Line 6000 vaskemaskiner, seks varmepumpe t\u00f8rretumblere og to strygeruller. Og de har en <a href=\"https:\/\/www.electroluxprofessional.com\/dk\/serviceaftaler\/\">Totalservice aftale<\/a> hos Electrolux Professional, s\u00e5 uforudsete udgifter undg\u00e5s.<\/p>\n<p>Beboerne tjekker p\u00e5 en hjemmeside, om der er ledige maskiner og betaler vasketurene over huslejen.[\/vc_column_text][vc_empty_space][\/vc_column][\/vc_row][vc_row][vc_column width=&#8221;1\/2&#8243; offset=&#8221;vc_hidden-lg vc_hidden-md vc_hidden-sm&#8221; css=&#8221;.vc_custom_1528791149004{margin-top: -20px !important;margin-bottom: -20px !important;}&#8221;][elx_image_block background_image=&#8221;26599&#8243; minimum_height=&#8221;340px&#8221;][\/vc_column][vc_column width=&#8221;1\/2&#8243; offset=&#8221;vc_hidden-lg vc_hidden-md vc_hidden-sm&#8221; css=&#8221;.vc_custom_1528791163890{margin-top: -20px !important;margin-bottom: -20px !important;}&#8221;][vc_empty_space][vc_column_text]<\/p>\n<h4>Din boligforening kan ogs\u00e5 spare\u00a0p\u00e5\u00a0el<span style=\"color: #ffffff;\">-regningen.<\/span><br \/>\n<a href=\"https:\/\/www.electroluxprofessional.com\/dk\/garanti-for-driftsbesparelser\/\">Beregn din besparelse lige her<\/a><\/h4>\n<p>[\/vc_column_text][\/vc_column][\/vc_row][vc_row css=&#8221;.vc_custom_1652794064106{margin-top: 60px !important;background-color: #041e41 !important;}&#8221;][vc_column width=&#8221;1\/2&#8243; offset=&#8221;vc_hidden-xs&#8221;][elx_image_block background_image=&#8221;26599&#8243; minimum_height=&#8221;340px&#8221;][\/vc_column][vc_column width=&#8221;5\/12&#8243; offset=&#8221;vc_hidden-xs&#8221;][vc_empty_space height=&#8221;70px&#8221;][vc_column_text css=&#8221;.vc_custom_1756722322477{padding-left: 20px !important;}&#8221;]<\/p>\n<h4><span style=\"color: #ffffff;\">Din boligforening kan ogs\u00e5 spare\u00a0p\u00e5\u00a0el-regningen.<\/span><br \/>\n<a href=\"https:\/\/www.electroluxprofessional.com\/dk\/garanti-for-driftsbesparelser\/\">Beregn din besparelse lige her<\/a><\/h4>\n<p>[\/vc_column_text][\/vc_column][vc_column width=&#8221;1\/12&#8243;][vc_empty_space height=&#8221;10px&#8221;][\/vc_column][\/vc_row][vc_row][vc_column][vc_empty_space height=&#8221;60px&#8221;][\/vc_column][\/vc_row]<\/p>\n","protected":false},"excerpt":{"rendered":"<p>[vc_row css=&#8221;.vc_custom_1756721957473{padding-top: 60px !important;padding-bottom: 20px !important;background-color: #dadfe1 !important;}&#8221;][vc_column][vc_row_inner full_width=&#8221;electroluxpro-container-no-padding&#8221;][vc_column_inner width=&#8221;5\/6&#8243;][elx_heading font_container=&#8221;h1&#8243; text_color=&#8221;electrolux-blue&#8221; text_align=&#8221;text-left&#8221; css=&#8221;.vc_custom_1756714546490{margin-top: 50px !important;margin-bottom: 50px !important;}&#8221;]Boligforening sparer 200.000 kr. p\u00e5 driftskontoen efter 13 m\u00e5neder med nyt f\u00e6llesvaskeri[\/elx_heading][\/vc_column_inner][vc_column_inner width=&#8221;1\/6&#8243;][\/vc_column_inner][\/vc_row_inner][vc_row_inner][vc_column_inner offset=&#8221;vc_hidden-xs&#8221;][vc_empty_space height=&#8221;50px&#8221;][\/vc_column_inner][\/vc_row_inner][vc_row_inner][vc_column_inner offset=&#8221;vc_hidden-lg vc_hidden-md vc_hidden-sm&#8221;][vc_empty_space height=&#8221;30px&#8221;][\/vc_column_inner][\/vc_row_inner][\/vc_column][\/vc_row][vc_row][vc_column offset=&#8221;vc_hidden-xs&#8221;][vc_empty_space height=&#8221;20px&#8221;][\/vc_column][\/vc_row][vc_row gap=&#8221;30&#8243;][vc_column width=&#8221;2\/3&#8243; matched_labels=&#8221;&#8221; css=&#8221;.vc_custom_1767796480832{padding-left: 10px !important;}&#8221; offset=&#8221;vc_hidden-xs&#8221; el_id=&#8221;videotestimonial&#8221;][vc_empty_space height=&#8221;40px&#8221; css=&#8221;.vc_custom_1528788421033{margin-right: 20px !important;}&#8221;][vc_column_text css=&#8221;.vc_custom_1756715797483{margin-bottom: 10px !important;}&#8221; el_class=&#8221;p-16&#8243;]Bestyrelsen i [&hellip;]<\/p>\n","protected":false},"author":64,"featured_media":0,"parent":0,"menu_order":0,"comment_status":"closed","ping_status":"closed","template":"","meta":{"footnotes":""},"class_list":["post-30218","page","type-page","status-publish","hentry"],"acf":[],"yoast_head":"<!-- This site is optimized with the Yoast SEO plugin v23.3 - https:\/\/yoast.com\/wordpress\/plugins\/seo\/ -->\n<title>Nye maskiner tjener sig selv hjem i f\u00e6llesvaskeriet<\/title>\n<meta name=\"description\" content=\"Efter en pr\u00f8veperioden k\u00f8bte AKB ti Line 6000 vaskemaskiner og seks varmepumpe t\u00f8rretumblere. De nye maskiner tjener sig selv hjem.\" \/>\n<meta name=\"robots\" content=\"index, follow, max-snippet:-1, max-image-preview:large, max-video-preview:-1\" \/>\n<link rel=\"canonical\" href=\"https:\/\/www.electroluxprofessional.com\/dk\/maskiner-tjener-sig-selv-hjem\/\" \/>\n<meta property=\"og:locale\" content=\"da_DK\" \/>\n<meta property=\"og:type\" content=\"article\" \/>\n<meta property=\"og:title\" content=\"Nye maskiner tjener sig selv hjem i f\u00e6llesvaskeriet\" \/>\n<meta property=\"og:description\" content=\"Efter en pr\u00f8veperioden k\u00f8bte AKB ti Line 6000 vaskemaskiner og seks varmepumpe t\u00f8rretumblere. De nye maskiner tjener sig selv hjem.\" \/>\n<meta property=\"og:url\" content=\"https:\/\/www.electroluxprofessional.com\/dk\/maskiner-tjener-sig-selv-hjem\/\" \/>\n<meta property=\"og:site_name\" content=\"Electrolux Professional Danmark\" \/>\n<meta property=\"article:modified_time\" content=\"2026-01-07T14:34:49+00:00\" \/>\n<meta name=\"twitter:card\" content=\"summary_large_image\" \/>\n<meta name=\"twitter:label1\" content=\"Estimeret l\u00e6setid\" \/>\n\t<meta name=\"twitter:data1\" content=\"6 minutter\" \/>\n<script type=\"application\/ld+json\" class=\"yoast-schema-graph\">{\"@context\":\"https:\/\/schema.org\",\"@graph\":[{\"@type\":\"WebPage\",\"@id\":\"https:\/\/www.electroluxprofessional.com\/dk\/maskiner-tjener-sig-selv-hjem\/\",\"url\":\"https:\/\/www.electroluxprofessional.com\/dk\/maskiner-tjener-sig-selv-hjem\/\",\"name\":\"Nye maskiner tjener sig selv hjem i f\u00e6llesvaskeriet\",\"isPartOf\":{\"@id\":\"https:\/\/www.electroluxprofessional.com\/dk\/#website\"},\"datePublished\":\"2025-09-01T10:38:32+00:00\",\"dateModified\":\"2026-01-07T14:34:49+00:00\",\"description\":\"Efter en pr\u00f8veperioden k\u00f8bte AKB ti Line 6000 vaskemaskiner og seks varmepumpe t\u00f8rretumblere. De nye maskiner tjener sig selv hjem.\",\"breadcrumb\":{\"@id\":\"https:\/\/www.electroluxprofessional.com\/dk\/maskiner-tjener-sig-selv-hjem\/#breadcrumb\"},\"inLanguage\":\"da-DK\",\"potentialAction\":[{\"@type\":\"ReadAction\",\"target\":[\"https:\/\/www.electroluxprofessional.com\/dk\/maskiner-tjener-sig-selv-hjem\/\"]}]},{\"@type\":\"BreadcrumbList\",\"@id\":\"https:\/\/www.electroluxprofessional.com\/dk\/maskiner-tjener-sig-selv-hjem\/#breadcrumb\",\"itemListElement\":[{\"@type\":\"ListItem\",\"position\":1,\"name\":\"Home\",\"item\":\"https:\/\/www.electroluxprofessional.com\/dk\/\"},{\"@type\":\"ListItem\",\"position\":2,\"name\":\"CASE: Line 6000, AKB Herlev\"}]},{\"@type\":\"WebSite\",\"@id\":\"https:\/\/www.electroluxprofessional.com\/dk\/#website\",\"url\":\"https:\/\/www.electroluxprofessional.com\/dk\/\",\"name\":\"Electrolux Professional Danmark\",\"description\":\"\",\"potentialAction\":[{\"@type\":\"SearchAction\",\"target\":{\"@type\":\"EntryPoint\",\"urlTemplate\":\"https:\/\/www.electroluxprofessional.com\/dk\/?src={search_term_string}\"},\"query-input\":\"required name=search_term_string\"}],\"inLanguage\":\"da-DK\"}]}<\/script>\n<!-- \/ Yoast SEO plugin. -->","yoast_head_json":{"title":"Nye maskiner tjener sig selv hjem i f\u00e6llesvaskeriet","description":"Efter en pr\u00f8veperioden k\u00f8bte AKB ti Line 6000 vaskemaskiner og seks varmepumpe t\u00f8rretumblere. De nye maskiner tjener sig selv hjem.","robots":{"index":"index","follow":"follow","max-snippet":"max-snippet:-1","max-image-preview":"max-image-preview:large","max-video-preview":"max-video-preview:-1"},"canonical":"https:\/\/www.electroluxprofessional.com\/dk\/maskiner-tjener-sig-selv-hjem\/","og_locale":"da_DK","og_type":"article","og_title":"Nye maskiner tjener sig selv hjem i f\u00e6llesvaskeriet","og_description":"Efter en pr\u00f8veperioden k\u00f8bte AKB ti Line 6000 vaskemaskiner og seks varmepumpe t\u00f8rretumblere. De nye maskiner tjener sig selv hjem.","og_url":"https:\/\/www.electroluxprofessional.com\/dk\/maskiner-tjener-sig-selv-hjem\/","og_site_name":"Electrolux Professional Danmark","article_modified_time":"2026-01-07T14:34:49+00:00","twitter_card":"summary_large_image","twitter_misc":{"Estimeret l\u00e6setid":"6 minutter"},"schema":{"@context":"https:\/\/schema.org","@graph":[{"@type":"WebPage","@id":"https:\/\/www.electroluxprofessional.com\/dk\/maskiner-tjener-sig-selv-hjem\/","url":"https:\/\/www.electroluxprofessional.com\/dk\/maskiner-tjener-sig-selv-hjem\/","name":"Nye maskiner tjener sig selv hjem i f\u00e6llesvaskeriet","isPartOf":{"@id":"https:\/\/www.electroluxprofessional.com\/dk\/#website"},"datePublished":"2025-09-01T10:38:32+00:00","dateModified":"2026-01-07T14:34:49+00:00","description":"Efter en pr\u00f8veperioden k\u00f8bte AKB ti Line 6000 vaskemaskiner og seks varmepumpe t\u00f8rretumblere. De nye maskiner tjener sig selv hjem.","breadcrumb":{"@id":"https:\/\/www.electroluxprofessional.com\/dk\/maskiner-tjener-sig-selv-hjem\/#breadcrumb"},"inLanguage":"da-DK","potentialAction":[{"@type":"ReadAction","target":["https:\/\/www.electroluxprofessional.com\/dk\/maskiner-tjener-sig-selv-hjem\/"]}]},{"@type":"BreadcrumbList","@id":"https:\/\/www.electroluxprofessional.com\/dk\/maskiner-tjener-sig-selv-hjem\/#breadcrumb","itemListElement":[{"@type":"ListItem","position":1,"name":"Home","item":"https:\/\/www.electroluxprofessional.com\/dk\/"},{"@type":"ListItem","position":2,"name":"CASE: Line 6000, AKB Herlev"}]},{"@type":"WebSite","@id":"https:\/\/www.electroluxprofessional.com\/dk\/#website","url":"https:\/\/www.electroluxprofessional.com\/dk\/","name":"Electrolux Professional Danmark","description":"","potentialAction":[{"@type":"SearchAction","target":{"@type":"EntryPoint","urlTemplate":"https:\/\/www.electroluxprofessional.com\/dk\/?src={search_term_string}"},"query-input":"required name=search_term_string"}],"inLanguage":"da-DK"}]}},"_links":{"self":[{"href":"https:\/\/www.electroluxprofessional.com\/dk\/wp-json\/wp\/v2\/pages\/30218"}],"collection":[{"href":"https:\/\/www.electroluxprofessional.com\/dk\/wp-json\/wp\/v2\/pages"}],"about":[{"href":"https:\/\/www.electroluxprofessional.com\/dk\/wp-json\/wp\/v2\/types\/page"}],"author":[{"embeddable":true,"href":"https:\/\/www.electroluxprofessional.com\/dk\/wp-json\/wp\/v2\/users\/64"}],"replies":[{"embeddable":true,"href":"https:\/\/www.electroluxprofessional.com\/dk\/wp-json\/wp\/v2\/comments?post=30218"}],"version-history":[{"count":105,"href":"https:\/\/www.electroluxprofessional.com\/dk\/wp-json\/wp\/v2\/pages\/30218\/revisions"}],"predecessor-version":[{"id":31222,"href":"https:\/\/www.electroluxprofessional.com\/dk\/wp-json\/wp\/v2\/pages\/30218\/revisions\/31222"}],"wp:attachment":[{"href":"https:\/\/www.electroluxprofessional.com\/dk\/wp-json\/wp\/v2\/media?parent=30218"}],"curies":[{"name":"wp","href":"https:\/\/api.w.org\/{rel}","templated":true}]}}