{"id":29917,"date":"2025-08-20T09:32:43","date_gmt":"2025-08-20T09:32:43","guid":{"rendered":"https:\/\/www.electroluxprofessional.com\/dk\/?page_id=29917"},"modified":"2025-10-01T11:08:23","modified_gmt":"2025-10-01T11:08:23","slug":"flyttesalg-2","status":"publish","type":"page","link":"https:\/\/www.electroluxprofessional.com\/dk\/flyttesalg-2\/","title":{"rendered":"Vi skal flytte \u2013 lagersalg 2025"},"content":{"rendered":"","protected":true},"excerpt":{"rendered":"","protected":true},"author":64,"featured_media":0,"parent":0,"menu_order":0,"comment_status":"closed","ping_status":"closed","template":"","meta":{"footnotes":""},"class_list":["post-29917","page","type-page","status-publish","post-password-required","hentry"],"acf":[],"yoast_head":"<!-- This site is optimized with the Yoast SEO plugin v23.3 - https:\/\/yoast.com\/wordpress\/plugins\/seo\/ -->\n<title>Flyttesalg<\/title>\n<meta name=\"description\" content=\"G\u00f8r et kup p\u00e5 professionelt vaskeri- og k\u00f8kkenudstyr i topkvalitet. Spar 20-50 % og spar penge p\u00e5 driftsbudgettet med lavenergi-udstyr.\" \/>\n<meta name=\"robots\" content=\"index, follow, max-snippet:-1, max-image-preview:large, max-video-preview:-1\" \/>\n<link rel=\"canonical\" href=\"https:\/\/www.electroluxprofessional.com\/dk\/flyttesalg-2\/\" \/>\n<meta property=\"og:locale\" content=\"da_DK\" \/>\n<meta property=\"og:type\" content=\"article\" \/>\n<meta property=\"og:title\" content=\"Flyttesalg\" \/>\n<meta property=\"og:description\" content=\"G\u00f8r et kup p\u00e5 professionelt vaskeri- og k\u00f8kkenudstyr i topkvalitet. Spar 20-50 % og spar penge p\u00e5 driftsbudgettet med lavenergi-udstyr.\" \/>\n<meta property=\"og:url\" content=\"https:\/\/www.electroluxprofessional.com\/dk\/flyttesalg-2\/\" \/>\n<meta property=\"og:site_name\" content=\"Electrolux Professional Danmark\" \/>\n<meta property=\"article:modified_time\" content=\"2025-10-01T11:08:23+00:00\" \/>\n<meta name=\"twitter:card\" content=\"summary_large_image\" \/>\n<meta name=\"twitter:label1\" content=\"Estimeret l\u00e6setid\" \/>\n\t<meta name=\"twitter:data1\" content=\"7 minutter\" \/>\n<script type=\"application\/ld+json\" class=\"yoast-schema-graph\">{\"@context\":\"https:\/\/schema.org\",\"@graph\":[{\"@type\":\"WebPage\",\"@id\":\"https:\/\/www.electroluxprofessional.com\/dk\/flyttesalg-2\/\",\"url\":\"https:\/\/www.electroluxprofessional.com\/dk\/flyttesalg-2\/\",\"name\":\"Flyttesalg\",\"isPartOf\":{\"@id\":\"https:\/\/www.electroluxprofessional.com\/dk\/#website\"},\"datePublished\":\"2025-08-20T09:32:43+00:00\",\"dateModified\":\"2025-10-01T11:08:23+00:00\",\"breadcrumb\":{\"@id\":\"https:\/\/www.electroluxprofessional.com\/dk\/flyttesalg-2\/#breadcrumb\"},\"inLanguage\":\"da-DK\"},{\"@type\":\"WebSite\",\"@id\":\"https:\/\/www.electroluxprofessional.com\/dk\/#website\",\"url\":\"https:\/\/www.electroluxprofessional.com\/dk\/\",\"name\":\"Electrolux Professional Danmark\",\"description\":\"\",\"potentialAction\":[{\"@type\":\"SearchAction\",\"target\":{\"@type\":\"EntryPoint\",\"urlTemplate\":\"https:\/\/www.electroluxprofessional.com\/dk\/?src={search_term_string}\"},\"query-input\":\"required name=search_term_string\"}],\"inLanguage\":\"da-DK\"}]}<\/script>\n<!-- \/ Yoast SEO plugin. -->","yoast_head_json":{"title":"Flyttesalg","description":"G\u00f8r et kup p\u00e5 professionelt vaskeri- og k\u00f8kkenudstyr i topkvalitet. Spar 20-50 % og spar penge p\u00e5 driftsbudgettet med lavenergi-udstyr.","robots":{"index":"index","follow":"follow","max-snippet":"max-snippet:-1","max-image-preview":"max-image-preview:large","max-video-preview":"max-video-preview:-1"},"canonical":"https:\/\/www.electroluxprofessional.com\/dk\/flyttesalg-2\/","og_locale":"da_DK","og_type":"article","og_title":"Flyttesalg","og_description":"G\u00f8r et kup p\u00e5 professionelt vaskeri- og k\u00f8kkenudstyr i topkvalitet. Spar 20-50 % og spar penge p\u00e5 driftsbudgettet med lavenergi-udstyr.","og_url":"https:\/\/www.electroluxprofessional.com\/dk\/flyttesalg-2\/","og_site_name":"Electrolux Professional Danmark","article_modified_time":"2025-10-01T11:08:23+00:00","twitter_card":"summary_large_image","twitter_misc":{"Estimeret l\u00e6setid":"7 minutter"},"schema":{"@context":"https:\/\/schema.org","@graph":[{"@type":"WebPage","@id":"https:\/\/www.electroluxprofessional.com\/dk\/flyttesalg-2\/","url":"https:\/\/www.electroluxprofessional.com\/dk\/flyttesalg-2\/","name":"Flyttesalg","isPartOf":{"@id":"https:\/\/www.electroluxprofessional.com\/dk\/#website"},"datePublished":"2025-08-20T09:32:43+00:00","dateModified":"2025-10-01T11:08:23+00:00","breadcrumb":{"@id":"https:\/\/www.electroluxprofessional.com\/dk\/flyttesalg-2\/#breadcrumb"},"inLanguage":"da-DK"},{"@type":"WebSite","@id":"https:\/\/www.electroluxprofessional.com\/dk\/#website","url":"https:\/\/www.electroluxprofessional.com\/dk\/","name":"Electrolux Professional Danmark","description":"","potentialAction":[{"@type":"SearchAction","target":{"@type":"EntryPoint","urlTemplate":"https:\/\/www.electroluxprofessional.com\/dk\/?src={search_term_string}"},"query-input":"required name=search_term_string"}],"inLanguage":"da-DK"}]}},"_links":{"self":[{"href":"https:\/\/www.electroluxprofessional.com\/dk\/wp-json\/wp\/v2\/pages\/29917"}],"collection":[{"href":"https:\/\/www.electroluxprofessional.com\/dk\/wp-json\/wp\/v2\/pages"}],"about":[{"href":"https:\/\/www.electroluxprofessional.com\/dk\/wp-json\/wp\/v2\/types\/page"}],"author":[{"embeddable":true,"href":"https:\/\/www.electroluxprofessional.com\/dk\/wp-json\/wp\/v2\/users\/64"}],"replies":[{"embeddable":true,"href":"https:\/\/www.electroluxprofessional.com\/dk\/wp-json\/wp\/v2\/comments?post=29917"}],"version-history":[{"count":41,"href":"https:\/\/www.electroluxprofessional.com\/dk\/wp-json\/wp\/v2\/pages\/29917\/revisions"}],"predecessor-version":[{"id":30640,"href":"https:\/\/www.electroluxprofessional.com\/dk\/wp-json\/wp\/v2\/pages\/29917\/revisions\/30640"}],"wp:attachment":[{"href":"https:\/\/www.electroluxprofessional.com\/dk\/wp-json\/wp\/v2\/media?parent=29917"}],"curies":[{"name":"wp","href":"https:\/\/api.w.org\/{rel}","templated":true}]}}