{"id":2985,"date":"2022-06-14T10:45:28","date_gmt":"2022-06-14T10:45:28","guid":{"rendered":"https:\/\/www.electroluxprofessional.com\/dk\/?page_id=2985"},"modified":"2023-02-27T17:01:17","modified_gmt":"2023-02-27T17:01:17","slug":"koeledisk","status":"publish","type":"page","link":"https:\/\/www.electroluxprofessional.com\/dk\/koeledisk\/","title":{"rendered":"Ecostore HP k\u00f8ledisk"},"content":{"rendered":"<p>[vc_row full_width=&#8221;electroluxpro-full-width-no-padding&#8221;][vc_column reveal_effect=&#8221;&#8221; offset=&#8221;vc_hidden-xs&#8221;][elx_image_block background_image=&#8221;414&#8243; minimum_height=&#8221;450px&#8221;][\/vc_column][\/vc_row][vc_row full_width=&#8221;electroluxpro-full-width-no-padding&#8221;][vc_column reveal_effect=&#8221;&#8221; offset=&#8221;vc_hidden-lg vc_hidden-md vc_hidden-sm&#8221;][elx_image_block background_image=&#8221;414&#8243; minimum_height=&#8221;350px&#8221;][\/vc_column][\/vc_row][vc_row][vc_column][vc_row_inner][vc_column_inner offset=&#8221;vc_hidden-xs&#8221;][vc_empty_space height=&#8221;44px&#8221;][\/vc_column_inner][\/vc_row_inner][vc_empty_space height=&#8221;20px&#8221;][elx_heading font_container=&#8221;h1&#8243; font_size=&#8221;h1&#8243; text_color=&#8221;inherit&#8221; text_align=&#8221;text-left&#8221;]Ecostore<sup>HP<\/sup> k\u00f8ledisk<br \/>\n\u2013 energieffektivitet og f\u00f8devaresikkerhed i top<br \/>\n[\/elx_heading][\/vc_column][\/vc_row][vc_row][vc_column width=&#8221;2\/3&#8243;][vc_single_image image=&#8221;19523&#8243; img_size=&#8221;full&#8221; css=&#8221;.vc_custom_1655374548149{padding-top: 20px !important;}&#8221;][vc_single_image image=&#8221;2403&#8243; img_size=&#8221;150&#215;54&#8243; css=&#8221;.vc_custom_1582539477577{margin-top: 0px !important;border-top-width: 0px !important;padding-top: 0px !important;}&#8221;][\/vc_column][vc_column reveal_effect=&#8221;&#8221; width=&#8221;1\/3&#8243;][vc_empty_space height=&#8221;54px&#8221;][\/vc_column][\/vc_row][vc_row][vc_column width=&#8221;7\/12&#8243;][elx_heading font_size=&#8221;h2&#8243; text_color=&#8221;electrolux-blue&#8221; text_align=&#8221;text-left&#8221;]Ecostore<sup>HP<\/sup> Premium ekstrA kvalitet[\/elx_heading][vc_column_text css=&#8221;.vc_custom_1582541109789{margin-bottom: 10px !important;border-bottom-width: 10px !important;padding-bottom: 10px !important;}&#8221; el_class=&#8221;p-16&#8243;]<strong>Ecostore<sup>HP<\/sup><\/strong> k\u00f8ledisk er med sin <strong><span style=\"color: #009abf;\">klasse <\/span><\/strong><strong><span style=\"color: #009abf;\">A\u00a0og\u00a0klimaklasse 5 <\/span><\/strong>certificering en industripioneer, hvad ang\u00e5r energiforbrug.<\/p>\n<p>Electrolux Professional fremmer effektiviteten i k\u00f8kkenet med den nye Ecostore<sup>HP<\/sup> k\u00f8ledisk. Vi kan tilbyde et stort udvalg af k\u00f8le- og fryseskabe samt k\u00f8lediske med den unikke kombination af b\u00e5de <strong>den h\u00f8jeste klimaklasse A og den h\u00f8jeste energieffektivitet 5<\/strong>, der er p\u00e5 markedet.<\/p>\n<p>HP st\u00e5r for High Performance (h\u00f8j ydeeven), da disse Ecostore k\u00f8lediske er <strong>de h\u00f8jst ydende og mest energieffektive p\u00e5 markedet<\/strong>. Du f\u00e5r med denne k\u00f8ledisk bedre f\u00f8devaresikkerhed og ekstra kapacitet.[\/vc_column_text][\/vc_column][vc_column width=&#8221;5\/12&#8243;][vc_empty_space height=&#8221;12px&#8221;][vc_column_text]<\/p>\n<h6 style=\"line-height: 1.2em;\">Se video om energieffektivitet og f\u00f8devaresikkerhed<\/h6>\n<p>[\/vc_column_text][vc_empty_space height=&#8221;12px&#8221;][elx_video_block background_image=&#8221;2401&#8243; video_link=&#8221;https:\/\/www.youtube.com\/watch?v=vvCeag3tBzc&#8221; minimum_height=&#8221;250px&#8221;][vc_empty_space][\/vc_column][\/vc_row][vc_row css=&#8221;.vc_custom_1582541431332{margin-top: 64px !important;}&#8221;][vc_column width=&#8221;1\/4&#8243;][vc_single_image image=&#8221;683&#8243; img_size=&#8221;100&#215;100&#8243; alignment=&#8221;center&#8221;][elx_heading font_size=&#8221;h4&#8243; text_color=&#8221;inherit&#8221; text_align=&#8221;text-left&#8221;]EkstrA besparelser med klasse A[\/elx_heading][vc_column_text el_class=&#8221;p-16&#8243;]Energiklasse A g\u00f8r en stor forskel, hvad ang\u00e5r din str\u00f8mregning. Spar op til 480 \u20ac\/\u00e5r\u00a0og tjen hurtigt din investering ind igen.[\/vc_column_text][vc_empty_space][\/vc_column][vc_column width=&#8221;1\/4&#8243;][vc_single_image image=&#8221;2404&#8243; img_size=&#8221;100&#215;100&#8243; alignment=&#8221;center&#8221;][elx_heading font_size=&#8221;h4&#8243; text_color=&#8221;inherit&#8221; text_align=&#8221;text-left&#8221;]EkstrA f\u00f8devaresikkerhed[\/elx_heading][vc_column_text el_class=&#8221;p-16&#8243;]Dine f\u00f8devarer holder sig friske i l\u00e6ngere tid med Optiflow smart air og klimaklasse 5 betyder fantastisk ydeevne \u2013 selv i de varmeste k\u00f8kkener.[\/vc_column_text][vc_empty_space][\/vc_column][vc_column width=&#8221;1\/4&#8243;][vc_single_image image=&#8221;682&#8243; img_size=&#8221;100&#215;100&#8243; alignment=&#8221;center&#8221;][elx_heading font_size=&#8221;h4&#8243; text_color=&#8221;inherit&#8221; text_align=&#8221;text-left&#8221;]EkstrA kapacitet<\/p>\n<p>[\/elx_heading][vc_column_text el_class=&#8221;p-16&#8243;]Opbevar flere f\u00f8devarer. Nettovolumen p\u00e5 50 liter mere kapacitet, hvilket betyder 20% mere opbevaringsplads sammenlignet med lignende k\u00f8lediske.[\/vc_column_text][vc_empty_space][\/vc_column][vc_column width=&#8221;1\/4&#8243;][vc_single_image image=&#8221;2405&#8243; img_size=&#8221;100&#215;100&#8243; alignment=&#8221;center&#8221;][elx_heading font_size=&#8221;h4&#8243; text_color=&#8221;inherit&#8221; text_align=&#8221;text-left&#8221;]EkstrA tilpasning<\/p>\n<p>[\/elx_heading][vc_column_text el_class=&#8221;p-16&#8243;]Med utallige brugerdefinerede indstillinger, kan Electrolux give dig lige pr\u00e6cis den k\u00f8ledisk, som du har brug for. Tal med \u00e9n af vores eksperter omkring, hvilken l\u00f8sning der passer til lige pr\u00e6cis dit k\u00f8kken.[\/vc_column_text][\/vc_column][\/vc_row][vc_row][vc_column][vc_empty_space height=&#8221;50px&#8221;][\/vc_column][\/vc_row][vc_row][vc_column width=&#8221;2\/6&#8243;][vc_single_image image=&#8221;2406&#8243; img_size=&#8221;full&#8221; alignment=&#8221;right&#8221;][\/vc_column][vc_column width=&#8221;4\/6&#8243;][vc_row_inner][vc_column_inner offset=&#8221;vc_hidden-xs&#8221;][vc_empty_space height=&#8221;64px&#8221;][\/vc_column_inner][\/vc_row_inner][elx_heading text_color=&#8221;inherit&#8221;]<strong>optimal f\u00f8devareopbevaring med ecostore<sup>HP<\/sup><\/strong>Premium[\/elx_heading][vc_column_text el_class=&#8221;p-16&#8243;]Reduc\u00e9r madspild med Optiflow og klimaklasse 5[\/vc_column_text][vc_empty_space][vc_column_text el_class=&#8221;p-16&#8243;]<strong>ecostore<sup>HP<\/sup> <\/strong>Premium\u00a0tilbyder optimal f\u00f8devareopbevaring, ved at skabe et mikroklima med de ideelle betingelser for alle typer f\u00f8devarer, som hver is\u00e6r har brug for bestemte temperaturer og luftfugtighed.[\/vc_column_text][\/vc_column][\/vc_row][vc_row][vc_column][vc_column_text][vc_raw_html]JTNDaHIlM0U=[\/vc_raw_html][\/vc_column_text][\/vc_column][\/vc_row][vc_row css=&#8221;.vc_custom_1582542230224{margin-top: -20px !important;}&#8221;][vc_column width=&#8221;2\/3&#8243;][vc_single_image image=&#8221;19526&#8243; img_size=&#8221;full&#8221; alignment=&#8221;center&#8221;][vc_empty_space][\/vc_column][vc_column width=&#8221;1\/3&#8243;][vc_row_inner][vc_column_inner offset=&#8221;vc_hidden-xs&#8221;][vc_empty_space height=&#8221;74px&#8221;][\/vc_column_inner][\/vc_row_inner][elx_download_block text=&#8221;Ecostore k\u00f8lediske brochure&#8221; link=&#8221;https:\/\/www.electroluxprofessional.com\/wp-content\/uploads\/2017\/02\/ecostore-refrigerated-counters-LR.pdf&#8221; background_color=&#8221;cat-cool&#8221; reveal_effect=&#8221;&#8221; reveal_duration=&#8221;&#8221; reveal_delay=&#8221;&#8221; extra_class=&#8221;h5&#8243;][elx_heading font_container=&#8221;h4&#8243; text_color=&#8221;inherit&#8221; css=&#8221;.vc_custom_1582542553051{padding-top: 12px !important;padding-bottom: 0px !important;}&#8221;]Download brochure[\/elx_heading][vc_column_text el_class=&#8221;p-16&#8243; css=&#8221;.vc_custom_1582542581648{margin-top: 0px !important;}&#8221;][PDF p\u00e5 engelsk][\/vc_column_text][vc_empty_space][\/vc_column][\/vc_row][vc_row disable_element=&#8221;yes&#8221;][vc_column width=&#8221;1\/2&#8243;][elx_button button_text=&#8221;Se vores tilbeh\u00f8r&#8221; button_style=&#8221;icon&#8221; css=&#8221;.vc_custom_1497273137163{margin-top: 10px !important;border-top-width: 10px !important;padding-top: 10px !important;}&#8221; button_link=&#8221;url:https%3A%2F%2Fwww.electroluxprofessional.com%2Faccessories-consumables%2Frefrigeration%2F|title:Accessories%20and%20consumables%20for%20refrigeration||&#8221;][\/vc_column][vc_column width=&#8221;1\/2&#8243;][\/vc_column][\/vc_row][vc_row][vc_column][vc_column_text][vc_raw_html]JTNDaHIlM0U=[\/vc_raw_html][\/vc_column_text][\/vc_column][\/vc_row][vc_row disable_element=&#8221;yes&#8221;][vc_column][elx_download_block text=&#8221;K\u00f8lediske klasse A 5&#8243; link_target=&#8221;self&#8221; link=&#8221;https:\/\/www.electroluxprofessional.com\/commercial-kitchen-equipment\/refrigerated-cabinets\/&#8221; background_color=&#8221;cat-cool&#8221; background_hover_color=&#8221;lighter-hover&#8221; background_image=&#8221;685&#8243; reveal_effect=&#8221;&#8221; reveal_duration=&#8221;&#8221; reveal_delay=&#8221;&#8221;][elx_download_block text=&#8221;ecostore ecoguide&#8221; link=&#8221;files.professional.electrolux.com\/docs\/?n=ECO-9JEFT&amp;b=5&amp;l=1&#8243; background_color=&#8221;cat-cool&#8221; reveal_effect=&#8221;&#8221; reveal_duration=&#8221;&#8221; reveal_delay=&#8221;&#8221;][elx_download_block text=&#8221;Rustfrit st\u00e5l&#8221; link_target=&#8221;self&#8221; link=&#8221;https:\/\/www.electroluxprofessional.com\/commercial-kitchen-equipment\/stainless-steel-fabrication\/&#8221; background_color=&#8221;cat-cool&#8221; background_hover_color=&#8221;lighter-hover&#8221; background_image=&#8221;2402&#8243; reveal_effect=&#8221;&#8221; reveal_duration=&#8221;&#8221; reveal_delay=&#8221;&#8221;][vc_empty_space height=&#8221;50px&#8221;][elx_heading font_size=&#8221;h5&#8243; text_color=&#8221;inherit&#8221;]Kontakt os for n\u00e6rmere information ang\u00e5ende ecostore k\u00f8lediske. [\/elx_heading][vc_row_inner][vc_column_inner width=&#8221;2\/3&#8243;][elx_heading text_color=&#8221;inherit&#8221;]Find ud af, hvad en Electrolux k\u00f8ledisk kan betyde for dit professionelle k\u00f8kken [\/elx_heading][elx_heading text_color=&#8221;inherit&#8221;]Find ud af, hvad en Electrolux k\u00f8ledisk kan betyde for dit professionelle k\u00f8kken [\/elx_heading][\/vc_column_inner][vc_column_inner width=&#8221;1\/3&#8243;][\/vc_column_inner][\/vc_row_inner][\/vc_column][\/vc_row][vc_row css=&#8221;.vc_custom_1582034047336{margin-top: 32px !important;}&#8221;][vc_column width=&#8221;2\/3&#8243;][vc_row_inner][vc_column_inner][elx_heading font_container=&#8221;h3&#8243; font_size=&#8221;h3&#8243; text_color=&#8221;inherit&#8221; text_align=&#8221;text-left&#8221; css=&#8221;.vc_custom_1582034608817{margin-bottom: 40px !important;}&#8221;]Du er m\u00e5ske ogs\u00e5 interesseret i:[\/elx_heading][\/vc_column_inner][\/vc_row_inner][vc_row_inner][vc_column_inner offset=&#8221;vc_hidden-xs&#8221;][vc_empty_space][\/vc_column_inner][\/vc_row_inner][vc_row_inner][vc_column_inner width=&#8221;1\/2&#8243;][elx_video_block background_image=&#8221;1053&#8243; video_link=&#8221;https:\/\/www.youtube.com\/watch?v=Uax3dUWNTQs&#8221; minimum_height=&#8221;200px&#8221;][vc_empty_space height=&#8221;20px&#8221;][elx_heading font_container=&#8221;h4&#8243; text_color=&#8221;inherit&#8221; css=&#8221;.vc_custom_1582546522358{padding-top: 12px !important;padding-bottom: 0px !important;}&#8221;]Ecostore<sup>HP<\/sup> k\u00f8le- og fryseskabe[\/elx_heading][vc_column_text el_class=&#8221;p-16&#8243; css=&#8221;.vc_custom_1582546755414{margin-top: 0px !important;}&#8221;]Ecostore<sup>HP<\/sup> er designet til en professionel m\u00e5lgruppe med h\u00f8je krav.<br \/>\n<a href=\"https:\/\/www.electroluxprofessional.com\/dk\/industrikoeleskab\/\">Se flere muligheder<\/a>[\/vc_column_text][vc_empty_space][\/vc_column_inner][vc_column_inner width=&#8221;1\/2&#8243;][vc_single_image image=&#8221;14782&#8243; img_size=&#8221;400&#215;233&#8243; alignment=&#8221;center&#8221; css=&#8221;.vc_custom_1582543338004{margin-bottom: 32px !important;}&#8221;][elx_heading font_container=&#8221;h4&#8243; text_color=&#8221;inherit&#8221;]Total k\u00f8kkenindretning[\/elx_heading][vc_column_text el_class=&#8221;p-16&#8243;]Electrolux Professional har koge-stege udstyr til en hver smag. Du kan v\u00e6lge mellem tre serier: XP, thermaline og Molteni.<br \/>\n<a href=\"https:\/\/www.electroluxprofessional.com\/dk\/professionelt-koekkenudstyr\/\">Se dine muligheder<\/a>[\/vc_column_text][vc_empty_space][\/vc_column_inner][\/vc_row_inner][vc_row_inner][vc_column_inner width=&#8221;1\/2&#8243;][elx_video_block background_image=&#8221;14525&#8243; video_link=&#8221;https:\/\/www.youtube.com\/watch?v=RRN6Tvqfkl8&amp;feature=emb_logo&#8221; minimum_height=&#8221;200px&#8221;][vc_empty_space height=&#8221;20px&#8221;][elx_heading font_container=&#8221;h4&#8243; text_color=&#8221;inherit&#8221; css=&#8221;.vc_custom_1581519806240{padding-top: 12px !important;padding-bottom: 0px !important;}&#8221;]SkyLine Cook &amp; Chill[\/elx_heading][vc_column_text el_class=&#8221;p-16&#8243; css=&#8221;.vc_custom_1581519862224{margin-top: 0px !important;}&#8221;]Med SkyLine industriovn og bl\u00e6stk\u00f8ler tilbereder du maden enkelt og intuitivt. Og du forbedrer b\u00e5de arbejdsgangen og madens kvalitet.<br \/>\n<a href=\"https:\/\/www.electroluxprofessional.com\/dk\/industriovn-skyline-cook-chill\/\">Se dine muligheder<\/a>[\/vc_column_text][vc_empty_space][\/vc_column_inner][vc_column_inner width=&#8221;1\/2&#8243;][vc_empty_space][\/vc_column_inner][\/vc_row_inner][\/vc_column][vc_column width=&#8221;1\/3&#8243;][vc_row_inner css=&#8221;.vc_custom_1582032136166{border-top-width: 1px !important;border-right-width: 1px !important;border-bottom-width: 1px !important;border-left-width: 1px !important;padding-top: 10px !important;padding-right: 10px !important;padding-bottom: 15px !important;padding-left: 10px !important;border-left-color: #dadfe1 !important;border-left-style: solid !important;border-right-color: #dadfe1 !important;border-right-style: solid !important;border-top-color: #dadfe1 !important;border-top-style: solid !important;border-bottom-color: #dadfe1 !important;border-bottom-style: solid !important;}&#8221;][vc_column_inner][vc_column_text css=&#8221;.vc_custom_1582542435410{margin-bottom: 22px !important;}&#8221;]<\/p>\n<h6 style=\"line-height: 1.2em;\">F\u00e5 et tilbud p\u00e5 Ecostore<sup>HP<\/sup> k\u00f8ledisk<\/h6>\n<p>[\/vc_column_text][elx_o2000_contact_us r=&#8221;Jeg vil gerne h\u00f8re mere om ecostore k\u00f8lediske. Kontakt mig venligst.&#8221; s=&#8221;Mere om ecostore k\u00f8lediske&#8221; country=&#8221;Denmark&#8221; l=&#8221;dk&#8221; e=&#8221;steen.rasmussen@electroluxprofessional.com&#8221; container=&#8221;elxcontactus1480090979&#8243;][\/vc_column_inner][\/vc_row_inner][\/vc_column][\/vc_row][vc_row][vc_column][vc_row_inner][vc_column_inner offset=&#8221;vc_hidden-xs&#8221;][vc_empty_space height=&#8221;52px&#8221;][\/vc_column_inner][\/vc_row_inner][vc_empty_space height=&#8221;50px&#8221;][elx_heading font_size=&#8221;h3&#8243; text_color=&#8221;inherit&#8221; text_align=&#8221;text-center&#8221;]Find den ideelle l\u00f8sning til lige netop din virksomhed [\/elx_heading][\/vc_column][\/vc_row]<\/p>\n","protected":false},"excerpt":{"rendered":"<p>[vc_row full_width=&#8221;electroluxpro-full-width-no-padding&#8221;][vc_column reveal_effect=&#8221;&#8221; offset=&#8221;vc_hidden-xs&#8221;][elx_image_block background_image=&#8221;414&#8243; minimum_height=&#8221;450px&#8221;][\/vc_column][\/vc_row][vc_row full_width=&#8221;electroluxpro-full-width-no-padding&#8221;][vc_column reveal_effect=&#8221;&#8221; offset=&#8221;vc_hidden-lg vc_hidden-md vc_hidden-sm&#8221;][elx_image_block background_image=&#8221;414&#8243; minimum_height=&#8221;350px&#8221;][\/vc_column][\/vc_row][vc_row][vc_column][vc_row_inner][vc_column_inner offset=&#8221;vc_hidden-xs&#8221;][vc_empty_space height=&#8221;44px&#8221;][\/vc_column_inner][\/vc_row_inner][vc_empty_space height=&#8221;20px&#8221;][elx_heading font_container=&#8221;h1&#8243; font_size=&#8221;h1&#8243; text_color=&#8221;inherit&#8221; text_align=&#8221;text-left&#8221;]EcostoreHP k\u00f8ledisk \u2013 energieffektivitet og f\u00f8devaresikkerhed i top [\/elx_heading][\/vc_column][\/vc_row][vc_row][vc_column width=&#8221;2\/3&#8243;][vc_single_image image=&#8221;19523&#8243; img_size=&#8221;full&#8221; css=&#8221;.vc_custom_1655374548149{padding-top: 20px !important;}&#8221;][vc_single_image image=&#8221;2403&#8243; img_size=&#8221;150&#215;54&#8243; css=&#8221;.vc_custom_1582539477577{margin-top: 0px !important;border-top-width: 0px !important;padding-top: 0px !important;}&#8221;][\/vc_column][vc_column reveal_effect=&#8221;&#8221; width=&#8221;1\/3&#8243;][vc_empty_space height=&#8221;54px&#8221;][\/vc_column][\/vc_row][vc_row][vc_column width=&#8221;7\/12&#8243;][elx_heading font_size=&#8221;h2&#8243; text_color=&#8221;electrolux-blue&#8221; text_align=&#8221;text-left&#8221;]EcostoreHP Premium ekstrA kvalitet[\/elx_heading][vc_column_text css=&#8221;.vc_custom_1582541109789{margin-bottom: 10px [&hellip;]<\/p>\n","protected":false},"author":5,"featured_media":0,"parent":0,"menu_order":0,"comment_status":"closed","ping_status":"closed","template":"","meta":{"footnotes":""},"class_list":["post-2985","page","type-page","status-publish","hentry"],"acf":[],"yoast_head":"<!-- This site is optimized with the Yoast SEO plugin v23.3 - https:\/\/yoast.com\/wordpress\/plugins\/seo\/ -->\n<title>K\u00f8ledisk \u2013 energieffektivitet og f\u00f8devaresikkerhed i top<\/title>\n<meta name=\"description\" content=\"Stort udvalg af k\u00f8le- og fryseskabe samt k\u00f8ledisk med den unikke kombination af b\u00e5de den h\u00f8jeste klimaklasse A og den h\u00f8jeste energieffektivitet 5, der er p\u00e5 markedet.\" \/>\n<meta name=\"robots\" content=\"index, follow, max-snippet:-1, max-image-preview:large, max-video-preview:-1\" \/>\n<link rel=\"canonical\" href=\"https:\/\/www.electroluxprofessional.com\/dk\/koeledisk\/\" \/>\n<meta property=\"og:locale\" content=\"da_DK\" \/>\n<meta property=\"og:type\" content=\"article\" \/>\n<meta property=\"og:title\" content=\"K\u00f8ledisk \u2013 energieffektivitet og f\u00f8devaresikkerhed i top\" \/>\n<meta property=\"og:description\" content=\"Stort udvalg af k\u00f8le- og fryseskabe samt k\u00f8ledisk med den unikke kombination af b\u00e5de den h\u00f8jeste klimaklasse A og den h\u00f8jeste energieffektivitet 5, der er p\u00e5 markedet.\" \/>\n<meta property=\"og:url\" content=\"https:\/\/www.electroluxprofessional.com\/dk\/koeledisk\/\" \/>\n<meta property=\"og:site_name\" content=\"Electrolux Professional Danmark\" \/>\n<meta property=\"article:modified_time\" content=\"2023-02-27T17:01:17+00:00\" \/>\n<meta name=\"twitter:card\" content=\"summary_large_image\" \/>\n<meta name=\"twitter:label1\" content=\"Estimeret l\u00e6setid\" \/>\n\t<meta name=\"twitter:data1\" content=\"9 minutter\" \/>\n<script type=\"application\/ld+json\" class=\"yoast-schema-graph\">{\"@context\":\"https:\/\/schema.org\",\"@graph\":[{\"@type\":\"WebPage\",\"@id\":\"https:\/\/www.electroluxprofessional.com\/dk\/koeledisk\/\",\"url\":\"https:\/\/www.electroluxprofessional.com\/dk\/koeledisk\/\",\"name\":\"K\u00f8ledisk \u2013 energieffektivitet og f\u00f8devaresikkerhed i top\",\"isPartOf\":{\"@id\":\"https:\/\/www.electroluxprofessional.com\/dk\/#website\"},\"datePublished\":\"2022-06-14T10:45:28+00:00\",\"dateModified\":\"2023-02-27T17:01:17+00:00\",\"description\":\"Stort udvalg af k\u00f8le- og fryseskabe samt k\u00f8ledisk med den unikke kombination af b\u00e5de den h\u00f8jeste klimaklasse A og den h\u00f8jeste energieffektivitet 5, der er p\u00e5 markedet.\",\"breadcrumb\":{\"@id\":\"https:\/\/www.electroluxprofessional.com\/dk\/koeledisk\/#breadcrumb\"},\"inLanguage\":\"da-DK\",\"potentialAction\":[{\"@type\":\"ReadAction\",\"target\":[\"https:\/\/www.electroluxprofessional.com\/dk\/koeledisk\/\"]}]},{\"@type\":\"BreadcrumbList\",\"@id\":\"https:\/\/www.electroluxprofessional.com\/dk\/koeledisk\/#breadcrumb\",\"itemListElement\":[{\"@type\":\"ListItem\",\"position\":1,\"name\":\"Home\",\"item\":\"https:\/\/www.electroluxprofessional.com\/dk\/\"},{\"@type\":\"ListItem\",\"position\":2,\"name\":\"Ecostore HP k\u00f8ledisk\"}]},{\"@type\":\"WebSite\",\"@id\":\"https:\/\/www.electroluxprofessional.com\/dk\/#website\",\"url\":\"https:\/\/www.electroluxprofessional.com\/dk\/\",\"name\":\"Electrolux Professional Danmark\",\"description\":\"\",\"potentialAction\":[{\"@type\":\"SearchAction\",\"target\":{\"@type\":\"EntryPoint\",\"urlTemplate\":\"https:\/\/www.electroluxprofessional.com\/dk\/?src={search_term_string}\"},\"query-input\":\"required name=search_term_string\"}],\"inLanguage\":\"da-DK\"}]}<\/script>\n<!-- \/ Yoast SEO plugin. -->","yoast_head_json":{"title":"K\u00f8ledisk \u2013 energieffektivitet og f\u00f8devaresikkerhed i top","description":"Stort udvalg af k\u00f8le- og fryseskabe samt k\u00f8ledisk med den unikke kombination af b\u00e5de den h\u00f8jeste klimaklasse A og den h\u00f8jeste energieffektivitet 5, der er p\u00e5 markedet.","robots":{"index":"index","follow":"follow","max-snippet":"max-snippet:-1","max-image-preview":"max-image-preview:large","max-video-preview":"max-video-preview:-1"},"canonical":"https:\/\/www.electroluxprofessional.com\/dk\/koeledisk\/","og_locale":"da_DK","og_type":"article","og_title":"K\u00f8ledisk \u2013 energieffektivitet og f\u00f8devaresikkerhed i top","og_description":"Stort udvalg af k\u00f8le- og fryseskabe samt k\u00f8ledisk med den unikke kombination af b\u00e5de den h\u00f8jeste klimaklasse A og den h\u00f8jeste energieffektivitet 5, der er p\u00e5 markedet.","og_url":"https:\/\/www.electroluxprofessional.com\/dk\/koeledisk\/","og_site_name":"Electrolux Professional Danmark","article_modified_time":"2023-02-27T17:01:17+00:00","twitter_card":"summary_large_image","twitter_misc":{"Estimeret l\u00e6setid":"9 minutter"},"schema":{"@context":"https:\/\/schema.org","@graph":[{"@type":"WebPage","@id":"https:\/\/www.electroluxprofessional.com\/dk\/koeledisk\/","url":"https:\/\/www.electroluxprofessional.com\/dk\/koeledisk\/","name":"K\u00f8ledisk \u2013 energieffektivitet og f\u00f8devaresikkerhed i top","isPartOf":{"@id":"https:\/\/www.electroluxprofessional.com\/dk\/#website"},"datePublished":"2022-06-14T10:45:28+00:00","dateModified":"2023-02-27T17:01:17+00:00","description":"Stort udvalg af k\u00f8le- og fryseskabe samt k\u00f8ledisk med den unikke kombination af b\u00e5de den h\u00f8jeste klimaklasse A og den h\u00f8jeste energieffektivitet 5, der er p\u00e5 markedet.","breadcrumb":{"@id":"https:\/\/www.electroluxprofessional.com\/dk\/koeledisk\/#breadcrumb"},"inLanguage":"da-DK","potentialAction":[{"@type":"ReadAction","target":["https:\/\/www.electroluxprofessional.com\/dk\/koeledisk\/"]}]},{"@type":"BreadcrumbList","@id":"https:\/\/www.electroluxprofessional.com\/dk\/koeledisk\/#breadcrumb","itemListElement":[{"@type":"ListItem","position":1,"name":"Home","item":"https:\/\/www.electroluxprofessional.com\/dk\/"},{"@type":"ListItem","position":2,"name":"Ecostore HP k\u00f8ledisk"}]},{"@type":"WebSite","@id":"https:\/\/www.electroluxprofessional.com\/dk\/#website","url":"https:\/\/www.electroluxprofessional.com\/dk\/","name":"Electrolux Professional Danmark","description":"","potentialAction":[{"@type":"SearchAction","target":{"@type":"EntryPoint","urlTemplate":"https:\/\/www.electroluxprofessional.com\/dk\/?src={search_term_string}"},"query-input":"required name=search_term_string"}],"inLanguage":"da-DK"}]}},"_links":{"self":[{"href":"https:\/\/www.electroluxprofessional.com\/dk\/wp-json\/wp\/v2\/pages\/2985"}],"collection":[{"href":"https:\/\/www.electroluxprofessional.com\/dk\/wp-json\/wp\/v2\/pages"}],"about":[{"href":"https:\/\/www.electroluxprofessional.com\/dk\/wp-json\/wp\/v2\/types\/page"}],"author":[{"embeddable":true,"href":"https:\/\/www.electroluxprofessional.com\/dk\/wp-json\/wp\/v2\/users\/5"}],"replies":[{"embeddable":true,"href":"https:\/\/www.electroluxprofessional.com\/dk\/wp-json\/wp\/v2\/comments?post=2985"}],"version-history":[{"count":18,"href":"https:\/\/www.electroluxprofessional.com\/dk\/wp-json\/wp\/v2\/pages\/2985\/revisions"}],"predecessor-version":[{"id":25673,"href":"https:\/\/www.electroluxprofessional.com\/dk\/wp-json\/wp\/v2\/pages\/2985\/revisions\/25673"}],"wp:attachment":[{"href":"https:\/\/www.electroluxprofessional.com\/dk\/wp-json\/wp\/v2\/media?parent=2985"}],"curies":[{"name":"wp","href":"https:\/\/api.w.org\/{rel}","templated":true}]}}