{"id":29208,"date":"2025-02-26T07:02:42","date_gmt":"2025-02-26T07:02:42","guid":{"rendered":"https:\/\/www.electroluxprofessional.com\/dk\/?page_id=29208"},"modified":"2025-02-26T08:38:35","modified_gmt":"2025-02-26T08:38:35","slug":"indretning-af-professionelt-koekken","status":"publish","type":"page","link":"https:\/\/www.electroluxprofessional.com\/dk\/indretning-af-professionelt-koekken\/","title":{"rendered":"F\u00e5 hj\u00e6lp til at indrette dit professionelle k\u00f8kken"},"content":{"rendered":"<p>[vc_row css=&#8221;.vc_custom_1739872151111{padding-bottom: 32px !important;background-color: #041e41 !important;}&#8221;][vc_column width=&#8221;2\/3&#8243;][elx_heading font_container=&#8221;h1&#8243; font_size=&#8221;h1&#8243; text_color=&#8221;white&#8221;]<\/p>\n<h1 style=\"color: #ffffff; line-height: 1.1em;\">F\u00e5 hj\u00e6lp til at indrette dit professionelle k\u00f8kken<\/h1>\n<p>[\/elx_heading][\/vc_column][vc_column width=&#8221;1\/3&#8243;][\/vc_column][\/vc_row][vc_row content_placement=&#8221;top&#8221;][vc_column width=&#8221;2\/3&#8243;][vc_empty_space height=&#8221;80px&#8221;][vc_column_text el_class=&#8221;p-16&#8243; css=&#8221;.vc_custom_1739871441238{padding-right: 20px !important;}&#8221;]Uanset om du arbejder i restaurant, caf\u00e9 eller centralk\u00f8kken, s\u00e5 har Electrolux Professional det k\u00f8kkenudstyr, som giver dig det perfekte udgangspunkt for at lave mad. L\u00e6kre, velsmagende menuer. Effektivt \u2013 og med minimalt spild.<\/p>\n<p>Siden 1965 har vi indrettet tusindvis af k\u00f8kkener. Derfor ved vi alt om hygiejnekrav og arbejdsflow i k\u00f8kkenet \u2013 og vi er specialister i at finde l\u00f8sninger og udstyr, der optimerer processerne.<\/p>\n<p>Har du sp\u00f8rgsm\u00e5l til Electrolux Professionals udstyr \u2013 eller vil du h\u00f8re, hvordan vi kan hj\u00e6lpe med at indrette dit k\u00f8kken \u2013 s\u00e5 ring til os p\u00e5 tlf.\u00a0<strong>8740 3500<\/strong>.[\/vc_column_text][vc_empty_space height=&#8221;40px&#8221;][elx_o2000_contact_us s=&#8221;Mere om indretning af professionelt k\u00f8kken&#8221; flag_hide_request_type=&#8221;true&#8221; country=&#8221;Denmark&#8221; b=&#8221;food&#8221; thanks=&#8221;Tak for din interesse! Vi kontakter dig snarest.&#8221; button_mode=&#8221;true&#8221; postion_button=&#8221;text-left&#8221; postion_button_mobile=&#8221;text-left-mobile&#8221; side_banner_title=&#8221;H\u00f8r mere eller f\u00e5 et tilbud&#8221; text_btn_contact=&#8221;H\u00f8r mere eller f\u00e5 et tilbud&#8221;][\/vc_column][vc_column width=&#8221;1\/3&#8243;][vc_single_image image=&#8221;29214&#8243; img_size=&#8221;full&#8221; alignment=&#8221;right&#8221; onclick=&#8221;custom_link&#8221; link=&#8221;https:\/\/www.electroluxprofessional.com\/dk\/kontakt-koekken-udstyr\/&#8221; css=&#8221;.vc_custom_1739872104563{margin-top: -80px !important;}&#8221;][vc_column_text el_class=&#8221;p-16&#8243; css=&#8221;.vc_custom_1739872314421{padding-top: 20px !important;}&#8221;]Hanne Gullashsen<br \/>\nK\u00f8kkenspecialist[\/vc_column_text][\/vc_column][\/vc_row][vc_row content_placement=&#8221;middle&#8221; css=&#8221;.vc_custom_1739876516362{margin-top: 80px !important;}&#8221;][vc_column width=&#8221;1\/6&#8243;][vc_empty_space][\/vc_column][vc_column width=&#8221;2\/3&#8243; css=&#8221;.vc_custom_1739876480320{border-top-width: 1px !important;border-top-color: #dadfe1 !important;border-top-style: solid !important;}&#8221;][vc_empty_space][\/vc_column][vc_column width=&#8221;1\/6&#8243;][vc_empty_space][\/vc_column][\/vc_row][vc_row content_placement=&#8221;middle&#8221; css=&#8221;.vc_custom_1739876314072{margin-top: 40px !important;}&#8221;][vc_column width=&#8221;1\/3&#8243;][vc_single_image image=&#8221;9097&#8243; img_size=&#8221;full&#8221;][\/vc_column][vc_column width=&#8221;2\/3&#8243;][vc_empty_space][vc_column_text el_class=&#8221;p-16&#8243;]<\/p>\n<h4>Slip for at g\u00e5 i vejen for hinanden<\/h4>\n<p>Vi indretter dit k\u00f8kken, s\u00e5 jeres arbejdsprocesser flyder gnidningsfrit. Vores udstyr er designet med ergonomiske detaljer, som tager hensyn til jeres arbejdsstillinger. Og det er sm\u00e6kfyldt med smarte funktioner: Fx kan du ogs\u00e5 koge k\u00f8d, gr\u00f8ntsager, kartofler og ris i vores HP pastakoger. Og vaske store pizzatallerkner i den nye <a href=\"https:\/\/www.electroluxprofessional.com\/dk\/neoblue-touch-underbords-og-glasopvasker\/\">NeoBlue Touch<\/a> underbordsopvasker. Bare for at n\u00e6vne to eksempler.[\/vc_column_text][\/vc_column][\/vc_row][vc_row css=&#8221;.vc_custom_1739876319360{margin-top: 40px !important;}&#8221;][vc_column reveal_effect=&#8221;&#8221; width=&#8221;1\/3&#8243;][elx_image_block background_image=&#8221;28692&#8243; vert_back_position=&#8221;top&#8221; minimum_height=&#8221;300px&#8221;][\/vc_column][vc_column reveal_effect=&#8221;&#8221; width=&#8221;2\/3&#8243;][vc_empty_space][vc_column_text el_class=&#8221;p-16&#8243;]<\/p>\n<h4>Kvalitetsudstyr med intelligente funktioner<\/h4>\n<p>Med Electrolux Professional i dit k\u00f8kken fungerer dit udstyr til perfektion. Og du kan v\u00e6lge at bruge nogle af de intelligente funktioner, som er skabt til at g\u00f8re din arbejdsgang lettere: Fx <a href=\"https:\/\/www.electroluxprofessional.com\/dk\/industriovn-skyline-cook-chill\/\">Cook &amp; Chill konceptet<\/a>, hvor du tilbereder maden i Skyline ovnene, k\u00f8ler den hurtigt ned i bl\u00e6stk\u00f8leren og f\u00e6rdigtilbereder inden servering. Et andet eksempel er <a href=\"https:\/\/www.electroluxprofessional.com\/dk\/industrikoeleskab-seo\/#optiflow\">ecostore k\u00f8leskabet<\/a> med s\u00e5kaldt Optiflow luftcirkulering, som sikrer dine f\u00f8devarer korrekt temperatur og luftfugtighed.[\/vc_column_text][\/vc_column][\/vc_row][vc_row css=&#8221;.vc_custom_1739876325501{margin-top: 40px !important;}&#8221;][vc_column width=&#8221;1\/3&#8243;][vc_single_image image=&#8221;9710&#8243; img_size=&#8221;full&#8221;][\/vc_column][vc_column width=&#8221;2\/3&#8243;][vc_empty_space][vc_column_text el_class=&#8221;p-16&#8243;]<\/p>\n<h4>Udstyr til forberedelse, koge-stege, k\u00f8le-fryse og opvask<\/h4>\n<p>Hos Electrolux Professional er vi specialister i at hj\u00e6lpe k\u00f8kkenchefer og kokke med at indrette k\u00f8kkener. Vi har alt, hvad du skal bruge til at forberede, koge-stege, k\u00f8le-fryse og vaske op. Og du kan v\u00e6lge pr\u00e6cis den st\u00f8rrelse og funktion, der passer til dit k\u00f8kken og dit temperament. Al vores udstyr er udviklet med det ene form\u00e5l at give dig effektive v\u00e6rkt\u00f8jer til at lave mad i ensartet h\u00f8j kvalitet.[\/vc_column_text][\/vc_column][\/vc_row][vc_row full_width=&#8221;electroluxpro-full-width-no-padding&#8221; equal_height=&#8221;yes&#8221; css=&#8221;.vc_custom_1739876543885{margin-top: 80px !important;}&#8221;][vc_column width=&#8221;1\/2&#8243; css=&#8221;.vc_custom_1541060711821{padding-top: 30px !important;background-color: #dadfe1 !important;}&#8221; offset=&#8221;vc_hidden-xs&#8221;][elx_image_block background_image=&#8221;8856&#8243; minimum_height=&#8221;360px&#8221;][\/vc_column][vc_column width=&#8221;1\/2&#8243; content_position=&#8221;left&#8221; css=&#8221;.vc_custom_1739874027131{background-color: #041e41 !important;}&#8221; offset=&#8221;vc_hidden-xs&#8221;][elx_simple_block text_color=&#8221;white&#8221; background_color=&#8221;inherit&#8221;][elx_heading font_container=&#8221;h5&#8243; text_color=&#8221;inherit&#8221;]Vil du have tegninger og beregninger p\u00e5 dit nye k\u00f8kken, s\u00e5 kontakt Electrolux\u00a0Professionals k\u00f8kkenspecialister p\u00e5 tlf. 8740 3500<br \/>\n[\/elx_heading][\/elx_simple_block][vc_row_inner full_width=&#8221;electroluxpro-full-width&#8221; content_placement=&#8221;middle&#8221; css=&#8221;.vc_custom_1739874247933{margin-bottom: 60px !important;padding-left: 60px !important;}&#8221;][vc_column_inner css=&#8221;.vc_custom_1739874149126{padding-left: 20px !important;}&#8221;][elx_o2000_contact_us form_alignment=&#8221;left&#8221; s=&#8221;K\u00f8kkenindretning&#8221; flag_hide_request_type=&#8221;true&#8221; country=&#8221;Denmark&#8221; compact_view=&#8221;1&#8243; thanks=&#8221;Tak for din interesse! Vi kontakter dig snarest.&#8221; button_mode=&#8221;true&#8221; postion_button=&#8221;text-left&#8221; postion_button_mobile=&#8221;text-left-mobile&#8221; side_banner_title=&#8221;Kontakt vores k\u00f8kkenspecialist&#8221; text_btn_contact=&#8221;Kontakt vores k\u00f8kkenspecialist&#8221;][\/vc_column_inner][\/vc_row_inner][\/vc_column][\/vc_row][vc_row full_width=&#8221;electroluxpro-full-width-no-padding&#8221; equal_height=&#8221;yes&#8221; css=&#8221;.vc_custom_1541060632576{margin-top: 22px !important;}&#8221;][vc_column css=&#8221;.vc_custom_1541060721832{padding-top: 30px !important;background-color: #dadfe1 !important;}&#8221; offset=&#8221;vc_hidden-lg vc_hidden-md vc_hidden-sm&#8221;][vc_single_image image=&#8221;8948&#8243; img_size=&#8221;full&#8221; alignment=&#8221;right&#8221;][\/vc_column][\/vc_row][vc_row custom_color_row=&#8221;bg-download-blue&#8221; full_width=&#8221;electroluxpro-full-width&#8221; equal_height=&#8221;yes&#8221; css=&#8221;.vc_custom_1739883708465{margin-top: -60px !important;padding-right: 20px !important;padding-left: 20px !important;}&#8221;][vc_column css=&#8221;.vc_custom_1739883739836{margin-bottom: 40px !important;padding-top: 100px !important;}&#8221; offset=&#8221;vc_hidden-lg vc_hidden-md vc_hidden-sm&#8221;][elx_heading font_container=&#8221;h4&#8243; text_color=&#8221;white&#8221; css=&#8221;.vc_custom_1739883361181{padding-right: 20px !important;padding-bottom: 20px !important;padding-left: 20px !important;}&#8221;]Vil du have tegninger og beregninger p\u00e5 dit nye k\u00f8kken, s\u00e5 kontakt Electrolux\u00a0Professionals k\u00f8kkenspecialister p\u00e5 tlf.\u00a08740\u00a03500[\/elx_heading][elx_o2000_contact_us form_alignment=&#8221;left&#8221; s=&#8221;K\u00f8kkenindretning&#8221; flag_hide_request_type=&#8221;true&#8221; country=&#8221;Denmark&#8221; compact_view=&#8221;1&#8243; thanks=&#8221;Tak for din interesse! Vi kontakter dig snarest.&#8221; button_mode=&#8221;true&#8221; postion_button=&#8221;text-center&#8221; postion_button_mobile=&#8221;text-center-mobile&#8221; side_banner_title=&#8221;Kontakt vores k\u00f8kkenspecialist&#8221; text_btn_contact=&#8221;Kontakt vores k\u00f8kkenspecialist&#8221;][\/vc_column][\/vc_row][vc_row matched_labels=&#8221;&#8221; css=&#8221;.vc_custom_1740559073943{margin-top: 180px !important;}&#8221;][vc_column][elx_heading text_color=&#8221;inherit&#8221; text_align=&#8221;text-center&#8221;]Professionelt k\u00f8kkenudstyr for enhver smag[\/elx_heading][\/vc_column][\/vc_row][vc_row full_width=&#8221;electroluxpro-full-width&#8221; matched_labels=&#8221;&#8221; css=&#8221;.vc_custom_1740559064056{margin-top: 60px !important;}&#8221;][vc_column width=&#8221;1\/12&#8243; offset=&#8221;vc_hidden-xs&#8221;][vc_empty_space][\/vc_column][vc_column width=&#8221;1\/6&#8243;][elx_image_block background_image=&#8221;1053&#8243; vert_back_position=&#8221;top&#8221; minimum_height=&#8221;300px&#8221;][vc_column_text el_class=&#8221;p-16&#8243; css=&#8221;.vc_custom_1740558357219{padding-top: 30px !important;}&#8221;]<\/p>\n<p style=\"color: #415464; text-align: left;\"><strong>ecostore Premium k\u00f8leskab <\/strong>i energiklasse A. 50 liter mere plads til dine madvarer. 5 \u00e5rs fabriksgaranti.<br \/>\n<a href=\"https:\/\/www.electroluxprofessional.com\/dk\/industrikoeleskab-seo\/\">Mere om ecostore<\/a><\/p>\n<p>[\/vc_column_text][\/vc_column][vc_column width=&#8221;1\/6&#8243;][elx_image_block background_image=&#8221;29107&#8243; vert_back_position=&#8221;top&#8221; minimum_height=&#8221;300px&#8221;][vc_column_text el_class=&#8221;p-16&#8243; css=&#8221;.vc_custom_1740558285433{padding-top: 30px !important;}&#8221;]<\/p>\n<p style=\"color: #415464; text-align: left;\"><strong>NY Neoblue Touch underbordsopvasker <\/strong>klarer 65 kurve\/time. Plads til store tallerkener (\u00d8 36 cm). Bruger 40% mindre str\u00f8m og vand end tidligere modeller.<br \/>\n<a href=\"https:\/\/www.electroluxprofessional.com\/dk\/neoblue-touch-underbords-og-glasopvasker\/\">Se smart underbordsopvasker <\/a><\/p>\n<p>[\/vc_column_text][\/vc_column][vc_column width=&#8221;1\/6&#8243;][elx_image_block background_image=&#8221;14525&#8243; minimum_height=&#8221;300px&#8221;][vc_column_text el_class=&#8221;p-16&#8243; css=&#8221;.vc_custom_1740558419570{padding-top: 30px !important;}&#8221;]<strong>SkyLine Cook &amp; Chill <\/strong>et intelligent madlavningskoncept i 3 steps: 1. Tilbered maden. 2. K\u00f8l den hurtigt ned. 3. F\u00e6rdigtilbered og serv\u00e9r.<br \/>\n<a href=\"https:\/\/www.electroluxprofessional.com\/dk\/industriovn-skyline-cook-chill\/\">Mere om Cook &amp; Chill<\/a>[\/vc_column_text][\/vc_column][vc_column width=&#8221;1\/6&#8243;][elx_image_block background_image=&#8221;788&#8243; vert_back_position=&#8221;bottom&#8221; minimum_height=&#8221;300px&#8221;][vc_column_text el_class=&#8221;p-16&#8243; css=&#8221;.vc_custom_1740558888751{padding-top: 30px !important;}&#8221;]<strong>Reservedele og tilbeh\u00f8r<\/strong> som g\u00f8r madlavning og reng\u00f8ring endnu nemmere. Fx vacuumpakker \u2013 perfekt til sous-vide.<br \/>\n<a href=\"https:\/\/www.electroluxprofessional.com\/dk\/tilbehoer-til-det-professionelle-koekken\/\">Se alt tilbeh\u00f8r og hent katalog<\/a>[\/vc_column_text][\/vc_column][vc_column width=&#8221;1\/6&#8243;][elx_image_block background_image=&#8221;26532&#8243; vert_back_position=&#8221;bottom&#8221; minimum_height=&#8221;300px&#8221;][vc_column_text el_class=&#8221;p-16&#8243; css=&#8221;.vc_custom_1740558472345{padding-top: 30px !important;}&#8221;]Med <strong>GourmeXpress High Speed Ovn<\/strong>\u00a0kan du servere l\u00e6kker mad \u2013 hurtigt og nemt. Kombination af\u00a0mikroovn, varmluft og kraftig luftbl\u00e6sning.<br \/>\n<a href=\"https:\/\/www.electroluxprofessional.com\/dk\/gourmexpress-high-speed-ovn\/\">Se mere<\/a>[\/vc_column_text][\/vc_column][vc_column width=&#8221;1\/12&#8243;][vc_empty_space][\/vc_column][\/vc_row][vc_row css=&#8221;.vc_custom_1739882838552{margin-top: 80px !important;}&#8221;][vc_column][vc_row_inner][vc_column_inner width=&#8221;1\/4&#8243;][vc_empty_space][\/vc_column_inner][vc_column_inner width=&#8221;1\/2&#8243;][elx_button button_text=&#8221;Se produktkatalog&#8221; button_display_block=&#8221;display_block_on&#8221; button_alignment=&#8221;align_center&#8221; button_link=&#8221;url:https%3A%2F%2Fwww.electroluxprofessional.com%2Fdk%2Fwp-content%2Fuploads%2F2019%2F02%2FXP_produktkatalog.pdf||target:%20_blank|&#8221;][\/vc_column_inner][vc_column_inner width=&#8221;1\/4&#8243;][\/vc_column_inner][\/vc_row_inner][vc_empty_space height=&#8221;20px&#8221;][vc_column_text el_class=&#8221;p-16&#8243;]<\/p>\n<h6 style=\"text-align: center; color: #415464;\">Har du sp\u00f8rgsm\u00e5l til Electrolux\u2019 udstyr og maskiner \u2013 eller vil du h\u00f8re, hvordan vi kan hj\u00e6lpe med at indrette dit k\u00f8kken \u2013 s\u00e5 ring til os p\u00e5\u00a0<strong>tlf. 8740 3500<\/strong>\u00a0eller\u00a0<a href=\"https:\/\/www.electroluxprofessional.com\/dk\/kontakt-koekken\/\">kontakt os her.<\/a><\/h6>\n<p>[\/vc_column_text][vc_empty_space][\/vc_column][\/vc_row][vc_row][vc_column][vc_empty_space height=&#8221;50px&#8221;][\/vc_column][\/vc_row]<\/p>\n","protected":false},"excerpt":{"rendered":"<p>[vc_row css=&#8221;.vc_custom_1739872151111{padding-bottom: 32px !important;background-color: #041e41 !important;}&#8221;][vc_column width=&#8221;2\/3&#8243;][elx_heading font_container=&#8221;h1&#8243; font_size=&#8221;h1&#8243; text_color=&#8221;white&#8221;] F\u00e5 hj\u00e6lp til at indrette dit professionelle k\u00f8kken [\/elx_heading][\/vc_column][vc_column width=&#8221;1\/3&#8243;][\/vc_column][\/vc_row][vc_row content_placement=&#8221;top&#8221;][vc_column width=&#8221;2\/3&#8243;][vc_empty_space height=&#8221;80px&#8221;][vc_column_text el_class=&#8221;p-16&#8243; css=&#8221;.vc_custom_1739871441238{padding-right: 20px !important;}&#8221;]Uanset om du arbejder i restaurant, caf\u00e9 eller centralk\u00f8kken, s\u00e5 har Electrolux Professional det k\u00f8kkenudstyr, som giver dig det perfekte udgangspunkt for at lave mad. L\u00e6kre, velsmagende menuer. Effektivt [&hellip;]<\/p>\n","protected":false},"author":64,"featured_media":0,"parent":0,"menu_order":0,"comment_status":"closed","ping_status":"closed","template":"","meta":{"footnotes":""},"class_list":["post-29208","page","type-page","status-publish","hentry"],"acf":[],"yoast_head":"<!-- This site is optimized with the Yoast SEO plugin v23.3 - https:\/\/yoast.com\/wordpress\/plugins\/seo\/ -->\n<title>F\u00e5 hj\u00e6lp til at indrette dit professionelle k\u00f8kken<\/title>\n<meta name=\"description\" content=\"Arbejder du i restaurant, caf\u00e9 eller centralk\u00f8kken, s\u00e5 har vi det k\u00f8kkenudstyr, som giver dig det perfekte udgangspunkt for at lave mad.\" \/>\n<meta name=\"robots\" content=\"index, follow, max-snippet:-1, max-image-preview:large, max-video-preview:-1\" \/>\n<link rel=\"canonical\" href=\"https:\/\/www.electroluxprofessional.com\/dk\/indretning-af-professionelt-koekken\/\" \/>\n<meta property=\"og:locale\" content=\"da_DK\" \/>\n<meta property=\"og:type\" content=\"article\" \/>\n<meta property=\"og:title\" content=\"F\u00e5 hj\u00e6lp til at indrette dit professionelle k\u00f8kken\" \/>\n<meta property=\"og:description\" content=\"Arbejder du i restaurant, caf\u00e9 eller centralk\u00f8kken, s\u00e5 har vi det k\u00f8kkenudstyr, som giver dig det perfekte udgangspunkt for at lave mad.\" \/>\n<meta property=\"og:url\" content=\"https:\/\/www.electroluxprofessional.com\/dk\/indretning-af-professionelt-koekken\/\" \/>\n<meta property=\"og:site_name\" content=\"Electrolux Professional Danmark\" \/>\n<meta property=\"article:modified_time\" content=\"2025-02-26T08:38:35+00:00\" \/>\n<meta name=\"twitter:card\" content=\"summary_large_image\" \/>\n<meta name=\"twitter:label1\" content=\"Estimeret l\u00e6setid\" \/>\n\t<meta name=\"twitter:data1\" content=\"7 minutter\" \/>\n<script type=\"application\/ld+json\" class=\"yoast-schema-graph\">{\"@context\":\"https:\/\/schema.org\",\"@graph\":[{\"@type\":\"WebPage\",\"@id\":\"https:\/\/www.electroluxprofessional.com\/dk\/indretning-af-professionelt-koekken\/\",\"url\":\"https:\/\/www.electroluxprofessional.com\/dk\/indretning-af-professionelt-koekken\/\",\"name\":\"F\u00e5 hj\u00e6lp til at indrette dit professionelle k\u00f8kken\",\"isPartOf\":{\"@id\":\"https:\/\/www.electroluxprofessional.com\/dk\/#website\"},\"datePublished\":\"2025-02-26T07:02:42+00:00\",\"dateModified\":\"2025-02-26T08:38:35+00:00\",\"description\":\"Arbejder du i restaurant, caf\u00e9 eller centralk\u00f8kken, s\u00e5 har vi det k\u00f8kkenudstyr, som giver dig det perfekte udgangspunkt for at lave mad.\",\"breadcrumb\":{\"@id\":\"https:\/\/www.electroluxprofessional.com\/dk\/indretning-af-professionelt-koekken\/#breadcrumb\"},\"inLanguage\":\"da-DK\",\"potentialAction\":[{\"@type\":\"ReadAction\",\"target\":[\"https:\/\/www.electroluxprofessional.com\/dk\/indretning-af-professionelt-koekken\/\"]}]},{\"@type\":\"BreadcrumbList\",\"@id\":\"https:\/\/www.electroluxprofessional.com\/dk\/indretning-af-professionelt-koekken\/#breadcrumb\",\"itemListElement\":[{\"@type\":\"ListItem\",\"position\":1,\"name\":\"Home\",\"item\":\"https:\/\/www.electroluxprofessional.com\/dk\/\"},{\"@type\":\"ListItem\",\"position\":2,\"name\":\"F\u00e5 hj\u00e6lp til at indrette dit professionelle k\u00f8kken\"}]},{\"@type\":\"WebSite\",\"@id\":\"https:\/\/www.electroluxprofessional.com\/dk\/#website\",\"url\":\"https:\/\/www.electroluxprofessional.com\/dk\/\",\"name\":\"Electrolux Professional Danmark\",\"description\":\"\",\"potentialAction\":[{\"@type\":\"SearchAction\",\"target\":{\"@type\":\"EntryPoint\",\"urlTemplate\":\"https:\/\/www.electroluxprofessional.com\/dk\/?src={search_term_string}\"},\"query-input\":\"required name=search_term_string\"}],\"inLanguage\":\"da-DK\"}]}<\/script>\n<!-- \/ Yoast SEO plugin. -->","yoast_head_json":{"title":"F\u00e5 hj\u00e6lp til at indrette dit professionelle k\u00f8kken","description":"Arbejder du i restaurant, caf\u00e9 eller centralk\u00f8kken, s\u00e5 har vi det k\u00f8kkenudstyr, som giver dig det perfekte udgangspunkt for at lave mad.","robots":{"index":"index","follow":"follow","max-snippet":"max-snippet:-1","max-image-preview":"max-image-preview:large","max-video-preview":"max-video-preview:-1"},"canonical":"https:\/\/www.electroluxprofessional.com\/dk\/indretning-af-professionelt-koekken\/","og_locale":"da_DK","og_type":"article","og_title":"F\u00e5 hj\u00e6lp til at indrette dit professionelle k\u00f8kken","og_description":"Arbejder du i restaurant, caf\u00e9 eller centralk\u00f8kken, s\u00e5 har vi det k\u00f8kkenudstyr, som giver dig det perfekte udgangspunkt for at lave mad.","og_url":"https:\/\/www.electroluxprofessional.com\/dk\/indretning-af-professionelt-koekken\/","og_site_name":"Electrolux Professional Danmark","article_modified_time":"2025-02-26T08:38:35+00:00","twitter_card":"summary_large_image","twitter_misc":{"Estimeret l\u00e6setid":"7 minutter"},"schema":{"@context":"https:\/\/schema.org","@graph":[{"@type":"WebPage","@id":"https:\/\/www.electroluxprofessional.com\/dk\/indretning-af-professionelt-koekken\/","url":"https:\/\/www.electroluxprofessional.com\/dk\/indretning-af-professionelt-koekken\/","name":"F\u00e5 hj\u00e6lp til at indrette dit professionelle k\u00f8kken","isPartOf":{"@id":"https:\/\/www.electroluxprofessional.com\/dk\/#website"},"datePublished":"2025-02-26T07:02:42+00:00","dateModified":"2025-02-26T08:38:35+00:00","description":"Arbejder du i restaurant, caf\u00e9 eller centralk\u00f8kken, s\u00e5 har vi det k\u00f8kkenudstyr, som giver dig det perfekte udgangspunkt for at lave mad.","breadcrumb":{"@id":"https:\/\/www.electroluxprofessional.com\/dk\/indretning-af-professionelt-koekken\/#breadcrumb"},"inLanguage":"da-DK","potentialAction":[{"@type":"ReadAction","target":["https:\/\/www.electroluxprofessional.com\/dk\/indretning-af-professionelt-koekken\/"]}]},{"@type":"BreadcrumbList","@id":"https:\/\/www.electroluxprofessional.com\/dk\/indretning-af-professionelt-koekken\/#breadcrumb","itemListElement":[{"@type":"ListItem","position":1,"name":"Home","item":"https:\/\/www.electroluxprofessional.com\/dk\/"},{"@type":"ListItem","position":2,"name":"F\u00e5 hj\u00e6lp til at indrette dit professionelle k\u00f8kken"}]},{"@type":"WebSite","@id":"https:\/\/www.electroluxprofessional.com\/dk\/#website","url":"https:\/\/www.electroluxprofessional.com\/dk\/","name":"Electrolux Professional Danmark","description":"","potentialAction":[{"@type":"SearchAction","target":{"@type":"EntryPoint","urlTemplate":"https:\/\/www.electroluxprofessional.com\/dk\/?src={search_term_string}"},"query-input":"required name=search_term_string"}],"inLanguage":"da-DK"}]}},"_links":{"self":[{"href":"https:\/\/www.electroluxprofessional.com\/dk\/wp-json\/wp\/v2\/pages\/29208"}],"collection":[{"href":"https:\/\/www.electroluxprofessional.com\/dk\/wp-json\/wp\/v2\/pages"}],"about":[{"href":"https:\/\/www.electroluxprofessional.com\/dk\/wp-json\/wp\/v2\/types\/page"}],"author":[{"embeddable":true,"href":"https:\/\/www.electroluxprofessional.com\/dk\/wp-json\/wp\/v2\/users\/64"}],"replies":[{"embeddable":true,"href":"https:\/\/www.electroluxprofessional.com\/dk\/wp-json\/wp\/v2\/comments?post=29208"}],"version-history":[{"count":94,"href":"https:\/\/www.electroluxprofessional.com\/dk\/wp-json\/wp\/v2\/pages\/29208\/revisions"}],"predecessor-version":[{"id":29306,"href":"https:\/\/www.electroluxprofessional.com\/dk\/wp-json\/wp\/v2\/pages\/29208\/revisions\/29306"}],"wp:attachment":[{"href":"https:\/\/www.electroluxprofessional.com\/dk\/wp-json\/wp\/v2\/media?parent=29208"}],"curies":[{"name":"wp","href":"https:\/\/api.w.org\/{rel}","templated":true}]}}