{"id":2917,"date":"2021-12-27T10:38:35","date_gmt":"2021-12-27T10:38:35","guid":{"rendered":"https:\/\/www.electroluxprofessional.com\/dk\/?page_id=2917"},"modified":"2025-11-05T17:56:59","modified_gmt":"2025-11-05T17:56:59","slug":"groentsagssnitter-industri","status":"publish","type":"page","link":"https:\/\/www.electroluxprofessional.com\/dk\/groentsagssnitter-industri\/","title":{"rendered":"Gr\u00f8ntsagssnitter \u2013 sk\u00e6r, snit, riv, r\u00f8r og hug"},"content":{"rendered":"<p>[vc_row full_width=&#8221;electroluxpro-full-width-no-padding&#8221;][vc_column][elx_image_block background_image=&#8221;3294&#8243; vert_back_position=&#8221;bottom&#8221; minimum_height=&#8221;400px&#8221;][\/vc_column][\/vc_row][vc_row][vc_column][vc_empty_space][elx_heading font_container=&#8221;h1&#8243; font_size=&#8221;h2&#8243; text_color=&#8221;inherit&#8221; text_align=&#8221;text-left&#8221;]Sk\u00e6r, snit, riv, r\u00f8r og hug med vores udvalg af gr\u00f8ntsagssnittere, foodprocessorer, stavblendere, p\u00e5l\u00e6gsmaskiner, kombisnittere og huggeblokke.[\/elx_heading][vc_empty_space][\/vc_column][\/vc_row][vc_row][vc_column width=&#8221;7\/12&#8243;][vc_empty_space height=&#8221;64px&#8221;][elx_heading font_size=&#8221;h1&#8243; text_color=&#8221;electrolux-blue&#8221; text_align=&#8221;text-left&#8221;]Gr\u00f8ntsagssnittere[\/elx_heading][vc_empty_space][vc_column_text el_class=&#8221;p-16&#8243;]Electrolux gr\u00f8ntsagssnitter industri findes i <strong>flere modeller<\/strong> \u2013 bordmodel og gulvmodel \u2013 alle med det form\u00e5l at skabe <strong>st\u00f8rre produktivitet<\/strong>. Du kan bestillle indf\u00f8ring til lange gr\u00f8ntsager og frugter, for at tilpasse k\u00f8kkenmaskinen til alle typer gr\u00f8ntsager og frugter.<\/p>\n<p>TRS gr\u00f8ntsagssnitter industri kan snitte alle typer frugter og gr\u00f8ntsager og giver dig h\u00f8j produktivitet, fantastisk ydeevne, ekstraordin\u00e6r kvalitet og utrolig robusthed.[\/vc_column_text][\/vc_column][vc_column width=&#8221;5\/12&#8243;][vc_single_image image=&#8221;2369&#8243; img_size=&#8221;full&#8221;][\/vc_column][\/vc_row][vc_section css=&#8221;.vc_custom_1583141171570{padding-top: 32px !important;padding-bottom: 32px !important;background-color: #dadfe1 !important;}&#8221;][vc_row][vc_column width=&#8221;1\/2&#8243;][elx_video_block background_image=&#8221;15787&#8243; video_link=&#8221;https:\/\/www.youtube.com\/watch?v=TAqs4SOJE-s&amp;list=PLn-GI5LWCZdQ5Polr7Yvs9ITkju8rqHym&#8221; minimum_height=&#8221;240px&#8221;][\/vc_column][vc_column width=&#8221;1\/4&#8243;][vc_empty_space][elx_heading font_container=&#8221;h6&#8243; font_size=&#8221;h6&#8243; text_color=&#8221;inherit&#8221;]Se video om den effektive og pr\u00e6cise gr\u00f8ntsagssnitter RC14<br \/>\n[\/elx_heading][\/vc_column][vc_column width=&#8221;1\/4&#8243;][\/vc_column][\/vc_row][\/vc_section][vc_row][vc_column width=&#8221;7\/12&#8243;][vc_empty_space height=&#8221;64px&#8221;][elx_heading font_size=&#8221;h1&#8243; text_color=&#8221;electrolux-blue&#8221; text_align=&#8221;text-left&#8221;]Foodprocessorer[\/elx_heading][vc_empty_space][vc_column_text el_class=&#8221;p-16&#8243;]Med h\u00f8j power og stor robusthed. Den ideelle maskine til den professionelle kok. Hak, knus, bland og blend alle de ingredienser, som din opskrift kr\u00e6ver.[\/vc_column_text][\/vc_column][vc_column width=&#8221;5\/12&#8243;][vc_single_image image=&#8221;2370&#8243; img_size=&#8221;full&#8221;][\/vc_column][\/vc_row][vc_row][vc_column width=&#8221;1\/4&#8243;][vc_single_image image=&#8221;2374&#8243; img_size=&#8221;100&#215;100&#8243;][vc_column_text el_class=&#8221;p-16&#8243; css=&#8221;.vc_custom_1583141278617{margin-top: 20px !important;}&#8221;]<strong>Sikker opbevaring<\/strong> af dine knive med v\u00e6gmonteret knivholder[\/vc_column_text][\/vc_column][vc_column width=&#8221;1\/4&#8243;][vc_single_image image=&#8221;2375&#8243; img_size=&#8221;100&#215;100&#8243;][vc_column_text el_class=&#8221;p-16&#8243; css=&#8221;.vc_custom_1583141287287{margin-top: 20px !important;}&#8221;]<strong>Vandt\u00e6t<\/strong> og <strong>ergonomisk<\/strong> kontrolpanel (IP55)[\/vc_column_text][\/vc_column][vc_column width=&#8221;1\/4&#8243;][vc_single_image image=&#8221;2376&#8243; img_size=&#8221;100&#215;100&#8243;][vc_column_text el_class=&#8221;p-16&#8243; css=&#8221;.vc_custom_1583141295897{margin-top: 20px !important;}&#8221;]<strong>Alt kan komme i vaskemaskinen<\/strong> Knive, l\u00e5g, skraber og rustfri sk\u00e5l[\/vc_column_text][\/vc_column][vc_column width=&#8221;1\/4&#8243;][vc_single_image image=&#8221;978&#8243; img_size=&#8221;100&#215;100&#8243;][vc_column_text el_class=&#8221;p-16&#8243; css=&#8221;.vc_custom_1583141304580{margin-top: 20px !important;}&#8221;]<strong>Lydsvag under drift<\/strong> og lang levetid grundet en kraftfuld kompakt induktionsmotor[\/vc_column_text][\/vc_column][\/vc_row][vc_section css=&#8221;.vc_custom_1583141912257{margin-top: 50px !important;padding-top: 32px !important;padding-bottom: 32px !important;background-color: #dadfe1 !important;}&#8221;][vc_row][vc_column width=&#8221;1\/2&#8243;][elx_video_block background_image=&#8221;15789&#8243; video_link=&#8221;https:\/\/www.youtube.com\/watch?v=iJLesaEUe_0&amp;list=PLn-GI5LWCZdQzsBxG50Bgw3Zrd1SXjfoo&#8221; minimum_height=&#8221;240px&#8221;][\/vc_column][vc_column width=&#8221;1\/4&#8243;][vc_empty_space][elx_heading font_container=&#8221;h6&#8243; font_size=&#8221;h6&#8243; text_color=&#8221;inherit&#8221;]Se video om den robuste og multifunktionelle foodprocessor K120S<br \/>\n[\/elx_heading][\/vc_column][vc_column width=&#8221;1\/4&#8243;][\/vc_column][\/vc_row][\/vc_section][vc_row css=&#8221;.vc_custom_1583142391308{margin-top: 32px !important;}&#8221;][vc_column width=&#8221;7\/12&#8243;][vc_empty_space height=&#8221;52px&#8221;][elx_heading font_size=&#8221;h1&#8243; text_color=&#8221;electrolux-blue&#8221; text_align=&#8221;text-left&#8221;]Stavblendere[\/elx_heading][vc_empty_space][elx_heading font_size=&#8221;h4&#8243; text_color=&#8221;inherit&#8221;]Multifunktionel h\u00e5ndholdt stavblender[\/elx_heading][vc_column_text el_class=&#8221;p-16&#8243;]F\u00e5 det bedste ud af dine ingredienser. Lav et stort udvalg af cremer, supper, saucer, gr\u00f8ntsagspur\u00e9er, mousser og pandekagedej[\/vc_column_text][vc_empty_space][elx_heading font_size=&#8221;h4&#8243; text_color=&#8221;inherit&#8221;]Turboblenderen<br \/>\n[\/elx_heading][vc_column_text el_class=&#8221;p-16&#8243;]Designet til at kunne klare intensivt brug og til store m\u00e6ngder af gr\u00f8ntsager og fiskesupper, frugt- og gr\u00f8ntsagspur\u00e9er, flydende dej og saucer direkte i deres tilberedningsbeholdere.[\/vc_column_text][vc_column_text el_class=&#8221;p-16-indent&#8221; css=&#8221;.vc_custom_1583142338574{margin-top: 15px !important;padding-left: 15px !important;}&#8221;]<strong>\u25aa<\/strong>\u00a0 Ergonomisk<\/p>\n<p><strong>\u25aa<\/strong>\u00a0 Smart speed control<\/p>\n<p><strong>\u25aa<\/strong>\u00a0 Reng\u00f8ringsvenlig[\/vc_column_text][\/vc_column][vc_column width=&#8221;5\/12&#8243;][vc_single_image image=&#8221;2372&#8243; img_size=&#8221;full&#8221;][\/vc_column][\/vc_row][vc_section css=&#8221;.vc_custom_1583141912257{margin-top: 50px !important;padding-top: 32px !important;padding-bottom: 32px !important;background-color: #dadfe1 !important;}&#8221;][vc_row][vc_column width=&#8221;1\/2&#8243;][elx_video_block background_image=&#8221;15790&#8243; video_link=&#8221;https:\/\/www.youtube.com\/watch?v=QFoR79b3sX0&#8243; minimum_height=&#8221;240px&#8221;][\/vc_column][vc_column width=&#8221;1\/4&#8243;][vc_empty_space][elx_heading font_container=&#8221;h6&#8243; font_size=&#8221;h6&#8243; text_color=&#8221;inherit&#8221;]Se video om den ergonomiske Bermixer PRO<br \/>\n[\/elx_heading][\/vc_column][vc_column width=&#8221;1\/4&#8243;][\/vc_column][\/vc_row][\/vc_section][vc_row css=&#8221;.vc_custom_1583142999394{margin-top: 64px !important;}&#8221;][vc_column width=&#8221;1\/2&#8243;][vc_empty_space height=&#8221;40px&#8221;][elx_heading font_size=&#8221;h1&#8243; text_color=&#8221;electrolux-blue&#8221; text_align=&#8221;text-left&#8221;]K\u00f8dhakkere[\/elx_heading][vc_empty_space][vc_column_text el_class=&#8221;p-16&#8243;]Vores <strong>k\u00f8dhakkere<\/strong> er det perfekte supplement til ethvert k\u00f8kken. Takket v\u00e6re et udvalg af tilbeh\u00f8r kan du hakke k\u00f8d og rive br\u00f8d, ost og n\u00f8dder hurtigt og nemt.<\/p>\n<p>K\u00f8dhakkeren er lavet af rustfrit st\u00e5l for styrke og p\u00e5lidelighed. Den selvudluftende motor med dobbelt hastighed er beskyttet mod overbelastning med en termisk afbryder.[\/vc_column_text][\/vc_column][vc_column width=&#8221;1\/2&#8243;][vc_single_image image=&#8221;2377&#8243; img_size=&#8221;full&#8221;][\/vc_column][\/vc_row][vc_row][vc_column][vc_raw_html]JTNDaHIlM0U=[\/vc_raw_html][\/vc_column][\/vc_row][vc_row][vc_column width=&#8221;1\/2&#8243;][vc_empty_space height=&#8221;64px&#8221;][elx_heading font_size=&#8221;h1&#8243; text_color=&#8221;electrolux-blue&#8221; text_align=&#8221;text-left&#8221;]P\u00e5l\u00e6gsmaskiner[\/elx_heading][vc_empty_space][vc_column_text el_class=&#8221;p-16&#8243;]Electrolux har et stort udvalg af <strong>p\u00e5l\u00e6gsmaskiner<\/strong>, designet med det form\u00e5l at skabe stilfuldt og tyndtsk\u00e5ret mad, samtidig med at der leveres en <strong>h\u00f8j kvalitet<\/strong> og <strong>perfekt hygiejne<\/strong> til ethvert professionelt k\u00f8kken. Sk\u00e6rer du br\u00f8d, er det muligt at f\u00e5 en <strong>unik sikkerhedsmekanisme<\/strong>, der undg\u00e5r, at du skal i kontakt med kniven \u2013 specielt n\u00e5r maskinen reng\u00f8res.[\/vc_column_text][\/vc_column][vc_column width=&#8221;1\/2&#8243;][vc_single_image image=&#8221;2378&#8243; img_size=&#8221;full&#8221;][\/vc_column][\/vc_row][vc_row][vc_column][vc_raw_html]JTNDaHIlM0U=[\/vc_raw_html][\/vc_column][\/vc_row][vc_row][vc_column width=&#8221;1\/2&#8243;][vc_empty_space height=&#8221;64px&#8221;][elx_heading font_size=&#8221;h1&#8243; text_color=&#8221;electrolux-blue&#8221; text_align=&#8221;text-left&#8221;]Huggeblokke[\/elx_heading][vc_empty_space][vc_column_text]Dette smukke supplement til dit k\u00f8kken er lavet af ikke-giftigt, robust b\u00f8g for at undg\u00e5 overf\u00f8rsel af uhensigtsm\u00e6ssige stoffer til maden. Tr\u00e6et er flettet sammen for at undg\u00e5 uhygiejniske skruer.[\/vc_column_text][\/vc_column][vc_column width=&#8221;1\/2&#8243;][vc_single_image image=&#8221;2379&#8243; img_size=&#8221;full&#8221; alignment=&#8221;center&#8221;][\/vc_column][\/vc_row][vc_row][vc_column][vc_empty_space][vc_raw_html]JTNDaHIlM0U=[\/vc_raw_html][vc_empty_space][\/vc_column][\/vc_row][vc_row][vc_column width=&#8221;1\/6&#8243;][vc_single_image image=&#8221;651&#8243; img_size=&#8221;full&#8221; onclick=&#8221;custom_link&#8221; link=&#8221;https:\/\/www.electroluxprofessional.com\/safety\/&#8221;][\/vc_column][vc_column width=&#8221;5\/6&#8243;][elx_heading font_container=&#8221;h6&#8243; font_size=&#8221;h6&#8243; text_color=&#8221;inherit&#8221;]Vi har h\u00f8j fokus p\u00e5 f\u00f8devaresikkerhed i udviklingen af vores k\u00f8kkenmaskiner![\/elx_heading][elx_heading font_size=&#8221;h3&#8243; text_color=&#8221;inherit&#8221;]F\u00f8devaresikkerhed, ingen krydskontaminering og bedste ydeevne[\/elx_heading][vc_column_text el_class=&#8221;p-16&#8243;]Alle Electrolux Professional\u2019s plastikprodukter er BPA fri.[\/vc_column_text][\/vc_column][\/vc_row][vc_row][vc_column][vc_empty_space height=&#8221;50px&#8221;][\/vc_column][\/vc_row][vc_row disable_element=&#8221;yes&#8221;][vc_column width=&#8221;1\/4&#8243;][elx_download_block text=&#8221;Produktkatalog k\u00f8kkenmaskiner&#8221; link=&#8221;files.professional.electrolux.com\/docs\/?n=BR-9JEEL&amp;b=5&amp;l=1&#8243; background_color=&#8221;cat-create&#8221; reveal_effect=&#8221;&#8221; reveal_duration=&#8221;&#8221; reveal_delay=&#8221;&#8221;][\/vc_column][vc_column width=&#8221;1\/4&#8243;][elx_download_block text=&#8221;TRS\/TRK vejledning&#8221; link=&#8221;files.professional.electrolux.com\/docs\/?n=CLF-9JEHJ&amp;b=5&amp;l=1&#8243; background_color=&#8221;cat-create&#8221; reveal_effect=&#8221;&#8221; reveal_duration=&#8221;&#8221; reveal_delay=&#8221;&#8221;][\/vc_column][vc_column width=&#8221;1\/4&#8243;][\/vc_column][vc_column width=&#8221;1\/4&#8243;][\/vc_column][\/vc_row][vc_row disable_element=&#8221;yes&#8221;][vc_column width=&#8221;1\/4&#8243;][elx_download_block text=&#8221;TRS gr\u00f8ntsagssnittere og knive&#8221; link=&#8221;files.professional.electrolux.com\/docs\/?n=CLF-9JEHG&amp;b=5&amp;l=1&#8243; background_color=&#8221;cat-create&#8221; reveal_effect=&#8221;&#8221; reveal_duration=&#8221;&#8221; reveal_delay=&#8221;&#8221;][\/vc_column][vc_column width=&#8221;1\/4&#8243;][elx_download_block text=&#8221;K 45\/55\/70<br \/>\nfoodprocessorer&#8221; link=&#8221;files.professional.electrolux.com\/docs\/?n=CLF-9JEHI&amp;b=5&amp;l=1&#8243; background_color=&#8221;cat-create&#8221; reveal_effect=&#8221;&#8221; reveal_duration=&#8221;&#8221; reveal_delay=&#8221;&#8221;][\/vc_column][vc_column width=&#8221;1\/4&#8243;][\/vc_column][vc_column width=&#8221;1\/4&#8243;][elx_download_block text=&#8221;Se vores kartoffelskr\u00e6llere, gr\u00f8ntsagsvaskere og salatslynger<\/p>\n<p>&#8221; link_target=&#8221;self&#8221; link=&#8221;https:\/\/www.electroluxprofessional.com\/commercial-kitchen-equipment\/peel-wash-dry\/&#8221; background_color=&#8221;cat-create&#8221; reveal_effect=&#8221;&#8221; reveal_duration=&#8221;&#8221; reveal_delay=&#8221;&#8221; background_image=&#8221;2373&#8243;][\/vc_column][\/vc_row][vc_row][vc_column][vc_empty_space height=&#8221;50px&#8221;][\/vc_column][\/vc_row][vc_row disable_element=&#8221;yes&#8221;][vc_column width=&#8221;1\/3&#8243;][elx_maylike_box id_box=&#8221;337&#8243;][\/vc_column][vc_column width=&#8221;1\/3&#8243;][elx_maylike_box id_box=&#8221;738&#8243;][\/vc_column][vc_column width=&#8221;1\/3&#8243;][elx_maylike_box id_box=&#8221;374&#8243;][\/vc_column][\/vc_row][vc_row css=&#8221;.vc_custom_1582034047336{margin-top: 32px !important;}&#8221;][vc_column width=&#8221;2\/3&#8243;][vc_row_inner][vc_column_inner][elx_heading font_container=&#8221;h3&#8243; font_size=&#8221;h3&#8243; text_color=&#8221;inherit&#8221; text_align=&#8221;text-left&#8221; css=&#8221;.vc_custom_1583146730131{margin-bottom: 40px !important;}&#8221;]F\u00e5 mere at vide om Electrolux Professional k\u00f8kkenmaskiner[\/elx_heading][\/vc_column_inner][\/vc_row_inner][vc_row_inner][vc_column_inner offset=&#8221;vc_hidden-xs&#8221;][vc_empty_space height=&#8221;52px&#8221;][\/vc_column_inner][\/vc_row_inner][vc_row_inner][vc_column_inner width=&#8221;1\/2&#8243;][elx_download_block text=&#8221;TRS TR210<br \/>\nfolder&#8221; link=&#8221;files.professional.electrolux.com\/docs\/?n=CLF-9JER09&amp;b=5&amp;l=1&#8243; background_color=&#8221;cat-cool&#8221; reveal_effect=&#8221;&#8221; reveal_duration=&#8221;&#8221; reveal_delay=&#8221;&#8221;][elx_heading font_container=&#8221;h4&#8243; text_color=&#8221;inherit&#8221; css=&#8221;.vc_custom_1583146372421{padding-top: 12px !important;padding-bottom: 0px !important;}&#8221;]Download brochure om den effektive gr\u00f8ntsagssnitter[\/elx_heading][vc_empty_space][\/vc_column_inner][vc_column_inner width=&#8221;1\/2&#8243;][elx_download_block text=&#8221;TRK<br \/>\nfolder&#8221; link=&#8221;files.professional.electrolux.com\/docs\/?n=CLF-9JER11&amp;b=5&amp;l=1&#8243; background_color=&#8221;cat-clean&#8221; reveal_effect=&#8221;&#8221; reveal_duration=&#8221;&#8221; reveal_delay=&#8221;&#8221;][elx_heading font_container=&#8221;h4&#8243; text_color=&#8221;inherit&#8221;]Download brochure om den fleksible foodprocessor[\/elx_heading][vc_empty_space][\/vc_column_inner][\/vc_row_inner][vc_row_inner][vc_column_inner offset=&#8221;vc_hidden-xs&#8221;][vc_empty_space height=&#8221;52px&#8221;][\/vc_column_inner][\/vc_row_inner][vc_row_inner][vc_column_inner width=&#8221;1\/2&#8243;][elx_download_block text=&#8221;Bermix PRO stavblendere&#8221; link=&#8221;files.professional.electrolux.com\/docs\/?n=CLF-9JEHH&amp;b=5&amp;l=1&#8243; background_color=&#8221;cat-clean&#8221; reveal_effect=&#8221;&#8221; reveal_duration=&#8221;&#8221; reveal_delay=&#8221;&#8221;][elx_heading font_container=&#8221;h4&#8243; text_color=&#8221;inherit&#8221; css=&#8221;.vc_custom_1583146509173{padding-top: 12px !important;padding-bottom: 0px !important;}&#8221;]Flere gode grunde til at bruge Bermix PRO[\/elx_heading][vc_empty_space][\/vc_column_inner][vc_column_inner width=&#8221;1\/2&#8243;][vc_single_image image=&#8221;15743&#8243; img_size=&#8221;360&#215;146&#8243; alignment=&#8221;center&#8221; onclick=&#8221;custom_link&#8221; css=&#8221;.vc_custom_1583146665858{margin-bottom: 32px !important;}&#8221; link=&#8221;https:\/\/www.electroluxprofessional.com\/dk\/professionel-kartoffelskraeller\/&#8221;][elx_heading font_container=&#8221;h4&#8243; text_color=&#8221;inherit&#8221;]Skr\u00e6l, vask og t\u00f8r med professionel kartoffelskr\u00e6ller, gr\u00f8ntsagsvasker og salatslynge[\/elx_heading][vc_empty_space][\/vc_column_inner][\/vc_row_inner][\/vc_column][vc_column width=&#8221;1\/3&#8243;][vc_row_inner css=&#8221;.vc_custom_1582032136166{border-top-width: 1px !important;border-right-width: 1px !important;border-bottom-width: 1px !important;border-left-width: 1px !important;padding-top: 10px !important;padding-right: 10px !important;padding-bottom: 15px !important;padding-left: 10px !important;border-left-color: #dadfe1 !important;border-left-style: solid !important;border-right-color: #dadfe1 !important;border-right-style: solid !important;border-top-color: #dadfe1 !important;border-top-style: solid !important;border-bottom-color: #dadfe1 !important;border-bottom-style: solid !important;}&#8221;][vc_column_inner][vc_column_text css=&#8221;.vc_custom_1583146147526{margin-bottom: 22px !important;}&#8221;]<\/p>\n<h6 style=\"line-height: 1.2em;\">F\u00e5 et tilbud p\u00e5 k\u00f8kkenmaskiner, der passer til dit behov<\/h6>\n<p>[\/vc_column_text][elx_o2000_contact_us r=&#8221;Jeg vil gerne h\u00f8re mere om Electrolux Professional k\u00f8kkenmaskiner. Kontakt mig venligst. &#8221; s=&#8221;K\u00f8kkenmaskiner: snitte, blende&#8230;.&#8221; e=&#8221;steen.rasmussen@electroluxprofessional.com&#8221; country=&#8221;Denmark&#8221; l=&#8221;dk&#8221;][\/vc_column_inner][\/vc_row_inner][\/vc_column][\/vc_row][vc_row][vc_column][vc_empty_space][elx_heading font_size=&#8221;h3&#8243; text_color=&#8221;inherit&#8221; text_align=&#8221;text-center&#8221;]Find den helt ideelle l\u00f8sning til din virksomhed[\/elx_heading][\/vc_column][\/vc_row]<\/p>\n","protected":false},"excerpt":{"rendered":"<p>[vc_row full_width=&#8221;electroluxpro-full-width-no-padding&#8221;][vc_column][elx_image_block background_image=&#8221;3294&#8243; vert_back_position=&#8221;bottom&#8221; minimum_height=&#8221;400px&#8221;][\/vc_column][\/vc_row][vc_row][vc_column][vc_empty_space][elx_heading font_container=&#8221;h1&#8243; font_size=&#8221;h2&#8243; text_color=&#8221;inherit&#8221; text_align=&#8221;text-left&#8221;]Sk\u00e6r, snit, riv, r\u00f8r og hug med vores udvalg af gr\u00f8ntsagssnittere, foodprocessorer, stavblendere, p\u00e5l\u00e6gsmaskiner, kombisnittere og huggeblokke.[\/elx_heading][vc_empty_space][\/vc_column][\/vc_row][vc_row][vc_column width=&#8221;7\/12&#8243;][vc_empty_space height=&#8221;64px&#8221;][elx_heading font_size=&#8221;h1&#8243; text_color=&#8221;electrolux-blue&#8221; text_align=&#8221;text-left&#8221;]Gr\u00f8ntsagssnittere[\/elx_heading][vc_empty_space][vc_column_text el_class=&#8221;p-16&#8243;]Electrolux gr\u00f8ntsagssnitter industri findes i flere modeller \u2013 bordmodel og gulvmodel \u2013 alle med det form\u00e5l at skabe st\u00f8rre produktivitet. Du kan bestillle indf\u00f8ring til [&hellip;]<\/p>\n","protected":false},"author":5,"featured_media":0,"parent":0,"menu_order":0,"comment_status":"closed","ping_status":"closed","template":"","meta":{"footnotes":""},"class_list":["post-2917","page","type-page","status-publish","hentry"],"acf":[],"yoast_head":"<!-- This site is optimized with the Yoast SEO plugin v23.3 - https:\/\/yoast.com\/wordpress\/plugins\/seo\/ -->\n<title>Gr\u00f8ntsagssnitter industri \u2013 til det professionelle k\u00f8kken<\/title>\n<meta name=\"description\" content=\"Electrolux gr\u00f8ntsagssnitter industri findes i flere modeller \u2013 bordmodel og gulvmodel \u2013 alle med det form\u00e5l at skabe st\u00f8rre produktivitet. Se ogs\u00e5 profesionelle foodprocessorer og stavblendere.\" \/>\n<meta name=\"robots\" content=\"index, follow, max-snippet:-1, max-image-preview:large, max-video-preview:-1\" \/>\n<link rel=\"canonical\" href=\"https:\/\/www.electroluxprofessional.com\/dk\/groentsagssnitter-industri\/\" \/>\n<meta property=\"og:locale\" content=\"da_DK\" \/>\n<meta property=\"og:type\" content=\"article\" \/>\n<meta property=\"og:title\" content=\"Gr\u00f8ntsagssnitter industri \u2013 til det professionelle k\u00f8kken\" \/>\n<meta property=\"og:description\" content=\"Electrolux gr\u00f8ntsagssnitter industri findes i flere modeller \u2013 bordmodel og gulvmodel \u2013 alle med det form\u00e5l at skabe st\u00f8rre produktivitet. Se ogs\u00e5 profesionelle foodprocessorer og stavblendere.\" \/>\n<meta property=\"og:url\" content=\"https:\/\/www.electroluxprofessional.com\/dk\/groentsagssnitter-industri\/\" \/>\n<meta property=\"og:site_name\" content=\"Electrolux Professional Danmark\" \/>\n<meta property=\"article:modified_time\" content=\"2025-11-05T17:56:59+00:00\" \/>\n<meta name=\"twitter:card\" content=\"summary_large_image\" \/>\n<meta name=\"twitter:label1\" content=\"Estimeret l\u00e6setid\" \/>\n\t<meta name=\"twitter:data1\" content=\"5 minutter\" \/>\n<script type=\"application\/ld+json\" class=\"yoast-schema-graph\">{\"@context\":\"https:\/\/schema.org\",\"@graph\":[{\"@type\":\"WebPage\",\"@id\":\"https:\/\/www.electroluxprofessional.com\/dk\/groentsagssnitter-industri\/\",\"url\":\"https:\/\/www.electroluxprofessional.com\/dk\/groentsagssnitter-industri\/\",\"name\":\"Gr\u00f8ntsagssnitter industri \u2013 til det professionelle k\u00f8kken\",\"isPartOf\":{\"@id\":\"https:\/\/www.electroluxprofessional.com\/dk\/#website\"},\"datePublished\":\"2021-12-27T10:38:35+00:00\",\"dateModified\":\"2025-11-05T17:56:59+00:00\",\"description\":\"Electrolux gr\u00f8ntsagssnitter industri findes i flere modeller \u2013 bordmodel og gulvmodel \u2013 alle med det form\u00e5l at skabe st\u00f8rre produktivitet. Se ogs\u00e5 profesionelle foodprocessorer og stavblendere.\",\"breadcrumb\":{\"@id\":\"https:\/\/www.electroluxprofessional.com\/dk\/groentsagssnitter-industri\/#breadcrumb\"},\"inLanguage\":\"da-DK\",\"potentialAction\":[{\"@type\":\"ReadAction\",\"target\":[\"https:\/\/www.electroluxprofessional.com\/dk\/groentsagssnitter-industri\/\"]}]},{\"@type\":\"BreadcrumbList\",\"@id\":\"https:\/\/www.electroluxprofessional.com\/dk\/groentsagssnitter-industri\/#breadcrumb\",\"itemListElement\":[{\"@type\":\"ListItem\",\"position\":1,\"name\":\"Home\",\"item\":\"https:\/\/www.electroluxprofessional.com\/dk\/\"},{\"@type\":\"ListItem\",\"position\":2,\"name\":\"Gr\u00f8ntsagssnitter \u2013 sk\u00e6r, snit, riv, r\u00f8r og hug\"}]},{\"@type\":\"WebSite\",\"@id\":\"https:\/\/www.electroluxprofessional.com\/dk\/#website\",\"url\":\"https:\/\/www.electroluxprofessional.com\/dk\/\",\"name\":\"Electrolux Professional Danmark\",\"description\":\"\",\"potentialAction\":[{\"@type\":\"SearchAction\",\"target\":{\"@type\":\"EntryPoint\",\"urlTemplate\":\"https:\/\/www.electroluxprofessional.com\/dk\/?src={search_term_string}\"},\"query-input\":\"required name=search_term_string\"}],\"inLanguage\":\"da-DK\"}]}<\/script>\n<!-- \/ Yoast SEO plugin. -->","yoast_head_json":{"title":"Gr\u00f8ntsagssnitter industri \u2013 til det professionelle k\u00f8kken","description":"Electrolux gr\u00f8ntsagssnitter industri findes i flere modeller \u2013 bordmodel og gulvmodel \u2013 alle med det form\u00e5l at skabe st\u00f8rre produktivitet. Se ogs\u00e5 profesionelle foodprocessorer og stavblendere.","robots":{"index":"index","follow":"follow","max-snippet":"max-snippet:-1","max-image-preview":"max-image-preview:large","max-video-preview":"max-video-preview:-1"},"canonical":"https:\/\/www.electroluxprofessional.com\/dk\/groentsagssnitter-industri\/","og_locale":"da_DK","og_type":"article","og_title":"Gr\u00f8ntsagssnitter industri \u2013 til det professionelle k\u00f8kken","og_description":"Electrolux gr\u00f8ntsagssnitter industri findes i flere modeller \u2013 bordmodel og gulvmodel \u2013 alle med det form\u00e5l at skabe st\u00f8rre produktivitet. Se ogs\u00e5 profesionelle foodprocessorer og stavblendere.","og_url":"https:\/\/www.electroluxprofessional.com\/dk\/groentsagssnitter-industri\/","og_site_name":"Electrolux Professional Danmark","article_modified_time":"2025-11-05T17:56:59+00:00","twitter_card":"summary_large_image","twitter_misc":{"Estimeret l\u00e6setid":"5 minutter"},"schema":{"@context":"https:\/\/schema.org","@graph":[{"@type":"WebPage","@id":"https:\/\/www.electroluxprofessional.com\/dk\/groentsagssnitter-industri\/","url":"https:\/\/www.electroluxprofessional.com\/dk\/groentsagssnitter-industri\/","name":"Gr\u00f8ntsagssnitter industri \u2013 til det professionelle k\u00f8kken","isPartOf":{"@id":"https:\/\/www.electroluxprofessional.com\/dk\/#website"},"datePublished":"2021-12-27T10:38:35+00:00","dateModified":"2025-11-05T17:56:59+00:00","description":"Electrolux gr\u00f8ntsagssnitter industri findes i flere modeller \u2013 bordmodel og gulvmodel \u2013 alle med det form\u00e5l at skabe st\u00f8rre produktivitet. Se ogs\u00e5 profesionelle foodprocessorer og stavblendere.","breadcrumb":{"@id":"https:\/\/www.electroluxprofessional.com\/dk\/groentsagssnitter-industri\/#breadcrumb"},"inLanguage":"da-DK","potentialAction":[{"@type":"ReadAction","target":["https:\/\/www.electroluxprofessional.com\/dk\/groentsagssnitter-industri\/"]}]},{"@type":"BreadcrumbList","@id":"https:\/\/www.electroluxprofessional.com\/dk\/groentsagssnitter-industri\/#breadcrumb","itemListElement":[{"@type":"ListItem","position":1,"name":"Home","item":"https:\/\/www.electroluxprofessional.com\/dk\/"},{"@type":"ListItem","position":2,"name":"Gr\u00f8ntsagssnitter \u2013 sk\u00e6r, snit, riv, r\u00f8r og hug"}]},{"@type":"WebSite","@id":"https:\/\/www.electroluxprofessional.com\/dk\/#website","url":"https:\/\/www.electroluxprofessional.com\/dk\/","name":"Electrolux Professional Danmark","description":"","potentialAction":[{"@type":"SearchAction","target":{"@type":"EntryPoint","urlTemplate":"https:\/\/www.electroluxprofessional.com\/dk\/?src={search_term_string}"},"query-input":"required name=search_term_string"}],"inLanguage":"da-DK"}]}},"_links":{"self":[{"href":"https:\/\/www.electroluxprofessional.com\/dk\/wp-json\/wp\/v2\/pages\/2917"}],"collection":[{"href":"https:\/\/www.electroluxprofessional.com\/dk\/wp-json\/wp\/v2\/pages"}],"about":[{"href":"https:\/\/www.electroluxprofessional.com\/dk\/wp-json\/wp\/v2\/types\/page"}],"author":[{"embeddable":true,"href":"https:\/\/www.electroluxprofessional.com\/dk\/wp-json\/wp\/v2\/users\/5"}],"replies":[{"embeddable":true,"href":"https:\/\/www.electroluxprofessional.com\/dk\/wp-json\/wp\/v2\/comments?post=2917"}],"version-history":[{"count":11,"href":"https:\/\/www.electroluxprofessional.com\/dk\/wp-json\/wp\/v2\/pages\/2917\/revisions"}],"predecessor-version":[{"id":30772,"href":"https:\/\/www.electroluxprofessional.com\/dk\/wp-json\/wp\/v2\/pages\/2917\/revisions\/30772"}],"wp:attachment":[{"href":"https:\/\/www.electroluxprofessional.com\/dk\/wp-json\/wp\/v2\/media?parent=2917"}],"curies":[{"name":"wp","href":"https:\/\/api.w.org\/{rel}","templated":true}]}}