{"id":29169,"date":"2025-02-10T09:29:57","date_gmt":"2025-02-10T09:29:57","guid":{"rendered":"https:\/\/www.electroluxprofessional.com\/dk\/?page_id=29169"},"modified":"2025-10-21T14:05:25","modified_gmt":"2025-10-21T14:05:25","slug":"centers-of-excellence-electrolux-professional","status":"publish","type":"page","link":"https:\/\/www.electroluxprofessional.com\/dk\/centers-of-excellence-electrolux-professional\/","title":{"rendered":"Centers of Excellence"},"content":{"rendered":"<p>[vc_row full_width=&#8221;electroluxpro-full-width-no-padding&#8221;][vc_column][vc_single_image image=&#8221;29162&#8243; img_size=&#8221;full&#8221; alignment=&#8221;center&#8221;][\/vc_column][\/vc_row][vc_row][vc_column][vc_empty_space][vc_single_image image=&#8221;16699&#8243; img_size=&#8221;medium&#8221; alignment=&#8221;center&#8221;][vc_empty_space][vc_column_text]<\/p>\n<p style=\"text-align: center;\">Electrolux Professional er dedikerede til at tilbyde kunderne innovative <strong>tr\u00e6ningskoncepter<\/strong> og mindev\u00e6rdige <strong>oplevelser<\/strong> med sit brand og dets mange l\u00f8sninger.<\/p>\n<p style=\"text-align: center;\">N\u00e5r kulinarisk kultur og teknologi m\u00f8des, er resultatet en l\u00e6ringsmetode baseret p\u00e5 <strong>erfaring og kundedialog<\/strong>, dedikeret til professionelle, der har en unik tilgang til forretningen.<\/p>\n<p>[\/vc_column_text][vc_empty_space][vc_column_text]<\/p>\n<h2><\/h2>\n<h2 style=\"text-align: center;\">Se videoen<br \/>\n&#8220;tour of our CoE&#8221;<\/h2>\n<p>[\/vc_column_text][vc_empty_space][vc_row_inner][vc_column_inner width=&#8221;1\/4&#8243;][vc_empty_space][\/vc_column_inner][vc_column_inner width=&#8221;1\/2&#8243;][elx_video_block background_image=&#8221;29154&#8243; video_link=&#8221;https:\/\/www.youtube.com\/watch?v=xGyBWkJcIqQ&#8221; minimum_height=&#8221;312px&#8221;][\/vc_column_inner][vc_column_inner width=&#8221;1\/4&#8243;][vc_empty_space][\/vc_column_inner][\/vc_row_inner][\/vc_column][\/vc_row][vc_row][vc_column][vc_row_inner][vc_column_inner][vc_empty_space][elx_heading font_size=&#8221;h1&#8243; text_color=&#8221;inherit&#8221; text_align=&#8221;text-center&#8221;]Centers of Excellence i hele verden[\/elx_heading][vc_empty_space][vc_column_text]<\/p>\n<p style=\"text-align: center;\">Klik p\u00e5 kortet for at se<br \/>\nen 3D-oplevelse i vores showroom[\/vc_column_text][vc_single_image image=&#8221;29163&#8243; img_size=&#8221;full&#8221; alignment=&#8221;center&#8221; onclick=&#8221;custom_link&#8221; link=&#8221;https:\/\/www.electroluxprofessional.com\/dk\/centers-of-excellence-electrolux-professional-virtual-tour-2\/&#8221;][\/vc_column_inner][\/vc_row_inner][\/vc_column][\/vc_row][vc_row][vc_column][vc_empty_space][vc_column_text]<strong>Centers of Excellence<\/strong> \u2013 Electrolux Professionals showrooms og tr\u00e6ningsfaciliteter over hele verden \u2013 blev f\u00f8dt med dette form\u00e5l.<\/p>\n<p>De er udstyret med de mest innovative og ikoniske l\u00f8sninger til <strong>mad, drikke og vaskeri<\/strong>, som demonstrerer deres fulde potentiale og afspejler vores mission om at v\u00e6re den betroede OneE-partner, der g\u00f8r kundernes arbejdsliv nemmere, mere rentabelt \u2013 og virkelig b\u00e6redygtigt, hver dag.[\/vc_column_text][\/vc_column][\/vc_row][vc_row][vc_column][vc_empty_space height=&#8221;16px&#8221;][elx_heading text_color=&#8221;inherit&#8221;]F\u00e5 den fulde oplevelse i vores Centers of Excellence[\/elx_heading][vc_empty_space height=&#8221;16px&#8221;][\/vc_column][\/vc_row][vc_row][vc_column][vc_column_text]Vores Centre of Excellence er designet til at tilbyde en komplet og <strong>kundetilpasset oplevelse<\/strong>. G\u00e6ster inviteres til at tage et dybt dyk ned i hele Electrolux Professional produkt- og kundeplejeportef\u00f8ljen, opdage vores innovationerne inden for mad, drikke og vaskeri, og nyde seminarer, begivenheder og livedemonstrationer i tr\u00e6ningsk\u00f8kkenerne.[\/vc_column_text][vc_empty_space][\/vc_column][\/vc_row][vc_row][vc_column width=&#8221;1\/4&#8243;][elx_image_block background_image=&#8221;29155&#8243; minimum_height=&#8221;300px&#8221;][\/vc_column][vc_column width=&#8221;1\/4&#8243;][elx_image_block background_image=&#8221;29156&#8243; minimum_height=&#8221;300px&#8221;][\/vc_column][vc_column width=&#8221;1\/4&#8243;][elx_image_block background_image=&#8221;29157&#8243; minimum_height=&#8221;300px&#8221;][\/vc_column][vc_column width=&#8221;1\/4&#8243;][elx_image_block background_image=&#8221;29158&#8243; minimum_height=&#8221;300px&#8221;][\/vc_column][\/vc_row][vc_row disable_element=&#8221;yes&#8221;][vc_column width=&#8221;1\/2&#8243;][elx_image_block background_image=&#8221;29159&#8243; minimum_height=&#8221;300px&#8221;][\/vc_column][vc_column width=&#8221;1\/2&#8243;][elx_image_block background_image=&#8221;29160&#8243; minimum_height=&#8221;300px&#8221;][\/vc_column][\/vc_row][vc_row][vc_column][vc_empty_space][vc_column_text]Et team af <strong>kokke<\/strong> fra\u00a0<a href=\"https:\/\/www.electroluxprofessional.com\/dk\/chef-s-hub\/electrolux-chef-academy\/\">Electrolux Professional Chef Academy<\/a> &#8211; og en r\u00e6kke produkt- og kundesegmenteksperter &#8211; er tilg\u00e6ngelige for at forme den bes\u00f8gendes rejse til individuelle behov og forventninger. Hver enkelt oplevelse i Centers of Excellence er derfor <strong>unik<\/strong> \u2013 skr\u00e6ddersyet til at passe til kundernes krav og udviklet til bedst muligt at passe til deres forretningsprioriteter, uanset hvor de kommer fra i verden.<\/p>\n<p>Centers of Excellence er ogs\u00e5 <strong>globale knudepunkter<\/strong> for at fremvise de nyeste madtrends, opbygge netv\u00e6rks- og l\u00e6ringsmuligheder, fusionere kulinariske kulturer og traditioner og dele ideer og banebrydende teknikker.[\/vc_column_text][vc_empty_space][\/vc_column][\/vc_row][vc_row][vc_column width=&#8221;1\/3&#8243;][vc_single_image image=&#8221;29164&#8243; img_size=&#8221;full&#8221; alignment=&#8221;center&#8221;][\/vc_column][vc_column width=&#8221;1\/3&#8243;][vc_single_image image=&#8221;29165&#8243; img_size=&#8221;full&#8221; alignment=&#8221;center&#8221;][\/vc_column][vc_column width=&#8221;1\/3&#8243;][vc_single_image image=&#8221;29166&#8243; img_size=&#8221;full&#8221; alignment=&#8221;center&#8221;][\/vc_column][\/vc_row][vc_row][vc_column][vc_empty_space][elx_heading text_color=&#8221;inherit&#8221;]Center of Excellence i Italien[\/elx_heading][vc_empty_space][\/vc_column][\/vc_row][vc_row][vc_column width=&#8221;1\/2&#8243;][vc_column_text]Centre of Excellence i Italien ligger i Vallenoncello, Pordenone. Det er et center p\u00e5 omkring 3.500 m2 og er fuldt dedikeret til l\u00e6ringsaktiviteter og showroomet, hvor hele vores sortiment for stork\u00f8kken, drikkevarer og vaskeri er udstillet.<\/p>\n<p>De fem fuldtudstyrede k\u00f8kkener er moderne, funktionelle rum, hvor g\u00e6sterne kan \u201dsmage\u201d forn\u00f8jelsen af \u200b\u200bet banebrydende tr\u00e6ningskoncept, styret af Electrolux Professional Chef Academy og et team af produkt- og kundesegmenteksperter.[\/vc_column_text][\/vc_column][vc_column width=&#8221;1\/2&#8243;][elx_image_block background_image=&#8221;29161&#8243; minimum_height=&#8221;300px&#8221;][vc_empty_space][\/vc_column][\/vc_row][vc_row][vc_column width=&#8221;1\/2&#8243;][elx_simple_link_block link=&#8221;Enter the link of the block&#8221; text_align=&#8221;text-left&#8221; text_color=&#8221;inherit&#8221; background_color=&#8221;inherit&#8221; background_hover_color=&#8221;darker-hover&#8221; extra_class=&#8221;&#8221; reveal_effect=&#8221;&#8221; reveal_duration=&#8221;&#8221; reveal_delay=&#8221;&#8221;][vc_single_image image=&#8221;29167&#8243; img_size=&#8221;full&#8221;][\/elx_simple_link_block][\/vc_column][vc_column width=&#8221;1\/2&#8243;][vc_column_text]De <strong>levende madlavnings demonstrationer er unikke<\/strong> muligheder for at dele erfaringer, samle ideer og opdage, hvordan arbejdslivet i k\u00f8kkenet kan blive nemmere, sikrere, bedre \u2013 og derfor mere rentabelt \u2013 takket v\u00e6re Electrolux Professional-l\u00f8sninger.[\/vc_column_text][vc_empty_space height=&#8221;64px&#8221;][vc_column_text]Kontakt din n\u00e6rmeste salgsrepr\u00e6sentant for at komme og bes\u00f8ge vores globale Centre of Excellence.<\/p>\n<p>Oplev den verden af \u200b\u200bmuligheder, vi har designet til dig.[\/vc_column_text][\/vc_column][\/vc_row][vc_row disable_element=&#8221;yes&#8221;][vc_column][vc_empty_space][elx_heading font_container=&#8221;h3&#8243; text_color=&#8221;inherit&#8221;]You may also like[\/elx_heading][\/vc_column][\/vc_row][vc_row disable_element=&#8221;yes&#8221;][vc_column width=&#8221;1\/3&#8243;][elx_maylike_box id_box=&#8221;3873&#8243;][\/vc_column][vc_column width=&#8221;1\/3&#8243;][elx_maylike_box id_box=&#8221;3866&#8243;][\/vc_column][vc_column width=&#8221;1\/3&#8243;][elx_maylike_box id_box=&#8221;3867&#8243;][\/vc_column][\/vc_row]<\/p>\n","protected":false},"excerpt":{"rendered":"<p>[vc_row full_width=&#8221;electroluxpro-full-width-no-padding&#8221;][vc_column][vc_single_image image=&#8221;29162&#8243; img_size=&#8221;full&#8221; alignment=&#8221;center&#8221;][\/vc_column][\/vc_row][vc_row][vc_column][vc_empty_space][vc_single_image image=&#8221;16699&#8243; img_size=&#8221;medium&#8221; alignment=&#8221;center&#8221;][vc_empty_space][vc_column_text] Electrolux Professional er dedikerede til at tilbyde kunderne innovative tr\u00e6ningskoncepter og mindev\u00e6rdige oplevelser med sit brand og dets mange l\u00f8sninger. N\u00e5r kulinarisk kultur og teknologi m\u00f8des, er resultatet en l\u00e6ringsmetode baseret p\u00e5 erfaring og kundedialog, dedikeret til professionelle, der har en unik tilgang til forretningen. [\/vc_column_text][vc_empty_space][vc_column_text] Se [&hellip;]<\/p>\n","protected":false},"author":4,"featured_media":29153,"parent":0,"menu_order":0,"comment_status":"closed","ping_status":"closed","template":"","meta":{"footnotes":""},"class_list":["post-29169","page","type-page","status-publish","has-post-thumbnail","hentry"],"acf":[],"yoast_head":"<!-- This site is optimized with the Yoast SEO plugin v23.3 - https:\/\/yoast.com\/wordpress\/plugins\/seo\/ -->\n<title>Centers of Excellence - Electrolux Professional Danmark<\/title>\n<meta name=\"description\" content=\"17 Centers of Excellence and more than 70 Chefs from the Electrolux Chef Academy active all over the world with seminars, training, workshops and events.\" \/>\n<meta name=\"robots\" content=\"index, follow, max-snippet:-1, max-image-preview:large, max-video-preview:-1\" \/>\n<link rel=\"canonical\" href=\"https:\/\/www.electroluxprofessional.com\/dk\/centers-of-excellence-electrolux-professional\/\" \/>\n<meta property=\"og:locale\" content=\"da_DK\" \/>\n<meta property=\"og:type\" content=\"article\" \/>\n<meta property=\"og:title\" content=\"Centers of Excellence - Electrolux Professional Danmark\" \/>\n<meta property=\"og:description\" content=\"17 Centers of Excellence and more than 70 Chefs from the Electrolux Chef Academy active all over the world with seminars, training, workshops and events.\" \/>\n<meta property=\"og:url\" content=\"https:\/\/www.electroluxprofessional.com\/dk\/centers-of-excellence-electrolux-professional\/\" \/>\n<meta property=\"og:site_name\" content=\"Electrolux Professional Danmark\" \/>\n<meta property=\"article:modified_time\" content=\"2025-10-21T14:05:25+00:00\" \/>\n<meta property=\"og:image\" content=\"https:\/\/www.electroluxprofessional.com\/dk\/wp-content\/uploads\/2025\/02\/CoE-kitchen-2-scaled.jpg\" \/>\n\t<meta property=\"og:image:width\" content=\"2560\" \/>\n\t<meta property=\"og:image:height\" content=\"1707\" \/>\n\t<meta property=\"og:image:type\" content=\"image\/jpeg\" \/>\n<meta name=\"twitter:card\" content=\"summary_large_image\" \/>\n<meta name=\"twitter:label1\" content=\"Estimeret l\u00e6setid\" \/>\n\t<meta name=\"twitter:data1\" content=\"3 minutter\" \/>\n<script type=\"application\/ld+json\" class=\"yoast-schema-graph\">{\"@context\":\"https:\/\/schema.org\",\"@graph\":[{\"@type\":\"WebPage\",\"@id\":\"https:\/\/www.electroluxprofessional.com\/dk\/centers-of-excellence-electrolux-professional\/\",\"url\":\"https:\/\/www.electroluxprofessional.com\/dk\/centers-of-excellence-electrolux-professional\/\",\"name\":\"Centers of Excellence - Electrolux Professional Danmark\",\"isPartOf\":{\"@id\":\"https:\/\/www.electroluxprofessional.com\/dk\/#website\"},\"primaryImageOfPage\":{\"@id\":\"https:\/\/www.electroluxprofessional.com\/dk\/centers-of-excellence-electrolux-professional\/#primaryimage\"},\"image\":{\"@id\":\"https:\/\/www.electroluxprofessional.com\/dk\/centers-of-excellence-electrolux-professional\/#primaryimage\"},\"thumbnailUrl\":\"https:\/\/www.electroluxprofessional.com\/dk\/wp-content\/uploads\/2025\/02\/CoE-kitchen-2-scaled.jpg\",\"datePublished\":\"2025-02-10T09:29:57+00:00\",\"dateModified\":\"2025-10-21T14:05:25+00:00\",\"description\":\"17 Centers of Excellence and more than 70 Chefs from the Electrolux Chef Academy active all over the world with seminars, training, workshops and events.\",\"breadcrumb\":{\"@id\":\"https:\/\/www.electroluxprofessional.com\/dk\/centers-of-excellence-electrolux-professional\/#breadcrumb\"},\"inLanguage\":\"da-DK\",\"potentialAction\":[{\"@type\":\"ReadAction\",\"target\":[\"https:\/\/www.electroluxprofessional.com\/dk\/centers-of-excellence-electrolux-professional\/\"]}]},{\"@type\":\"ImageObject\",\"inLanguage\":\"da-DK\",\"@id\":\"https:\/\/www.electroluxprofessional.com\/dk\/centers-of-excellence-electrolux-professional\/#primaryimage\",\"url\":\"https:\/\/www.electroluxprofessional.com\/dk\/wp-content\/uploads\/2025\/02\/CoE-kitchen-2-scaled.jpg\",\"contentUrl\":\"https:\/\/www.electroluxprofessional.com\/dk\/wp-content\/uploads\/2025\/02\/CoE-kitchen-2-scaled.jpg\",\"width\":2560,\"height\":1707},{\"@type\":\"BreadcrumbList\",\"@id\":\"https:\/\/www.electroluxprofessional.com\/dk\/centers-of-excellence-electrolux-professional\/#breadcrumb\",\"itemListElement\":[{\"@type\":\"ListItem\",\"position\":1,\"name\":\"Home\",\"item\":\"https:\/\/www.electroluxprofessional.com\/dk\/\"},{\"@type\":\"ListItem\",\"position\":2,\"name\":\"Centers of Excellence\"}]},{\"@type\":\"WebSite\",\"@id\":\"https:\/\/www.electroluxprofessional.com\/dk\/#website\",\"url\":\"https:\/\/www.electroluxprofessional.com\/dk\/\",\"name\":\"Electrolux Professional Danmark\",\"description\":\"\",\"potentialAction\":[{\"@type\":\"SearchAction\",\"target\":{\"@type\":\"EntryPoint\",\"urlTemplate\":\"https:\/\/www.electroluxprofessional.com\/dk\/?src={search_term_string}\"},\"query-input\":\"required name=search_term_string\"}],\"inLanguage\":\"da-DK\"}]}<\/script>\n<!-- \/ Yoast SEO plugin. -->","yoast_head_json":{"title":"Centers of Excellence - Electrolux Professional Danmark","description":"17 Centers of Excellence and more than 70 Chefs from the Electrolux Chef Academy active all over the world with seminars, training, workshops and events.","robots":{"index":"index","follow":"follow","max-snippet":"max-snippet:-1","max-image-preview":"max-image-preview:large","max-video-preview":"max-video-preview:-1"},"canonical":"https:\/\/www.electroluxprofessional.com\/dk\/centers-of-excellence-electrolux-professional\/","og_locale":"da_DK","og_type":"article","og_title":"Centers of Excellence - Electrolux Professional Danmark","og_description":"17 Centers of Excellence and more than 70 Chefs from the Electrolux Chef Academy active all over the world with seminars, training, workshops and events.","og_url":"https:\/\/www.electroluxprofessional.com\/dk\/centers-of-excellence-electrolux-professional\/","og_site_name":"Electrolux Professional Danmark","article_modified_time":"2025-10-21T14:05:25+00:00","og_image":[{"width":2560,"height":1707,"url":"https:\/\/www.electroluxprofessional.com\/dk\/wp-content\/uploads\/2025\/02\/CoE-kitchen-2-scaled.jpg","type":"image\/jpeg"}],"twitter_card":"summary_large_image","twitter_misc":{"Estimeret l\u00e6setid":"3 minutter"},"schema":{"@context":"https:\/\/schema.org","@graph":[{"@type":"WebPage","@id":"https:\/\/www.electroluxprofessional.com\/dk\/centers-of-excellence-electrolux-professional\/","url":"https:\/\/www.electroluxprofessional.com\/dk\/centers-of-excellence-electrolux-professional\/","name":"Centers of Excellence - Electrolux Professional Danmark","isPartOf":{"@id":"https:\/\/www.electroluxprofessional.com\/dk\/#website"},"primaryImageOfPage":{"@id":"https:\/\/www.electroluxprofessional.com\/dk\/centers-of-excellence-electrolux-professional\/#primaryimage"},"image":{"@id":"https:\/\/www.electroluxprofessional.com\/dk\/centers-of-excellence-electrolux-professional\/#primaryimage"},"thumbnailUrl":"https:\/\/www.electroluxprofessional.com\/dk\/wp-content\/uploads\/2025\/02\/CoE-kitchen-2-scaled.jpg","datePublished":"2025-02-10T09:29:57+00:00","dateModified":"2025-10-21T14:05:25+00:00","description":"17 Centers of Excellence and more than 70 Chefs from the Electrolux Chef Academy active all over the world with seminars, training, workshops and events.","breadcrumb":{"@id":"https:\/\/www.electroluxprofessional.com\/dk\/centers-of-excellence-electrolux-professional\/#breadcrumb"},"inLanguage":"da-DK","potentialAction":[{"@type":"ReadAction","target":["https:\/\/www.electroluxprofessional.com\/dk\/centers-of-excellence-electrolux-professional\/"]}]},{"@type":"ImageObject","inLanguage":"da-DK","@id":"https:\/\/www.electroluxprofessional.com\/dk\/centers-of-excellence-electrolux-professional\/#primaryimage","url":"https:\/\/www.electroluxprofessional.com\/dk\/wp-content\/uploads\/2025\/02\/CoE-kitchen-2-scaled.jpg","contentUrl":"https:\/\/www.electroluxprofessional.com\/dk\/wp-content\/uploads\/2025\/02\/CoE-kitchen-2-scaled.jpg","width":2560,"height":1707},{"@type":"BreadcrumbList","@id":"https:\/\/www.electroluxprofessional.com\/dk\/centers-of-excellence-electrolux-professional\/#breadcrumb","itemListElement":[{"@type":"ListItem","position":1,"name":"Home","item":"https:\/\/www.electroluxprofessional.com\/dk\/"},{"@type":"ListItem","position":2,"name":"Centers of Excellence"}]},{"@type":"WebSite","@id":"https:\/\/www.electroluxprofessional.com\/dk\/#website","url":"https:\/\/www.electroluxprofessional.com\/dk\/","name":"Electrolux Professional Danmark","description":"","potentialAction":[{"@type":"SearchAction","target":{"@type":"EntryPoint","urlTemplate":"https:\/\/www.electroluxprofessional.com\/dk\/?src={search_term_string}"},"query-input":"required name=search_term_string"}],"inLanguage":"da-DK"}]}},"_links":{"self":[{"href":"https:\/\/www.electroluxprofessional.com\/dk\/wp-json\/wp\/v2\/pages\/29169"}],"collection":[{"href":"https:\/\/www.electroluxprofessional.com\/dk\/wp-json\/wp\/v2\/pages"}],"about":[{"href":"https:\/\/www.electroluxprofessional.com\/dk\/wp-json\/wp\/v2\/types\/page"}],"author":[{"embeddable":true,"href":"https:\/\/www.electroluxprofessional.com\/dk\/wp-json\/wp\/v2\/users\/4"}],"replies":[{"embeddable":true,"href":"https:\/\/www.electroluxprofessional.com\/dk\/wp-json\/wp\/v2\/comments?post=29169"}],"version-history":[{"count":8,"href":"https:\/\/www.electroluxprofessional.com\/dk\/wp-json\/wp\/v2\/pages\/29169\/revisions"}],"predecessor-version":[{"id":30689,"href":"https:\/\/www.electroluxprofessional.com\/dk\/wp-json\/wp\/v2\/pages\/29169\/revisions\/30689"}],"wp:featuredmedia":[{"embeddable":true,"href":"https:\/\/www.electroluxprofessional.com\/dk\/wp-json\/wp\/v2\/media\/29153"}],"wp:attachment":[{"href":"https:\/\/www.electroluxprofessional.com\/dk\/wp-json\/wp\/v2\/media?parent=29169"}],"curies":[{"name":"wp","href":"https:\/\/api.w.org\/{rel}","templated":true}]}}