{"id":2914,"date":"2025-09-09T17:37:30","date_gmt":"2025-09-09T17:37:30","guid":{"rendered":"https:\/\/www.electroluxprofessional.com\/dk\/?page_id=2914"},"modified":"2025-09-10T08:29:29","modified_gmt":"2025-09-10T08:29:29","slug":"tunnelopvaskemaskine","status":"publish","type":"page","link":"https:\/\/www.electroluxprofessional.com\/dk\/tunnelopvaskemaskine\/","title":{"rendered":"Tunnelopvaskemaskiner"},"content":{"rendered":"<p>[vc_row full_width=&#8221;electroluxpro-full-width-no-padding&#8221;][vc_column reveal_effect=&#8221;&#8221;][elx_image_block background_image=&#8221;2357&#8243; minimum_height=&#8221;300px&#8221;][\/vc_column][\/vc_row][vc_row css=&#8221;.vc_custom_1612455003263{margin-top: 60px !important;}&#8221;][vc_column][elx_heading font_container=&#8221;h1&#8243; font_size=&#8221;h1&#8243; text_color=&#8221;inherit&#8221; text_align=&#8221;text-left&#8221;]En tunnelopvaskemaskine giver maksimal ydeevne med minimalt vandforbrug[\/elx_heading][\/vc_column][\/vc_row][vc_row][vc_column width=&#8221;1\/2&#8243;][vc_empty_space height=&#8221;72px&#8221;][vc_column_text el_class=&#8221;p-16&#8243;]Til forskel fra traditionelle vaskesystemer, er en Electrolux Professional tunnelopvaskemaskine udstyret med \u201dIdeal Wash System\u201d, \u201dEnergy Saving Device (ESD)\u201d og varmepumpe. Dette g\u00f8r, at du kan spare p\u00e5 vand, str\u00f8m og s\u00e6be, uden at det g\u00e5r ud over maskinens ydeevne.<\/p>\n<p>\u201dIdeal Wash System (IWS)\u201d best\u00e5r af separate zoner for forvask, vask og skylning, hvilket giver de bedste arbejdsbetingelser i hver zone.<\/p>\n<p>Det er s\u00e5 nemt som ingenting. Du s\u00e6tter beskidt service ind i den ene ende af tunnelopvaskemaskinen og tager skinnende rent service ud af den anden ende af tunnelopvaskemaskinen.<\/p>\n<p>Vores tunnelopvaskemaskiner er ideelle til hoteller, restauranter, store kantiner og hospitaler.[\/vc_column_text][\/vc_column][vc_column width=&#8221;1\/2&#8243;][elx_image_block background_image=&#8221;2352&#8243; minimum_height=&#8221;500px&#8221;][\/vc_column][\/vc_row][vc_row][vc_column][vc_empty_space height=&#8221;50px&#8221;][\/vc_column][\/vc_row][vc_row css=&#8221;.vc_custom_1577713082225{margin-bottom: 40px !important;}&#8221;][vc_column width=&#8221;1\/4&#8243;][elx_image_block background_image=&#8221;2353&#8243; minimum_height=&#8221;250px&#8221;][vc_empty_space height=&#8221;15px&#8221;][elx_heading font_container=&#8221;h4&#8243; font_size=&#8221;h4&#8243; text_color=&#8221;inherit&#8221; text_align=&#8221;text-left&#8221;]Ydeevne[\/elx_heading][vc_column_text el_class=&#8221;p-16&#8243;]<\/p>\n<ul>\n<li>Nyt \u201dIdeal Wash System (IWS)\u201d for at optimere resultater<\/li>\n<li>Duo wash konfiguration af vaskepumper<\/li>\n<li>\u201dMaximum Water Contact (MWC)\u201d vaskearme<\/li>\n<\/ul>\n<p>[\/vc_column_text][vc_empty_space][\/vc_column][vc_column width=&#8221;1\/4&#8243;][elx_image_block background_image=&#8221;2354&#8243; minimum_height=&#8221;250px&#8221;][vc_empty_space height=&#8221;15px&#8221;][elx_heading font_container=&#8221;h4&#8243; font_size=&#8221;h4&#8243; text_color=&#8221;inherit&#8221; text_align=&#8221;text-left&#8221;]Reng\u00f8ring[\/elx_heading][vc_column_text el_class=&#8221;p-16&#8243;]<\/p>\n<ul>\n<li>Vaskepumper, der selv dr\u00e6ner<\/li>\n<li>Presset forvaske-, vaske- og skylletank<\/li>\n<li>Inspektionslem i hver zone<\/li>\n<\/ul>\n<p>[\/vc_column_text][vc_empty_space][\/vc_column][vc_column width=&#8221;1\/4&#8243;][elx_image_block background_image=&#8221;2355&#8243; minimum_height=&#8221;250px&#8221;][vc_empty_space height=&#8221;15px&#8221;][elx_heading font_container=&#8221;h4&#8243; font_size=&#8221;h4&#8243; text_color=&#8221;inherit&#8221; text_align=&#8221;text-left&#8221;]Besparelse [\/elx_heading][vc_column_text el_class=&#8221;p-16&#8243;]<\/p>\n<ul>\n<li>Duo rinse g\u00f8r, at du kan spare 50% p\u00e5 vandforbruget<\/li>\n<li>Separat zone til forvask, hvor store m\u00e6ngder af koldt vand ikke er n\u00f8dvendigt<\/li>\n<li>Spar op til 75% af dit normale s\u00e6beforbrug<\/li>\n<\/ul>\n<p>[\/vc_column_text][vc_empty_space][\/vc_column][vc_column width=&#8221;1\/4&#8243;][elx_image_block background_image=&#8221;2356&#8243; minimum_height=&#8221;250px&#8221;][vc_empty_space height=&#8221;15px&#8221;][elx_heading font_container=&#8221;h4&#8243; font_size=&#8221;h4&#8243; text_color=&#8221;inherit&#8221; text_align=&#8221;text-left&#8221;]Ergonomi[\/elx_heading][vc_column_text el_class=&#8221;p-16&#8243;]<\/p>\n<ul>\n<li>D\u00f8re med skum<\/li>\n<li>T\u00f8rring ved lave temperaturer<\/li>\n<li>Store h\u00e5ndtag p\u00e5 d\u00f8re<\/li>\n<\/ul>\n<p>[\/vc_column_text][vc_empty_space][\/vc_column][\/vc_row][vc_row css=&#8221;.vc_custom_1612457299467{margin-top: 40px !important;padding-top: 32px !important;padding-bottom: 40px !important;}&#8221; el_class=&#8221;grad1&#8243;][vc_column][vc_row_inner gap=&#8221;30&#8243;][vc_column_inner width=&#8221;1\/3&#8243;][elx_heading font_container=&#8221;h4&#8243; font_size=&#8221;h4&#8243; text_color=&#8221;electrolux-blue&#8221; text_align=&#8221;text-left&#8221;]Forvask[\/elx_heading][vc_column_text el_class=&#8221;p-16&#8243;]Denne zone indeholder typisk det mest beskidte vand i tunnelopvaskemaskinen og danner grundlag for et perfekt vaskeresultat. Electrolux\u2019s zone til forvask er fuldst\u00e6ndig adskilt fra den varme og s\u00e6betilf\u00f8rte vaskezone, og bruger kun frisk koldt vand for at forhindre, at proteinbaserede madrester sidder fast p\u00e5 tallerknerne.[\/vc_column_text][\/vc_column_inner][vc_column_inner width=&#8221;1\/3&#8243;][elx_heading font_container=&#8221;h4&#8243; font_size=&#8221;h4&#8243; text_color=&#8221;inherit&#8221; text_align=&#8221;text-left&#8221;]Vask[\/elx_heading][vc_column_text el_class=&#8221;p-16&#8243;]Vaskezoner er adskilt fra b\u00e5de forvask og skyllezonen. Denne zone er helt fri for skyllemiddel, som typisk h\u00e6mmer s\u00e6bens vaskemiddel. Resultatet er et mindre forbrug af s\u00e6be.[\/vc_column_text][\/vc_column_inner][vc_column_inner width=&#8221;1\/3&#8243;][elx_heading font_container=&#8221;h4&#8243; font_size=&#8221;h4&#8243; text_color=&#8221;duck-egg&#8221; text_align=&#8221;text-left&#8221;]Skylning[\/elx_heading][vc_column_text el_class=&#8221;p-16&#8243;]Sikrer, at s\u00e6ben fjernes 100% med et minimalt forbrug af vand.[\/vc_column_text][vc_empty_space height=&#8221;10px&#8221;][\/vc_column_inner][\/vc_row_inner][\/vc_column][\/vc_row][vc_row css=&#8221;.vc_custom_1612453878797{margin-top: 60px !important;}&#8221;][vc_column width=&#8221;8\/12&#8243;][elx_heading font_container=&#8221;h4&#8243; font_size=&#8221;h4&#8243; text_color=&#8221;inherit&#8221; text_align=&#8221;text-left&#8221; css=&#8221;.vc_custom_1553012624289{padding-left: 10px !important;}&#8221;]Find ud af, hvad en tunnelopvaskemaskine fra Electrolux Professional kan g\u00f8re for din virksomhed[\/elx_heading][vc_row_inner][vc_column_inner width=&#8221;8\/12&#8243; css=&#8221;.vc_custom_1552773368536{margin-right: -20px !important;margin-left: -15px !important;}&#8221;][vc_empty_space height=&#8221;14px&#8221; css=&#8221;.vc_custom_1553013397325{padding-left: 10px !important;}&#8221;][elx_o2000_contact_us s=&#8221;Request of information about Rack Type dishwashers&#8221; container=&#8221;elxcontactus1479826860&#8243; r=&#8221;Jeg vil gerne vide mere om tunnelopvaskemaskiner. Kontakt mig venligst.&#8221; l=&#8221;dk&#8221;][\/vc_column_inner][vc_column_inner width=&#8221;4\/12&#8243;][vc_empty_space][\/vc_column_inner][\/vc_row_inner][\/vc_column][vc_column width=&#8221;4\/12&#8243;][vc_empty_space height=&#8221;100px&#8221; css=&#8221;.vc_custom_1553013324530{padding-left: 10px !important;}&#8221;][vc_column_text css=&#8221;.vc_custom_1553012384970{margin-top: 10px !important;margin-bottom: 10px !important;}&#8221; el_class=&#8221;p-16&#8243;]<\/p>\n<p style=\"line-height: 1.2em;\">For mere information om tunnelopvaskemaskiner, se pdf:<\/p>\n<p>[\/vc_column_text][vc_empty_space height=&#8221;20px&#8221; css=&#8221;.vc_custom_1581518648894{padding-left: 10px !important;}&#8221;][elx_download_block text=&#8221;Modulopbygget tunnelopvaskemaskine&#8221; file_picker=&#8221;19060&#8243; background_color=&#8221;customer-care&#8221; reveal_effect=&#8221;&#8221; reveal_duration=&#8221;&#8221; reveal_delay=&#8221;&#8221;][elx_download_block text=&#8221;Kompakt tunnelopvaskemaskine&#8221; file_picker=&#8221;19061&#8243; background_color=&#8221;customer-care&#8221; reveal_effect=&#8221;&#8221; reveal_duration=&#8221;&#8221; reveal_delay=&#8221;&#8221;][elx_download_block text=&#8221;Vandbehandling&#8221; link=&#8221;files.professional.electrolux.com\/docs\/?n=CLF-9JER12&amp;b=5&amp;l=1&#8243; background_color=&#8221;customer-care&#8221; reveal_effect=&#8221;&#8221; reveal_duration=&#8221;&#8221; reveal_delay=&#8221;&#8221;][\/vc_column][\/vc_row][vc_row disable_element=&#8221;yes&#8221;][vc_column][vc_empty_space height=&#8221;50px&#8221;][elx_heading font_size=&#8221;h3&#8243; text_color=&#8221;inherit&#8221; text_align=&#8221;text-center&#8221;]Find den ideelle l\u00f8sning til din virksomhed[\/elx_heading][\/vc_column][\/vc_row][vc_row disable_element=&#8221;yes&#8221;][vc_column width=&#8221;1\/3&#8243;][elx_maylike_box id_box=&#8221;740&#8243;][\/vc_column][vc_column width=&#8221;1\/3&#8243;][elx_maylike_box id_box=&#8221;337&#8243;][\/vc_column][vc_column width=&#8221;1\/3&#8243;][elx_maylike_box id_box=&#8221;374&#8243;][\/vc_column][\/vc_row][vc_row][vc_column][vc_empty_space height=&#8221;50px&#8221;][\/vc_column][\/vc_row]<\/p>\n","protected":false},"excerpt":{"rendered":"<p>[vc_row full_width=&#8221;electroluxpro-full-width-no-padding&#8221;][vc_column reveal_effect=&#8221;&#8221;][elx_image_block background_image=&#8221;2357&#8243; minimum_height=&#8221;300px&#8221;][\/vc_column][\/vc_row][vc_row css=&#8221;.vc_custom_1612455003263{margin-top: 60px !important;}&#8221;][vc_column][elx_heading font_container=&#8221;h1&#8243; font_size=&#8221;h1&#8243; text_color=&#8221;inherit&#8221; text_align=&#8221;text-left&#8221;]En tunnelopvaskemaskine giver maksimal ydeevne med minimalt vandforbrug[\/elx_heading][\/vc_column][\/vc_row][vc_row][vc_column width=&#8221;1\/2&#8243;][vc_empty_space height=&#8221;72px&#8221;][vc_column_text el_class=&#8221;p-16&#8243;]Til forskel fra traditionelle vaskesystemer, er en Electrolux Professional tunnelopvaskemaskine udstyret med \u201dIdeal Wash System\u201d, \u201dEnergy Saving Device (ESD)\u201d og varmepumpe. Dette g\u00f8r, at du kan spare p\u00e5 vand, str\u00f8m og s\u00e6be, uden at [&hellip;]<\/p>\n","protected":false},"author":5,"featured_media":0,"parent":0,"menu_order":0,"comment_status":"closed","ping_status":"closed","template":"","meta":{"footnotes":""},"class_list":["post-2914","page","type-page","status-publish","hentry"],"acf":[],"yoast_head":"<!-- This site is optimized with the Yoast SEO plugin v23.3 - https:\/\/yoast.com\/wordpress\/plugins\/seo\/ -->\n<title>Professionel tunnelopvaskemaskine \u2013 Electrolux Professional<\/title>\n<meta name=\"description\" content=\"Til forskel fra traditionelle vaskesystemer, er en Electrolux Professional tunnelopvaskemaskine udstyret med \u201dIdeal Wash System\u201d, \u201dEnergy Saving Device (ESD)\u201d og varmepumpe. Dette g\u00f8r, at du kan spare p\u00e5 vand, str\u00f8m og s\u00e6be, uden at det g\u00e5r ud over maskinens ydeevne.\" \/>\n<meta name=\"robots\" content=\"index, follow, max-snippet:-1, max-image-preview:large, max-video-preview:-1\" \/>\n<link rel=\"canonical\" href=\"https:\/\/www.electroluxprofessional.com\/dk\/tunnelopvaskemaskine\/\" \/>\n<meta property=\"og:locale\" content=\"da_DK\" \/>\n<meta property=\"og:type\" content=\"article\" \/>\n<meta property=\"og:title\" content=\"Professionel tunnelopvaskemaskine \u2013 Electrolux Professional\" \/>\n<meta property=\"og:description\" content=\"Til forskel fra traditionelle vaskesystemer, er en Electrolux Professional tunnelopvaskemaskine udstyret med \u201dIdeal Wash System\u201d, \u201dEnergy Saving Device (ESD)\u201d og varmepumpe. Dette g\u00f8r, at du kan spare p\u00e5 vand, str\u00f8m og s\u00e6be, uden at det g\u00e5r ud over maskinens ydeevne.\" \/>\n<meta property=\"og:url\" content=\"https:\/\/www.electroluxprofessional.com\/dk\/tunnelopvaskemaskine\/\" \/>\n<meta property=\"og:site_name\" content=\"Electrolux Professional Danmark\" \/>\n<meta property=\"article:modified_time\" content=\"2025-09-10T08:29:29+00:00\" \/>\n<meta name=\"twitter:card\" content=\"summary_large_image\" \/>\n<meta name=\"twitter:label1\" content=\"Estimeret l\u00e6setid\" \/>\n\t<meta name=\"twitter:data1\" content=\"4 minutter\" \/>\n<script type=\"application\/ld+json\" class=\"yoast-schema-graph\">{\"@context\":\"https:\/\/schema.org\",\"@graph\":[{\"@type\":\"WebPage\",\"@id\":\"https:\/\/www.electroluxprofessional.com\/dk\/tunnelopvaskemaskine\/\",\"url\":\"https:\/\/www.electroluxprofessional.com\/dk\/tunnelopvaskemaskine\/\",\"name\":\"Professionel tunnelopvaskemaskine \u2013 Electrolux Professional\",\"isPartOf\":{\"@id\":\"https:\/\/www.electroluxprofessional.com\/dk\/#website\"},\"datePublished\":\"2025-09-09T17:37:30+00:00\",\"dateModified\":\"2025-09-10T08:29:29+00:00\",\"description\":\"Til forskel fra traditionelle vaskesystemer, er en Electrolux Professional tunnelopvaskemaskine udstyret med \u201dIdeal Wash System\u201d, \u201dEnergy Saving Device (ESD)\u201d og varmepumpe. Dette g\u00f8r, at du kan spare p\u00e5 vand, str\u00f8m og s\u00e6be, uden at det g\u00e5r ud over maskinens ydeevne.\",\"breadcrumb\":{\"@id\":\"https:\/\/www.electroluxprofessional.com\/dk\/tunnelopvaskemaskine\/#breadcrumb\"},\"inLanguage\":\"da-DK\",\"potentialAction\":[{\"@type\":\"ReadAction\",\"target\":[\"https:\/\/www.electroluxprofessional.com\/dk\/tunnelopvaskemaskine\/\"]}]},{\"@type\":\"BreadcrumbList\",\"@id\":\"https:\/\/www.electroluxprofessional.com\/dk\/tunnelopvaskemaskine\/#breadcrumb\",\"itemListElement\":[{\"@type\":\"ListItem\",\"position\":1,\"name\":\"Home\",\"item\":\"https:\/\/www.electroluxprofessional.com\/dk\/\"},{\"@type\":\"ListItem\",\"position\":2,\"name\":\"Tunnelopvaskemaskiner\"}]},{\"@type\":\"WebSite\",\"@id\":\"https:\/\/www.electroluxprofessional.com\/dk\/#website\",\"url\":\"https:\/\/www.electroluxprofessional.com\/dk\/\",\"name\":\"Electrolux Professional Danmark\",\"description\":\"\",\"potentialAction\":[{\"@type\":\"SearchAction\",\"target\":{\"@type\":\"EntryPoint\",\"urlTemplate\":\"https:\/\/www.electroluxprofessional.com\/dk\/?src={search_term_string}\"},\"query-input\":\"required name=search_term_string\"}],\"inLanguage\":\"da-DK\"}]}<\/script>\n<!-- \/ Yoast SEO plugin. -->","yoast_head_json":{"title":"Professionel tunnelopvaskemaskine \u2013 Electrolux Professional","description":"Til forskel fra traditionelle vaskesystemer, er en Electrolux Professional tunnelopvaskemaskine udstyret med \u201dIdeal Wash System\u201d, \u201dEnergy Saving Device (ESD)\u201d og varmepumpe. Dette g\u00f8r, at du kan spare p\u00e5 vand, str\u00f8m og s\u00e6be, uden at det g\u00e5r ud over maskinens ydeevne.","robots":{"index":"index","follow":"follow","max-snippet":"max-snippet:-1","max-image-preview":"max-image-preview:large","max-video-preview":"max-video-preview:-1"},"canonical":"https:\/\/www.electroluxprofessional.com\/dk\/tunnelopvaskemaskine\/","og_locale":"da_DK","og_type":"article","og_title":"Professionel tunnelopvaskemaskine \u2013 Electrolux Professional","og_description":"Til forskel fra traditionelle vaskesystemer, er en Electrolux Professional tunnelopvaskemaskine udstyret med \u201dIdeal Wash System\u201d, \u201dEnergy Saving Device (ESD)\u201d og varmepumpe. Dette g\u00f8r, at du kan spare p\u00e5 vand, str\u00f8m og s\u00e6be, uden at det g\u00e5r ud over maskinens ydeevne.","og_url":"https:\/\/www.electroluxprofessional.com\/dk\/tunnelopvaskemaskine\/","og_site_name":"Electrolux Professional Danmark","article_modified_time":"2025-09-10T08:29:29+00:00","twitter_card":"summary_large_image","twitter_misc":{"Estimeret l\u00e6setid":"4 minutter"},"schema":{"@context":"https:\/\/schema.org","@graph":[{"@type":"WebPage","@id":"https:\/\/www.electroluxprofessional.com\/dk\/tunnelopvaskemaskine\/","url":"https:\/\/www.electroluxprofessional.com\/dk\/tunnelopvaskemaskine\/","name":"Professionel tunnelopvaskemaskine \u2013 Electrolux Professional","isPartOf":{"@id":"https:\/\/www.electroluxprofessional.com\/dk\/#website"},"datePublished":"2025-09-09T17:37:30+00:00","dateModified":"2025-09-10T08:29:29+00:00","description":"Til forskel fra traditionelle vaskesystemer, er en Electrolux Professional tunnelopvaskemaskine udstyret med \u201dIdeal Wash System\u201d, \u201dEnergy Saving Device (ESD)\u201d og varmepumpe. Dette g\u00f8r, at du kan spare p\u00e5 vand, str\u00f8m og s\u00e6be, uden at det g\u00e5r ud over maskinens ydeevne.","breadcrumb":{"@id":"https:\/\/www.electroluxprofessional.com\/dk\/tunnelopvaskemaskine\/#breadcrumb"},"inLanguage":"da-DK","potentialAction":[{"@type":"ReadAction","target":["https:\/\/www.electroluxprofessional.com\/dk\/tunnelopvaskemaskine\/"]}]},{"@type":"BreadcrumbList","@id":"https:\/\/www.electroluxprofessional.com\/dk\/tunnelopvaskemaskine\/#breadcrumb","itemListElement":[{"@type":"ListItem","position":1,"name":"Home","item":"https:\/\/www.electroluxprofessional.com\/dk\/"},{"@type":"ListItem","position":2,"name":"Tunnelopvaskemaskiner"}]},{"@type":"WebSite","@id":"https:\/\/www.electroluxprofessional.com\/dk\/#website","url":"https:\/\/www.electroluxprofessional.com\/dk\/","name":"Electrolux Professional Danmark","description":"","potentialAction":[{"@type":"SearchAction","target":{"@type":"EntryPoint","urlTemplate":"https:\/\/www.electroluxprofessional.com\/dk\/?src={search_term_string}"},"query-input":"required name=search_term_string"}],"inLanguage":"da-DK"}]}},"_links":{"self":[{"href":"https:\/\/www.electroluxprofessional.com\/dk\/wp-json\/wp\/v2\/pages\/2914"}],"collection":[{"href":"https:\/\/www.electroluxprofessional.com\/dk\/wp-json\/wp\/v2\/pages"}],"about":[{"href":"https:\/\/www.electroluxprofessional.com\/dk\/wp-json\/wp\/v2\/types\/page"}],"author":[{"embeddable":true,"href":"https:\/\/www.electroluxprofessional.com\/dk\/wp-json\/wp\/v2\/users\/5"}],"replies":[{"embeddable":true,"href":"https:\/\/www.electroluxprofessional.com\/dk\/wp-json\/wp\/v2\/comments?post=2914"}],"version-history":[{"count":19,"href":"https:\/\/www.electroluxprofessional.com\/dk\/wp-json\/wp\/v2\/pages\/2914\/revisions"}],"predecessor-version":[{"id":30419,"href":"https:\/\/www.electroluxprofessional.com\/dk\/wp-json\/wp\/v2\/pages\/2914\/revisions\/30419"}],"wp:attachment":[{"href":"https:\/\/www.electroluxprofessional.com\/dk\/wp-json\/wp\/v2\/media?parent=2914"}],"curies":[{"name":"wp","href":"https:\/\/api.w.org\/{rel}","templated":true}]}}