{"id":2908,"date":"2025-09-11T10:25:30","date_gmt":"2025-09-11T10:25:30","guid":{"rendered":"https:\/\/www.electroluxprofessional.com\/dk\/?page_id=2908"},"modified":"2025-11-05T17:54:36","modified_gmt":"2025-11-05T17:54:36","slug":"fryserum","status":"publish","type":"page","link":"https:\/\/www.electroluxprofessional.com\/dk\/fryserum\/","title":{"rendered":"K\u00f8le-fryserum"},"content":{"rendered":"<p>[vc_row full_width=&#8221;electroluxpro-full-width-no-padding&#8221;][vc_column][elx_image_block background_image=&#8221;15723&#8243; minimum_height=&#8221;400px&#8221;][\/vc_column][\/vc_row][vc_row][vc_column][vc_empty_space height=&#8221;50px&#8221;][elx_heading font_container=&#8221;h1&#8243; font_size=&#8221;h1&#8243; text_color=&#8221;inherit&#8221; text_align=&#8221;text-left&#8221;]K\u00f8le- og fryserum \u2013 til alle behov[\/elx_heading][\/vc_column][\/vc_row][vc_row][vc_column width=&#8221;7\/12&#8243;][vc_empty_space height=&#8221;64px&#8221;][vc_column_text el_class=&#8221;p-16&#8243;]K\u00f8le- fryserum fra Electrolux Professional findes i mange forskellige st\u00f8rrelser og med forskellige funktioner. De er designet til at virke i temperaturer p\u00e5 helt\u00a0op til\u00a0+43\u00baC. Serien best\u00e5r af k\u00f8le- fryserum (-18\/-20\u00baC). Med indbygget kompressor samt uden kompressor.<\/p>\n<p>Electrolux som brand er b\u00e5ret af b\u00e6redygtighed, og sigter derfor altid efter bedre l\u00f8sninger. Derfor afrimes vores k\u00f8le- fryserum afrimes ved hj\u00e6lp af den nyeste teknologi. Dette g\u00f8r, at du kan <strong>spare p\u00e5 det samlede energiforbrug<\/strong>, idet afrimningen tager kortere tid og du undg\u00e5r un\u00f8dvendig opvarmning af k\u00f8lerummet.<\/p>\n<p>Ekspertviden inden for k\u00f8l er ikke en foruds\u00e6tning for at kunne montere k\u00f8lerummet.<\/p>\n<p>Ved at benytte sig af et k\u00f8le- fryserum, kan du optimere din plads og arbejdsgang.<\/p>\n<p><strong>Ekstra b\u00e6redygtigt<br \/>\n<\/strong>Electrolux Professional udvikler b\u00e6redygtige virksomheder og milj\u00f8venlige l\u00f8sninger gennem innovation<\/p>\n<p><strong>Electrolux Professional driver udviklingen ved at v\u00e6re en af de f\u00f8rste p\u00e5 markedet med h\u00f8j-effektiv R290 l\u00f8sninger<br \/>\n<\/strong>R290 gas mindsker milj\u00f8ets p\u00e5virkning og har en mindre aggressiv p\u00e5virkning p\u00e5 k\u00f8leskabets delelementer, end traditionel gas[\/vc_column_text][\/vc_column][vc_column width=&#8221;1\/12&#8243;][vc_empty_space][\/vc_column][vc_column width=&#8221;4\/12&#8243;][vc_empty_space height=&#8221;70px&#8221;][vc_single_image image=&#8221;2412&#8243; img_size=&#8221;full&#8221;][vc_column_text el_class=&#8221;p-16-white&#8221; css=&#8221;.vc_custom_1582618630071{margin-top: 15px !important;padding-top: 5px !important;padding-right: 15px !important;padding-bottom: 15px !important;padding-left: 15px !important;background-color: #cea941 !important;}&#8221;]<\/p>\n<h6 style=\"text-align: center;\"><a style=\"color: #fff;\" href=\"https:\/\/www.electroluxprofessional.com\/dk\/fryserum\/#fryserumprodukter\">FIND FRYSERUM TIL DIT K\u00d8KKEN \u203a<\/a><\/h6>\n<p>[\/vc_column_text][\/vc_column][\/vc_row][vc_row][vc_column][vc_empty_space][vc_empty_space height=&#8221;12px&#8221;][elx_heading font_size=&#8221;h1&#8243; text_color=&#8221;inherit&#8221; text_align=&#8221;text-center&#8221;]Find flere l\u00f8sninger til din virksomhed[\/elx_heading][\/vc_column][\/vc_row][vc_row css=&#8221;.vc_custom_1582619065225{margin-top: 32px !important;padding-top: 0px !important;}&#8221;][vc_column width=&#8221;1\/3&#8243;][elx_video_block background_image=&#8221;14525&#8243; video_link=&#8221;https:\/\/www.youtube.com\/watch?v=RRN6Tvqfkl8&amp;feature=emb_logo&#8221; minimum_height=&#8221;200px&#8221;][vc_empty_space height=&#8221;20px&#8221;][elx_heading font_container=&#8221;h4&#8243; text_color=&#8221;inherit&#8221; css=&#8221;.vc_custom_1581519806240{padding-top: 12px !important;padding-bottom: 0px !important;}&#8221;]SkyLine Cook &amp; Chill[\/elx_heading][vc_column_text el_class=&#8221;p-16&#8243; css=&#8221;.vc_custom_1581519862224{margin-top: 0px !important;}&#8221;]Med SkyLine industriovn og bl\u00e6stk\u00f8ler tilbereder du maden enkelt og intuitivt. Og du forbedrer b\u00e5de arbejdsgangen og madens kvalitet.<br \/>\n<a href=\"https:\/\/www.electroluxprofessional.com\/dk\/industriovn-skyline-cook-chill\/\">Se dine muligheder<\/a>[\/vc_column_text][vc_empty_space][\/vc_column][vc_column width=&#8221;1\/3&#8243;][elx_video_block background_image=&#8221;8623&#8243; video_link=&#8221;https:\/\/www.youtube.com\/watch?time_continue=6&amp;v=aKQRPw9_TwY&#8221; minimum_height=&#8221;200px&#8221;][vc_empty_space height=&#8221;20px&#8221;][elx_heading font_container=&#8221;h4&#8243; text_color=&#8221;inherit&#8221;]Automatisk pastakoger[\/elx_heading][vc_column_text el_class=&#8221;p-16&#8243;]Smart pastakoger til frisk, t\u00f8rret eller frossen pasta. Kurvene s\u00e6nkes og h\u00e6ves automatisk n\u00e5r pastaen er klar.<br \/>\n<a href=\"https:\/\/www.youtube.com\/watch?time_continue=4&amp;v=aKQRPw9_TwY\">Se video<\/a>[\/vc_column_text][vc_empty_space][\/vc_column][vc_column width=&#8221;1\/3&#8243;][vc_single_image image=&#8221;14782&#8243; img_size=&#8221;400&#215;222&#8243; alignment=&#8221;center&#8221; css=&#8221;.vc_custom_1581521464354{margin-bottom: 32px !important;}&#8221;][elx_heading font_container=&#8221;h4&#8243; text_color=&#8221;inherit&#8221;]Total k\u00f8kkenindretning[\/elx_heading][vc_column_text el_class=&#8221;p-16&#8243;]Electrolux Professional har koge-stege udstyr til en hver smag. Du kan v\u00e6lge mellem tre serier: XP, thermaline og Molteni.<br \/>\n<a href=\"https:\/\/www.electroluxprofessional.com\/dk\/professionelt-koekkenudstyr\/\">Se dine muligheder<\/a>[\/vc_column_text][\/vc_column][\/vc_row][vc_row matched_labels=&#8221;&#8221; css=&#8221;.vc_custom_1666167723124{margin-top: 40px !important;}&#8221;][vc_column matched_labels=&#8221;&#8221; css=&#8221;.vc_custom_1666167736866{border-top-width: 1px !important;padding-top: 60px !important;border-top-color: #041e41 !important;border-top-style: solid !important;}&#8221;][vc_empty_space][elx_heading font_size=&#8221;h2&#8243; text_color=&#8221;inherit&#8221; text_align=&#8221;text-center&#8221; css=&#8221;.vc_custom_1666167802726{margin-top: 40px !important;}&#8221;]Find ud af hvad vores k\u00f8le- fryserum kan g\u00f8re for din virksomhed[\/elx_heading][vc_empty_space][elx_o2000_contact_us r=&#8221;Jeg vil gerne h\u00f8re mere om jeres k\u00f8lerum. Kontakt mig venligst&#8221; s=&#8221;Mere om k\u00f8lerum&#8221; country=&#8221;Denmark&#8221; b=&#8221;food&#8221;][vc_empty_space][\/vc_column][\/vc_row]<\/p>\n","protected":false},"excerpt":{"rendered":"<p>[vc_row full_width=&#8221;electroluxpro-full-width-no-padding&#8221;][vc_column][elx_image_block background_image=&#8221;15723&#8243; minimum_height=&#8221;400px&#8221;][\/vc_column][\/vc_row][vc_row][vc_column][vc_empty_space height=&#8221;50px&#8221;][elx_heading font_container=&#8221;h1&#8243; font_size=&#8221;h1&#8243; text_color=&#8221;inherit&#8221; text_align=&#8221;text-left&#8221;]K\u00f8le- og fryserum \u2013 til alle behov[\/elx_heading][\/vc_column][\/vc_row][vc_row][vc_column width=&#8221;7\/12&#8243;][vc_empty_space height=&#8221;64px&#8221;][vc_column_text el_class=&#8221;p-16&#8243;]K\u00f8le- fryserum fra Electrolux Professional findes i mange forskellige st\u00f8rrelser og med forskellige funktioner. De er designet til at virke i temperaturer p\u00e5 helt\u00a0op til\u00a0+43\u00baC. Serien best\u00e5r af k\u00f8le- fryserum (-18\/-20\u00baC). Med indbygget kompressor samt uden kompressor. Electrolux [&hellip;]<\/p>\n","protected":false},"author":5,"featured_media":0,"parent":0,"menu_order":0,"comment_status":"closed","ping_status":"closed","template":"","meta":{"footnotes":""},"class_list":["post-2908","page","type-page","status-publish","hentry"],"acf":[],"yoast_head":"<!-- This site is optimized with the Yoast SEO plugin v23.3 - https:\/\/yoast.com\/wordpress\/plugins\/seo\/ -->\n<title>Fryserum og k\u00f8lerum til alle behov<\/title>\n<meta name=\"description\" content=\"Vores k\u00f8lerum afrimes ved hj\u00e6lp af nyeste teknologi. S\u00e5 sparer du p\u00e5 det samlede energiforbrug. Serien best\u00e5r af k\u00f8le- fryserum (-18\/-20\u00baC).\" \/>\n<meta name=\"robots\" content=\"index, follow, max-snippet:-1, max-image-preview:large, max-video-preview:-1\" \/>\n<link rel=\"canonical\" href=\"https:\/\/www.electroluxprofessional.com\/dk\/fryserum\/\" \/>\n<meta property=\"og:locale\" content=\"da_DK\" \/>\n<meta property=\"og:type\" content=\"article\" \/>\n<meta property=\"og:title\" content=\"Fryserum og k\u00f8lerum til alle behov\" \/>\n<meta property=\"og:description\" content=\"Vores k\u00f8lerum afrimes ved hj\u00e6lp af nyeste teknologi. S\u00e5 sparer du p\u00e5 det samlede energiforbrug. Serien best\u00e5r af k\u00f8le- fryserum (-18\/-20\u00baC).\" \/>\n<meta property=\"og:url\" content=\"https:\/\/www.electroluxprofessional.com\/dk\/fryserum\/\" \/>\n<meta property=\"og:site_name\" content=\"Electrolux Professional Danmark\" \/>\n<meta property=\"article:modified_time\" content=\"2025-11-05T17:54:36+00:00\" \/>\n<meta name=\"twitter:card\" content=\"summary_large_image\" \/>\n<meta name=\"twitter:label1\" content=\"Estimeret l\u00e6setid\" \/>\n\t<meta name=\"twitter:data1\" content=\"3 minutter\" \/>\n<script type=\"application\/ld+json\" class=\"yoast-schema-graph\">{\"@context\":\"https:\/\/schema.org\",\"@graph\":[{\"@type\":\"WebPage\",\"@id\":\"https:\/\/www.electroluxprofessional.com\/dk\/fryserum\/\",\"url\":\"https:\/\/www.electroluxprofessional.com\/dk\/fryserum\/\",\"name\":\"Fryserum og k\u00f8lerum til alle behov\",\"isPartOf\":{\"@id\":\"https:\/\/www.electroluxprofessional.com\/dk\/#website\"},\"datePublished\":\"2025-09-11T10:25:30+00:00\",\"dateModified\":\"2025-11-05T17:54:36+00:00\",\"description\":\"Vores k\u00f8lerum afrimes ved hj\u00e6lp af nyeste teknologi. S\u00e5 sparer du p\u00e5 det samlede energiforbrug. Serien best\u00e5r af k\u00f8le- fryserum (-18\/-20\u00baC).\",\"breadcrumb\":{\"@id\":\"https:\/\/www.electroluxprofessional.com\/dk\/fryserum\/#breadcrumb\"},\"inLanguage\":\"da-DK\",\"potentialAction\":[{\"@type\":\"ReadAction\",\"target\":[\"https:\/\/www.electroluxprofessional.com\/dk\/fryserum\/\"]}]},{\"@type\":\"BreadcrumbList\",\"@id\":\"https:\/\/www.electroluxprofessional.com\/dk\/fryserum\/#breadcrumb\",\"itemListElement\":[{\"@type\":\"ListItem\",\"position\":1,\"name\":\"Home\",\"item\":\"https:\/\/www.electroluxprofessional.com\/dk\/\"},{\"@type\":\"ListItem\",\"position\":2,\"name\":\"K\u00f8le-fryserum\"}]},{\"@type\":\"WebSite\",\"@id\":\"https:\/\/www.electroluxprofessional.com\/dk\/#website\",\"url\":\"https:\/\/www.electroluxprofessional.com\/dk\/\",\"name\":\"Electrolux Professional Danmark\",\"description\":\"\",\"potentialAction\":[{\"@type\":\"SearchAction\",\"target\":{\"@type\":\"EntryPoint\",\"urlTemplate\":\"https:\/\/www.electroluxprofessional.com\/dk\/?src={search_term_string}\"},\"query-input\":\"required name=search_term_string\"}],\"inLanguage\":\"da-DK\"}]}<\/script>\n<!-- \/ Yoast SEO plugin. -->","yoast_head_json":{"title":"Fryserum og k\u00f8lerum til alle behov","description":"Vores k\u00f8lerum afrimes ved hj\u00e6lp af nyeste teknologi. S\u00e5 sparer du p\u00e5 det samlede energiforbrug. Serien best\u00e5r af k\u00f8le- fryserum (-18\/-20\u00baC).","robots":{"index":"index","follow":"follow","max-snippet":"max-snippet:-1","max-image-preview":"max-image-preview:large","max-video-preview":"max-video-preview:-1"},"canonical":"https:\/\/www.electroluxprofessional.com\/dk\/fryserum\/","og_locale":"da_DK","og_type":"article","og_title":"Fryserum og k\u00f8lerum til alle behov","og_description":"Vores k\u00f8lerum afrimes ved hj\u00e6lp af nyeste teknologi. S\u00e5 sparer du p\u00e5 det samlede energiforbrug. Serien best\u00e5r af k\u00f8le- fryserum (-18\/-20\u00baC).","og_url":"https:\/\/www.electroluxprofessional.com\/dk\/fryserum\/","og_site_name":"Electrolux Professional Danmark","article_modified_time":"2025-11-05T17:54:36+00:00","twitter_card":"summary_large_image","twitter_misc":{"Estimeret l\u00e6setid":"3 minutter"},"schema":{"@context":"https:\/\/schema.org","@graph":[{"@type":"WebPage","@id":"https:\/\/www.electroluxprofessional.com\/dk\/fryserum\/","url":"https:\/\/www.electroluxprofessional.com\/dk\/fryserum\/","name":"Fryserum og k\u00f8lerum til alle behov","isPartOf":{"@id":"https:\/\/www.electroluxprofessional.com\/dk\/#website"},"datePublished":"2025-09-11T10:25:30+00:00","dateModified":"2025-11-05T17:54:36+00:00","description":"Vores k\u00f8lerum afrimes ved hj\u00e6lp af nyeste teknologi. S\u00e5 sparer du p\u00e5 det samlede energiforbrug. Serien best\u00e5r af k\u00f8le- fryserum (-18\/-20\u00baC).","breadcrumb":{"@id":"https:\/\/www.electroluxprofessional.com\/dk\/fryserum\/#breadcrumb"},"inLanguage":"da-DK","potentialAction":[{"@type":"ReadAction","target":["https:\/\/www.electroluxprofessional.com\/dk\/fryserum\/"]}]},{"@type":"BreadcrumbList","@id":"https:\/\/www.electroluxprofessional.com\/dk\/fryserum\/#breadcrumb","itemListElement":[{"@type":"ListItem","position":1,"name":"Home","item":"https:\/\/www.electroluxprofessional.com\/dk\/"},{"@type":"ListItem","position":2,"name":"K\u00f8le-fryserum"}]},{"@type":"WebSite","@id":"https:\/\/www.electroluxprofessional.com\/dk\/#website","url":"https:\/\/www.electroluxprofessional.com\/dk\/","name":"Electrolux Professional Danmark","description":"","potentialAction":[{"@type":"SearchAction","target":{"@type":"EntryPoint","urlTemplate":"https:\/\/www.electroluxprofessional.com\/dk\/?src={search_term_string}"},"query-input":"required name=search_term_string"}],"inLanguage":"da-DK"}]}},"_links":{"self":[{"href":"https:\/\/www.electroluxprofessional.com\/dk\/wp-json\/wp\/v2\/pages\/2908"}],"collection":[{"href":"https:\/\/www.electroluxprofessional.com\/dk\/wp-json\/wp\/v2\/pages"}],"about":[{"href":"https:\/\/www.electroluxprofessional.com\/dk\/wp-json\/wp\/v2\/types\/page"}],"author":[{"embeddable":true,"href":"https:\/\/www.electroluxprofessional.com\/dk\/wp-json\/wp\/v2\/users\/5"}],"replies":[{"embeddable":true,"href":"https:\/\/www.electroluxprofessional.com\/dk\/wp-json\/wp\/v2\/comments?post=2908"}],"version-history":[{"count":16,"href":"https:\/\/www.electroluxprofessional.com\/dk\/wp-json\/wp\/v2\/pages\/2908\/revisions"}],"predecessor-version":[{"id":30769,"href":"https:\/\/www.electroluxprofessional.com\/dk\/wp-json\/wp\/v2\/pages\/2908\/revisions\/30769"}],"wp:attachment":[{"href":"https:\/\/www.electroluxprofessional.com\/dk\/wp-json\/wp\/v2\/media?parent=2908"}],"curies":[{"name":"wp","href":"https:\/\/api.w.org\/{rel}","templated":true}]}}