{"id":2906,"date":"2020-03-10T17:09:37","date_gmt":"2020-03-10T17:09:37","guid":{"rendered":"https:\/\/www.electroluxprofessional.com\/dk\/?page_id=2906"},"modified":"2026-02-10T15:57:46","modified_gmt":"2026-02-10T15:57:46","slug":"kipgryder-900xp-og-700xp","status":"publish","type":"page","link":"https:\/\/www.electroluxprofessional.com\/dk\/kipgryder-900xp-og-700xp\/","title":{"rendered":"Kipgryder og kipstegere 900XP og 700XP"},"content":{"rendered":"<p>[vc_row full_width=&#8221;electroluxpro-full-width-no-padding&#8221;][vc_column][elx_hero_slider label_text_color=&#8221;inherit&#8221; images=&#8221;2364&#8243;][elx_heading font_container=&#8221;h1&#8243; font_size=&#8221;h2&#8243; text_color=&#8221;inherit&#8221;]Kipgryder og kipstegere<br \/>\n900XP &amp; 700XP[\/elx_heading][\/elx_hero_slider][\/vc_column][\/vc_row][vc_row][vc_column][vc_empty_space height=&#8221;50px&#8221;][\/vc_column][\/vc_row][vc_row][vc_column width=&#8221;1\/2&#8243;][vc_empty_space height=&#8221;50px&#8221;][elx_heading font_size=&#8221;h2&#8243; text_color=&#8221;inherit&#8221;]900XP &amp; 700XP kipgryder og kipstegere \u2013 trust the eXPerience<br \/>\n[\/elx_heading][vc_empty_space][vc_column_text el_class=&#8221;p-16&#8243;]Kipgryder og kipstegere med den innovative bund i duomat (en kombination af forskellige typer rustfri st\u00e5l) er den bedste l\u00f8sning til at garantere en ensartet temperatur p\u00e5 hele tilberedningsomr\u00e5det.<\/p>\n<p>Den eksklusive l\u00f8sning til tilberedning af store m\u00e6ngder mad.[\/vc_column_text][vc_empty_space height=&#8221;15px&#8221;][elx_heading font_size=&#8221;h4&#8243; text_color=&#8221;inherit&#8221;]Ekstraordin\u00e6r enkelthed[\/elx_heading][vc_column_text el_class=&#8221;p-16&#8243;]Selv de mest vanskelige pletter er nemme at fjerne.[\/vc_column_text][vc_empty_space height=&#8221;15px&#8221;][elx_heading font_size=&#8221;h4&#8243; text_color=&#8221;inherit&#8221;]Stor rentabilitet[\/elx_heading][vc_column_text el_class=&#8221;p-16&#8243;]XP g\u00f8r det muligt at spare penge samtidig med, at du passer p\u00e5 milj\u00f8et.[\/vc_column_text][vc_empty_space height=&#8221;15px&#8221;][elx_heading font_size=&#8221;h4&#8243; text_color=&#8221;inherit&#8221;]Eksklusiv personlighed[\/elx_heading][vc_column_text el_class=&#8221;p-16&#8243;]Komplet serie, montage og service.[\/vc_column_text][\/vc_column][vc_column width=&#8221;1\/2&#8243;][vc_single_image image=&#8221;2363&#8243; img_size=&#8221;large&#8221;][\/vc_column][\/vc_row][vc_row][vc_column][vc_row_inner][vc_column_inner width=&#8221;1\/4&#8243;][vc_empty_space][\/vc_column_inner][vc_column_inner width=&#8221;1\/2&#8243;][vc_raw_html]JTNDYSUyMGNsYXNzJTNEJTIyYnV0dG9uLWdvbGQlMjIlMjBzdHlsZSUzRCUyMmNvbG9yJTNBJTIzZmZmZmZmJTNCJTIyJTIwaHJlZiUzRCUyMmh0dHBzJTNBJTJGJTJGd3d3LmVsZWN0cm9sdXhwcm9mZXNzaW9uYWwuY29tJTJGZGslMkY5MDB4cC03MDB4cC1rb2dlLXN0ZWdlJTJGJTIyJTNFU0UlMjBGTEVSRSUyMFBST0RVS1RFUiUyMEklMjBYUC1TRVJJRU4lM0MlMkZhJTNF[\/vc_raw_html][\/vc_column_inner][vc_column_inner width=&#8221;1\/4&#8243;][\/vc_column_inner][\/vc_row_inner][vc_empty_space height=&#8221;50px&#8221;][vc_raw_html]JTNDaHIlM0U=[\/vc_raw_html][vc_empty_space][\/vc_column][\/vc_row][vc_row css=&#8221;.vc_custom_1582034047336{margin-top: 32px !important;}&#8221;][vc_column width=&#8221;2\/3&#8243;][vc_row_inner][vc_column_inner][elx_heading font_container=&#8221;h3&#8243; font_size=&#8221;h3&#8243; text_color=&#8221;inherit&#8221; text_align=&#8221;text-left&#8221; css=&#8221;.vc_custom_1582635294475{margin-bottom: 40px !important;}&#8221;]F\u00e5 inspiration til din k\u00f8kkenl\u00f8sning[\/elx_heading][\/vc_column_inner][\/vc_row_inner][vc_empty_space height=&#8221;22px&#8221;][vc_row_inner][vc_column_inner offset=&#8221;vc_hidden-xs&#8221;][vc_empty_space height=&#8221;30px&#8221;][\/vc_column_inner][\/vc_row_inner][vc_row_inner][vc_column_inner width=&#8221;1\/2&#8243;][elx_video_block background_image=&#8221;8799&#8243; video_link=&#8221;https:\/\/www.youtube.com\/watch?time_continue=134&amp;v=V2p676XTGEk&#8221; minimum_height=&#8221;200px&#8221;][vc_empty_space height=&#8221;22px&#8221;][elx_heading font_container=&#8221;h4&#8243; text_color=&#8221;inherit&#8221; css=&#8221;.vc_custom_1582635359822{padding-top: 12px !important;padding-bottom: 0px !important;}&#8221;]Genial elektrisk grill[\/elx_heading][vc_column_text el_class=&#8221;p-16&#8243; css=&#8221;.vc_custom_1770739063748{margin-top: 0px !important;}&#8221;]F\u00e5 k\u00f8d og gr\u00f8ntsager til at smage grillkul-stegt.<br \/>\n<a href=\"https:\/\/www.electroluxprofessional.com\/dk\/electrolux-electric-powergrill-hp\/\">Se hvordan Electric PowerGrill HP fungerer<\/a>[\/vc_column_text][vc_empty_space][\/vc_column_inner][vc_column_inner width=&#8221;1\/2&#8243;][vc_single_image image=&#8221;2361&#8243; img_size=&#8221;360&#215;210&#8243; alignment=&#8221;center&#8221; css=&#8221;.vc_custom_1584003322279{margin-bottom: 32px !important;}&#8221;][elx_heading font_container=&#8221;h4&#8243; text_color=&#8221;inherit&#8221;]Flere muligheder med kipstegere og kipgryder[\/elx_heading][vc_column_text el_class=&#8221;p-16&#8243;]Store m\u00e6ngder. Hurtig nedk\u00f8ling. \u00d8get produktivitet.<br \/>\n<a href=\"https:\/\/www.electroluxprofessional.com\/dk\/kipsteger\/\">Se dine muligheder her<\/a>[\/vc_column_text][vc_empty_space][\/vc_column_inner][\/vc_row_inner][vc_row_inner][vc_column_inner offset=&#8221;vc_hidden-xs&#8221;][vc_empty_space height=&#8221;52px&#8221;][\/vc_column_inner][\/vc_row_inner][vc_row_inner][vc_column_inner width=&#8221;1\/2&#8243;][vc_single_image image=&#8221;11302&#8243; img_size=&#8221;360&#215;210&#8243; alignment=&#8221;center&#8221; css=&#8221;.vc_custom_1582635861754{margin-bottom: 32px !important;}&#8221;][elx_heading font_container=&#8221;h4&#8243; text_color=&#8221;inherit&#8221; css=&#8221;.vc_custom_1582635753341{padding-top: 12px !important;padding-bottom: 0px !important;}&#8221;]En ren forn\u00f8jelse[\/elx_heading][vc_column_text el_class=&#8221;p-16&#8243; css=&#8221;.vc_custom_1584024267763{margin-top: 0px !important;}&#8221;]Med Electrolux\u2019 professionelle opvaskemaskiner er det en ren forn\u00f8jelse af klare opvasken.<br \/>\n<a href=\"https:\/\/www.electroluxprofessional.com\/dk\/industriopvaskemaskine\/\">V\u00e6lg mellem fem typer opvaskemaskiner<\/a>[\/vc_column_text][vc_empty_space][\/vc_column_inner][vc_column_inner width=&#8221;1\/2&#8243;][vc_single_image image=&#8221;8654&#8243; img_size=&#8221;360&#215;210&#8243; alignment=&#8221;center&#8221; css=&#8221;.vc_custom_1582636057760{margin-bottom: 32px !important;}&#8221;][elx_heading font_container=&#8221;h4&#8243; text_color=&#8221;inherit&#8221;]Har du sp\u00f8rgsm\u00e5l til Electrolux Professional?[\/elx_heading][vc_column_text el_class=&#8221;p-16&#8243;]Vil du h\u00f8re, hvordan vi kan hj\u00e6lpe med at indrette dit k\u00f8kken<br \/>\n<a href=\"https:\/\/www.electroluxprofessional.com\/dk\/kontakt-koekken\">Kontakt os <\/a>[\/vc_column_text][vc_empty_space][\/vc_column_inner][\/vc_row_inner][\/vc_column][vc_column width=&#8221;1\/3&#8243;][vc_row_inner css=&#8221;.vc_custom_1582032136166{border-top-width: 1px !important;border-right-width: 1px !important;border-bottom-width: 1px !important;border-left-width: 1px !important;padding-top: 10px !important;padding-right: 10px !important;padding-bottom: 15px !important;padding-left: 10px !important;border-left-color: #dadfe1 !important;border-left-style: solid !important;border-right-color: #dadfe1 !important;border-right-style: solid !important;border-top-color: #dadfe1 !important;border-top-style: solid !important;border-bottom-color: #dadfe1 !important;border-bottom-style: solid !important;}&#8221;][vc_column_inner][vc_column_text css=&#8221;.vc_custom_1584002768057{margin-bottom: 22px !important;}&#8221;]<\/p>\n<h6 style=\"line-height: 1.2em;\">Find ud af hvad 900XP &amp;700XP kan g\u00f8re for din virksomhed<\/h6>\n<p>[\/vc_column_text][elx_o2000_contact_us s=&#8221;Information om 900XP &amp; 700XP kipstegere og kipgryder&#8221; country=&#8221;Denmark&#8221; container=&#8221;elxcontactus1479897144&#8243; r=&#8221;Jeg vil gerne h\u00f8re mere om 900XP og 700XP kipstegere og kipgryder. Kontakt mig venligst.&#8221; e=&#8221;steen.rasmussen@electroluxprofessional.com&#8221; l=&#8221;dk&#8221;][\/vc_column_inner][\/vc_row_inner][\/vc_column][\/vc_row]<\/p>\n","protected":false},"excerpt":{"rendered":"<p>[vc_row full_width=&#8221;electroluxpro-full-width-no-padding&#8221;][vc_column][elx_hero_slider label_text_color=&#8221;inherit&#8221; images=&#8221;2364&#8243;][elx_heading font_container=&#8221;h1&#8243; font_size=&#8221;h2&#8243; text_color=&#8221;inherit&#8221;]Kipgryder og kipstegere 900XP &amp; 700XP[\/elx_heading][\/elx_hero_slider][\/vc_column][\/vc_row][vc_row][vc_column][vc_empty_space height=&#8221;50px&#8221;][\/vc_column][\/vc_row][vc_row][vc_column width=&#8221;1\/2&#8243;][vc_empty_space height=&#8221;50px&#8221;][elx_heading font_size=&#8221;h2&#8243; text_color=&#8221;inherit&#8221;]900XP &amp; 700XP kipgryder og kipstegere \u2013 trust the eXPerience [\/elx_heading][vc_empty_space][vc_column_text el_class=&#8221;p-16&#8243;]Kipgryder og kipstegere med den innovative bund i duomat (en kombination af forskellige typer rustfri st\u00e5l) er den bedste l\u00f8sning til at garantere en ensartet temperatur p\u00e5 hele [&hellip;]<\/p>\n","protected":false},"author":5,"featured_media":0,"parent":0,"menu_order":0,"comment_status":"closed","ping_status":"closed","template":"","meta":{"footnotes":""},"class_list":["post-2906","page","type-page","status-publish","hentry"],"acf":[],"yoast_head":"<!-- This site is optimized with the Yoast SEO plugin v23.3 - https:\/\/yoast.com\/wordpress\/plugins\/seo\/ -->\n<title>Kipgryder og kipstegere \u2013 en del af en gennemtestet serie<\/title>\n<meta name=\"description\" content=\"Kipgryder og kipstegere designet og testet p\u00e5 baggrund af mange \u00e5rs erfaring med stork\u00f8kkenudstyr i h\u00f8j kvalitet.\" \/>\n<meta name=\"robots\" content=\"index, follow, max-snippet:-1, max-image-preview:large, max-video-preview:-1\" \/>\n<link rel=\"canonical\" href=\"https:\/\/www.electroluxprofessional.com\/dk\/kipgryder-900xp-og-700xp\/\" \/>\n<meta property=\"og:locale\" content=\"da_DK\" \/>\n<meta property=\"og:type\" content=\"article\" \/>\n<meta property=\"og:title\" content=\"Kipgryder og kipstegere \u2013 en del af en gennemtestet serie\" \/>\n<meta property=\"og:description\" content=\"Kipgryder og kipstegere designet og testet p\u00e5 baggrund af mange \u00e5rs erfaring med stork\u00f8kkenudstyr i h\u00f8j kvalitet.\" \/>\n<meta property=\"og:url\" content=\"https:\/\/www.electroluxprofessional.com\/dk\/kipgryder-900xp-og-700xp\/\" \/>\n<meta property=\"og:site_name\" content=\"Electrolux Professional Danmark\" \/>\n<meta property=\"article:modified_time\" content=\"2026-02-10T15:57:46+00:00\" \/>\n<meta name=\"twitter:card\" content=\"summary_large_image\" \/>\n<meta name=\"twitter:label1\" content=\"Estimeret l\u00e6setid\" \/>\n\t<meta name=\"twitter:data1\" content=\"2 minutter\" \/>\n<script type=\"application\/ld+json\" class=\"yoast-schema-graph\">{\"@context\":\"https:\/\/schema.org\",\"@graph\":[{\"@type\":\"WebPage\",\"@id\":\"https:\/\/www.electroluxprofessional.com\/dk\/kipgryder-900xp-og-700xp\/\",\"url\":\"https:\/\/www.electroluxprofessional.com\/dk\/kipgryder-900xp-og-700xp\/\",\"name\":\"Kipgryder og kipstegere \u2013 en del af en gennemtestet serie\",\"isPartOf\":{\"@id\":\"https:\/\/www.electroluxprofessional.com\/dk\/#website\"},\"datePublished\":\"2020-03-10T17:09:37+00:00\",\"dateModified\":\"2026-02-10T15:57:46+00:00\",\"description\":\"Kipgryder og kipstegere designet og testet p\u00e5 baggrund af mange \u00e5rs erfaring med stork\u00f8kkenudstyr i h\u00f8j kvalitet.\",\"breadcrumb\":{\"@id\":\"https:\/\/www.electroluxprofessional.com\/dk\/kipgryder-900xp-og-700xp\/#breadcrumb\"},\"inLanguage\":\"da-DK\",\"potentialAction\":[{\"@type\":\"ReadAction\",\"target\":[\"https:\/\/www.electroluxprofessional.com\/dk\/kipgryder-900xp-og-700xp\/\"]}]},{\"@type\":\"BreadcrumbList\",\"@id\":\"https:\/\/www.electroluxprofessional.com\/dk\/kipgryder-900xp-og-700xp\/#breadcrumb\",\"itemListElement\":[{\"@type\":\"ListItem\",\"position\":1,\"name\":\"Home\",\"item\":\"https:\/\/www.electroluxprofessional.com\/dk\/\"},{\"@type\":\"ListItem\",\"position\":2,\"name\":\"Kipgryder og kipstegere 900XP og 700XP\"}]},{\"@type\":\"WebSite\",\"@id\":\"https:\/\/www.electroluxprofessional.com\/dk\/#website\",\"url\":\"https:\/\/www.electroluxprofessional.com\/dk\/\",\"name\":\"Electrolux Professional Danmark\",\"description\":\"\",\"potentialAction\":[{\"@type\":\"SearchAction\",\"target\":{\"@type\":\"EntryPoint\",\"urlTemplate\":\"https:\/\/www.electroluxprofessional.com\/dk\/?src={search_term_string}\"},\"query-input\":\"required name=search_term_string\"}],\"inLanguage\":\"da-DK\"}]}<\/script>\n<!-- \/ Yoast SEO plugin. -->","yoast_head_json":{"title":"Kipgryder og kipstegere \u2013 en del af en gennemtestet serie","description":"Kipgryder og kipstegere designet og testet p\u00e5 baggrund af mange \u00e5rs erfaring med stork\u00f8kkenudstyr i h\u00f8j kvalitet.","robots":{"index":"index","follow":"follow","max-snippet":"max-snippet:-1","max-image-preview":"max-image-preview:large","max-video-preview":"max-video-preview:-1"},"canonical":"https:\/\/www.electroluxprofessional.com\/dk\/kipgryder-900xp-og-700xp\/","og_locale":"da_DK","og_type":"article","og_title":"Kipgryder og kipstegere \u2013 en del af en gennemtestet serie","og_description":"Kipgryder og kipstegere designet og testet p\u00e5 baggrund af mange \u00e5rs erfaring med stork\u00f8kkenudstyr i h\u00f8j kvalitet.","og_url":"https:\/\/www.electroluxprofessional.com\/dk\/kipgryder-900xp-og-700xp\/","og_site_name":"Electrolux Professional Danmark","article_modified_time":"2026-02-10T15:57:46+00:00","twitter_card":"summary_large_image","twitter_misc":{"Estimeret l\u00e6setid":"2 minutter"},"schema":{"@context":"https:\/\/schema.org","@graph":[{"@type":"WebPage","@id":"https:\/\/www.electroluxprofessional.com\/dk\/kipgryder-900xp-og-700xp\/","url":"https:\/\/www.electroluxprofessional.com\/dk\/kipgryder-900xp-og-700xp\/","name":"Kipgryder og kipstegere \u2013 en del af en gennemtestet serie","isPartOf":{"@id":"https:\/\/www.electroluxprofessional.com\/dk\/#website"},"datePublished":"2020-03-10T17:09:37+00:00","dateModified":"2026-02-10T15:57:46+00:00","description":"Kipgryder og kipstegere designet og testet p\u00e5 baggrund af mange \u00e5rs erfaring med stork\u00f8kkenudstyr i h\u00f8j kvalitet.","breadcrumb":{"@id":"https:\/\/www.electroluxprofessional.com\/dk\/kipgryder-900xp-og-700xp\/#breadcrumb"},"inLanguage":"da-DK","potentialAction":[{"@type":"ReadAction","target":["https:\/\/www.electroluxprofessional.com\/dk\/kipgryder-900xp-og-700xp\/"]}]},{"@type":"BreadcrumbList","@id":"https:\/\/www.electroluxprofessional.com\/dk\/kipgryder-900xp-og-700xp\/#breadcrumb","itemListElement":[{"@type":"ListItem","position":1,"name":"Home","item":"https:\/\/www.electroluxprofessional.com\/dk\/"},{"@type":"ListItem","position":2,"name":"Kipgryder og kipstegere 900XP og 700XP"}]},{"@type":"WebSite","@id":"https:\/\/www.electroluxprofessional.com\/dk\/#website","url":"https:\/\/www.electroluxprofessional.com\/dk\/","name":"Electrolux Professional Danmark","description":"","potentialAction":[{"@type":"SearchAction","target":{"@type":"EntryPoint","urlTemplate":"https:\/\/www.electroluxprofessional.com\/dk\/?src={search_term_string}"},"query-input":"required name=search_term_string"}],"inLanguage":"da-DK"}]}},"_links":{"self":[{"href":"https:\/\/www.electroluxprofessional.com\/dk\/wp-json\/wp\/v2\/pages\/2906"}],"collection":[{"href":"https:\/\/www.electroluxprofessional.com\/dk\/wp-json\/wp\/v2\/pages"}],"about":[{"href":"https:\/\/www.electroluxprofessional.com\/dk\/wp-json\/wp\/v2\/types\/page"}],"author":[{"embeddable":true,"href":"https:\/\/www.electroluxprofessional.com\/dk\/wp-json\/wp\/v2\/users\/5"}],"replies":[{"embeddable":true,"href":"https:\/\/www.electroluxprofessional.com\/dk\/wp-json\/wp\/v2\/comments?post=2906"}],"version-history":[{"count":14,"href":"https:\/\/www.electroluxprofessional.com\/dk\/wp-json\/wp\/v2\/pages\/2906\/revisions"}],"predecessor-version":[{"id":31510,"href":"https:\/\/www.electroluxprofessional.com\/dk\/wp-json\/wp\/v2\/pages\/2906\/revisions\/31510"}],"wp:attachment":[{"href":"https:\/\/www.electroluxprofessional.com\/dk\/wp-json\/wp\/v2\/media?parent=2906"}],"curies":[{"name":"wp","href":"https:\/\/api.w.org\/{rel}","templated":true}]}}