{"id":2904,"date":"2022-03-03T08:08:19","date_gmt":"2022-03-03T08:08:19","guid":{"rendered":"https:\/\/www.electroluxprofessional.com\/dk\/?page_id=2904"},"modified":"2022-03-08T13:17:56","modified_gmt":"2022-03-08T13:17:56","slug":"kipsteger","status":"publish","type":"page","link":"https:\/\/www.electroluxprofessional.com\/dk\/kipsteger\/","title":{"rendered":"Kipsteger og kipgryde"},"content":{"rendered":"<p>[vc_row full_width=&#8221;electroluxpro-full-width-no-padding&#8221;][vc_column][elx_hero_slider label_text_color=&#8221;inherit&#8221; images=&#8221;2361&#8243;][elx_heading font_size=&#8221;h2&#8243; text_color=&#8221;inherit&#8221;]Kipsteger og kipgryde[\/elx_heading][vc_column_text el_class=&#8221;p-16&#8243;]Hurtig nedk\u00f8ling, \u00f8get produktivitet og h\u00f8j sikkerhed.[\/vc_column_text][\/elx_hero_slider][\/vc_column][\/vc_row][vc_row][vc_column][vc_empty_space height=&#8221;50px&#8221;][\/vc_column][\/vc_row][vc_row][vc_column][elx_heading font_container=&#8221;h1&#8243; font_size=&#8221;h1&#8243; text_color=&#8221;inherit&#8221; text_align=&#8221;text-left&#8221;]V\u00e6lg den kipsteger eller gryde, der passer bedst til din daglige madlavning[\/elx_heading][\/vc_column][\/vc_row][vc_row css=&#8221;.vc_custom_1584006061067{margin-top: -32px !important;}&#8221;][vc_column width=&#8221;1\/2&#8243;][vc_empty_space height=&#8221;80px&#8221;][vc_column_text el_class=&#8221;p-16&#8243;]Electrolux Professional har et stort udvalg kipstegere og kipgryder til dig, der skal koge, dampe, pochere og stege mad i store m\u00e6ngder. Du kan v\u00e6lge kapaciteter fra 60 til 400 liter.<\/p>\n<p>Uanset hvilken model du v\u00e6lger, s\u00e5 opfylder den branchens h\u00f8jeste standarder. Det g\u00e6lder b\u00e5de ydeevne, ergonomi og hygiejne. Og du kan f\u00e5 tilbeh\u00f8r, som g\u00f8r dit arbejde nemmere og sikrere. Og kvaliteten af din mad endnu bedre.<\/p>\n<p>Har du sp\u00f8rgsm\u00e5l eller brug for hj\u00e6lp til at v\u00e6lge den helt rigtige kipsteger eller gryde? S\u00e5 ring til os p\u00e5 tlf. <a href=\"tel:87403500\">87 40 35 00<\/a>[\/vc_column_text][vc_empty_space height=&#8221;80px&#8221;][\/vc_column][vc_column width=&#8221;1\/2&#8243;][vc_single_image image=&#8221;2273&#8243; img_size=&#8221;full&#8221; css=&#8221;.vc_custom_1646744319544{margin-top: -32px !important;}&#8221;][\/vc_column][\/vc_row][vc_row css=&#8221;.vc_custom_1646745291985{margin-top: 30px !important;padding-top: 40px !important;background-color: #041e41 !important;}&#8221;][vc_column][elx_heading font_container=&#8221;h5&#8243; font_size=&#8221;h5&#8243; text_color=&#8221;white&#8221;]Derfor skal du v\u00e6lge kipsteger eller kipgryde fra Electrolux Professional[\/elx_heading][vc_empty_space][\/vc_column][\/vc_row][vc_row css=&#8221;.vc_custom_1646744289709{padding-bottom: 40px !important;background-color: #041e41 !important;}&#8221;][vc_column width=&#8221;1\/2&#8243;][vc_single_image image=&#8221;2361&#8243; img_size=&#8221;555&#215;400&#8243; css=&#8221;.vc_custom_1646745457909{margin-top: 10px !important;margin-bottom: 20px !important;}&#8221;][\/vc_column][vc_column reveal_effect=&#8221;&#8221; width=&#8221;1\/2&#8243; css=&#8221;.vc_custom_1584008493624{padding-left: 10px !important;}&#8221;][vc_column_text el_class=&#8221;p-16-white&#8221; css=&#8221;.vc_custom_1646744555619{padding-top: 15px !important;padding-left: 15px !important;}&#8221;]<strong>Ergonomisk:<\/strong> Med 60 cm tippeh\u00f8jde er den let og t\u00f8mme og reng\u00f8re. L\u00e5g kan tages af og reng\u00f8res i opvaskemaskine. Motoriseret tippefunktion med indstillelig hastighed.<\/p>\n<p><strong>Effektiv:<\/strong> Kraftig omr\u00f8rer, der t\u00e5ler h\u00f8jt drejningsmoment \u2013 og opvaskemaskine.<\/p>\n<p><strong>Hurtig nedk\u00f8ling:<\/strong> Nedk\u00f8l fx 300 liter fra 100 \u00b0 C til 5 \u00b0 C p\u00e5 kun 70 minutter.<\/p>\n<p><strong>Spar 50% tid:<\/strong> Omr\u00f8ring med ekstra kraftig omr\u00f8rer.<\/p>\n<p><strong>Sk\u00e5nsom:<\/strong> Hurtig og blid omr\u00f8ring af f\u00f8devarer, som fx kartoffelmos.<\/p>\n<p><strong>Sikker:<\/strong> Isolering, sikkerhedskappe m.m.[\/vc_column_text][\/vc_column][\/vc_row][vc_row css=&#8221;.vc_custom_1584010042165{margin-top: 50px !important;}&#8221;][vc_column width=&#8221;1\/6&#8243;][vc_empty_space height=&#8221;20px&#8221;][\/vc_column][vc_column width=&#8221;2\/3&#8243;][elx_heading font_size=&#8221;h2&#8243; text_color=&#8221;inherit&#8221; text_align=&#8221;text-left&#8221;]S\u00f8ger du andet k\u00f8kkenudstyr end en kipsteger?[\/elx_heading][vc_column_text el_class=&#8221;p-16&#8243;]Uanset om du arbejder i kantine, industri- eller centralk\u00f8kken, s\u00e5 betaler det sig at kontakte Electrolux Professional, n\u00e6ste gang du skal investere i udstyr til dit k\u00f8kken. Fra vores k\u00e6mpe udvalg af kvalitetsprodukter kan du altid finde en l\u00f8sning, som sikrer dig de bedste arbejdsprocesser, god k\u00f8kken\u00f8konomi og optimal madkvalitet. Vores k\u00f8kkenspecialister er altid klar til at hj\u00e6lpe dig med at v\u00e6lge det rigtige udstyr. Vi har mange \u00e5rs erfaring b\u00e5de med produkter, udregning og indretning.[\/vc_column_text][\/vc_column][vc_column width=&#8221;1\/6&#8243;][\/vc_column][\/vc_row][vc_row][vc_column][vc_row_inner][vc_column_inner width=&#8221;1\/6&#8243;][vc_empty_space height=&#8221;20px&#8221;][\/vc_column_inner][vc_column_inner width=&#8221;2\/3&#8243;][vc_single_image image=&#8221;23375&#8243; img_size=&#8221;full&#8221; alignment=&#8221;center&#8221; css=&#8221;.vc_custom_1646745471797{margin-top: 10px !important;}&#8221;][\/vc_column_inner][vc_column_inner width=&#8221;1\/6&#8243;][\/vc_column_inner][\/vc_row_inner][elx_heading font_size=&#8221;h2&#8243; text_color=&#8221;inherit&#8221; text_align=&#8221;text-center&#8221;]F\u00e5 inspiration til din k\u00f8kkenl\u00f8sning[\/elx_heading][\/vc_column][\/vc_row][vc_row css=&#8221;.vc_custom_1584010061389{margin-top: 32px !important;}&#8221;][vc_column width=&#8221;1\/3&#8243;][vc_single_image image=&#8221;1688&#8243; img_size=&#8221;380&#215;218&#8243; css=&#8221;.vc_custom_1584009592743{margin-bottom: 32px !important;}&#8221;][elx_heading font_container=&#8221;h4&#8243; font_size=&#8221;h4&#8243; text_color=&#8221;inherit&#8221; css=&#8221;.vc_custom_1584022349037{padding-top: 12px !important;padding-bottom: 0px !important;}&#8221;]Flere kipstegere og gryder[\/elx_heading][vc_column_text el_class=&#8221;p-16&#8243; css=&#8221;.vc_custom_1584009429285{margin-top: 0px !important;}&#8221;]Se mere om XP-serien, hvori der ogs\u00e5 indg\u00e5r h\u00f8jkvalitets kipsteger og kipgryde.<br \/>\n<a href=\"https:\/\/www.electroluxprofessional.com\/dk\/kipgryder-900xp-og-700xp\/\">Find det udstyr der passer bedst til dit k\u00f8kken<\/a>[\/vc_column_text][vc_empty_space][\/vc_column][vc_column width=&#8221;1\/3&#8243;][vc_single_image image=&#8221;8620&#8243; img_size=&#8221;380&#215;218&#8243; alignment=&#8221;center&#8221; css=&#8221;.vc_custom_1584009279194{margin-bottom: 32px !important;}&#8221;][elx_heading font_container=&#8221;h4&#8243; font_size=&#8221;h4&#8243; text_color=&#8221;inherit&#8221;]En ren forn\u00f8jelse[\/elx_heading][vc_column_text el_class=&#8221;p-16&#8243;]Med Electrolux\u2019 professionelle opvaskemaskiner er det en ren forn\u00f8jelse af klare opvasken.<br \/>\n<a href=\"https:\/\/www.electroluxprofessional.com\/dk\/underbordsopvaskemaskine\/\">V\u00e6lg mellem fem typer opvaskemaskiner<\/a>[\/vc_column_text][vc_empty_space][\/vc_column][vc_column width=&#8221;1\/3&#8243;][elx_video_block background_image=&#8221;8623&#8243; video_link=&#8221;https:\/\/www.youtube.com\/watch?time_continue=6&amp;v=aKQRPw9_TwY&#8221; minimum_height=&#8221;205px&#8221;][vc_empty_space height=&#8221;20px&#8221;][elx_heading font_container=&#8221;h4&#8243; font_size=&#8221;h4&#8243; text_color=&#8221;inherit&#8221;]Smart pastakoger[\/elx_heading][vc_column_text el_class=&#8221;p-16&#8243;]Til frisk, t\u00f8rret eller frossen pasta. Kurven l\u00f8ftes automatisk op af vandet, n\u00e5r pastaen er klar til servering.<br \/>\n<a href=\"https:\/\/www.youtube.com\/watch?time_continue=6&amp;v=aKQRPw9_TwY\">Se hvor smart den er\u2026<\/a><\/p>\n<p>[\/vc_column_text][\/vc_column][\/vc_row][vc_row el_id=&#8221;kipkontakt&#8221;][vc_column][vc_empty_space height=&#8221;50px&#8221;][vc_empty_space][elx_heading font_size=&#8221;h2&#8243; text_color=&#8221;inherit&#8221; text_align=&#8221;text-center&#8221;]Find ud af hvad kipstegere og kipgryder kan g\u00f8re for din virksomhed[\/elx_heading][vc_empty_space][elx_o2000_contact_us r=&#8221;Jeg vil gerne h\u00f8re mere om kipstegere og kipgryder. Kontakt mig venligst.&#8221; s=&#8221;Ang\u00e5ende kipsteger og kipgryde&#8221; country=&#8221;Denmark&#8221; l=&#8221;dk&#8221; e=&#8221;steen.rasmussen@electroluxprofessional.com&#8221; container=&#8221;elxcontactus1479898176&#8243;][vc_empty_space height=&#8221;50px&#8221;][\/vc_column][\/vc_row]<\/p>\n","protected":false},"excerpt":{"rendered":"<p>[vc_row full_width=&#8221;electroluxpro-full-width-no-padding&#8221;][vc_column][elx_hero_slider label_text_color=&#8221;inherit&#8221; images=&#8221;2361&#8243;][elx_heading font_size=&#8221;h2&#8243; text_color=&#8221;inherit&#8221;]Kipsteger og kipgryde[\/elx_heading][vc_column_text el_class=&#8221;p-16&#8243;]Hurtig nedk\u00f8ling, \u00f8get produktivitet og h\u00f8j sikkerhed.[\/vc_column_text][\/elx_hero_slider][\/vc_column][\/vc_row][vc_row][vc_column][vc_empty_space height=&#8221;50px&#8221;][\/vc_column][\/vc_row][vc_row][vc_column][elx_heading font_container=&#8221;h1&#8243; font_size=&#8221;h1&#8243; text_color=&#8221;inherit&#8221; text_align=&#8221;text-left&#8221;]V\u00e6lg den kipsteger eller gryde, der passer bedst til din daglige madlavning[\/elx_heading][\/vc_column][\/vc_row][vc_row css=&#8221;.vc_custom_1584006061067{margin-top: -32px !important;}&#8221;][vc_column width=&#8221;1\/2&#8243;][vc_empty_space height=&#8221;80px&#8221;][vc_column_text el_class=&#8221;p-16&#8243;]Electrolux Professional har et stort udvalg kipstegere og kipgryder til dig, der skal koge, dampe, pochere og stege mad [&hellip;]<\/p>\n","protected":false},"author":5,"featured_media":0,"parent":0,"menu_order":0,"comment_status":"closed","ping_status":"closed","template":"","meta":{"footnotes":""},"class_list":["post-2904","page","type-page","status-publish","hentry"],"acf":[],"yoast_head":"<!-- This site is optimized with the Yoast SEO plugin v23.3 - https:\/\/yoast.com\/wordpress\/plugins\/seo\/ -->\n<title>Kipsteger eller kipgryde? Stort udvalg fra 60 til 400 liter. Se her<\/title>\n<meta name=\"description\" content=\"Det st\u00f8rste udvalg af kipsteger og kipgryde til dig, der skal koge, dampe, pochere og stege store m\u00e6ngder. V\u00e6lg fra 60 til 400 liter. Se dine fordele\" \/>\n<meta name=\"robots\" content=\"index, follow, max-snippet:-1, max-image-preview:large, max-video-preview:-1\" \/>\n<link rel=\"canonical\" href=\"https:\/\/www.electroluxprofessional.com\/dk\/kipsteger\/\" \/>\n<meta property=\"og:locale\" content=\"da_DK\" \/>\n<meta property=\"og:type\" content=\"article\" \/>\n<meta property=\"og:title\" content=\"Kipsteger eller kipgryde? Stort udvalg fra 60 til 400 liter. Se her\" \/>\n<meta property=\"og:description\" content=\"Det st\u00f8rste udvalg af kipsteger og kipgryde til dig, der skal koge, dampe, pochere og stege store m\u00e6ngder. V\u00e6lg fra 60 til 400 liter. Se dine fordele\" \/>\n<meta property=\"og:url\" content=\"https:\/\/www.electroluxprofessional.com\/dk\/kipsteger\/\" \/>\n<meta property=\"og:site_name\" content=\"Electrolux Professional Danmark\" \/>\n<meta property=\"article:modified_time\" content=\"2022-03-08T13:17:56+00:00\" \/>\n<meta name=\"twitter:card\" content=\"summary_large_image\" \/>\n<meta name=\"twitter:label1\" content=\"Estimeret l\u00e6setid\" \/>\n\t<meta name=\"twitter:data1\" content=\"5 minutter\" \/>\n<script type=\"application\/ld+json\" class=\"yoast-schema-graph\">{\"@context\":\"https:\/\/schema.org\",\"@graph\":[{\"@type\":\"WebPage\",\"@id\":\"https:\/\/www.electroluxprofessional.com\/dk\/kipsteger\/\",\"url\":\"https:\/\/www.electroluxprofessional.com\/dk\/kipsteger\/\",\"name\":\"Kipsteger eller kipgryde? Stort udvalg fra 60 til 400 liter. Se her\",\"isPartOf\":{\"@id\":\"https:\/\/www.electroluxprofessional.com\/dk\/#website\"},\"datePublished\":\"2022-03-03T08:08:19+00:00\",\"dateModified\":\"2022-03-08T13:17:56+00:00\",\"description\":\"Det st\u00f8rste udvalg af kipsteger og kipgryde til dig, der skal koge, dampe, pochere og stege store m\u00e6ngder. V\u00e6lg fra 60 til 400 liter. Se dine fordele\",\"breadcrumb\":{\"@id\":\"https:\/\/www.electroluxprofessional.com\/dk\/kipsteger\/#breadcrumb\"},\"inLanguage\":\"da-DK\",\"potentialAction\":[{\"@type\":\"ReadAction\",\"target\":[\"https:\/\/www.electroluxprofessional.com\/dk\/kipsteger\/\"]}]},{\"@type\":\"BreadcrumbList\",\"@id\":\"https:\/\/www.electroluxprofessional.com\/dk\/kipsteger\/#breadcrumb\",\"itemListElement\":[{\"@type\":\"ListItem\",\"position\":1,\"name\":\"Home\",\"item\":\"https:\/\/www.electroluxprofessional.com\/dk\/\"},{\"@type\":\"ListItem\",\"position\":2,\"name\":\"Kipsteger og kipgryde\"}]},{\"@type\":\"WebSite\",\"@id\":\"https:\/\/www.electroluxprofessional.com\/dk\/#website\",\"url\":\"https:\/\/www.electroluxprofessional.com\/dk\/\",\"name\":\"Electrolux Professional Danmark\",\"description\":\"\",\"potentialAction\":[{\"@type\":\"SearchAction\",\"target\":{\"@type\":\"EntryPoint\",\"urlTemplate\":\"https:\/\/www.electroluxprofessional.com\/dk\/?src={search_term_string}\"},\"query-input\":\"required name=search_term_string\"}],\"inLanguage\":\"da-DK\"}]}<\/script>\n<!-- \/ Yoast SEO plugin. -->","yoast_head_json":{"title":"Kipsteger eller kipgryde? Stort udvalg fra 60 til 400 liter. Se her","description":"Det st\u00f8rste udvalg af kipsteger og kipgryde til dig, der skal koge, dampe, pochere og stege store m\u00e6ngder. V\u00e6lg fra 60 til 400 liter. Se dine fordele","robots":{"index":"index","follow":"follow","max-snippet":"max-snippet:-1","max-image-preview":"max-image-preview:large","max-video-preview":"max-video-preview:-1"},"canonical":"https:\/\/www.electroluxprofessional.com\/dk\/kipsteger\/","og_locale":"da_DK","og_type":"article","og_title":"Kipsteger eller kipgryde? Stort udvalg fra 60 til 400 liter. Se her","og_description":"Det st\u00f8rste udvalg af kipsteger og kipgryde til dig, der skal koge, dampe, pochere og stege store m\u00e6ngder. V\u00e6lg fra 60 til 400 liter. Se dine fordele","og_url":"https:\/\/www.electroluxprofessional.com\/dk\/kipsteger\/","og_site_name":"Electrolux Professional Danmark","article_modified_time":"2022-03-08T13:17:56+00:00","twitter_card":"summary_large_image","twitter_misc":{"Estimeret l\u00e6setid":"5 minutter"},"schema":{"@context":"https:\/\/schema.org","@graph":[{"@type":"WebPage","@id":"https:\/\/www.electroluxprofessional.com\/dk\/kipsteger\/","url":"https:\/\/www.electroluxprofessional.com\/dk\/kipsteger\/","name":"Kipsteger eller kipgryde? Stort udvalg fra 60 til 400 liter. Se her","isPartOf":{"@id":"https:\/\/www.electroluxprofessional.com\/dk\/#website"},"datePublished":"2022-03-03T08:08:19+00:00","dateModified":"2022-03-08T13:17:56+00:00","description":"Det st\u00f8rste udvalg af kipsteger og kipgryde til dig, der skal koge, dampe, pochere og stege store m\u00e6ngder. V\u00e6lg fra 60 til 400 liter. Se dine fordele","breadcrumb":{"@id":"https:\/\/www.electroluxprofessional.com\/dk\/kipsteger\/#breadcrumb"},"inLanguage":"da-DK","potentialAction":[{"@type":"ReadAction","target":["https:\/\/www.electroluxprofessional.com\/dk\/kipsteger\/"]}]},{"@type":"BreadcrumbList","@id":"https:\/\/www.electroluxprofessional.com\/dk\/kipsteger\/#breadcrumb","itemListElement":[{"@type":"ListItem","position":1,"name":"Home","item":"https:\/\/www.electroluxprofessional.com\/dk\/"},{"@type":"ListItem","position":2,"name":"Kipsteger og kipgryde"}]},{"@type":"WebSite","@id":"https:\/\/www.electroluxprofessional.com\/dk\/#website","url":"https:\/\/www.electroluxprofessional.com\/dk\/","name":"Electrolux Professional Danmark","description":"","potentialAction":[{"@type":"SearchAction","target":{"@type":"EntryPoint","urlTemplate":"https:\/\/www.electroluxprofessional.com\/dk\/?src={search_term_string}"},"query-input":"required name=search_term_string"}],"inLanguage":"da-DK"}]}},"_links":{"self":[{"href":"https:\/\/www.electroluxprofessional.com\/dk\/wp-json\/wp\/v2\/pages\/2904"}],"collection":[{"href":"https:\/\/www.electroluxprofessional.com\/dk\/wp-json\/wp\/v2\/pages"}],"about":[{"href":"https:\/\/www.electroluxprofessional.com\/dk\/wp-json\/wp\/v2\/types\/page"}],"author":[{"embeddable":true,"href":"https:\/\/www.electroluxprofessional.com\/dk\/wp-json\/wp\/v2\/users\/5"}],"replies":[{"embeddable":true,"href":"https:\/\/www.electroluxprofessional.com\/dk\/wp-json\/wp\/v2\/comments?post=2904"}],"version-history":[{"count":20,"href":"https:\/\/www.electroluxprofessional.com\/dk\/wp-json\/wp\/v2\/pages\/2904\/revisions"}],"predecessor-version":[{"id":23378,"href":"https:\/\/www.electroluxprofessional.com\/dk\/wp-json\/wp\/v2\/pages\/2904\/revisions\/23378"}],"wp:attachment":[{"href":"https:\/\/www.electroluxprofessional.com\/dk\/wp-json\/wp\/v2\/media?parent=2904"}],"curies":[{"name":"wp","href":"https:\/\/api.w.org\/{rel}","templated":true}]}}