{"id":2902,"date":"2022-03-08T08:00:43","date_gmt":"2022-03-08T08:00:43","guid":{"rendered":"https:\/\/www.electroluxprofessional.com\/dk\/?page_id=2902"},"modified":"2025-11-05T16:55:20","modified_gmt":"2025-11-05T16:55:20","slug":"professionel-grill","status":"publish","type":"page","link":"https:\/\/www.electroluxprofessional.com\/dk\/professionel-grill\/","title":{"rendered":"Professionel grill \u2013 Electric HP Power Grill"},"content":{"rendered":"<p>[vc_row full_width=&#8221;electroluxpro-full-width-no-padding&#8221;][vc_column][elx_hero_slider label_text_color=&#8221;inherit&#8221; images=&#8221;9098&#8243;][elx_heading font_size=&#8221;h2&#8243; text_color=&#8221;electrolux-blue&#8221;]Elektrisk HP Power Grill[\/elx_heading][vc_column_text]\u2013 en h\u00f8jtydende professionel grill[\/vc_column_text][\/elx_hero_slider][\/vc_column][\/vc_row][vc_row][vc_column][vc_empty_space][elx_heading font_container=&#8221;h1&#8243; font_size=&#8221;h1&#8243; text_color=&#8221;inherit&#8221; text_align=&#8221;text-left&#8221;]Enest\u00e5ende grillresultat uden at maden br\u00e6nder p\u00e5 \u2013 og som samtidigt bliver varm p\u00e5 et \u00f8jeblik![\/elx_heading][vc_empty_space][\/vc_column][\/vc_row][vc_row][vc_column width=&#8221;1\/6&#8243;][vc_empty_space][\/vc_column][vc_column width=&#8221;2\/3&#8243;][vc_column_text el_class=&#8221;p-16&#8243;]<strong>Vi pr\u00e6senterer hermed den energieffektive elektriske HP Power Grill fra Electrolux.<\/strong><br \/>\n<strong>HP for High Productivity (h\u00f8j produktivitet) og High Performance (h\u00f8j ydeevne).<\/strong>[\/vc_column_text][\/vc_column][vc_column width=&#8221;1\/6&#8243;][vc_empty_space][\/vc_column][\/vc_row][vc_row css=&#8221;.vc_custom_1583145859103{margin-top: 64px !important;}&#8221;][vc_column width=&#8221;1\/4&#8243;][vc_single_image image=&#8221;2231&#8243; img_size=&#8221;100&#215;100&#8243;][elx_heading font_size=&#8221;h2&#8243; text_color=&#8221;cat-cook&#8221;]H\u00f8j produktivitet[\/elx_heading][vc_column_text el_class=&#8221;p-16&#8243;]Den elektriske HP Power Grill er en professionel grill, hvis teknologi g\u00f8r, at den bliver varm p\u00e5 rekordtid og at tilberedningstiden samtidigt reduceres. Dette skyldes bl.a., at afstanden mellem varmeelementerne og grillristene er blevet reduceret.[\/vc_column_text][vc_empty_space][\/vc_column][vc_column width=&#8221;1\/4&#8243;][vc_single_image image=&#8221;2516&#8243; img_size=&#8221;100&#215;100&#8243;][elx_heading font_size=&#8221;h2&#8243; text_color=&#8221;cat-cook&#8221;]Perfekt resultat[\/elx_heading][vc_column_text el_class=&#8221;p-16&#8243;]Et j\u00e6vnt fejlfrit grillresultat gang p\u00e5 gang og den korteste opvarmningstid nogensinde. Det helt unikke design p\u00e5 denne profesionelle grill sikrer en meget ensartet fordeling af varmen.[\/vc_column_text][vc_empty_space][\/vc_column][vc_column width=&#8221;1\/4&#8243;][vc_single_image image=&#8221;2181&#8243; img_size=&#8221;100&#215;100&#8243;][elx_heading font_size=&#8221;h2&#8243; text_color=&#8221;cat-cook&#8221;]Nem at reng\u00f8re[\/elx_heading][vc_column_text el_class=&#8221;p-16&#8243;]Det kunne ikke v\u00e6re nemmere at reng\u00f8re din HP Power Grill. Den har aftagelige grillriste, der kan komme i opvaskemaskinen, integreret vandhane, fedtopsamler og afl\u00f8b for hurtig p\u00e5fyldning og t\u00f8mning.[\/vc_column_text][vc_empty_space][\/vc_column][vc_column width=&#8221;1\/4&#8243;][vc_single_image image=&#8221;2517&#8243; img_size=&#8221;100&#215;100&#8243;][elx_heading font_size=&#8221;h2&#8243; text_color=&#8221;cat-cook&#8221;]H\u00f8j ydeevne[\/elx_heading][vc_column_text el_class=&#8221;p-16&#8243;]Med HP Power Grill Energy Control kan du reducere tilberedningstiden, spare p\u00e5 energien og bruge forskellige tilberedningsniveauer. Grillen kan holdes p\u00e5 en lav temperatur, n\u00e5r den ikke bruges, og n\u00e5 en max temperatur p\u00e5 rekordtid, n\u00e5r den igen skal i brug.[\/vc_column_text][vc_empty_space][\/vc_column][\/vc_row][vc_row][vc_column css=&#8221;.vc_custom_1613651642185{margin-top: 50px !important;border-top-width: 1px !important;padding-top: 20px !important;border-top-color: #dadfe1 !important;border-top-style: solid !important;}&#8221;][vc_empty_space][\/vc_column][\/vc_row][vc_row][vc_column width=&#8221;1\/2&#8243;][vc_empty_space][elx_heading font_container=&#8221;h5&#8243; font_size=&#8221;h5&#8243; text_color=&#8221;electrolux-blue&#8221; text_align=&#8221;text-left&#8221;]Med den elektriske HP Power Grill kan du endelig f\u00e5 en grill med h\u00f8j ydeevne, som du kan bruge, ligegyldigt hvor du befinder dig &#8211; ogs\u00e5 i gasfri omr\u00e5der som fx shoppingcentre[\/elx_heading][\/vc_column][vc_column width=&#8221;1\/2&#8243;][vc_single_image image=&#8221;2518&#8243; img_size=&#8221;full&#8221;][vc_row_inner][vc_column_inner offset=&#8221;vc_hidden-lg vc_hidden-md vc_hidden-sm&#8221;][vc_empty_space][\/vc_column_inner][\/vc_row_inner][\/vc_column][\/vc_row][vc_row][vc_column width=&#8221;1\/2&#8243;][elx_video_block background_image=&#8221;8799&#8243; video_link=&#8221;https:\/\/www.youtube.com\/watch?v=V2p676XTGEk&#8221; minimum_height=&#8221;277px&#8221;][\/vc_column][vc_column width=&#8221;1\/2&#8243;][vc_empty_space height=&#8221;20px&#8221;][vc_column_text css=&#8221;.vc_custom_1582899977701{margin-bottom: 20px !important;}&#8221;]<\/p>\n<h6 style=\"line-height: 1.2em;\">Se video eller download brochuren, og opdag de mange fordele ved en professionel grill \u2013 HP Power Grill fra Electrolux Professional<\/h6>\n<p>[\/vc_column_text][vc_empty_space height=&#8221;20px&#8221;][vc_row_inner][vc_column_inner width=&#8221;1\/6&#8243;][vc_empty_space height=&#8221;20px&#8221;][\/vc_column_inner][vc_column_inner width=&#8221;3\/6&#8243;][elx_download_block text=&#8221;Elektrisk Power Grill Brochure&#8221; file_picker=&#8221;19099&#8243; background_color=&#8221;cat-ventilation&#8221; reveal_effect=&#8221;&#8221; reveal_duration=&#8221;&#8221; reveal_delay=&#8221;&#8221;][\/vc_column_inner][vc_column_inner width=&#8221;2\/6&#8243;][\/vc_column_inner][\/vc_row_inner][\/vc_column][\/vc_row][vc_row full_width=&#8221;electroluxpro-full-width-no-padding&#8221; css=&#8221;.vc_custom_1613651462119{margin-top: 60px !important;}&#8221;][vc_column][vc_row_inner][vc_column_inner width=&#8221;1\/3&#8243;][vc_column_text]<\/p>\n<hr \/>\n<p>[\/vc_column_text][\/vc_column_inner][vc_column_inner width=&#8221;1\/3&#8243;][elx_button button_text=&#8221;se mere tilbeh\u00f8r til det professionelle k\u00f8kken&#8221; button_style=&#8221;default&#8221; button_display_block=&#8221;display_block_on&#8221; button_alignment=&#8221;align_center&#8221; button_link=&#8221;url:https%3A%2F%2Fwww.electroluxprofessional.com%2Fdk%2Ftilbehoer-til-det-professionelle-koekken%2F|title:Tilbeh%C3%B8r%20til%20det%20professionelle%20k%C3%B8kken|target:%20_blank|&#8221;][\/vc_column_inner][vc_column_inner width=&#8221;1\/3&#8243;][vc_column_text]<\/p>\n<hr \/>\n<p>[\/vc_column_text][\/vc_column_inner][\/vc_row_inner][\/vc_column][\/vc_row][vc_row css=&#8221;.vc_custom_1613651473854{margin-top: 40px !important;}&#8221;][vc_column][elx_heading text_color=&#8221;inherit&#8221;]Find ud af hvad vores elektriske HP Power Grill kan g\u00f8re for din virksomhed[\/elx_heading][\/vc_column][\/vc_row][vc_row css=&#8221;.vc_custom_1613651473854{margin-top: 40px !important;}&#8221;][vc_column width=&#8221;1\/4&#8243; offset=&#8221;vc_hidden-xs&#8221;][vc_empty_space][\/vc_column][vc_column width=&#8221;1\/2&#8243;][elx_o2000_contact_us r=&#8221;Jeg vil gerne h\u00f8re mere om jeres elektriske Power Grill. Kontakt mig venligst.&#8221; s=&#8221;Ang\u00e5ende Electric PowerGrill&#8221; country=&#8221;Denmark&#8221; l=&#8221;dk&#8221; e=&#8221;steen.rasmussen@electroluxprofessional.com&#8221; container=&#8221;elxcontactus1486978248&#8243;][\/vc_column][vc_column width=&#8221;1\/4&#8243;][\/vc_column][\/vc_row][vc_row][vc_column][vc_empty_space][elx_heading font_container=&#8221;h3&#8243; text_color=&#8221;inherit&#8221; text_align=&#8221;text-center&#8221;]Find den helt ideele pakkel\u00f8sning til din virksomhed[\/elx_heading][\/vc_column][\/vc_row][vc_row][vc_column width=&#8221;1\/3&#8243;][elx_maylike_box id_box=&#8221;337&#8243;][\/vc_column][vc_column width=&#8221;1\/3&#8243;][elx_maylike_box id_box=&#8221;1758&#8243;][\/vc_column][vc_column width=&#8221;1\/3&#8243;][elx_maylike_box id_box=&#8221;1868&#8243;][\/vc_column][\/vc_row]<\/p>\n","protected":false},"excerpt":{"rendered":"<p>[vc_row full_width=&#8221;electroluxpro-full-width-no-padding&#8221;][vc_column][elx_hero_slider label_text_color=&#8221;inherit&#8221; images=&#8221;9098&#8243;][elx_heading font_size=&#8221;h2&#8243; text_color=&#8221;electrolux-blue&#8221;]Elektrisk HP Power Grill[\/elx_heading][vc_column_text]\u2013 en h\u00f8jtydende professionel grill[\/vc_column_text][\/elx_hero_slider][\/vc_column][\/vc_row][vc_row][vc_column][vc_empty_space][elx_heading font_container=&#8221;h1&#8243; font_size=&#8221;h1&#8243; text_color=&#8221;inherit&#8221; text_align=&#8221;text-left&#8221;]Enest\u00e5ende grillresultat uden at maden br\u00e6nder p\u00e5 \u2013 og som samtidigt bliver varm p\u00e5 et \u00f8jeblik![\/elx_heading][vc_empty_space][\/vc_column][\/vc_row][vc_row][vc_column width=&#8221;1\/6&#8243;][vc_empty_space][\/vc_column][vc_column width=&#8221;2\/3&#8243;][vc_column_text el_class=&#8221;p-16&#8243;]Vi pr\u00e6senterer hermed den energieffektive elektriske HP Power Grill fra Electrolux. HP for High Productivity (h\u00f8j produktivitet) og High Performance (h\u00f8j [&hellip;]<\/p>\n","protected":false},"author":5,"featured_media":0,"parent":0,"menu_order":0,"comment_status":"closed","ping_status":"closed","template":"","meta":{"footnotes":""},"class_list":["post-2902","page","type-page","status-publish","hentry"],"acf":[],"yoast_head":"<!-- This site is optimized with the Yoast SEO plugin v23.3 - https:\/\/yoast.com\/wordpress\/plugins\/seo\/ -->\n<title>Elektrisk HP Power Grill \u2013 til det professionelle k\u00f8kken<\/title>\n<meta name=\"description\" content=\"Med den elektriske HP Power Grill kan du endelig f\u00e5 en professionel grill med h\u00f8j ydeevne, som du kan bruge, ligegyldigt hvor du befinder dig \u2013 ogs\u00e5 i gasfri omr\u00e5der som fx shoppingcentre\" \/>\n<meta name=\"robots\" content=\"index, follow, max-snippet:-1, max-image-preview:large, max-video-preview:-1\" \/>\n<link rel=\"canonical\" href=\"https:\/\/www.electroluxprofessional.com\/dk\/professionel-grill\/\" \/>\n<meta property=\"og:locale\" content=\"da_DK\" \/>\n<meta property=\"og:type\" content=\"article\" \/>\n<meta property=\"og:title\" content=\"Elektrisk HP Power Grill \u2013 til det professionelle k\u00f8kken\" \/>\n<meta property=\"og:description\" content=\"Med den elektriske HP Power Grill kan du endelig f\u00e5 en professionel grill med h\u00f8j ydeevne, som du kan bruge, ligegyldigt hvor du befinder dig \u2013 ogs\u00e5 i gasfri omr\u00e5der som fx shoppingcentre\" \/>\n<meta property=\"og:url\" content=\"https:\/\/www.electroluxprofessional.com\/dk\/professionel-grill\/\" \/>\n<meta property=\"og:site_name\" content=\"Electrolux Professional Danmark\" \/>\n<meta property=\"article:modified_time\" content=\"2025-11-05T16:55:20+00:00\" \/>\n<meta name=\"twitter:card\" content=\"summary_large_image\" \/>\n<meta name=\"twitter:label1\" content=\"Estimeret l\u00e6setid\" \/>\n\t<meta name=\"twitter:data1\" content=\"3 minutter\" \/>\n<script type=\"application\/ld+json\" class=\"yoast-schema-graph\">{\"@context\":\"https:\/\/schema.org\",\"@graph\":[{\"@type\":\"WebPage\",\"@id\":\"https:\/\/www.electroluxprofessional.com\/dk\/professionel-grill\/\",\"url\":\"https:\/\/www.electroluxprofessional.com\/dk\/professionel-grill\/\",\"name\":\"Elektrisk HP Power Grill \u2013 til det professionelle k\u00f8kken\",\"isPartOf\":{\"@id\":\"https:\/\/www.electroluxprofessional.com\/dk\/#website\"},\"datePublished\":\"2022-03-08T08:00:43+00:00\",\"dateModified\":\"2025-11-05T16:55:20+00:00\",\"description\":\"Med den elektriske HP Power Grill kan du endelig f\u00e5 en professionel grill med h\u00f8j ydeevne, som du kan bruge, ligegyldigt hvor du befinder dig \u2013 ogs\u00e5 i gasfri omr\u00e5der som fx shoppingcentre\",\"breadcrumb\":{\"@id\":\"https:\/\/www.electroluxprofessional.com\/dk\/professionel-grill\/#breadcrumb\"},\"inLanguage\":\"da-DK\",\"potentialAction\":[{\"@type\":\"ReadAction\",\"target\":[\"https:\/\/www.electroluxprofessional.com\/dk\/professionel-grill\/\"]}]},{\"@type\":\"BreadcrumbList\",\"@id\":\"https:\/\/www.electroluxprofessional.com\/dk\/professionel-grill\/#breadcrumb\",\"itemListElement\":[{\"@type\":\"ListItem\",\"position\":1,\"name\":\"Home\",\"item\":\"https:\/\/www.electroluxprofessional.com\/dk\/\"},{\"@type\":\"ListItem\",\"position\":2,\"name\":\"Professionel grill \u2013 Electric HP Power Grill\"}]},{\"@type\":\"WebSite\",\"@id\":\"https:\/\/www.electroluxprofessional.com\/dk\/#website\",\"url\":\"https:\/\/www.electroluxprofessional.com\/dk\/\",\"name\":\"Electrolux Professional Danmark\",\"description\":\"\",\"potentialAction\":[{\"@type\":\"SearchAction\",\"target\":{\"@type\":\"EntryPoint\",\"urlTemplate\":\"https:\/\/www.electroluxprofessional.com\/dk\/?src={search_term_string}\"},\"query-input\":\"required name=search_term_string\"}],\"inLanguage\":\"da-DK\"}]}<\/script>\n<!-- \/ Yoast SEO plugin. -->","yoast_head_json":{"title":"Elektrisk HP Power Grill \u2013 til det professionelle k\u00f8kken","description":"Med den elektriske HP Power Grill kan du endelig f\u00e5 en professionel grill med h\u00f8j ydeevne, som du kan bruge, ligegyldigt hvor du befinder dig \u2013 ogs\u00e5 i gasfri omr\u00e5der som fx shoppingcentre","robots":{"index":"index","follow":"follow","max-snippet":"max-snippet:-1","max-image-preview":"max-image-preview:large","max-video-preview":"max-video-preview:-1"},"canonical":"https:\/\/www.electroluxprofessional.com\/dk\/professionel-grill\/","og_locale":"da_DK","og_type":"article","og_title":"Elektrisk HP Power Grill \u2013 til det professionelle k\u00f8kken","og_description":"Med den elektriske HP Power Grill kan du endelig f\u00e5 en professionel grill med h\u00f8j ydeevne, som du kan bruge, ligegyldigt hvor du befinder dig \u2013 ogs\u00e5 i gasfri omr\u00e5der som fx shoppingcentre","og_url":"https:\/\/www.electroluxprofessional.com\/dk\/professionel-grill\/","og_site_name":"Electrolux Professional Danmark","article_modified_time":"2025-11-05T16:55:20+00:00","twitter_card":"summary_large_image","twitter_misc":{"Estimeret l\u00e6setid":"3 minutter"},"schema":{"@context":"https:\/\/schema.org","@graph":[{"@type":"WebPage","@id":"https:\/\/www.electroluxprofessional.com\/dk\/professionel-grill\/","url":"https:\/\/www.electroluxprofessional.com\/dk\/professionel-grill\/","name":"Elektrisk HP Power Grill \u2013 til det professionelle k\u00f8kken","isPartOf":{"@id":"https:\/\/www.electroluxprofessional.com\/dk\/#website"},"datePublished":"2022-03-08T08:00:43+00:00","dateModified":"2025-11-05T16:55:20+00:00","description":"Med den elektriske HP Power Grill kan du endelig f\u00e5 en professionel grill med h\u00f8j ydeevne, som du kan bruge, ligegyldigt hvor du befinder dig \u2013 ogs\u00e5 i gasfri omr\u00e5der som fx shoppingcentre","breadcrumb":{"@id":"https:\/\/www.electroluxprofessional.com\/dk\/professionel-grill\/#breadcrumb"},"inLanguage":"da-DK","potentialAction":[{"@type":"ReadAction","target":["https:\/\/www.electroluxprofessional.com\/dk\/professionel-grill\/"]}]},{"@type":"BreadcrumbList","@id":"https:\/\/www.electroluxprofessional.com\/dk\/professionel-grill\/#breadcrumb","itemListElement":[{"@type":"ListItem","position":1,"name":"Home","item":"https:\/\/www.electroluxprofessional.com\/dk\/"},{"@type":"ListItem","position":2,"name":"Professionel grill \u2013 Electric HP Power Grill"}]},{"@type":"WebSite","@id":"https:\/\/www.electroluxprofessional.com\/dk\/#website","url":"https:\/\/www.electroluxprofessional.com\/dk\/","name":"Electrolux Professional Danmark","description":"","potentialAction":[{"@type":"SearchAction","target":{"@type":"EntryPoint","urlTemplate":"https:\/\/www.electroluxprofessional.com\/dk\/?src={search_term_string}"},"query-input":"required name=search_term_string"}],"inLanguage":"da-DK"}]}},"_links":{"self":[{"href":"https:\/\/www.electroluxprofessional.com\/dk\/wp-json\/wp\/v2\/pages\/2902"}],"collection":[{"href":"https:\/\/www.electroluxprofessional.com\/dk\/wp-json\/wp\/v2\/pages"}],"about":[{"href":"https:\/\/www.electroluxprofessional.com\/dk\/wp-json\/wp\/v2\/types\/page"}],"author":[{"embeddable":true,"href":"https:\/\/www.electroluxprofessional.com\/dk\/wp-json\/wp\/v2\/users\/5"}],"replies":[{"embeddable":true,"href":"https:\/\/www.electroluxprofessional.com\/dk\/wp-json\/wp\/v2\/comments?post=2902"}],"version-history":[{"count":24,"href":"https:\/\/www.electroluxprofessional.com\/dk\/wp-json\/wp\/v2\/pages\/2902\/revisions"}],"predecessor-version":[{"id":30747,"href":"https:\/\/www.electroluxprofessional.com\/dk\/wp-json\/wp\/v2\/pages\/2902\/revisions\/30747"}],"wp:attachment":[{"href":"https:\/\/www.electroluxprofessional.com\/dk\/wp-json\/wp\/v2\/media?parent=2902"}],"curies":[{"name":"wp","href":"https:\/\/api.w.org\/{rel}","templated":true}]}}