{"id":28468,"date":"2025-08-13T14:37:51","date_gmt":"2025-08-13T14:37:51","guid":{"rendered":"https:\/\/www.electroluxprofessional.com\/dk\/?page_id=28468"},"modified":"2025-08-14T10:16:15","modified_gmt":"2025-08-14T10:16:15","slug":"mypro-kontaktformular","status":"publish","type":"page","link":"https:\/\/www.electroluxprofessional.com\/dk\/mypro-kontaktformular\/","title":{"rendered":"myPRO kontaktformula"},"content":{"rendered":"<p>[vc_row full_width=&#8221;electroluxpro-full-width&#8221; css=&#8221;.vc_custom_1725892506009{background-color: #041e41 !important;}&#8221;][vc_column css=&#8221;.vc_custom_1755166527116{padding-top: 70px !important;padding-bottom: 30px !important;}&#8221;][vc_row_inner matched_labels=&#8221;&#8221; css=&#8221;.vc_custom_1755166571650{margin-top: 30px !important;}&#8221;][vc_column_inner][elx_heading font_container=&#8221;h1&#8243; text_color=&#8221;white&#8221; text_align=&#8221;text-center&#8221;]Udfyld formularen, s\u00e5 kontakter vi dig[\/elx_heading][\/vc_column_inner][\/vc_row_inner][\/vc_column][\/vc_row][vc_row css=&#8221;.vc_custom_1653911163774{margin-top: 40px !important;}&#8221; el_id=&#8221;maengden&#8221;][vc_column width=&#8221;1\/12&#8243; css=&#8221;.vc_custom_1653915793471{margin-top: 70px !important;}&#8221; offset=&#8221;vc_hidden-xs&#8221;][vc_empty_space][\/vc_column][vc_column width=&#8221;7\/12&#8243; css=&#8221;.vc_custom_1725892623434{margin-top: 70px !important;padding-right: 20px !important;padding-left: 20px !important;}&#8221;][elx_o2000_contact_us request_type=&#8221;Quotation&#8221; country=&#8221;Denmark&#8221; b=&#8221;laundry-semi-professional&#8221; text_color=&#8221;#14133B&#8221;][\/vc_column][vc_column width=&#8221;4\/12&#8243; offset=&#8221;vc_hidden-xs&#8221;][vc_single_image image=&#8221;24087&#8243; img_size=&#8221;full&#8221; css=&#8221;.vc_custom_1653911072344{padding-top: 40px !important;padding-bottom: 40px !important;}&#8221;][\/vc_column][\/vc_row][vc_row][vc_column][vc_empty_space height=&#8221;40px&#8221;][\/vc_column][\/vc_row]<\/p>\n","protected":false},"excerpt":{"rendered":"<p>[vc_row full_width=&#8221;electroluxpro-full-width&#8221; css=&#8221;.vc_custom_1725892506009{background-color: #041e41 !important;}&#8221;][vc_column css=&#8221;.vc_custom_1755166527116{padding-top: 70px !important;padding-bottom: 30px !important;}&#8221;][vc_row_inner matched_labels=&#8221;&#8221; css=&#8221;.vc_custom_1755166571650{margin-top: 30px !important;}&#8221;][vc_column_inner][elx_heading font_container=&#8221;h1&#8243; text_color=&#8221;white&#8221; text_align=&#8221;text-center&#8221;]Udfyld formularen, s\u00e5 kontakter vi dig[\/elx_heading][\/vc_column_inner][\/vc_row_inner][\/vc_column][\/vc_row][vc_row css=&#8221;.vc_custom_1653911163774{margin-top: 40px !important;}&#8221; el_id=&#8221;maengden&#8221;][vc_column width=&#8221;1\/12&#8243; css=&#8221;.vc_custom_1653915793471{margin-top: 70px !important;}&#8221; offset=&#8221;vc_hidden-xs&#8221;][vc_empty_space][\/vc_column][vc_column width=&#8221;7\/12&#8243; css=&#8221;.vc_custom_1725892623434{margin-top: 70px !important;padding-right: 20px !important;padding-left: 20px !important;}&#8221;][elx_o2000_contact_us request_type=&#8221;Quotation&#8221; country=&#8221;Denmark&#8221; b=&#8221;laundry-semi-professional&#8221; text_color=&#8221;#14133B&#8221;][\/vc_column][vc_column width=&#8221;4\/12&#8243; offset=&#8221;vc_hidden-xs&#8221;][vc_single_image image=&#8221;24087&#8243; img_size=&#8221;full&#8221; css=&#8221;.vc_custom_1653911072344{padding-top: 40px !important;padding-bottom: 40px !important;}&#8221;][\/vc_column][\/vc_row][vc_row][vc_column][vc_empty_space height=&#8221;40px&#8221;][\/vc_column][\/vc_row]<\/p>\n","protected":false},"author":64,"featured_media":27621,"parent":0,"menu_order":0,"comment_status":"closed","ping_status":"closed","template":"","meta":{"footnotes":""},"class_list":["post-28468","page","type-page","status-publish","has-post-thumbnail","hentry"],"acf":[],"yoast_head":"<!-- This site is optimized with the Yoast SEO plugin v23.3 - https:\/\/yoast.com\/wordpress\/plugins\/seo\/ -->\n<title>myPRO kontaktformula - Electrolux Professional Danmark<\/title>\n<meta name=\"description\" content=\"4 ting, som den mindre virksomhed eller boligforening b\u00f8r overveje inden k\u00f8b af vaskerimaskiner til arbejdst\u00f8j, h\u00e5ndkl\u00e6der, linned m.v.\" \/>\n<meta name=\"robots\" content=\"index, follow, max-snippet:-1, max-image-preview:large, max-video-preview:-1\" \/>\n<link rel=\"canonical\" href=\"https:\/\/www.electroluxprofessional.com\/dk\/mypro-kontaktformular\/\" \/>\n<meta property=\"og:locale\" content=\"da_DK\" \/>\n<meta property=\"og:type\" content=\"article\" \/>\n<meta property=\"og:title\" content=\"myPRO kontaktformula - Electrolux Professional Danmark\" \/>\n<meta property=\"og:description\" content=\"4 ting, som den mindre virksomhed eller boligforening b\u00f8r overveje inden k\u00f8b af vaskerimaskiner til arbejdst\u00f8j, h\u00e5ndkl\u00e6der, linned m.v.\" \/>\n<meta property=\"og:url\" content=\"https:\/\/www.electroluxprofessional.com\/dk\/mypro-kontaktformular\/\" \/>\n<meta property=\"og:site_name\" content=\"Electrolux Professional Danmark\" \/>\n<meta property=\"article:modified_time\" content=\"2025-08-14T10:16:15+00:00\" \/>\n<meta property=\"og:image\" content=\"https:\/\/www.electroluxprofessional.com\/dk\/wp-content\/uploads\/2024\/05\/myPROzip-washer-and-dryer_200kb-1.jpg\" \/>\n\t<meta property=\"og:image:width\" content=\"2000\" \/>\n\t<meta property=\"og:image:height\" content=\"1489\" \/>\n\t<meta property=\"og:image:type\" content=\"image\/jpeg\" \/>\n<meta name=\"twitter:card\" content=\"summary_large_image\" \/>\n<meta name=\"twitter:label1\" content=\"Estimeret l\u00e6setid\" \/>\n\t<meta name=\"twitter:data1\" content=\"1 minut\" \/>\n<script type=\"application\/ld+json\" class=\"yoast-schema-graph\">{\"@context\":\"https:\/\/schema.org\",\"@graph\":[{\"@type\":\"WebPage\",\"@id\":\"https:\/\/www.electroluxprofessional.com\/dk\/mypro-kontaktformular\/\",\"url\":\"https:\/\/www.electroluxprofessional.com\/dk\/mypro-kontaktformular\/\",\"name\":\"myPRO kontaktformula - Electrolux Professional Danmark\",\"isPartOf\":{\"@id\":\"https:\/\/www.electroluxprofessional.com\/dk\/#website\"},\"primaryImageOfPage\":{\"@id\":\"https:\/\/www.electroluxprofessional.com\/dk\/mypro-kontaktformular\/#primaryimage\"},\"image\":{\"@id\":\"https:\/\/www.electroluxprofessional.com\/dk\/mypro-kontaktformular\/#primaryimage\"},\"thumbnailUrl\":\"https:\/\/www.electroluxprofessional.com\/dk\/wp-content\/uploads\/2024\/05\/myPROzip-washer-and-dryer_200kb-1.jpg\",\"datePublished\":\"2025-08-13T14:37:51+00:00\",\"dateModified\":\"2025-08-14T10:16:15+00:00\",\"description\":\"4 ting, som den mindre virksomhed eller boligforening b\u00f8r overveje inden k\u00f8b af vaskerimaskiner til arbejdst\u00f8j, h\u00e5ndkl\u00e6der, linned m.v.\",\"breadcrumb\":{\"@id\":\"https:\/\/www.electroluxprofessional.com\/dk\/mypro-kontaktformular\/#breadcrumb\"},\"inLanguage\":\"da-DK\",\"potentialAction\":[{\"@type\":\"ReadAction\",\"target\":[\"https:\/\/www.electroluxprofessional.com\/dk\/mypro-kontaktformular\/\"]}]},{\"@type\":\"ImageObject\",\"inLanguage\":\"da-DK\",\"@id\":\"https:\/\/www.electroluxprofessional.com\/dk\/mypro-kontaktformular\/#primaryimage\",\"url\":\"https:\/\/www.electroluxprofessional.com\/dk\/wp-content\/uploads\/2024\/05\/myPROzip-washer-and-dryer_200kb-1.jpg\",\"contentUrl\":\"https:\/\/www.electroluxprofessional.com\/dk\/wp-content\/uploads\/2024\/05\/myPROzip-washer-and-dryer_200kb-1.jpg\",\"width\":2000,\"height\":1489},{\"@type\":\"BreadcrumbList\",\"@id\":\"https:\/\/www.electroluxprofessional.com\/dk\/mypro-kontaktformular\/#breadcrumb\",\"itemListElement\":[{\"@type\":\"ListItem\",\"position\":1,\"name\":\"Home\",\"item\":\"https:\/\/www.electroluxprofessional.com\/dk\/\"},{\"@type\":\"ListItem\",\"position\":2,\"name\":\"myPRO kontaktformula\"}]},{\"@type\":\"WebSite\",\"@id\":\"https:\/\/www.electroluxprofessional.com\/dk\/#website\",\"url\":\"https:\/\/www.electroluxprofessional.com\/dk\/\",\"name\":\"Electrolux Professional Danmark\",\"description\":\"\",\"potentialAction\":[{\"@type\":\"SearchAction\",\"target\":{\"@type\":\"EntryPoint\",\"urlTemplate\":\"https:\/\/www.electroluxprofessional.com\/dk\/?src={search_term_string}\"},\"query-input\":\"required name=search_term_string\"}],\"inLanguage\":\"da-DK\"}]}<\/script>\n<!-- \/ Yoast SEO plugin. -->","yoast_head_json":{"title":"myPRO kontaktformula - Electrolux Professional Danmark","description":"4 ting, som den mindre virksomhed eller boligforening b\u00f8r overveje inden k\u00f8b af vaskerimaskiner til arbejdst\u00f8j, h\u00e5ndkl\u00e6der, linned m.v.","robots":{"index":"index","follow":"follow","max-snippet":"max-snippet:-1","max-image-preview":"max-image-preview:large","max-video-preview":"max-video-preview:-1"},"canonical":"https:\/\/www.electroluxprofessional.com\/dk\/mypro-kontaktformular\/","og_locale":"da_DK","og_type":"article","og_title":"myPRO kontaktformula - Electrolux Professional Danmark","og_description":"4 ting, som den mindre virksomhed eller boligforening b\u00f8r overveje inden k\u00f8b af vaskerimaskiner til arbejdst\u00f8j, h\u00e5ndkl\u00e6der, linned m.v.","og_url":"https:\/\/www.electroluxprofessional.com\/dk\/mypro-kontaktformular\/","og_site_name":"Electrolux Professional Danmark","article_modified_time":"2025-08-14T10:16:15+00:00","og_image":[{"width":2000,"height":1489,"url":"https:\/\/www.electroluxprofessional.com\/dk\/wp-content\/uploads\/2024\/05\/myPROzip-washer-and-dryer_200kb-1.jpg","type":"image\/jpeg"}],"twitter_card":"summary_large_image","twitter_misc":{"Estimeret l\u00e6setid":"1 minut"},"schema":{"@context":"https:\/\/schema.org","@graph":[{"@type":"WebPage","@id":"https:\/\/www.electroluxprofessional.com\/dk\/mypro-kontaktformular\/","url":"https:\/\/www.electroluxprofessional.com\/dk\/mypro-kontaktformular\/","name":"myPRO kontaktformula - Electrolux Professional Danmark","isPartOf":{"@id":"https:\/\/www.electroluxprofessional.com\/dk\/#website"},"primaryImageOfPage":{"@id":"https:\/\/www.electroluxprofessional.com\/dk\/mypro-kontaktformular\/#primaryimage"},"image":{"@id":"https:\/\/www.electroluxprofessional.com\/dk\/mypro-kontaktformular\/#primaryimage"},"thumbnailUrl":"https:\/\/www.electroluxprofessional.com\/dk\/wp-content\/uploads\/2024\/05\/myPROzip-washer-and-dryer_200kb-1.jpg","datePublished":"2025-08-13T14:37:51+00:00","dateModified":"2025-08-14T10:16:15+00:00","description":"4 ting, som den mindre virksomhed eller boligforening b\u00f8r overveje inden k\u00f8b af vaskerimaskiner til arbejdst\u00f8j, h\u00e5ndkl\u00e6der, linned m.v.","breadcrumb":{"@id":"https:\/\/www.electroluxprofessional.com\/dk\/mypro-kontaktformular\/#breadcrumb"},"inLanguage":"da-DK","potentialAction":[{"@type":"ReadAction","target":["https:\/\/www.electroluxprofessional.com\/dk\/mypro-kontaktformular\/"]}]},{"@type":"ImageObject","inLanguage":"da-DK","@id":"https:\/\/www.electroluxprofessional.com\/dk\/mypro-kontaktformular\/#primaryimage","url":"https:\/\/www.electroluxprofessional.com\/dk\/wp-content\/uploads\/2024\/05\/myPROzip-washer-and-dryer_200kb-1.jpg","contentUrl":"https:\/\/www.electroluxprofessional.com\/dk\/wp-content\/uploads\/2024\/05\/myPROzip-washer-and-dryer_200kb-1.jpg","width":2000,"height":1489},{"@type":"BreadcrumbList","@id":"https:\/\/www.electroluxprofessional.com\/dk\/mypro-kontaktformular\/#breadcrumb","itemListElement":[{"@type":"ListItem","position":1,"name":"Home","item":"https:\/\/www.electroluxprofessional.com\/dk\/"},{"@type":"ListItem","position":2,"name":"myPRO kontaktformula"}]},{"@type":"WebSite","@id":"https:\/\/www.electroluxprofessional.com\/dk\/#website","url":"https:\/\/www.electroluxprofessional.com\/dk\/","name":"Electrolux Professional Danmark","description":"","potentialAction":[{"@type":"SearchAction","target":{"@type":"EntryPoint","urlTemplate":"https:\/\/www.electroluxprofessional.com\/dk\/?src={search_term_string}"},"query-input":"required name=search_term_string"}],"inLanguage":"da-DK"}]}},"_links":{"self":[{"href":"https:\/\/www.electroluxprofessional.com\/dk\/wp-json\/wp\/v2\/pages\/28468"}],"collection":[{"href":"https:\/\/www.electroluxprofessional.com\/dk\/wp-json\/wp\/v2\/pages"}],"about":[{"href":"https:\/\/www.electroluxprofessional.com\/dk\/wp-json\/wp\/v2\/types\/page"}],"author":[{"embeddable":true,"href":"https:\/\/www.electroluxprofessional.com\/dk\/wp-json\/wp\/v2\/users\/64"}],"replies":[{"embeddable":true,"href":"https:\/\/www.electroluxprofessional.com\/dk\/wp-json\/wp\/v2\/comments?post=28468"}],"version-history":[{"count":16,"href":"https:\/\/www.electroluxprofessional.com\/dk\/wp-json\/wp\/v2\/pages\/28468\/revisions"}],"predecessor-version":[{"id":30049,"href":"https:\/\/www.electroluxprofessional.com\/dk\/wp-json\/wp\/v2\/pages\/28468\/revisions\/30049"}],"wp:featuredmedia":[{"embeddable":true,"href":"https:\/\/www.electroluxprofessional.com\/dk\/wp-json\/wp\/v2\/media\/27621"}],"wp:attachment":[{"href":"https:\/\/www.electroluxprofessional.com\/dk\/wp-json\/wp\/v2\/media?parent=28468"}],"curies":[{"name":"wp","href":"https:\/\/api.w.org\/{rel}","templated":true}]}}