{"id":27977,"date":"2024-07-24T08:23:49","date_gmt":"2024-07-24T08:23:49","guid":{"rendered":"https:\/\/www.electroluxprofessional.com\/dk\/?page_id=27977"},"modified":"2025-11-05T16:52:15","modified_gmt":"2025-11-05T16:52:15","slug":"multislim-kompakt-ovn","status":"publish","type":"page","link":"https:\/\/www.electroluxprofessional.com\/dk\/multislim-kompakt-ovn\/","title":{"rendered":"MultiSlim kompakt ovn"},"content":{"rendered":"<p>[vc_row full_width=&#8221;electroluxpro-full-width-no-padding&#8221;][vc_column][vc_single_image image=&#8221;27973&#8243; img_size=&#8221;2000&#215;350&#8243; alignment=&#8221;center&#8221;][\/vc_column][\/vc_row][vc_row][vc_column][vc_empty_space][elx_heading font_container=&#8221;h1&#8243; font_size=&#8221;h3&#8243; text_color=&#8221;inherit&#8221;]MultiSlim kompakt ovn[\/elx_heading][vc_empty_space][\/vc_column][\/vc_row][vc_row][vc_column width=&#8221;2\/3&#8243;][vc_column_text]Mangler du plads i dit k\u00f8kken?<br \/>\nHar du brug for at reducere driftsomkostningerne uden at g\u00e5 p\u00e5 kompromis med madlavningskvaliteten?<\/p>\n<p>Den nye<strong> MultiSlim kompakte ovn<\/strong> passer perfekt til din restaurant og bar.[\/vc_column_text][\/vc_column][vc_column width=&#8221;1\/3&#8243;][elx_download_block text=&#8221;Hent<br \/>\nMultiSlim kompakt ovn<br \/>\nbrochure og opskrifter (p\u00e5 engelsk)&#8221; document_type=&#8221;brochures&#8221; background_color=&#8221;electrolux-blue&#8221; br_document_number=&#8221;BR-9JE00182&#8243;][\/vc_column][\/vc_row][vc_row][vc_column width=&#8221;1\/3&#8243;][elx_icons icon_size=&#8221;elx-icon-large&#8221; alignment=&#8221;left&#8221; icon_electroluxpro=&#8221;elx-icon icon-circle-savings-green-blue&#8221;][elx_heading font_size=&#8221;h5&#8243; text_color=&#8221;inherit&#8221;]Gr\u00f8nne besparelser[\/elx_heading][vc_column_text]Ved at bruge op til <strong>15 % mindre<\/strong> vand end almindelige injektionsovne er MultiSlim kompaktovn bedre for milj\u00f8et og sparer p\u00e5 dine regninger.[\/vc_column_text][\/vc_column][vc_column width=&#8221;1\/3&#8243;][elx_icons icon_size=&#8221;elx-icon-large&#8221; icon_electroluxpro=&#8221;elx-icon icon-circle-measurements-blue&#8221;][elx_heading font_size=&#8221;h5&#8243; text_color=&#8221;inherit&#8221;]Madlavning p\u00e5 mindre plads[\/elx_heading][vc_column_text]Pladsbesparende dimensioner, <strong>kun 0,42 m2<\/strong>,\u00a0g\u00f8r MultiSlim kompakt ovn ideel til sm\u00e5 k\u00f8kkener.<br \/>\nH\u00f8jre eller venstre d\u00f8r\u00e5bning. Hvis dit k\u00f8kkenlayout \u00e6ndrer sig, skal du blot udskifte d\u00f8ren p\u00e5 stedet med en, der \u00e5bner den anden vej.[\/vc_column_text][\/vc_column][vc_column width=&#8221;1\/3&#8243;][vc_single_image image=&#8221;27974&#8243; img_size=&#8221;full&#8221;][elx_heading font_size=&#8221;h5&#8243; text_color=&#8221;inherit&#8221;]Langvarig kvalitet[\/elx_heading][vc_column_text]<strong>MultiSlim kompakt ovn<\/strong> er designet til langvarig og hyppig brug. Den multifunktionelle ovn vejer kun 72 kg og er bygget af robuste materialer af h\u00f8j kvalitet.[\/vc_column_text][\/vc_column][\/vc_row][vc_row][vc_column css=&#8221;.vc_custom_1516182416648{padding-top: 40px !important;}&#8221;][vc_empty_space][\/vc_column][\/vc_row][vc_row css=&#8221;.vc_custom_1516626289472{background-color: #eeeeee !important;}&#8221;][vc_column width=&#8221;1\/2&#8243;][vc_single_image image=&#8221;27975&#8243; img_size=&#8221;full&#8221;][\/vc_column][vc_column width=&#8221;1\/2&#8243;][vc_empty_space][elx_heading font_size=&#8221;h5&#8243; text_color=&#8221;inherit&#8221;]MultiSlim kompakt ovn,<br \/>\ndin menu lige ved h\u00e5nden[\/elx_heading][vc_column_text]Hurtig og nem navigation gennem programmer, funktioner og madlavningsparametre med en enkel betjening.<br \/>\n<strong>Bare tryk for at v\u00e6lge.<\/strong><\/p>\n<p>Med sin enkle programmerbare brugerflade giver MultiSlim kompakt ovn dig mulighed for at oprette, gemme og indl\u00e6se op til<strong> 99\u00a0opskrifter.<\/strong><\/p>\n<p>[\/vc_column_text][\/vc_column][\/vc_row][vc_row][vc_column css=&#8221;.vc_custom_1516182416648{padding-top: 40px !important;}&#8221;][vc_empty_space][\/vc_column][\/vc_row][vc_row][vc_column width=&#8221;1\/3&#8243;][vc_single_image image=&#8221;27976&#8243; img_size=&#8221;full&#8221;][\/vc_column][vc_column width=&#8221;1\/3&#8243;][vc_empty_space][elx_heading font_size=&#8221;h5&#8243; text_color=&#8221;inherit&#8221;]Det rigtige tilbeh\u00f8r til den perfekte opskrift[\/elx_heading][vc_column_text]Nemt og hurtigt. Se en kort liste over opskrifter og tilsluttet tilbeh\u00f8r.<br \/>\nF\u00e5 dit eksemplar nu.[\/vc_column_text][\/vc_column][vc_column width=&#8221;1\/3&#8243;][elx_download_block text=&#8221;MultiSlim kompakt ovn<br \/>\nbrochure og opskrifter&#8221; link=&#8221;https:\/\/files.professional.electrolux.com\/docs\/?n=BR-9JE00082&amp;b=5&amp;l=1&#8243; background_color=&#8221;orange&#8221;][\/vc_column][\/vc_row][vc_row][vc_column][vc_empty_space][vc_empty_space][elx_heading font_size=&#8221;h3&#8243; text_color=&#8221;inherit&#8221;]MultiSlim kompakte ovne: tekniske detaljer.[\/elx_heading]<div class=\"com21-product-filter-container 96\"><div class=\"\"><h4 class=\"text-center\">2 Produkter<\/h4><hr><\/div>\n                    <!-- PROD LIST -->\n                    <div class=\"product-list container\">\n                        <!--Hidden parameters-->\n                        <input type=\"hidden\" name=\"navigation_level_1\" id=\"navigation_level_1\" value=\"E\">\n                        <input type=\"hidden\" name=\"navigation_level_2\" id=\"navigation_level_2\" value=\"2\">\n                        <input type=\"hidden\" name=\"navigation_level_3\" id=\"navigation_level_3\" value=\"A\">\n                        <input type=\"hidden\" name=\"navigation_level_4\" id=\"navigation_level_4\" value=\"\">\n                        <input type=\"hidden\" name=\"filter_id\" id=\"filter_id\" value=\"96\">\n                        <input type=\"hidden\" name=\"navigation_language\" id=\"navigation_language\" value=\"5006\">\n                        <input type=\"hidden\" name=\"navigation_language_code\" id=\"navigation_language\" value=\"5006\">\n                        <input type=\"hidden\" name=\"page_id\" id=\"page_id\" value=\"27977\">\n                        <!--END Hidden parameters--><ul class=\"row\" ><li data-product-paged=\"\" class=\"anchor_tags_prod col-sm-6 col-md-3 wow fadeIn single-product-list 260652\"><div class=\"product-list-item\"><div class=\"product-content\"><a href=\"https:\/\/www.electroluxprofessional.com\/dk\/pd\/cook-chill\/multislim-ovens\/multislim-ovens\/multislim-compact-touch-electric-oven-6gn-1-1-with-cleaning-system-260652\/\" target=\"_blank\" ><figure><img decoding=\"async\" src=\"https:\/\/tools.electroluxprofessional.com\/Mirror\/Doc\/PH_255x255%2FPH_260650_1_1_MultiSlimOven_US_260650.jpg\" alt=\"MultiSlimCompact touch electric oven 6GN 1\/1 with cleaning system\"\/><\/figure><div class=\"product-internal\"><div class=\"product-liv\">MultiSlim Ovens<\/div><h3 class=\"product-title\">MultiSlim<br>Compact touch electric oven 6GN 1\/1 with cleaning system<\/h3><div class=\"product-icons\"><div class=\"product-green\"><\/div><div class=\"product-cod\"><div class=\"hidden type_code\">0<\/div>COD <span class=\"product-code\" >260652<\/span><\/div><div class=\"product-fast\"><\/div>\n<\/div><div class=\"product-description-fast-green\"><\/div>\n<\/div><div class=\"product-actions\"><a href=\"https:\/\/www.electroluxprofessional.com\/dk\/pd\/cook-chill\/multislim-ovens\/multislim-ovens\/multislim-compact-touch-electric-oven-6gn-1-1-with-cleaning-system-260652\/\" class=\"btn btn-primary-blue\">View more<\/a><span class=\"compare-product\"><span class=\"compare-checkbox\"><span class=\"compare-checkbox-shape\"><input type=\"checkbox\" class=\"product-comparer\" id=\"prod_260652\"\/><label class=\"btn\" for=\"prod_260652\"><span class=\"label-bg\"><\/span>Sammenlign<\/label><\/span><\/span><\/span><\/div><\/a><\/div><\/div><\/li><li data-product-paged=\"\" class=\"anchor_tags_prod col-sm-6 col-md-3 wow fadeIn single-product-list 260654\"><div class=\"product-list-item\"><div class=\"product-content\"><a href=\"https:\/\/www.electroluxprofessional.com\/dk\/pd\/cook-chill\/multislim-ovens\/multislim-ovens\/multislim-compact-touch-electric-oven-6gn-1-1-with-cleaning-system-260654\/\" target=\"_blank\" ><figure><img decoding=\"async\" src=\"https:\/\/tools.electroluxprofessional.com\/Mirror\/Doc\/PH_255x255%2FPH_260654_1_1_260654.jpg\" alt=\"MultiSlimCompact touch electric oven 6GN 1\/1 with cleaning system\"\/><\/figure><div class=\"product-internal\"><div class=\"product-liv\">MultiSlim Ovens<\/div><h3 class=\"product-title\">MultiSlim<br>Compact touch electric oven 6GN 1\/1 with cleaning system<\/h3><div class=\"product-icons\"><div class=\"product-green\"><\/div><div class=\"product-cod\"><div class=\"hidden type_code\">0<\/div>COD <span class=\"product-code\" >260654<\/span><\/div><div class=\"product-fast\"><\/div>\n<\/div><div class=\"product-description-fast-green\"><\/div>\n<\/div><div class=\"product-actions\"><a href=\"https:\/\/www.electroluxprofessional.com\/dk\/pd\/cook-chill\/multislim-ovens\/multislim-ovens\/multislim-compact-touch-electric-oven-6gn-1-1-with-cleaning-system-260654\/\" class=\"btn btn-primary-blue\">View more<\/a><span class=\"compare-product\"><span class=\"compare-checkbox\"><span class=\"compare-checkbox-shape\"><input type=\"checkbox\" class=\"product-comparer\" id=\"prod_260654\"\/><label class=\"btn\" for=\"prod_260654\"><span class=\"label-bg\"><\/span>Sammenlign<\/label><\/span><\/span><\/span><\/div><\/a><\/div><\/div><\/li>\n                        <\/ul>\n                        <div class=\"text-center more-products\">\n                        <\/div>\n                    <\/div>\n                    <!-- END PRODUCT LIST -->\n                    <\/div>\n                    <!-- END PRODUCT LIST -->[\/vc_column][\/vc_row][vc_row][vc_column][vc_empty_space][elx_heading font_size=&#8221;h3&#8243; text_color=&#8221;inherit&#8221;]\u00d8nsker du mere information?[\/elx_heading][elx_o2000_contact_us s=&#8221;Request of information about MultiSlim compact oven&#8221; r=&#8221;Hi, I&#8217;d like to find out more about MultiSlim compact oven. Please get in touch with me.&#8221; l=&#8221;en&#8221;][\/vc_column][\/vc_row][vc_row css=&#8221;.vc_custom_1517485643770{background-color: #eeeeee !important;}&#8221;][vc_column][elx_heading font_size=&#8221;h3&#8243; text_color=&#8221;inherit&#8221;]M\u00e5ske kan du ogs\u00e5 lide[\/elx_heading][vc_row_inner css=&#8221;.vc_custom_1517485631687{background-color: #eeeeee !important;}&#8221;][vc_column_inner width=&#8221;1\/3&#8243;][elx_maylike_box id_box=&#8221;2925&#8243;][\/vc_column_inner][vc_column_inner width=&#8221;1\/3&#8243;][elx_maylike_box id_box=&#8221;2861&#8243;][\/vc_column_inner][vc_column_inner width=&#8221;1\/3&#8243;][elx_maylike_box id_box=&#8221;2972&#8243;][\/vc_column_inner][\/vc_row_inner][\/vc_column][\/vc_row]<\/p>\n","protected":false},"excerpt":{"rendered":"<p>[vc_row full_width=&#8221;electroluxpro-full-width-no-padding&#8221;][vc_column][vc_single_image image=&#8221;27973&#8243; img_size=&#8221;2000&#215;350&#8243; alignment=&#8221;center&#8221;][\/vc_column][\/vc_row][vc_row][vc_column][vc_empty_space][elx_heading font_container=&#8221;h1&#8243; font_size=&#8221;h3&#8243; text_color=&#8221;inherit&#8221;]MultiSlim kompakt ovn[\/elx_heading][vc_empty_space][\/vc_column][\/vc_row][vc_row][vc_column width=&#8221;2\/3&#8243;][vc_column_text]Mangler du plads i dit k\u00f8kken? Har du brug for at reducere driftsomkostningerne uden at g\u00e5 p\u00e5 kompromis med madlavningskvaliteten? Den nye MultiSlim kompakte ovn passer perfekt til din restaurant og bar.[\/vc_column_text][\/vc_column][vc_column width=&#8221;1\/3&#8243;][elx_download_block text=&#8221;Hent MultiSlim kompakt ovn brochure og opskrifter (p\u00e5 engelsk)&#8221; document_type=&#8221;brochures&#8221; background_color=&#8221;electrolux-blue&#8221; br_document_number=&#8221;BR-9JE00182&#8243;][\/vc_column][\/vc_row][vc_row][vc_column [&hellip;]<\/p>\n","protected":false},"author":4,"featured_media":27972,"parent":0,"menu_order":0,"comment_status":"closed","ping_status":"closed","template":"","meta":{"footnotes":""},"class_list":["post-27977","page","type-page","status-publish","has-post-thumbnail","hentry"],"acf":[],"yoast_head":"<!-- This site is optimized with the Yoast SEO plugin v23.3 - https:\/\/yoast.com\/wordpress\/plugins\/seo\/ -->\n<title>MultiSlim kompakt ovn - Electrolux Professional Danmark<\/title>\n<meta name=\"description\" content=\"- Short on space? - Need to cut running costs? - No compromises on performance? - MultiSlim compact oven is your new best friend.\" \/>\n<meta name=\"robots\" content=\"index, follow, max-snippet:-1, max-image-preview:large, max-video-preview:-1\" \/>\n<link rel=\"canonical\" href=\"https:\/\/www.electroluxprofessional.com\/dk\/multislim-kompakt-ovn\/\" \/>\n<meta property=\"og:locale\" content=\"da_DK\" \/>\n<meta property=\"og:type\" content=\"article\" \/>\n<meta property=\"og:title\" content=\"MultiSlim kompakt ovn - Electrolux Professional Danmark\" \/>\n<meta property=\"og:description\" content=\"- Short on space? - Need to cut running costs? - No compromises on performance? - MultiSlim compact oven is your new best friend.\" \/>\n<meta property=\"og:url\" content=\"https:\/\/www.electroluxprofessional.com\/dk\/multislim-kompakt-ovn\/\" \/>\n<meta property=\"og:site_name\" content=\"Electrolux Professional Danmark\" \/>\n<meta property=\"article:modified_time\" content=\"2025-11-05T16:52:15+00:00\" \/>\n<meta property=\"og:image\" content=\"https:\/\/www.electroluxprofessional.com\/dk\/wp-content\/uploads\/2024\/07\/multisleam-featured-picture.jpg\" \/>\n\t<meta property=\"og:image:width\" content=\"700\" \/>\n\t<meta property=\"og:image:height\" content=\"700\" \/>\n\t<meta property=\"og:image:type\" content=\"image\/jpeg\" \/>\n<meta name=\"twitter:card\" content=\"summary_large_image\" \/>\n<meta name=\"twitter:label1\" content=\"Estimeret l\u00e6setid\" \/>\n\t<meta name=\"twitter:data1\" content=\"3 minutter\" \/>\n<script type=\"application\/ld+json\" class=\"yoast-schema-graph\">{\"@context\":\"https:\/\/schema.org\",\"@graph\":[{\"@type\":\"WebPage\",\"@id\":\"https:\/\/www.electroluxprofessional.com\/dk\/multislim-kompakt-ovn\/\",\"url\":\"https:\/\/www.electroluxprofessional.com\/dk\/multislim-kompakt-ovn\/\",\"name\":\"MultiSlim kompakt ovn - Electrolux Professional Danmark\",\"isPartOf\":{\"@id\":\"https:\/\/www.electroluxprofessional.com\/dk\/#website\"},\"primaryImageOfPage\":{\"@id\":\"https:\/\/www.electroluxprofessional.com\/dk\/multislim-kompakt-ovn\/#primaryimage\"},\"image\":{\"@id\":\"https:\/\/www.electroluxprofessional.com\/dk\/multislim-kompakt-ovn\/#primaryimage\"},\"thumbnailUrl\":\"https:\/\/www.electroluxprofessional.com\/dk\/wp-content\/uploads\/2024\/07\/multisleam-featured-picture.jpg\",\"datePublished\":\"2024-07-24T08:23:49+00:00\",\"dateModified\":\"2025-11-05T16:52:15+00:00\",\"description\":\"- Short on space? - Need to cut running costs? - No compromises on performance? - MultiSlim compact oven is your new best friend.\",\"breadcrumb\":{\"@id\":\"https:\/\/www.electroluxprofessional.com\/dk\/multislim-kompakt-ovn\/#breadcrumb\"},\"inLanguage\":\"da-DK\",\"potentialAction\":[{\"@type\":\"ReadAction\",\"target\":[\"https:\/\/www.electroluxprofessional.com\/dk\/multislim-kompakt-ovn\/\"]}]},{\"@type\":\"ImageObject\",\"inLanguage\":\"da-DK\",\"@id\":\"https:\/\/www.electroluxprofessional.com\/dk\/multislim-kompakt-ovn\/#primaryimage\",\"url\":\"https:\/\/www.electroluxprofessional.com\/dk\/wp-content\/uploads\/2024\/07\/multisleam-featured-picture.jpg\",\"contentUrl\":\"https:\/\/www.electroluxprofessional.com\/dk\/wp-content\/uploads\/2024\/07\/multisleam-featured-picture.jpg\",\"width\":700,\"height\":700},{\"@type\":\"BreadcrumbList\",\"@id\":\"https:\/\/www.electroluxprofessional.com\/dk\/multislim-kompakt-ovn\/#breadcrumb\",\"itemListElement\":[{\"@type\":\"ListItem\",\"position\":1,\"name\":\"Home\",\"item\":\"https:\/\/www.electroluxprofessional.com\/dk\/\"},{\"@type\":\"ListItem\",\"position\":2,\"name\":\"MultiSlim kompakt ovn\"}]},{\"@type\":\"WebSite\",\"@id\":\"https:\/\/www.electroluxprofessional.com\/dk\/#website\",\"url\":\"https:\/\/www.electroluxprofessional.com\/dk\/\",\"name\":\"Electrolux Professional Danmark\",\"description\":\"\",\"potentialAction\":[{\"@type\":\"SearchAction\",\"target\":{\"@type\":\"EntryPoint\",\"urlTemplate\":\"https:\/\/www.electroluxprofessional.com\/dk\/?src={search_term_string}\"},\"query-input\":\"required name=search_term_string\"}],\"inLanguage\":\"da-DK\"}]}<\/script>\n<!-- \/ Yoast SEO plugin. -->","yoast_head_json":{"title":"MultiSlim kompakt ovn - Electrolux Professional Danmark","description":"- Short on space? - Need to cut running costs? - No compromises on performance? - MultiSlim compact oven is your new best friend.","robots":{"index":"index","follow":"follow","max-snippet":"max-snippet:-1","max-image-preview":"max-image-preview:large","max-video-preview":"max-video-preview:-1"},"canonical":"https:\/\/www.electroluxprofessional.com\/dk\/multislim-kompakt-ovn\/","og_locale":"da_DK","og_type":"article","og_title":"MultiSlim kompakt ovn - Electrolux Professional Danmark","og_description":"- Short on space? - Need to cut running costs? - No compromises on performance? - MultiSlim compact oven is your new best friend.","og_url":"https:\/\/www.electroluxprofessional.com\/dk\/multislim-kompakt-ovn\/","og_site_name":"Electrolux Professional Danmark","article_modified_time":"2025-11-05T16:52:15+00:00","og_image":[{"width":700,"height":700,"url":"https:\/\/www.electroluxprofessional.com\/dk\/wp-content\/uploads\/2024\/07\/multisleam-featured-picture.jpg","type":"image\/jpeg"}],"twitter_card":"summary_large_image","twitter_misc":{"Estimeret l\u00e6setid":"3 minutter"},"schema":{"@context":"https:\/\/schema.org","@graph":[{"@type":"WebPage","@id":"https:\/\/www.electroluxprofessional.com\/dk\/multislim-kompakt-ovn\/","url":"https:\/\/www.electroluxprofessional.com\/dk\/multislim-kompakt-ovn\/","name":"MultiSlim kompakt ovn - Electrolux Professional Danmark","isPartOf":{"@id":"https:\/\/www.electroluxprofessional.com\/dk\/#website"},"primaryImageOfPage":{"@id":"https:\/\/www.electroluxprofessional.com\/dk\/multislim-kompakt-ovn\/#primaryimage"},"image":{"@id":"https:\/\/www.electroluxprofessional.com\/dk\/multislim-kompakt-ovn\/#primaryimage"},"thumbnailUrl":"https:\/\/www.electroluxprofessional.com\/dk\/wp-content\/uploads\/2024\/07\/multisleam-featured-picture.jpg","datePublished":"2024-07-24T08:23:49+00:00","dateModified":"2025-11-05T16:52:15+00:00","description":"- Short on space? - Need to cut running costs? - No compromises on performance? - MultiSlim compact oven is your new best friend.","breadcrumb":{"@id":"https:\/\/www.electroluxprofessional.com\/dk\/multislim-kompakt-ovn\/#breadcrumb"},"inLanguage":"da-DK","potentialAction":[{"@type":"ReadAction","target":["https:\/\/www.electroluxprofessional.com\/dk\/multislim-kompakt-ovn\/"]}]},{"@type":"ImageObject","inLanguage":"da-DK","@id":"https:\/\/www.electroluxprofessional.com\/dk\/multislim-kompakt-ovn\/#primaryimage","url":"https:\/\/www.electroluxprofessional.com\/dk\/wp-content\/uploads\/2024\/07\/multisleam-featured-picture.jpg","contentUrl":"https:\/\/www.electroluxprofessional.com\/dk\/wp-content\/uploads\/2024\/07\/multisleam-featured-picture.jpg","width":700,"height":700},{"@type":"BreadcrumbList","@id":"https:\/\/www.electroluxprofessional.com\/dk\/multislim-kompakt-ovn\/#breadcrumb","itemListElement":[{"@type":"ListItem","position":1,"name":"Home","item":"https:\/\/www.electroluxprofessional.com\/dk\/"},{"@type":"ListItem","position":2,"name":"MultiSlim kompakt ovn"}]},{"@type":"WebSite","@id":"https:\/\/www.electroluxprofessional.com\/dk\/#website","url":"https:\/\/www.electroluxprofessional.com\/dk\/","name":"Electrolux Professional Danmark","description":"","potentialAction":[{"@type":"SearchAction","target":{"@type":"EntryPoint","urlTemplate":"https:\/\/www.electroluxprofessional.com\/dk\/?src={search_term_string}"},"query-input":"required name=search_term_string"}],"inLanguage":"da-DK"}]}},"_links":{"self":[{"href":"https:\/\/www.electroluxprofessional.com\/dk\/wp-json\/wp\/v2\/pages\/27977"}],"collection":[{"href":"https:\/\/www.electroluxprofessional.com\/dk\/wp-json\/wp\/v2\/pages"}],"about":[{"href":"https:\/\/www.electroluxprofessional.com\/dk\/wp-json\/wp\/v2\/types\/page"}],"author":[{"embeddable":true,"href":"https:\/\/www.electroluxprofessional.com\/dk\/wp-json\/wp\/v2\/users\/4"}],"replies":[{"embeddable":true,"href":"https:\/\/www.electroluxprofessional.com\/dk\/wp-json\/wp\/v2\/comments?post=27977"}],"version-history":[{"count":5,"href":"https:\/\/www.electroluxprofessional.com\/dk\/wp-json\/wp\/v2\/pages\/27977\/revisions"}],"predecessor-version":[{"id":30741,"href":"https:\/\/www.electroluxprofessional.com\/dk\/wp-json\/wp\/v2\/pages\/27977\/revisions\/30741"}],"wp:featuredmedia":[{"embeddable":true,"href":"https:\/\/www.electroluxprofessional.com\/dk\/wp-json\/wp\/v2\/media\/27972"}],"wp:attachment":[{"href":"https:\/\/www.electroluxprofessional.com\/dk\/wp-json\/wp\/v2\/media?parent=27977"}],"curies":[{"name":"wp","href":"https:\/\/api.w.org\/{rel}","templated":true}]}}