{"id":27950,"date":"2024-07-23T14:01:59","date_gmt":"2024-07-23T14:01:59","guid":{"rendered":"https:\/\/www.electroluxprofessional.com\/dk\/?page_id=27950"},"modified":"2025-11-05T18:03:47","modified_gmt":"2025-11-05T18:03:47","slug":"tilbehoer-opvask","status":"publish","type":"page","link":"https:\/\/www.electroluxprofessional.com\/dk\/tilbehoer-opvask\/","title":{"rendered":"Tilbeh\u00f8r og forbrugsvarer &#8211; Opvask"},"content":{"rendered":"<p>[vc_row full_width=&#8221;electroluxpro-full-width-no-padding&#8221;][vc_column css=&#8221;.vc_custom_1618358802266{margin-top: -40px !important;border-top-width: -40px !important;padding-top: -40px !important;}&#8221;][elx_full_banner title=&#8221;Tilbeh\u00f8r og forbrugsstoffer til opvask&#8221; set_as_h1=&#8221;true&#8221; background_image_media_library=&#8221;27948&#8243; background_image_media_library_mobile=&#8221;27949&#8243; link=&#8221;url:%23contact|title:Discover%20more||&#8221;][vc_row_inner full_width=&#8221;electroluxpro-full-width&#8221; gap=&#8221;15&#8243;][vc_column_inner width=&#8221;1\/4&#8243;][elx_download_block text=&#8221;Katalog med tilbeh\u00f8r til beskyttelse, desinficering og reng\u00f8ring&#8221; document_type=&#8221;cat&#8221; file_picker=&#8221;24892&#8243; background_color=&#8221;electrolux-blue&#8221; background_hover_color=&#8221;lighter-hover&#8221; ca_document_number=&#8221;CAT10&#8243;][\/vc_column_inner][vc_column_inner width=&#8221;1\/4&#8243;][elx_download_block text=&#8221;Katalog med originale reservedele, tilbeh\u00f8r og forbrugsvarer&#8221; document_type=&#8221;cat&#8221; file_picker=&#8221;24892&#8243; background_color=&#8221;electrolux-blue&#8221; background_hover_color=&#8221;lighter-hover&#8221; ca_document_number=&#8221;CAT19&#8243;][\/vc_column_inner][vc_column_inner width=&#8221;1\/4&#8243;][elx_download_block text=&#8221;Reservedelskatalog&#8221; document_type=&#8221;cat&#8221; file_picker=&#8221;24892&#8243; background_color=&#8221;electrolux-blue&#8221; background_hover_color=&#8221;lighter-hover&#8221; ca_document_number=&#8221;CAT9&#8243;][\/vc_column_inner][vc_column_inner width=&#8221;1\/4&#8243;][elx_download_block text=&#8221;Guide til valg af professionelle reng\u00f8ringsmidler&#8221; file_picker=&#8221;47320&#8243; background_color=&#8221;electrolux-blue&#8221;][\/vc_column_inner][\/vc_row_inner][\/vc_column][\/vc_row][vc_row][vc_column][vc_empty_space][vc_column_text]<\/p>\n<p style=\"text-align: center;\">Str\u00e5lende resultater og bedste ydeevne kan kun opn\u00e5s med vores l\u00f8sninger takket v\u00e6re vores tilbeh\u00f8r og forbrugsstoffer.<\/p>\n<p>[\/vc_column_text][vc_empty_space][elx_button button_text=&#8221;Oplev vores kommercielle opvaskemaskiner&#8221; button_link=&#8221;url:https%3A%2F%2Fwww.electroluxprofessional.com%2Fdk%2Funderbordsopvaskemaskine%2F&#8221;][\/vc_column][\/vc_row][vc_row disable_element=&#8221;yes&#8221;][vc_column][vc_empty_space][vc_row_inner disable_element=&#8221;yes&#8221;][vc_column_inner width=&#8221;1\/2&#8243;][vc_single_image image=&#8221;3102&#8243; img_size=&#8221;530&#215;285&#8243; css_animation=&#8221;none&#8221;][\/vc_column_inner][vc_column_inner width=&#8221;1\/2&#8243;][elx_heading font_size=&#8221;h5&#8243; text_color=&#8221;inherit&#8221;]Water taps[\/elx_heading][vc_column_text]One or two hole mixer taps,\u00a0infrared operated one hole mixer tap, water taps with shower units, washing groups\u00a0&#8230; choose the best\u00a0accessories for your dishwashing equipment.[\/vc_column_text][vc_empty_space][elx_shop_now button_text=&#8221;SHOP NOW&#8221; button_display_block=&#8221;display_block_on&#8221; button_alignment=&#8221;align_center&#8221; button_link=&#8221;url:https%3A%2F%2Fbuy.electroluxprofessional.com%2Felectrolux-professional%2Ftaps%2Fparts&#8221;][vc_empty_space][\/vc_column_inner][\/vc_row_inner][\/vc_column][\/vc_row][vc_row][vc_column][vc_empty_space][\/vc_column][vc_column][vc_empty_space][vc_row_inner][vc_column_inner width=&#8221;1\/2&#8243;][elx_heading font_size=&#8221;h5&#8243; text_color=&#8221;inherit&#8221;]Baskets for universal use[\/elx_heading][vc_column_text]V\u00e6lg mellem vores forskellige typer kurve:\u00a0til flade tallerkener eller sk\u00e5le; med tr\u00e5dindsats til pizzatallerkener, kopper eller kaffekopper; med beholdere til bestik; med \u00e5ben side velegnet til bakker med mere.[\/vc_column_text][vc_empty_space][vc_empty_space][\/vc_column_inner][vc_column_inner width=&#8221;1\/2&#8243;][vc_single_image image=&#8221;3101&#8243; img_size=&#8221;530*285&#8243; css_animation=&#8221;none&#8221;][\/vc_column_inner][\/vc_row_inner][vc_empty_space][vc_row_inner][vc_column_inner width=&#8221;1\/2&#8243;][vc_single_image image=&#8221;27946&#8243; img_size=&#8221;530*285&#8243; alignment=&#8221;center&#8221; css_animation=&#8221;none&#8221;][\/vc_column_inner][vc_column_inner width=&#8221;1\/2&#8243;][elx_heading font_size=&#8221;h5&#8243; text_color=&#8221;inherit&#8221;]Flydende opvaskemidler[\/elx_heading][vc_column_text]Til skinnende glas fjerner disse reng\u00f8ringsmidler fuldst\u00e6ndigt dr\u00e5ber og pletter og efterlader alt helt t\u00f8rt og rent. Takket v\u00e6re en specifik formel forhindrer vi dannelsen af \u200b\u200bkalksten.[\/vc_column_text][elx_button button_text=&#8221;Kommercielle opvaskemaskiner&#8221; button_style=&#8221;icon&#8221; button_link=&#8221;url:https%3A%2F%2Fwww.electroluxprofessional.com%2Fdk%2Fhaetteopvaskemaskine%2F|title:commercial%20dishwashers&#8221;][vc_empty_space][vc_empty_space][\/vc_column_inner][\/vc_row_inner][vc_empty_space][\/vc_column][\/vc_row][vc_row css=&#8221;.vc_custom_1619575574189{background-color: #e8eff5 !important;}&#8221;][vc_column][vc_column_text]<\/p>\n<h3>Vidste du, at dine glas taber &#8220;v\u00e6gt&#8221; for hver cyklus og bliver mere og mere skr\u00f8belige?<\/h3>\n<p>[\/vc_column_text][vc_single_image image=&#8221;27947&#8243; img_size=&#8221;full&#8221;][elx_download_block text=&#8221;Den rigtige l\u00f8sning &#8211; OPVASKEKEMIKALIER&#8221; document_type=&#8221;brochures&#8221; background_color=&#8221;inherit&#8221;][\/vc_column][\/vc_row][vc_row el_id=&#8221;contact&#8221;][vc_column][elx_heading font_container=&#8221;h3&#8243; text_color=&#8221;inherit&#8221;]Find ud af, hvordan du personligg\u00f8r dit opvaskeudstyr[\/elx_heading][elx_o2000_contact_us s=&#8221;Anmodning om information om tilbeh\u00f8r og forbrugsstoffer til opvaskg.&#8221; country=&#8221;Denmark&#8221; container=&#8221;elxcontactus1484553998&#8243; r=&#8221;Jeg vil gerne vide mere om tilbeh\u00f8r og forbrugsstoffer til opvask. Kontakt mig venligst.&#8221;][\/vc_column][\/vc_row]<\/p>\n","protected":false},"excerpt":{"rendered":"<p>[vc_row full_width=&#8221;electroluxpro-full-width-no-padding&#8221;][vc_column css=&#8221;.vc_custom_1618358802266{margin-top: -40px !important;border-top-width: -40px !important;padding-top: -40px !important;}&#8221;][elx_full_banner title=&#8221;Tilbeh\u00f8r og forbrugsstoffer til opvask&#8221; set_as_h1=&#8221;true&#8221; background_image_media_library=&#8221;27948&#8243; background_image_media_library_mobile=&#8221;27949&#8243; link=&#8221;url:%23contact|title:Discover%20more||&#8221;][vc_row_inner full_width=&#8221;electroluxpro-full-width&#8221; gap=&#8221;15&#8243;][vc_column_inner width=&#8221;1\/4&#8243;][elx_download_block text=&#8221;Katalog med tilbeh\u00f8r til beskyttelse, desinficering og reng\u00f8ring&#8221; document_type=&#8221;cat&#8221; file_picker=&#8221;24892&#8243; background_color=&#8221;electrolux-blue&#8221; background_hover_color=&#8221;lighter-hover&#8221; ca_document_number=&#8221;CAT10&#8243;][\/vc_column_inner][vc_column_inner width=&#8221;1\/4&#8243;][elx_download_block text=&#8221;Katalog med originale reservedele, tilbeh\u00f8r og forbrugsvarer&#8221; document_type=&#8221;cat&#8221; file_picker=&#8221;24892&#8243; background_color=&#8221;electrolux-blue&#8221; background_hover_color=&#8221;lighter-hover&#8221; ca_document_number=&#8221;CAT19&#8243;][\/vc_column_inner][vc_column_inner width=&#8221;1\/4&#8243;][elx_download_block text=&#8221;Reservedelskatalog&#8221; document_type=&#8221;cat&#8221; file_picker=&#8221;24892&#8243; background_color=&#8221;electrolux-blue&#8221; background_hover_color=&#8221;lighter-hover&#8221; ca_document_number=&#8221;CAT9&#8243;][\/vc_column_inner][vc_column_inner width=&#8221;1\/4&#8243;][elx_download_block [&hellip;]<\/p>\n","protected":false},"author":4,"featured_media":796,"parent":0,"menu_order":0,"comment_status":"closed","ping_status":"closed","template":"","meta":{"footnotes":""},"class_list":["post-27950","page","type-page","status-publish","has-post-thumbnail","hentry"],"acf":[],"yoast_head":"<!-- This site is optimized with the Yoast SEO plugin v23.3 - https:\/\/yoast.com\/wordpress\/plugins\/seo\/ -->\n<title>Accessories &amp; consumables - Dishwashing - Electrolux Professional<\/title>\n<meta name=\"description\" content=\"Brilliant results and best performance with our accessories and consumables. Discover our professional detergents and rinse aids for dishwashers.\" \/>\n<meta name=\"robots\" content=\"index, follow, max-snippet:-1, max-image-preview:large, max-video-preview:-1\" \/>\n<link rel=\"canonical\" href=\"https:\/\/www.electroluxprofessional.com\/dk\/tilbehoer-opvask\/\" \/>\n<meta property=\"og:locale\" content=\"da_DK\" \/>\n<meta property=\"og:type\" content=\"article\" \/>\n<meta property=\"og:title\" content=\"Accessories &amp; consumables - Dishwashing - Electrolux Professional\" \/>\n<meta property=\"og:description\" content=\"Brilliant results and best performance with our accessories and consumables. Discover our professional detergents and rinse aids for dishwashers.\" \/>\n<meta property=\"og:url\" content=\"https:\/\/www.electroluxprofessional.com\/dk\/tilbehoer-opvask\/\" \/>\n<meta property=\"og:site_name\" content=\"Electrolux Professional Danmark\" \/>\n<meta property=\"article:modified_time\" content=\"2025-11-05T18:03:47+00:00\" \/>\n<meta property=\"og:image\" content=\"https:\/\/www.electroluxprofessional.com\/dk\/wp-content\/uploads\/2016\/08\/detergent-washing-machine.jpg\" \/>\n\t<meta property=\"og:image:width\" content=\"750\" \/>\n\t<meta property=\"og:image:height\" content=\"617\" \/>\n\t<meta property=\"og:image:type\" content=\"image\/jpeg\" \/>\n<meta name=\"twitter:card\" content=\"summary_large_image\" \/>\n<meta name=\"twitter:label1\" content=\"Estimeret l\u00e6setid\" \/>\n\t<meta name=\"twitter:data1\" content=\"2 minutter\" \/>\n<script type=\"application\/ld+json\" class=\"yoast-schema-graph\">{\"@context\":\"https:\/\/schema.org\",\"@graph\":[{\"@type\":\"WebPage\",\"@id\":\"https:\/\/www.electroluxprofessional.com\/dk\/tilbehoer-opvask\/\",\"url\":\"https:\/\/www.electroluxprofessional.com\/dk\/tilbehoer-opvask\/\",\"name\":\"Accessories & consumables - Dishwashing - Electrolux Professional\",\"isPartOf\":{\"@id\":\"https:\/\/www.electroluxprofessional.com\/dk\/#website\"},\"primaryImageOfPage\":{\"@id\":\"https:\/\/www.electroluxprofessional.com\/dk\/tilbehoer-opvask\/#primaryimage\"},\"image\":{\"@id\":\"https:\/\/www.electroluxprofessional.com\/dk\/tilbehoer-opvask\/#primaryimage\"},\"thumbnailUrl\":\"https:\/\/www.electroluxprofessional.com\/dk\/wp-content\/uploads\/2016\/08\/detergent-washing-machine.jpg\",\"datePublished\":\"2024-07-23T14:01:59+00:00\",\"dateModified\":\"2025-11-05T18:03:47+00:00\",\"description\":\"Brilliant results and best performance with our accessories and consumables. Discover our professional detergents and rinse aids for dishwashers.\",\"breadcrumb\":{\"@id\":\"https:\/\/www.electroluxprofessional.com\/dk\/tilbehoer-opvask\/#breadcrumb\"},\"inLanguage\":\"da-DK\",\"potentialAction\":[{\"@type\":\"ReadAction\",\"target\":[\"https:\/\/www.electroluxprofessional.com\/dk\/tilbehoer-opvask\/\"]}]},{\"@type\":\"ImageObject\",\"inLanguage\":\"da-DK\",\"@id\":\"https:\/\/www.electroluxprofessional.com\/dk\/tilbehoer-opvask\/#primaryimage\",\"url\":\"https:\/\/www.electroluxprofessional.com\/dk\/wp-content\/uploads\/2016\/08\/detergent-washing-machine.jpg\",\"contentUrl\":\"https:\/\/www.electroluxprofessional.com\/dk\/wp-content\/uploads\/2016\/08\/detergent-washing-machine.jpg\",\"width\":750,\"height\":617,\"caption\":\"dishwasher rinse\"},{\"@type\":\"BreadcrumbList\",\"@id\":\"https:\/\/www.electroluxprofessional.com\/dk\/tilbehoer-opvask\/#breadcrumb\",\"itemListElement\":[{\"@type\":\"ListItem\",\"position\":1,\"name\":\"Home\",\"item\":\"https:\/\/www.electroluxprofessional.com\/dk\/\"},{\"@type\":\"ListItem\",\"position\":2,\"name\":\"Tilbeh\u00f8r og forbrugsvarer &#8211; Opvask\"}]},{\"@type\":\"WebSite\",\"@id\":\"https:\/\/www.electroluxprofessional.com\/dk\/#website\",\"url\":\"https:\/\/www.electroluxprofessional.com\/dk\/\",\"name\":\"Electrolux Professional Danmark\",\"description\":\"\",\"potentialAction\":[{\"@type\":\"SearchAction\",\"target\":{\"@type\":\"EntryPoint\",\"urlTemplate\":\"https:\/\/www.electroluxprofessional.com\/dk\/?src={search_term_string}\"},\"query-input\":\"required name=search_term_string\"}],\"inLanguage\":\"da-DK\"}]}<\/script>\n<!-- \/ Yoast SEO plugin. -->","yoast_head_json":{"title":"Accessories & consumables - Dishwashing - Electrolux Professional","description":"Brilliant results and best performance with our accessories and consumables. Discover our professional detergents and rinse aids for dishwashers.","robots":{"index":"index","follow":"follow","max-snippet":"max-snippet:-1","max-image-preview":"max-image-preview:large","max-video-preview":"max-video-preview:-1"},"canonical":"https:\/\/www.electroluxprofessional.com\/dk\/tilbehoer-opvask\/","og_locale":"da_DK","og_type":"article","og_title":"Accessories & consumables - Dishwashing - Electrolux Professional","og_description":"Brilliant results and best performance with our accessories and consumables. Discover our professional detergents and rinse aids for dishwashers.","og_url":"https:\/\/www.electroluxprofessional.com\/dk\/tilbehoer-opvask\/","og_site_name":"Electrolux Professional Danmark","article_modified_time":"2025-11-05T18:03:47+00:00","og_image":[{"width":750,"height":617,"url":"https:\/\/www.electroluxprofessional.com\/dk\/wp-content\/uploads\/2016\/08\/detergent-washing-machine.jpg","type":"image\/jpeg"}],"twitter_card":"summary_large_image","twitter_misc":{"Estimeret l\u00e6setid":"2 minutter"},"schema":{"@context":"https:\/\/schema.org","@graph":[{"@type":"WebPage","@id":"https:\/\/www.electroluxprofessional.com\/dk\/tilbehoer-opvask\/","url":"https:\/\/www.electroluxprofessional.com\/dk\/tilbehoer-opvask\/","name":"Accessories & consumables - Dishwashing - Electrolux Professional","isPartOf":{"@id":"https:\/\/www.electroluxprofessional.com\/dk\/#website"},"primaryImageOfPage":{"@id":"https:\/\/www.electroluxprofessional.com\/dk\/tilbehoer-opvask\/#primaryimage"},"image":{"@id":"https:\/\/www.electroluxprofessional.com\/dk\/tilbehoer-opvask\/#primaryimage"},"thumbnailUrl":"https:\/\/www.electroluxprofessional.com\/dk\/wp-content\/uploads\/2016\/08\/detergent-washing-machine.jpg","datePublished":"2024-07-23T14:01:59+00:00","dateModified":"2025-11-05T18:03:47+00:00","description":"Brilliant results and best performance with our accessories and consumables. Discover our professional detergents and rinse aids for dishwashers.","breadcrumb":{"@id":"https:\/\/www.electroluxprofessional.com\/dk\/tilbehoer-opvask\/#breadcrumb"},"inLanguage":"da-DK","potentialAction":[{"@type":"ReadAction","target":["https:\/\/www.electroluxprofessional.com\/dk\/tilbehoer-opvask\/"]}]},{"@type":"ImageObject","inLanguage":"da-DK","@id":"https:\/\/www.electroluxprofessional.com\/dk\/tilbehoer-opvask\/#primaryimage","url":"https:\/\/www.electroluxprofessional.com\/dk\/wp-content\/uploads\/2016\/08\/detergent-washing-machine.jpg","contentUrl":"https:\/\/www.electroluxprofessional.com\/dk\/wp-content\/uploads\/2016\/08\/detergent-washing-machine.jpg","width":750,"height":617,"caption":"dishwasher rinse"},{"@type":"BreadcrumbList","@id":"https:\/\/www.electroluxprofessional.com\/dk\/tilbehoer-opvask\/#breadcrumb","itemListElement":[{"@type":"ListItem","position":1,"name":"Home","item":"https:\/\/www.electroluxprofessional.com\/dk\/"},{"@type":"ListItem","position":2,"name":"Tilbeh\u00f8r og forbrugsvarer &#8211; Opvask"}]},{"@type":"WebSite","@id":"https:\/\/www.electroluxprofessional.com\/dk\/#website","url":"https:\/\/www.electroluxprofessional.com\/dk\/","name":"Electrolux Professional Danmark","description":"","potentialAction":[{"@type":"SearchAction","target":{"@type":"EntryPoint","urlTemplate":"https:\/\/www.electroluxprofessional.com\/dk\/?src={search_term_string}"},"query-input":"required name=search_term_string"}],"inLanguage":"da-DK"}]}},"_links":{"self":[{"href":"https:\/\/www.electroluxprofessional.com\/dk\/wp-json\/wp\/v2\/pages\/27950"}],"collection":[{"href":"https:\/\/www.electroluxprofessional.com\/dk\/wp-json\/wp\/v2\/pages"}],"about":[{"href":"https:\/\/www.electroluxprofessional.com\/dk\/wp-json\/wp\/v2\/types\/page"}],"author":[{"embeddable":true,"href":"https:\/\/www.electroluxprofessional.com\/dk\/wp-json\/wp\/v2\/users\/4"}],"replies":[{"embeddable":true,"href":"https:\/\/www.electroluxprofessional.com\/dk\/wp-json\/wp\/v2\/comments?post=27950"}],"version-history":[{"count":4,"href":"https:\/\/www.electroluxprofessional.com\/dk\/wp-json\/wp\/v2\/pages\/27950\/revisions"}],"predecessor-version":[{"id":30783,"href":"https:\/\/www.electroluxprofessional.com\/dk\/wp-json\/wp\/v2\/pages\/27950\/revisions\/30783"}],"wp:featuredmedia":[{"embeddable":true,"href":"https:\/\/www.electroluxprofessional.com\/dk\/wp-json\/wp\/v2\/media\/796"}],"wp:attachment":[{"href":"https:\/\/www.electroluxprofessional.com\/dk\/wp-json\/wp\/v2\/media?parent=27950"}],"curies":[{"name":"wp","href":"https:\/\/api.w.org\/{rel}","templated":true}]}}