{"id":27938,"date":"2024-07-23T13:17:39","date_gmt":"2024-07-23T13:17:39","guid":{"rendered":"https:\/\/www.electroluxprofessional.com\/dk\/?page_id=27938"},"modified":"2025-11-05T18:04:06","modified_gmt":"2025-11-05T18:04:06","slug":"tilbehoer-koel-og-frys","status":"publish","type":"page","link":"https:\/\/www.electroluxprofessional.com\/dk\/tilbehoer-koel-og-frys\/","title":{"rendered":"Tilbeh\u00f8r og forbrugsstoffer &#8211; k\u00f8l\/frys"},"content":{"rendered":"<p>[vc_row full_width=&#8221;electroluxpro-full-width-no-padding&#8221;][vc_column css=&#8221;.vc_custom_1618358802266{margin-top: -40px !important;border-top-width: -40px !important;padding-top: -40px !important;}&#8221;][elx_full_banner title=&#8221;Tilbeh\u00f8r og forbrugsstoffer til k\u00f8l og frys&#8221; set_as_h1=&#8221;true&#8221; background_image_media_library=&#8221;27927&#8243; background_image_media_library_mobile=&#8221;27934&#8243; link=&#8221;url:%23contact|title:Se%20mere&#8221;][vc_row_inner full_width=&#8221;electroluxpro-full-width&#8221; gap=&#8221;15&#8243;][vc_column_inner width=&#8221;1\/4&#8243;][elx_download_block text=&#8221;Katalog med tilbeh\u00f8r til beskyttelse, desinficering og reng\u00f8ring&#8221; document_type=&#8221;cat&#8221; file_picker=&#8221;24892&#8243; background_color=&#8221;electrolux-blue&#8221; background_hover_color=&#8221;lighter-hover&#8221; ca_document_number=&#8221;CAT10&#8243;][\/vc_column_inner][vc_column_inner width=&#8221;1\/4&#8243;][elx_download_block text=&#8221;Katalog med originale reservedele, tilbeh\u00f8r og forbrugsvarer&#8221; document_type=&#8221;cat&#8221; file_picker=&#8221;24892&#8243; background_color=&#8221;electrolux-blue&#8221; background_hover_color=&#8221;lighter-hover&#8221; ca_document_number=&#8221;CAT19&#8243;][\/vc_column_inner][vc_column_inner width=&#8221;1\/4&#8243;][elx_download_block text=&#8221;Reservedelskatalog&#8221; document_type=&#8221;cat&#8221; file_picker=&#8221;24892&#8243; background_color=&#8221;electrolux-blue&#8221; background_hover_color=&#8221;lighter-hover&#8221; ca_document_number=&#8221;CAT9&#8243;][\/vc_column_inner][vc_column_inner width=&#8221;1\/4&#8243;][elx_download_block text=&#8221;Guide til valg af professionelle reng\u00f8ringsmidler&#8221; file_picker=&#8221;47320&#8243; background_color=&#8221;electrolux-blue&#8221;][\/vc_column_inner][\/vc_row_inner][\/vc_column][\/vc_row][vc_row][vc_column][vc_row_inner][vc_column_inner][vc_empty_space][vc_column_text]<\/p>\n<h3>Konservering af mad, v\u00e6lg det rigtige tilbeh\u00f8r til k\u00f8letilbeh\u00f8r til k\u00f8ling for at garantere korrekt og effektiv drift.<\/h3>\n<p>[\/vc_column_text][vc_empty_space][\/vc_column_inner][\/vc_row_inner][vc_row_inner][vc_column_inner width=&#8221;1\/3&#8243;][vc_single_image image=&#8221;27928&#8243; img_size=&#8221;full&#8221; alignment=&#8221;center&#8221;][vc_empty_space][\/vc_column_inner][vc_column_inner width=&#8221;1\/3&#8243;][vc_single_image image=&#8221;27929&#8243; img_size=&#8221;full&#8221; alignment=&#8221;center&#8221;][vc_empty_space][\/vc_column_inner][vc_column_inner width=&#8221;1\/3&#8243;][vc_single_image image=&#8221;27930&#8243; alignment=&#8221;center&#8221;][vc_empty_space][\/vc_column_inner][\/vc_row_inner][vc_row_inner][vc_column_inner width=&#8221;1\/3&#8243;][elx_heading text_color=&#8221;inherit&#8221;]Tr\u00e5dhylder[\/elx_heading][vc_column_text]Det gr\u00e5 Rilsan Tr\u00e5dhylde med 2 udtr\u00e6k giver mulighed for nem stabling og organisering af pander.[\/vc_column_text][vc_empty_space][\/vc_column_inner][vc_column_inner width=&#8221;1\/3&#8243;][elx_heading text_color=&#8221;inherit&#8221;]Tr\u00e5dkurve[\/elx_heading][vc_column_text]Tr\u00e5dkurven vil forbedre produktiviteten og sikre kvaliteten og sikkerheden af \u200b\u200bopbevarede eller transporterede genstande.[\/vc_column_text][vc_empty_space][\/vc_column_inner][vc_column_inner width=&#8221;1\/3&#8243;][elx_heading text_color=&#8221;inherit&#8221;]Plastikbeholer[\/elx_heading][vc_column_text]Plastbeholder, med falsk perforeret bund til GN 1\/1 i transparent polycarbonat, er alsidig og modstandsdygtig.[\/vc_column_text][vc_empty_space][\/vc_column_inner][\/vc_row_inner][vc_row_inner][vc_column_inner width=&#8221;1\/3&#8243;][vc_single_image image=&#8221;27931&#8243; img_size=&#8221;full&#8221; alignment=&#8221;center&#8221;][vc_empty_space][\/vc_column_inner][vc_column_inner width=&#8221;1\/3&#8243;][vc_single_image image=&#8221;27932&#8243; img_size=&#8221;full&#8221; alignment=&#8221;center&#8221;][vc_empty_space][\/vc_column_inner][vc_column_inner width=&#8221;1\/3&#8243;][vc_single_image image=&#8221;27933&#8243; img_size=&#8221;full&#8221; alignment=&#8221;center&#8221;][vc_empty_space][\/vc_column_inner][\/vc_row_inner][vc_row_inner][vc_column_inner width=&#8221;1\/3&#8243;][elx_heading text_color=&#8221;inherit&#8221;]Hjul[\/elx_heading][vc_column_text]De 4 drejelige hjul bidrager til effektiv og sikker bev\u00e6gelse af genstande, hvilket forbedrer funktionaliteten og organiseringen af \u200b\u200bdit arbejdsomr\u00e5de eller milj\u00f8.[\/vc_column_text][vc_empty_space][\/vc_column_inner][vc_column_inner width=&#8221;1\/3&#8243;][elx_heading text_color=&#8221;inherit&#8221;]Trolley[\/elx_heading][vc_column_text]Trolleybakkestativet 20 GN 2\/1 bidrager til et velstruktureret og produktivt k\u00f8kkenmilj\u00f8, der sikrer problemfri betjening og optimal udnyttelse af din bakkeopbevaringsplads.[\/vc_column_text][vc_empty_space][\/vc_column_inner][vc_column_inner width=&#8221;1\/3&#8243;][elx_heading text_color=&#8221;inherit&#8221;]Vacuum Packer Bags[\/elx_heading][vc_column_text]Vakuumemballagetilbeh\u00f8ret er afg\u00f8rende for at udf\u00f8re sous-vide madlavning og er gavnligt til opbevaring af mad og beskytter mod skadelige virkninger af fugt og luft.[\/vc_column_text][vc_empty_space][\/vc_column_inner][\/vc_row_inner][vc_empty_space][\/vc_column][\/vc_row][vc_row][vc_column][elx_double_banner text_colors_1=&#8221;text-blue&#8221; text_colors_2=&#8221;text-blue&#8221; title_1=&#8221;K\u00f8l\/fryse skabe&#8221; title_2=&#8221;K\u00f8lediske&#8221; link_1=&#8221;url:https%3A%2F%2Fwww.electroluxprofessional.com%2Fdk%2Fkoeleskaber-og-frysere-ecostore%2F|title:Se%20mere&#8221; background_image_media_library_1=&#8221;27935&#8243; link_2=&#8221;url:https%3A%2F%2Fwww.electroluxprofessional.com%2Fdk%2Fkoelediske%2F|title:Se%20mere&#8221; background_image_media_library_2=&#8221;27936&#8243; background_image_media_library_mobile_2=&#8221;27937&#8243;][vc_empty_space][vc_empty_space][vc_empty_space][\/vc_column][\/vc_row][vc_row el_id=&#8221;contact&#8221;][vc_column][vc_empty_space][elx_heading font_container=&#8221;h3&#8243; text_color=&#8221;inherit&#8221;]Find ud af, hvordan du personligg\u00f8r dit k\u00f8leudstyr[\/elx_heading][elx_o2000_contact_us s=&#8221;Anmodning om information om tilbeh\u00f8r og forbrugsvarer.&#8221; country=&#8221;Denmark&#8221; container=&#8221;elxcontactus1484306106&#8243; r=&#8221;Jeg vil gerne vide mere om tilbeh\u00f8r og forbrugsstoffer til k\u00f8l. Kontakt mig venligst.&#8221;][\/vc_column][\/vc_row]<\/p>\n","protected":false},"excerpt":{"rendered":"<p>[vc_row full_width=&#8221;electroluxpro-full-width-no-padding&#8221;][vc_column css=&#8221;.vc_custom_1618358802266{margin-top: -40px !important;border-top-width: -40px !important;padding-top: -40px !important;}&#8221;][elx_full_banner title=&#8221;Tilbeh\u00f8r og forbrugsstoffer til k\u00f8l og frys&#8221; set_as_h1=&#8221;true&#8221; background_image_media_library=&#8221;27927&#8243; background_image_media_library_mobile=&#8221;27934&#8243; link=&#8221;url:%23contact|title:Se%20mere&#8221;][vc_row_inner full_width=&#8221;electroluxpro-full-width&#8221; gap=&#8221;15&#8243;][vc_column_inner width=&#8221;1\/4&#8243;][elx_download_block text=&#8221;Katalog med tilbeh\u00f8r til beskyttelse, desinficering og reng\u00f8ring&#8221; document_type=&#8221;cat&#8221; file_picker=&#8221;24892&#8243; background_color=&#8221;electrolux-blue&#8221; background_hover_color=&#8221;lighter-hover&#8221; ca_document_number=&#8221;CAT10&#8243;][\/vc_column_inner][vc_column_inner width=&#8221;1\/4&#8243;][elx_download_block text=&#8221;Katalog med originale reservedele, tilbeh\u00f8r og forbrugsvarer&#8221; document_type=&#8221;cat&#8221; file_picker=&#8221;24892&#8243; background_color=&#8221;electrolux-blue&#8221; background_hover_color=&#8221;lighter-hover&#8221; ca_document_number=&#8221;CAT19&#8243;][\/vc_column_inner][vc_column_inner width=&#8221;1\/4&#8243;][elx_download_block text=&#8221;Reservedelskatalog&#8221; document_type=&#8221;cat&#8221; file_picker=&#8221;24892&#8243; background_color=&#8221;electrolux-blue&#8221; background_hover_color=&#8221;lighter-hover&#8221; [&hellip;]<\/p>\n","protected":false},"author":4,"featured_media":27927,"parent":0,"menu_order":0,"comment_status":"closed","ping_status":"closed","template":"","meta":{"footnotes":""},"class_list":["post-27938","page","type-page","status-publish","has-post-thumbnail","hentry"],"acf":[],"yoast_head":"<!-- This site is optimized with the Yoast SEO plugin v23.3 - https:\/\/yoast.com\/wordpress\/plugins\/seo\/ -->\n<title>Tilbeh\u00f8r og forbrugsstoffer - k\u00f8l\/frys - Electrolux Professional Danmark<\/title>\n<meta name=\"description\" content=\"To preserve the food, accessories and consumables are the most valuable asset in your kitchen. Choose the proper accessory for your refrigeration equipment.\" \/>\n<meta name=\"robots\" content=\"index, follow, max-snippet:-1, max-image-preview:large, max-video-preview:-1\" \/>\n<link rel=\"canonical\" href=\"https:\/\/www.electroluxprofessional.com\/dk\/tilbehoer-koel-og-frys\/\" \/>\n<meta property=\"og:locale\" content=\"da_DK\" \/>\n<meta property=\"og:type\" content=\"article\" \/>\n<meta property=\"og:title\" content=\"Tilbeh\u00f8r og forbrugsstoffer - k\u00f8l\/frys - Electrolux Professional Danmark\" \/>\n<meta property=\"og:description\" content=\"To preserve the food, accessories and consumables are the most valuable asset in your kitchen. Choose the proper accessory for your refrigeration equipment.\" \/>\n<meta property=\"og:url\" content=\"https:\/\/www.electroluxprofessional.com\/dk\/tilbehoer-koel-og-frys\/\" \/>\n<meta property=\"og:site_name\" content=\"Electrolux Professional Danmark\" \/>\n<meta property=\"article:modified_time\" content=\"2025-11-05T18:04:06+00:00\" \/>\n<meta property=\"og:image\" content=\"https:\/\/www.electroluxprofessional.com\/dk\/wp-content\/uploads\/2024\/07\/banner12312-1.jpg\" \/>\n\t<meta property=\"og:image:width\" content=\"1920\" \/>\n\t<meta property=\"og:image:height\" content=\"581\" \/>\n\t<meta property=\"og:image:type\" content=\"image\/jpeg\" \/>\n<meta name=\"twitter:card\" content=\"summary_large_image\" \/>\n<meta name=\"twitter:label1\" content=\"Estimeret l\u00e6setid\" \/>\n\t<meta name=\"twitter:data1\" content=\"2 minutter\" \/>\n<script type=\"application\/ld+json\" class=\"yoast-schema-graph\">{\"@context\":\"https:\/\/schema.org\",\"@graph\":[{\"@type\":\"WebPage\",\"@id\":\"https:\/\/www.electroluxprofessional.com\/dk\/tilbehoer-koel-og-frys\/\",\"url\":\"https:\/\/www.electroluxprofessional.com\/dk\/tilbehoer-koel-og-frys\/\",\"name\":\"Tilbeh\u00f8r og forbrugsstoffer - k\u00f8l\/frys - Electrolux Professional Danmark\",\"isPartOf\":{\"@id\":\"https:\/\/www.electroluxprofessional.com\/dk\/#website\"},\"primaryImageOfPage\":{\"@id\":\"https:\/\/www.electroluxprofessional.com\/dk\/tilbehoer-koel-og-frys\/#primaryimage\"},\"image\":{\"@id\":\"https:\/\/www.electroluxprofessional.com\/dk\/tilbehoer-koel-og-frys\/#primaryimage\"},\"thumbnailUrl\":\"https:\/\/www.electroluxprofessional.com\/dk\/wp-content\/uploads\/2024\/07\/banner12312-1.jpg\",\"datePublished\":\"2024-07-23T13:17:39+00:00\",\"dateModified\":\"2025-11-05T18:04:06+00:00\",\"description\":\"To preserve the food, accessories and consumables are the most valuable asset in your kitchen. Choose the proper accessory for your refrigeration equipment.\",\"breadcrumb\":{\"@id\":\"https:\/\/www.electroluxprofessional.com\/dk\/tilbehoer-koel-og-frys\/#breadcrumb\"},\"inLanguage\":\"da-DK\",\"potentialAction\":[{\"@type\":\"ReadAction\",\"target\":[\"https:\/\/www.electroluxprofessional.com\/dk\/tilbehoer-koel-og-frys\/\"]}]},{\"@type\":\"ImageObject\",\"inLanguage\":\"da-DK\",\"@id\":\"https:\/\/www.electroluxprofessional.com\/dk\/tilbehoer-koel-og-frys\/#primaryimage\",\"url\":\"https:\/\/www.electroluxprofessional.com\/dk\/wp-content\/uploads\/2024\/07\/banner12312-1.jpg\",\"contentUrl\":\"https:\/\/www.electroluxprofessional.com\/dk\/wp-content\/uploads\/2024\/07\/banner12312-1.jpg\",\"width\":1920,\"height\":581},{\"@type\":\"BreadcrumbList\",\"@id\":\"https:\/\/www.electroluxprofessional.com\/dk\/tilbehoer-koel-og-frys\/#breadcrumb\",\"itemListElement\":[{\"@type\":\"ListItem\",\"position\":1,\"name\":\"Home\",\"item\":\"https:\/\/www.electroluxprofessional.com\/dk\/\"},{\"@type\":\"ListItem\",\"position\":2,\"name\":\"Tilbeh\u00f8r og forbrugsstoffer &#8211; k\u00f8l\/frys\"}]},{\"@type\":\"WebSite\",\"@id\":\"https:\/\/www.electroluxprofessional.com\/dk\/#website\",\"url\":\"https:\/\/www.electroluxprofessional.com\/dk\/\",\"name\":\"Electrolux Professional Danmark\",\"description\":\"\",\"potentialAction\":[{\"@type\":\"SearchAction\",\"target\":{\"@type\":\"EntryPoint\",\"urlTemplate\":\"https:\/\/www.electroluxprofessional.com\/dk\/?src={search_term_string}\"},\"query-input\":\"required name=search_term_string\"}],\"inLanguage\":\"da-DK\"}]}<\/script>\n<!-- \/ Yoast SEO plugin. -->","yoast_head_json":{"title":"Tilbeh\u00f8r og forbrugsstoffer - k\u00f8l\/frys - Electrolux Professional Danmark","description":"To preserve the food, accessories and consumables are the most valuable asset in your kitchen. Choose the proper accessory for your refrigeration equipment.","robots":{"index":"index","follow":"follow","max-snippet":"max-snippet:-1","max-image-preview":"max-image-preview:large","max-video-preview":"max-video-preview:-1"},"canonical":"https:\/\/www.electroluxprofessional.com\/dk\/tilbehoer-koel-og-frys\/","og_locale":"da_DK","og_type":"article","og_title":"Tilbeh\u00f8r og forbrugsstoffer - k\u00f8l\/frys - Electrolux Professional Danmark","og_description":"To preserve the food, accessories and consumables are the most valuable asset in your kitchen. Choose the proper accessory for your refrigeration equipment.","og_url":"https:\/\/www.electroluxprofessional.com\/dk\/tilbehoer-koel-og-frys\/","og_site_name":"Electrolux Professional Danmark","article_modified_time":"2025-11-05T18:04:06+00:00","og_image":[{"width":1920,"height":581,"url":"https:\/\/www.electroluxprofessional.com\/dk\/wp-content\/uploads\/2024\/07\/banner12312-1.jpg","type":"image\/jpeg"}],"twitter_card":"summary_large_image","twitter_misc":{"Estimeret l\u00e6setid":"2 minutter"},"schema":{"@context":"https:\/\/schema.org","@graph":[{"@type":"WebPage","@id":"https:\/\/www.electroluxprofessional.com\/dk\/tilbehoer-koel-og-frys\/","url":"https:\/\/www.electroluxprofessional.com\/dk\/tilbehoer-koel-og-frys\/","name":"Tilbeh\u00f8r og forbrugsstoffer - k\u00f8l\/frys - Electrolux Professional Danmark","isPartOf":{"@id":"https:\/\/www.electroluxprofessional.com\/dk\/#website"},"primaryImageOfPage":{"@id":"https:\/\/www.electroluxprofessional.com\/dk\/tilbehoer-koel-og-frys\/#primaryimage"},"image":{"@id":"https:\/\/www.electroluxprofessional.com\/dk\/tilbehoer-koel-og-frys\/#primaryimage"},"thumbnailUrl":"https:\/\/www.electroluxprofessional.com\/dk\/wp-content\/uploads\/2024\/07\/banner12312-1.jpg","datePublished":"2024-07-23T13:17:39+00:00","dateModified":"2025-11-05T18:04:06+00:00","description":"To preserve the food, accessories and consumables are the most valuable asset in your kitchen. Choose the proper accessory for your refrigeration equipment.","breadcrumb":{"@id":"https:\/\/www.electroluxprofessional.com\/dk\/tilbehoer-koel-og-frys\/#breadcrumb"},"inLanguage":"da-DK","potentialAction":[{"@type":"ReadAction","target":["https:\/\/www.electroluxprofessional.com\/dk\/tilbehoer-koel-og-frys\/"]}]},{"@type":"ImageObject","inLanguage":"da-DK","@id":"https:\/\/www.electroluxprofessional.com\/dk\/tilbehoer-koel-og-frys\/#primaryimage","url":"https:\/\/www.electroluxprofessional.com\/dk\/wp-content\/uploads\/2024\/07\/banner12312-1.jpg","contentUrl":"https:\/\/www.electroluxprofessional.com\/dk\/wp-content\/uploads\/2024\/07\/banner12312-1.jpg","width":1920,"height":581},{"@type":"BreadcrumbList","@id":"https:\/\/www.electroluxprofessional.com\/dk\/tilbehoer-koel-og-frys\/#breadcrumb","itemListElement":[{"@type":"ListItem","position":1,"name":"Home","item":"https:\/\/www.electroluxprofessional.com\/dk\/"},{"@type":"ListItem","position":2,"name":"Tilbeh\u00f8r og forbrugsstoffer &#8211; k\u00f8l\/frys"}]},{"@type":"WebSite","@id":"https:\/\/www.electroluxprofessional.com\/dk\/#website","url":"https:\/\/www.electroluxprofessional.com\/dk\/","name":"Electrolux Professional Danmark","description":"","potentialAction":[{"@type":"SearchAction","target":{"@type":"EntryPoint","urlTemplate":"https:\/\/www.electroluxprofessional.com\/dk\/?src={search_term_string}"},"query-input":"required name=search_term_string"}],"inLanguage":"da-DK"}]}},"_links":{"self":[{"href":"https:\/\/www.electroluxprofessional.com\/dk\/wp-json\/wp\/v2\/pages\/27938"}],"collection":[{"href":"https:\/\/www.electroluxprofessional.com\/dk\/wp-json\/wp\/v2\/pages"}],"about":[{"href":"https:\/\/www.electroluxprofessional.com\/dk\/wp-json\/wp\/v2\/types\/page"}],"author":[{"embeddable":true,"href":"https:\/\/www.electroluxprofessional.com\/dk\/wp-json\/wp\/v2\/users\/4"}],"replies":[{"embeddable":true,"href":"https:\/\/www.electroluxprofessional.com\/dk\/wp-json\/wp\/v2\/comments?post=27938"}],"version-history":[{"count":7,"href":"https:\/\/www.electroluxprofessional.com\/dk\/wp-json\/wp\/v2\/pages\/27938\/revisions"}],"predecessor-version":[{"id":30784,"href":"https:\/\/www.electroluxprofessional.com\/dk\/wp-json\/wp\/v2\/pages\/27938\/revisions\/30784"}],"wp:featuredmedia":[{"embeddable":true,"href":"https:\/\/www.electroluxprofessional.com\/dk\/wp-json\/wp\/v2\/media\/27927"}],"wp:attachment":[{"href":"https:\/\/www.electroluxprofessional.com\/dk\/wp-json\/wp\/v2\/media?parent=27938"}],"curies":[{"name":"wp","href":"https:\/\/api.w.org\/{rel}","templated":true}]}}