{"id":27893,"date":"2024-07-23T12:25:02","date_gmt":"2024-07-23T12:25:02","guid":{"rendered":"https:\/\/www.electroluxprofessional.com\/dk\/?page_id=27893"},"modified":"2026-03-17T14:39:29","modified_gmt":"2026-03-17T14:39:29","slug":"tilbehoer-forbrugsvarer-cook-and-chill","status":"publish","type":"page","link":"https:\/\/www.electroluxprofessional.com\/dk\/tilbehoer-forbrugsvarer-cook-and-chill\/","title":{"rendered":"Tilbeh\u00f8r og forbrugsvarer &#8211; Cook and chill"},"content":{"rendered":"<p>[vc_row full_width=&#8221;electroluxpro-full-width-no-padding&#8221;][vc_column css=&#8221;.vc_custom_1618358802266{margin-top: -40px !important;border-top-width: -40px !important;padding-top: -40px !important;}&#8221;][elx_full_banner title=&#8221;Tilbeh\u00f8r og forbrugsstoffer Cook and Chill&#8221; set_as_h1=&#8221;true&#8221; background_image_media_library=&#8221;27890&#8243; background_image_media_library_mobile=&#8221;27892&#8243; link=&#8221;url:%23contact|title:Se%20mere&#8221;][vc_row_inner full_width=&#8221;electroluxpro-full-width&#8221; gap=&#8221;15&#8243;][vc_column_inner width=&#8221;1\/4&#8243;][elx_download_block text=&#8221;Katalog med tilbeh\u00f8r til beskyttelse, desinficering og reng\u00f8ring&#8221; document_type=&#8221;cat&#8221; file_picker=&#8221;24892&#8243; background_color=&#8221;electrolux-blue&#8221; background_hover_color=&#8221;lighter-hover&#8221; ca_document_number=&#8221;CAT10&#8243;][\/vc_column_inner][vc_column_inner width=&#8221;1\/4&#8243;][elx_download_block text=&#8221;Katalog med originale reservedele, tilbeh\u00f8r og forbrugsvarer&#8221; document_type=&#8221;cat&#8221; file_picker=&#8221;24892&#8243; background_color=&#8221;electrolux-blue&#8221; background_hover_color=&#8221;lighter-hover&#8221; ca_document_number=&#8221;CAT19&#8243;][\/vc_column_inner][vc_column_inner width=&#8221;1\/4&#8243;][elx_download_block text=&#8221;Reservedelskatalog&#8221; document_type=&#8221;cat&#8221; file_picker=&#8221;24892&#8243; background_color=&#8221;electrolux-blue&#8221; background_hover_color=&#8221;lighter-hover&#8221; ca_document_number=&#8221;CAT9&#8243;][\/vc_column_inner][vc_column_inner width=&#8221;1\/4&#8243;][elx_download_block text=&#8221;Guide til valg af professionelle reng\u00f8ringsmidler&#8221; file_picker=&#8221;47320&#8243; background_color=&#8221;electrolux-blue&#8221;][\/vc_column_inner][\/vc_row_inner][\/vc_column][\/vc_row][vc_row disable_element=&#8221;yes&#8221;][vc_column][elx_menu][\/vc_column][\/vc_row][vc_row][vc_column][vc_empty_space][vc_column_text]<\/p>\n<h3>F\u00e5 de bedste resultater ud af SkyLine takket v\u00e6re brugen af \u200b\u200bvores originale tilbeh\u00f8r og forbrugsvarer.<\/h3>\n<p>[\/vc_column_text][vc_empty_space][\/vc_column][\/vc_row][vc_row][vc_column width=&#8221;1\/3&#8243;][vc_single_image image=&#8221;806&#8243; img_size=&#8221;full&#8221; css_animation=&#8221;none&#8221;][vc_empty_space height=&#8221;40px&#8221;][elx_heading font_size=&#8221;h5&#8243; text_color=&#8221;inherit&#8221;]Volcano smoker[\/elx_heading][vc_column_text]Vores Volvano Smoker er det perfekte tilbeh\u00f8r til at lave dine opskrifter med rygesmag direkte i kombiovnen ved at bruge de traditionelle metoder med tr\u00e6flis eller t\u00f8rrede krydderier.[\/vc_column_text][vc_empty_space][vc_empty_space][\/vc_column][vc_column width=&#8221;1\/3&#8243;][vc_single_image image=&#8221;27885&#8243; img_size=&#8221;medium&#8221; css_animation=&#8221;none&#8221;][elx_heading font_size=&#8221;h5&#8243; text_color=&#8221;inherit&#8221;]Vakuumpakkeren[\/elx_heading][vc_column_text]Vakuumpakker-tilbeh\u00f8ret er uundv\u00e6rligt for at udf\u00f8re sous-vide madlavning og er nyttigt til at opbevare mad beskyttet mod skadelige p\u00e5virkninger af fugt og luft.[\/vc_column_text][vc_empty_space][vc_empty_space][\/vc_column][vc_column width=&#8221;1\/3&#8243;][vc_single_image image=&#8221;27886&#8243; img_size=&#8221;full&#8221; css_animation=&#8221;none&#8221;][elx_heading font_size=&#8221;h5&#8243; text_color=&#8221;inherit&#8221;]Sous vide sonden[\/elx_heading][vc_column_text]Sous vide-sonden sikrer, at den rigtige temperatur opn\u00e5s n\u00f8jagtigt under sous vide-tilberedning. Med en speciel diagonalt sk\u00e5ret n\u00e5l kan du undg\u00e5 at bryde vakuumforseglingen.[\/vc_column_text][vc_empty_space][vc_empty_space][\/vc_column][\/vc_row][vc_row equal_height=&#8221;yes&#8221;][vc_column][vc_empty_space height=&#8221;60px&#8221;][\/vc_column][\/vc_row][vc_row][vc_column width=&#8221;1\/3&#8243;][vc_single_image image=&#8221;2697&#8243; img_size=&#8221;full&#8221; css_animation=&#8221;none&#8221;][elx_heading font_size=&#8221;h5&#8243; text_color=&#8221;inherit&#8221;]Rist og bakker[\/elx_heading][vc_column_text]En bred vifte af madlavningsl\u00f8sninger til nemt at forst\u00f8rre din menu ved hj\u00e6lp af SkyLine Combi ovnen fra universalpande, stegeplader og meget mere.[\/vc_column_text][vc_empty_space][vc_empty_space][\/vc_column][vc_column width=&#8221;1\/3&#8243;][vc_single_image image=&#8221;27887&#8243; img_size=&#8221;full&#8221; css_animation=&#8221;none&#8221;][elx_heading font_size=&#8221;h5&#8243; text_color=&#8221;inherit&#8221;]Tilberedning af kylling[\/elx_heading][vc_column_text]Kombiner den dedikerede tilberedningscyklus til spr\u00f8de og saftige stegte kyllinger med det dedikerede tilbeh\u00f8r, der forbedrer h\u00e5ndtering og ergonomi.[\/vc_column_text][vc_empty_space][vc_empty_space][\/vc_column][vc_column width=&#8221;1\/3&#8243;][vc_single_image image=&#8221;27888&#8243; img_size=&#8221;full&#8221; css_animation=&#8221;none&#8221;][elx_heading font_size=&#8221;h5&#8243; text_color=&#8221;inherit&#8221;]Reng\u00f8r og skyl[\/elx_heading][vc_column_text]Vores reng\u00f8ringsmidler er i overensstemmelse med hygiejne- og sikkerhedsstandarder og er yderst effektive for udstyret og produktets ydeevne.[\/vc_column_text][vc_empty_space][vc_empty_space][\/vc_column][\/vc_row][vc_row full_width=&#8221;electroluxpro-full-width-no-padding&#8221; disable_element=&#8221;yes&#8221;][vc_column][elx_image_block background_image=&#8221;27884&#8243; minimum_height=&#8221;400px&#8221;][\/vc_column][\/vc_row][vc_row full_width=&#8221;electroluxpro-full-width-no-padding&#8221;][vc_column][elx_full_banner title=&#8221;Se mere&#8221; link=&#8221;url:https%3A%2F%2Fwww.electroluxprofessional.com%2Fdk%2Faccessories-consumables%2Fskyline-oven-detergents%2F|title:Reng%C3%B8ring%20af%20SkyLine%20ovne&#8221; background_image_media_library=&#8221;27891&#8243; background_image_media_library_mobile=&#8221;41958&#8243;][\/vc_column][\/vc_row][vc_row][vc_column width=&#8221;1\/2&#8243;][vc_empty_space][elx_simple_link_block link=&#8221;&#8221; text_align=&#8221;text-left&#8221; text_color=&#8221;inherit&#8221; background_color=&#8221;inherit&#8221; background_hover_color=&#8221;darker-hover&#8221; extra_class=&#8221;&#8221; reveal_effect=&#8221;&#8221; reveal_duration=&#8221;&#8221; reveal_delay=&#8221;&#8221;][elx_heading text_color=&#8221;inherit&#8221; text_align=&#8221;text-left&#8221;]Cook and Chill integreret l\u00f8sning[\/elx_heading][vc_column_text]L\u00e6ngere levetid og topydelse af Skyline Ovne kun med fosfatfri Electrolux Professional kemikalier. F\u00e5 enest\u00e5ende fleksibilitet i reng\u00f8ring med 2 forskellige kemiske muligheder:<\/p>\n<ul>\n<li>solid\u00a0til intensiv reng\u00f8ring<\/li>\n<li>v\u00e6ske den mest fleksible l\u00f8sning<\/li>\n<\/ul>\n<p>Planl\u00e6g reng\u00f8ringsprocessen af \u200b\u200bdin SkyLine Combi Ovn p\u00e5 forh\u00e5nd i henhold til dine behov og fjernstyr den. Programmerbar reng\u00f8ring giver dig mulighed for at v\u00e6lge det bedste tidspunkt at starte reng\u00f8ringen p\u00e5. Tvangsreng\u00f8ring er en adgangskodestyret reng\u00f8ring, der sikrer, at den planlagte vedligeholdelse altid udf\u00f8res.<\/p>\n<p>*Op til -15 % i driftsomkostninger: besparelser p\u00e5 energi, vand, reng\u00f8ringsmiddel og afsp\u00e6ndingsmiddel beregnet ved hj\u00e6lp af SkyClean-funktionen versus tilsvarende reng\u00f8ringscyklus p\u00e5 tidligere Electrolux Professional Ovne-serie.[\/vc_column_text][\/elx_simple_link_block][\/vc_column][vc_column width=&#8221;1\/2&#8243;][vc_empty_space][vc_single_image image=&#8221;27889&#8243; img_size=&#8221;full&#8221;][\/vc_column][\/vc_row][vc_row el_id=&#8221;contact&#8221;][vc_column][vc_empty_space][elx_heading font_container=&#8221;h3&#8243; text_color=&#8221;inherit&#8221;]Opdag, hvordan du tilpasser dit madlavnings- og afk\u00f8lingssystem[\/elx_heading][elx_o2000_contact_us s=&#8221;Anmodning om information om tilbeh\u00f8r og forbrugsvarer til madlavning og afk\u00f8ling&#8221; country=&#8221;Denmark&#8221; container=&#8221;elxcontactus1484302025&#8243; r=&#8221;Jeg vil gerne finde ud af mere om tilbeh\u00f8r og forbrugsstoffer til madlavning og afk\u00f8ling. Kontakt mig venligst.&#8221;][\/vc_column][\/vc_row]<\/p>\n","protected":false},"excerpt":{"rendered":"<p>[vc_row full_width=&#8221;electroluxpro-full-width-no-padding&#8221;][vc_column css=&#8221;.vc_custom_1618358802266{margin-top: -40px !important;border-top-width: -40px !important;padding-top: -40px !important;}&#8221;][elx_full_banner title=&#8221;Tilbeh\u00f8r og forbrugsstoffer Cook and Chill&#8221; set_as_h1=&#8221;true&#8221; background_image_media_library=&#8221;27890&#8243; background_image_media_library_mobile=&#8221;27892&#8243; link=&#8221;url:%23contact|title:Se%20mere&#8221;][vc_row_inner full_width=&#8221;electroluxpro-full-width&#8221; gap=&#8221;15&#8243;][vc_column_inner width=&#8221;1\/4&#8243;][elx_download_block text=&#8221;Katalog med tilbeh\u00f8r til beskyttelse, desinficering og reng\u00f8ring&#8221; document_type=&#8221;cat&#8221; file_picker=&#8221;24892&#8243; background_color=&#8221;electrolux-blue&#8221; background_hover_color=&#8221;lighter-hover&#8221; ca_document_number=&#8221;CAT10&#8243;][\/vc_column_inner][vc_column_inner width=&#8221;1\/4&#8243;][elx_download_block text=&#8221;Katalog med originale reservedele, tilbeh\u00f8r og forbrugsvarer&#8221; document_type=&#8221;cat&#8221; file_picker=&#8221;24892&#8243; background_color=&#8221;electrolux-blue&#8221; background_hover_color=&#8221;lighter-hover&#8221; ca_document_number=&#8221;CAT19&#8243;][\/vc_column_inner][vc_column_inner width=&#8221;1\/4&#8243;][elx_download_block text=&#8221;Reservedelskatalog&#8221; document_type=&#8221;cat&#8221; file_picker=&#8221;24892&#8243; background_color=&#8221;electrolux-blue&#8221; background_hover_color=&#8221;lighter-hover&#8221; ca_document_number=&#8221;CAT9&#8243;][\/vc_column_inner][vc_column_inner [&hellip;]<\/p>\n","protected":false},"author":4,"featured_media":0,"parent":0,"menu_order":0,"comment_status":"closed","ping_status":"closed","template":"","meta":{"footnotes":""},"class_list":["post-27893","page","type-page","status-publish","hentry"],"acf":[],"yoast_head":"<!-- This site is optimized with the Yoast SEO plugin v23.3 - https:\/\/yoast.com\/wordpress\/plugins\/seo\/ -->\n<title>Tilbeh\u00f8r og forbrugsvarer - Cook and chill - Electrolux Professional Danmark<\/title>\n<meta name=\"description\" content=\"Get the best results out of your SkyLine. Cook&amp;Chill. Discover our accessories and consumables: grids, trays, vacuum packers, volcano smokers and more.\" \/>\n<meta name=\"robots\" content=\"index, follow, max-snippet:-1, max-image-preview:large, max-video-preview:-1\" \/>\n<link rel=\"canonical\" href=\"https:\/\/www.electroluxprofessional.com\/dk\/tilbehoer-forbrugsvarer-cook-and-chill\/\" \/>\n<meta property=\"og:locale\" content=\"da_DK\" \/>\n<meta property=\"og:type\" content=\"article\" \/>\n<meta property=\"og:title\" content=\"Tilbeh\u00f8r og forbrugsvarer - Cook and chill - Electrolux Professional Danmark\" \/>\n<meta property=\"og:description\" content=\"Get the best results out of your SkyLine. Cook&amp;Chill. Discover our accessories and consumables: grids, trays, vacuum packers, volcano smokers and more.\" \/>\n<meta property=\"og:url\" content=\"https:\/\/www.electroluxprofessional.com\/dk\/tilbehoer-forbrugsvarer-cook-and-chill\/\" \/>\n<meta property=\"og:site_name\" content=\"Electrolux Professional Danmark\" \/>\n<meta property=\"article:modified_time\" content=\"2026-03-17T14:39:29+00:00\" \/>\n<meta name=\"twitter:card\" content=\"summary_large_image\" \/>\n<meta name=\"twitter:label1\" content=\"Estimeret l\u00e6setid\" \/>\n\t<meta name=\"twitter:data1\" content=\"3 minutter\" \/>\n<script type=\"application\/ld+json\" class=\"yoast-schema-graph\">{\"@context\":\"https:\/\/schema.org\",\"@graph\":[{\"@type\":\"WebPage\",\"@id\":\"https:\/\/www.electroluxprofessional.com\/dk\/tilbehoer-forbrugsvarer-cook-and-chill\/\",\"url\":\"https:\/\/www.electroluxprofessional.com\/dk\/tilbehoer-forbrugsvarer-cook-and-chill\/\",\"name\":\"Tilbeh\u00f8r og forbrugsvarer - Cook and chill - Electrolux Professional Danmark\",\"isPartOf\":{\"@id\":\"https:\/\/www.electroluxprofessional.com\/dk\/#website\"},\"datePublished\":\"2024-07-23T12:25:02+00:00\",\"dateModified\":\"2026-03-17T14:39:29+00:00\",\"description\":\"Get the best results out of your SkyLine. Cook&Chill. Discover our accessories and consumables: grids, trays, vacuum packers, volcano smokers and more.\",\"breadcrumb\":{\"@id\":\"https:\/\/www.electroluxprofessional.com\/dk\/tilbehoer-forbrugsvarer-cook-and-chill\/#breadcrumb\"},\"inLanguage\":\"da-DK\",\"potentialAction\":[{\"@type\":\"ReadAction\",\"target\":[\"https:\/\/www.electroluxprofessional.com\/dk\/tilbehoer-forbrugsvarer-cook-and-chill\/\"]}]},{\"@type\":\"BreadcrumbList\",\"@id\":\"https:\/\/www.electroluxprofessional.com\/dk\/tilbehoer-forbrugsvarer-cook-and-chill\/#breadcrumb\",\"itemListElement\":[{\"@type\":\"ListItem\",\"position\":1,\"name\":\"Home\",\"item\":\"https:\/\/www.electroluxprofessional.com\/dk\/\"},{\"@type\":\"ListItem\",\"position\":2,\"name\":\"Tilbeh\u00f8r og forbrugsvarer &#8211; Cook and chill\"}]},{\"@type\":\"WebSite\",\"@id\":\"https:\/\/www.electroluxprofessional.com\/dk\/#website\",\"url\":\"https:\/\/www.electroluxprofessional.com\/dk\/\",\"name\":\"Electrolux Professional Danmark\",\"description\":\"\",\"potentialAction\":[{\"@type\":\"SearchAction\",\"target\":{\"@type\":\"EntryPoint\",\"urlTemplate\":\"https:\/\/www.electroluxprofessional.com\/dk\/?src={search_term_string}\"},\"query-input\":\"required name=search_term_string\"}],\"inLanguage\":\"da-DK\"}]}<\/script>\n<!-- \/ Yoast SEO plugin. -->","yoast_head_json":{"title":"Tilbeh\u00f8r og forbrugsvarer - Cook and chill - Electrolux Professional Danmark","description":"Get the best results out of your SkyLine. Cook&Chill. Discover our accessories and consumables: grids, trays, vacuum packers, volcano smokers and more.","robots":{"index":"index","follow":"follow","max-snippet":"max-snippet:-1","max-image-preview":"max-image-preview:large","max-video-preview":"max-video-preview:-1"},"canonical":"https:\/\/www.electroluxprofessional.com\/dk\/tilbehoer-forbrugsvarer-cook-and-chill\/","og_locale":"da_DK","og_type":"article","og_title":"Tilbeh\u00f8r og forbrugsvarer - Cook and chill - Electrolux Professional Danmark","og_description":"Get the best results out of your SkyLine. Cook&Chill. Discover our accessories and consumables: grids, trays, vacuum packers, volcano smokers and more.","og_url":"https:\/\/www.electroluxprofessional.com\/dk\/tilbehoer-forbrugsvarer-cook-and-chill\/","og_site_name":"Electrolux Professional Danmark","article_modified_time":"2026-03-17T14:39:29+00:00","twitter_card":"summary_large_image","twitter_misc":{"Estimeret l\u00e6setid":"3 minutter"},"schema":{"@context":"https:\/\/schema.org","@graph":[{"@type":"WebPage","@id":"https:\/\/www.electroluxprofessional.com\/dk\/tilbehoer-forbrugsvarer-cook-and-chill\/","url":"https:\/\/www.electroluxprofessional.com\/dk\/tilbehoer-forbrugsvarer-cook-and-chill\/","name":"Tilbeh\u00f8r og forbrugsvarer - Cook and chill - Electrolux Professional Danmark","isPartOf":{"@id":"https:\/\/www.electroluxprofessional.com\/dk\/#website"},"datePublished":"2024-07-23T12:25:02+00:00","dateModified":"2026-03-17T14:39:29+00:00","description":"Get the best results out of your SkyLine. Cook&Chill. Discover our accessories and consumables: grids, trays, vacuum packers, volcano smokers and more.","breadcrumb":{"@id":"https:\/\/www.electroluxprofessional.com\/dk\/tilbehoer-forbrugsvarer-cook-and-chill\/#breadcrumb"},"inLanguage":"da-DK","potentialAction":[{"@type":"ReadAction","target":["https:\/\/www.electroluxprofessional.com\/dk\/tilbehoer-forbrugsvarer-cook-and-chill\/"]}]},{"@type":"BreadcrumbList","@id":"https:\/\/www.electroluxprofessional.com\/dk\/tilbehoer-forbrugsvarer-cook-and-chill\/#breadcrumb","itemListElement":[{"@type":"ListItem","position":1,"name":"Home","item":"https:\/\/www.electroluxprofessional.com\/dk\/"},{"@type":"ListItem","position":2,"name":"Tilbeh\u00f8r og forbrugsvarer &#8211; Cook and chill"}]},{"@type":"WebSite","@id":"https:\/\/www.electroluxprofessional.com\/dk\/#website","url":"https:\/\/www.electroluxprofessional.com\/dk\/","name":"Electrolux Professional Danmark","description":"","potentialAction":[{"@type":"SearchAction","target":{"@type":"EntryPoint","urlTemplate":"https:\/\/www.electroluxprofessional.com\/dk\/?src={search_term_string}"},"query-input":"required name=search_term_string"}],"inLanguage":"da-DK"}]}},"_links":{"self":[{"href":"https:\/\/www.electroluxprofessional.com\/dk\/wp-json\/wp\/v2\/pages\/27893"}],"collection":[{"href":"https:\/\/www.electroluxprofessional.com\/dk\/wp-json\/wp\/v2\/pages"}],"about":[{"href":"https:\/\/www.electroluxprofessional.com\/dk\/wp-json\/wp\/v2\/types\/page"}],"author":[{"embeddable":true,"href":"https:\/\/www.electroluxprofessional.com\/dk\/wp-json\/wp\/v2\/users\/4"}],"replies":[{"embeddable":true,"href":"https:\/\/www.electroluxprofessional.com\/dk\/wp-json\/wp\/v2\/comments?post=27893"}],"version-history":[{"count":6,"href":"https:\/\/www.electroluxprofessional.com\/dk\/wp-json\/wp\/v2\/pages\/27893\/revisions"}],"predecessor-version":[{"id":32122,"href":"https:\/\/www.electroluxprofessional.com\/dk\/wp-json\/wp\/v2\/pages\/27893\/revisions\/32122"}],"wp:attachment":[{"href":"https:\/\/www.electroluxprofessional.com\/dk\/wp-json\/wp\/v2\/media?parent=27893"}],"curies":[{"name":"wp","href":"https:\/\/api.w.org\/{rel}","templated":true}]}}