{"id":27879,"date":"2024-07-23T11:55:05","date_gmt":"2024-07-23T11:55:05","guid":{"rendered":"https:\/\/www.electroluxprofessional.com\/dk\/?page_id=27879"},"modified":"2025-11-05T18:02:02","modified_gmt":"2025-11-05T18:02:02","slug":"modular-cooking-2_tilbehoer","status":"publish","type":"page","link":"https:\/\/www.electroluxprofessional.com\/dk\/modular-cooking-2_tilbehoer\/","title":{"rendered":"Tilbeh\u00f8r og forbrugsvarer &#8211; Modular cooking"},"content":{"rendered":"<p>[vc_row full_width=&#8221;electroluxpro-full-width-no-padding&#8221;][vc_column css=&#8221;.vc_custom_1618358802266{margin-top: -40px !important;border-top-width: -40px !important;padding-top: -40px !important;}&#8221;][elx_full_banner title=&#8221;Tilbeh\u00f8r og forbrugsstoffer til modul\u00e6r madlavning&#8221; set_as_h1=&#8221;true&#8221; background_image_media_library=&#8221;27877&#8243; background_image_media_library_mobile=&#8221;27878&#8243; link=&#8221;url:%23contact|title:Se%20mere&#8221;][vc_row_inner full_width=&#8221;electroluxpro-full-width&#8221; gap=&#8221;15&#8243;][vc_column_inner width=&#8221;1\/4&#8243;][elx_download_block text=&#8221;Katalog med tilbeh\u00f8r til beskyttelse, desinficering og reng\u00f8ring&#8221; document_type=&#8221;cat&#8221; file_picker=&#8221;24892&#8243; background_color=&#8221;electrolux-blue&#8221; background_hover_color=&#8221;lighter-hover&#8221; ca_document_number=&#8221;CAT10&#8243;][\/vc_column_inner][vc_column_inner width=&#8221;1\/4&#8243;][elx_download_block text=&#8221;Katalog med originale reservedele, tilbeh\u00f8r og forbrugsvarer&#8221; document_type=&#8221;cat&#8221; file_picker=&#8221;24892&#8243; background_color=&#8221;electrolux-blue&#8221; background_hover_color=&#8221;lighter-hover&#8221; ca_document_number=&#8221;CAT19&#8243;][\/vc_column_inner][vc_column_inner width=&#8221;1\/4&#8243;][elx_download_block text=&#8221;Katalog med reservedele&#8221; document_type=&#8221;cat&#8221; file_picker=&#8221;24892&#8243; background_color=&#8221;electrolux-blue&#8221; background_hover_color=&#8221;lighter-hover&#8221; ca_document_number=&#8221;CAT9&#8243;][\/vc_column_inner][vc_column_inner width=&#8221;1\/4&#8243;][elx_download_block text=&#8221;Guide til valg af professionelle reng\u00f8ringsmidler&#8221; file_picker=&#8221;47320&#8243; background_color=&#8221;electrolux-blue&#8221;][\/vc_column_inner][\/vc_row_inner][\/vc_column][\/vc_row][vc_row][vc_column][vc_column_text][\/vc_column_text][\/vc_column][\/vc_row][vc_row disable_element=&#8221;yes&#8221; matched_labels=&#8221;&#8221;][vc_column][elx_menu][vc_empty_space][vc_column_text]Pasta kogekurve, grill, professionelle affedtningsmidler og meget mere. \u00c6gte tilbeh\u00f8r og forbrugsvarer til din modulopbyggede kogeserie.[\/vc_column_text][\/vc_column][\/vc_row][vc_row][vc_column width=&#8221;1\/3&#8243;][vc_single_image image=&#8221;27870&#8243; img_size=&#8221;full&#8221; alignment=&#8221;center&#8221; css_animation=&#8221;none&#8221;][vc_empty_space height=&#8221;10px&#8221;][elx_heading font_size=&#8221;h5&#8243; text_color=&#8221;inherit&#8221;]Pasta kogekurve[\/elx_heading][vc_column_text]Helt lavet i AISI 304 for at sikre maksimal hygiejne, vores kurve er designet til at tilbyde maksimal ergonomi.[\/vc_column_text][vc_empty_space height=&#8221;58px&#8221;][vc_empty_space height=&#8221;58px&#8221;][\/vc_column][vc_column width=&#8221;1\/3&#8243;][vc_single_image image=&#8221;27871&#8243; img_size=&#8221;full&#8221; css_animation=&#8221;none&#8221;][vc_empty_space height=&#8221;10px&#8221;][elx_heading font_size=&#8221;h5&#8243; text_color=&#8221;inherit&#8221;]Professionel affedtningsmiddel[\/elx_heading][vc_column_text]Vores professionelle affedtningsmiddel er den ideelle reng\u00f8ringsl\u00f8sning til madlavning af overflader ved h\u00f8je temperaturer. Den anbefales til stegetoppe, braisepander og multifunktionelle komfurer.[\/vc_column_text][vc_empty_space height=&#8221;20px&#8221;][vc_empty_space height=&#8221;58px&#8221;][\/vc_column][vc_column width=&#8221;1\/3&#8243;][vc_single_image image=&#8221;27872&#8243; img_size=&#8221;large&#8221;][vc_empty_space height=&#8221;10px&#8221;][elx_heading font_size=&#8221;h5&#8243; text_color=&#8221;inherit&#8221;]Tester til madolie[\/elx_heading][vc_column_text]Undg\u00e5 at bruge brugt olie til madlavning ved hj\u00e6lp af det elektroniske oliekontrolsystem, sikring af b\u00e6redygtig drift, omkostningsbesparelser og forebyggelse af sundhedsrisici.[\/vc_column_text][vc_empty_space height=&#8221;58px&#8221;][\/vc_column][\/vc_row][vc_row][vc_column width=&#8221;1\/3&#8243;][vc_empty_space height=&#8221;58px&#8221;][vc_single_image image=&#8221;27873&#8243; img_size=&#8221;full&#8221; alignment=&#8221;center&#8221; css_animation=&#8221;none&#8221;][vc_empty_space height=&#8221;20px&#8221;][elx_heading font_size=&#8221;h5&#8243; text_color=&#8221;inherit&#8221;]Papirfiltre til filtreringssystem til 23lt frituregryde[\/elx_heading][vc_column_text]Kit til avanceret filtreringssystem til 23-liters frituregryde, der g\u00f8r det muligt at fjerne de mindste madrester og forl\u00e6nge oliens levetid.[\/vc_column_text][vc_empty_space height=&#8221;58px&#8221;][\/vc_column][vc_column width=&#8221;1\/3&#8243;][vc_empty_space height=&#8221;50px&#8221;][vc_single_image image=&#8221;27874&#8243; img_size=&#8221;medium&#8221; css_animation=&#8221;none&#8221;][vc_empty_space height=&#8221;50px&#8221;][elx_heading font_size=&#8221;h5&#8243; text_color=&#8221;inherit&#8221;]Friturekurve[\/elx_heading][vc_column_text]Helt lavet i AISI 304 for at sikre maksimal hygiejne, vores kurve er designet til at tilbyde maksimal ergonomi.[\/vc_column_text][vc_empty_space height=&#8221;20px&#8221;][\/vc_column][vc_column width=&#8221;1\/3&#8243;][vc_empty_space height=&#8221;100px&#8221;][vc_single_image image=&#8221;27875&#8243; img_size=&#8221;large&#8221;][vc_empty_space height=&#8221;95px&#8221;][elx_heading font_size=&#8221;h5&#8243; text_color=&#8221;inherit&#8221;]Induktions wokpande i rustfrit st\u00e5l med h\u00e5ndtag<br \/>\n[\/elx_heading][vc_column_text]Perfectly fitting wok pan for the induction wok for optimal heat distribution.[\/vc_column_text][vc_empty_space height=&#8221;20px&#8221;][\/vc_column][\/vc_row][vc_row disable_element=&#8221;yes&#8221;][vc_column width=&#8221;1\/3&#8243;][elx_shop_now button_text=&#8221;SHOP NOW&#8221; button_display_block=&#8221;display_block_on&#8221; button_alignment=&#8221;align_center&#8221; button_link=&#8221;url:https%3A%2F%2Fbuy.electroluxprofessional.com%2Felectrolux-professional%2Felx0cb513&#8243;][vc_empty_space height=&#8221;58px&#8221;][\/vc_column][vc_column width=&#8221;1\/3&#8243;][elx_shop_now button_text=&#8221;SHOP NOW&#8221; button_display_block=&#8221;display_block_on&#8221; button_alignment=&#8221;align_center&#8221; button_link=&#8221;url:https%3A%2F%2Fbuy.electroluxprofessional.com%2Felectrolux-professional%2Felx006133&#8243;][vc_empty_space height=&#8221;58px&#8221;][\/vc_column][vc_column width=&#8221;1\/3&#8243;][elx_shop_now button_text=&#8221;SHOP NOW&#8221; button_display_block=&#8221;display_block_on&#8221; button_alignment=&#8221;align_center&#8221; button_link=&#8221;url:https%3A%2F%2Fbuy.electroluxprofessional.com%2Felectrolux-professional%2Felx0s2062%3Fprofile%3Delectrolux&#8221;][vc_empty_space height=&#8221;58px&#8221;][\/vc_column][\/vc_row][vc_row][vc_column][elx_heading font_container=&#8221;h4&#8243; font_size=&#8221;h3&#8243; text_color=&#8221;inherit&#8221; text_align=&#8221;text-center&#8221;]Oplev vores koge\/stege sortiment[\/elx_heading][\/vc_column][\/vc_row][vc_row disable_element=&#8221;yes&#8221;][vc_column width=&#8221;1\/3&#8243;][elx_maylike_box id_box=&#8221;2878&#8243;][\/vc_column][vc_column width=&#8221;1\/3&#8243;][elx_maylike_box id_box=&#8221;2872&#8243;][\/vc_column][vc_column width=&#8221;1\/3&#8243;][elx_maylike_box id_box=&#8221;2875&#8243; link_target=&#8221;blank&#8221;][\/vc_column][\/vc_row][vc_row el_id=&#8221;contact&#8221;][vc_column][vc_empty_space][elx_heading font_container=&#8221;h3&#8243; text_color=&#8221;inherit&#8221; text_align=&#8221;text-center&#8221;]Opdag, hvordan du personligg\u00f8r din modul\u00e6re madlavning[\/elx_heading][elx_o2000_contact_us s=&#8221;Anmodning om information om tilbeh\u00f8r og forbrugsvarer til modulopbygget madlavning&#8221; country=&#8221;Denmark&#8221; container=&#8221;elxcontactus1484304163&#8243; r=&#8221;Jeg vil gerne vide mere om tilbeh\u00f8r og forbrugsstoffer til modulopbygget madlavning. Kontakt mig venligst.&#8221;][vc_empty_space][\/vc_column][\/vc_row][vc_row][vc_column][vc_column_text][\/vc_column_text][\/vc_column][\/vc_row]<\/p>\n","protected":false},"excerpt":{"rendered":"<p>[vc_row full_width=&#8221;electroluxpro-full-width-no-padding&#8221;][vc_column css=&#8221;.vc_custom_1618358802266{margin-top: -40px !important;border-top-width: -40px !important;padding-top: -40px !important;}&#8221;][elx_full_banner title=&#8221;Tilbeh\u00f8r og forbrugsstoffer til modul\u00e6r madlavning&#8221; set_as_h1=&#8221;true&#8221; background_image_media_library=&#8221;27877&#8243; background_image_media_library_mobile=&#8221;27878&#8243; link=&#8221;url:%23contact|title:Se%20mere&#8221;][vc_row_inner full_width=&#8221;electroluxpro-full-width&#8221; gap=&#8221;15&#8243;][vc_column_inner width=&#8221;1\/4&#8243;][elx_download_block text=&#8221;Katalog med tilbeh\u00f8r til beskyttelse, desinficering og reng\u00f8ring&#8221; document_type=&#8221;cat&#8221; file_picker=&#8221;24892&#8243; background_color=&#8221;electrolux-blue&#8221; background_hover_color=&#8221;lighter-hover&#8221; ca_document_number=&#8221;CAT10&#8243;][\/vc_column_inner][vc_column_inner width=&#8221;1\/4&#8243;][elx_download_block text=&#8221;Katalog med originale reservedele, tilbeh\u00f8r og forbrugsvarer&#8221; document_type=&#8221;cat&#8221; file_picker=&#8221;24892&#8243; background_color=&#8221;electrolux-blue&#8221; background_hover_color=&#8221;lighter-hover&#8221; ca_document_number=&#8221;CAT19&#8243;][\/vc_column_inner][vc_column_inner width=&#8221;1\/4&#8243;][elx_download_block text=&#8221;Katalog med reservedele&#8221; document_type=&#8221;cat&#8221; file_picker=&#8221;24892&#8243; background_color=&#8221;electrolux-blue&#8221; [&hellip;]<\/p>\n","protected":false},"author":4,"featured_media":2242,"parent":0,"menu_order":0,"comment_status":"closed","ping_status":"closed","template":"","meta":{"footnotes":""},"class_list":["post-27879","page","type-page","status-publish","has-post-thumbnail","hentry"],"acf":[],"yoast_head":"<!-- This site is optimized with the Yoast SEO plugin v23.3 - https:\/\/yoast.com\/wordpress\/plugins\/seo\/ -->\n<title>Accessories &amp; consumables - Modular cooking - Electrolux Professional<\/title>\n<meta name=\"description\" content=\"Cookers and stoves, pasta cooker baskets, grills, professional degreasers and more. Discover our accessories and consumables for your modular cooking.\" \/>\n<meta name=\"robots\" content=\"index, follow, max-snippet:-1, max-image-preview:large, max-video-preview:-1\" \/>\n<link rel=\"canonical\" href=\"https:\/\/www.electroluxprofessional.com\/dk\/modular-cooking-2_tilbehoer\/\" \/>\n<meta property=\"og:locale\" content=\"da_DK\" \/>\n<meta property=\"og:type\" content=\"article\" \/>\n<meta property=\"og:title\" content=\"Accessories &amp; consumables - Modular cooking - Electrolux Professional\" \/>\n<meta property=\"og:description\" content=\"Cookers and stoves, pasta cooker baskets, grills, professional degreasers and more. Discover our accessories and consumables for your modular cooking.\" \/>\n<meta property=\"og:url\" content=\"https:\/\/www.electroluxprofessional.com\/dk\/modular-cooking-2_tilbehoer\/\" \/>\n<meta property=\"og:site_name\" content=\"Electrolux Professional Danmark\" \/>\n<meta property=\"article:modified_time\" content=\"2025-11-05T18:02:02+00:00\" \/>\n<meta property=\"og:image\" content=\"https:\/\/www.electroluxprofessional.com\/dk\/wp-content\/uploads\/2016\/11\/xp1.jpg\" \/>\n\t<meta property=\"og:image:width\" content=\"2000\" \/>\n\t<meta property=\"og:image:height\" content=\"1333\" \/>\n\t<meta property=\"og:image:type\" content=\"image\/jpeg\" \/>\n<meta name=\"twitter:card\" content=\"summary_large_image\" \/>\n<meta name=\"twitter:label1\" content=\"Estimeret l\u00e6setid\" \/>\n\t<meta name=\"twitter:data1\" content=\"3 minutter\" \/>\n<script type=\"application\/ld+json\" class=\"yoast-schema-graph\">{\"@context\":\"https:\/\/schema.org\",\"@graph\":[{\"@type\":\"WebPage\",\"@id\":\"https:\/\/www.electroluxprofessional.com\/dk\/modular-cooking-2_tilbehoer\/\",\"url\":\"https:\/\/www.electroluxprofessional.com\/dk\/modular-cooking-2_tilbehoer\/\",\"name\":\"Accessories & consumables - Modular cooking - Electrolux Professional\",\"isPartOf\":{\"@id\":\"https:\/\/www.electroluxprofessional.com\/dk\/#website\"},\"primaryImageOfPage\":{\"@id\":\"https:\/\/www.electroluxprofessional.com\/dk\/modular-cooking-2_tilbehoer\/#primaryimage\"},\"image\":{\"@id\":\"https:\/\/www.electroluxprofessional.com\/dk\/modular-cooking-2_tilbehoer\/#primaryimage\"},\"thumbnailUrl\":\"https:\/\/www.electroluxprofessional.com\/dk\/wp-content\/uploads\/2016\/11\/xp1.jpg\",\"datePublished\":\"2024-07-23T11:55:05+00:00\",\"dateModified\":\"2025-11-05T18:02:02+00:00\",\"description\":\"Cookers and stoves, pasta cooker baskets, grills, professional degreasers and more. Discover our accessories and consumables for your modular cooking.\",\"breadcrumb\":{\"@id\":\"https:\/\/www.electroluxprofessional.com\/dk\/modular-cooking-2_tilbehoer\/#breadcrumb\"},\"inLanguage\":\"da-DK\",\"potentialAction\":[{\"@type\":\"ReadAction\",\"target\":[\"https:\/\/www.electroluxprofessional.com\/dk\/modular-cooking-2_tilbehoer\/\"]}]},{\"@type\":\"ImageObject\",\"inLanguage\":\"da-DK\",\"@id\":\"https:\/\/www.electroluxprofessional.com\/dk\/modular-cooking-2_tilbehoer\/#primaryimage\",\"url\":\"https:\/\/www.electroluxprofessional.com\/dk\/wp-content\/uploads\/2016\/11\/xp1.jpg\",\"contentUrl\":\"https:\/\/www.electroluxprofessional.com\/dk\/wp-content\/uploads\/2016\/11\/xp1.jpg\",\"width\":2000,\"height\":1333,\"caption\":\"900XP and 700XP\"},{\"@type\":\"BreadcrumbList\",\"@id\":\"https:\/\/www.electroluxprofessional.com\/dk\/modular-cooking-2_tilbehoer\/#breadcrumb\",\"itemListElement\":[{\"@type\":\"ListItem\",\"position\":1,\"name\":\"Home\",\"item\":\"https:\/\/www.electroluxprofessional.com\/dk\/\"},{\"@type\":\"ListItem\",\"position\":2,\"name\":\"Tilbeh\u00f8r og forbrugsvarer &#8211; Modular cooking\"}]},{\"@type\":\"WebSite\",\"@id\":\"https:\/\/www.electroluxprofessional.com\/dk\/#website\",\"url\":\"https:\/\/www.electroluxprofessional.com\/dk\/\",\"name\":\"Electrolux Professional Danmark\",\"description\":\"\",\"potentialAction\":[{\"@type\":\"SearchAction\",\"target\":{\"@type\":\"EntryPoint\",\"urlTemplate\":\"https:\/\/www.electroluxprofessional.com\/dk\/?src={search_term_string}\"},\"query-input\":\"required name=search_term_string\"}],\"inLanguage\":\"da-DK\"}]}<\/script>\n<!-- \/ Yoast SEO plugin. -->","yoast_head_json":{"title":"Accessories & consumables - Modular cooking - Electrolux Professional","description":"Cookers and stoves, pasta cooker baskets, grills, professional degreasers and more. Discover our accessories and consumables for your modular cooking.","robots":{"index":"index","follow":"follow","max-snippet":"max-snippet:-1","max-image-preview":"max-image-preview:large","max-video-preview":"max-video-preview:-1"},"canonical":"https:\/\/www.electroluxprofessional.com\/dk\/modular-cooking-2_tilbehoer\/","og_locale":"da_DK","og_type":"article","og_title":"Accessories & consumables - Modular cooking - Electrolux Professional","og_description":"Cookers and stoves, pasta cooker baskets, grills, professional degreasers and more. Discover our accessories and consumables for your modular cooking.","og_url":"https:\/\/www.electroluxprofessional.com\/dk\/modular-cooking-2_tilbehoer\/","og_site_name":"Electrolux Professional Danmark","article_modified_time":"2025-11-05T18:02:02+00:00","og_image":[{"width":2000,"height":1333,"url":"https:\/\/www.electroluxprofessional.com\/dk\/wp-content\/uploads\/2016\/11\/xp1.jpg","type":"image\/jpeg"}],"twitter_card":"summary_large_image","twitter_misc":{"Estimeret l\u00e6setid":"3 minutter"},"schema":{"@context":"https:\/\/schema.org","@graph":[{"@type":"WebPage","@id":"https:\/\/www.electroluxprofessional.com\/dk\/modular-cooking-2_tilbehoer\/","url":"https:\/\/www.electroluxprofessional.com\/dk\/modular-cooking-2_tilbehoer\/","name":"Accessories & consumables - Modular cooking - Electrolux Professional","isPartOf":{"@id":"https:\/\/www.electroluxprofessional.com\/dk\/#website"},"primaryImageOfPage":{"@id":"https:\/\/www.electroluxprofessional.com\/dk\/modular-cooking-2_tilbehoer\/#primaryimage"},"image":{"@id":"https:\/\/www.electroluxprofessional.com\/dk\/modular-cooking-2_tilbehoer\/#primaryimage"},"thumbnailUrl":"https:\/\/www.electroluxprofessional.com\/dk\/wp-content\/uploads\/2016\/11\/xp1.jpg","datePublished":"2024-07-23T11:55:05+00:00","dateModified":"2025-11-05T18:02:02+00:00","description":"Cookers and stoves, pasta cooker baskets, grills, professional degreasers and more. Discover our accessories and consumables for your modular cooking.","breadcrumb":{"@id":"https:\/\/www.electroluxprofessional.com\/dk\/modular-cooking-2_tilbehoer\/#breadcrumb"},"inLanguage":"da-DK","potentialAction":[{"@type":"ReadAction","target":["https:\/\/www.electroluxprofessional.com\/dk\/modular-cooking-2_tilbehoer\/"]}]},{"@type":"ImageObject","inLanguage":"da-DK","@id":"https:\/\/www.electroluxprofessional.com\/dk\/modular-cooking-2_tilbehoer\/#primaryimage","url":"https:\/\/www.electroluxprofessional.com\/dk\/wp-content\/uploads\/2016\/11\/xp1.jpg","contentUrl":"https:\/\/www.electroluxprofessional.com\/dk\/wp-content\/uploads\/2016\/11\/xp1.jpg","width":2000,"height":1333,"caption":"900XP and 700XP"},{"@type":"BreadcrumbList","@id":"https:\/\/www.electroluxprofessional.com\/dk\/modular-cooking-2_tilbehoer\/#breadcrumb","itemListElement":[{"@type":"ListItem","position":1,"name":"Home","item":"https:\/\/www.electroluxprofessional.com\/dk\/"},{"@type":"ListItem","position":2,"name":"Tilbeh\u00f8r og forbrugsvarer &#8211; Modular cooking"}]},{"@type":"WebSite","@id":"https:\/\/www.electroluxprofessional.com\/dk\/#website","url":"https:\/\/www.electroluxprofessional.com\/dk\/","name":"Electrolux Professional Danmark","description":"","potentialAction":[{"@type":"SearchAction","target":{"@type":"EntryPoint","urlTemplate":"https:\/\/www.electroluxprofessional.com\/dk\/?src={search_term_string}"},"query-input":"required name=search_term_string"}],"inLanguage":"da-DK"}]}},"_links":{"self":[{"href":"https:\/\/www.electroluxprofessional.com\/dk\/wp-json\/wp\/v2\/pages\/27879"}],"collection":[{"href":"https:\/\/www.electroluxprofessional.com\/dk\/wp-json\/wp\/v2\/pages"}],"about":[{"href":"https:\/\/www.electroluxprofessional.com\/dk\/wp-json\/wp\/v2\/types\/page"}],"author":[{"embeddable":true,"href":"https:\/\/www.electroluxprofessional.com\/dk\/wp-json\/wp\/v2\/users\/4"}],"replies":[{"embeddable":true,"href":"https:\/\/www.electroluxprofessional.com\/dk\/wp-json\/wp\/v2\/comments?post=27879"}],"version-history":[{"count":5,"href":"https:\/\/www.electroluxprofessional.com\/dk\/wp-json\/wp\/v2\/pages\/27879\/revisions"}],"predecessor-version":[{"id":30779,"href":"https:\/\/www.electroluxprofessional.com\/dk\/wp-json\/wp\/v2\/pages\/27879\/revisions\/30779"}],"wp:featuredmedia":[{"embeddable":true,"href":"https:\/\/www.electroluxprofessional.com\/dk\/wp-json\/wp\/v2\/media\/2242"}],"wp:attachment":[{"href":"https:\/\/www.electroluxprofessional.com\/dk\/wp-json\/wp\/v2\/media?parent=27879"}],"curies":[{"name":"wp","href":"https:\/\/api.w.org\/{rel}","templated":true}]}}