{"id":27732,"date":"2024-06-10T09:22:40","date_gmt":"2024-06-10T09:22:40","guid":{"rendered":"https:\/\/www.electroluxprofessional.com\/dk\/?page_id=27732"},"modified":"2024-06-12T10:32:26","modified_gmt":"2024-06-12T10:32:26","slug":"product-registration","status":"publish","type":"page","link":"https:\/\/www.electroluxprofessional.com\/dk\/product-registration\/","title":{"rendered":"Product Registration"},"content":{"rendered":"<p>[vc_row][vc_column][vc_empty_space height=&#8221;20px&#8221;][elx_menu menu_name=&#8221;myProfessional&#8221;][\/vc_column][\/vc_row][vc_row][vc_column width=&#8221;1\/6&#8243;][vc_single_image image=&#8221;2230&#8243; img_size=&#8221;full&#8221;][\/vc_column][vc_column width=&#8221;5\/6&#8243;][elx_heading font_container=&#8221;h1&#8243; font_size=&#8221;h3&#8243; text_color=&#8221;inherit&#8221;]Hvorfor registrere dine produkter?[\/elx_heading][vc_column_text]Tak fordi du har k\u00f8bt Electrolux Professional produkter.<\/p>\n<p>Ved at registrere dine produkter i dag, hj\u00e6lper du os med at give dig vores bedst mulige kundepleje og support. Vores specialister vil altid v\u00e6re der for at st\u00f8tte dig i din daglige forretning og for at sikre, at du f\u00e5r den faglige ekspertise, du har brug for.[\/vc_column_text][\/vc_column][\/vc_row][vc_row][vc_column][elx_o2000_product_registration l=&#8221;dk&#8221; c=&#8221;Denmark&#8221;][vc_empty_space][\/vc_column][\/vc_row]<\/p>\n","protected":false},"excerpt":{"rendered":"<p>[vc_row][vc_column][vc_empty_space height=&#8221;20px&#8221;][elx_menu menu_name=&#8221;myProfessional&#8221;][\/vc_column][\/vc_row][vc_row][vc_column width=&#8221;1\/6&#8243;][vc_single_image image=&#8221;2230&#8243; img_size=&#8221;full&#8221;][\/vc_column][vc_column width=&#8221;5\/6&#8243;][elx_heading font_container=&#8221;h1&#8243; font_size=&#8221;h3&#8243; text_color=&#8221;inherit&#8221;]Hvorfor registrere dine produkter?[\/elx_heading][vc_column_text]Tak fordi du har k\u00f8bt Electrolux Professional produkter. Ved at registrere dine produkter i dag, hj\u00e6lper du os med at give dig vores bedst mulige kundepleje og support. Vores specialister vil altid v\u00e6re der for at st\u00f8tte dig i din daglige forretning og [&hellip;]<\/p>\n","protected":false},"author":1,"featured_media":0,"parent":0,"menu_order":0,"comment_status":"closed","ping_status":"closed","template":"","meta":{"footnotes":""},"class_list":["post-27732","page","type-page","status-publish","hentry"],"acf":[],"yoast_head":"<!-- This site is optimized with the Yoast SEO plugin v23.3 - https:\/\/yoast.com\/wordpress\/plugins\/seo\/ -->\n<title>Product Registration - Electrolux Professional Danmark<\/title>\n<meta name=\"description\" content=\"By registering your products today, you will be helping us provide you with our best possible customer care.\" \/>\n<meta name=\"robots\" content=\"index, follow, max-snippet:-1, max-image-preview:large, max-video-preview:-1\" \/>\n<link rel=\"canonical\" href=\"https:\/\/www.electroluxprofessional.com\/dk\/product-registration\/\" \/>\n<meta property=\"og:locale\" content=\"da_DK\" \/>\n<meta property=\"og:type\" content=\"article\" \/>\n<meta property=\"og:title\" content=\"Product Registration - Electrolux Professional Danmark\" \/>\n<meta property=\"og:description\" content=\"By registering your products today, you will be helping us provide you with our best possible customer care.\" \/>\n<meta property=\"og:url\" content=\"https:\/\/www.electroluxprofessional.com\/dk\/product-registration\/\" \/>\n<meta property=\"og:site_name\" content=\"Electrolux Professional Danmark\" \/>\n<meta property=\"article:modified_time\" content=\"2024-06-12T10:32:26+00:00\" \/>\n<meta name=\"twitter:card\" content=\"summary_large_image\" \/>\n<meta name=\"twitter:label1\" content=\"Estimeret l\u00e6setid\" \/>\n\t<meta name=\"twitter:data1\" content=\"1 minut\" \/>\n<script type=\"application\/ld+json\" class=\"yoast-schema-graph\">{\"@context\":\"https:\/\/schema.org\",\"@graph\":[{\"@type\":\"WebPage\",\"@id\":\"https:\/\/www.electroluxprofessional.com\/dk\/product-registration\/\",\"url\":\"https:\/\/www.electroluxprofessional.com\/dk\/product-registration\/\",\"name\":\"Product Registration - Electrolux Professional Danmark\",\"isPartOf\":{\"@id\":\"https:\/\/www.electroluxprofessional.com\/dk\/#website\"},\"datePublished\":\"2024-06-10T09:22:40+00:00\",\"dateModified\":\"2024-06-12T10:32:26+00:00\",\"description\":\"By registering your products today, you will be helping us provide you with our best possible customer care.\",\"breadcrumb\":{\"@id\":\"https:\/\/www.electroluxprofessional.com\/dk\/product-registration\/#breadcrumb\"},\"inLanguage\":\"da-DK\",\"potentialAction\":[{\"@type\":\"ReadAction\",\"target\":[\"https:\/\/www.electroluxprofessional.com\/dk\/product-registration\/\"]}]},{\"@type\":\"BreadcrumbList\",\"@id\":\"https:\/\/www.electroluxprofessional.com\/dk\/product-registration\/#breadcrumb\",\"itemListElement\":[{\"@type\":\"ListItem\",\"position\":1,\"name\":\"Home\",\"item\":\"https:\/\/www.electroluxprofessional.com\/dk\/\"},{\"@type\":\"ListItem\",\"position\":2,\"name\":\"Product Registration\"}]},{\"@type\":\"WebSite\",\"@id\":\"https:\/\/www.electroluxprofessional.com\/dk\/#website\",\"url\":\"https:\/\/www.electroluxprofessional.com\/dk\/\",\"name\":\"Electrolux Professional Danmark\",\"description\":\"\",\"potentialAction\":[{\"@type\":\"SearchAction\",\"target\":{\"@type\":\"EntryPoint\",\"urlTemplate\":\"https:\/\/www.electroluxprofessional.com\/dk\/?src={search_term_string}\"},\"query-input\":\"required name=search_term_string\"}],\"inLanguage\":\"da-DK\"}]}<\/script>\n<!-- \/ Yoast SEO plugin. -->","yoast_head_json":{"title":"Product Registration - Electrolux Professional Danmark","description":"By registering your products today, you will be helping us provide you with our best possible customer care.","robots":{"index":"index","follow":"follow","max-snippet":"max-snippet:-1","max-image-preview":"max-image-preview:large","max-video-preview":"max-video-preview:-1"},"canonical":"https:\/\/www.electroluxprofessional.com\/dk\/product-registration\/","og_locale":"da_DK","og_type":"article","og_title":"Product Registration - Electrolux Professional Danmark","og_description":"By registering your products today, you will be helping us provide you with our best possible customer care.","og_url":"https:\/\/www.electroluxprofessional.com\/dk\/product-registration\/","og_site_name":"Electrolux Professional Danmark","article_modified_time":"2024-06-12T10:32:26+00:00","twitter_card":"summary_large_image","twitter_misc":{"Estimeret l\u00e6setid":"1 minut"},"schema":{"@context":"https:\/\/schema.org","@graph":[{"@type":"WebPage","@id":"https:\/\/www.electroluxprofessional.com\/dk\/product-registration\/","url":"https:\/\/www.electroluxprofessional.com\/dk\/product-registration\/","name":"Product Registration - Electrolux Professional Danmark","isPartOf":{"@id":"https:\/\/www.electroluxprofessional.com\/dk\/#website"},"datePublished":"2024-06-10T09:22:40+00:00","dateModified":"2024-06-12T10:32:26+00:00","description":"By registering your products today, you will be helping us provide you with our best possible customer care.","breadcrumb":{"@id":"https:\/\/www.electroluxprofessional.com\/dk\/product-registration\/#breadcrumb"},"inLanguage":"da-DK","potentialAction":[{"@type":"ReadAction","target":["https:\/\/www.electroluxprofessional.com\/dk\/product-registration\/"]}]},{"@type":"BreadcrumbList","@id":"https:\/\/www.electroluxprofessional.com\/dk\/product-registration\/#breadcrumb","itemListElement":[{"@type":"ListItem","position":1,"name":"Home","item":"https:\/\/www.electroluxprofessional.com\/dk\/"},{"@type":"ListItem","position":2,"name":"Product Registration"}]},{"@type":"WebSite","@id":"https:\/\/www.electroluxprofessional.com\/dk\/#website","url":"https:\/\/www.electroluxprofessional.com\/dk\/","name":"Electrolux Professional Danmark","description":"","potentialAction":[{"@type":"SearchAction","target":{"@type":"EntryPoint","urlTemplate":"https:\/\/www.electroluxprofessional.com\/dk\/?src={search_term_string}"},"query-input":"required name=search_term_string"}],"inLanguage":"da-DK"}]}},"_links":{"self":[{"href":"https:\/\/www.electroluxprofessional.com\/dk\/wp-json\/wp\/v2\/pages\/27732"}],"collection":[{"href":"https:\/\/www.electroluxprofessional.com\/dk\/wp-json\/wp\/v2\/pages"}],"about":[{"href":"https:\/\/www.electroluxprofessional.com\/dk\/wp-json\/wp\/v2\/types\/page"}],"author":[{"embeddable":true,"href":"https:\/\/www.electroluxprofessional.com\/dk\/wp-json\/wp\/v2\/users\/1"}],"replies":[{"embeddable":true,"href":"https:\/\/www.electroluxprofessional.com\/dk\/wp-json\/wp\/v2\/comments?post=27732"}],"version-history":[{"count":3,"href":"https:\/\/www.electroluxprofessional.com\/dk\/wp-json\/wp\/v2\/pages\/27732\/revisions"}],"predecessor-version":[{"id":27738,"href":"https:\/\/www.electroluxprofessional.com\/dk\/wp-json\/wp\/v2\/pages\/27732\/revisions\/27738"}],"wp:attachment":[{"href":"https:\/\/www.electroluxprofessional.com\/dk\/wp-json\/wp\/v2\/media?parent=27732"}],"curies":[{"name":"wp","href":"https:\/\/api.w.org\/{rel}","templated":true}]}}