{"id":27666,"date":"2024-05-24T10:35:25","date_gmt":"2024-05-24T10:35:25","guid":{"rendered":"https:\/\/www.electroluxprofessional.com\/dk\/?page_id=27666"},"modified":"2024-05-27T09:12:21","modified_gmt":"2024-05-27T09:12:21","slug":"restaurant-med-vaskeri-paa-abonnement","status":"publish","type":"page","link":"https:\/\/www.electroluxprofessional.com\/dk\/restaurant-med-vaskeri-paa-abonnement\/","title":{"rendered":"CASE: Restaurant Bevi Bevi"},"content":{"rendered":"<p>[vc_row css=&#8221;.vc_custom_1716543674905{padding-top: 0px !important;background-color: #dadfe1 !important;}&#8221;][vc_column width=&#8221;2\/3&#8243; css=&#8221;.vc_custom_1716543800576{padding-top: 40px !important;}&#8221;][vc_row_inner][vc_column_inner offset=&#8221;vc_hidden-xs&#8221;][vc_empty_space height=&#8221;40px&#8221;][\/vc_column_inner][\/vc_row_inner][vc_column_text el_class=&#8221;p-16&#8243;]Restaurantk\u00e6de i K\u00f8benhavn har valgt vaskeri p\u00e5 abonnement:[\/vc_column_text][elx_heading font_container=&#8221;h1&#8243; text_color=&#8221;electrolux-blue&#8221; text_align=&#8221;text-left&#8221; css=&#8221;.vc_custom_1716543737506{padding-top: 60px !important;}&#8221;]\u201dVi kommer til at spare flere hundrede tusinde kroner \u00e5rligt\u201d[\/elx_heading][vc_row_inner][vc_column_inner][vc_empty_space height=&#8221;50px&#8221;][\/vc_column_inner][\/vc_row_inner][\/vc_column][vc_column width=&#8221;1\/3&#8243;][vc_single_image image=&#8221;27672&#8243; img_size=&#8221;full&#8221;][\/vc_column][\/vc_row][vc_row][vc_column offset=&#8221;vc_hidden-xs&#8221;][vc_empty_space height=&#8221;20px&#8221;][\/vc_column][\/vc_row][vc_row gap=&#8221;30&#8243;][vc_column width=&#8221;2\/3&#8243; css=&#8221;.vc_custom_1716545919509{padding-right: 20px !important;padding-left: 20px !important;}&#8221; offset=&#8221;vc_hidden-sm vc_hidden-xs&#8221;][vc_empty_space height=&#8221;40px&#8221; css=&#8221;.vc_custom_1528788421033{margin-right: 20px !important;}&#8221;][vc_column_text css=&#8221;.vc_custom_1716801116364{margin-bottom: 10px !important;}&#8221; el_class=&#8221;p-16&#8243;]N\u00e5r man driver en restaurantk\u00e6de med voksev\u00e6rk p\u00e5 tiende \u00e5r, har man brug for at reducere sine omkostninger. Det g\u00e6lder ogs\u00e5 for indehaveren af restaurant Bevi Bevi, Circolo og fire andre restauranter med italiensk mad i den finere ende af skalaen, Philip Skovgaard. Han l\u00e6gger da heller ikke skjul p\u00e5, at det var muligheden for en endnu bedre bundlinje, som fik ham til at droppe den eksterne leverand\u00f8r af rene duge, servietter og andre tekstiler. I stedet har restaurantk\u00e6den nu et in-house vaskeri som en all-inclusive abonnementsaftale med Electrolux Professional.<\/p>\n<p>I det lille vaskeri i Valby har en medarbejder siden februar 2024 klaret det vasket\u00f8j, som virksomheden nu selv har indk\u00f8bt, med to Line 6000 vaskemaskiner, en 14 kilos varmepumpetumbler og en strygerulle.[\/vc_column_text][vc_empty_space height=&#8221;22px&#8221;][vc_column_text css=&#8221;.vc_custom_1716545678507{border-left-width: 3px !important;padding-left: 20px !important;border-left-color: #041e41 !important;border-left-style: solid !important;}&#8221; el_class=&#8221;p-16&#8243;]<\/p>\n<h6>\u201dVi har valgt den her l\u00f8sning for at spare penge. N\u00e5r man f\u00e5r mulighed for at spare p\u00e5 bundlinjen, s\u00e5 g\u00f8r man det bare. Og vi regner med, at det bliver til flere hundrede tusinde kroner om \u00e5ret. Vi har v\u00e6kst, s\u00e5 for os er det en fremtidsting, at vi g\u00f8r det nu\u201d,<\/h6>\n<p>forklarer Philip Skovgaard, som ejer og driver den succesfulde restaurantk\u00e6de sammen med sin hustru, Lea Parkins<em>. <\/em>[\/vc_column_text][vc_empty_space height=&#8221;42px&#8221;][vc_column_text el_class=&#8221;p-16&#8243;]Restaurat\u00f8rparret havde kontakt med flere leverand\u00f8rer, inden de valgte den l\u00f8sning, som nu k\u00f8rer gnidningsfrit i virksomheden. Og de var glade for at kunne overlade ansvaret for bestykning af vaskeriet til Electrolux Professionals fagfolk.[\/vc_column_text][vc_empty_space height=&#8221;22px&#8221;][vc_column_text css=&#8221;.vc_custom_1716545654589{border-left-width: 3px !important;padding-left: 20px !important;border-left-color: #041e41 !important;border-left-style: solid !important;}&#8221; el_class=&#8221;p-16&#8243;]<\/p>\n<h6>\u201dJeg interesserer mig for mad og har ikke forstand p\u00e5 t\u00f8jvask. Electrolux var behj\u00e6lpelig med at beregne, hvad der skulle til for os \u2013 og det her virkede som et attraktivt tilbud. Vi har f\u00e5et et fint nyt professionelt set-up. Og det er rart, at vi ikke selv skulle have ansvaret for det. Det er der andre, der ved mere om. Vi har i \u00f8vrigt altid arbejdet med Electrolux Professionals k\u00f8kkenudstyr, s\u00e5 det var naturligt at handle med \u00e9n leverand\u00f8r&#8221;,<\/h6>\n<p>siger Philip Skovgaard.[\/vc_column_text][vc_empty_space height=&#8221;42px&#8221;][vc_column_text el_class=&#8221;p-16&#8243;]Faktisk har han ikke m\u00e6rket meget til processen omkring opstart af restaurantk\u00e6dens nye in-house vaskeri i Valby.[\/vc_column_text][vc_empty_space height=&#8221;22px&#8221;][vc_column_text css=&#8221;.vc_custom_1716545660763{border-left-width: 3px !important;padding-left: 20px !important;border-left-color: #041e41 !important;border-left-style: solid !important;}&#8221; el_class=&#8221;p-16&#8243;]<\/p>\n<h6>\u201dDet var rart, at Electrolux Professional bare tog ansvaret. Det var gnidningsfrit \u2013 vi fik maskinerne leveret og sat op. Vi havde ikke noget med det at g\u00f8re. S\u00e5 vi kunne komme i gang uden at skulle b\u00f8vle s\u00e5 meget med noget. Og der er service-tilkald p\u00e5 maskinerne, s\u00e5 det hele virker bare meget nemmere og meget bedre\u201d,<\/h6>\n<p>fastsl\u00e5r han.[\/vc_column_text][vc_empty_space height=&#8221;40px&#8221;][vc_column_text css_animation=&#8221;fadeInDown&#8221; el_class=&#8221;p-16&#8243; css=&#8221;.vc_custom_1528787368099{margin-top: 0px !important;}&#8221;]<\/p>\n<p><center>Har du sp\u00f8rgsm\u00e5l \u2013 eller \u00f8nsker du et tilbud?<br \/>\n<strong><a href=\"http:\/\/e-vaskebjoernen.dk\/kontakt\/\">Kontakt Electrolux Professional her,<\/a> <\/strong>eller ring til os p\u00e5 63 76 22 20.<\/center>[\/vc_column_text][\/vc_column][vc_column width=&#8221;1\/3&#8243; css=&#8221;.vc_custom_1716546723476{margin-left: 10px !important;padding-right: 10px !important;padding-left: 10px !important;}&#8221; offset=&#8221;vc_hidden-xs&#8221;][vc_empty_space][vc_single_image image=&#8221;27682&#8243; img_size=&#8221;full&#8221;][vc_single_image image=&#8221;27685&#8243; img_size=&#8221;full&#8221;][vc_empty_space height=&#8221;20px&#8221;][vc_single_image image=&#8221;27702&#8243; img_size=&#8221;full&#8221;][vc_empty_space height=&#8221;20px&#8221;][vc_column_text el_class=&#8221;p-14&#8243;]Line 6000 varmepumpe tumblere f\u00e5s i st\u00f8rrelserne 7, 14 og 20 kg og vaskemaskiner fra 6 til 33 kg[\/vc_column_text][elx_button button_text=&#8221;Se flere Line 6000 vaskerimaskiner&#8221; button_style=&#8221;default&#8221; css=&#8221;.vc_custom_1716547128475{margin-top: 60px !important;}&#8221; button_link=&#8221;url:https%3A%2F%2Fwww.electroluxprofessional.com%2Fdk%2Fline-6000-vaskeri-der-virker%2F&#8221;][\/vc_column][\/vc_row][vc_row gap=&#8221;30&#8243; css=&#8221;.vc_custom_1537451343324{padding-right: 20px !important;padding-left: 20px !important;}&#8221;][vc_column css=&#8221;.vc_custom_1716546660007{padding-right: 30px !important;padding-left: 30px !important;}&#8221; offset=&#8221;vc_hidden-lg vc_hidden-md&#8221;][vc_empty_space height=&#8221;40px&#8221; css=&#8221;.vc_custom_1528788421033{margin-right: 20px !important;}&#8221;][vc_column_text css=&#8221;.vc_custom_1716556086377{margin-bottom: 10px !important;}&#8221; el_class=&#8221;p-16&#8243;]N\u00e5r man driver en restaurantk\u00e6de med voksev\u00e6rk p\u00e5 tiende \u00e5r, har man brug for at reducere sine omkostninger. Det g\u00e6lder ogs\u00e5 for indehaveren af restaurant Bevi Bevi, Circolo og fire andre restauranter med italiensk mad i den finere ende af skalaen, Philip Skovgaard. Han l\u00e6gger da heller ikke skjul p\u00e5, at det var muligheden for en endnu bedre bundlinje, som fik ham til at droppe den eksterne leverand\u00f8r af rene duge, servietter og andre tekstiler. I stedet har restaurantk\u00e6den nu et in-house vaskeri som en all-inclusive abonnementsaftale med Electrolux Professional.<\/p>\n<p>I det lille vaskeri i Valby har en medarbejder siden marts 2024 (?) klaret det vasket\u00f8j, som virksomheden nu selv har indk\u00f8bt, med to Line 6000 vaskemaskiner, en 14 kilos varmepumpetumbler og en strygerulle.[\/vc_column_text][vc_empty_space height=&#8221;22px&#8221;][vc_column_text css=&#8221;.vc_custom_1716545678507{border-left-width: 3px !important;padding-left: 20px !important;border-left-color: #041e41 !important;border-left-style: solid !important;}&#8221; el_class=&#8221;p-16&#8243;]<\/p>\n<h6>\u201dVi har valgt den her l\u00f8sning for at spare penge. N\u00e5r man f\u00e5r mulighed for at spare p\u00e5 bundlinjen, s\u00e5 g\u00f8r man det bare. Og vi regner med, at det bliver til flere hundrede tusinde kroner om \u00e5ret. Vi har v\u00e6kst, s\u00e5 for os er det en fremtidsting, at vi g\u00f8r det nu\u201d,<\/h6>\n<p>forklarer Philip Skovgaard, som ejer og driver den succesfulde restaurantk\u00e6de sammen med sin hustru, Lea Parkins<em>. <\/em>[\/vc_column_text][vc_empty_space height=&#8221;22px&#8221;][vc_single_image image=&#8221;27682&#8243; img_size=&#8221;full&#8221;][vc_empty_space height=&#8221;42px&#8221;][vc_column_text el_class=&#8221;p-16&#8243;]Restaurat\u00f8rparret havde kontakt med flere leverand\u00f8rer, inden de valgte den l\u00f8sning, som nu k\u00f8rer gnidningsfrit i virksomheden. Og de var glade for at kunne overlade ansvaret for bestykning af vaskeriet til Electrolux Professionals fagfolk.[\/vc_column_text][vc_empty_space height=&#8221;22px&#8221;][vc_column_text css=&#8221;.vc_custom_1716545654589{border-left-width: 3px !important;padding-left: 20px !important;border-left-color: #041e41 !important;border-left-style: solid !important;}&#8221; el_class=&#8221;p-16&#8243;]<\/p>\n<h6>\u201dJeg interesserer mig for mad og har ikke forstand p\u00e5 t\u00f8jvask. Electrolux var behj\u00e6lpelig med at beregne, hvad der skulle til for os \u2013 og det her virkede som et attraktivt tilbud. Vi har f\u00e5et et fint nyt professionelt set-up. Og det er rart, at vi ikke selv skulle have ansvaret for det. Det er der andre, der ved mere om. Vi har i \u00f8vrigt altid arbejdet med Electrolux Professionals k\u00f8kkenudstyr, s\u00e5 det var naturligt at handle med \u00e9n leverand\u00f8r&#8221;,<\/h6>\n<p>siger Philip Skovgaard.[\/vc_column_text][vc_empty_space height=&#8221;22px&#8221;][vc_single_image image=&#8221;27685&#8243; img_size=&#8221;full&#8221;][vc_empty_space height=&#8221;42px&#8221;][vc_column_text el_class=&#8221;p-16&#8243;]Faktisk har han ikke m\u00e6rket meget til processen omkring opstart af restaurantk\u00e6dens nye in-house vaskeri i Valby.[\/vc_column_text][vc_empty_space height=&#8221;22px&#8221;][vc_column_text css=&#8221;.vc_custom_1716545660763{border-left-width: 3px !important;padding-left: 20px !important;border-left-color: #041e41 !important;border-left-style: solid !important;}&#8221; el_class=&#8221;p-16&#8243;]<\/p>\n<h6>\u201dDet var rart, at Electrolux Professional bare tog ansvaret. Det var gnidningsfrit \u2013 vi fik maskinerne leveret og sat op. Vi havde ikke noget med det at g\u00f8re. S\u00e5 vi kunne komme i gang uden at skulle b\u00f8vle s\u00e5 meget med noget. Og der er service-tilkald p\u00e5 maskinerne, s\u00e5 det hele virker bare meget nemmere og meget bedre\u201d,<\/h6>\n<p>fastsl\u00e5r han.[\/vc_column_text][vc_empty_space height=&#8221;42px&#8221;][vc_single_image image=&#8221;27702&#8243; img_size=&#8221;full&#8221;][vc_empty_space height=&#8221;22px&#8221;][vc_column_text el_class=&#8221;p-14&#8243;]Line 6000 varmepumpe tumblere f\u00e5s i st\u00f8rrelserne 7, 14 og 20 kg og vaskemaskiner fra 6 til 33 kg[\/vc_column_text][elx_button button_text=&#8221;Se flere Line 6000 vaskerimaskiner&#8221; button_style=&#8221;default&#8221; css=&#8221;.vc_custom_1716547142867{margin-top: 60px !important;}&#8221; button_link=&#8221;url:https%3A%2F%2Fwww.electroluxprofessional.com%2Fdk%2Fline-6000-vaskeri-der-virker%2F&#8221;][vc_empty_space height=&#8221;42px&#8221;][vc_column_text css_animation=&#8221;fadeInDown&#8221; el_class=&#8221;p-16&#8243; css=&#8221;.vc_custom_1550485823745{margin-top: 0px !important;padding-right: 10px !important;padding-left: 10px !important;}&#8221;]<\/p>\n<p><center>Har du sp\u00f8rgsm\u00e5l \u2013 eller \u00f8nsker du et tilbud? <strong><a href=\"http:\/\/e-vaskebjoernen.dk\/kontakt\/\">Kontakt Electrolux Professional her,<\/a> <\/strong>eller ring til os p\u00e5 63 76 22 20.<\/center>[\/vc_column_text][vc_empty_space][\/vc_column][\/vc_row][vc_row css=&#8221;.vc_custom_1652794064106{margin-top: 60px !important;background-color: #041e41 !important;}&#8221;][vc_column width=&#8221;1\/2&#8243; offset=&#8221;vc_hidden-xs&#8221;][vc_single_image image=&#8221;6155&#8243; img_size=&#8221;full&#8221;][\/vc_column][vc_column width=&#8221;1\/2&#8243; offset=&#8221;vc_hidden-xs&#8221;][vc_row_inner][vc_column_inner width=&#8221;2\/3&#8243;][vc_empty_space height=&#8221;70px&#8221;][vc_column_text css=&#8221;.vc_custom_1583488924269{padding-left: 20px !important;}&#8221;]<a style=\"font-size: 21px;\" href=\"https:\/\/www.electroluxprofessional.com\/dk\/driftsbesparelser\/regneeksempel\/\">Tr\u00e6nger jeres vaskerimaskiner til udskiftning?<br \/>\nSe regneeksempel \u203a<\/a>[\/vc_column_text][\/vc_column_inner][vc_column_inner width=&#8221;1\/3&#8243;][vc_single_image image=&#8221;6327&#8243; img_size=&#8221;full&#8221;][\/vc_column_inner][\/vc_row_inner][\/vc_column][\/vc_row][vc_row][vc_column][vc_empty_space height=&#8221;60px&#8221;][\/vc_column][\/vc_row]<\/p>\n","protected":false},"excerpt":{"rendered":"<p>[vc_row css=&#8221;.vc_custom_1716543674905{padding-top: 0px !important;background-color: #dadfe1 !important;}&#8221;][vc_column width=&#8221;2\/3&#8243; css=&#8221;.vc_custom_1716543800576{padding-top: 40px !important;}&#8221;][vc_row_inner][vc_column_inner offset=&#8221;vc_hidden-xs&#8221;][vc_empty_space height=&#8221;40px&#8221;][\/vc_column_inner][\/vc_row_inner][vc_column_text el_class=&#8221;p-16&#8243;]Restaurantk\u00e6de i K\u00f8benhavn har valgt vaskeri p\u00e5 abonnement:[\/vc_column_text][elx_heading font_container=&#8221;h1&#8243; text_color=&#8221;electrolux-blue&#8221; text_align=&#8221;text-left&#8221; css=&#8221;.vc_custom_1716543737506{padding-top: 60px !important;}&#8221;]\u201dVi kommer til at spare flere hundrede tusinde kroner \u00e5rligt\u201d[\/elx_heading][vc_row_inner][vc_column_inner][vc_empty_space height=&#8221;50px&#8221;][\/vc_column_inner][\/vc_row_inner][\/vc_column][vc_column width=&#8221;1\/3&#8243;][vc_single_image image=&#8221;27672&#8243; img_size=&#8221;full&#8221;][\/vc_column][\/vc_row][vc_row][vc_column offset=&#8221;vc_hidden-xs&#8221;][vc_empty_space height=&#8221;20px&#8221;][\/vc_column][\/vc_row][vc_row gap=&#8221;30&#8243;][vc_column width=&#8221;2\/3&#8243; css=&#8221;.vc_custom_1716545919509{padding-right: 20px !important;padding-left: 20px !important;}&#8221; offset=&#8221;vc_hidden-sm vc_hidden-xs&#8221;][vc_empty_space height=&#8221;40px&#8221; css=&#8221;.vc_custom_1528788421033{margin-right: 20px !important;}&#8221;][vc_column_text css=&#8221;.vc_custom_1716801116364{margin-bottom: [&hellip;]<\/p>\n","protected":false},"author":64,"featured_media":0,"parent":0,"menu_order":0,"comment_status":"closed","ping_status":"closed","template":"","meta":{"footnotes":""},"class_list":["post-27666","page","type-page","status-publish","hentry"],"acf":[],"yoast_head":"<!-- This site is optimized with the Yoast SEO plugin v23.3 - https:\/\/yoast.com\/wordpress\/plugins\/seo\/ -->\n<title>CASE: Restaurant Bevi Bevi - Electrolux Professional Danmark<\/title>\n<meta name=\"robots\" content=\"index, follow, max-snippet:-1, max-image-preview:large, max-video-preview:-1\" \/>\n<link rel=\"canonical\" href=\"https:\/\/www.electroluxprofessional.com\/dk\/restaurant-med-vaskeri-paa-abonnement\/\" \/>\n<meta property=\"og:locale\" content=\"da_DK\" \/>\n<meta property=\"og:type\" content=\"article\" \/>\n<meta property=\"og:title\" content=\"CASE: Restaurant Bevi Bevi - Electrolux Professional Danmark\" \/>\n<meta property=\"og:description\" content=\"[vc_row css=&#8221;.vc_custom_1716543674905{padding-top: 0px !important;background-color: #dadfe1 !important;}&#8221;][vc_column width=&#8221;2\/3&#8243; css=&#8221;.vc_custom_1716543800576{padding-top: 40px !important;}&#8221;][vc_row_inner][vc_column_inner offset=&#8221;vc_hidden-xs&#8221;][vc_empty_space height=&#8221;40px&#8221;][\/vc_column_inner][\/vc_row_inner][vc_column_text el_class=&#8221;p-16&#8243;]Restaurantk\u00e6de i K\u00f8benhavn har valgt vaskeri p\u00e5 abonnement:[\/vc_column_text][elx_heading font_container=&#8221;h1&#8243; text_color=&#8221;electrolux-blue&#8221; text_align=&#8221;text-left&#8221; css=&#8221;.vc_custom_1716543737506{padding-top: 60px !important;}&#8221;]\u201dVi kommer til at spare flere hundrede tusinde kroner \u00e5rligt\u201d[\/elx_heading][vc_row_inner][vc_column_inner][vc_empty_space height=&#8221;50px&#8221;][\/vc_column_inner][\/vc_row_inner][\/vc_column][vc_column width=&#8221;1\/3&#8243;][vc_single_image image=&#8221;27672&#8243; img_size=&#8221;full&#8221;][\/vc_column][\/vc_row][vc_row][vc_column offset=&#8221;vc_hidden-xs&#8221;][vc_empty_space height=&#8221;20px&#8221;][\/vc_column][\/vc_row][vc_row gap=&#8221;30&#8243;][vc_column width=&#8221;2\/3&#8243; css=&#8221;.vc_custom_1716545919509{padding-right: 20px !important;padding-left: 20px !important;}&#8221; offset=&#8221;vc_hidden-sm vc_hidden-xs&#8221;][vc_empty_space height=&#8221;40px&#8221; css=&#8221;.vc_custom_1528788421033{margin-right: 20px !important;}&#8221;][vc_column_text css=&#8221;.vc_custom_1716801116364{margin-bottom: [&hellip;]\" \/>\n<meta property=\"og:url\" content=\"https:\/\/www.electroluxprofessional.com\/dk\/restaurant-med-vaskeri-paa-abonnement\/\" \/>\n<meta property=\"og:site_name\" content=\"Electrolux Professional Danmark\" \/>\n<meta property=\"article:modified_time\" content=\"2024-05-27T09:12:21+00:00\" \/>\n<meta name=\"twitter:card\" content=\"summary_large_image\" \/>\n<meta name=\"twitter:label1\" content=\"Estimeret l\u00e6setid\" \/>\n\t<meta name=\"twitter:data1\" content=\"6 minutter\" \/>\n<script type=\"application\/ld+json\" class=\"yoast-schema-graph\">{\"@context\":\"https:\/\/schema.org\",\"@graph\":[{\"@type\":\"WebPage\",\"@id\":\"https:\/\/www.electroluxprofessional.com\/dk\/restaurant-med-vaskeri-paa-abonnement\/\",\"url\":\"https:\/\/www.electroluxprofessional.com\/dk\/restaurant-med-vaskeri-paa-abonnement\/\",\"name\":\"CASE: Restaurant Bevi Bevi - Electrolux Professional Danmark\",\"isPartOf\":{\"@id\":\"https:\/\/www.electroluxprofessional.com\/dk\/#website\"},\"datePublished\":\"2024-05-24T10:35:25+00:00\",\"dateModified\":\"2024-05-27T09:12:21+00:00\",\"breadcrumb\":{\"@id\":\"https:\/\/www.electroluxprofessional.com\/dk\/restaurant-med-vaskeri-paa-abonnement\/#breadcrumb\"},\"inLanguage\":\"da-DK\",\"potentialAction\":[{\"@type\":\"ReadAction\",\"target\":[\"https:\/\/www.electroluxprofessional.com\/dk\/restaurant-med-vaskeri-paa-abonnement\/\"]}]},{\"@type\":\"BreadcrumbList\",\"@id\":\"https:\/\/www.electroluxprofessional.com\/dk\/restaurant-med-vaskeri-paa-abonnement\/#breadcrumb\",\"itemListElement\":[{\"@type\":\"ListItem\",\"position\":1,\"name\":\"Home\",\"item\":\"https:\/\/www.electroluxprofessional.com\/dk\/\"},{\"@type\":\"ListItem\",\"position\":2,\"name\":\"CASE: Restaurant Bevi Bevi\"}]},{\"@type\":\"WebSite\",\"@id\":\"https:\/\/www.electroluxprofessional.com\/dk\/#website\",\"url\":\"https:\/\/www.electroluxprofessional.com\/dk\/\",\"name\":\"Electrolux Professional Danmark\",\"description\":\"\",\"potentialAction\":[{\"@type\":\"SearchAction\",\"target\":{\"@type\":\"EntryPoint\",\"urlTemplate\":\"https:\/\/www.electroluxprofessional.com\/dk\/?src={search_term_string}\"},\"query-input\":\"required name=search_term_string\"}],\"inLanguage\":\"da-DK\"}]}<\/script>\n<!-- \/ Yoast SEO plugin. -->","yoast_head_json":{"title":"CASE: Restaurant Bevi Bevi - Electrolux Professional Danmark","robots":{"index":"index","follow":"follow","max-snippet":"max-snippet:-1","max-image-preview":"max-image-preview:large","max-video-preview":"max-video-preview:-1"},"canonical":"https:\/\/www.electroluxprofessional.com\/dk\/restaurant-med-vaskeri-paa-abonnement\/","og_locale":"da_DK","og_type":"article","og_title":"CASE: Restaurant Bevi Bevi - Electrolux Professional Danmark","og_description":"[vc_row css=&#8221;.vc_custom_1716543674905{padding-top: 0px !important;background-color: #dadfe1 !important;}&#8221;][vc_column width=&#8221;2\/3&#8243; css=&#8221;.vc_custom_1716543800576{padding-top: 40px !important;}&#8221;][vc_row_inner][vc_column_inner offset=&#8221;vc_hidden-xs&#8221;][vc_empty_space height=&#8221;40px&#8221;][\/vc_column_inner][\/vc_row_inner][vc_column_text el_class=&#8221;p-16&#8243;]Restaurantk\u00e6de i K\u00f8benhavn har valgt vaskeri p\u00e5 abonnement:[\/vc_column_text][elx_heading font_container=&#8221;h1&#8243; text_color=&#8221;electrolux-blue&#8221; text_align=&#8221;text-left&#8221; css=&#8221;.vc_custom_1716543737506{padding-top: 60px !important;}&#8221;]\u201dVi kommer til at spare flere hundrede tusinde kroner \u00e5rligt\u201d[\/elx_heading][vc_row_inner][vc_column_inner][vc_empty_space height=&#8221;50px&#8221;][\/vc_column_inner][\/vc_row_inner][\/vc_column][vc_column width=&#8221;1\/3&#8243;][vc_single_image image=&#8221;27672&#8243; img_size=&#8221;full&#8221;][\/vc_column][\/vc_row][vc_row][vc_column offset=&#8221;vc_hidden-xs&#8221;][vc_empty_space height=&#8221;20px&#8221;][\/vc_column][\/vc_row][vc_row gap=&#8221;30&#8243;][vc_column width=&#8221;2\/3&#8243; css=&#8221;.vc_custom_1716545919509{padding-right: 20px !important;padding-left: 20px !important;}&#8221; offset=&#8221;vc_hidden-sm vc_hidden-xs&#8221;][vc_empty_space height=&#8221;40px&#8221; css=&#8221;.vc_custom_1528788421033{margin-right: 20px !important;}&#8221;][vc_column_text css=&#8221;.vc_custom_1716801116364{margin-bottom: [&hellip;]","og_url":"https:\/\/www.electroluxprofessional.com\/dk\/restaurant-med-vaskeri-paa-abonnement\/","og_site_name":"Electrolux Professional Danmark","article_modified_time":"2024-05-27T09:12:21+00:00","twitter_card":"summary_large_image","twitter_misc":{"Estimeret l\u00e6setid":"6 minutter"},"schema":{"@context":"https:\/\/schema.org","@graph":[{"@type":"WebPage","@id":"https:\/\/www.electroluxprofessional.com\/dk\/restaurant-med-vaskeri-paa-abonnement\/","url":"https:\/\/www.electroluxprofessional.com\/dk\/restaurant-med-vaskeri-paa-abonnement\/","name":"CASE: Restaurant Bevi Bevi - Electrolux Professional Danmark","isPartOf":{"@id":"https:\/\/www.electroluxprofessional.com\/dk\/#website"},"datePublished":"2024-05-24T10:35:25+00:00","dateModified":"2024-05-27T09:12:21+00:00","breadcrumb":{"@id":"https:\/\/www.electroluxprofessional.com\/dk\/restaurant-med-vaskeri-paa-abonnement\/#breadcrumb"},"inLanguage":"da-DK","potentialAction":[{"@type":"ReadAction","target":["https:\/\/www.electroluxprofessional.com\/dk\/restaurant-med-vaskeri-paa-abonnement\/"]}]},{"@type":"BreadcrumbList","@id":"https:\/\/www.electroluxprofessional.com\/dk\/restaurant-med-vaskeri-paa-abonnement\/#breadcrumb","itemListElement":[{"@type":"ListItem","position":1,"name":"Home","item":"https:\/\/www.electroluxprofessional.com\/dk\/"},{"@type":"ListItem","position":2,"name":"CASE: Restaurant Bevi Bevi"}]},{"@type":"WebSite","@id":"https:\/\/www.electroluxprofessional.com\/dk\/#website","url":"https:\/\/www.electroluxprofessional.com\/dk\/","name":"Electrolux Professional Danmark","description":"","potentialAction":[{"@type":"SearchAction","target":{"@type":"EntryPoint","urlTemplate":"https:\/\/www.electroluxprofessional.com\/dk\/?src={search_term_string}"},"query-input":"required name=search_term_string"}],"inLanguage":"da-DK"}]}},"_links":{"self":[{"href":"https:\/\/www.electroluxprofessional.com\/dk\/wp-json\/wp\/v2\/pages\/27666"}],"collection":[{"href":"https:\/\/www.electroluxprofessional.com\/dk\/wp-json\/wp\/v2\/pages"}],"about":[{"href":"https:\/\/www.electroluxprofessional.com\/dk\/wp-json\/wp\/v2\/types\/page"}],"author":[{"embeddable":true,"href":"https:\/\/www.electroluxprofessional.com\/dk\/wp-json\/wp\/v2\/users\/64"}],"replies":[{"embeddable":true,"href":"https:\/\/www.electroluxprofessional.com\/dk\/wp-json\/wp\/v2\/comments?post=27666"}],"version-history":[{"count":48,"href":"https:\/\/www.electroluxprofessional.com\/dk\/wp-json\/wp\/v2\/pages\/27666\/revisions"}],"predecessor-version":[{"id":27723,"href":"https:\/\/www.electroluxprofessional.com\/dk\/wp-json\/wp\/v2\/pages\/27666\/revisions\/27723"}],"wp:attachment":[{"href":"https:\/\/www.electroluxprofessional.com\/dk\/wp-json\/wp\/v2\/media?parent=27666"}],"curies":[{"name":"wp","href":"https:\/\/api.w.org\/{rel}","templated":true}]}}