{"id":27301,"date":"2025-09-02T14:40:22","date_gmt":"2025-09-02T14:40:22","guid":{"rendered":"https:\/\/www.electroluxprofessional.com\/dk\/?page_id=27301"},"modified":"2025-09-12T10:19:47","modified_gmt":"2025-09-12T10:19:47","slug":"vaskeri_paa_abonnement","status":"publish","type":"page","link":"https:\/\/www.electroluxprofessional.com\/dk\/vaskeri_paa_abonnement\/","title":{"rendered":"NCircl-U: Ro i sindet med fast m\u00e5nedlig pris"},"content":{"rendered":"<p>[vc_row full_width=&#8221;electroluxpro-full-width-no-padding&#8221;][vc_column][elx_image_block background_image=&#8221;27296&#8243; minimum_height=&#8221;400px&#8221;][vc_empty_space][\/vc_column][\/vc_row][vc_row css=&#8221;.vc_custom_1725980166687{margin-top: 20px !important;padding-bottom: 30px !important;}&#8221;][vc_column][elx_heading font_container=&#8221;h1&#8243; text_color=&#8221;inherit&#8221;]NCircl-U l\u00f8sning: Vaskeri p\u00e5 abonnement![\/elx_heading][\/vc_column][\/vc_row][vc_row css=&#8221;.vc_custom_1741780382130{padding-bottom: 30px !important;}&#8221;][vc_column width=&#8221;1\/2&#8243; css=&#8221;.vc_custom_1741780395591{padding-top: 30px !important;}&#8221;][vc_column_text]<strong>Vaskeri p\u00e5 abonnement: Vi tager h\u00e5nd om dit vaskebehov og fokuserer p\u00e5 dit vaskeri, mens du fokuserer p\u00e5 at k\u00f8re din forretning.<\/strong><\/p>\n<p class=\"p-16\">I stedet for et traditionelt k\u00f8b, kan du f\u00e5 vaskeri p\u00e5 abonnement til en fast m\u00e5nedlig pris, der d\u00e6kker ALT, uanset hvor meget du vasker eller t\u00f8rrer &#8211; her er ingen skjulte omkostninger.<\/p>\n<p class=\"p-16\">Vi hj\u00e6lper dig med at udv\u00e6lge dit vaskeriudstyr ud fra dine behov og derefter leverer, installerer og idrifts\u00e6tter vi maskinerne med de relevante programmer.<\/p>\n<p>[\/vc_column_text][\/vc_column][vc_column width=&#8221;1\/2&#8243;][vc_single_image image=&#8221;27412&#8243; img_size=&#8221;full&#8221;][\/vc_column][\/vc_row][vc_row css=&#8221;.vc_custom_1756903477477{padding-top: 20px !important;background-color: #dadfe1 !important;}&#8221;][vc_column][elx_heading font_size=&#8221;h1&#8243; text_color=&#8221;inherit&#8221; text_align=&#8221;text-left&#8221;]En all-inclusive abonnementsl\u00f8sning uden overraskelser[\/elx_heading][\/vc_column][\/vc_row][vc_row css=&#8221;.vc_custom_1756903503658{padding-top: 30px !important;background-color: #dadfe1 !important;}&#8221;][vc_column width=&#8221;1\/12&#8243; css=&#8221;.vc_custom_1756903231390{padding-top: 10px !important;padding-right: 10px !important;padding-left: 10px !important;}&#8221;][elx_icons icon_size=&#8221;elx-icon-medium&#8221; icon_electroluxpro=&#8221;elx-icon icon-circle-star-perfomance-blue&#8221;][\/vc_column][vc_column width=&#8221;6\/12&#8243;][vc_column_text el_class=&#8221;p-16&#8243;]<\/p>\n<h4 class=\"feature-image-row-content-title title-center\">Vi supporterer dig hele vejen<\/h4>\n<p>Inkluderer maskinspecifikation, installation, ops\u00e6tning, vedligeholdelse, reparation og vejledning af brugerne[\/vc_column_text][\/vc_column][vc_column width=&#8221;1\/12&#8243;][\/vc_column][vc_column width=&#8221;4\/12&#8243;][\/vc_column][\/vc_row][vc_row css=&#8221;.vc_custom_1756903437657{padding-top: 20px !important;background-color: #dadfe1 !important;}&#8221;][vc_column width=&#8221;1\/12&#8243; css=&#8221;.vc_custom_1756903242534{padding-top: 10px !important;padding-right: 10px !important;padding-left: 10px !important;}&#8221;][elx_icons icon_size=&#8221;elx-icon-medium&#8221; icon_electroluxpro=&#8221;elx-icon icon-circle-easy-blue&#8221;][\/vc_column][vc_column width=&#8221;7\/12&#8243;][vc_column_text el_class=&#8221;p-16&#8243;]<\/p>\n<h4 class=\"feature-image-row-content-title title-center\">Fast pris pr. m\u00e5ned<\/h4>\n<p>Ingen uventede udgifter uanset hvor meget maskinerne bliver brugt[\/vc_column_text][\/vc_column][vc_column width=&#8221;4\/12&#8243; css=&#8221;.vc_custom_1756903303858{padding-top: 30px !important;padding-right: 30px !important;padding-bottom: 30px !important;padding-left: 30px !important;background-color: #041e41 !important;}&#8221;][vc_column_text el_class=&#8221;p-16-white&#8221; css=&#8221;.vc_custom_1756903329913{padding-top: 10px !important;}&#8221;]<\/p>\n<h4><a href=\"https:\/\/www.electroluxprofessional.com\/dk\/wp-content\/uploads\/2024\/04\/EPR_Leaflet-NCirclU_DK_20240214-RM-web.pdf\">DOWNLOAD<\/a><br \/>\nNCircl-U brochure<\/h4>\n<p>[\/vc_column_text][\/vc_column][\/vc_row][vc_row css=&#8221;.vc_custom_1756903470058{padding-top: 0px !important;padding-bottom: 40px !important;background-color: #dadfe1 !important;}&#8221;][vc_column width=&#8221;1\/12&#8243; css=&#8221;.vc_custom_1756903251628{padding-top: 10px !important;padding-right: 10px !important;padding-left: 10px !important;}&#8221;][elx_icons icon_size=&#8221;elx-icon-medium&#8221; icon_electroluxpro=&#8221;elx-icon icon-circle-laundry-productivity-blue&#8221;][\/vc_column][vc_column width=&#8221;7\/12&#8243;][vc_column_text el_class=&#8221;p-16&#8243;]<\/p>\n<h4 class=\"feature-image-row-content-title title-center\">Markedets bedste vaskeriudstyr<\/h4>\n<p>Giver dig effektiv vask og t\u00f8rring med lave driftsudgifter[\/vc_column_text][\/vc_column][vc_column width=&#8221;4\/12&#8243;][\/vc_column][\/vc_row][vc_row css=&#8221;.vc_custom_1725980471111{margin-top: 80px !important;}&#8221;][vc_column][elx_video_text link_video=&#8221;https:\/\/youtu.be\/yJT6vPyGLgE&#8221; title=&#8221;Vi giver dig fuld support&#8221; bg_row=&#8221;bg-download-blue&#8221; color_text_row=&#8221;text-white&#8221; image_preview=&#8221;27300&#8243;]<\/p>\n<p class=\"p-16-white\">NCircl-U-teamet vil vurdere dit vaskebehov, anbefale de bedste maskiner og l\u00f8sninger, levere, installere og programmere dem til nem betjening. Vores fleksible NCircl-U l\u00f8sning inkluderer fuld service og vedligeholdelse og mulighed for at \u00e6ndre maskiner, hvis jeres behov \u00e6ndre sig.<\/p>\n<p>[\/elx_video_text][\/vc_column][\/vc_row][vc_row css=&#8221;.vc_custom_1742292204156{margin-top: 80px !important;}&#8221;][vc_column width=&#8221;2\/3&#8243;][elx_heading text_color=&#8221;inherit&#8221;]Fasy m\u00e5nedlig pris uanset hvad[\/elx_heading][vc_column_text el_class=&#8221;p-16&#8243; css=&#8221;.vc_custom_1742292425659{margin-top: 30px !important;}&#8221;]En fast m\u00e5nedlig pris giver dig fuldst\u00e6ndig ro i sindet, da den d\u00e6kker omkostningerne til maskinen, inklusiv installation, ops\u00e6tning, service og reservedele, samt uforudsete nedbrud og reparationsomkostninger.<\/p>\n<p>Oplever du et maskinnedbrud, som ikke umiddelbart kan repareres, f\u00e5r du kvit og frit en anden maskine stillet til r\u00e5dighed. Ved brug for servicering af maskinerne, garanterer vi service inden for max. 12 arbejdstimer &#8211; s\u00e5 er du igen k\u00f8rende.[\/vc_column_text][\/vc_column][vc_column width=&#8221;1\/3&#8243;][vc_row_inner][vc_column_inner offset=&#8221;vc_hidden-lg vc_hidden-md&#8221;][vc_empty_space height=&#8221;20px&#8221;][\/vc_column_inner][\/vc_row_inner][vc_single_image image=&#8221;27298&#8243; img_size=&#8221;full&#8221;][\/vc_column][\/vc_row][vc_row css=&#8221;.vc_custom_1742292204156{margin-top: 80px !important;}&#8221;][vc_column width=&#8221;1\/3&#8243;][elx_image_block background_image=&#8221;6550&#8243; minimum_height=&#8221;360px&#8221;][\/vc_column][vc_column width=&#8221;2\/3&#8243;][elx_heading text_color=&#8221;inherit&#8221;]Udstyr skr\u00e6ddersyet til dine behov[\/elx_heading][vc_column_text el_class=&#8221;p-16&#8243; css=&#8221;.vc_custom_1756902086678{margin-top: 30px !important;}&#8221;]Vi hj\u00e6lper dig med at udv\u00e6lge dit vaskeriudstyr ud fra dine behov og derefter leverer, installerer og idrifts\u00e6tter vi maskinerne med de relevante programmer. Alle maskiner kan programmeres til at opfylde dine helt specifikke vaske- og t\u00f8rrebehov, uanset om du har et f\u00e6llesvaskeri i en boligforening, behov for at vaske mopper eller klude eller noget helt tredie.<\/p>\n<p>Skulle dit vaske- eller t\u00f8rrebehov \u00e6ndre sig i abonnementsperioden, s\u00e5 finder vi en anden st\u00f8rrelse maskine, der passer bedre til behovet[\/vc_column_text][vc_empty_space height=&#8221;20px&#8221;][elx_button button_text=&#8221;V\u00e6lg mellem flere finansieringsmuligheder&#8221; button_style=&#8221;default&#8221; button_link=&#8221;url:https%3A%2F%2Fwww.electroluxprofessional.com%2Fdk%2Fvaelg-rigtigt%2F&#8221;][\/vc_column][\/vc_row][vc_row css=&#8221;.vc_custom_1742292204156{margin-top: 80px !important;}&#8221;][vc_column width=&#8221;2\/3&#8243;][elx_heading text_color=&#8221;inherit&#8221;]Restaurantk\u00e6de har valgt vaskeri p\u00e5 abonnement [\/elx_heading][vc_column_text el_class=&#8221;p-16&#8243; css=&#8221;.vc_custom_1746431605037{margin-top: 30px !important;padding-bottom: 20px !important;}&#8221;]<strong>\u201dVi har valgt den her l\u00f8sning for at spare penge. N\u00e5r man f\u00e5r mulighed for at spare p\u00e5 bundlinjen, s\u00e5 g\u00f8r man det bare. Og vi regner med, at det bliver til flere hundrede tusinde kroner om \u00e5ret. Vi har v\u00e6kst, s\u00e5 for os er det en fremtidsting, at vi g\u00f8r det nu\u201d,<\/strong> forklarer Philip Skovgaard, som ejer og driver den succesfulde restaurantk\u00e6de Bevi Bevi sammen med sin hustru, Lea Parkins<em>.<\/em>[\/vc_column_text][elx_button button_text=&#8221;F\u00e5 hele historien&#8221; button_link=&#8221;url:https%3A%2F%2Fwww.electroluxprofessional.com%2Fdk%2Frestaurant-med-vaskeri-paa-abonnement%2F|title:CASE%3A%20Restaurant%20Bevi%20Bevi&#8221; css=&#8221;.vc_custom_1746431661767{margin-bottom: 20px !important;}&#8221;][\/vc_column][vc_column width=&#8221;1\/3&#8243;][vc_single_image image=&#8221;27682&#8243; img_size=&#8221;full&#8221;][\/vc_column][\/vc_row][vc_row custom_color_row=&#8221;bg-row-light-blue&#8221; full_width=&#8221;electroluxpro-full-width-no-padding&#8221; css=&#8221;.vc_custom_1725980711430{margin-top: 80px !important;}&#8221;][vc_column][elx_features_download title=&#8221;Et all-inclusive abonnement p\u00e5 vaskeril\u00f8sninger&#8221; title_download=&#8221;&#8221; bg_row=&#8221;bg-row-light-blue&#8221; values=&#8221;%5B%7B%22select_type%22%3A%22link%22%2C%22link_download%22%3A%22url%3Ahttps%253A%252F%252Fwww.electroluxprofessional.com%252Fdk%252Fwp-content%252Fuploads%252F2024%252F04%252FEPR_Leaflet-NCirclU_DK_20240214-RM-web.pdf%7Ctitle%3ANCircl-U%2520brochure%7Ctarget%3A_blank%22%7D%5D&#8221; discover=&#8221;%5B%7B%7D%5D&#8221; features=&#8221;%5B%7B%7D%5D&#8221; extra_class=&#8221;p-16&#8243;]Oplev den ultimative ro i sindet uden bekymring over den daglige drift af dit vaskeriudstyr. V\u00e6lg NCircl-U, s\u00e5 tager vi h\u00e5nd om alt fra vedligeholdelse til optimering, s\u00e5 du kan fokusere p\u00e5 det, der virkelig t\u00e6ller.[\/elx_features_download][\/vc_column][\/vc_row][vc_row el_id=&#8221;contactus&#8221;][vc_column][vc_empty_space height=&#8221;32pt&#8221;][elx_heading font_size=&#8221;h2&#8243; text_color=&#8221;inherit&#8221; text_align=&#8221;text-center&#8221;]Kontakt os og f\u00e5 mere information om NCircl-U[\/elx_heading][vc_empty_space height=&#8221;15pt&#8221;][elx_o2000_contact_us s=&#8221;Abonnementsl\u00f8sningen NCircl-U.&#8221; campaign=&#8221;701SX000003WzUtYAK&#8221; flag_hide_request_type=&#8221;true&#8221; b=&#8221;laundry&#8221; compact_view=&#8221;1&#8243; text_color=&#8221;#14133B&#8221; button_mode=&#8221;true&#8221; postion_button=&#8221;text-center&#8221; postion_button_mobile=&#8221;text-center-mobile&#8221; r=&#8221;Jeg vil gerne h\u00f8re mere om abonnementsl\u00f8sningen NCircl-U.&#8221; text_btn_contact=&#8221;Kontakt os&#8221;][vc_empty_space height=&#8221;32pt&#8221;][\/vc_column][\/vc_row]<\/p>\n","protected":false},"excerpt":{"rendered":"<p>[vc_row full_width=&#8221;electroluxpro-full-width-no-padding&#8221;][vc_column][elx_image_block background_image=&#8221;27296&#8243; minimum_height=&#8221;400px&#8221;][vc_empty_space][\/vc_column][\/vc_row][vc_row css=&#8221;.vc_custom_1725980166687{margin-top: 20px !important;padding-bottom: 30px !important;}&#8221;][vc_column][elx_heading font_container=&#8221;h1&#8243; text_color=&#8221;inherit&#8221;]NCircl-U l\u00f8sning: Vaskeri p\u00e5 abonnement![\/elx_heading][\/vc_column][\/vc_row][vc_row css=&#8221;.vc_custom_1741780382130{padding-bottom: 30px !important;}&#8221;][vc_column width=&#8221;1\/2&#8243; css=&#8221;.vc_custom_1741780395591{padding-top: 30px !important;}&#8221;][vc_column_text]Vaskeri p\u00e5 abonnement: Vi tager h\u00e5nd om dit vaskebehov og fokuserer p\u00e5 dit vaskeri, mens du fokuserer p\u00e5 at k\u00f8re din forretning. I stedet for et traditionelt k\u00f8b, kan du f\u00e5 vaskeri p\u00e5 abonnement [&hellip;]<\/p>\n","protected":false},"author":4,"featured_media":0,"parent":0,"menu_order":0,"comment_status":"closed","ping_status":"closed","template":"","meta":{"footnotes":""},"class_list":["post-27301","page","type-page","status-publish","hentry"],"acf":[],"yoast_head":"<!-- This site is optimized with the Yoast SEO plugin v23.3 - https:\/\/yoast.com\/wordpress\/plugins\/seo\/ -->\n<title>NCircl-U - Vaskeri p\u00e5 abonnement<\/title>\n<meta name=\"description\" content=\"Pr\u00f8v et NCircl-U vaskeri p\u00e5 abonnement til en fast m\u00e5nedlige pris, der d\u00e6kker ALT fra ops\u00e6tning til service til ombytning og meget mere.\" \/>\n<meta name=\"robots\" content=\"index, follow, max-snippet:-1, max-image-preview:large, max-video-preview:-1\" \/>\n<link rel=\"canonical\" href=\"https:\/\/www.electroluxprofessional.com\/dk\/vaskeri_paa_abonnement\/\" \/>\n<meta property=\"og:locale\" content=\"da_DK\" \/>\n<meta property=\"og:type\" content=\"article\" \/>\n<meta property=\"og:title\" content=\"NCircl-U - Vaskeri p\u00e5 abonnement\" \/>\n<meta property=\"og:description\" content=\"Pr\u00f8v et NCircl-U vaskeri p\u00e5 abonnement til en fast m\u00e5nedlige pris, der d\u00e6kker ALT fra ops\u00e6tning til service til ombytning og meget mere.\" \/>\n<meta property=\"og:url\" content=\"https:\/\/www.electroluxprofessional.com\/dk\/vaskeri_paa_abonnement\/\" \/>\n<meta property=\"og:site_name\" content=\"Electrolux Professional Danmark\" \/>\n<meta property=\"article:modified_time\" content=\"2025-09-12T10:19:47+00:00\" \/>\n<meta name=\"twitter:card\" content=\"summary_large_image\" \/>\n<meta name=\"twitter:label1\" content=\"Estimeret l\u00e6setid\" \/>\n\t<meta name=\"twitter:data1\" content=\"4 minutter\" \/>\n<script type=\"application\/ld+json\" class=\"yoast-schema-graph\">{\"@context\":\"https:\/\/schema.org\",\"@graph\":[{\"@type\":\"WebPage\",\"@id\":\"https:\/\/www.electroluxprofessional.com\/dk\/vaskeri_paa_abonnement\/\",\"url\":\"https:\/\/www.electroluxprofessional.com\/dk\/vaskeri_paa_abonnement\/\",\"name\":\"NCircl-U - Vaskeri p\u00e5 abonnement\",\"isPartOf\":{\"@id\":\"https:\/\/www.electroluxprofessional.com\/dk\/#website\"},\"datePublished\":\"2025-09-02T14:40:22+00:00\",\"dateModified\":\"2025-09-12T10:19:47+00:00\",\"description\":\"Pr\u00f8v et NCircl-U vaskeri p\u00e5 abonnement til en fast m\u00e5nedlige pris, der d\u00e6kker ALT fra ops\u00e6tning til service til ombytning og meget mere.\",\"breadcrumb\":{\"@id\":\"https:\/\/www.electroluxprofessional.com\/dk\/vaskeri_paa_abonnement\/#breadcrumb\"},\"inLanguage\":\"da-DK\",\"potentialAction\":[{\"@type\":\"ReadAction\",\"target\":[\"https:\/\/www.electroluxprofessional.com\/dk\/vaskeri_paa_abonnement\/\"]}]},{\"@type\":\"BreadcrumbList\",\"@id\":\"https:\/\/www.electroluxprofessional.com\/dk\/vaskeri_paa_abonnement\/#breadcrumb\",\"itemListElement\":[{\"@type\":\"ListItem\",\"position\":1,\"name\":\"Home\",\"item\":\"https:\/\/www.electroluxprofessional.com\/dk\/\"},{\"@type\":\"ListItem\",\"position\":2,\"name\":\"NCircl-U: Ro i sindet med fast m\u00e5nedlig pris\"}]},{\"@type\":\"WebSite\",\"@id\":\"https:\/\/www.electroluxprofessional.com\/dk\/#website\",\"url\":\"https:\/\/www.electroluxprofessional.com\/dk\/\",\"name\":\"Electrolux Professional Danmark\",\"description\":\"\",\"potentialAction\":[{\"@type\":\"SearchAction\",\"target\":{\"@type\":\"EntryPoint\",\"urlTemplate\":\"https:\/\/www.electroluxprofessional.com\/dk\/?src={search_term_string}\"},\"query-input\":\"required name=search_term_string\"}],\"inLanguage\":\"da-DK\"}]}<\/script>\n<!-- \/ Yoast SEO plugin. -->","yoast_head_json":{"title":"NCircl-U - Vaskeri p\u00e5 abonnement","description":"Pr\u00f8v et NCircl-U vaskeri p\u00e5 abonnement til en fast m\u00e5nedlige pris, der d\u00e6kker ALT fra ops\u00e6tning til service til ombytning og meget mere.","robots":{"index":"index","follow":"follow","max-snippet":"max-snippet:-1","max-image-preview":"max-image-preview:large","max-video-preview":"max-video-preview:-1"},"canonical":"https:\/\/www.electroluxprofessional.com\/dk\/vaskeri_paa_abonnement\/","og_locale":"da_DK","og_type":"article","og_title":"NCircl-U - Vaskeri p\u00e5 abonnement","og_description":"Pr\u00f8v et NCircl-U vaskeri p\u00e5 abonnement til en fast m\u00e5nedlige pris, der d\u00e6kker ALT fra ops\u00e6tning til service til ombytning og meget mere.","og_url":"https:\/\/www.electroluxprofessional.com\/dk\/vaskeri_paa_abonnement\/","og_site_name":"Electrolux Professional Danmark","article_modified_time":"2025-09-12T10:19:47+00:00","twitter_card":"summary_large_image","twitter_misc":{"Estimeret l\u00e6setid":"4 minutter"},"schema":{"@context":"https:\/\/schema.org","@graph":[{"@type":"WebPage","@id":"https:\/\/www.electroluxprofessional.com\/dk\/vaskeri_paa_abonnement\/","url":"https:\/\/www.electroluxprofessional.com\/dk\/vaskeri_paa_abonnement\/","name":"NCircl-U - Vaskeri p\u00e5 abonnement","isPartOf":{"@id":"https:\/\/www.electroluxprofessional.com\/dk\/#website"},"datePublished":"2025-09-02T14:40:22+00:00","dateModified":"2025-09-12T10:19:47+00:00","description":"Pr\u00f8v et NCircl-U vaskeri p\u00e5 abonnement til en fast m\u00e5nedlige pris, der d\u00e6kker ALT fra ops\u00e6tning til service til ombytning og meget mere.","breadcrumb":{"@id":"https:\/\/www.electroluxprofessional.com\/dk\/vaskeri_paa_abonnement\/#breadcrumb"},"inLanguage":"da-DK","potentialAction":[{"@type":"ReadAction","target":["https:\/\/www.electroluxprofessional.com\/dk\/vaskeri_paa_abonnement\/"]}]},{"@type":"BreadcrumbList","@id":"https:\/\/www.electroluxprofessional.com\/dk\/vaskeri_paa_abonnement\/#breadcrumb","itemListElement":[{"@type":"ListItem","position":1,"name":"Home","item":"https:\/\/www.electroluxprofessional.com\/dk\/"},{"@type":"ListItem","position":2,"name":"NCircl-U: Ro i sindet med fast m\u00e5nedlig pris"}]},{"@type":"WebSite","@id":"https:\/\/www.electroluxprofessional.com\/dk\/#website","url":"https:\/\/www.electroluxprofessional.com\/dk\/","name":"Electrolux Professional Danmark","description":"","potentialAction":[{"@type":"SearchAction","target":{"@type":"EntryPoint","urlTemplate":"https:\/\/www.electroluxprofessional.com\/dk\/?src={search_term_string}"},"query-input":"required name=search_term_string"}],"inLanguage":"da-DK"}]}},"_links":{"self":[{"href":"https:\/\/www.electroluxprofessional.com\/dk\/wp-json\/wp\/v2\/pages\/27301"}],"collection":[{"href":"https:\/\/www.electroluxprofessional.com\/dk\/wp-json\/wp\/v2\/pages"}],"about":[{"href":"https:\/\/www.electroluxprofessional.com\/dk\/wp-json\/wp\/v2\/types\/page"}],"author":[{"embeddable":true,"href":"https:\/\/www.electroluxprofessional.com\/dk\/wp-json\/wp\/v2\/users\/4"}],"replies":[{"embeddable":true,"href":"https:\/\/www.electroluxprofessional.com\/dk\/wp-json\/wp\/v2\/comments?post=27301"}],"version-history":[{"count":32,"href":"https:\/\/www.electroluxprofessional.com\/dk\/wp-json\/wp\/v2\/pages\/27301\/revisions"}],"predecessor-version":[{"id":30502,"href":"https:\/\/www.electroluxprofessional.com\/dk\/wp-json\/wp\/v2\/pages\/27301\/revisions\/30502"}],"wp:attachment":[{"href":"https:\/\/www.electroluxprofessional.com\/dk\/wp-json\/wp\/v2\/media?parent=27301"}],"curies":[{"name":"wp","href":"https:\/\/api.w.org\/{rel}","templated":true}]}}