{"id":27126,"date":"2023-11-02T12:19:03","date_gmt":"2023-11-02T12:19:03","guid":{"rendered":"https:\/\/www.electroluxprofessional.com\/dk\/?page_id=27126"},"modified":"2023-11-02T12:19:03","modified_gmt":"2023-11-02T12:19:03","slug":"haetteopvaskemaskine-seo","status":"publish","type":"page","link":"https:\/\/www.electroluxprofessional.com\/dk\/haetteopvaskemaskine-seo\/","title":{"rendered":"H\u00e6tteopvaskemaskiner\u2013SEO"},"content":{"rendered":"<p>[vc_row full_width=&#8221;electroluxpro-full-width-no-padding&#8221;][vc_column][elx_image_block background_image=&#8221;9923&#8243; minimum_height=&#8221;250px&#8221;][\/vc_column][\/vc_row][vc_row][vc_column][vc_empty_space height=&#8221;50px&#8221;][elx_heading font_container=&#8221;h1&#8243; font_size=&#8221;h1&#8243; text_color=&#8221;inherit&#8221; text_align=&#8221;text-left&#8221;]Electrolux Professional h\u00e6tteopvaskemaskine giver dig det bedste resultat og de bedste arbejdsbetingelser<\/p>\n<p>[\/elx_heading][\/vc_column][\/vc_row][vc_row css=&#8221;.vc_custom_1581517986416{margin-top: 32px !important;}&#8221;][vc_column reveal_effect=&#8221;&#8221; width=&#8221;1\/2&#8243;][vc_column_text el_class=&#8221;p-16&#8243;]Fordelene ved en h\u00e6tteopvaskemaskine er mange. Maskinen er placeret i god arbejdsh\u00f8jde og med et forskyllebord og et t\u00f8rrebord, hvorfra opvasken transporteres direkte ind og ud af i maskinen, er h\u00e6tteopvaskemaskinen b\u00e5de ergonomisk og supereffektiv.<\/p>\n<p>Electrolux Professionels green&amp;clean h\u00e6tteopvaskemaskine-serie er blandt de absolut bedste p\u00e5 markedet. Her er nogle af dine fordele ved at v\u00e6lge denne ekstra gennemt\u00e6nkte og effektive maskine:[\/vc_column_text][vc_empty_space height=&#8221;20px&#8221;][elx_heading font_container=&#8221;h4&#8243; font_size=&#8221;h4&#8243; text_color=&#8221;inherit&#8221;]Spar p\u00e5 str\u00f8m, vand og s\u00e6be<br \/>\n[\/elx_heading][vc_column_text el_class=&#8221;p-16&#8243;]Electrolux Professional h\u00e6tteopvaskemaskine giver dig lavere omkostninger med lavt forbrug af vand (2 liter nytilf\u00f8rt vand pr. opvask) samt en yderst effektiv skylning, der bruger mindre varmt vand og energi.[\/vc_column_text][vc_empty_space height=&#8221;25px&#8221;][elx_heading font_container=&#8221;h4&#8243; font_size=&#8221;h4&#8243; text_color=&#8221;inherit&#8221; css=&#8221;.vc_custom_1581517766113{margin-top: 32px !important;}&#8221;]F\u00e5 en perfekt og komplet sanitet<br \/>\n[\/elx_heading][vc_column_text el_class=&#8221;p-16&#8243;]Den yderst effektive skylning med en konstant temperatur p\u00e5 over 84\u00b0C sikrer, at alt s\u00e6be fjernes og garanterer sublim sanitet og sikkerhed.[\/vc_column_text][vc_empty_space height=&#8221;25px&#8221;][elx_heading font_container=&#8221;h4&#8243; font_size=&#8221;h4&#8243; text_color=&#8221;inherit&#8221; css=&#8221;.vc_custom_1581517772773{margin-top: 32px !important;}&#8221;]F\u00e5 det bedste, hvad ang\u00e5r skylning og vask<br \/>\n[\/elx_heading][vc_column_text el_class=&#8221;p-16&#8243;]Vaskevandet holdes fri for madrester. Det forbedrer effektiviteten af s\u00e6ben og giver et optimalt vaskeresultat. Den konstant h\u00f8je vandtemperatur og det h\u00f8je vandtryk under skyllefasen garanterer desuden god skyllekvalitet.[\/vc_column_text][vc_empty_space height=&#8221;25px&#8221;][elx_heading font_container=&#8221;h4&#8243; font_size=&#8221;h4&#8243; text_color=&#8221;inherit&#8221; css=&#8221;.vc_custom_1581517779825{margin-top: 32px !important;}&#8221;]Optimal sigtbarhed og nem betjening<br \/>\n[\/elx_heading][vc_column_text el_class=&#8221;p-16&#8243;]Ergonomisk placering af kontrolpanelet og det integrerede LED display sikrer nem adgang og maksimal sigtbarhed, ogs\u00e5 under brug af maskinen.[\/vc_column_text][vc_empty_space height=&#8221;58px&#8221;][\/vc_column][vc_column reveal_effect=&#8221;&#8221; width=&#8221;1\/2&#8243;][elx_image_block background_image=&#8221;27132&#8243; minimum_height=&#8221;900px&#8221;][\/vc_column][\/vc_row][vc_row css=&#8221;.vc_custom_1698920869049{margin-top: 80px !important;}&#8221;][vc_column width=&#8221;1\/2&#8243;][elx_video_block background_image=&#8221;10208&#8243; video_link=&#8221;https:\/\/www.youtube.com\/watch?v=sXEMOOS6h4g&#8221; minimum_height=&#8221;300px&#8221;][\/vc_column][vc_column width=&#8221;1\/2&#8243; css=&#8221;.vc_custom_1543398022283{padding-left: 32px !important;}&#8221;][vc_empty_space height=&#8221;40px&#8221;][vc_column_text el_class=&#8221;p-16&#8243;]<\/p>\n<h2>Electrolux Professionals green&amp;clean h\u00e6tteopvaskemaskine sikrer dig det bedste resultat<\/h2>\n<p><a href=\"https:\/\/www.youtube.com\/watch?v=sXEMOOS6h4g\" target=\"_blank\" rel=\"noopener\">Se video om de mange fordele<\/a>[\/vc_column_text][\/vc_column][\/vc_row][vc_row css=&#8221;.vc_custom_1698921391801{margin-top: 80px !important;padding-top: 40px !important;padding-bottom: 40px !important;background-color: #041e41 !important;}&#8221;][vc_column width=&#8221;1\/4&#8243;][vc_single_image image=&#8221;27147&#8243; img_size=&#8221;80&#215;80&#8243;][elx_heading font_container=&#8221;h4&#8243; font_size=&#8221;h4&#8243; text_color=&#8221;white&#8221; css=&#8221;.vc_custom_1698926157162{margin-top: 20px !important;}&#8221;]Gr\u00f8n[\/elx_heading][vc_column_text el_class=&#8221;p-16-white&#8221;]Mindre forbrug af vand og str\u00f8m, samt opvaske- og afsp\u00e6ndingsmiddel giver lavere driftsomkostninger og mindre p\u00e5virkning af milj\u00f8et.[\/vc_column_text][\/vc_column][vc_column width=&#8221;1\/4&#8243; css=&#8221;.vc_custom_1543398022283{padding-left: 32px !important;}&#8221;][vc_single_image image=&#8221;27149&#8243; img_size=&#8221;80&#215;80&#8243;][elx_heading font_container=&#8221;h4&#8243; font_size=&#8221;h4&#8243; text_color=&#8221;white&#8221; css=&#8221;.vc_custom_1698926163003{margin-top: 20px !important;}&#8221;]Ren[\/elx_heading][vc_column_text el_class=&#8221;p-16-white&#8221;]Den ideelle h\u00e6tteopvaskemaskine til reng\u00f8ring af tallerkener, kopper, redskaber og bestik med total fjernelse af vaskemiddel.[\/vc_column_text][\/vc_column][vc_column width=&#8221;1\/4&#8243;][vc_single_image image=&#8221;27146&#8243; img_size=&#8221;80&#215;81&#8243;][elx_heading font_container=&#8221;h4&#8243; font_size=&#8221;h4&#8243; text_color=&#8221;white&#8221; css=&#8221;.vc_custom_1698926168691{margin-top: 20px !important;}&#8221;]Sikker[\/elx_heading][vc_column_text el_class=&#8221;p-16-white&#8221;]De farligste grupper af bakterier har ideelle v\u00e6kstbetingelser i en temperatur mellem 20\u00b0 og 60\u00b0C (maks. 70\u00b0C). Green&amp;clean h\u00e6tteopvaskemaskine garanterer en konstant skylletemperatur p\u00e5 84 \u00b0C og derved perfekte hygiejniske forhold.[\/vc_column_text][\/vc_column][vc_column width=&#8221;1\/4&#8243;][vc_single_image image=&#8221;27148&#8243; img_size=&#8221;80&#215;80&#8243;][elx_heading font_container=&#8221;h4&#8243; font_size=&#8221;h4&#8243; text_color=&#8221;white&#8221; css=&#8221;.vc_custom_1698926173480{margin-top: 20px !important;}&#8221;]Let[\/elx_heading][vc_column_text el_class=&#8221;p-16-white&#8221;]Gnidningsfri drift og nem at vedligeholde. Kommer for eksempel med selvrensende funktion, som dr\u00e6ner al vand fra vasketanken og vaskepumpen, og udf\u00f8rer 6 skyllecyklusser for at rense vaskekammeret. Ved endt rensning h\u00e6ldes al vand fra for at undg\u00e5 spredning af bakterier.[\/vc_column_text][\/vc_column][\/vc_row][vc_row css=&#8221;.vc_custom_1583928875042{margin-top: 64px !important;}&#8221;][vc_column][elx_heading font_container=&#8221;h3&#8243; font_size=&#8221;h3&#8243; text_color=&#8221;inherit&#8221; text_align=&#8221;text-center&#8221;]S\u00f8ger du andre produkter end en h\u00e6tteopvaskemaskine?[\/elx_heading][\/vc_column][\/vc_row][vc_row matched_labels=&#8221;&#8221; css=&#8221;.vc_custom_1698927368156{margin-top: 30px !important;}&#8221;][vc_column][vc_row_inner][vc_column_inner width=&#8221;1\/6&#8243; offset=&#8221;vc_hidden-xs&#8221;][vc_empty_space height=&#8221;22px&#8221;][\/vc_column_inner][vc_column_inner width=&#8221;2\/3&#8243; offset=&#8221;vc_hidden-xs&#8221;][vc_column_text el_class=&#8221;p-16&#8243;]Uanset om du arbejder i en lille restaurant eller i et stort industrik\u00f8kken, s\u00e5 betaler det sig at kontakte Electrolux Professional, n\u00e6ste gang du skal investere i udstyr til dit k\u00f8kken. Fra vores k\u00e6mpe udvalg af kvalitetsprodukter kan du altid finde en l\u00f8sning, som sikrer dig de bedste arbejdsprocesser, god \u00f8konomi og optimal madkvalitet.<\/p>\n<p>Vores k\u00f8kkenspecialister er altid klar til at hj\u00e6lpe dig med at v\u00e6lge det rigtige udstyr. Vi har mange \u00e5rs erfaring b\u00e5de med produkter, udregning og indretning.[\/vc_column_text][vc_empty_space][\/vc_column_inner][vc_column_inner width=&#8221;1\/6&#8243;][vc_empty_space][\/vc_column_inner][\/vc_row_inner][\/vc_column][\/vc_row][vc_row css=&#8221;.vc_custom_1583931769258{margin-top: 20px !important;}&#8221;][vc_column width=&#8221;3\/12&#8243;][vc_single_image image=&#8221;675&#8243; img_size=&#8221;full&#8221; css=&#8221;.vc_custom_1698927175093{margin-top: 40px !important;padding-top: 20px !important;}&#8221;][\/vc_column][vc_column width=&#8221;5\/12&#8243;][vc_column_text el_class=&#8221;p-16-white&#8221; css=&#8221;.vc_custom_1698927187772{margin-top: 50px !important;padding-top: 15px !important;padding-right: 30px !important;padding-bottom: 25px !important;padding-left: 30px !important;background-color: #041e41 !important;}&#8221;]<\/p>\n<h6 style=\"font-size: 26px; line-height: 1.1em;\">M\u00e5ske har du brug for en mindre opvaskemaskine?<\/h6>\n<p><a href=\"https:\/\/www.electroluxprofessional.com\/dk\/underbordsopvaskemaskine\/\">Underbordsopvaskemaskiner<\/a><br \/>\n<a href=\"https:\/\/www.electroluxprofessional.com\/dk\/grovopvaskemaskine\/\">Grovopvaskemaskiner<\/a>[\/vc_column_text][elx_image_block background_image=&#8221;25942&#8243; minimum_height=&#8221;300px&#8221;][\/vc_column][vc_column width=&#8221;4\/12&#8243;][vc_column_text css=&#8221;.vc_custom_1698927193654{margin-top: 80px !important;}&#8221;]<\/p>\n<h6 style=\"font-size: 26px; line-height: 1.1em;\">F\u00e5 r\u00e5d og vejledning eller f\u00e5 et tilbud<\/h6>\n<p>[\/vc_column_text][vc_empty_space height=&#8221;40px&#8221; css=&#8221;.vc_custom_1698927233024{padding-left: 10px !important;}&#8221;][elx_o2000_contact_us s=&#8221;h\u00e6tteopvaskemaskine&#8221; country=&#8221;Denmark&#8221; b=&#8221;food&#8221; text_color=&#8221;#14133B&#8221; button_mode=&#8221;true&#8221; postion_button=&#8221;text-left&#8221; postion_button_mobile=&#8221;text-left-mobile&#8221; l=&#8221;dk&#8221; text_btn_contact=&#8221;kontakt os her&#8221;][\/vc_column][\/vc_row][vc_row][vc_column][vc_empty_space][\/vc_column][\/vc_row][vc_row content_placement=&#8221;bottom&#8221; disable_element=&#8221;yes&#8221;][vc_column width=&#8221;2\/3&#8243;][elx_heading font_container=&#8221;h3&#8243; font_size=&#8221;h3&#8243; text_color=&#8221;inherit&#8221; text_align=&#8221;text-left&#8221;]Driver du en restaurant eller et hotel?[\/elx_heading][\/vc_column][vc_column width=&#8221;1\/3&#8243;][\/vc_column][\/vc_row][vc_row disable_element=&#8221;yes&#8221; css=&#8221;.vc_custom_1552770416914{margin-top: -32px !important;}&#8221;][vc_column width=&#8221;1\/3&#8243;][elx_maylike_box id_box=&#8221;337&#8243;][\/vc_column][vc_column width=&#8221;1\/3&#8243;][elx_maylike_box id_box=&#8221;374&#8243;][\/vc_column][vc_column width=&#8221;1\/3&#8243;][\/vc_column][\/vc_row]<\/p>\n","protected":false},"excerpt":{"rendered":"<p>[vc_row full_width=&#8221;electroluxpro-full-width-no-padding&#8221;][vc_column][elx_image_block background_image=&#8221;9923&#8243; minimum_height=&#8221;250px&#8221;][\/vc_column][\/vc_row][vc_row][vc_column][vc_empty_space height=&#8221;50px&#8221;][elx_heading font_container=&#8221;h1&#8243; font_size=&#8221;h1&#8243; text_color=&#8221;inherit&#8221; text_align=&#8221;text-left&#8221;]Electrolux Professional h\u00e6tteopvaskemaskine giver dig det bedste resultat og de bedste arbejdsbetingelser [\/elx_heading][\/vc_column][\/vc_row][vc_row css=&#8221;.vc_custom_1581517986416{margin-top: 32px !important;}&#8221;][vc_column reveal_effect=&#8221;&#8221; width=&#8221;1\/2&#8243;][vc_column_text el_class=&#8221;p-16&#8243;]Fordelene ved en h\u00e6tteopvaskemaskine er mange. Maskinen er placeret i god arbejdsh\u00f8jde og med et forskyllebord og et t\u00f8rrebord, hvorfra opvasken transporteres direkte ind og ud af i maskinen, [&hellip;]<\/p>\n","protected":false},"author":64,"featured_media":0,"parent":0,"menu_order":0,"comment_status":"closed","ping_status":"closed","template":"","meta":{"footnotes":""},"class_list":["post-27126","page","type-page","status-publish","hentry"],"acf":[],"yoast_head":"<!-- This site is optimized with the Yoast SEO plugin v23.3 - https:\/\/yoast.com\/wordpress\/plugins\/seo\/ -->\n<title>H\u00e6tteopvaskemaskine til industri- og stork\u00f8kken<\/title>\n<meta name=\"description\" content=\"Best-in-class h\u00e6tteopvaskemaskiner til industri- og stork\u00f8kkener. Optimalt vaskeresultat med et lavt forbrug af str\u00f8m, vand og s\u00e6be. Se sortiment.\" \/>\n<meta name=\"robots\" content=\"index, follow, max-snippet:-1, max-image-preview:large, max-video-preview:-1\" \/>\n<link rel=\"canonical\" href=\"https:\/\/www.electroluxprofessional.com\/dk\/haetteopvaskemaskine-seo\/\" \/>\n<meta property=\"og:locale\" content=\"da_DK\" \/>\n<meta property=\"og:type\" content=\"article\" \/>\n<meta property=\"og:title\" content=\"H\u00e6tteopvaskemaskine til industri- og stork\u00f8kken\" \/>\n<meta property=\"og:description\" content=\"Best-in-class h\u00e6tteopvaskemaskiner til industri- og stork\u00f8kkener. Optimalt vaskeresultat med et lavt forbrug af str\u00f8m, vand og s\u00e6be. Se sortiment.\" \/>\n<meta property=\"og:url\" content=\"https:\/\/www.electroluxprofessional.com\/dk\/haetteopvaskemaskine-seo\/\" \/>\n<meta property=\"og:site_name\" content=\"Electrolux Professional Danmark\" \/>\n<meta name=\"twitter:card\" content=\"summary_large_image\" \/>\n<meta name=\"twitter:label1\" content=\"Estimeret l\u00e6setid\" \/>\n\t<meta name=\"twitter:data1\" content=\"4 minutter\" \/>\n<script type=\"application\/ld+json\" class=\"yoast-schema-graph\">{\"@context\":\"https:\/\/schema.org\",\"@graph\":[{\"@type\":\"WebPage\",\"@id\":\"https:\/\/www.electroluxprofessional.com\/dk\/haetteopvaskemaskine-seo\/\",\"url\":\"https:\/\/www.electroluxprofessional.com\/dk\/haetteopvaskemaskine-seo\/\",\"name\":\"H\u00e6tteopvaskemaskine til industri- og stork\u00f8kken\",\"isPartOf\":{\"@id\":\"https:\/\/www.electroluxprofessional.com\/dk\/#website\"},\"datePublished\":\"2023-11-02T12:19:03+00:00\",\"dateModified\":\"2023-11-02T12:19:03+00:00\",\"description\":\"Best-in-class h\u00e6tteopvaskemaskiner til industri- og stork\u00f8kkener. Optimalt vaskeresultat med et lavt forbrug af str\u00f8m, vand og s\u00e6be. Se sortiment.\",\"breadcrumb\":{\"@id\":\"https:\/\/www.electroluxprofessional.com\/dk\/haetteopvaskemaskine-seo\/#breadcrumb\"},\"inLanguage\":\"da-DK\",\"potentialAction\":[{\"@type\":\"ReadAction\",\"target\":[\"https:\/\/www.electroluxprofessional.com\/dk\/haetteopvaskemaskine-seo\/\"]}]},{\"@type\":\"BreadcrumbList\",\"@id\":\"https:\/\/www.electroluxprofessional.com\/dk\/haetteopvaskemaskine-seo\/#breadcrumb\",\"itemListElement\":[{\"@type\":\"ListItem\",\"position\":1,\"name\":\"Home\",\"item\":\"https:\/\/www.electroluxprofessional.com\/dk\/\"},{\"@type\":\"ListItem\",\"position\":2,\"name\":\"H\u00e6tteopvaskemaskiner\u2013SEO\"}]},{\"@type\":\"WebSite\",\"@id\":\"https:\/\/www.electroluxprofessional.com\/dk\/#website\",\"url\":\"https:\/\/www.electroluxprofessional.com\/dk\/\",\"name\":\"Electrolux Professional Danmark\",\"description\":\"\",\"potentialAction\":[{\"@type\":\"SearchAction\",\"target\":{\"@type\":\"EntryPoint\",\"urlTemplate\":\"https:\/\/www.electroluxprofessional.com\/dk\/?src={search_term_string}\"},\"query-input\":\"required name=search_term_string\"}],\"inLanguage\":\"da-DK\"}]}<\/script>\n<!-- \/ Yoast SEO plugin. -->","yoast_head_json":{"title":"H\u00e6tteopvaskemaskine til industri- og stork\u00f8kken","description":"Best-in-class h\u00e6tteopvaskemaskiner til industri- og stork\u00f8kkener. Optimalt vaskeresultat med et lavt forbrug af str\u00f8m, vand og s\u00e6be. Se sortiment.","robots":{"index":"index","follow":"follow","max-snippet":"max-snippet:-1","max-image-preview":"max-image-preview:large","max-video-preview":"max-video-preview:-1"},"canonical":"https:\/\/www.electroluxprofessional.com\/dk\/haetteopvaskemaskine-seo\/","og_locale":"da_DK","og_type":"article","og_title":"H\u00e6tteopvaskemaskine til industri- og stork\u00f8kken","og_description":"Best-in-class h\u00e6tteopvaskemaskiner til industri- og stork\u00f8kkener. Optimalt vaskeresultat med et lavt forbrug af str\u00f8m, vand og s\u00e6be. Se sortiment.","og_url":"https:\/\/www.electroluxprofessional.com\/dk\/haetteopvaskemaskine-seo\/","og_site_name":"Electrolux Professional Danmark","twitter_card":"summary_large_image","twitter_misc":{"Estimeret l\u00e6setid":"4 minutter"},"schema":{"@context":"https:\/\/schema.org","@graph":[{"@type":"WebPage","@id":"https:\/\/www.electroluxprofessional.com\/dk\/haetteopvaskemaskine-seo\/","url":"https:\/\/www.electroluxprofessional.com\/dk\/haetteopvaskemaskine-seo\/","name":"H\u00e6tteopvaskemaskine til industri- og stork\u00f8kken","isPartOf":{"@id":"https:\/\/www.electroluxprofessional.com\/dk\/#website"},"datePublished":"2023-11-02T12:19:03+00:00","dateModified":"2023-11-02T12:19:03+00:00","description":"Best-in-class h\u00e6tteopvaskemaskiner til industri- og stork\u00f8kkener. Optimalt vaskeresultat med et lavt forbrug af str\u00f8m, vand og s\u00e6be. Se sortiment.","breadcrumb":{"@id":"https:\/\/www.electroluxprofessional.com\/dk\/haetteopvaskemaskine-seo\/#breadcrumb"},"inLanguage":"da-DK","potentialAction":[{"@type":"ReadAction","target":["https:\/\/www.electroluxprofessional.com\/dk\/haetteopvaskemaskine-seo\/"]}]},{"@type":"BreadcrumbList","@id":"https:\/\/www.electroluxprofessional.com\/dk\/haetteopvaskemaskine-seo\/#breadcrumb","itemListElement":[{"@type":"ListItem","position":1,"name":"Home","item":"https:\/\/www.electroluxprofessional.com\/dk\/"},{"@type":"ListItem","position":2,"name":"H\u00e6tteopvaskemaskiner\u2013SEO"}]},{"@type":"WebSite","@id":"https:\/\/www.electroluxprofessional.com\/dk\/#website","url":"https:\/\/www.electroluxprofessional.com\/dk\/","name":"Electrolux Professional Danmark","description":"","potentialAction":[{"@type":"SearchAction","target":{"@type":"EntryPoint","urlTemplate":"https:\/\/www.electroluxprofessional.com\/dk\/?src={search_term_string}"},"query-input":"required name=search_term_string"}],"inLanguage":"da-DK"}]}},"_links":{"self":[{"href":"https:\/\/www.electroluxprofessional.com\/dk\/wp-json\/wp\/v2\/pages\/27126"}],"collection":[{"href":"https:\/\/www.electroluxprofessional.com\/dk\/wp-json\/wp\/v2\/pages"}],"about":[{"href":"https:\/\/www.electroluxprofessional.com\/dk\/wp-json\/wp\/v2\/types\/page"}],"author":[{"embeddable":true,"href":"https:\/\/www.electroluxprofessional.com\/dk\/wp-json\/wp\/v2\/users\/64"}],"replies":[{"embeddable":true,"href":"https:\/\/www.electroluxprofessional.com\/dk\/wp-json\/wp\/v2\/comments?post=27126"}],"version-history":[{"count":36,"href":"https:\/\/www.electroluxprofessional.com\/dk\/wp-json\/wp\/v2\/pages\/27126\/revisions"}],"predecessor-version":[{"id":27172,"href":"https:\/\/www.electroluxprofessional.com\/dk\/wp-json\/wp\/v2\/pages\/27126\/revisions\/27172"}],"wp:attachment":[{"href":"https:\/\/www.electroluxprofessional.com\/dk\/wp-json\/wp\/v2\/media?parent=27126"}],"curies":[{"name":"wp","href":"https:\/\/api.w.org\/{rel}","templated":true}]}}