{"id":27119,"date":"2025-09-02T14:56:48","date_gmt":"2025-09-02T14:56:48","guid":{"rendered":"https:\/\/www.electroluxprofessional.com\/dk\/?page_id=27119"},"modified":"2025-11-05T18:16:55","modified_gmt":"2025-11-05T18:16:55","slug":"automatisk-saebedosering","status":"publish","type":"page","link":"https:\/\/www.electroluxprofessional.com\/dk\/automatisk-saebedosering\/","title":{"rendered":"Automatisk s\u00e6bedosering"},"content":{"rendered":"<p>[vc_row full_width=&#8221;electroluxpro-full-width-no-padding&#8221;][vc_column][elx_hero_slider label_text_color=&#8221;inherit&#8221; images=&#8221;3614&#8243;][elx_heading font_size=&#8221;h2&#8243; text_color=&#8221;inherit&#8221;]Effektiv automatisk s\u00e6bedosering[\/elx_heading][vc_column_text css=&#8221;.vc_custom_1698850406259{margin-bottom: -10px !important;}&#8221; el_class=&#8221;p-16&#8243;]Automatisk s\u00e6bedosering er bedre for t\u00f8jet, huden og milj\u00f8et. Og I sparer op til 40% p\u00e5 udgifter til vaskemiddel.[\/vc_column_text][\/elx_hero_slider][\/vc_column][\/vc_row][vc_row][vc_column reveal_effect=&#8221;&#8221; offset=&#8221;vc_hidden-xs&#8221;][vc_empty_space height=&#8221;50px&#8221;][\/vc_column][\/vc_row][vc_row css=&#8221;.vc_custom_1584092044344{margin-top: 32px !important;}&#8221;][vc_column width=&#8221;1\/2&#8243;][vc_empty_space height=&#8221;20px&#8221;][elx_heading font_container=&#8221;h1&#8243; font_size=&#8221;h1&#8243; text_color=&#8221;inherit&#8221; css=&#8221;.vc_custom_1584091636342{margin-bottom: 0px !important;border-bottom-width: 0px !important;padding-bottom: 0px !important;}&#8221;]Bedst mulige vaskeresultater med automatisk s\u00e6bedosering[\/elx_heading][vc_empty_space height=&#8221;22px&#8221;][vc_column_text el_class=&#8221;p-16&#8243;]Med automatisk s\u00e6bedosering fra Electrolux Professional \u2013 Efficient Dosing System \u2013 bliver din vaskeril\u00f8sning mere omkostningseffektiv end nogensinde.<\/p>\n<p>Systemet giver dig fuld kontrol over vaskeprocessen, og du undg\u00e5r skader p\u00e5 tekstiler samt hudirritationer pga. overdosering af vaskemiddel.<\/p>\n<p><a href=\"https:\/\/www.electroluxprofessional.com\/dk\/automatisk-saebedosering\/#eds\">Automatisk s\u00e6bedosering til CompassPro og ClarusVibe<\/a>[\/vc_column_text][vc_empty_space][elx_o2000_contact_us s=&#8221;Kontakt fra vask-side: Automatisk s\u00e6bedosering&#8221; request_type=&#8221;Quotation&#8221; flag_hide_request_type=&#8221;true&#8221; country=&#8221;Denmark&#8221; b=&#8221;laundry&#8221; compact_view=&#8221;1&#8243; text_color=&#8221;#14133B&#8221; thanks=&#8221;Tak for din henvendelse. Vi kontakter dig snarest. Venlig hilsen Electrolux Professional&#8221; button_mode=&#8221;true&#8221; text_btn_contact=&#8221;Kontakt os om effektiv automatisk s\u00e6bedosering&#8221;][vc_empty_space][vc_row_inner][vc_column_inner offset=&#8221;vc_hidden-lg vc_hidden-md vc_hidden-sm&#8221;][vc_empty_space height=&#8221;120px&#8221;][\/vc_column_inner][\/vc_row_inner][\/vc_column][vc_column width=&#8221;1\/2&#8243;][vc_row_inner][vc_column_inner offset=&#8221;vc_hidden-sm vc_hidden-xs&#8221;][vc_empty_space][\/vc_column_inner][\/vc_row_inner][vc_single_image image=&#8221;18921&#8243; img_size=&#8221;full&#8221; alignment=&#8221;center&#8221;][\/vc_column][\/vc_row][vc_row css=&#8221;.vc_custom_1741777388486{margin-top: 40px !important;padding-top: 30px !important;padding-bottom: 60px !important;background-color: #041e41 !important;}&#8221; el_id=&#8221;femgrunde&#8221;][vc_column][elx_heading font_size=&#8221;h2&#8243; text_color=&#8221;white&#8221;]5 gode grunde til automatisk s\u00e6bedosering i dit vaskeri[\/elx_heading][vc_column_text css=&#8221;.vc_custom_1756895299084{padding-top: 30px !important;}&#8221; el_class=&#8221;p-16-white&#8221;]<strong>1. Reng\u00f8ring:<\/strong> Du undg\u00e5r svineri p\u00e5 og omkring vaskemaskinerne<\/p>\n<p><strong>2. Milj\u00f8:<\/strong> For meget vaskemiddel (som de fleste bruger) forurener milj\u00f8et un\u00f8digt<\/p>\n<p><strong>3. Allergi:<\/strong> For meget vaskemiddel er skyld i allergi hos mange danskere.<\/p>\n<p><b>4. \u00d8konomi:<\/b>\u00a0I sparer op til 40% p\u00e5 udgiften til vaskemiddel<\/p>\n<p><strong>5. Svanem\u00e6rket:<\/strong> <a href=\"https:\/\/www.electroluxprofessional.com\/dk\/vaskemidler\/\">Electrolux Professionals vaskemiddel<\/a> er Svanem\u00e6rket = en af verdens skrappeste milj\u00f8certificeringer[\/vc_column_text][\/vc_column][\/vc_row][vc_row css=&#8221;.vc_custom_1612268334449{margin-top: 40px !important;}&#8221;][vc_column][vc_empty_space][elx_heading font_size=&#8221;h1&#8243; text_color=&#8221;inherit&#8221;]Effektiv automatisk s\u00e6bedosering \u2013 det bedste vaskeresultat til laveste omkostninger[\/elx_heading][vc_row_inner][vc_column_inner offset=&#8221;vc_hidden-xs&#8221;][vc_empty_space][\/vc_column_inner][\/vc_row_inner][\/vc_column][\/vc_row][vc_row content_placement=&#8221;middle&#8221;][vc_column reveal_effect=&#8221;&#8221; width=&#8221;1\/2&#8243;][vc_column_text el_class=&#8221;p-16&#8243;]<\/p>\n<h6>At kende den pr\u00e6cise v\u00e6gt er afg\u00f8rende<\/h6>\n<p>Vores Automatic Saving System (AS) udregner v\u00e6gten p\u00e5 t\u00f8jet i maskinen inden vaskecyklussen starter.<\/p>\n<h6>S\u00e5dan fungerer vores automatiske s\u00e6bedosering<\/h6>\n<p>Baseret p\u00e5 vaskens v\u00e6gt og valgt vaskeprogram beregner og fordeler systemet den rette m\u00e6ngde vaskemiddel og vand. P\u00e5 den m\u00e5de opn\u00e5s maximal effektivitet og bedste vaskeresultat. <a href=\"https:\/\/www.electroluxprofessional.com\/dk\/automatisk-saebedosering\/#eds\">Se udvalget af pumper<\/a><\/p>\n<h6>Statistik\u00a0og kontrol af omkostninger<\/h6>\n<p>Systemet giver dig ogs\u00e5 adgang til vaskestatistik via USB-tilslutning og hj\u00e6lper dig dermed til at f\u00e5 kontrol over dine omkostninger.[\/vc_column_text][\/vc_column][vc_column reveal_effect=&#8221;&#8221; width=&#8221;1\/2&#8243;][vc_row_inner][vc_column_inner offset=&#8221;vc_hidden-lg vc_hidden-md vc_hidden-sm&#8221;][vc_empty_space][\/vc_column_inner][\/vc_row_inner][vc_single_image image=&#8221;3613&#8243; img_size=&#8221;500&#215;380&#8243;][\/vc_column][\/vc_row][vc_row css=&#8221;.vc_custom_1741787522598{margin-top: 100px !important;}&#8221; el_class=&#8221;p-14&#8243;][vc_column width=&#8221;1\/3&#8243;][elx_citation name=&#8221;Fru Gr\u00f8n&#8221; company=&#8221;Bolius&#8217; reng\u00f8ringsekspert&#8221; extra_class=&#8221;p-14-white&#8221;][elx_heading font_container=&#8221;h5&#8243; text_color=&#8221;inherit&#8221;]T\u00f8jet bliver ikke n\u00f8dvendigvis renere, n\u00e5r du bruger meget vaskemiddel<\/p>\n<p>[\/elx_heading][\/elx_citation][\/vc_column][vc_column width=&#8221;1\/3&#8243;][elx_citation name=&#8221;Projektleder Christian Dehlholm&#8221; company=&#8221;Forbrugerr\u00e5det T\u00e6nk&#8221; extra_class=&#8221;p-14-white&#8221;][elx_heading font_container=&#8221;h5&#8243; text_color=&#8221;inherit&#8221;]Hvis vi ikke bruger vaskemidlet rigtigt, risikerer vi at skade b\u00e5de milj\u00f8et og t\u00f8jet<\/p>\n<p>[\/elx_heading][\/elx_citation][\/vc_column][vc_column width=&#8221;1\/3&#8243;][elx_citation name=&#8221;Projektleder Christian Dehlholm&#8221; company=&#8221;Forbrugerr\u00e5det T\u00e6nk&#8221; extra_class=&#8221;p-14-white&#8221;][elx_heading font_container=&#8221;h5&#8243; text_color=&#8221;inherit&#8221;]&#8230; kan irritere huden og fremkalde allergi, hvis der sidder s\u00e6berester i t\u00f8jet<\/p>\n<p>[\/elx_heading][\/elx_citation][\/vc_column][\/vc_row][vc_row content_placement=&#8221;middle&#8221; css=&#8221;.vc_custom_1741787553631{margin-top: 80px !important;margin-bottom: 40px !important;background-color: #dadfe1 !important;}&#8221;][vc_column width=&#8221;1\/2&#8243;][vc_row_inner][vc_column_inner][elx_video_block background_image=&#8221;3611&#8243; video_link=&#8221;https:\/\/www.youtube.com\/watch?v=6-wCdqDR9I8&#8243; minimum_height=&#8221;260px&#8221;][\/vc_column_inner][\/vc_row_inner][vc_row_inner][vc_column_inner offset=&#8221;vc_hidden-lg vc_hidden-md vc_hidden-sm&#8221;][elx_heading font_container=&#8221;h3&#8243; text_color=&#8221;inherit&#8221;]Se video om Electrolux Professional Efficient Dosing System [\/elx_heading][vc_empty_space height=&#8221;22px&#8221;][\/vc_column_inner][\/vc_row_inner][\/vc_column][vc_column reveal_effect=&#8221;&#8221; width=&#8221;1\/2&#8243; offset=&#8221;vc_hidden-xs&#8221;][vc_empty_space height=&#8221;50px&#8221;][elx_heading font_container=&#8221;h3&#8243; text_color=&#8221;inherit&#8221;]Efficient Dosing system[\/elx_heading][vc_column_text el_class=&#8221;p-16&#8243;]<strong>S\u00e5dan sparer du 40% p\u00e5 omkostningerne<br \/>\ntil vaskemiddel med automatisk s\u00e6bedosering<\/strong>[\/vc_column_text][\/vc_column][\/vc_row][vc_row css=&#8221;.vc_custom_1646733423134{margin-top: 60px !important;}&#8221;][vc_column][vc_row_inner equal_height=&#8221;yes&#8221; content_placement=&#8221;middle&#8221;][vc_column_inner][elx_heading font_size=&#8221;h1&#8243; text_color=&#8221;inherit&#8221;]Nem tilkobling af automatisk s\u00e6bedosering til vaskeriets maskiner[\/elx_heading][vc_empty_space][vc_column_text el_class=&#8221;p-16&#8243;]Dine Electrolux Professional vaskemaskiner er forberedt med to hurtigkoblingskabler: \u00c9t til str\u00f8mforsyningen og \u00e9t til signaloverf\u00f8rsel af doseringsdata &#8211; uden behov for yderligere kabler eller komplicerede ledninger. S\u00e5 er det bare at v\u00e6lge den rigtige l\u00f8sning til vaskeriet maskiner.[\/vc_column_text][\/vc_column_inner][\/vc_row_inner][vc_row_inner el_class=&#8221;center&#8221; css=&#8221;.vc_custom_1687354939735{margin-top: 40px !important;}&#8221;][vc_column_inner el_class=&#8221;center&#8221; width=&#8221;1\/6&#8243;][vc_empty_space][\/vc_column_inner][vc_column_inner width=&#8221;2\/3&#8243;][elx_o2000_contact_us s=&#8221;Kontakt fra vask-side: Automatisk s\u00e6bedosering&#8221; request_type=&#8221;Quotation&#8221; flag_hide_request_type=&#8221;true&#8221; country=&#8221;Denmark&#8221; b=&#8221;laundry&#8221; compact_view=&#8221;1&#8243; text_color=&#8221;#14133B&#8221; thanks=&#8221;Tak for din henvendelse. Vi kontakter dig snarest. Venlig hilsen Electrolux Professional&#8221; button_mode=&#8221;true&#8221; postion_button=&#8221;text-center&#8221; postion_button_mobile=&#8221;text-center-mobile&#8221; text_btn_contact=&#8221;F\u00e5 hj\u00e6lp til automatisk s\u00e6bedosering i jeres vaskeri&#8221;][\/vc_column_inner][vc_column_inner width=&#8221;1\/6&#8243;][\/vc_column_inner][\/vc_row_inner][vc_row_inner gap=&#8221;35&#8243; css=&#8221;.vc_custom_1698850724241{margin-top: 80px !important;}&#8221; el_id=&#8221;eds&#8221;][vc_column_inner width=&#8221;1\/2&#8243; css=&#8221;.vc_custom_1646736268521{border-top-width: 1px !important;border-right-width: 1px !important;border-bottom-width: 1px !important;border-left-width: 1px !important;padding-top: 32px !important;padding-right: 20px !important;padding-bottom: 20px !important;padding-left: 20px !important;border-left-color: #041e41 !important;border-left-style: solid !important;border-right-color: #041e41 !important;border-right-style: solid !important;border-top-color: #041e41 !important;border-top-style: solid !important;border-bottom-color: #041e41 !important;border-bottom-style: solid !important;}&#8221;][vc_empty_space height=&#8221;20px&#8221;][elx_heading text_color=&#8221;inherit&#8221; text_align=&#8221;text-left&#8221;]Vaskemaskiner med ClarusVibe[\/elx_heading][vc_column_text el_class=&#8221;p-16&#8243; css=&#8221;.vc_custom_1646737005745{margin-top: 30px !important;}&#8221;]<strong>Intelligent Dosing<\/strong>\u00a0er standard i vores vaskemaskiner med\u00a0<strong>ClarusVibe<\/strong>, og funktionen leverer automatisk den rigtige m\u00e6ngde vaskemiddel, i forhold til vasket\u00f8jets v\u00e6gt. Funktionen vejer vasket\u00f8jet og tilpasser herefter vand og s\u00e6beforbrug efter m\u00e6ngden af t\u00f8j. Sammen med vores doseringspumper\u00a0<strong>JETSAVE<\/strong>\u00a0eller\u00a0<strong>DOSAVE<\/strong>, opn\u00e5r du de bedste resultater.[\/vc_column_text][vc_empty_space height=&#8221;20px&#8221;][vc_single_image image=&#8221;20253&#8243; img_size=&#8221;full&#8221; css=&#8221;.vc_custom_1646736151083{padding-right: 20px !important;padding-left: 20px !important;}&#8221;][vc_single_image image=&#8221;20252&#8243; img_size=&#8221;full&#8221; css=&#8221;.vc_custom_1646736295952{margin-top: 25px !important;padding-right: 20px !important;padding-left: 20px !important;}&#8221;][vc_column_text el_class=&#8221;p-16&#8243; css=&#8221;.vc_custom_1646736435844{margin-top: 20px !important;}&#8221;]<\/p>\n<h4><strong>DOSAVE eller JETSAVE<\/strong><\/h4>\n<p><strong>JETSAVE<\/strong>\u00a0bruger venturibaserede, vanddrevne pumper, der kr\u00e6ver mindre vedligeholdelse, fordi der ikke er nogen bev\u00e6gelige dele eller slanger, der skal udskiftes. Doseringen er p\u00e5lidelig, og installationen er let og enkel takket v\u00e6re det indbyggede skyller\u00f8r.[\/vc_column_text][\/vc_column_inner][vc_column_inner width=&#8221;1\/2&#8243; css=&#8221;.vc_custom_1687355029529{border-top-width: 1px !important;border-right-width: 1px !important;border-bottom-width: 1px !important;border-left-width: 1px !important;padding-top: 32px !important;padding-right: 20px !important;padding-bottom: 20px !important;padding-left: 20px !important;border-left-color: #041e41 !important;border-left-style: solid !important;border-right-color: #041e41 !important;border-right-style: solid !important;border-top-color: #041e41 !important;border-top-style: solid !important;border-bottom-color: #041e41 !important;border-bottom-style: solid !important;}&#8221;][vc_empty_space height=&#8221;20px&#8221;][elx_heading text_color=&#8221;inherit&#8221; text_align=&#8221;text-left&#8221;]Vaskemaskiner med CompassPro[\/elx_heading][vc_column_text el_class=&#8221;p-16&#8243; css=&#8221;.vc_custom_1646737012918{margin-top: 30px !important;}&#8221;]Det er afg\u00f8rende at kende den pr\u00e6cise v\u00e6gt p\u00e5 vasket\u00f8jet. Vaskemaskinens <strong>Automatic Saving System<\/strong>\u00a0(AS) udregner v\u00e6gten p\u00e5 t\u00f8jet i maskinen inden vaskecyklussen starter. Baseret p\u00e5 vaskens v\u00e6gt og valgt vaskeprogram beregner og fordeler vores\u00a0<strong>EDS<\/strong>\u00a0system den rette m\u00e6ngde vaskemiddel. P\u00e5 den m\u00e5de opn\u00e5s maximal effektivitet og bedste vaskeresultat.[\/vc_column_text][vc_empty_space height=&#8221;38px&#8221;][vc_single_image image=&#8221;20255&#8243; img_size=&#8221;full&#8221;][vc_single_image image=&#8221;20254&#8243; img_size=&#8221;full&#8221; css=&#8221;.vc_custom_1646736349893{margin-top: 53px !important;}&#8221;][vc_empty_space height=&#8221;20px&#8221;][vc_column_text el_class=&#8221;p-16&#8243; css=&#8221;.vc_custom_1687354994210{margin-top: 20px !important;}&#8221;]<\/p>\n<h4>Efficient Dosing System (EDS)<\/h4>\n<p>Til alle vores vaskemaskiner med\u00a0<strong>CompassPro<\/strong>\u00a0vil\u00a0<strong>Efficient Dosing System<\/strong>\u00a0v\u00e6re din p\u00e5lidelige partner og sikre, at den rigtige m\u00e6ngde vaskemiddel altid tils\u00e6ttes til hver vaskecyklus, hvilket resulterer i betydelige besparelser og bedre vaskeresultater.[\/vc_column_text][\/vc_column_inner][\/vc_row_inner][vc_row_inner][vc_column_inner][\/vc_column_inner][\/vc_row_inner][\/vc_column][\/vc_row][vc_row equal_height=&#8221;yes&#8221; css=&#8221;.vc_custom_1698850791076{margin-top: 40px !important;margin-bottom: 60px !important;padding-top: 40px !important;padding-bottom: 60px !important;background-color: #dadfe1 !important;}&#8221;][vc_column content_position=&#8221;center&#8221;][vc_empty_space][elx_heading text_color=&#8221;inherit&#8221; text_align=&#8221;text-center&#8221;]Hvad kan automatisk s\u00e6bedosering betyde for jeres vaskeri?[\/elx_heading][vc_empty_space height=&#8221;80px&#8221;][elx_o2000_contact_us s=&#8221;Kontakt fra vask-side: Automatisk s\u00e6bedosering&#8221; request_type=&#8221;Quotation&#8221; flag_hide_request_type=&#8221;true&#8221; country=&#8221;Denmark&#8221; b=&#8221;laundry&#8221; compact_view=&#8221;1&#8243; text_color=&#8221;#14133B&#8221; thanks=&#8221;Tak for din henvendelse. Vi kontakter dig snarest. Venlig hilsen Electrolux Professional&#8221; button_mode=&#8221;true&#8221; text_btn_contact=&#8221;Kontakt os om effektiv automatisk s\u00e6bedosering&#8221;][vc_empty_space][\/vc_column][\/vc_row]<\/p>\n","protected":false},"excerpt":{"rendered":"<p>[vc_row full_width=&#8221;electroluxpro-full-width-no-padding&#8221;][vc_column][elx_hero_slider label_text_color=&#8221;inherit&#8221; images=&#8221;3614&#8243;][elx_heading font_size=&#8221;h2&#8243; text_color=&#8221;inherit&#8221;]Effektiv automatisk s\u00e6bedosering[\/elx_heading][vc_column_text css=&#8221;.vc_custom_1698850406259{margin-bottom: -10px !important;}&#8221; el_class=&#8221;p-16&#8243;]Automatisk s\u00e6bedosering er bedre for t\u00f8jet, huden og milj\u00f8et. Og I sparer op til 40% p\u00e5 udgifter til vaskemiddel.[\/vc_column_text][\/elx_hero_slider][\/vc_column][\/vc_row][vc_row][vc_column reveal_effect=&#8221;&#8221; offset=&#8221;vc_hidden-xs&#8221;][vc_empty_space height=&#8221;50px&#8221;][\/vc_column][\/vc_row][vc_row css=&#8221;.vc_custom_1584092044344{margin-top: 32px !important;}&#8221;][vc_column width=&#8221;1\/2&#8243;][vc_empty_space height=&#8221;20px&#8221;][elx_heading font_container=&#8221;h1&#8243; font_size=&#8221;h1&#8243; text_color=&#8221;inherit&#8221; css=&#8221;.vc_custom_1584091636342{margin-bottom: 0px !important;border-bottom-width: 0px !important;padding-bottom: 0px !important;}&#8221;]Bedst mulige vaskeresultater med automatisk s\u00e6bedosering[\/elx_heading][vc_empty_space height=&#8221;22px&#8221;][vc_column_text el_class=&#8221;p-16&#8243;]Med [&hellip;]<\/p>\n","protected":false},"author":64,"featured_media":0,"parent":0,"menu_order":0,"comment_status":"closed","ping_status":"closed","template":"","meta":{"footnotes":""},"class_list":["post-27119","page","type-page","status-publish","hentry"],"acf":[],"yoast_head":"<!-- This site is optimized with the Yoast SEO plugin v23.3 - https:\/\/yoast.com\/wordpress\/plugins\/seo\/ -->\n<title>Automatisk s\u00e6bedosering til vaskemaskinen<\/title>\n<meta name=\"description\" content=\"Automatisk s\u00e6bedosering er bedre for t\u00f8jet, huden og milj\u00f8et. Spar op til 40% p\u00e5 udgifter til vaskemiddel. F\u00e5 automatisk s\u00e6bedosering til vaskeriets maskiner.\" \/>\n<meta name=\"robots\" content=\"index, follow, max-snippet:-1, max-image-preview:large, max-video-preview:-1\" \/>\n<link rel=\"canonical\" href=\"https:\/\/www.electroluxprofessional.com\/dk\/automatisk-saebedosering\/\" \/>\n<meta property=\"og:locale\" content=\"da_DK\" \/>\n<meta property=\"og:type\" content=\"article\" \/>\n<meta property=\"og:title\" content=\"Automatisk s\u00e6bedosering til vaskemaskinen\" \/>\n<meta property=\"og:description\" content=\"Automatisk s\u00e6bedosering er bedre for t\u00f8jet, huden og milj\u00f8et. Spar op til 40% p\u00e5 udgifter til vaskemiddel. F\u00e5 automatisk s\u00e6bedosering til vaskeriets maskiner.\" \/>\n<meta property=\"og:url\" content=\"https:\/\/www.electroluxprofessional.com\/dk\/automatisk-saebedosering\/\" \/>\n<meta property=\"og:site_name\" content=\"Electrolux Professional Danmark\" \/>\n<meta property=\"article:modified_time\" content=\"2025-11-05T18:16:55+00:00\" \/>\n<meta name=\"twitter:card\" content=\"summary_large_image\" \/>\n<meta name=\"twitter:label1\" content=\"Estimeret l\u00e6setid\" \/>\n\t<meta name=\"twitter:data1\" content=\"5 minutter\" \/>\n<script type=\"application\/ld+json\" class=\"yoast-schema-graph\">{\"@context\":\"https:\/\/schema.org\",\"@graph\":[{\"@type\":\"WebPage\",\"@id\":\"https:\/\/www.electroluxprofessional.com\/dk\/automatisk-saebedosering\/\",\"url\":\"https:\/\/www.electroluxprofessional.com\/dk\/automatisk-saebedosering\/\",\"name\":\"Automatisk s\u00e6bedosering til vaskemaskinen\",\"isPartOf\":{\"@id\":\"https:\/\/www.electroluxprofessional.com\/dk\/#website\"},\"datePublished\":\"2025-09-02T14:56:48+00:00\",\"dateModified\":\"2025-11-05T18:16:55+00:00\",\"description\":\"Automatisk s\u00e6bedosering er bedre for t\u00f8jet, huden og milj\u00f8et. Spar op til 40% p\u00e5 udgifter til vaskemiddel. F\u00e5 automatisk s\u00e6bedosering til vaskeriets maskiner.\",\"breadcrumb\":{\"@id\":\"https:\/\/www.electroluxprofessional.com\/dk\/automatisk-saebedosering\/#breadcrumb\"},\"inLanguage\":\"da-DK\",\"potentialAction\":[{\"@type\":\"ReadAction\",\"target\":[\"https:\/\/www.electroluxprofessional.com\/dk\/automatisk-saebedosering\/\"]}]},{\"@type\":\"BreadcrumbList\",\"@id\":\"https:\/\/www.electroluxprofessional.com\/dk\/automatisk-saebedosering\/#breadcrumb\",\"itemListElement\":[{\"@type\":\"ListItem\",\"position\":1,\"name\":\"Home\",\"item\":\"https:\/\/www.electroluxprofessional.com\/dk\/\"},{\"@type\":\"ListItem\",\"position\":2,\"name\":\"Automatisk s\u00e6bedosering\"}]},{\"@type\":\"WebSite\",\"@id\":\"https:\/\/www.electroluxprofessional.com\/dk\/#website\",\"url\":\"https:\/\/www.electroluxprofessional.com\/dk\/\",\"name\":\"Electrolux Professional Danmark\",\"description\":\"\",\"potentialAction\":[{\"@type\":\"SearchAction\",\"target\":{\"@type\":\"EntryPoint\",\"urlTemplate\":\"https:\/\/www.electroluxprofessional.com\/dk\/?src={search_term_string}\"},\"query-input\":\"required name=search_term_string\"}],\"inLanguage\":\"da-DK\"}]}<\/script>\n<!-- \/ Yoast SEO plugin. -->","yoast_head_json":{"title":"Automatisk s\u00e6bedosering til vaskemaskinen","description":"Automatisk s\u00e6bedosering er bedre for t\u00f8jet, huden og milj\u00f8et. Spar op til 40% p\u00e5 udgifter til vaskemiddel. F\u00e5 automatisk s\u00e6bedosering til vaskeriets maskiner.","robots":{"index":"index","follow":"follow","max-snippet":"max-snippet:-1","max-image-preview":"max-image-preview:large","max-video-preview":"max-video-preview:-1"},"canonical":"https:\/\/www.electroluxprofessional.com\/dk\/automatisk-saebedosering\/","og_locale":"da_DK","og_type":"article","og_title":"Automatisk s\u00e6bedosering til vaskemaskinen","og_description":"Automatisk s\u00e6bedosering er bedre for t\u00f8jet, huden og milj\u00f8et. Spar op til 40% p\u00e5 udgifter til vaskemiddel. F\u00e5 automatisk s\u00e6bedosering til vaskeriets maskiner.","og_url":"https:\/\/www.electroluxprofessional.com\/dk\/automatisk-saebedosering\/","og_site_name":"Electrolux Professional Danmark","article_modified_time":"2025-11-05T18:16:55+00:00","twitter_card":"summary_large_image","twitter_misc":{"Estimeret l\u00e6setid":"5 minutter"},"schema":{"@context":"https:\/\/schema.org","@graph":[{"@type":"WebPage","@id":"https:\/\/www.electroluxprofessional.com\/dk\/automatisk-saebedosering\/","url":"https:\/\/www.electroluxprofessional.com\/dk\/automatisk-saebedosering\/","name":"Automatisk s\u00e6bedosering til vaskemaskinen","isPartOf":{"@id":"https:\/\/www.electroluxprofessional.com\/dk\/#website"},"datePublished":"2025-09-02T14:56:48+00:00","dateModified":"2025-11-05T18:16:55+00:00","description":"Automatisk s\u00e6bedosering er bedre for t\u00f8jet, huden og milj\u00f8et. Spar op til 40% p\u00e5 udgifter til vaskemiddel. F\u00e5 automatisk s\u00e6bedosering til vaskeriets maskiner.","breadcrumb":{"@id":"https:\/\/www.electroluxprofessional.com\/dk\/automatisk-saebedosering\/#breadcrumb"},"inLanguage":"da-DK","potentialAction":[{"@type":"ReadAction","target":["https:\/\/www.electroluxprofessional.com\/dk\/automatisk-saebedosering\/"]}]},{"@type":"BreadcrumbList","@id":"https:\/\/www.electroluxprofessional.com\/dk\/automatisk-saebedosering\/#breadcrumb","itemListElement":[{"@type":"ListItem","position":1,"name":"Home","item":"https:\/\/www.electroluxprofessional.com\/dk\/"},{"@type":"ListItem","position":2,"name":"Automatisk s\u00e6bedosering"}]},{"@type":"WebSite","@id":"https:\/\/www.electroluxprofessional.com\/dk\/#website","url":"https:\/\/www.electroluxprofessional.com\/dk\/","name":"Electrolux Professional Danmark","description":"","potentialAction":[{"@type":"SearchAction","target":{"@type":"EntryPoint","urlTemplate":"https:\/\/www.electroluxprofessional.com\/dk\/?src={search_term_string}"},"query-input":"required name=search_term_string"}],"inLanguage":"da-DK"}]}},"_links":{"self":[{"href":"https:\/\/www.electroluxprofessional.com\/dk\/wp-json\/wp\/v2\/pages\/27119"}],"collection":[{"href":"https:\/\/www.electroluxprofessional.com\/dk\/wp-json\/wp\/v2\/pages"}],"about":[{"href":"https:\/\/www.electroluxprofessional.com\/dk\/wp-json\/wp\/v2\/types\/page"}],"author":[{"embeddable":true,"href":"https:\/\/www.electroluxprofessional.com\/dk\/wp-json\/wp\/v2\/users\/64"}],"replies":[{"embeddable":true,"href":"https:\/\/www.electroluxprofessional.com\/dk\/wp-json\/wp\/v2\/comments?post=27119"}],"version-history":[{"count":14,"href":"https:\/\/www.electroluxprofessional.com\/dk\/wp-json\/wp\/v2\/pages\/27119\/revisions"}],"predecessor-version":[{"id":30797,"href":"https:\/\/www.electroluxprofessional.com\/dk\/wp-json\/wp\/v2\/pages\/27119\/revisions\/30797"}],"wp:attachment":[{"href":"https:\/\/www.electroluxprofessional.com\/dk\/wp-json\/wp\/v2\/media?parent=27119"}],"curies":[{"name":"wp","href":"https:\/\/api.w.org\/{rel}","templated":true}]}}