{"id":26634,"date":"2023-09-25T14:27:43","date_gmt":"2023-09-25T14:27:43","guid":{"rendered":"https:\/\/www.electroluxprofessional.com\/dk\/?page_id=26634"},"modified":"2025-11-05T16:51:44","modified_gmt":"2025-11-05T16:51:44","slug":"gourmexpress-high-speed-ovn","status":"publish","type":"page","link":"https:\/\/www.electroluxprofessional.com\/dk\/gourmexpress-high-speed-ovn\/","title":{"rendered":"GourmeXpress high speed ovn"},"content":{"rendered":"<p>[vc_row full_width=&#8221;electroluxpro-full-width-no-padding&#8221;][vc_column][elx_image_block background_image=&#8221;26531&#8243; minimum_height=&#8221;400px&#8221;][vc_empty_space][\/vc_column][\/vc_row][vc_row full_width=&#8221;electroluxpro-container-no-padding&#8221;][vc_column][elx_text_image tag_title=&#8221;h1&#8243; class_title=&#8221;h1&#8243; style_image=&#8221;image_square&#8221; columns_proportion=&#8221;three_fifth&#8221; bg_row=&#8221;bg-download-white&#8221; title=&#8221;Server l\u00e6kker mad i en fart med GourmeXpress High Speed 3-i-1 Ovn&#8221; lists=&#8221;%5B%7B%7D%5D&#8221; values=&#8221;%5B%7B%7D%5D&#8221; link=&#8221;url:%23contact_us|title:Kontakt%20os&#8221; single_image=&#8221;26532&#8243;]Leder du efter en kompakt ovn, der kan \u00f8ge din produktivitet i k\u00f8kkenet og reducere tilberedningstiden, s\u00e5 du kan betjene dine kunder hurtigere?<\/p>\n<p>Med den nye professionelle <strong>GourmeXpress High Speed Ovn<\/strong> kan du servere l\u00e6kker mad \u2013 hurtigt og nemt. GourmeXpress bruger nemlig en kombination af <strong>tre forskellige opvarmningsmetoder:<\/strong> Mikroovn, varmluft og kraftig luftbl\u00e6sning (impingement). Denne l\u00f8sning letter din arbejdsgang og giver dig mulighed for at udvide dit udvalg p\u00e5 menuen med l\u00e6kre retter i h\u00f8j, ensartet kvalitet. Dag efter dag. Og uanset hvem der betjener ovnen.[\/elx_text_image][vc_empty_space][\/vc_column][\/vc_row][vc_row full_width=&#8221;electroluxpro-full-width-no-padding&#8221;][vc_column][elx_features_download title=&#8221;&#8221; tag_title=&#8221;h3&#8243; class_title=&#8221;h2&#8243; bg_discover_color=&#8221;bg-download-white&#8221; link_discover_color=&#8221;download-text-blue&#8221; bg_row=&#8221;bg-row-sustainability-green&#8221; values=&#8221;%5B%7B%7D%5D&#8221; discover=&#8221;%5B%7B%7D%5D&#8221; features=&#8221;%5B%7B%22icon_electroluxpro%22%3A%22elx-icon%20icon-circle-savings-green-blue%22%2C%22title_icon%22%3A%22Spar%20energi%22%2C%22text_icon%22%3A%22med%20energisparefunktion%2C%20der%20kun%20bruger%200%2C5kW%20i%20timen*.%20Den%20er%20desuden%20designet%2C%20s%C3%A5%20den%20ikke%20kr%C3%A6ver%20udluftning%2Femh%C3%A6ttemontering.%3Cbr%3E%C2%A0%5Cn%5Cn%3Csub%3E%5Cn*Energisparetilstanden%20kan%20indstilles%20efter%20et%20tidsinterval%2C%20der%20kan%20tilpasses%20(fra%205%20min%20til%2030%20min).%20Det%20tager%20kun%202%C2%BD%20minut%20at%20f%C3%A5%20temperaturen%20op%20p%C3%A5%20260%C2%B0C%20%3C%2Fsub%3E%22%7D%5D&#8221;][\/elx_features_download][\/vc_column][\/vc_row][vc_row full_width=&#8221;electroluxpro-full-width-no-padding&#8221;][vc_column][elx_features_download title=&#8221;Hvad er fordelene ved en High Speed Ovn?&#8221; tag_title=&#8221;h2&#8243; class_title=&#8221;h2&#8243; title_discover=&#8221;Se mere&#8221; bg_discover_color=&#8221;bg-download-white&#8221; link_discover_color=&#8221;download-text-blue&#8221; bg_row=&#8221;bg-row-light-blue&#8221; values=&#8221;%5B%7B%22link_download%22%3A%22url%3Ahttps%253A%252F%252Fwww.electroluxprofessional.com%252Fwp-content%252Fuploads%252F2023%252F07%252FEPR-GourmeXpress_brochure-EN-20230703rev-LR.pdf%7Ctitle%3AGourmeXpress%2520brochure%7Ctarget%3A_blank%22%7D%5D&#8221; discover=&#8221;%5B%7B%22link_discover%22%3A%22url%3A%2523GourmeXpress_high_speed_oven%7Ctitle%3AGourmeXpress%2520Product%2520info%22%7D%2C%7B%22link_discover%22%3A%22url%3Ahttps%253A%252F%252Fwww.electroluxprofessional.com%252Fcommercial-kitchen-equipment%252Fspeedelight-high-speed-cooking-solution%252F%7Ctitle%3ASpeeDelight%2520High%2520Speed%2520Cooking%2520Solution%7Ctarget%3A_blank%22%7D%5D&#8221; features=&#8221;%5B%7B%22icon_electroluxpro%22%3A%22elx-icon%20icon-circle-productivity-liberopro-blue%22%2C%22title_icon%22%3A%22%3Ch3%3EHurtig%20tilberedning%3C%2Fh3%3E%22%2C%22text_icon%22%3A%22af mad i h\u00f8j kvalitet%22%7D%2C%7B%22icon_electroluxpro%22%3A%22elx-icon%20icon-circle-easy-blue%22%2C%22title_icon%22%3A%22%3Ch3%3EUtallige muligheder%3C%2Fh3%3E%22%2C%22text_icon%22%3A%22for at skabe en bred vifte af retter%22%7D%2C%7B%22icon_electroluxpro%22%3A%22elx-icon%20icon-circle-star-perfomance-blue%22%2C%22title_icon%22%3A%22%3Ch3%3EEasy-to-use%3C%2Fh3%3E%22%2C%22text_icon%22%3A%22smarte madlavningsprogrammer og enkel reng\u00f8ringsproces%5Cn%22%7D%5D&#8221;][\/elx_features_download][vc_empty_space][\/vc_column][\/vc_row][vc_row][vc_column][elx_video_text link_video=&#8221;https:\/\/www.youtube.com\/watch?v=qjXhqzSKhuA&#8221; title=&#8221;F\u00e5 inspiration&#8221; bg_row=&#8221;bg-download-white&#8221; image_preview=&#8221;26536&#8243;]<\/p>\n<p style=\"background: white; margin: 0cm 0cm 18.0pt 0cm;\"><span style=\"font-size: 14.5pt; font-family: 'Noto Sans',sans-serif; color: #14133b;\">Her kan du se nogle af de mange forskellige retter, som du lynhurtigt kan stege, grille og genopvarme. Se videoen og f\u00e5 inspiration til din egen menu.<\/span><\/p>\n<p>[\/elx_video_text][\/vc_column][\/vc_row][vc_row full_width=&#8221;electroluxpro-container-no-padding&#8221;][vc_column][vc_empty_space][elx_multiple_columns number_columns=&#8221;4&#8243; tag_title=&#8221;h3&#8243; class_title=&#8221;h2&#8243; text_alignment=&#8221;center&#8221; tag_title_clm=&#8221;h4&#8243; bg_row=&#8221;bg-download-white&#8221; title=&#8221;Hvorfor er GourmeXpress s\u00e5 hurtig?&#8221; values=&#8221;%5B%7B%22title_section%22%3A%22Ekstra%20hurtig%22%2C%22text_section%22%3A%22Mikrob%C3%B8lger%20accelererer%20tilberedningsprocessen%20og%20giver%20hurtig%20og%20effektiv%20servering%20til%20dine%20kunder%20uden%20at%20g%C3%A5%20p%C3%A5%20kompromis%20med%20kvaliteten.%22%7D%2C%7B%22title_section%22%3A%22St%C3%B8rre%20fleksibilitet%22%2C%22text_section%22%3A%22Du%20kan%20tilpasse%20tilberedningsprocessen%20i%20hvert%20trin%20ved%20at%20modulere%20bl%C3%A6serintensiteten%20og%20mikrob%C3%B8lgeprocenten.%20%22%7D%2C%7B%22title_section%22%3A%22Ekstra%20spr%C3%B8d%20og%20grillet%20look%20%22%2C%22text_section%22%3A%22Varmluft-intensiteten%20(forced%20air%20cooking)%20reducerer%20tilberedningstiden%20og%20giver%20lasagne%2C%20pizza%20og%20lignende%20retter%20et%20l%C3%A6kkert%20grillet%20look.%20%22%7D%5D&#8221;]<\/p>\n<p style=\"text-align: center;\">GourmeXpress anvender en kombination af <strong>mikroovn<\/strong>, <strong>varmluft<\/strong> og <strong>kraftig luftbl\u00e6sning<\/strong> (impingement)<br \/>\nS\u00e5 du kan lave mad, grille og genopvarme lynhurtigt.<\/p>\n<p>[\/elx_multiple_columns][\/vc_column][\/vc_row][vc_row full_width=&#8221;electroluxpro-container-no-padding&#8221;][vc_column content_position=&#8221;right&#8221;][elx_text_image number_images=&#8221;n&#8221; style_image=&#8221;image_square&#8221; bg_row=&#8221;bg-download-white&#8221; title=&#8221;Masser af muligheder for din forretning&#8221; lists=&#8221;%5B%7B%7D%5D&#8221; values=&#8221;%5B%7B%7D%5D&#8221; multi_images=&#8221;26533,26534,26535&#8243;]<strong>Food to Go<\/strong>, hvor hurtighed og ensartet mad af h\u00f8j kvalitet og i store m\u00e6ngder er grundpillerne i din forretning<\/p>\n<p><strong>Barer og caf\u00e9er<\/strong>, der serverer mad hele dagen lang<\/p>\n<p><strong>Restauranter,<\/strong> h\u00e5ndtering af spidsbelastning<\/p>\n<p><strong>Hoteller<\/strong>, der kr\u00e6ver en hurtig, brugervenlig l\u00f8sning &#8211; ogs\u00e5 uden for normal restauranttid[\/elx_text_image][\/vc_column][\/vc_row][vc_row full_width=&#8221;electroluxpro-container-no-padding&#8221;][vc_column][elx_product_showcase number_columns=&#8221;3&#8243; order_col1=&#8221;1&#8243; image_col1=&#8221;26537&#8243; order_col2=&#8221;2&#8243; image_col2=&#8221;26539&#8243; order_col3=&#8221;3&#8243; image_col3=&#8221;26541&#8243; order_col4=&#8221;4&#8243; bg_row=&#8221;bg-download-white&#8221; title=&#8221;High Speed tilberedning med uendelige muligheder&#8230;&#8221; title_col1=&#8221;<\/p>\n<h3>Hot Wings<\/h3>\n<p>&#8221; subtitle_col1=&#8221;Tilberedt p\u00e5 1 1\/2 minut&#8221; title_col2=&#8221;<\/p>\n<h3>Frisk laksefilet<\/h3>\n<p>&#8221; subtitle_col2=&#8221;Tilberedt p\u00e5 2 minutter&#8221; title_col3=&#8221;<\/p>\n<h3>Opvarmet Lasagne<\/h3>\n<p>&#8221; subtitle_col3=&#8221;Tilberedt p\u00e5 2 minutter&#8221;][vc_empty_space][\/vc_column][\/vc_row][vc_row full_width=&#8221;electroluxpro-container-no-padding&#8221; disable_element=&#8221;yes&#8221;][vc_column][elx_product_showcase number_columns=&#8221;3&#8243; order_col1=&#8221;1&#8243; image_col1=&#8221;26538&#8243; order_col2=&#8221;2&#8243; image_col2=&#8221;26540&#8243; order_col3=&#8221;3&#8243; image_col3=&#8221;26542&#8243; order_col4=&#8221;4&#8243; title=&#8221;Discover our range of accessories developed for GourmeXpress&#8221; subtitle_col1=&#8221;Aluminium oven shovel&#8221; subtitle_col2=&#8221;Teflon mesh basket&#8221; subtitle_col3=&#8221;Teflon tray&#8221;][\/vc_column][\/vc_row][vc_row full_width=&#8221;electroluxpro-container-no-padding&#8221; disable_element=&#8221;yes&#8221;][vc_column width=&#8221;1\/3&#8243;][elx_shop_now button_text=&#8221;SHOP NOW&#8221; button_display_block=&#8221;display_block_on&#8221; button_alignment=&#8221;align_center&#8221;][\/vc_column][vc_column width=&#8221;1\/3&#8243;][elx_shop_now button_text=&#8221;SHOP NOW&#8221; button_display_block=&#8221;display_block_on&#8221; button_alignment=&#8221;align_center&#8221;][\/vc_column][vc_column width=&#8221;1\/3&#8243;][elx_shop_now button_text=&#8221;SHOP NOW&#8221; button_display_block=&#8221;display_block_on&#8221; button_alignment=&#8221;align_center&#8221;][\/vc_column][\/vc_row][vc_row full_width=&#8221;electroluxpro-container-no-padding&#8221;][vc_column][vc_empty_space][\/vc_column][\/vc_row][vc_row el_id=&#8221;GourmeXpress_high_speed_oven&#8221;][vc_column][\/vc_column][\/vc_row][vc_row el_id=&#8221;contact_us&#8221;][vc_column][elx_heading text_color=&#8221;inherit&#8221; text_align=&#8221;text-center&#8221;]Kontakt os for at modtage mere information om<br \/>\nGourmeXpress High Speed Ovn[\/elx_heading][vc_empty_space][elx_o2000_contact_us s=&#8221;Anmodning om kontakt fra hjemmesiden (GourmeXpress, high speed ovn)&#8221; flag_hide_request_type=&#8221;true&#8221; country=&#8221;Denmark&#8221; b=&#8221;food&#8221; postion_button=&#8221;text-left&#8221; postion_button_mobile=&#8221;text-left-mobile&#8221; r=&#8221;Jeg vil gerne h\u00f8re mere om GourmeXpress, High Speed ovn. Venligst kontakt mig.&#8221;][\/vc_column][\/vc_row][vc_row full_width=&#8221;electroluxpro-container-no-padding&#8221;][vc_column][vc_empty_space][elx_multiple_columns number_columns=&#8221;4&#8243; title=&#8221;Find din komplette l\u00f8sning&#8221; values=&#8221;%5B%7B%22image_section%22%3A%2226543%22%2C%22title_section%22%3A%22%3Ch3%3EFood%20to%20go%3C%2Fh3%3E%22%2C%22text_section%22%3A%22V%C3%A6r%20effektiv%2C%20v%C3%A6r%20hurtigere.%20Se%20vores%20High%20Speed%20l%C3%B8sning%20SpeeDelight.%22%2C%22link_section%22%3A%22url%3Ahttps%253A%252F%252Fwww.electroluxprofessional.com%252Fdk%252Fspeedelight-paninigrill%252F%7Ctitle%3AS%25C3%25A6t%2520fart%2520p%25C3%25A5%2520dit%2520k%25C3%25B8kken%7Ctarget%3A_blank%22%7D%2C%7B%22image_section%22%3A%2226544%22%2C%22title_section%22%3A%22%3Ch3%3EBar%20of%20Caf%C3%A9%3C%2Fh3%3E%22%2C%22text_section%22%3A%22Se%20Electrolux%20Professional-l%C3%B8sninger%2C%20der%20passer%20perfekt%20til%20barer%20og%20caf%C3%A9er.%22%2C%22link_section%22%3A%22url%3Ahttps%253A%252F%252Fwww.electroluxprofessional.com%252Fdk%252Fcafe-bar%252F%7Ctitle%3AFind%2520den%2520bedste%2520l%25C3%25B8sning%7Ctarget%3A_blank%22%7D%2C%7B%22image_section%22%3A%2226545%22%2C%22title_section%22%3A%22%3Ch3%3ERestauranter%3C%2Fh3%3E%22%2C%22text_section%22%3A%22Se%20vores%20store%20udvalg%20i%20l%C3%B8sninger%20til%20restauranter%22%2C%22link_section%22%3A%22url%3Ahttps%253A%252F%252Fwww.electroluxprofessional.com%252Fdk%252Frestaurant%252F%7Ctitle%3ASe%2520vores%2520l%25C3%25B8sninger%2520til%2520restauranter%7Ctarget%3A_blank%22%7D%5D&#8221;][\/elx_multiple_columns][\/vc_column][\/vc_row]<\/p>\n","protected":false},"excerpt":{"rendered":"<p>[vc_row full_width=&#8221;electroluxpro-full-width-no-padding&#8221;][vc_column][elx_image_block background_image=&#8221;26531&#8243; minimum_height=&#8221;400px&#8221;][vc_empty_space][\/vc_column][\/vc_row][vc_row full_width=&#8221;electroluxpro-container-no-padding&#8221;][vc_column][elx_text_image tag_title=&#8221;h1&#8243; class_title=&#8221;h1&#8243; style_image=&#8221;image_square&#8221; columns_proportion=&#8221;three_fifth&#8221; bg_row=&#8221;bg-download-white&#8221; title=&#8221;Server l\u00e6kker mad i en fart med GourmeXpress High Speed 3-i-1 Ovn&#8221; lists=&#8221;%5B%7B%7D%5D&#8221; values=&#8221;%5B%7B%7D%5D&#8221; link=&#8221;url:%23contact_us|title:Kontakt%20os&#8221; single_image=&#8221;26532&#8243;]Leder du efter en kompakt ovn, der kan \u00f8ge din produktivitet i k\u00f8kkenet og reducere tilberedningstiden, s\u00e5 du kan betjene dine kunder hurtigere? Med den nye professionelle GourmeXpress High Speed [&hellip;]<\/p>\n","protected":false},"author":64,"featured_media":26530,"parent":0,"menu_order":0,"comment_status":"closed","ping_status":"closed","template":"","meta":{"footnotes":""},"class_list":["post-26634","page","type-page","status-publish","has-post-thumbnail","hentry"],"acf":[],"yoast_head":"<!-- This site is optimized with the Yoast SEO plugin v23.3 - https:\/\/yoast.com\/wordpress\/plugins\/seo\/ -->\n<title>GourmeXpress high speed ovn - Electrolux Professional Danmark<\/title>\n<meta name=\"description\" content=\"With the professional tabletop GourmetXpress high speed oven you can serve delicious food in a fast and easy way. Discover how!\" \/>\n<meta name=\"robots\" content=\"index, follow, max-snippet:-1, max-image-preview:large, max-video-preview:-1\" \/>\n<link rel=\"canonical\" href=\"https:\/\/www.electroluxprofessional.com\/dk\/gourmexpress-high-speed-ovn\/\" \/>\n<meta property=\"og:locale\" content=\"da_DK\" \/>\n<meta property=\"og:type\" content=\"article\" \/>\n<meta property=\"og:title\" content=\"GourmeXpress high speed ovn - Electrolux Professional Danmark\" \/>\n<meta property=\"og:description\" content=\"With the professional tabletop GourmetXpress high speed oven you can serve delicious food in a fast and easy way. Discover how!\" \/>\n<meta property=\"og:url\" content=\"https:\/\/www.electroluxprofessional.com\/dk\/gourmexpress-high-speed-ovn\/\" \/>\n<meta property=\"og:site_name\" content=\"Electrolux Professional Danmark\" \/>\n<meta property=\"article:modified_time\" content=\"2025-11-05T16:51:44+00:00\" \/>\n<meta property=\"og:image\" content=\"https:\/\/www.electroluxprofessional.com\/dk\/wp-content\/uploads\/2023\/09\/GourmeXpress-966x712-1.jpg\" \/>\n\t<meta property=\"og:image:width\" content=\"966\" \/>\n\t<meta property=\"og:image:height\" content=\"712\" \/>\n\t<meta property=\"og:image:type\" content=\"image\/jpeg\" \/>\n<meta name=\"twitter:card\" content=\"summary_large_image\" \/>\n<meta name=\"twitter:label1\" content=\"Estimeret l\u00e6setid\" \/>\n\t<meta name=\"twitter:data1\" content=\"5 minutter\" \/>\n<script type=\"application\/ld+json\" class=\"yoast-schema-graph\">{\"@context\":\"https:\/\/schema.org\",\"@graph\":[{\"@type\":\"WebPage\",\"@id\":\"https:\/\/www.electroluxprofessional.com\/dk\/gourmexpress-high-speed-ovn\/\",\"url\":\"https:\/\/www.electroluxprofessional.com\/dk\/gourmexpress-high-speed-ovn\/\",\"name\":\"GourmeXpress high speed ovn - Electrolux Professional Danmark\",\"isPartOf\":{\"@id\":\"https:\/\/www.electroluxprofessional.com\/dk\/#website\"},\"primaryImageOfPage\":{\"@id\":\"https:\/\/www.electroluxprofessional.com\/dk\/gourmexpress-high-speed-ovn\/#primaryimage\"},\"image\":{\"@id\":\"https:\/\/www.electroluxprofessional.com\/dk\/gourmexpress-high-speed-ovn\/#primaryimage\"},\"thumbnailUrl\":\"https:\/\/www.electroluxprofessional.com\/dk\/wp-content\/uploads\/2023\/09\/GourmeXpress-966x712-1.jpg\",\"datePublished\":\"2023-09-25T14:27:43+00:00\",\"dateModified\":\"2025-11-05T16:51:44+00:00\",\"description\":\"With the professional tabletop GourmetXpress high speed oven you can serve delicious food in a fast and easy way. Discover how!\",\"breadcrumb\":{\"@id\":\"https:\/\/www.electroluxprofessional.com\/dk\/gourmexpress-high-speed-ovn\/#breadcrumb\"},\"inLanguage\":\"da-DK\",\"potentialAction\":[{\"@type\":\"ReadAction\",\"target\":[\"https:\/\/www.electroluxprofessional.com\/dk\/gourmexpress-high-speed-ovn\/\"]}]},{\"@type\":\"ImageObject\",\"inLanguage\":\"da-DK\",\"@id\":\"https:\/\/www.electroluxprofessional.com\/dk\/gourmexpress-high-speed-ovn\/#primaryimage\",\"url\":\"https:\/\/www.electroluxprofessional.com\/dk\/wp-content\/uploads\/2023\/09\/GourmeXpress-966x712-1.jpg\",\"contentUrl\":\"https:\/\/www.electroluxprofessional.com\/dk\/wp-content\/uploads\/2023\/09\/GourmeXpress-966x712-1.jpg\",\"width\":966,\"height\":712,\"caption\":\"GourmeXpress high speed oven\"},{\"@type\":\"BreadcrumbList\",\"@id\":\"https:\/\/www.electroluxprofessional.com\/dk\/gourmexpress-high-speed-ovn\/#breadcrumb\",\"itemListElement\":[{\"@type\":\"ListItem\",\"position\":1,\"name\":\"Home\",\"item\":\"https:\/\/www.electroluxprofessional.com\/dk\/\"},{\"@type\":\"ListItem\",\"position\":2,\"name\":\"GourmeXpress high speed ovn\"}]},{\"@type\":\"WebSite\",\"@id\":\"https:\/\/www.electroluxprofessional.com\/dk\/#website\",\"url\":\"https:\/\/www.electroluxprofessional.com\/dk\/\",\"name\":\"Electrolux Professional Danmark\",\"description\":\"\",\"potentialAction\":[{\"@type\":\"SearchAction\",\"target\":{\"@type\":\"EntryPoint\",\"urlTemplate\":\"https:\/\/www.electroluxprofessional.com\/dk\/?src={search_term_string}\"},\"query-input\":\"required name=search_term_string\"}],\"inLanguage\":\"da-DK\"}]}<\/script>\n<!-- \/ Yoast SEO plugin. -->","yoast_head_json":{"title":"GourmeXpress high speed ovn - Electrolux Professional Danmark","description":"With the professional tabletop GourmetXpress high speed oven you can serve delicious food in a fast and easy way. Discover how!","robots":{"index":"index","follow":"follow","max-snippet":"max-snippet:-1","max-image-preview":"max-image-preview:large","max-video-preview":"max-video-preview:-1"},"canonical":"https:\/\/www.electroluxprofessional.com\/dk\/gourmexpress-high-speed-ovn\/","og_locale":"da_DK","og_type":"article","og_title":"GourmeXpress high speed ovn - Electrolux Professional Danmark","og_description":"With the professional tabletop GourmetXpress high speed oven you can serve delicious food in a fast and easy way. Discover how!","og_url":"https:\/\/www.electroluxprofessional.com\/dk\/gourmexpress-high-speed-ovn\/","og_site_name":"Electrolux Professional Danmark","article_modified_time":"2025-11-05T16:51:44+00:00","og_image":[{"width":966,"height":712,"url":"https:\/\/www.electroluxprofessional.com\/dk\/wp-content\/uploads\/2023\/09\/GourmeXpress-966x712-1.jpg","type":"image\/jpeg"}],"twitter_card":"summary_large_image","twitter_misc":{"Estimeret l\u00e6setid":"5 minutter"},"schema":{"@context":"https:\/\/schema.org","@graph":[{"@type":"WebPage","@id":"https:\/\/www.electroluxprofessional.com\/dk\/gourmexpress-high-speed-ovn\/","url":"https:\/\/www.electroluxprofessional.com\/dk\/gourmexpress-high-speed-ovn\/","name":"GourmeXpress high speed ovn - Electrolux Professional Danmark","isPartOf":{"@id":"https:\/\/www.electroluxprofessional.com\/dk\/#website"},"primaryImageOfPage":{"@id":"https:\/\/www.electroluxprofessional.com\/dk\/gourmexpress-high-speed-ovn\/#primaryimage"},"image":{"@id":"https:\/\/www.electroluxprofessional.com\/dk\/gourmexpress-high-speed-ovn\/#primaryimage"},"thumbnailUrl":"https:\/\/www.electroluxprofessional.com\/dk\/wp-content\/uploads\/2023\/09\/GourmeXpress-966x712-1.jpg","datePublished":"2023-09-25T14:27:43+00:00","dateModified":"2025-11-05T16:51:44+00:00","description":"With the professional tabletop GourmetXpress high speed oven you can serve delicious food in a fast and easy way. Discover how!","breadcrumb":{"@id":"https:\/\/www.electroluxprofessional.com\/dk\/gourmexpress-high-speed-ovn\/#breadcrumb"},"inLanguage":"da-DK","potentialAction":[{"@type":"ReadAction","target":["https:\/\/www.electroluxprofessional.com\/dk\/gourmexpress-high-speed-ovn\/"]}]},{"@type":"ImageObject","inLanguage":"da-DK","@id":"https:\/\/www.electroluxprofessional.com\/dk\/gourmexpress-high-speed-ovn\/#primaryimage","url":"https:\/\/www.electroluxprofessional.com\/dk\/wp-content\/uploads\/2023\/09\/GourmeXpress-966x712-1.jpg","contentUrl":"https:\/\/www.electroluxprofessional.com\/dk\/wp-content\/uploads\/2023\/09\/GourmeXpress-966x712-1.jpg","width":966,"height":712,"caption":"GourmeXpress high speed oven"},{"@type":"BreadcrumbList","@id":"https:\/\/www.electroluxprofessional.com\/dk\/gourmexpress-high-speed-ovn\/#breadcrumb","itemListElement":[{"@type":"ListItem","position":1,"name":"Home","item":"https:\/\/www.electroluxprofessional.com\/dk\/"},{"@type":"ListItem","position":2,"name":"GourmeXpress high speed ovn"}]},{"@type":"WebSite","@id":"https:\/\/www.electroluxprofessional.com\/dk\/#website","url":"https:\/\/www.electroluxprofessional.com\/dk\/","name":"Electrolux Professional Danmark","description":"","potentialAction":[{"@type":"SearchAction","target":{"@type":"EntryPoint","urlTemplate":"https:\/\/www.electroluxprofessional.com\/dk\/?src={search_term_string}"},"query-input":"required name=search_term_string"}],"inLanguage":"da-DK"}]}},"_links":{"self":[{"href":"https:\/\/www.electroluxprofessional.com\/dk\/wp-json\/wp\/v2\/pages\/26634"}],"collection":[{"href":"https:\/\/www.electroluxprofessional.com\/dk\/wp-json\/wp\/v2\/pages"}],"about":[{"href":"https:\/\/www.electroluxprofessional.com\/dk\/wp-json\/wp\/v2\/types\/page"}],"author":[{"embeddable":true,"href":"https:\/\/www.electroluxprofessional.com\/dk\/wp-json\/wp\/v2\/users\/64"}],"replies":[{"embeddable":true,"href":"https:\/\/www.electroluxprofessional.com\/dk\/wp-json\/wp\/v2\/comments?post=26634"}],"version-history":[{"count":6,"href":"https:\/\/www.electroluxprofessional.com\/dk\/wp-json\/wp\/v2\/pages\/26634\/revisions"}],"predecessor-version":[{"id":30740,"href":"https:\/\/www.electroluxprofessional.com\/dk\/wp-json\/wp\/v2\/pages\/26634\/revisions\/30740"}],"wp:featuredmedia":[{"embeddable":true,"href":"https:\/\/www.electroluxprofessional.com\/dk\/wp-json\/wp\/v2\/media\/26530"}],"wp:attachment":[{"href":"https:\/\/www.electroluxprofessional.com\/dk\/wp-json\/wp\/v2\/media?parent=26634"}],"curies":[{"name":"wp","href":"https:\/\/api.w.org\/{rel}","templated":true}]}}