{"id":26603,"date":"2025-08-13T11:17:44","date_gmt":"2025-08-13T11:17:44","guid":{"rendered":"https:\/\/www.electroluxprofessional.com\/dk\/?page_id=26603"},"modified":"2025-08-18T13:24:47","modified_gmt":"2025-08-18T13:24:47","slug":"afkalkningstabs_vaskemaskiner","status":"publish","type":"page","link":"https:\/\/www.electroluxprofessional.com\/dk\/afkalkningstabs_vaskemaskiner\/","title":{"rendered":"Afkalkningstabs til vaskemaskiner"},"content":{"rendered":"<p>[vc_row full_width=&#8221;electroluxpro-full-width-no-padding&#8221; css=&#8221;.vc_custom_1697706942033{margin-top: -30px !important;}&#8221;][vc_column][elx_full_banner title=&#8221;Hold din vaskemaskine i topform med effektiv afkalkning.&#8221; set_as_h1=&#8221;true&#8221; background_image_media_library=&#8221;26855&#8243; background_image_media_library_mobile=&#8221;26853&#8243;][\/vc_column][\/vc_row][vc_row matched_labels=&#8221;&#8221; css=&#8221;.vc_custom_1755523454886{margin-top: 60px !important;}&#8221;][vc_column][elx_heading font_size=&#8221;h1&#8243; text_color=&#8221;inherit&#8221; css=&#8221;.vc_custom_1755523432945{margin-top: 60px !important;}&#8221;]Afkalkningstabs til vaskemaskiner<br \/>\nfor en renere maskine og en markant l\u00e6ngere holdbarhed[\/elx_heading][\/vc_column][\/vc_row][vc_row matched_labels=&#8221;&#8221; css=&#8221;.vc_custom_1755523472772{margin-top: 40px !important;}&#8221;][vc_column width=&#8221;2\/3&#8243;][vc_empty_space height=&#8221;10px&#8221;][vc_column_text css=&#8221;.vc_custom_1697638985491{margin-bottom: 20px !important;}&#8221; el_class=&#8221;p-16&#8243;]T\u00e6nker du p\u00e5 <strong>holdbarhed<\/strong> &#8211; og <strong>lavere omkostninger<\/strong> til vedligeholdelse?<\/p>\n<p>Kalk i vaskemaskiner <strong>reducere din maskines levetid<\/strong>, p\u00e5virker <strong>vaskeresultatet negativt<\/strong> samt <strong>\u00f8ger vasketiden<\/strong> og ikke mindst <strong>energiforbruget<\/strong>. Det er derfor en rigtig god id\u00e9 at afkalke din vaskemaskine mindst \u00e9n gang om m\u00e5neden.[\/vc_column_text][vc_column_text css=&#8221;.vc_custom_1697639042807{margin-top: 30px !important;margin-right: 0px !important;margin-bottom: 30px !important;margin-left: 0px !important;padding-top: 30px !important;padding-right: 30px !important;padding-bottom: 30px !important;padding-left: 30px !important;background-color: #e8e8e8 !important;}&#8221; el_class=&#8221;p-16&#8243;]Vaskemaskiner der <strong>l\u00f8bende afkalkes<\/strong> har en l\u00e6ngere<strong> levetid<\/strong>, lavere <strong>serviceomkostninger<\/strong>, f\u00e6rre <strong>driftsstop<\/strong> og et <strong>lavere vand- og energiforbrug<\/strong>. Det er derfor en meget rentabel indsats, at afkalke dine vaskemaskiner \u00e9n gang om m\u00e5neden.<\/p>\n<p>Med vores <strong>afkalkningstabs C25<\/strong>, har vi gjort det<strong> let og enkelt<\/strong> af foretage afkalkningen og rens af maskinen.<\/p>\n<p>Afkalkningstab C25 kan anvendes til alle vores professionelle vaskmaskiner samt hele vores myPRO-serie.<\/p>\n<p>Se vores vejledning nedenfor.[\/vc_column_text][\/vc_column][vc_column width=&#8221;1\/3&#8243;][vc_single_image image=&#8221;26611&#8243; img_size=&#8221;full&#8221;][vc_empty_space height=&#8221;10px&#8221;][vc_column_text][\/vc_column_text][\/vc_column][\/vc_row][vc_row css=&#8221;.vc_custom_1697639194052{margin-top: 60px !important;padding-bottom: 40px !important;background-color: #041e41 !important;}&#8221;][vc_column][vc_empty_space][elx_heading font_size=&#8221;h1&#8243; text_color=&#8221;white&#8221;]6 trin til en mere holdbar vaskemaskine[\/elx_heading][\/vc_column][\/vc_row][vc_row css=&#8221;.vc_custom_1697638619054{background-color: #041e41 !important;}&#8221;][vc_column width=&#8221;1\/3&#8243;][elx_heading font_container=&#8221;h6&#8243; text_color=&#8221;white&#8221;]1. \u00c5ben maskinens l\u00e5ge[\/elx_heading][vc_empty_space height=&#8221;20px&#8221;][elx_image_block background_image=&#8221;26859&#8243; minimum_height=&#8221;200px&#8221;][vc_column_text css=&#8221;.vc_custom_1697638691976{margin-top: 20px !important;margin-bottom: 20px !important;}&#8221; el_class=&#8221;p-16-white&#8221;]Maskinen skal v\u00e6re tom for t\u00f8j[\/vc_column_text][\/vc_column][vc_column width=&#8221;1\/3&#8243;][elx_heading font_container=&#8221;h6&#8243; text_color=&#8221;white&#8221;]2. Brug 3 afkalkningstabs[\/elx_heading][vc_empty_space height=&#8221;20px&#8221;][elx_image_block background_image=&#8221;26856&#8243; minimum_height=&#8221;200px&#8221;][vc_column_text css=&#8221;.vc_custom_1697638729185{margin-top: 20px !important;margin-bottom: 20px !important;}&#8221; el_class=&#8221;p-16-white&#8221;]Udpak 3 afkalkningstabs og l\u00e6g dem i den tomme vasketromle[\/vc_column_text][\/vc_column][vc_column width=&#8221;1\/3&#8243;][elx_heading font_container=&#8221;h6&#8243; text_color=&#8221;white&#8221;]3. Luk l\u00e5gen[\/elx_heading][vc_empty_space height=&#8221;20px&#8221;][elx_image_block background_image=&#8221;26857&#8243; minimum_height=&#8221;200px&#8221;][vc_column_text css=&#8221;.vc_custom_1697638769244{margin-top: 20px !important;margin-bottom: 20px !important;}&#8221; el_class=&#8221;p-16-white&#8221;]N\u00e5r l\u00e5gen er lukket er maskinen klar til at blive startet[\/vc_column_text][\/vc_column][\/vc_row][vc_row css=&#8221;.vc_custom_1697639112889{padding-top: 30px !important;padding-bottom: 40px !important;background-color: #041e41 !important;}&#8221;][vc_column width=&#8221;1\/3&#8243;][elx_heading font_container=&#8221;h6&#8243; text_color=&#8221;white&#8221;]4. Start et 60 graders vaskeprogram[\/elx_heading][vc_empty_space height=&#8221;20px&#8221;][elx_image_block background_image=&#8221;26858&#8243; minimum_height=&#8221;200px&#8221;][vc_column_text css=&#8221;.vc_custom_1697638808334{margin-top: 20px !important;margin-bottom: 20px !important;}&#8221; el_class=&#8221;p-16-white&#8221;]Anvend et almindeligt 60 graders program uden forvask.[\/vc_column_text][\/vc_column][vc_column width=&#8221;1\/3&#8243;][elx_heading font_container=&#8221;h6&#8243; text_color=&#8221;white&#8221;]5. Vaskemaskinen er klar![\/elx_heading][vc_empty_space height=&#8221;20px&#8221;][elx_image_block background_image=&#8221;26859&#8243; minimum_height=&#8221;200px&#8221;][vc_column_text css=&#8221;.vc_custom_1697638863503{margin-top: 20px !important;margin-bottom: 20px !important;}&#8221; el_class=&#8221;p-16-white&#8221;]N\u00e5r vaskeprogrammet er f\u00e6rdigt, er maskinen effektivt renset for kalk og s\u00e6berester &#8211; og klar til brug.[\/vc_column_text][\/vc_column][vc_column width=&#8221;1\/3&#8243;][elx_heading font_container=&#8221;h6&#8243; text_color=&#8221;white&#8221;]6. Gentag \u00e9n gang om m\u00e5neden[\/elx_heading][vc_empty_space height=&#8221;20px&#8221;][vc_column_text css=&#8221;.vc_custom_1697638884758{margin-bottom: 20px !important;}&#8221; el_class=&#8221;p-16-white&#8221;]For at sikre, at din vaskemaskinen er i topform, b\u00f8r maskinen afkalkes \u00e9n gang om m\u00e5neden. P\u00e5 den m\u00e5de opn\u00e5r du l\u00e6ngst mulig holdbarhed p\u00e5 maskinen samt en mere problemfri drift.[\/vc_column_text][\/vc_column][vc_column][\/vc_column][\/vc_row][vc_row css=&#8221;.vc_custom_1697698466743{margin-top: 80px !important;}&#8221;][vc_column width=&#8221;1\/4&#8243;][vc_single_image image=&#8221;26639&#8243; img_size=&#8221;full&#8221; alignment=&#8221;center&#8221;][vc_empty_space][\/vc_column][vc_column width=&#8221;3\/4&#8243;][vc_row_inner][vc_column_inner][elx_heading text_color=&#8221;inherit&#8221;]S\u00e5dan bestiller du vores afkalkningstab C25[\/elx_heading][vc_empty_space height=&#8221;10px&#8221;][vc_column_text css=&#8221;.vc_custom_1697698456223{margin-bottom: 20px !important;}&#8221; el_class=&#8221;p-16&#8243;]Du kan enten kontakte os via nedenst\u00e5ende formular eller via f\u00f8lgende kontakter:<\/p>\n<p><strong>Reservedelsafdeling tlf. 6376 2222 eller <a href=\"mailto:reservedele.dk@electroluxprofessional.com\">reservedele.dk@electroluxprofessional.com<\/a><\/strong><\/p>\n<p>Har du sp\u00f8rgsm\u00e5l til vores afkalkningsl\u00f8sninger, s\u00e5 er du velkommen til at kontakte vores ekspert Jonathan Hansen p\u00e5 tlf. 2048 7885[\/vc_column_text][vc_empty_space][elx_o2000_contact_us s=&#8221;Afkalkningstabs C25 til vaskemaskiner&#8221; campaign=&#8221;7015p000000oOKBAA2&#8243; text_send_button=&#8221;Bestil afkalkningstabs eller f\u00e5 mere at vide&#8221; request_type=&#8221;Quotation&#8221; flag_hide_request_type=&#8221;true&#8221; country=&#8221;Denmark&#8221; b=&#8221;laundry&#8221; compact_view=&#8221;1&#8243; button_mode=&#8221;true&#8221; postion_button=&#8221;text-left&#8221; postion_button_mobile=&#8221;text-left-mobile&#8221; r=&#8221;Jeg vil gerne kontaktes vedr\u00f8rende afkalkningstabs til professionelle vaskemaskiner&#8221; text_btn_contact=&#8221;H\u00f8r mere eller bestil afkalkningstabs&#8221;][\/vc_column_inner][\/vc_row_inner][\/vc_column][\/vc_row][vc_row disable_element=&#8221;yes&#8221; css=&#8221;.vc_custom_1687986068660{background-color: #eeeeee !important;}&#8221;][vc_column][vc_empty_space][elx_download_block text=&#8221;Svanenm\u00e4rkt Tv\u00e4ttmedel Gentle L07<br \/>\nLadda ned Produktblad&#8221; document_type=&#8221;data-sheets&#8221; file_picker=&#8221;12184&#8243; background_color=&#8221;laundry-solutions&#8221;][elx_download_block text=&#8221;Svanenm\u00e4rkt Blekmedel L08<br \/>\nLadda ned Produktblad&#8221; document_type=&#8221;data-sheets&#8221; file_picker=&#8221;12184&#8243; background_color=&#8221;laundry-solutions&#8221;][elx_download_block text=&#8221;Svanenm\u00e4rkt Mjukmedel L09<br \/>\nLadda ned Produktblad&#8221; document_type=&#8221;data-sheets&#8221; file_picker=&#8221;12184&#8243; background_color=&#8221;laundry-solutions&#8221;][vc_empty_space][elx_heading text_color=&#8221;inherit&#8221;]Fem anledningar varf\u00f6r du ska v\u00e4lja Automatisk dosering[\/elx_heading][vc_empty_space height=&#8221;10px&#8221;][elx_text_image style_image=&#8221;image_square&#8221; lists=&#8221;%5B%7B%7D%5D&#8221; values=&#8221;%5B%7B%7D%5D&#8221;]1. Mycket b\u00e4ttre f\u00f6r milj\u00f6n. Ingen \u00f6verdosering utan endast perfekt m\u00e4ngd medel baserat p\u00e5 tv\u00e4ttprogram och tv\u00e4ttens vikt.<br \/>\n2. Inga allergiska reaktioner f\u00f6r att grannen har \u00f6verdoserat innan och att gammalt tv\u00e4ttmedel \u00e4r kvar i tv\u00e4ttmaskin och torktumlare.<br \/>\n3. Minimerade utgifter f\u00f6r att \u00e5tg\u00e4rda stopp i avlopp, trasiga maskiner och igensatta filter p\u00e5 torktumlare m.m.<br \/>\n4. Stora besparingar av st\u00e4dning i tv\u00e4ttstugan. En renare tv\u00e4ttstuga utan gammalt tv\u00e4ttmedel och gamla f\u00f6rpackningar.<br \/>\n5. Kl\u00e4der h\u00e5ller betydligt l\u00e4ngre, b\u00e5de i f\u00e4rg och material, m a o slipper man f\u00f6rtidigt utslitna kl\u00e4der[\/elx_text_image][\/vc_column][\/vc_row][vc_row css=&#8221;.vc_custom_1697698355942{margin-top: 60px !important;padding-top: 40px !important;background-color: #dadfe1 !important;}&#8221;][vc_column][elx_heading text_color=&#8221;inherit&#8221; text_align=&#8221;text-center&#8221;]Vi har ogs\u00e5 et stort udvalg i s\u00e6bepumper og svanem\u00e6rkede s\u00e6ber til automatisk dosering[\/elx_heading][\/vc_column][\/vc_row][vc_row css=&#8221;.vc_custom_1724937425896{padding-top: 20px !important;padding-bottom: 30px !important;background-color: #dadfe1 !important;}&#8221;][vc_column width=&#8221;1\/3&#8243;][elx_heading font_container=&#8221;h5&#8243; text_color=&#8221;inherit&#8221;]Find den rigtige doseringspumpe til dit behov[\/elx_heading][vc_empty_space height=&#8221;10px&#8221;][vc_column_text el_class=&#8221;p-16&#8243;]For automatisk at dosere den rigtige m\u00e6ngde vaskemiddel i forhold til vasket\u00f8jets v\u00e6gt \u2013 v\u00e6lg en af \u200b\u200bvores to doseringspumpe muligheder, JETSAVE eller DOSAVE.[\/vc_column_text][vc_empty_space][elx_button button_text=&#8221;Mere om vores doseringspumper&#8221; button_link=&#8221;url:https%3A%2F%2Fwww.electroluxprofessional.com%2Fdk%2Fautomatisk-saebedosering%2F|title:Se%20vores%20doseringspumper&#8221;][vc_row_inner][vc_column_inner offset=&#8221;vc_hidden-lg vc_hidden-md vc_hidden-sm&#8221;][vc_empty_space][\/vc_column_inner][\/vc_row_inner][\/vc_column][vc_column width=&#8221;1\/3&#8243;][vc_empty_space height=&#8221;10px&#8221;][elx_image_block background_image=&#8221;26598&#8243; minimum_height=&#8221;300px&#8221;][\/vc_column][vc_column width=&#8221;1\/3&#8243;][elx_heading font_container=&#8221;h5&#8243; text_color=&#8221;inherit&#8221;]Svanem\u00e6rkede s\u00e6bel\u00f8sninger[\/elx_heading][vc_empty_space height=&#8221;40px&#8221;][vc_column_text el_class=&#8221;p-16&#8243;]Vores vaskemiddel er udviklet af eksperter til professionelle maskiner og tilbyder den h\u00f8jeste kvalitet og effektivitet. Den nordiske Svane-certificering garanterer en lav milj\u00f8belastning.[\/vc_column_text][vc_empty_space][elx_button button_text=&#8221;Mere om vores s\u00e6bel\u00f8sninger&#8221; button_link=&#8221;url:https%3A%2F%2Fwww.electroluxprofessional.com%2Fdk%2Fvaskemidler%2F&#8221;][\/vc_column][\/vc_row][vc_row css=&#8221;.vc_custom_1697698101550{margin-top: 60px !important;}&#8221;][vc_column][elx_heading font_container=&#8221;h3&#8243; font_size=&#8221;h3&#8243; text_color=&#8221;inherit&#8221;]Du er m\u00e5ske ogs\u00e5 interesseret i:[\/elx_heading][\/vc_column][\/vc_row][vc_row css=&#8221;.vc_custom_1697698602401{margin-top: 30px !important;margin-bottom: 60px !important;}&#8221;][vc_column width=&#8221;1\/3&#8243;][vc_single_image image=&#8221;916&#8243; img_size=&#8221;360&#215;210&#8243; alignment=&#8221;center&#8221; css=&#8221;.vc_custom_1582032396150{margin-bottom: 32px !important;}&#8221;][elx_heading font_container=&#8221;h4&#8243; text_color=&#8221;inherit&#8221; css=&#8221;.vc_custom_1582032437390{padding-top: 12px !important;padding-bottom: 0px !important;}&#8221;]Effektive vaskemaskiner med optimal ergonomi[\/elx_heading][vc_column_text el_class=&#8221;p-16&#8243; css=&#8221;.vc_custom_1697697307434{margin-top: 0px !important;}&#8221;]Sidebetjente vaskemaskiner med kapacitet til at opfylde selv de mest kr\u00e6vende behov.<br \/>\n<strong><a href=\"https:\/\/www.electroluxprofessional.com\/dk\/sidebetjente-vaskemaskiner\/\">Se vores brede sortiment<\/a><\/strong>[\/vc_column_text][vc_empty_space][\/vc_column][vc_column width=&#8221;1\/3&#8243;][vc_single_image image=&#8221;18341&#8243; img_size=&#8221;360&#215;210&#8243; alignment=&#8221;center&#8221; css=&#8221;.vc_custom_1606296046247{margin-bottom: 32px !important;}&#8221;][elx_heading font_container=&#8221;h4&#8243; text_color=&#8221;inherit&#8221; css=&#8221;.vc_custom_1582033046489{padding-top: 12px !important;padding-bottom: 0px !important;}&#8221;]Bedste t\u00f8rreresultater med laveste forbrug[\/elx_heading][vc_column_text el_class=&#8221;p-16&#8243; css=&#8221;.vc_custom_1755523272915{margin-top: 0px !important;}&#8221;]Her kan du finde en industri t\u00f8rretumbler, der matcher dine krav og behov. Du kan v\u00e6lge tumbler med aftr\u00e6k, kondens eller varmepumpe.<br \/>\n<strong><a href=\"https:\/\/www.electroluxprofessional.com\/dk\/varmepumpe-tumblere\/\">L\u00e6s mere om Line 6000 varmepumpetumblere<\/a><\/strong>[\/vc_column_text][vc_empty_space][\/vc_column][vc_column width=&#8221;1\/3&#8243;][vc_single_image image=&#8221;14982&#8243; img_size=&#8221;360&#215;210&#8243; alignment=&#8221;center&#8221; css=&#8221;.vc_custom_1582033779651{margin-bottom: 32px !important;}&#8221;][elx_heading font_container=&#8221;h4&#8243; text_color=&#8221;inherit&#8221;]Line 6000 vaskemaskiner og t\u00f8rretumblere[\/elx_heading][vc_column_text el_class=&#8221;p-16&#8243;]Nu kan du f\u00e5 Line 6000 maskiner i den st\u00f8rrelse, der passer til vaskebehovet i dit vaskeri.<br \/>\n<strong><a href=\"https:\/\/www.electroluxprofessional.com\/dk\/industrivaskemaskiner\/\">Line 6000 industrivaskemaskine<\/a><\/strong>[\/vc_column_text][vc_empty_space][\/vc_column][\/vc_row][vc_row disable_element=&#8221;yes&#8221;][vc_column width=&#8221;1\/3&#8243;][elx_maylike_box id_box=&#8221;3565&#8243;][\/vc_column][vc_column width=&#8221;1\/3&#8243;][elx_maylike_box id_box=&#8221;3566&#8243;][\/vc_column][vc_column width=&#8221;1\/3&#8243;][elx_maylike_box id_box=&#8221;3583&#8243;][\/vc_column][\/vc_row]<\/p>\n","protected":false},"excerpt":{"rendered":"<p>[vc_row full_width=&#8221;electroluxpro-full-width-no-padding&#8221; css=&#8221;.vc_custom_1697706942033{margin-top: -30px !important;}&#8221;][vc_column][elx_full_banner title=&#8221;Hold din vaskemaskine i topform med effektiv afkalkning.&#8221; set_as_h1=&#8221;true&#8221; background_image_media_library=&#8221;26855&#8243; background_image_media_library_mobile=&#8221;26853&#8243;][\/vc_column][\/vc_row][vc_row matched_labels=&#8221;&#8221; css=&#8221;.vc_custom_1755523454886{margin-top: 60px !important;}&#8221;][vc_column][elx_heading font_size=&#8221;h1&#8243; text_color=&#8221;inherit&#8221; css=&#8221;.vc_custom_1755523432945{margin-top: 60px !important;}&#8221;]Afkalkningstabs til vaskemaskiner for en renere maskine og en markant l\u00e6ngere holdbarhed[\/elx_heading][\/vc_column][\/vc_row][vc_row matched_labels=&#8221;&#8221; css=&#8221;.vc_custom_1755523472772{margin-top: 40px !important;}&#8221;][vc_column width=&#8221;2\/3&#8243;][vc_empty_space height=&#8221;10px&#8221;][vc_column_text css=&#8221;.vc_custom_1697638985491{margin-bottom: 20px !important;}&#8221; el_class=&#8221;p-16&#8243;]T\u00e6nker du p\u00e5 holdbarhed &#8211; og lavere omkostninger til vedligeholdelse? [&hellip;]<\/p>\n","protected":false},"author":4,"featured_media":26596,"parent":0,"menu_order":0,"comment_status":"closed","ping_status":"closed","template":"","meta":{"footnotes":""},"class_list":["post-26603","page","type-page","status-publish","has-post-thumbnail","hentry"],"acf":[],"yoast_head":"<!-- This site is optimized with the Yoast SEO plugin v23.3 - https:\/\/yoast.com\/wordpress\/plugins\/seo\/ -->\n<title>Effektive afkalkningstabs til professionelle vaskemaskiner<\/title>\n<meta name=\"description\" content=\"Vaskemaskiner der l\u00f8bende afkalkes har en l\u00e6ngere levetid, lavere serviceomkostninger, f\u00e6rre driftsstop og et lavere vand- og energiforbrug. Det er derfor en meget rentabel indsats, at afkalke dine vaskemaskiner \u00e9n gang om m\u00e5neden.\" \/>\n<meta name=\"robots\" content=\"index, follow, max-snippet:-1, max-image-preview:large, max-video-preview:-1\" \/>\n<link rel=\"canonical\" href=\"https:\/\/www.electroluxprofessional.com\/dk\/afkalkningstabs_vaskemaskiner\/\" \/>\n<meta property=\"og:locale\" content=\"da_DK\" \/>\n<meta property=\"og:type\" content=\"article\" \/>\n<meta property=\"og:title\" content=\"Effektive afkalkningstabs til professionelle vaskemaskiner\" \/>\n<meta property=\"og:description\" content=\"Vaskemaskiner der l\u00f8bende afkalkes har en l\u00e6ngere levetid, lavere serviceomkostninger, f\u00e6rre driftsstop og et lavere vand- og energiforbrug. Det er derfor en meget rentabel indsats, at afkalke dine vaskemaskiner \u00e9n gang om m\u00e5neden.\" \/>\n<meta property=\"og:url\" content=\"https:\/\/www.electroluxprofessional.com\/dk\/afkalkningstabs_vaskemaskiner\/\" \/>\n<meta property=\"og:site_name\" content=\"Electrolux Professional Danmark\" \/>\n<meta property=\"article:modified_time\" content=\"2025-08-18T13:24:47+00:00\" \/>\n<meta name=\"twitter:card\" content=\"summary_large_image\" \/>\n<meta name=\"twitter:image\" content=\"https:\/\/www.electroluxprofessional.com\/dk\/wp-content\/uploads\/2023\/09\/Automatisk-Dosering_EPRSE.jpg\" \/>\n<meta name=\"twitter:label1\" content=\"Estimeret l\u00e6setid\" \/>\n\t<meta name=\"twitter:data1\" content=\"8 minutter\" \/>\n<script type=\"application\/ld+json\" class=\"yoast-schema-graph\">{\"@context\":\"https:\/\/schema.org\",\"@graph\":[{\"@type\":\"WebPage\",\"@id\":\"https:\/\/www.electroluxprofessional.com\/dk\/afkalkningstabs_vaskemaskiner\/\",\"url\":\"https:\/\/www.electroluxprofessional.com\/dk\/afkalkningstabs_vaskemaskiner\/\",\"name\":\"Effektive afkalkningstabs til professionelle vaskemaskiner\",\"isPartOf\":{\"@id\":\"https:\/\/www.electroluxprofessional.com\/dk\/#website\"},\"primaryImageOfPage\":{\"@id\":\"https:\/\/www.electroluxprofessional.com\/dk\/afkalkningstabs_vaskemaskiner\/#primaryimage\"},\"image\":{\"@id\":\"https:\/\/www.electroluxprofessional.com\/dk\/afkalkningstabs_vaskemaskiner\/#primaryimage\"},\"thumbnailUrl\":\"https:\/\/www.electroluxprofessional.com\/dk\/wp-content\/uploads\/2023\/09\/Automatisk-Dosering_EPRSE.jpg\",\"datePublished\":\"2025-08-13T11:17:44+00:00\",\"dateModified\":\"2025-08-18T13:24:47+00:00\",\"description\":\"Vaskemaskiner der l\u00f8bende afkalkes har en l\u00e6ngere levetid, lavere serviceomkostninger, f\u00e6rre driftsstop og et lavere vand- og energiforbrug. Det er derfor en meget rentabel indsats, at afkalke dine vaskemaskiner \u00e9n gang om m\u00e5neden.\",\"breadcrumb\":{\"@id\":\"https:\/\/www.electroluxprofessional.com\/dk\/afkalkningstabs_vaskemaskiner\/#breadcrumb\"},\"inLanguage\":\"da-DK\",\"potentialAction\":[{\"@type\":\"ReadAction\",\"target\":[\"https:\/\/www.electroluxprofessional.com\/dk\/afkalkningstabs_vaskemaskiner\/\"]}]},{\"@type\":\"ImageObject\",\"inLanguage\":\"da-DK\",\"@id\":\"https:\/\/www.electroluxprofessional.com\/dk\/afkalkningstabs_vaskemaskiner\/#primaryimage\",\"url\":\"https:\/\/www.electroluxprofessional.com\/dk\/wp-content\/uploads\/2023\/09\/Automatisk-Dosering_EPRSE.jpg\",\"contentUrl\":\"https:\/\/www.electroluxprofessional.com\/dk\/wp-content\/uploads\/2023\/09\/Automatisk-Dosering_EPRSE.jpg\",\"width\":500,\"height\":400,\"caption\":\"Automatisk-Dosering_EPRSE\"},{\"@type\":\"BreadcrumbList\",\"@id\":\"https:\/\/www.electroluxprofessional.com\/dk\/afkalkningstabs_vaskemaskiner\/#breadcrumb\",\"itemListElement\":[{\"@type\":\"ListItem\",\"position\":1,\"name\":\"Home\",\"item\":\"https:\/\/www.electroluxprofessional.com\/dk\/\"},{\"@type\":\"ListItem\",\"position\":2,\"name\":\"Afkalkningstabs til vaskemaskiner\"}]},{\"@type\":\"WebSite\",\"@id\":\"https:\/\/www.electroluxprofessional.com\/dk\/#website\",\"url\":\"https:\/\/www.electroluxprofessional.com\/dk\/\",\"name\":\"Electrolux Professional Danmark\",\"description\":\"\",\"potentialAction\":[{\"@type\":\"SearchAction\",\"target\":{\"@type\":\"EntryPoint\",\"urlTemplate\":\"https:\/\/www.electroluxprofessional.com\/dk\/?src={search_term_string}\"},\"query-input\":\"required name=search_term_string\"}],\"inLanguage\":\"da-DK\"}]}<\/script>\n<!-- \/ Yoast SEO plugin. -->","yoast_head_json":{"title":"Effektive afkalkningstabs til professionelle vaskemaskiner","description":"Vaskemaskiner der l\u00f8bende afkalkes har en l\u00e6ngere levetid, lavere serviceomkostninger, f\u00e6rre driftsstop og et lavere vand- og energiforbrug. Det er derfor en meget rentabel indsats, at afkalke dine vaskemaskiner \u00e9n gang om m\u00e5neden.","robots":{"index":"index","follow":"follow","max-snippet":"max-snippet:-1","max-image-preview":"max-image-preview:large","max-video-preview":"max-video-preview:-1"},"canonical":"https:\/\/www.electroluxprofessional.com\/dk\/afkalkningstabs_vaskemaskiner\/","og_locale":"da_DK","og_type":"article","og_title":"Effektive afkalkningstabs til professionelle vaskemaskiner","og_description":"Vaskemaskiner der l\u00f8bende afkalkes har en l\u00e6ngere levetid, lavere serviceomkostninger, f\u00e6rre driftsstop og et lavere vand- og energiforbrug. Det er derfor en meget rentabel indsats, at afkalke dine vaskemaskiner \u00e9n gang om m\u00e5neden.","og_url":"https:\/\/www.electroluxprofessional.com\/dk\/afkalkningstabs_vaskemaskiner\/","og_site_name":"Electrolux Professional Danmark","article_modified_time":"2025-08-18T13:24:47+00:00","twitter_card":"summary_large_image","twitter_image":"https:\/\/www.electroluxprofessional.com\/dk\/wp-content\/uploads\/2023\/09\/Automatisk-Dosering_EPRSE.jpg","twitter_misc":{"Estimeret l\u00e6setid":"8 minutter"},"schema":{"@context":"https:\/\/schema.org","@graph":[{"@type":"WebPage","@id":"https:\/\/www.electroluxprofessional.com\/dk\/afkalkningstabs_vaskemaskiner\/","url":"https:\/\/www.electroluxprofessional.com\/dk\/afkalkningstabs_vaskemaskiner\/","name":"Effektive afkalkningstabs til professionelle vaskemaskiner","isPartOf":{"@id":"https:\/\/www.electroluxprofessional.com\/dk\/#website"},"primaryImageOfPage":{"@id":"https:\/\/www.electroluxprofessional.com\/dk\/afkalkningstabs_vaskemaskiner\/#primaryimage"},"image":{"@id":"https:\/\/www.electroluxprofessional.com\/dk\/afkalkningstabs_vaskemaskiner\/#primaryimage"},"thumbnailUrl":"https:\/\/www.electroluxprofessional.com\/dk\/wp-content\/uploads\/2023\/09\/Automatisk-Dosering_EPRSE.jpg","datePublished":"2025-08-13T11:17:44+00:00","dateModified":"2025-08-18T13:24:47+00:00","description":"Vaskemaskiner der l\u00f8bende afkalkes har en l\u00e6ngere levetid, lavere serviceomkostninger, f\u00e6rre driftsstop og et lavere vand- og energiforbrug. Det er derfor en meget rentabel indsats, at afkalke dine vaskemaskiner \u00e9n gang om m\u00e5neden.","breadcrumb":{"@id":"https:\/\/www.electroluxprofessional.com\/dk\/afkalkningstabs_vaskemaskiner\/#breadcrumb"},"inLanguage":"da-DK","potentialAction":[{"@type":"ReadAction","target":["https:\/\/www.electroluxprofessional.com\/dk\/afkalkningstabs_vaskemaskiner\/"]}]},{"@type":"ImageObject","inLanguage":"da-DK","@id":"https:\/\/www.electroluxprofessional.com\/dk\/afkalkningstabs_vaskemaskiner\/#primaryimage","url":"https:\/\/www.electroluxprofessional.com\/dk\/wp-content\/uploads\/2023\/09\/Automatisk-Dosering_EPRSE.jpg","contentUrl":"https:\/\/www.electroluxprofessional.com\/dk\/wp-content\/uploads\/2023\/09\/Automatisk-Dosering_EPRSE.jpg","width":500,"height":400,"caption":"Automatisk-Dosering_EPRSE"},{"@type":"BreadcrumbList","@id":"https:\/\/www.electroluxprofessional.com\/dk\/afkalkningstabs_vaskemaskiner\/#breadcrumb","itemListElement":[{"@type":"ListItem","position":1,"name":"Home","item":"https:\/\/www.electroluxprofessional.com\/dk\/"},{"@type":"ListItem","position":2,"name":"Afkalkningstabs til vaskemaskiner"}]},{"@type":"WebSite","@id":"https:\/\/www.electroluxprofessional.com\/dk\/#website","url":"https:\/\/www.electroluxprofessional.com\/dk\/","name":"Electrolux Professional Danmark","description":"","potentialAction":[{"@type":"SearchAction","target":{"@type":"EntryPoint","urlTemplate":"https:\/\/www.electroluxprofessional.com\/dk\/?src={search_term_string}"},"query-input":"required name=search_term_string"}],"inLanguage":"da-DK"}]}},"_links":{"self":[{"href":"https:\/\/www.electroluxprofessional.com\/dk\/wp-json\/wp\/v2\/pages\/26603"}],"collection":[{"href":"https:\/\/www.electroluxprofessional.com\/dk\/wp-json\/wp\/v2\/pages"}],"about":[{"href":"https:\/\/www.electroluxprofessional.com\/dk\/wp-json\/wp\/v2\/types\/page"}],"author":[{"embeddable":true,"href":"https:\/\/www.electroluxprofessional.com\/dk\/wp-json\/wp\/v2\/users\/4"}],"replies":[{"embeddable":true,"href":"https:\/\/www.electroluxprofessional.com\/dk\/wp-json\/wp\/v2\/comments?post=26603"}],"version-history":[{"count":47,"href":"https:\/\/www.electroluxprofessional.com\/dk\/wp-json\/wp\/v2\/pages\/26603\/revisions"}],"predecessor-version":[{"id":30089,"href":"https:\/\/www.electroluxprofessional.com\/dk\/wp-json\/wp\/v2\/pages\/26603\/revisions\/30089"}],"wp:featuredmedia":[{"embeddable":true,"href":"https:\/\/www.electroluxprofessional.com\/dk\/wp-json\/wp\/v2\/media\/26596"}],"wp:attachment":[{"href":"https:\/\/www.electroluxprofessional.com\/dk\/wp-json\/wp\/v2\/media?parent=26603"}],"curies":[{"name":"wp","href":"https:\/\/api.w.org\/{rel}","templated":true}]}}