{"id":25760,"date":"2023-03-21T13:13:25","date_gmt":"2023-03-21T13:13:25","guid":{"rendered":"https:\/\/www.electroluxprofessional.com\/dk\/?page_id=25760"},"modified":"2023-03-21T14:42:38","modified_gmt":"2023-03-21T14:42:38","slug":"nitrochrome3-an-incomparable-solution","status":"publish","type":"page","link":"https:\/\/www.electroluxprofessional.com\/dk\/nitrochrome3-an-incomparable-solution\/","title":{"rendered":"NitroChrome3, an incomparable solution"},"content":{"rendered":"<p>[vc_row full_width=&#8221;electroluxpro-full-width-no-padding&#8221;][vc_column][vc_single_image image=&#8221;25751&#8243; img_size=&#8221;full&#8221; alignment=&#8221;center&#8221;][\/vc_column][\/vc_row][vc_row][vc_column][elx_heading font_container=&#8221;h1&#8243; text_color=&#8221;inherit&#8221;]NitroChrome<sup>3<\/sup><br \/>\nEn uforlignelig l\u00f8sning![\/elx_heading][elx_heading text_color=&#8221;inherit&#8221;]Ridsefri, ekstremt modstandsdygtig, h\u00f8j kvalitet og tilbyder optimal hygiejne[\/elx_heading][vc_empty_space][\/vc_column][\/vc_row][vc_row][vc_column][vc_column_text]900 XP Fry Top<sup>HP<\/sup> with <strong>NitroChrome<sup>3\u00a0<\/sup><\/strong>surface is a unique, non-scratch solution, <strong>ideal for heavy duty use<\/strong>, easier cooking, easier cleaning and low heat emission.[\/vc_column_text][vc_empty_space][\/vc_column][\/vc_row][vc_row content_placement=&#8221;middle&#8221;][vc_column width=&#8221;1\/4&#8243;][vc_single_image image=&#8221;25752&#8243; img_size=&#8221;&#8221;][vc_empty_space][vc_single_image image=&#8221;25753&#8243; img_size=&#8221;full&#8221; alignment=&#8221;center&#8221;][\/vc_column][vc_column width=&#8221;2\/4&#8243;][vc_single_image image=&#8221;25754&#8243; img_size=&#8221;full&#8221; alignment=&#8221;center&#8221;][\/vc_column][vc_column width=&#8221;1\/4&#8243;][elx_download_block text=&#8221;Download brochure&#8221; document_type=&#8221;brochures&#8221; link=&#8221;https:\/\/files.professional.electrolux.com\/docs\/?n=BR-9JE00092&amp;b=5&amp;l=1&#8243; background_color=&#8221;electrolux-blue&#8221; br_document_number=&#8221;BR-9JE00121&#8243;][\/vc_column][\/vc_row][vc_row][vc_column][vc_empty_space][\/vc_column][\/vc_row][vc_row][vc_column width=&#8221;1\/6&#8243;][vc_single_image image=&#8221;12259&#8243; img_size=&#8221;120&#215;120&#8243; alignment=&#8221;center&#8221;][\/vc_column][vc_column width=&#8221;2\/6&#8243;][elx_heading text_color=&#8221;inherit&#8221;]Non-scratch<br \/>\nsurface[\/elx_heading][vc_column_text]<strong>NitroChrome<sup>3<\/sup><\/strong>\u00a0garanterer ekstrem modstandsdygtighed over for ridser og korrosion udover at forbedre kogepladens\u00a0<strong>non-stick egenskaber<\/strong>, hvilket sikrer hurtig reng\u00f8ring sidst p\u00e5 dagen[\/vc_column_text][\/vc_column][vc_column width=&#8221;1\/6&#8243;][vc_single_image image=&#8221;25755&#8243; img_size=&#8221;&#8221; alignment=&#8221;center&#8221;][\/vc_column][vc_column width=&#8221;2\/6&#8243;][elx_heading text_color=&#8221;inherit&#8221;]Ensartet<br \/>\ngrilling[\/elx_heading][vc_column_text]<strong>Ensartet opvarmning<\/strong> over hele overfladen, ingen kolde zoner, hvilket sikrer maksimale resultater uanset hvor maden placeres. <strong>20 mm tyk kraftig plade<\/strong> giver h\u00f8j termisk inerti til hurtig temperaturgenvinding.[\/vc_column_text][\/vc_column][\/vc_row][vc_row][vc_column width=&#8221;1\/6&#8243;][vc_single_image image=&#8221;12257&#8243; img_size=&#8221;120&#215;120&#8243; alignment=&#8221;center&#8221;][\/vc_column][vc_column width=&#8221;2\/6&#8243;][elx_heading text_color=&#8221;inherit&#8221;]Sparer<br \/>\npenge[\/elx_heading][vc_column_text]NitroChrome3-overfladen giver mulighed for en <strong>besparelse p\u00e5 mere end 10 %<\/strong> i energiforbrug* under forvarmningsfasen og cirka en tredjedel i standby-tilstand. 30 % mindre tid* og kr\u00e6fter, der kr\u00e6ves for at rense stegepladen sidst p\u00e5 dagen.<\/p>\n<p>*Beregning baseret p\u00e5 interne test, sammenlignet med bl\u00f8de st\u00e5loverflader[\/vc_column_text][\/vc_column][vc_column width=&#8221;1\/6&#8243;][vc_single_image image=&#8221;25756&#8243; img_size=&#8221;120&#215;120&#8243; alignment=&#8221;center&#8221;][vc_empty_space][vc_single_image image=&#8221;25757&#8243; img_size=&#8221;130&#215;130&#8243; alignment=&#8221;center&#8221;][\/vc_column][vc_column width=&#8221;2\/6&#8243;][elx_heading text_color=&#8221;inherit&#8221;]Garanteret<br \/>\nf\u00f8devaresikkerhed[\/elx_heading][vc_column_text]Electrolux Professional Fry Tops overholder fuldt ud den europ\u00e6iske forordning om f\u00f8devarekontaktmaterialer (EF) nr. 1935\/2004[\/vc_column_text][\/vc_column][\/vc_row][vc_row][vc_column][vc_empty_space][elx_heading text_color=&#8221;inherit&#8221; text_align=&#8221;text-center&#8221;]Se videoerne[\/elx_heading][\/vc_column][\/vc_row][vc_row content_placement=&#8221;middle&#8221;][vc_column width=&#8221;1\/3&#8243;][vc_empty_space][elx_video_block background_image=&#8221;25749&#8243; video_link=&#8221;https:\/\/www.youtube.com\/watch?v=9DZkVSVSH6M&#8221; minimum_height=&#8221;500px&#8221;][vc_empty_space][\/vc_column][vc_column width=&#8221;1\/3&#8243;][vc_empty_space][elx_video_block background_image=&#8221;25750&#8243; video_link=&#8221;https:\/\/www.youtube.com\/watch?v=E040FO3c9i8&#8243; minimum_height=&#8221;500px&#8221;][vc_empty_space][\/vc_column][vc_column width=&#8221;1\/3&#8243;][elx_heading text_color=&#8221;inherit&#8221; text_align=&#8221;text-left&#8221;]IcyHot[\/elx_heading][vc_column_text]Kogestationen med alt lige ved h\u00e5nden.<\/p>\n<p>Den eksklusive IcyHot-installation er en kombination af <strong>NitroChrome<sup>3<\/sup><\/strong> Fry Top og en k\u00f8le-frysebase.<\/p>\n<p><strong>Spar tid<\/strong>, reducer din bev\u00e6gelse takket v\u00e6re muligheden for opbevaring af mad i k\u00f8le-\/frysebunden under kogepladen.<\/p>\n<p>[\/vc_column_text][vc_empty_space][\/vc_column][\/vc_row][vc_row][vc_column][vc_empty_space][\/vc_column][\/vc_row][vc_row][vc_column css=&#8221;.vc_custom_1589955706415{background-color: #fff5d1 !important;}&#8221;][vc_empty_space][\/vc_column][\/vc_row][vc_row equal_height=&#8221;yes&#8221;][vc_column width=&#8221;1\/6&#8243; css=&#8221;.vc_custom_1589954912207{background-color: #fff5d1 !important;}&#8221;][vc_single_image image=&#8221;25758&#8243; img_size=&#8221;120&#215;120&#8243;][\/vc_column][vc_column width=&#8221;2\/6&#8243; css=&#8221;.vc_custom_1589955011028{background-color: #fff5d1 !important;}&#8221;][elx_heading text_color=&#8221;inherit&#8221;]H\u00f8j<br \/>\nproduktivitet[\/elx_heading][vc_column_text]Mere overskud. Tilbered store m\u00e6ngder af forskellige madvarer p\u00e5 600&#215;1200 mm tilberedningsoverfladen.[\/vc_column_text][\/vc_column][vc_column width=&#8221;2\/6&#8243; css=&#8221;.vc_custom_1589955020032{background-color: #fff5d1 !important;}&#8221;][vc_empty_space][vc_column_text]Hamburgere, frisklave<br \/>\nKyllingebryst<br \/>\nSk\u00e5ret gr\u00f8ntsager<br \/>\nS\u00f8tunge<\/p>\n<p>*baseret p\u00e5 interne tilberedningstests[\/vc_column_text][\/vc_column][vc_column width=&#8221;1\/6&#8243; css=&#8221;.vc_custom_1589956364262{background-color: #fff5d1 !important;}&#8221;][vc_empty_space][vc_column_text]<strong>350 portioner\/t<\/strong><br \/>\n<strong>180 portioner\/t<\/strong><br \/>\n<strong>250 portioner\/t<\/strong><br \/>\n<strong>180 portioner\/t<\/strong>[\/vc_column_text][\/vc_column][\/vc_row][vc_row][vc_column css=&#8221;.vc_custom_1589955706415{background-color: #fff5d1 !important;}&#8221;][vc_empty_space][\/vc_column][\/vc_row][vc_row][vc_column][vc_empty_space][vc_single_image image=&#8221;25759&#8243; img_size=&#8221;full&#8221; alignment=&#8221;center&#8221;][\/vc_column][\/vc_row][vc_row][vc_column][vc_empty_space][elx_heading text_color=&#8221;inherit&#8221;]Kontakt os for mere information om NitroChome<sup>3<\/sup>[\/elx_heading][elx_o2000_contact_us r=&#8221;Jeg \u00f8nsker mere informaion om NitroChrome3&#8243; s=&#8221;Jeg \u00f8nsker mere informaion om NitroChrome3&#8243; country=&#8221;Denmark&#8221; b=&#8221;food&#8221;][\/vc_column][\/vc_row][vc_row][vc_column width=&#8221;1\/3&#8243;][elx_maylike_box id_box=&#8221;2872&#8243;][\/vc_column][vc_column width=&#8221;1\/3&#8243;][elx_maylike_box id_box=&#8221;2972&#8243;][\/vc_column][vc_column width=&#8221;1\/3&#8243;][elx_maylike_box id_box=&#8221;2941&#8243;][\/vc_column][\/vc_row]<\/p>\n","protected":false},"excerpt":{"rendered":"<p>[vc_row full_width=&#8221;electroluxpro-full-width-no-padding&#8221;][vc_column][vc_single_image image=&#8221;25751&#8243; img_size=&#8221;full&#8221; alignment=&#8221;center&#8221;][\/vc_column][\/vc_row][vc_row][vc_column][elx_heading font_container=&#8221;h1&#8243; text_color=&#8221;inherit&#8221;]NitroChrome3 En uforlignelig l\u00f8sning![\/elx_heading][elx_heading text_color=&#8221;inherit&#8221;]Ridsefri, ekstremt modstandsdygtig, h\u00f8j kvalitet og tilbyder optimal hygiejne[\/elx_heading][vc_empty_space][\/vc_column][\/vc_row][vc_row][vc_column][vc_column_text]900 XP Fry TopHP with NitroChrome3\u00a0surface is a unique, non-scratch solution, ideal for heavy duty use, easier cooking, easier cleaning and low heat emission.[\/vc_column_text][vc_empty_space][\/vc_column][\/vc_row][vc_row content_placement=&#8221;middle&#8221;][vc_column width=&#8221;1\/4&#8243;][vc_single_image image=&#8221;25752&#8243; img_size=&#8221;&#8221;][vc_empty_space][vc_single_image image=&#8221;25753&#8243; img_size=&#8221;full&#8221; alignment=&#8221;center&#8221;][\/vc_column][vc_column width=&#8221;2\/4&#8243;][vc_single_image image=&#8221;25754&#8243; img_size=&#8221;full&#8221; alignment=&#8221;center&#8221;][\/vc_column][vc_column width=&#8221;1\/4&#8243;][elx_download_block text=&#8221;Download [&hellip;]<\/p>\n","protected":false},"author":4,"featured_media":0,"parent":0,"menu_order":0,"comment_status":"closed","ping_status":"closed","template":"","meta":{"footnotes":""},"class_list":["post-25760","page","type-page","status-publish","hentry"],"acf":[],"yoast_head":"<!-- This site is optimized with the Yoast SEO plugin v23.3 - https:\/\/yoast.com\/wordpress\/plugins\/seo\/ -->\n<title>NitroChrome3, an incomparable solution - Electrolux Professional Danmark<\/title>\n<meta name=\"description\" content=\"900XP Fry TopHP with NitroChrome3\u00a0surface is a unique, non-scratch solution, ideal for heavy duty use, easier cooking, easier cleaning and low heat emission\" \/>\n<meta name=\"robots\" content=\"index, follow, max-snippet:-1, max-image-preview:large, max-video-preview:-1\" \/>\n<link rel=\"canonical\" href=\"https:\/\/www.electroluxprofessional.com\/dk\/nitrochrome3-an-incomparable-solution\/\" \/>\n<meta property=\"og:locale\" content=\"da_DK\" \/>\n<meta property=\"og:type\" content=\"article\" \/>\n<meta property=\"og:title\" content=\"NitroChrome3, an incomparable solution - Electrolux Professional Danmark\" \/>\n<meta property=\"og:description\" content=\"900XP Fry TopHP with NitroChrome3\u00a0surface is a unique, non-scratch solution, ideal for heavy duty use, easier cooking, easier cleaning and low heat emission\" \/>\n<meta property=\"og:url\" content=\"https:\/\/www.electroluxprofessional.com\/dk\/nitrochrome3-an-incomparable-solution\/\" \/>\n<meta property=\"og:site_name\" content=\"Electrolux Professional Danmark\" \/>\n<meta property=\"article:modified_time\" content=\"2023-03-21T14:42:38+00:00\" \/>\n<meta name=\"twitter:card\" content=\"summary_large_image\" \/>\n<meta name=\"twitter:label1\" content=\"Estimeret l\u00e6setid\" \/>\n\t<meta name=\"twitter:data1\" content=\"2 minutter\" \/>\n<script type=\"application\/ld+json\" class=\"yoast-schema-graph\">{\"@context\":\"https:\/\/schema.org\",\"@graph\":[{\"@type\":\"WebPage\",\"@id\":\"https:\/\/www.electroluxprofessional.com\/dk\/nitrochrome3-an-incomparable-solution\/\",\"url\":\"https:\/\/www.electroluxprofessional.com\/dk\/nitrochrome3-an-incomparable-solution\/\",\"name\":\"NitroChrome3, an incomparable solution - Electrolux Professional Danmark\",\"isPartOf\":{\"@id\":\"https:\/\/www.electroluxprofessional.com\/dk\/#website\"},\"datePublished\":\"2023-03-21T13:13:25+00:00\",\"dateModified\":\"2023-03-21T14:42:38+00:00\",\"description\":\"900XP Fry TopHP with NitroChrome3\u00a0surface is a unique, non-scratch solution, ideal for heavy duty use, easier cooking, easier cleaning and low heat emission\",\"breadcrumb\":{\"@id\":\"https:\/\/www.electroluxprofessional.com\/dk\/nitrochrome3-an-incomparable-solution\/#breadcrumb\"},\"inLanguage\":\"da-DK\",\"potentialAction\":[{\"@type\":\"ReadAction\",\"target\":[\"https:\/\/www.electroluxprofessional.com\/dk\/nitrochrome3-an-incomparable-solution\/\"]}]},{\"@type\":\"BreadcrumbList\",\"@id\":\"https:\/\/www.electroluxprofessional.com\/dk\/nitrochrome3-an-incomparable-solution\/#breadcrumb\",\"itemListElement\":[{\"@type\":\"ListItem\",\"position\":1,\"name\":\"Home\",\"item\":\"https:\/\/www.electroluxprofessional.com\/dk\/\"},{\"@type\":\"ListItem\",\"position\":2,\"name\":\"NitroChrome3, an incomparable solution\"}]},{\"@type\":\"WebSite\",\"@id\":\"https:\/\/www.electroluxprofessional.com\/dk\/#website\",\"url\":\"https:\/\/www.electroluxprofessional.com\/dk\/\",\"name\":\"Electrolux Professional Danmark\",\"description\":\"\",\"potentialAction\":[{\"@type\":\"SearchAction\",\"target\":{\"@type\":\"EntryPoint\",\"urlTemplate\":\"https:\/\/www.electroluxprofessional.com\/dk\/?src={search_term_string}\"},\"query-input\":\"required name=search_term_string\"}],\"inLanguage\":\"da-DK\"}]}<\/script>\n<!-- \/ Yoast SEO plugin. -->","yoast_head_json":{"title":"NitroChrome3, an incomparable solution - Electrolux Professional Danmark","description":"900XP Fry TopHP with NitroChrome3\u00a0surface is a unique, non-scratch solution, ideal for heavy duty use, easier cooking, easier cleaning and low heat emission","robots":{"index":"index","follow":"follow","max-snippet":"max-snippet:-1","max-image-preview":"max-image-preview:large","max-video-preview":"max-video-preview:-1"},"canonical":"https:\/\/www.electroluxprofessional.com\/dk\/nitrochrome3-an-incomparable-solution\/","og_locale":"da_DK","og_type":"article","og_title":"NitroChrome3, an incomparable solution - Electrolux Professional Danmark","og_description":"900XP Fry TopHP with NitroChrome3\u00a0surface is a unique, non-scratch solution, ideal for heavy duty use, easier cooking, easier cleaning and low heat emission","og_url":"https:\/\/www.electroluxprofessional.com\/dk\/nitrochrome3-an-incomparable-solution\/","og_site_name":"Electrolux Professional Danmark","article_modified_time":"2023-03-21T14:42:38+00:00","twitter_card":"summary_large_image","twitter_misc":{"Estimeret l\u00e6setid":"2 minutter"},"schema":{"@context":"https:\/\/schema.org","@graph":[{"@type":"WebPage","@id":"https:\/\/www.electroluxprofessional.com\/dk\/nitrochrome3-an-incomparable-solution\/","url":"https:\/\/www.electroluxprofessional.com\/dk\/nitrochrome3-an-incomparable-solution\/","name":"NitroChrome3, an incomparable solution - Electrolux Professional Danmark","isPartOf":{"@id":"https:\/\/www.electroluxprofessional.com\/dk\/#website"},"datePublished":"2023-03-21T13:13:25+00:00","dateModified":"2023-03-21T14:42:38+00:00","description":"900XP Fry TopHP with NitroChrome3\u00a0surface is a unique, non-scratch solution, ideal for heavy duty use, easier cooking, easier cleaning and low heat emission","breadcrumb":{"@id":"https:\/\/www.electroluxprofessional.com\/dk\/nitrochrome3-an-incomparable-solution\/#breadcrumb"},"inLanguage":"da-DK","potentialAction":[{"@type":"ReadAction","target":["https:\/\/www.electroluxprofessional.com\/dk\/nitrochrome3-an-incomparable-solution\/"]}]},{"@type":"BreadcrumbList","@id":"https:\/\/www.electroluxprofessional.com\/dk\/nitrochrome3-an-incomparable-solution\/#breadcrumb","itemListElement":[{"@type":"ListItem","position":1,"name":"Home","item":"https:\/\/www.electroluxprofessional.com\/dk\/"},{"@type":"ListItem","position":2,"name":"NitroChrome3, an incomparable solution"}]},{"@type":"WebSite","@id":"https:\/\/www.electroluxprofessional.com\/dk\/#website","url":"https:\/\/www.electroluxprofessional.com\/dk\/","name":"Electrolux Professional Danmark","description":"","potentialAction":[{"@type":"SearchAction","target":{"@type":"EntryPoint","urlTemplate":"https:\/\/www.electroluxprofessional.com\/dk\/?src={search_term_string}"},"query-input":"required name=search_term_string"}],"inLanguage":"da-DK"}]}},"_links":{"self":[{"href":"https:\/\/www.electroluxprofessional.com\/dk\/wp-json\/wp\/v2\/pages\/25760"}],"collection":[{"href":"https:\/\/www.electroluxprofessional.com\/dk\/wp-json\/wp\/v2\/pages"}],"about":[{"href":"https:\/\/www.electroluxprofessional.com\/dk\/wp-json\/wp\/v2\/types\/page"}],"author":[{"embeddable":true,"href":"https:\/\/www.electroluxprofessional.com\/dk\/wp-json\/wp\/v2\/users\/4"}],"replies":[{"embeddable":true,"href":"https:\/\/www.electroluxprofessional.com\/dk\/wp-json\/wp\/v2\/comments?post=25760"}],"version-history":[{"count":4,"href":"https:\/\/www.electroluxprofessional.com\/dk\/wp-json\/wp\/v2\/pages\/25760\/revisions"}],"predecessor-version":[{"id":25775,"href":"https:\/\/www.electroluxprofessional.com\/dk\/wp-json\/wp\/v2\/pages\/25760\/revisions\/25775"}],"wp:attachment":[{"href":"https:\/\/www.electroluxprofessional.com\/dk\/wp-json\/wp\/v2\/media?parent=25760"}],"curies":[{"name":"wp","href":"https:\/\/api.w.org\/{rel}","templated":true}]}}