{"id":25556,"date":"2023-03-26T12:46:26","date_gmt":"2023-03-26T12:46:26","guid":{"rendered":"https:\/\/www.electroluxprofessional.com\/dk\/?page_id=25556"},"modified":"2026-03-17T14:09:08","modified_gmt":"2026-03-17T14:09:08","slug":"effektive-og-hygiejniske-vaskeloesninger-til-hospitaler","status":"publish","type":"page","link":"https:\/\/www.electroluxprofessional.com\/dk\/effektive-og-hygiejniske-vaskeloesninger-til-hospitaler\/","title":{"rendered":"Hospitaler"},"content":{"rendered":"<p>[vc_row full_width=&#8221;electroluxpro-full-width-no-padding&#8221; css=&#8221;.vc_custom_1679674053882{margin-top: -50px !important;background-color: rgba(7,162,186,0.2) !important;*background-color: rgb(7,162,186) !important;}&#8221;][vc_column][elx_hero_slider label_text_color=&#8221;inherit&#8221; images=&#8221;25587&#8243;][elx_heading font_container=&#8221;h1&#8243; font_size=&#8221;h2&#8243; text_color=&#8221;inherit&#8221;]Hospital[\/elx_heading][vc_column_text el_class=&#8221;p-16&#8243;]Med Electrolux Professional kan du vaske linned, h\u00e5ndkl\u00e6der, patient- og personalet\u00f8j 100 pct. bakteriefrit. Overholder NIR-kravene.*[\/vc_column_text][\/elx_hero_slider][\/vc_column][\/vc_row][vc_row css=&#8221;.vc_custom_1679674142607{margin-top: 10px !important;}&#8221;][vc_column][vc_column_text el_class=&#8221;p-12&#8243;]<\/p>\n<p style=\"text-align: right;\">*) NIR \u2013 Nationale Infektionshygiejniske Retningslinjer udarbejdet af Central Enhed for Infektionshygiejne (CEI), 2. udgave 2022.<\/p>\n<p>[\/vc_column_text][\/vc_column][\/vc_row][vc_row][vc_column offset=&#8221;vc_hidden-xs&#8221;][vc_empty_space height=&#8221;40px&#8221;][\/vc_column][\/vc_row][vc_row css=&#8221;.vc_custom_1679900992352{margin-top: 40px !important;}&#8221;][vc_column width=&#8221;1\/2&#8243;][elx_heading font_size=&#8221;h3&#8243; text_color=&#8221;inherit&#8221; text_align=&#8221;text-left&#8221;]Effektive og hygiejniske vaskel\u00f8sninger til sygehuse[\/elx_heading][vc_empty_space][vc_column_text el_class=&#8221;p-16&#8243;]Hos Electrolux Professional f\u00e5r du en vaskel\u00f8sning, der opfylder sygehuses s\u00e6rlige krav til hygiejne, brugervenlighed og ergonomi, milj\u00f8 og klima samt effektivitet og \u00f8konomi.<\/p>\n<p>Patienternes sundhed og sikkerhed er blandt de st\u00f8rste udfordringer p\u00e5 hospitaler og sygehuse. Ved at sikre en kontrolleret vaskeproces, bliver det lettere at optimere hygiejnen. Med en vaskeril\u00f8sning fra Electrolux Professional kan du:<\/p>\n<ul>\n<li><strong>Opretholde en h\u00f8j hygiejnestandard<\/strong> for alt vasket\u00f8j \u2013 og overholde NIR-kravene.<\/li>\n<li><strong>\u00d8ge sundhedsniveaue<\/strong>t for patienter, p\u00e5r\u00f8rende og personale.<\/li>\n<li><strong>H\u00e5ndtere store m\u00e6ngder vasket\u00f8j<\/strong> \u2013 hurtigt og med en minimal indsats for personalet.<\/li>\n<li><strong>F\u00e5 en \u00f8konomisk<\/strong>, milj\u00f8- og klimam\u00e6ssig rentabel vaskeril\u00f8sning.<\/li>\n<\/ul>\n<p>[\/vc_column_text][vc_empty_space height=&#8221;20px&#8221;][vc_column_text]<\/p>\n<p style=\"text-align: center;\"><strong>Vil du h\u00f8re mere?<\/strong><\/p>\n<p>[\/vc_column_text][vc_empty_space height=&#8221;15px&#8221;][elx_o2000_contact_us flag_hide_request_type=&#8221;true&#8221; country=&#8221;Denmark&#8221; b=&#8221;laundry&#8221; compact_view=&#8221;1&#8243; thanks=&#8221;Tak for din henvendelse. Vi kontakter dig snarest muligt. Venlig hilsen Steen Rasmussen, Electrolux Professional&#8221; button_mode=&#8221;true&#8221; r=&#8221;Special konsulent til hospitaler&#8221; text_btn_contact=&#8221;Book et m\u00f8de med vores specialkonsulent&#8221;][vc_row_inner][vc_column_inner offset=&#8221;vc_hidden-lg vc_hidden-md vc_hidden-sm&#8221;][vc_empty_space height=&#8221;40px&#8221;][\/vc_column_inner][\/vc_row_inner][\/vc_column][vc_column width=&#8221;1\/2&#8243; css=&#8221;.vc_custom_1679674310857{padding-top: 20px !important;}&#8221;][vc_row_inner][vc_column_inner offset=&#8221;vc_hidden-xs&#8221;][elx_image_block background_image=&#8221;3593&#8243; minimum_height=&#8221;650px&#8221;][\/vc_column_inner][\/vc_row_inner][vc_row_inner full_width=&#8221;electroluxpro-container-no-padding&#8221;][vc_column_inner offset=&#8221;vc_hidden-lg vc_hidden-md vc_hidden-sm&#8221;][vc_single_image image=&#8221;3593&#8243; img_size=&#8221;full&#8221;][\/vc_column_inner][\/vc_row_inner][\/vc_column][\/vc_row][vc_row content_placement=&#8221;middle&#8221; video_bg=&#8221;yes&#8221; video_bg_parallax=&#8221;content-moving&#8221; css=&#8221;.vc_custom_1679674321320{margin-top: 80px !important;background-color: #dadfe1 !important;}&#8221;][vc_column reveal_effect=&#8221;&#8221; width=&#8221;1\/2&#8243; css=&#8221;.vc_custom_1675170785326{margin-top: 32px !important;margin-bottom: 32px !important;}&#8221;][elx_heading font_container=&#8221;h4&#8243; font_size=&#8221;h5&#8243; text_color=&#8221;inherit&#8221;]Overholder NIR[\/elx_heading][vc_column_text el_class=&#8221;p-16&#8243; css=&#8221;.vc_custom_1679674344291{margin-top: 20px !important;}&#8221;]Nationale Infektionshygiejniske Retningslinjer<span style=\"color: #cea941;\"> <a style=\"color: #cea941;\" href=\"https:\/\/hygiejne.ssi.dk\/-\/media\/arkiv\/subsites\/infektionshygiejne\/retningslinjer\/nir\/nir-tekstiler.pdf?la=da\">(NIR) \u2013 om genbehandling af tekstiler til flergangsbrug i sundhedssektoren<\/a> <\/span>er blevet opdateret i april 2022. Der er bl.a. tilf\u00f8jet eksempler p\u00e5 kontrol af vaskeprocessen. Og definitioner af mikrobiologisk vask og \u00e6stetisk vask er pr\u00e6ciseret.&#8217;<\/p>\n<p>Alle vaskemaskiner fra Electrolux Professional overholder de nye NIR-krav. Det betyder, at maskinerne med garanti vasker t\u00f8jet ved 80 grader i minimum 10 minutter.[\/vc_column_text][\/vc_column][vc_column width=&#8221;1\/2&#8243;][vc_single_image image=&#8221;1934&#8243; img_size=&#8221;full&#8221;][\/vc_column][\/vc_row][vc_row][vc_column][vc_empty_space][\/vc_column][\/vc_row][vc_row][vc_column][vc_empty_space][elx_heading font_container=&#8221;h4&#8243; font_size=&#8221;h5&#8243; text_color=&#8221;inherit&#8221;]Proces for h\u00e5ndtering af vask p\u00e5 hospitaler:[\/elx_heading][vc_column_text el_class=&#8221;p-16&#8243;]Linned, h\u00e5ndkl\u00e6der, patient- og personalet\u00f8j kr\u00e6ver effektive vaskel\u00f8sninger, der eliminerer risikoen for infektion og krydskontaminering. F\u00f8rst og fremmest handler det om at holde vasket\u00f8jet adskilt i rene og urene zoner.[\/vc_column_text][vc_single_image image=&#8221;25558&#8243; img_size=&#8221;full&#8221; alignment=&#8221;center&#8221;][vc_empty_space][\/vc_column][\/vc_row][vc_row][vc_column][vc_empty_space][\/vc_column][\/vc_row][vc_row css=&#8221;.vc_custom_1666685957782{background-color: #041e41 !important;}&#8221;][vc_column width=&#8221;1\/5&#8243; offset=&#8221;vc_hidden-xs&#8221;][vc_single_image image=&#8221;25551&#8243; img_size=&#8221;full&#8221;][\/vc_column][vc_column width=&#8221;4\/5&#8243; css=&#8221;.vc_custom_1679900470911{padding-top: 20px !important;}&#8221; offset=&#8221;vc_hidden-xs&#8221;][vc_column_text el_class=&#8221;p-16-white&#8221;]<\/p>\n<h3 style=\"text-align: left;\"><strong>&#8220;Vi ser forskellen. Vores patienter m\u00e6rker det. Ingen anden leverand\u00f8r forst\u00e5r de specifikke processer i vores branche bedre eller tilbyder bedre l\u00f8sninger.&#8221;<\/strong><\/h3>\n<p style=\"text-align: left;\">Daniel Bertrand, vaskerioperat\u00f8r, Bourges, Frankrig<\/p>\n<p>[\/vc_column_text][\/vc_column][\/vc_row][vc_row][vc_column offset=&#8221;vc_hidden-lg vc_hidden-md vc_hidden-sm&#8221; css=&#8221;.vc_custom_1679900515442{padding-bottom: 32px !important;background-color: #041e41 !important;}&#8221;][vc_empty_space][vc_single_image image=&#8221;25551&#8243; img_size=&#8221;full&#8221; alignment=&#8221;center&#8221;][vc_column_text el_class=&#8221;p-16-white&#8221;]<\/p>\n<h3 style=\"text-align: left;\"><strong>&#8220;Vi ser forskellen. Vores patienter m\u00e6rker det. Ingen anden leverand\u00f8r forst\u00e5r de specifikke processer i vores branche bedre eller tilbyder bedre l\u00f8sninger.&#8221;<\/strong><\/h3>\n<p style=\"text-align: left;\">Daniel Bertrand, vaskerioperat\u00f8r, Bourges, Frankrig<\/p>\n<p>[\/vc_column_text][\/vc_column][\/vc_row][vc_row][vc_column offset=&#8221;vc_hidden-xs&#8221;][vc_empty_space][\/vc_column][\/vc_row][vc_row css=&#8221;.vc_custom_1679900575792{margin-top: 48px !important;}&#8221;][vc_column width=&#8221;3\/4&#8243;][elx_heading font_container=&#8221;h3&#8243; font_size=&#8221;h5&#8243; text_color=&#8221;inherit&#8221;]Barrierevaskemaskiner[\/elx_heading][vc_column_text el_class=&#8221;p-16&#8243;]I barrieremaskiner er rent og snavset vasket\u00f8j altid fysisk adskilt, s\u00e5 krydskontaminering undg\u00e5s. Electrolux Professionals barrierevaskemaskine placeres i v\u00e6ggen mellem to lokaler. Det snavsede vasket\u00f8j l\u00e6gges ind i en sluse p\u00e5 vaskemaskinens front. Efter vask tages det rene t\u00f8j ud af maskinens bagside i et andet lokale.<span style=\"color: #cea941;\"><br \/>\n<a style=\"color: #cea941;\" href=\"https:\/\/www.electroluxprofessional.com\/dk\/barriere-vaskemaskiner\/\">Se barrieremaskiner<\/a><\/span>[\/vc_column_text][\/vc_column][vc_column width=&#8221;1\/4&#8243;][vc_row_inner][vc_column_inner offset=&#8221;vc_hidden-lg vc_hidden-md vc_hidden-sm&#8221;][vc_empty_space][\/vc_column_inner][\/vc_row_inner][elx_image_block background_image=&#8221;7369&#8243; vert_back_position=&#8221;top&#8221; minimum_height=&#8221;200px&#8221;][vc_row_inner][vc_column_inner offset=&#8221;vc_hidden-lg vc_hidden-md vc_hidden-sm&#8221;][vc_empty_space][\/vc_column_inner][\/vc_row_inner][\/vc_column][\/vc_row][vc_row][vc_column width=&#8221;3\/4&#8243; css=&#8221;.vc_custom_1679674772792{padding-top: 10px !important;}&#8221;][elx_heading font_container=&#8221;h4&#8243; font_size=&#8221;h5&#8243; text_color=&#8221;inherit&#8221;]Certificeret ergonomisk[\/elx_heading][vc_column_text el_class=&#8221;p-16&#8243;]Alle modeller i Electrolux Professionals <span style=\"color: #cea941;\"><a style=\"color: #cea941;\" href=\"https:\/\/www.electroluxprofessional.com\/dk\/line-6000-loesninger\/\">Line 6000-serie<\/a> <\/span>er blevet testet af uafh\u00e6ngige eksperter og er certificeret i henhold til internationale standarder for ergonomi og brugerorienteret design. Og alle vores maskiner fik den prestigefyldte 4-stjernede ERGOCERT vurdering for ergonomi.<\/p>\n<p>En intuitiv brugerflade og ergonomisk design g\u00f8r maskiner fra Electrolux Professional nemme at bruge i hverdagen. Dermed reduceres risikoen for belastningsskader, hvilket mindsker sygehusets udgifter til uddannelse og sygefrav\u00e6r.[\/vc_column_text][\/vc_column][vc_column width=&#8221;1\/4&#8243;][vc_row_inner][vc_column_inner offset=&#8221;vc_hidden-lg vc_hidden-md vc_hidden-sm&#8221;][vc_empty_space height=&#8221;10px&#8221;][\/vc_column_inner][\/vc_row_inner][vc_single_image image=&#8221;25559&#8243; img_size=&#8221;full&#8221; alignment=&#8221;center&#8221; css=&#8221;.vc_custom_1679900808658{margin-top: 32px !important;background-color: #dadfe1 !important;}&#8221;][vc_row_inner][vc_column_inner offset=&#8221;vc_hidden-lg vc_hidden-md vc_hidden-sm&#8221;][vc_empty_space][\/vc_column_inner][\/vc_row_inner][\/vc_column][\/vc_row][vc_row][vc_column width=&#8221;3\/4&#8243; css=&#8221;.vc_custom_1679674764712{padding-top: 10px !important;}&#8221;][vc_empty_space][elx_heading font_container=&#8221;h4&#8243; font_size=&#8221;h5&#8243; text_color=&#8221;inherit&#8221;]Electrolux Professional Global Hygiene Advanced program[\/elx_heading][vc_column_text el_class=&#8221;p-16&#8243;]<em>Electrolux Professional Global Hygiene Advanced<\/em> programmer giver dig rent og desinficeret vasket\u00f8j. Programmet sikrer log 6* inaktivering af SARS-CoV-2 virus gennem kombinationen af vask og t\u00f8rring eller vask og strygning.<\/p>\n<p><a href=\"https:\/\/www.electroluxprofessional.com\/dk\/rise-sikkert-vaskeri\/\">L\u00e6s mere<\/a>[\/vc_column_text][\/vc_column][vc_column width=&#8221;1\/4&#8243;][vc_row_inner][vc_column_inner offset=&#8221;vc_hidden-xs&#8221;][vc_empty_space height=&#8221;42px&#8221;][\/vc_column_inner][\/vc_row_inner][vc_single_image image=&#8221;17272&#8243; img_size=&#8221;full&#8221; alignment=&#8221;right&#8221; css=&#8221;.vc_custom_1679900920687{margin-top: -10px !important;}&#8221;][vc_row_inner][vc_column_inner offset=&#8221;vc_hidden-lg vc_hidden-md vc_hidden-sm&#8221;][vc_empty_space][\/vc_column_inner][\/vc_row_inner][\/vc_column][\/vc_row][vc_row css=&#8221;.vc_custom_1679850683365{margin-top: 60px !important;padding-top: 30px !important;padding-bottom: 30px !important;background-color: #dadfe1 !important;}&#8221; el_id=&#8221;kontakt&#8221;][vc_column width=&#8221;1\/5&#8243; el_id=&#8221;kontakt&#8221;][vc_single_image image=&#8221;25560&#8243; img_size=&#8221;180&#215;180&#8243;][\/vc_column][vc_column width=&#8221;4\/5&#8243;][elx_heading font_container=&#8221;h5&#8243; font_size=&#8221;h5&#8243; text_color=&#8221;orange&#8221; text_align=&#8221;text-left&#8221;]Electrolux Professionals fabrikker er ISO certificeret og maskinerne 95% genanvendelige[\/elx_heading][vc_column_text el_class=&#8221;p-16&#8243;]Electrolux Professionals fabrikker er alle ISO 14001 certificerede. Maskinerne er designet til et lavt forbrug af vand, energi, kemikalier og skadelige emissioner. I de senere \u00e5r er 70 % af maskinerne blevet opdateret med vores kunders milj\u00f8m\u00e5l for \u00f8je. Teknologien i maskinerne er RoHS og REACH kompatibel, og de er 95 % genanvendelige. Electrolux Professional blev udn\u00e6vnt til Elite Leverand\u00f8r til det offentlige i 2021.[\/vc_column_text][\/vc_column][\/vc_row][vc_row][vc_column][vc_empty_space][\/vc_column][\/vc_row][vc_row el_class=&#8221;center&#8221;][vc_column][vc_empty_space][elx_heading text_color=&#8221;inherit&#8221; text_align=&#8221;text-center&#8221;]Har du sp\u00f8rgsm\u00e5l?[\/elx_heading][vc_column_text el_class=&#8221;p-16&#8243;]<\/p>\n<p style=\"text-align: center;\">s\u00e5 kontakt os p\u00e5 tlf. 63 76 22 20, eller skriv til os.<\/p>\n<p>[\/vc_column_text][vc_empty_space][elx_o2000_contact_us s=&#8221;Kontakt mig &#8230;&#8221; country=&#8221;Denmark&#8221; b=&#8221;laundry&#8221; compact_view=&#8221;1&#8243; button_mode=&#8221;true&#8221; r=&#8221;Kontakt mig ang\u00e5ende&#8230;&#8221; text_btn_contact=&#8221;Kontakt os \u2013 udfyld formular&#8221;][vc_empty_space height=&#8221;80px&#8221;][\/vc_column][\/vc_row]<\/p>\n","protected":false},"excerpt":{"rendered":"<p>[vc_row full_width=&#8221;electroluxpro-full-width-no-padding&#8221; css=&#8221;.vc_custom_1679674053882{margin-top: -50px !important;background-color: rgba(7,162,186,0.2) !important;*background-color: rgb(7,162,186) !important;}&#8221;][vc_column][elx_hero_slider label_text_color=&#8221;inherit&#8221; images=&#8221;25587&#8243;][elx_heading font_container=&#8221;h1&#8243; font_size=&#8221;h2&#8243; text_color=&#8221;inherit&#8221;]Hospital[\/elx_heading][vc_column_text el_class=&#8221;p-16&#8243;]Med Electrolux Professional kan du vaske linned, h\u00e5ndkl\u00e6der, patient- og personalet\u00f8j 100 pct. bakteriefrit. Overholder NIR-kravene.*[\/vc_column_text][\/elx_hero_slider][\/vc_column][\/vc_row][vc_row css=&#8221;.vc_custom_1679674142607{margin-top: 10px !important;}&#8221;][vc_column][vc_column_text el_class=&#8221;p-12&#8243;] *) NIR \u2013 Nationale Infektionshygiejniske Retningslinjer udarbejdet af Central Enhed for Infektionshygiejne (CEI), 2. udgave 2022. [\/vc_column_text][\/vc_column][\/vc_row][vc_row][vc_column offset=&#8221;vc_hidden-xs&#8221;][vc_empty_space height=&#8221;40px&#8221;][\/vc_column][\/vc_row][vc_row css=&#8221;.vc_custom_1679900992352{margin-top: 40px [&hellip;]<\/p>\n","protected":false},"author":64,"featured_media":25549,"parent":0,"menu_order":0,"comment_status":"closed","ping_status":"closed","template":"","meta":{"footnotes":""},"class_list":["post-25556","page","type-page","status-publish","has-post-thumbnail","hentry"],"acf":[],"yoast_head":"<!-- This site is optimized with the Yoast SEO plugin v23.3 - https:\/\/yoast.com\/wordpress\/plugins\/seo\/ -->\n<title>Effektive og hygiejniske vaskel\u00f8sninger til hospitaler<\/title>\n<meta name=\"description\" content=\"Med Electrolux Professional kan dit sygehus vaske linned, h\u00e5ndkl\u00e6der, patient- og personalet\u00f8j 100 pct. bakteriefrit. Overholder NIR-kravene.\" \/>\n<meta name=\"robots\" content=\"index, follow, max-snippet:-1, max-image-preview:large, max-video-preview:-1\" \/>\n<link rel=\"canonical\" href=\"https:\/\/www.electroluxprofessional.com\/dk\/effektive-og-hygiejniske-vaskeloesninger-til-hospitaler\/\" \/>\n<meta property=\"og:locale\" content=\"da_DK\" \/>\n<meta property=\"og:type\" content=\"article\" \/>\n<meta property=\"og:title\" content=\"Effektive og hygiejniske vaskel\u00f8sninger til hospitaler\" \/>\n<meta property=\"og:description\" content=\"Med Electrolux Professional kan dit sygehus vaske linned, h\u00e5ndkl\u00e6der, patient- og personalet\u00f8j 100 pct. bakteriefrit. Overholder NIR-kravene.\" \/>\n<meta property=\"og:url\" content=\"https:\/\/www.electroluxprofessional.com\/dk\/effektive-og-hygiejniske-vaskeloesninger-til-hospitaler\/\" \/>\n<meta property=\"og:site_name\" content=\"Electrolux Professional Danmark\" \/>\n<meta property=\"article:modified_time\" content=\"2026-03-17T14:09:08+00:00\" \/>\n<meta property=\"og:image\" content=\"https:\/\/www.electroluxprofessional.com\/dk\/wp-content\/uploads\/2023\/01\/doctor-hospital-hands.jpg\" \/>\n\t<meta property=\"og:image:width\" content=\"667\" \/>\n\t<meta property=\"og:image:height\" content=\"500\" \/>\n\t<meta property=\"og:image:type\" content=\"image\/jpeg\" \/>\n<meta name=\"twitter:card\" content=\"summary_large_image\" \/>\n<meta name=\"twitter:label1\" content=\"Estimeret l\u00e6setid\" \/>\n\t<meta name=\"twitter:data1\" content=\"5 minutter\" \/>\n<script type=\"application\/ld+json\" class=\"yoast-schema-graph\">{\"@context\":\"https:\/\/schema.org\",\"@graph\":[{\"@type\":\"WebPage\",\"@id\":\"https:\/\/www.electroluxprofessional.com\/dk\/effektive-og-hygiejniske-vaskeloesninger-til-hospitaler\/\",\"url\":\"https:\/\/www.electroluxprofessional.com\/dk\/effektive-og-hygiejniske-vaskeloesninger-til-hospitaler\/\",\"name\":\"Effektive og hygiejniske vaskel\u00f8sninger til hospitaler\",\"isPartOf\":{\"@id\":\"https:\/\/www.electroluxprofessional.com\/dk\/#website\"},\"primaryImageOfPage\":{\"@id\":\"https:\/\/www.electroluxprofessional.com\/dk\/effektive-og-hygiejniske-vaskeloesninger-til-hospitaler\/#primaryimage\"},\"image\":{\"@id\":\"https:\/\/www.electroluxprofessional.com\/dk\/effektive-og-hygiejniske-vaskeloesninger-til-hospitaler\/#primaryimage\"},\"thumbnailUrl\":\"https:\/\/www.electroluxprofessional.com\/dk\/wp-content\/uploads\/2023\/01\/doctor-hospital-hands.jpg\",\"datePublished\":\"2023-03-26T12:46:26+00:00\",\"dateModified\":\"2026-03-17T14:09:08+00:00\",\"description\":\"Med Electrolux Professional kan dit sygehus vaske linned, h\u00e5ndkl\u00e6der, patient- og personalet\u00f8j 100 pct. bakteriefrit. Overholder NIR-kravene.\",\"breadcrumb\":{\"@id\":\"https:\/\/www.electroluxprofessional.com\/dk\/effektive-og-hygiejniske-vaskeloesninger-til-hospitaler\/#breadcrumb\"},\"inLanguage\":\"da-DK\",\"potentialAction\":[{\"@type\":\"ReadAction\",\"target\":[\"https:\/\/www.electroluxprofessional.com\/dk\/effektive-og-hygiejniske-vaskeloesninger-til-hospitaler\/\"]}]},{\"@type\":\"ImageObject\",\"inLanguage\":\"da-DK\",\"@id\":\"https:\/\/www.electroluxprofessional.com\/dk\/effektive-og-hygiejniske-vaskeloesninger-til-hospitaler\/#primaryimage\",\"url\":\"https:\/\/www.electroluxprofessional.com\/dk\/wp-content\/uploads\/2023\/01\/doctor-hospital-hands.jpg\",\"contentUrl\":\"https:\/\/www.electroluxprofessional.com\/dk\/wp-content\/uploads\/2023\/01\/doctor-hospital-hands.jpg\",\"width\":667,\"height\":500,\"caption\":\"hospital and care homes\"},{\"@type\":\"BreadcrumbList\",\"@id\":\"https:\/\/www.electroluxprofessional.com\/dk\/effektive-og-hygiejniske-vaskeloesninger-til-hospitaler\/#breadcrumb\",\"itemListElement\":[{\"@type\":\"ListItem\",\"position\":1,\"name\":\"Home\",\"item\":\"https:\/\/www.electroluxprofessional.com\/dk\/\"},{\"@type\":\"ListItem\",\"position\":2,\"name\":\"Hospitaler\"}]},{\"@type\":\"WebSite\",\"@id\":\"https:\/\/www.electroluxprofessional.com\/dk\/#website\",\"url\":\"https:\/\/www.electroluxprofessional.com\/dk\/\",\"name\":\"Electrolux Professional Danmark\",\"description\":\"\",\"potentialAction\":[{\"@type\":\"SearchAction\",\"target\":{\"@type\":\"EntryPoint\",\"urlTemplate\":\"https:\/\/www.electroluxprofessional.com\/dk\/?src={search_term_string}\"},\"query-input\":\"required name=search_term_string\"}],\"inLanguage\":\"da-DK\"}]}<\/script>\n<!-- \/ Yoast SEO plugin. -->","yoast_head_json":{"title":"Effektive og hygiejniske vaskel\u00f8sninger til hospitaler","description":"Med Electrolux Professional kan dit sygehus vaske linned, h\u00e5ndkl\u00e6der, patient- og personalet\u00f8j 100 pct. bakteriefrit. Overholder NIR-kravene.","robots":{"index":"index","follow":"follow","max-snippet":"max-snippet:-1","max-image-preview":"max-image-preview:large","max-video-preview":"max-video-preview:-1"},"canonical":"https:\/\/www.electroluxprofessional.com\/dk\/effektive-og-hygiejniske-vaskeloesninger-til-hospitaler\/","og_locale":"da_DK","og_type":"article","og_title":"Effektive og hygiejniske vaskel\u00f8sninger til hospitaler","og_description":"Med Electrolux Professional kan dit sygehus vaske linned, h\u00e5ndkl\u00e6der, patient- og personalet\u00f8j 100 pct. bakteriefrit. Overholder NIR-kravene.","og_url":"https:\/\/www.electroluxprofessional.com\/dk\/effektive-og-hygiejniske-vaskeloesninger-til-hospitaler\/","og_site_name":"Electrolux Professional Danmark","article_modified_time":"2026-03-17T14:09:08+00:00","og_image":[{"width":667,"height":500,"url":"https:\/\/www.electroluxprofessional.com\/dk\/wp-content\/uploads\/2023\/01\/doctor-hospital-hands.jpg","type":"image\/jpeg"}],"twitter_card":"summary_large_image","twitter_misc":{"Estimeret l\u00e6setid":"5 minutter"},"schema":{"@context":"https:\/\/schema.org","@graph":[{"@type":"WebPage","@id":"https:\/\/www.electroluxprofessional.com\/dk\/effektive-og-hygiejniske-vaskeloesninger-til-hospitaler\/","url":"https:\/\/www.electroluxprofessional.com\/dk\/effektive-og-hygiejniske-vaskeloesninger-til-hospitaler\/","name":"Effektive og hygiejniske vaskel\u00f8sninger til hospitaler","isPartOf":{"@id":"https:\/\/www.electroluxprofessional.com\/dk\/#website"},"primaryImageOfPage":{"@id":"https:\/\/www.electroluxprofessional.com\/dk\/effektive-og-hygiejniske-vaskeloesninger-til-hospitaler\/#primaryimage"},"image":{"@id":"https:\/\/www.electroluxprofessional.com\/dk\/effektive-og-hygiejniske-vaskeloesninger-til-hospitaler\/#primaryimage"},"thumbnailUrl":"https:\/\/www.electroluxprofessional.com\/dk\/wp-content\/uploads\/2023\/01\/doctor-hospital-hands.jpg","datePublished":"2023-03-26T12:46:26+00:00","dateModified":"2026-03-17T14:09:08+00:00","description":"Med Electrolux Professional kan dit sygehus vaske linned, h\u00e5ndkl\u00e6der, patient- og personalet\u00f8j 100 pct. bakteriefrit. Overholder NIR-kravene.","breadcrumb":{"@id":"https:\/\/www.electroluxprofessional.com\/dk\/effektive-og-hygiejniske-vaskeloesninger-til-hospitaler\/#breadcrumb"},"inLanguage":"da-DK","potentialAction":[{"@type":"ReadAction","target":["https:\/\/www.electroluxprofessional.com\/dk\/effektive-og-hygiejniske-vaskeloesninger-til-hospitaler\/"]}]},{"@type":"ImageObject","inLanguage":"da-DK","@id":"https:\/\/www.electroluxprofessional.com\/dk\/effektive-og-hygiejniske-vaskeloesninger-til-hospitaler\/#primaryimage","url":"https:\/\/www.electroluxprofessional.com\/dk\/wp-content\/uploads\/2023\/01\/doctor-hospital-hands.jpg","contentUrl":"https:\/\/www.electroluxprofessional.com\/dk\/wp-content\/uploads\/2023\/01\/doctor-hospital-hands.jpg","width":667,"height":500,"caption":"hospital and care homes"},{"@type":"BreadcrumbList","@id":"https:\/\/www.electroluxprofessional.com\/dk\/effektive-og-hygiejniske-vaskeloesninger-til-hospitaler\/#breadcrumb","itemListElement":[{"@type":"ListItem","position":1,"name":"Home","item":"https:\/\/www.electroluxprofessional.com\/dk\/"},{"@type":"ListItem","position":2,"name":"Hospitaler"}]},{"@type":"WebSite","@id":"https:\/\/www.electroluxprofessional.com\/dk\/#website","url":"https:\/\/www.electroluxprofessional.com\/dk\/","name":"Electrolux Professional Danmark","description":"","potentialAction":[{"@type":"SearchAction","target":{"@type":"EntryPoint","urlTemplate":"https:\/\/www.electroluxprofessional.com\/dk\/?src={search_term_string}"},"query-input":"required name=search_term_string"}],"inLanguage":"da-DK"}]}},"_links":{"self":[{"href":"https:\/\/www.electroluxprofessional.com\/dk\/wp-json\/wp\/v2\/pages\/25556"}],"collection":[{"href":"https:\/\/www.electroluxprofessional.com\/dk\/wp-json\/wp\/v2\/pages"}],"about":[{"href":"https:\/\/www.electroluxprofessional.com\/dk\/wp-json\/wp\/v2\/types\/page"}],"author":[{"embeddable":true,"href":"https:\/\/www.electroluxprofessional.com\/dk\/wp-json\/wp\/v2\/users\/64"}],"replies":[{"embeddable":true,"href":"https:\/\/www.electroluxprofessional.com\/dk\/wp-json\/wp\/v2\/comments?post=25556"}],"version-history":[{"count":21,"href":"https:\/\/www.electroluxprofessional.com\/dk\/wp-json\/wp\/v2\/pages\/25556\/revisions"}],"predecessor-version":[{"id":32116,"href":"https:\/\/www.electroluxprofessional.com\/dk\/wp-json\/wp\/v2\/pages\/25556\/revisions\/32116"}],"wp:featuredmedia":[{"embeddable":true,"href":"https:\/\/www.electroluxprofessional.com\/dk\/wp-json\/wp\/v2\/media\/25549"}],"wp:attachment":[{"href":"https:\/\/www.electroluxprofessional.com\/dk\/wp-json\/wp\/v2\/media?parent=25556"}],"curies":[{"name":"wp","href":"https:\/\/api.w.org\/{rel}","templated":true}]}}