{"id":24482,"date":"2025-07-28T12:07:17","date_gmt":"2025-07-28T12:07:17","guid":{"rendered":"https:\/\/www.electroluxprofessional.com\/dk\/?page_id=24482"},"modified":"2025-09-03T12:13:14","modified_gmt":"2025-09-03T12:13:14","slug":"vaelg-rigtigt","status":"publish","type":"page","link":"https:\/\/www.electroluxprofessional.com\/dk\/vaelg-rigtigt\/","title":{"rendered":"V\u00e6lg rigtig"},"content":{"rendered":"<p>[vc_row full_width=&#8221;electroluxpro-full-width-no-padding&#8221;][vc_column reveal_effect=&#8221;&#8221;][elx_hero_slider label_text_color=&#8221;inherit&#8221; images=&#8221;19076&#8243;][vc_empty_space height=&#8221;80px&#8221;][\/elx_hero_slider][\/vc_column][\/vc_row][vc_row css=&#8221;.vc_custom_1665489656090{margin-top: 60px !important;}&#8221;][vc_column][vc_row_inner full_width=&#8221;electroluxpro-full-width&#8221;][vc_column_inner][elx_heading font_container=&#8221;h1&#8243; font_size=&#8221;h1&#8243; text_color=&#8221;inherit&#8221; text_align=&#8221;text-left&#8221; css=&#8221;.vc_custom_1666258534527{margin-left: -20px !important;}&#8221;]Skal dit nye vaskeri betales kontant?<br \/>\nEller finansieres med l\u00e5n, leasing eller brugerbetaling?[\/elx_heading][vc_empty_space][\/vc_column_inner][\/vc_row_inner][vc_row_inner css=&#8221;.vc_custom_1665488849944{margin-top: 20px !important;}&#8221;][vc_column_inner width=&#8221;1\/2&#8243; css=&#8221;.vc_custom_1665489991017{padding-top: 25px !important;}&#8221;][vc_column_text el_class=&#8221;p-16&#8243;]I beslutningsprocessen ved k\u00f8b af nye vaskerimaskiner \u2013 eller m\u00e5ske et helt nyt vaskeri \u2013 skal du tage stilling til mange ting: Hvilke maskiner og hvor mange? Hvilken leverand\u00f8r og bookingsystem? Skal I have automatisk s\u00e6bedosering, serviceaftale m.m.? Og s\u00e5 den mere kedelige side af sagen:\u00a0<strong>Hvordan skal I betale for vaskeriet?<\/strong><\/p>\n<p><strong>F\u00e5 vores guide om finansiering af vaskeri<\/strong><br \/>\nFor at give dig et bedre grundlag at tr\u00e6ffe beslutning p\u00e5, har vi lavet lille e-bog med en guide til de forskellige muligheder, du har for at finansiere nye vaskemaskiner og t\u00f8rretumblere til dit vaskeri:\u00a0<strong>Kontant, l\u00e5n, leasing<\/strong>\u00a0og\u00a0<strong>brugerbetaling<\/strong>.[\/vc_column_text][elx_button button_text=&#8221;F\u00e5 gratis guide&#8221; button_display_block=&#8221;display_block_on&#8221; css=&#8221;.vc_custom_1756900902483{margin-top: 40px !important;}&#8221; button_link=&#8221;url:https%3A%2F%2Fwww.electroluxprofessional.com%2Fdk%2Fwp-content%2Fuploads%2F2025%2F08%2FElectrolux_Professional_FinansieringsGuide.pdf|target:_blank&#8221;][\/vc_column_inner][vc_column_inner width=&#8221;1\/2&#8243; offset=&#8221;vc_hidden-xs&#8221;][vc_single_image image=&#8221;24739&#8243; img_size=&#8221;800&#215;600&#8243; onclick=&#8221;custom_link&#8221; link=&#8221;https:\/\/www.electroluxprofessional.com\/dk\/wp-content\/uploads\/2025\/08\/Electrolux_Professional_FinansieringsGuide.pdf&#8221;][\/vc_column_inner][\/vc_row_inner][vc_row_inner css=&#8221;.vc_custom_1665488849944{margin-top: 20px !important;}&#8221;][vc_column_inner offset=&#8221;vc_hidden-lg vc_hidden-md vc_hidden-sm&#8221;][vc_empty_space][vc_single_image image=&#8221;24739&#8243; img_size=&#8221;800&#215;600&#8243; onclick=&#8221;custom_link&#8221; link=&#8221;https:\/\/www.electroluxprofessional.com\/dk\/wp-content\/uploads\/2025\/08\/Electrolux_Professional_FinansieringsGuide.pdf&#8221;][\/vc_column_inner][\/vc_row_inner][\/vc_column][\/vc_row][vc_row disable_element=&#8221;yes&#8221; css=&#8221;.vc_custom_1665558629632{margin-top: 20px !important;}&#8221;][vc_column][vc_row_inner css=&#8221;.vc_custom_1665489237189{margin-top: 20px !important;padding-right: 15px !important;padding-left: 15px !important;}&#8221;][vc_column_inner css=&#8221;.vc_custom_1665489199644{padding: 30px !important;border: 1px solid #dadfe1 !important;}&#8221;][vc_empty_space][vc_column_text]<\/p>\n<h2>Tak, jeg vil gerne have guiden om finansiering af vaskeri.<\/h2>\n<p>[\/vc_column_text][vc_empty_space height=&#8221;20px&#8221;][elx_o2000_contact_us s=&#8221;Gratis guide&#8221; campaign=&#8221;7015p0000016QN9AAM&#8221; text_send_button=&#8221;F\u00c5 GRATIS GUIDE&#8221; request_type=&#8221;Other&#8221; flag_hide_request_type=&#8221;true&#8221; country=&#8221;Denmark&#8221; b=&#8221;laundry&#8221;][\/vc_column_inner][\/vc_row_inner][\/vc_column][\/vc_row][vc_row css=&#8221;.vc_custom_1665559251906{margin-top: 60px !important;padding-top: 40px !important;padding-bottom: 50px !important;background-color: #041e41 !important;}&#8221;][vc_column css=&#8221;.vc_custom_1665084519261{background-color: #041e41 !important;}&#8221;][vc_row_inner][vc_column_inner][vc_column_text el_class=&#8221;p-16-white&#8221;]<\/p>\n<h4>F\u00e5 svar p\u00e5 dine sp\u00f8rgsm\u00e5l<\/h4>\n<p>\u00b7 Er det altid en fordel at betale <strong>kontant<\/strong>, hvis vi har pengene? \u00b7 Hvad sker der med maskinerne, n\u00e5r <strong>leasing<\/strong>perioden er slut?<br \/>\n\u00b7 Hvad er vores \u00f8konomiske forpligtelse, hvis vi v\u00e6lger en <strong>pay-per-use<\/strong> l\u00f8sning?<br \/>\n\u00b7 Hvor stor en procentdel af vaskeriets v\u00e6rdi kan vi finansiere med et <strong>l\u00e5n?<\/strong><\/p>\n<p>I guiden f\u00e5r du svar p\u00e5 disse sp\u00f8rgsm\u00e5l og mange andre fakta om finansiering. <a href=\"https:\/\/www.electroluxprofessional.com\/dk\/wp-content\/uploads\/2025\/08\/Electrolux_Professional_FinansieringsGuide.pdf\"><span style=\"color: #ffffff;\"><strong>F\u00e5 guiden her<\/strong><\/span><\/a>[\/vc_column_text][\/vc_column_inner][\/vc_row_inner][\/vc_column][\/vc_row][vc_row css=&#8221;.vc_custom_1665498878653{margin-top: 50px !important;margin-bottom: 30px !important;}&#8221;][vc_column width=&#8221;5\/12&#8243;][vc_single_image image=&#8221;30340&#8243; img_size=&#8221;full&#8221;][\/vc_column][vc_column width=&#8221;7\/12&#8243; css=&#8221;.vc_custom_1756901434108{padding-top: 40px !important;}&#8221;][elx_heading font_size=&#8221;h2&#8243; text_color=&#8221;inherit&#8221; text_align=&#8221;text-left&#8221;]Boligforening i Herlev sparer 200.000 kr. p\u00e5 str\u00f8mforbruget efter 13 m\u00e5neder med nye maskiner i f\u00e6llesvaskeriet<br \/>\n[\/elx_heading][vc_column_text el_class=&#8221;p-16&#8243;]<a href=\"https:\/\/www.electroluxprofessional.com\/dk\/maskiner-tjener-sig-selv-hjem\/\" target=\"_blank\" rel=\"noopener\"><u>Se videointerview med foreningens serviceleder<\/u> <\/a>[\/vc_column_text][\/vc_column][\/vc_row][vc_row css=&#8221;.vc_custom_1665498878653{margin-top: 50px !important;margin-bottom: 30px !important;}&#8221;][vc_column css=&#8221;.vc_custom_1756901482356{border-top-width: 1px !important;padding-top: 80px !important;border-top-color: #041e41 !important;border-top-style: solid !important;}&#8221;][vc_empty_space height=&#8221;60px&#8221;][elx_heading font_size=&#8221;h1&#8243; text_color=&#8221;inherit&#8221; text_align=&#8221;text-center&#8221;]Se et udvalg af Line 6000 vaskemaskiner[\/elx_heading][\/vc_column][\/vc_row][vc_row][vc_column width=&#8221;1\/3&#8243;]<div class=\"product-list-item\"><div class=\"single-product-content\"><a href=\"https:\/\/www.electroluxprofessional.com\/dk\/pd\/vaskemaskiner\/h\u00f8jcentrifugerende-300-530-g\/wh6-6\/wh6-6\/WH6-6\/\" target=\"_blank\"><figure class=\"wow fadeIn\"><img decoding=\"async\" src=\"https:\/\/tools.electroluxprofessional.com\/Mirror\/Doc\/ELS%2FPH_255x255%2FWH6-6.jpg\" alt=\"WH6-6\"><\/figure><h3>WH6-6<\/h3><\/a><div class=\"product-description\">Vaskemaskine, 6 kg med Compass Pro<\/div><\/div><hr><div class=\"pre-actions\"><div class=\"reviews\"><\/div><\/div><div class=\"action\"><a href=\"https:\/\/www.electroluxprofessional.com\/dk\/pd\/vaskemaskiner\/h\u00f8jcentrifugerende-300-530-g\/wh6-6\/wh6-6\/WH6-6\/\" target=\"_blank\" class=\"btn btn-primary\">Mere info<\/a><\/div><\/div><div class=\"product-list-item\"><div class=\"single-product-content\"><a href=\"https:\/\/www.electroluxprofessional.com\/dk\/pd\/vaskemaskiner\/h\u00f8jcentrifugerende-300-530-g\/wh6-14\/wh6-14\/WH6-14\/\" target=\"_blank\"><figure class=\"wow fadeIn\"><img decoding=\"async\" src=\"https:\/\/tools.electroluxprofessional.com\/Mirror\/Doc\/ELS%2FPH_255x255%2FWH6-14.jpg\" alt=\"WH6-14\"><\/figure><h3>WH6-14<\/h3><\/a><div class=\"product-description\">Vaskemaskine, 14 kilo, Compass Pro<\/div><\/div><hr><div class=\"pre-actions\"><div class=\"reviews\"><\/div><\/div><div class=\"action\"><a href=\"https:\/\/www.electroluxprofessional.com\/dk\/pd\/vaskemaskiner\/h\u00f8jcentrifugerende-300-530-g\/wh6-14\/wh6-14\/WH6-14\/\" target=\"_blank\" class=\"btn btn-primary\">Mere info<\/a><\/div><\/div>[\/vc_column][vc_column width=&#8221;1\/3&#8243;]<div class=\"product-list-item\"><div class=\"single-product-content\"><a href=\"https:\/\/www.electroluxprofessional.com\/dk\/pd\/vaskemaskiner\/h\u00f8jcentrifugerende-300-530-g\/wh6-7\/wh6-7\/WH6-7\/\" target=\"_blank\"><figure class=\"wow fadeIn\"><img decoding=\"async\" src=\"https:\/\/tools.electroluxprofessional.com\/Mirror\/Doc\/ELS%2FPH_255x255%2FWH6-7.jpg\" alt=\"WH6-7\"><\/figure><h3>WH6-7<\/h3><\/a><div class=\"product-description\">Vaskemaskine, 7 kilo, Compass Pro<\/div><\/div><hr><div class=\"pre-actions\"><div class=\"reviews\"><\/div><\/div><div class=\"action\"><a href=\"https:\/\/www.electroluxprofessional.com\/dk\/pd\/vaskemaskiner\/h\u00f8jcentrifugerende-300-530-g\/wh6-7\/wh6-7\/WH6-7\/\" target=\"_blank\" class=\"btn btn-primary\">Mere info<\/a><\/div><\/div><div class=\"product-list-item\"><div class=\"single-product-content\"><a href=\"https:\/\/www.electroluxprofessional.com\/dk\/pd\/vaskemaskiner\/h\u00f8jcentrifugerende-300-530-g\/wh6-20\/wh6-20\/WH6-20\/\" target=\"_blank\"><figure class=\"wow fadeIn\"><img decoding=\"async\" src=\"https:\/\/tools.electroluxprofessional.com\/Mirror\/Doc\/ELS%2FPH_255x255%2FWH6-20%20frontal%20view%20copy.jpg\" alt=\"WH6-20\"><\/figure><h3>WH6-20<\/h3><\/a><div class=\"product-description\">Vaskemaskine, 20 kilo, Compass Pro<\/div><\/div><hr><div class=\"pre-actions\"><div class=\"reviews\"><\/div><\/div><div class=\"action\"><a href=\"https:\/\/www.electroluxprofessional.com\/dk\/pd\/vaskemaskiner\/h\u00f8jcentrifugerende-300-530-g\/wh6-20\/wh6-20\/WH6-20\/\" target=\"_blank\" class=\"btn btn-primary\">Mere info<\/a><\/div><\/div>[\/vc_column][vc_column width=&#8221;1\/3&#8243;]<div class=\"product-list-item\"><div class=\"single-product-content\"><a href=\"https:\/\/www.electroluxprofessional.com\/dk\/pd\/vaskemaskiner\/h\u00f8jcentrifugerende-300-530-g\/wh6-8\/wh6-8\/WH6-8\/\" target=\"_blank\"><figure class=\"wow fadeIn\"><img decoding=\"async\" src=\"https:\/\/tools.electroluxprofessional.com\/Mirror\/Doc\/ELS%2FPH_255x255%2FWH6-8.jpg\" alt=\"WH6-8\"><\/figure><h3>WH6-8<\/h3><\/a><div class=\"product-description\">Vaskemaskine, 8 kilo, Compass Pro<\/div><\/div><hr><div class=\"pre-actions\"><div class=\"reviews\"><\/div><\/div><div class=\"action\"><a href=\"https:\/\/www.electroluxprofessional.com\/dk\/pd\/vaskemaskiner\/h\u00f8jcentrifugerende-300-530-g\/wh6-8\/wh6-8\/WH6-8\/\" target=\"_blank\" class=\"btn btn-primary\">Mere info<\/a><\/div><\/div><div class=\"product-list-item\"><div class=\"single-product-content\"><a href=\"https:\/\/www.electroluxprofessional.com\/dk\/pd\/vaskemaskiner\/h\u00f8jcentrifugerende-300-530-g\/wh6-33\/wh6-33\/WH6-33\/\" target=\"_blank\"><figure class=\"wow fadeIn\"><img decoding=\"async\" src=\"https:\/\/tools.electroluxprofessional.com\/Mirror\/Doc\/ELS%2FPH_255x255%2FWH6-33%20frontal%20view%20copy.jpg\" alt=\"WH6-33\"><\/figure><h3>WH6-33<\/h3><\/a><div class=\"product-description\">Vaskemaskine, 33 kilo, Compass Pro<\/div><\/div><hr><div class=\"pre-actions\"><div class=\"reviews\"><\/div><\/div><div class=\"action\"><a href=\"https:\/\/www.electroluxprofessional.com\/dk\/pd\/vaskemaskiner\/h\u00f8jcentrifugerende-300-530-g\/wh6-33\/wh6-33\/WH6-33\/\" target=\"_blank\" class=\"btn btn-primary\">Mere info<\/a><\/div><\/div>[\/vc_column][\/vc_row][vc_row el_id=&#8221;tilbud&#8221; css=&#8221;.vc_custom_1665498895821{margin-top: 50px !important;margin-bottom: 30px !important;}&#8221;][vc_column][elx_heading font_size=&#8221;h1&#8243; text_color=&#8221;inherit&#8221; text_align=&#8221;text-center&#8221;]Se udvalg af superlavenergi varmepumpetumblere[\/elx_heading][\/vc_column][\/vc_row][vc_row matched_labels=&#8221;&#8221; css=&#8221;.vc_custom_1756901589974{margin-top: 32px !important;margin-bottom: 60px !important;}&#8221;][vc_column width=&#8221;1\/3&#8243;]<div class=\"product-list-item\"><div class=\"single-product-content\"><a href=\"https:\/\/www.electroluxprofessional.com\/dk\/pd\/t\u00f8rretumblere\/t\u00f8rretumblere-standard\/td6-7\/td6-7\/TD6-7\/\" target=\"_blank\"><figure class=\"wow fadeIn\"><img decoding=\"async\" src=\"https:\/\/tools.electroluxprofessional.com\/Mirror\/Doc\/ELS%2FPH_255x255%2FTD6-7.jpg\" alt=\"TD6-7\"><\/figure><h3>TD6-7<\/h3><\/a><div class=\"product-description\">T\u00f8rretumbler, 7 kg. Findes ogs\u00e5 med varmepumpe<\/div><\/div><hr><div class=\"pre-actions\"><div class=\"reviews\"><\/div><\/div><div class=\"action\"><a href=\"https:\/\/www.electroluxprofessional.com\/dk\/pd\/t\u00f8rretumblere\/t\u00f8rretumblere-standard\/td6-7\/td6-7\/TD6-7\/\" target=\"_blank\" class=\"btn btn-primary\">Mere info<\/a><\/div><\/div><div class=\"product-list-item\"><div class=\"single-product-content\"><a href=\"https:\/\/www.electroluxprofessional.com\/dk\/pd\/t\u00f8rretumblere\/t\u00f8rretumblere-standard\/td6-20\/td6-20\/TD6-20\/\" target=\"_blank\"><figure class=\"wow fadeIn\"><img decoding=\"async\" src=\"https:\/\/tools.electroluxprofessional.com\/Mirror\/Doc\/ELS%2FPH_255x255%2FTD6-20.jpg\" alt=\"TD6-20\"><\/figure><h3>TD6-20<\/h3><\/a><div class=\"product-description\">T\u00f8rretumbler, 20 kg, Compass Pro. Findes ogs\u00e5 med varmepumpe<\/div><\/div><hr><div class=\"pre-actions\"><div class=\"reviews\"><\/div><\/div><div class=\"action\"><a href=\"https:\/\/www.electroluxprofessional.com\/dk\/pd\/t\u00f8rretumblere\/t\u00f8rretumblere-standard\/td6-20\/td6-20\/TD6-20\/\" target=\"_blank\" class=\"btn btn-primary\">Mere info<\/a><\/div><\/div>[\/vc_column][vc_column width=&#8221;1\/3&#8243;][\/vc_column][vc_column width=&#8221;1\/3&#8243;]<div class=\"product-list-item\"><div class=\"single-product-content\"><a href=\"https:\/\/www.electroluxprofessional.com\/dk\/pd\/t\u00f8rretumblere\/t\u00f8rretumblere-standard\/td6-14\/td6-14\/TD6-14\/\" target=\"_blank\"><figure class=\"wow fadeIn\"><img decoding=\"async\" src=\"https:\/\/tools.electroluxprofessional.com\/Mirror\/Doc\/ELS%2FPH_255x255%2FTD6-14.jpg\" alt=\"TD6-14\"><\/figure><h3>TD6-14<\/h3><\/a><div class=\"product-description\">T\u00f8rretumbler, 14 kg. Findes ogs\u00e5 med varmepumpe<\/div><\/div><hr><div class=\"pre-actions\"><div class=\"reviews\"><\/div><\/div><div class=\"action\"><a href=\"https:\/\/www.electroluxprofessional.com\/dk\/pd\/t\u00f8rretumblere\/t\u00f8rretumblere-standard\/td6-14\/td6-14\/TD6-14\/\" target=\"_blank\" class=\"btn btn-primary\">Mere info<\/a><\/div><\/div>[\/vc_column][\/vc_row]<\/p>\n","protected":false},"excerpt":{"rendered":"<p>[vc_row full_width=&#8221;electroluxpro-full-width-no-padding&#8221;][vc_column reveal_effect=&#8221;&#8221;][elx_hero_slider label_text_color=&#8221;inherit&#8221; images=&#8221;19076&#8243;][vc_empty_space height=&#8221;80px&#8221;][\/elx_hero_slider][\/vc_column][\/vc_row][vc_row css=&#8221;.vc_custom_1665489656090{margin-top: 60px !important;}&#8221;][vc_column][vc_row_inner full_width=&#8221;electroluxpro-full-width&#8221;][vc_column_inner][elx_heading font_container=&#8221;h1&#8243; font_size=&#8221;h1&#8243; text_color=&#8221;inherit&#8221; text_align=&#8221;text-left&#8221; css=&#8221;.vc_custom_1666258534527{margin-left: -20px !important;}&#8221;]Skal dit nye vaskeri betales kontant? Eller finansieres med l\u00e5n, leasing eller brugerbetaling?[\/elx_heading][vc_empty_space][\/vc_column_inner][\/vc_row_inner][vc_row_inner css=&#8221;.vc_custom_1665488849944{margin-top: 20px !important;}&#8221;][vc_column_inner width=&#8221;1\/2&#8243; css=&#8221;.vc_custom_1665489991017{padding-top: 25px !important;}&#8221;][vc_column_text el_class=&#8221;p-16&#8243;]I beslutningsprocessen ved k\u00f8b af nye vaskerimaskiner \u2013 eller m\u00e5ske et helt nyt vaskeri \u2013 skal du tage stilling [&hellip;]<\/p>\n","protected":false},"author":64,"featured_media":0,"parent":0,"menu_order":0,"comment_status":"closed","ping_status":"closed","template":"","meta":{"footnotes":""},"class_list":["post-24482","page","type-page","status-publish","hentry"],"acf":[],"yoast_head":"<!-- This site is optimized with the Yoast SEO plugin v23.3 - https:\/\/yoast.com\/wordpress\/plugins\/seo\/ -->\n<title>Finansieringsguide<\/title>\n<meta name=\"description\" content=\"For at hj\u00e6lpe dig, har vi lavet en guide med muligheder for at finansiere nye vaskerimaskiner:\u00a0Kontant, l\u00e5n, leasing\u00a0og\u00a0brugerbetaling.\" \/>\n<meta name=\"robots\" content=\"index, follow, max-snippet:-1, max-image-preview:large, max-video-preview:-1\" \/>\n<link rel=\"canonical\" href=\"https:\/\/www.electroluxprofessional.com\/dk\/vaelg-rigtigt\/\" \/>\n<meta property=\"og:locale\" content=\"da_DK\" \/>\n<meta property=\"og:type\" content=\"article\" \/>\n<meta property=\"og:title\" content=\"Finansieringsguide\" \/>\n<meta property=\"og:description\" content=\"For at hj\u00e6lpe dig, har vi lavet en guide med muligheder for at finansiere nye vaskerimaskiner:\u00a0Kontant, l\u00e5n, leasing\u00a0og\u00a0brugerbetaling.\" \/>\n<meta property=\"og:url\" content=\"https:\/\/www.electroluxprofessional.com\/dk\/vaelg-rigtigt\/\" \/>\n<meta property=\"og:site_name\" content=\"Electrolux Professional Danmark\" \/>\n<meta property=\"article:modified_time\" content=\"2025-09-03T12:13:14+00:00\" \/>\n<meta name=\"twitter:card\" content=\"summary_large_image\" \/>\n<meta name=\"twitter:label1\" content=\"Estimeret l\u00e6setid\" \/>\n\t<meta name=\"twitter:data1\" content=\"3 minutter\" \/>\n<script type=\"application\/ld+json\" class=\"yoast-schema-graph\">{\"@context\":\"https:\/\/schema.org\",\"@graph\":[{\"@type\":\"WebPage\",\"@id\":\"https:\/\/www.electroluxprofessional.com\/dk\/vaelg-rigtigt\/\",\"url\":\"https:\/\/www.electroluxprofessional.com\/dk\/vaelg-rigtigt\/\",\"name\":\"Finansieringsguide\",\"isPartOf\":{\"@id\":\"https:\/\/www.electroluxprofessional.com\/dk\/#website\"},\"datePublished\":\"2025-07-28T12:07:17+00:00\",\"dateModified\":\"2025-09-03T12:13:14+00:00\",\"description\":\"For at hj\u00e6lpe dig, har vi lavet en guide med muligheder for at finansiere nye vaskerimaskiner:\u00a0Kontant, l\u00e5n, leasing\u00a0og\u00a0brugerbetaling.\",\"breadcrumb\":{\"@id\":\"https:\/\/www.electroluxprofessional.com\/dk\/vaelg-rigtigt\/#breadcrumb\"},\"inLanguage\":\"da-DK\",\"potentialAction\":[{\"@type\":\"ReadAction\",\"target\":[\"https:\/\/www.electroluxprofessional.com\/dk\/vaelg-rigtigt\/\"]}]},{\"@type\":\"BreadcrumbList\",\"@id\":\"https:\/\/www.electroluxprofessional.com\/dk\/vaelg-rigtigt\/#breadcrumb\",\"itemListElement\":[{\"@type\":\"ListItem\",\"position\":1,\"name\":\"Home\",\"item\":\"https:\/\/www.electroluxprofessional.com\/dk\/\"},{\"@type\":\"ListItem\",\"position\":2,\"name\":\"V\u00e6lg rigtig\"}]},{\"@type\":\"WebSite\",\"@id\":\"https:\/\/www.electroluxprofessional.com\/dk\/#website\",\"url\":\"https:\/\/www.electroluxprofessional.com\/dk\/\",\"name\":\"Electrolux Professional Danmark\",\"description\":\"\",\"potentialAction\":[{\"@type\":\"SearchAction\",\"target\":{\"@type\":\"EntryPoint\",\"urlTemplate\":\"https:\/\/www.electroluxprofessional.com\/dk\/?src={search_term_string}\"},\"query-input\":\"required name=search_term_string\"}],\"inLanguage\":\"da-DK\"}]}<\/script>\n<!-- \/ Yoast SEO plugin. -->","yoast_head_json":{"title":"Finansieringsguide","description":"For at hj\u00e6lpe dig, har vi lavet en guide med muligheder for at finansiere nye vaskerimaskiner:\u00a0Kontant, l\u00e5n, leasing\u00a0og\u00a0brugerbetaling.","robots":{"index":"index","follow":"follow","max-snippet":"max-snippet:-1","max-image-preview":"max-image-preview:large","max-video-preview":"max-video-preview:-1"},"canonical":"https:\/\/www.electroluxprofessional.com\/dk\/vaelg-rigtigt\/","og_locale":"da_DK","og_type":"article","og_title":"Finansieringsguide","og_description":"For at hj\u00e6lpe dig, har vi lavet en guide med muligheder for at finansiere nye vaskerimaskiner:\u00a0Kontant, l\u00e5n, leasing\u00a0og\u00a0brugerbetaling.","og_url":"https:\/\/www.electroluxprofessional.com\/dk\/vaelg-rigtigt\/","og_site_name":"Electrolux Professional Danmark","article_modified_time":"2025-09-03T12:13:14+00:00","twitter_card":"summary_large_image","twitter_misc":{"Estimeret l\u00e6setid":"3 minutter"},"schema":{"@context":"https:\/\/schema.org","@graph":[{"@type":"WebPage","@id":"https:\/\/www.electroluxprofessional.com\/dk\/vaelg-rigtigt\/","url":"https:\/\/www.electroluxprofessional.com\/dk\/vaelg-rigtigt\/","name":"Finansieringsguide","isPartOf":{"@id":"https:\/\/www.electroluxprofessional.com\/dk\/#website"},"datePublished":"2025-07-28T12:07:17+00:00","dateModified":"2025-09-03T12:13:14+00:00","description":"For at hj\u00e6lpe dig, har vi lavet en guide med muligheder for at finansiere nye vaskerimaskiner:\u00a0Kontant, l\u00e5n, leasing\u00a0og\u00a0brugerbetaling.","breadcrumb":{"@id":"https:\/\/www.electroluxprofessional.com\/dk\/vaelg-rigtigt\/#breadcrumb"},"inLanguage":"da-DK","potentialAction":[{"@type":"ReadAction","target":["https:\/\/www.electroluxprofessional.com\/dk\/vaelg-rigtigt\/"]}]},{"@type":"BreadcrumbList","@id":"https:\/\/www.electroluxprofessional.com\/dk\/vaelg-rigtigt\/#breadcrumb","itemListElement":[{"@type":"ListItem","position":1,"name":"Home","item":"https:\/\/www.electroluxprofessional.com\/dk\/"},{"@type":"ListItem","position":2,"name":"V\u00e6lg rigtig"}]},{"@type":"WebSite","@id":"https:\/\/www.electroluxprofessional.com\/dk\/#website","url":"https:\/\/www.electroluxprofessional.com\/dk\/","name":"Electrolux Professional Danmark","description":"","potentialAction":[{"@type":"SearchAction","target":{"@type":"EntryPoint","urlTemplate":"https:\/\/www.electroluxprofessional.com\/dk\/?src={search_term_string}"},"query-input":"required name=search_term_string"}],"inLanguage":"da-DK"}]}},"_links":{"self":[{"href":"https:\/\/www.electroluxprofessional.com\/dk\/wp-json\/wp\/v2\/pages\/24482"}],"collection":[{"href":"https:\/\/www.electroluxprofessional.com\/dk\/wp-json\/wp\/v2\/pages"}],"about":[{"href":"https:\/\/www.electroluxprofessional.com\/dk\/wp-json\/wp\/v2\/types\/page"}],"author":[{"embeddable":true,"href":"https:\/\/www.electroluxprofessional.com\/dk\/wp-json\/wp\/v2\/users\/64"}],"replies":[{"embeddable":true,"href":"https:\/\/www.electroluxprofessional.com\/dk\/wp-json\/wp\/v2\/comments?post=24482"}],"version-history":[{"count":259,"href":"https:\/\/www.electroluxprofessional.com\/dk\/wp-json\/wp\/v2\/pages\/24482\/revisions"}],"predecessor-version":[{"id":30345,"href":"https:\/\/www.electroluxprofessional.com\/dk\/wp-json\/wp\/v2\/pages\/24482\/revisions\/30345"}],"wp:attachment":[{"href":"https:\/\/www.electroluxprofessional.com\/dk\/wp-json\/wp\/v2\/media?parent=24482"}],"curies":[{"name":"wp","href":"https:\/\/api.w.org\/{rel}","templated":true}]}}