{"id":23749,"date":"2025-06-29T13:19:00","date_gmt":"2025-06-29T13:19:00","guid":{"rendered":"https:\/\/www.electroluxprofessional.com\/dk\/?page_id=23749"},"modified":"2025-06-30T14:27:16","modified_gmt":"2025-06-30T14:27:16","slug":"industriovn","status":"publish","type":"page","link":"https:\/\/www.electroluxprofessional.com\/dk\/industriovn\/","title":{"rendered":"Industriovne til stork\u00f8kkener"},"content":{"rendered":"<p>[vc_row css=&#8221;.vc_custom_1609851961727{padding-top: 40px !important;padding-bottom: 40px !important;background-color: #dadfe1 !important;}&#8221;][vc_column][elx_heading font_container=&#8221;h1&#8243; font_size=&#8221;h1&#8243; text_color=&#8221;electrolux-blue&#8221; text_align=&#8221;text-left&#8221;]Industriovn til det professionelle k\u00f8kken[\/elx_heading][\/vc_column][\/vc_row][vc_row css=&#8221;.vc_custom_1583417823440{margin-top: 60px !important;}&#8221;][vc_column width=&#8221;8\/12&#8243; css=&#8221;.vc_custom_1602600661971{padding-right: 70px !important;}&#8221;][vc_column_text el_class=&#8221;p-16&#8243; css=&#8221;.vc_custom_1653753864879{margin-top: 32px !important;}&#8221;]En industriovn er et af de vigtigste elementer i din restaurant eller dit stork\u00f8kken. En professionel industriovn skal ikke bare kunne tilberede store m\u00e6ngder l\u00e6kker mad, den skal ogs\u00e5 v\u00e6re effektiv, nem at bruge og ikke mindst driftssikker.<\/p>\n<h3>Er du p\u00e5 udkig efter en industriovn til dit professionelle k\u00f8kken?<\/h3>\n<p>Hos Electrolux Professional finder du et stort udvalg af\u00a0industriovne til stork\u00f8kkener, restauranter og kantiner.<\/p>\n<p>Her finder du\u00a0konvektionsovne\u00a0og\u00a0kombiovne\u00a0i mange forskellige st\u00f8rrelser og modeller, s\u00e5 du kan finde en ovn, der passer til behovet i netop dit k\u00f8kken.[\/vc_column_text][vc_empty_space height=&#8221;50px&#8221;][elx_button button_text=&#8221;f\u00e5 svar p\u00e5 dine sp\u00f8rgsm\u00e5l eller f\u00e5 et tilbud&#8221; button_style=&#8221;default&#8221; button_display_block=&#8221;display_block_on&#8221; button_link=&#8221;url:%23tilbud|title:Kontakt%20os&#8221;][\/vc_column][vc_column width=&#8221;4\/12&#8243;][elx_image_block background_image=&#8221;23851&#8243; vert_back_position=&#8221;top&#8221; minimum_height=&#8221;450px&#8221;][\/vc_column][\/vc_row][vc_row gap=&#8221;35&#8243; css=&#8221;.vc_custom_1652700748538{margin-top: 80px !important;padding-top: 40px !important;padding-bottom: 30px !important;background-color: #041e41 !important;}&#8221;][vc_column reveal_effect=&#8221;&#8221; width=&#8221;1\/2&#8243; css=&#8221;.vc_custom_1652360447061{padding-right: 20px !important;}&#8221;][elx_image_block background_image=&#8221;15251&#8243; minimum_height=&#8221;400px&#8221;][\/vc_column][vc_column reveal_effect=&#8221;&#8221; width=&#8221;1\/2&#8243; css=&#8221;.vc_custom_1652360515883{padding-right: 20px !important;padding-bottom: 40px !important;padding-left: 20px !important;}&#8221;][vc_column_text el_class=&#8221;p-16-white&#8221; css=&#8221;.vc_custom_1653753901773{margin-top: 30px !important;}&#8221;]<\/p>\n<h2><strong>Find den rigtige industriovn <\/strong><\/h2>\n<p>Det er vigtigt, at du f\u00e5r den ovnkapacitet, du har brug for. Og de funktioner, som er vigtige for dig. Din industriovn skal passe til den mad du tilbereder i dit k\u00f8kken. Laver du mad efter Cook &amp; Chill principper eller har du andre behov, er det en god id\u00e9 virkelig at g\u00f8re disse behov klare, inden du investerer i en ny industriovn.<\/p>\n<p>Din nye industriovn skal v\u00e6re p\u00e5lidelig og brugervenlig og hj\u00e6lpe dig til en perfekt tilberedning af dine madretter og dit bagv\u00e6rk.[\/vc_column_text][vc_empty_space][elx_button button_text=&#8221;F\u00e5 hj\u00e6lp til at finde den rigtige industriovn&#8221; button_link=&#8221;url:%23tilbud&#8221;][vc_row_inner][vc_column_inner offset=&#8221;vc_hidden-lg vc_hidden-md vc_hidden-sm&#8221;][vc_empty_space][\/vc_column_inner][\/vc_row_inner][\/vc_column][\/vc_row][vc_row content_placement=&#8221;bottom&#8221; css=&#8221;.vc_custom_1652696550220{margin-top: 60px !important;}&#8221;][vc_column][vc_row_inner][vc_column_inner css=&#8221;.vc_custom_1652696536861{border-bottom-width: 1px !important;border-bottom-color: #dadfe1 !important;border-bottom-style: solid !important;}&#8221;][vc_empty_space][\/vc_column_inner][\/vc_row_inner][\/vc_column][\/vc_row][vc_row content_placement=&#8221;bottom&#8221; css=&#8221;.vc_custom_1583419192779{margin-top: 40px !important;}&#8221;][vc_column width=&#8221;1\/2&#8243;][vc_column_text el_class=&#8221;p-16&#8243; css=&#8221;.vc_custom_1653753984234{margin-top: 30px !important;}&#8221;]<\/p>\n<h2><strong>Industriovn i Electrolux Air-O-System<\/strong><\/h2>\n<p>Professionel industriovn \u00e5bner for et v\u00e6ld af muligheder for at lave l\u00e6kker varm mad til rigtig mange mennesker. Og der er ingen gr\u00e6nser for, hvilke opskrifter og metoder du kan bruge: Sous-vide, vulkanr\u00f8gning, grillspyd osv.[\/vc_column_text][elx_button button_text=&#8221;Se industriovne Air-O-System&#8221; button_link=&#8221;url:%23airo&#8221; css=&#8221;.vc_custom_1751293030803{margin-top: 30px !important;margin-bottom: 30px !important;}&#8221;][\/vc_column][vc_column width=&#8221;1\/4&#8243;][vc_single_image image=&#8221;695&#8243; img_size=&#8221;medium&#8221; alignment=&#8221;center&#8221; onclick=&#8221;custom_link&#8221;][elx_heading font_container=&#8221;h4&#8243; font_size=&#8221;h6&#8243; text_color=&#8221;orange&#8221; text_align=&#8221;text-center&#8221;]Electrolux Air-O-Steam touchline kombiovne[\/elx_heading][\/vc_column][vc_column width=&#8221;1\/4&#8243;][vc_single_image image=&#8221;695&#8243; img_size=&#8221;medium&#8221; alignment=&#8221;center&#8221; onclick=&#8221;custom_link&#8221;][elx_heading font_container=&#8221;h4&#8243; font_size=&#8221;h6&#8243; text_color=&#8221;orange&#8221; text_align=&#8221;text-center&#8221;]Electrolux Air-O-Steam touchline kombiovne[\/elx_heading][\/vc_column][\/vc_row][vc_row content_placement=&#8221;bottom&#8221; css=&#8221;.vc_custom_1652696550220{margin-top: 60px !important;}&#8221;][vc_column][vc_row_inner][vc_column_inner css=&#8221;.vc_custom_1652696536861{border-bottom-width: 1px !important;border-bottom-color: #dadfe1 !important;border-bottom-style: solid !important;}&#8221;][vc_empty_space][\/vc_column_inner][\/vc_row_inner][\/vc_column][\/vc_row][vc_row content_placement=&#8221;bottom&#8221; css=&#8221;.vc_custom_1583419192779{margin-top: 40px !important;}&#8221;][vc_column width=&#8221;1\/2&#8243;][vc_column_text el_class=&#8221;p-16&#8243; css=&#8221;.vc_custom_1652695896757{margin-top: 30px !important;}&#8221;]<\/p>\n<h2><strong>Industriovn til Cook &amp; Chill<\/strong><\/h2>\n<p><strong>\u25aa<\/strong>\u00a0 Hurtig tilberedning. Hurtig nedk\u00f8ling. Lavt energiforbrug.<br \/>\n<strong>\u25aa<\/strong>\u00a0 Uanede muligheder for at lave sp\u00e6ndende mad.<br \/>\n<strong>\u25aa<\/strong>\u00a0 Mindre madspild og l\u00e6ngere holdbarhed \u2013 god k\u00f8kken\u00f8konomi.[\/vc_column_text][elx_button button_text=&#8221;Se industriovne SkyLine&#8221; button_link=&#8221;url:%23sky&#8221; css=&#8221;.vc_custom_1652699401730{margin-top: 30px !important;margin-bottom: 30px !important;}&#8221;][\/vc_column][vc_column width=&#8221;1\/2&#8243; css=&#8221;.vc_custom_1652696670076{padding-right: 20px !important;padding-left: 20px !important;}&#8221;][elx_image_block background_image=&#8221;19539&#8243; minimum_height=&#8221;300px&#8221;][\/vc_column][\/vc_row][vc_row content_placement=&#8221;bottom&#8221; css=&#8221;.vc_custom_1660295589116{margin-top: 60px !important;}&#8221; el_id=&#8221;airo&#8221;][vc_column css=&#8221;.vc_custom_1652699360018{margin-top: 30px !important;border-top-width: 1px !important;border-right-width: 1px !important;border-bottom-width: 1px !important;border-left-width: 1px !important;padding-top: 20px !important;padding-right: 20px !important;padding-bottom: 40px !important;padding-left: 20px !important;border-left-color: #dadfe1 !important;border-left-style: solid !important;border-right-color: #dadfe1 !important;border-right-style: solid !important;border-top-color: #dadfe1 !important;border-top-style: solid !important;border-bottom-color: #dadfe1 !important;border-bottom-style: solid !important;}&#8221;][vc_row_inner css=&#8221;.vc_custom_1652364981969{margin-top: 10px !important;}&#8221;][vc_column_inner width=&#8221;3\/4&#8243;][vc_column_text el_class=&#8221;p-16&#8243; css=&#8221;.vc_custom_1751293404752{margin-top: 30px !important;}&#8221;]<\/p>\n<h2><strong>Industriovn konvektion i Electrolux Air-O-System<\/strong><\/h2>\n<p>Industriovne uden kogefunktion. En industriovn der sikrer en enkel og intuitiv tilberedning af maden. Brug ovnens touch screen til at v\u00e6lge din yndlingsopskrift. S\u00e5 klarer ovnen resten.[\/vc_column_text][\/vc_column_inner][vc_column_inner width=&#8221;1\/4&#8243;][\/vc_column_inner][\/vc_row_inner][vc_row_inner css=&#8221;.vc_custom_1652364664453{margin-top: 60px !important;}&#8221;][vc_column_inner width=&#8221;1\/4&#8243;][\/vc_column_inner][vc_column_inner width=&#8221;1\/4&#8243;][\/vc_column_inner][vc_column_inner width=&#8221;1\/4&#8243;][\/vc_column_inner][vc_column_inner width=&#8221;1\/4&#8243;][\/vc_column_inner][\/vc_row_inner][vc_row_inner css=&#8221;.vc_custom_1652364952144{margin-top: 30px !important;}&#8221;][vc_column_inner width=&#8221;1\/4&#8243;][\/vc_column_inner][vc_column_inner width=&#8221;1\/4&#8243;][\/vc_column_inner][vc_column_inner width=&#8221;1\/4&#8243;][\/vc_column_inner][vc_column_inner width=&#8221;1\/4&#8243;][\/vc_column_inner][\/vc_row_inner][vc_row_inner css=&#8221;.vc_custom_1652364952144{margin-top: 30px !important;}&#8221;][vc_column_inner width=&#8221;1\/4&#8243;][\/vc_column_inner][vc_column_inner width=&#8221;1\/4&#8243;][\/vc_column_inner][vc_column_inner width=&#8221;1\/4&#8243;][\/vc_column_inner][vc_column_inner width=&#8221;1\/4&#8243;][\/vc_column_inner][\/vc_row_inner][vc_row_inner css=&#8221;.vc_custom_1652364952144{margin-top: 30px !important;}&#8221;][vc_column_inner width=&#8221;1\/4&#8243;][\/vc_column_inner][vc_column_inner width=&#8221;1\/4&#8243;][\/vc_column_inner][vc_column_inner width=&#8221;1\/4&#8243;][\/vc_column_inner][vc_column_inner width=&#8221;1\/4&#8243;][\/vc_column_inner][\/vc_row_inner][vc_row_inner css=&#8221;.vc_custom_1652364952144{margin-top: 30px !important;}&#8221;][vc_column_inner width=&#8221;1\/4&#8243;][\/vc_column_inner][vc_column_inner width=&#8221;1\/4&#8243;][\/vc_column_inner][vc_column_inner width=&#8221;1\/4&#8243;][\/vc_column_inner][vc_column_inner width=&#8221;1\/4&#8243;][\/vc_column_inner][\/vc_row_inner][vc_row_inner css=&#8221;.vc_custom_1652364952144{margin-top: 30px !important;}&#8221;][vc_column_inner width=&#8221;1\/4&#8243;][\/vc_column_inner][vc_column_inner width=&#8221;1\/4&#8243;][\/vc_column_inner][vc_column_inner width=&#8221;1\/4&#8243;][\/vc_column_inner][vc_column_inner width=&#8221;1\/4&#8243;][\/vc_column_inner][\/vc_row_inner][vc_row_inner css=&#8221;.vc_custom_1652364957277{margin-top: 30px !important;}&#8221;][vc_column_inner width=&#8221;1\/4&#8243;][\/vc_column_inner][vc_column_inner width=&#8221;1\/4&#8243;][\/vc_column_inner][vc_column_inner width=&#8221;1\/4&#8243;][\/vc_column_inner][vc_column_inner width=&#8221;1\/4&#8243; matched_labels=&#8221;&#8221; css=&#8221;.vc_custom_1751293593203{padding-top: 30px !important;padding-right: 30px !important;padding-bottom: 30px !important;padding-left: 30px !important;}&#8221;][vc_empty_space][\/vc_column_inner][\/vc_row_inner][\/vc_column][\/vc_row][vc_row content_placement=&#8221;bottom&#8221; css=&#8221;.vc_custom_1652696886314{margin-top: 60px !important;}&#8221; el_id=&#8221;sky&#8221;][vc_column css=&#8221;.vc_custom_1652699434694{margin-top: 30px !important;border-top-width: 1px !important;border-right-width: 1px !important;border-bottom-width: 1px !important;border-left-width: 1px !important;padding-top: 20px !important;padding-right: 20px !important;padding-bottom: 40px !important;padding-left: 20px !important;border-left-color: #dadfe1 !important;border-left-style: solid !important;border-right-color: #dadfe1 !important;border-right-style: solid !important;border-top-color: #dadfe1 !important;border-top-style: solid !important;border-bottom-color: #dadfe1 !important;border-bottom-style: solid !important;}&#8221;][vc_row_inner css=&#8221;.vc_custom_1652364981969{margin-top: 10px !important;}&#8221;][vc_column_inner width=&#8221;3\/4&#8243;][vc_column_text el_class=&#8221;p-16&#8243; css=&#8221;.vc_custom_1652701326044{margin-top: 30px !important;}&#8221;]<\/p>\n<h2><strong>Industriovne til Cook &amp; Chill<\/strong><\/h2>\n<p>Skyline industriovne arbejder automatisk sammen med din bl\u00e6stk\u00f8ler i det \u00f8jeblik, den er klar. Systemet er gennemtestet, s\u00e5 mangler du en industriovn og tilbereder du mad efter Cook and Chill princippet er en Skyline industriovn det bedste bud til effektiv madlavning.<\/p>\n<p><a href=\"https:\/\/www.electroluxprofessional.com\/dk\/industriovn-skyline-cook-chill\/\">Se dine fordele med Skyline industriovn<\/a>[\/vc_column_text][\/vc_column_inner][vc_column_inner width=&#8221;1\/4&#8243;][\/vc_column_inner][\/vc_row_inner][vc_row_inner css=&#8221;.vc_custom_1652364664453{margin-top: 60px !important;}&#8221;][vc_column_inner width=&#8221;1\/4&#8243;][\/vc_column_inner][vc_column_inner width=&#8221;1\/4&#8243;][\/vc_column_inner][vc_column_inner width=&#8221;1\/4&#8243;][\/vc_column_inner][vc_column_inner width=&#8221;1\/4&#8243;][\/vc_column_inner][\/vc_row_inner][vc_row_inner css=&#8221;.vc_custom_1652364952144{margin-top: 30px !important;}&#8221;][vc_column_inner width=&#8221;1\/4&#8243;][\/vc_column_inner][vc_column_inner width=&#8221;1\/4&#8243;][\/vc_column_inner][vc_column_inner width=&#8221;1\/4&#8243;][\/vc_column_inner][vc_column_inner width=&#8221;1\/4&#8243;][\/vc_column_inner][\/vc_row_inner][vc_row_inner css=&#8221;.vc_custom_1652364957277{margin-top: 30px !important;}&#8221;][vc_column_inner width=&#8221;1\/4&#8243;][\/vc_column_inner][vc_column_inner width=&#8221;1\/4&#8243;][\/vc_column_inner][vc_column_inner width=&#8221;1\/4&#8243;][\/vc_column_inner][vc_column_inner width=&#8221;1\/4&#8243;][\/vc_column_inner][\/vc_row_inner][\/vc_column][\/vc_row][vc_row css=&#8221;.vc_custom_1652700907968{margin-top: 90px !important;}&#8221; el_id=&#8221;tilbud&#8221;][vc_column][elx_heading font_size=&#8221;h4&#8243; text_color=&#8221;inherit&#8221; text_align=&#8221;text-center&#8221;]Vil du h\u00f8re, hvordan en professionel industriovn kan effektivisere dit k\u00f8kken?[\/elx_heading][vc_column_text el_class=&#8221;p-16&#8243;]<\/p>\n<p style=\"text-align: center;\">S\u00e5 ring og f\u00e5 en snak med vores k\u00f8kkenspecialister p\u00e5 tlf. <a href=\"tel:8740 3500\">8740 3500<\/a><\/p>\n<p>[\/vc_column_text][vc_empty_space height=&#8221;40px&#8221;][vc_column_text css=&#8221;.vc_custom_1608549689992{margin-top: 20px !important;margin-bottom: 40px !important;}&#8221;]<\/p>\n<hr \/>\n<p>[\/vc_column_text][\/vc_column][\/vc_row][vc_row][vc_column][elx_heading font_container=&#8221;h3&#8243; font_size=&#8221;h3&#8243; text_color=&#8221;inherit&#8221; text_align=&#8221;text-left&#8221;]F\u00e5 hj\u00e6lp til at finde den industriovn der passer til dit behov[\/elx_heading][\/vc_column][\/vc_row][vc_row][vc_column width=&#8221;1\/2&#8243;][vc_empty_space height=&#8221;20px&#8221;][vc_column_text el_class=&#8221;p-16&#8243;]Udfyld formularen, s\u00e5 kontakter vi dig snarest[\/vc_column_text][vc_empty_space height=&#8221;10px&#8221;][elx_o2000_contact_us s=&#8221;Jeg vil gerne h\u00f8re mere om industriovn til mit professionelle k\u00f8kken&#8221; country=&#8221;Denmark&#8221; b=&#8221;food&#8221; container=&#8221;elxcontactus1466429401&#8243; r=&#8221;Jeg vil gerne h\u00f8re mere om industriovn til mit professionelle k\u00f8kken&#8221; l=&#8221;dk&#8221; e=&#8221;steen.rasmussen@electroluxprofessional.com&#8221;][\/vc_column][vc_column reveal_effect=&#8221;&#8221; width=&#8221;1\/12&#8243;][vc_empty_space height=&#8221;30px&#8221;][\/vc_column][vc_column width=&#8221;5\/12&#8243;][vc_empty_space height=&#8221;50px&#8221;][vc_single_image image=&#8221;14586&#8243; img_size=&#8221;450&#215;765&#8243; alignment=&#8221;center&#8221; css=&#8221;.vc_custom_1602664718742{padding-bottom: 50px !important;}&#8221;][\/vc_column][\/vc_row]<\/p>\n","protected":false},"excerpt":{"rendered":"<p>[vc_row css=&#8221;.vc_custom_1609851961727{padding-top: 40px !important;padding-bottom: 40px !important;background-color: #dadfe1 !important;}&#8221;][vc_column][elx_heading font_container=&#8221;h1&#8243; font_size=&#8221;h1&#8243; text_color=&#8221;electrolux-blue&#8221; text_align=&#8221;text-left&#8221;]Industriovn til det professionelle k\u00f8kken[\/elx_heading][\/vc_column][\/vc_row][vc_row css=&#8221;.vc_custom_1583417823440{margin-top: 60px !important;}&#8221;][vc_column width=&#8221;8\/12&#8243; css=&#8221;.vc_custom_1602600661971{padding-right: 70px !important;}&#8221;][vc_column_text el_class=&#8221;p-16&#8243; css=&#8221;.vc_custom_1653753864879{margin-top: 32px !important;}&#8221;]En industriovn er et af de vigtigste elementer i din restaurant eller dit stork\u00f8kken. En professionel industriovn skal ikke bare kunne tilberede store m\u00e6ngder l\u00e6kker mad, den skal ogs\u00e5 [&hellip;]<\/p>\n","protected":false},"author":64,"featured_media":0,"parent":0,"menu_order":0,"comment_status":"closed","ping_status":"closed","template":"","meta":{"footnotes":""},"class_list":["post-23749","page","type-page","status-publish","hentry"],"acf":[],"yoast_head":"<!-- This site is optimized with the Yoast SEO plugin v23.3 - https:\/\/yoast.com\/wordpress\/plugins\/seo\/ -->\n<title>Industriovn til det professionelle k\u00f8kken<\/title>\n<meta name=\"description\" content=\"En industriovn er et af de vigtigste elementer i det professionelle k\u00f8kken. Effektiv, nem at bruge og ikke mindst driftsikker!\" \/>\n<meta name=\"robots\" content=\"index, follow, max-snippet:-1, max-image-preview:large, max-video-preview:-1\" \/>\n<link rel=\"canonical\" href=\"https:\/\/www.electroluxprofessional.com\/dk\/industriovn\/\" \/>\n<meta property=\"og:locale\" content=\"da_DK\" \/>\n<meta property=\"og:type\" content=\"article\" \/>\n<meta property=\"og:title\" content=\"Industriovn til det professionelle k\u00f8kken\" \/>\n<meta property=\"og:description\" content=\"En industriovn er et af de vigtigste elementer i det professionelle k\u00f8kken. Effektiv, nem at bruge og ikke mindst driftsikker!\" \/>\n<meta property=\"og:url\" content=\"https:\/\/www.electroluxprofessional.com\/dk\/industriovn\/\" \/>\n<meta property=\"og:site_name\" content=\"Electrolux Professional Danmark\" \/>\n<meta property=\"article:modified_time\" content=\"2025-06-30T14:27:16+00:00\" \/>\n<meta name=\"twitter:card\" content=\"summary_large_image\" \/>\n<meta name=\"twitter:label1\" content=\"Estimeret l\u00e6setid\" \/>\n\t<meta name=\"twitter:data1\" content=\"6 minutter\" \/>\n<script type=\"application\/ld+json\" class=\"yoast-schema-graph\">{\"@context\":\"https:\/\/schema.org\",\"@graph\":[{\"@type\":\"WebPage\",\"@id\":\"https:\/\/www.electroluxprofessional.com\/dk\/industriovn\/\",\"url\":\"https:\/\/www.electroluxprofessional.com\/dk\/industriovn\/\",\"name\":\"Industriovn til det professionelle k\u00f8kken\",\"isPartOf\":{\"@id\":\"https:\/\/www.electroluxprofessional.com\/dk\/#website\"},\"datePublished\":\"2025-06-29T13:19:00+00:00\",\"dateModified\":\"2025-06-30T14:27:16+00:00\",\"description\":\"En industriovn er et af de vigtigste elementer i det professionelle k\u00f8kken. Effektiv, nem at bruge og ikke mindst driftsikker!\",\"breadcrumb\":{\"@id\":\"https:\/\/www.electroluxprofessional.com\/dk\/industriovn\/#breadcrumb\"},\"inLanguage\":\"da-DK\",\"potentialAction\":[{\"@type\":\"ReadAction\",\"target\":[\"https:\/\/www.electroluxprofessional.com\/dk\/industriovn\/\"]}]},{\"@type\":\"BreadcrumbList\",\"@id\":\"https:\/\/www.electroluxprofessional.com\/dk\/industriovn\/#breadcrumb\",\"itemListElement\":[{\"@type\":\"ListItem\",\"position\":1,\"name\":\"Home\",\"item\":\"https:\/\/www.electroluxprofessional.com\/dk\/\"},{\"@type\":\"ListItem\",\"position\":2,\"name\":\"Industriovne til stork\u00f8kkener\"}]},{\"@type\":\"WebSite\",\"@id\":\"https:\/\/www.electroluxprofessional.com\/dk\/#website\",\"url\":\"https:\/\/www.electroluxprofessional.com\/dk\/\",\"name\":\"Electrolux Professional Danmark\",\"description\":\"\",\"potentialAction\":[{\"@type\":\"SearchAction\",\"target\":{\"@type\":\"EntryPoint\",\"urlTemplate\":\"https:\/\/www.electroluxprofessional.com\/dk\/?src={search_term_string}\"},\"query-input\":\"required name=search_term_string\"}],\"inLanguage\":\"da-DK\"}]}<\/script>\n<!-- \/ Yoast SEO plugin. -->","yoast_head_json":{"title":"Industriovn til det professionelle k\u00f8kken","description":"En industriovn er et af de vigtigste elementer i det professionelle k\u00f8kken. Effektiv, nem at bruge og ikke mindst driftsikker!","robots":{"index":"index","follow":"follow","max-snippet":"max-snippet:-1","max-image-preview":"max-image-preview:large","max-video-preview":"max-video-preview:-1"},"canonical":"https:\/\/www.electroluxprofessional.com\/dk\/industriovn\/","og_locale":"da_DK","og_type":"article","og_title":"Industriovn til det professionelle k\u00f8kken","og_description":"En industriovn er et af de vigtigste elementer i det professionelle k\u00f8kken. Effektiv, nem at bruge og ikke mindst driftsikker!","og_url":"https:\/\/www.electroluxprofessional.com\/dk\/industriovn\/","og_site_name":"Electrolux Professional Danmark","article_modified_time":"2025-06-30T14:27:16+00:00","twitter_card":"summary_large_image","twitter_misc":{"Estimeret l\u00e6setid":"6 minutter"},"schema":{"@context":"https:\/\/schema.org","@graph":[{"@type":"WebPage","@id":"https:\/\/www.electroluxprofessional.com\/dk\/industriovn\/","url":"https:\/\/www.electroluxprofessional.com\/dk\/industriovn\/","name":"Industriovn til det professionelle k\u00f8kken","isPartOf":{"@id":"https:\/\/www.electroluxprofessional.com\/dk\/#website"},"datePublished":"2025-06-29T13:19:00+00:00","dateModified":"2025-06-30T14:27:16+00:00","description":"En industriovn er et af de vigtigste elementer i det professionelle k\u00f8kken. Effektiv, nem at bruge og ikke mindst driftsikker!","breadcrumb":{"@id":"https:\/\/www.electroluxprofessional.com\/dk\/industriovn\/#breadcrumb"},"inLanguage":"da-DK","potentialAction":[{"@type":"ReadAction","target":["https:\/\/www.electroluxprofessional.com\/dk\/industriovn\/"]}]},{"@type":"BreadcrumbList","@id":"https:\/\/www.electroluxprofessional.com\/dk\/industriovn\/#breadcrumb","itemListElement":[{"@type":"ListItem","position":1,"name":"Home","item":"https:\/\/www.electroluxprofessional.com\/dk\/"},{"@type":"ListItem","position":2,"name":"Industriovne til stork\u00f8kkener"}]},{"@type":"WebSite","@id":"https:\/\/www.electroluxprofessional.com\/dk\/#website","url":"https:\/\/www.electroluxprofessional.com\/dk\/","name":"Electrolux Professional Danmark","description":"","potentialAction":[{"@type":"SearchAction","target":{"@type":"EntryPoint","urlTemplate":"https:\/\/www.electroluxprofessional.com\/dk\/?src={search_term_string}"},"query-input":"required name=search_term_string"}],"inLanguage":"da-DK"}]}},"_links":{"self":[{"href":"https:\/\/www.electroluxprofessional.com\/dk\/wp-json\/wp\/v2\/pages\/23749"}],"collection":[{"href":"https:\/\/www.electroluxprofessional.com\/dk\/wp-json\/wp\/v2\/pages"}],"about":[{"href":"https:\/\/www.electroluxprofessional.com\/dk\/wp-json\/wp\/v2\/types\/page"}],"author":[{"embeddable":true,"href":"https:\/\/www.electroluxprofessional.com\/dk\/wp-json\/wp\/v2\/users\/64"}],"replies":[{"embeddable":true,"href":"https:\/\/www.electroluxprofessional.com\/dk\/wp-json\/wp\/v2\/comments?post=23749"}],"version-history":[{"count":106,"href":"https:\/\/www.electroluxprofessional.com\/dk\/wp-json\/wp\/v2\/pages\/23749\/revisions"}],"predecessor-version":[{"id":29764,"href":"https:\/\/www.electroluxprofessional.com\/dk\/wp-json\/wp\/v2\/pages\/23749\/revisions\/29764"}],"wp:attachment":[{"href":"https:\/\/www.electroluxprofessional.com\/dk\/wp-json\/wp\/v2\/media?parent=23749"}],"curies":[{"name":"wp","href":"https:\/\/api.w.org\/{rel}","templated":true}]}}