{"id":21929,"date":"2025-09-08T10:06:48","date_gmt":"2025-09-08T10:06:48","guid":{"rendered":"https:\/\/www.electroluxprofessional.com\/dk\/?page_id=21929"},"modified":"2026-02-06T10:28:15","modified_gmt":"2026-02-06T10:28:15","slug":"garanti-for-driftsbesparelser","status":"publish","type":"page","link":"https:\/\/www.electroluxprofessional.com\/dk\/garanti-for-driftsbesparelser\/","title":{"rendered":"Garanti for driftsbesparelser \u2013 beregner"},"content":{"rendered":"<p>[vc_row css=&#8221;.vc_custom_1637589937451{background-color: #041e41 !important;}&#8221;][vc_column reveal_effect=&#8221;&#8221; offset=&#8221;vc_hidden-xs&#8221;][vc_row_inner equal_height=&#8221;yes&#8221;][vc_column_inner width=&#8221;3\/5&#8243; css=&#8221;.vc_custom_1687180647391{padding-top: 40px !important;}&#8221;][elx_heading font_container=&#8221;h1&#8243; text_color=&#8221;white&#8221; text_align=&#8221;text-left&#8221; css=&#8221;.vc_custom_1687180596071{padding-top: 80px !important;}&#8221;]<\/p>\n<h1 style=\"line-height: 1.3em; color: #ffffff;\">Vi giver garanti for driftsbesparelser<\/h1>\n<p>[\/elx_heading][\/vc_column_inner][vc_column_inner width=&#8221;2\/5&#8243; offset=&#8221;vc_hidden-xs&#8221;][vc_single_image image=&#8221;6114&#8243; img_size=&#8221;full&#8221;][\/vc_column_inner][\/vc_row_inner][\/vc_column][\/vc_row][vc_row full_width=&#8221;electroluxpro-full-width-no-padding&#8221;][vc_column offset=&#8221;vc_hidden-lg vc_hidden-md vc_hidden-sm&#8221;][vc_single_image image=&#8221;6114&#8243; img_size=&#8221;full&#8221; alignment=&#8221;center&#8221;][vc_empty_space height=&#8221;12px&#8221;][vc_row_inner css=&#8221;.vc_custom_1637590129912{padding-right: 20px !important;padding-left: 20px !important;}&#8221;][vc_column_inner][elx_heading font_size=&#8221;h1&#8243; text_color=&#8221;electrolux-blue&#8221; text_align=&#8221;text-left&#8221; css=&#8221;.vc_custom_1646748441075{margin-top: 50px !important;margin-bottom: 50px !important;}&#8221;]Vi giver garanti for driftsbesparelser[\/elx_heading][vc_empty_space height=&#8221;12px&#8221;][vc_column_text css=&#8221;.vc_custom_1643024179852{margin-bottom: 30px !important;}&#8221; el_class=&#8221;p-16&#8243;]Hos Electrolux Professional har vi h\u00f8je standarder \u2013 s\u00e5vel tekniske som etiske. Det betyder, at vi for eksempel <strong>dokumenterer<\/strong> alle vores beregninger p\u00e5 dine fremtidige besparelser p\u00e5 el, vand og CO<sub>2<\/sub> ved at testk\u00f8re maskinen, inden installationen i dit vaskeri.<\/p>\n<p>Du har desuden mulighed for at bestille testk\u00f8rsel p\u00e5 en ny varmepumpe t\u00f8rretumbler inden for de f\u00f8rste seks m\u00e5neder. Det er din garanti for, at vores beregnede driftsbesparelser holder i virkeligheden.[\/vc_column_text][vc_single_image image=&#8221;21845&#8243; img_size=&#8221;full&#8221;][elx_heading text_color=&#8221;inherit&#8221;]Lad besparelser p\u00e5 el og vand finansiere dit vaskeri[\/elx_heading][vc_column_text css=&#8221;.vc_custom_1757502715312{margin-bottom: 30px !important;}&#8221; el_class=&#8221;p-16&#8243;]<a href=\"https:\/\/www.electroluxprofessional.com\/dk\/line-6000-vaskeri-der-virker\/\">Nye Line 6000 vaskemaskiner og t\u00f8rretumblere<\/a> fra Electrolux Professional bruger mellem 30 og 80% mindre str\u00f8m og vand end gamle vaskemaskiner. De nye maskiner er nemlig \u201dintelligente\u201d og skabt til at vaske og t\u00f8rre med et minimalt forbrug af vand og str\u00f8m.<\/p>\n<p>Line 6000 vaskemaskiner vejer for eksempel t\u00f8jet og tilpasser vandforbruget efter v\u00e6gten. Og tumblerne stopper selv, n\u00e5r t\u00f8jet er t\u00f8rt. V\u00e6lger du en <a href=\"https:\/\/www.electroluxprofessional.com\/dk\/varmepumpe-tumblere\/\">varmepumpe tumbler<\/a>, som genvinder tumblervarmen, sparer du helt op til 80% p\u00e5 dit str\u00f8mforbrug.<\/p>\n<p>De store besparelser, du f\u00e5r p\u00e5 forbruget af el og vand, har derfor betalt investeringen i din nye maskine i l\u00f8bet af 3-6 \u00e5r. Jo h\u00f8jere el-pris. Jo hurtigere har den nye maskine tjent sig selv hjem.<\/p>\n<p>Du kan hurtigt f\u00e5 en id\u00e9 om dine mulige besparelser p\u00e5 driftsbudgettet ved at investere i nye maskiner, i beregneren herunder.[\/vc_column_text][elx_button button_text=&#8221;Pr\u00f8v beregner og se hvad du sparer ved at udskifte de gamle maskiner&#8221; button_style=&#8221;icon&#8221; button_display_block=&#8221;display_block_on&#8221; button_alignment=&#8221;align_center&#8221; button_link=&#8221;url:https%3A%2F%2Fwww.electroluxprofessional.com%2Fdk%2Fgaranti-for-driftsbesparelser%2F%23calculator|||&#8221; css=&#8221;.vc_custom_1686665140583{margin-right: 10px !important;margin-left: 10px !important;}&#8221;][\/vc_column_inner][\/vc_row_inner][vc_row_inner css=&#8221;.vc_custom_1637674877701{margin-top: 10px !important;}&#8221;][vc_column_inner offset=&#8221;vc_hidden-lg vc_hidden-md vc_hidden-sm&#8221;][vc_single_image image=&#8221;18927&#8243; img_size=&#8221;full&#8221;][elx_button button_text=&#8221;MERE OM Electrolux Professional LINE 6000&#8243; button_display_block=&#8221;display_block_on&#8221; button_link=&#8221;url:https%3A%2F%2Fwww.electroluxprofessional.com%2Fdk%2Fline-6000-vaskeri-der-virker%2F|title:Line%206000%20vaskeri%20der%20virker|target:_blank&#8221; css=&#8221;.vc_custom_1757502788296{margin-top: 30px !important;margin-right: 20px !important;margin-left: 20px !important;}&#8221;][\/vc_column_inner][\/vc_row_inner][\/vc_column][\/vc_row][vc_row css=&#8221;.vc_custom_1636989312435{margin-top: 80px !important;}&#8221;][vc_column offset=&#8221;vc_hidden-xs&#8221;][vc_row_inner][vc_column_inner width=&#8221;3\/5&#8243; offset=&#8221;vc_hidden-xs&#8221;][vc_empty_space height=&#8221;12px&#8221;][vc_column_text css=&#8221;.vc_custom_1686665266506{margin-bottom: 30px !important;}&#8221; el_class=&#8221;p-16&#8243;]Hos Electrolux Professional har vi h\u00f8je standarder \u2013 s\u00e5vel tekniske som etiske. Det betyder, at vi for eksempel <strong>dokumenterer<\/strong> alle vores beregninger p\u00e5 dine fremtidige besparelser p\u00e5 el, vand og CO<sub>2<\/sub> ved at testk\u00f8re maskinen, inden installationen i dit vaskeri.<\/p>\n<p>Du har desuden mulighed for at bestille testk\u00f8rsel p\u00e5 en ny varmepumpe t\u00f8rretumbler inden for de f\u00f8rste seks m\u00e5neder. Det er din garanti for, at vores beregnede driftsbesparelser holder i virkeligheden.<\/p>\n<p>&nbsp;<\/p>\n<p><a href=\"https:\/\/www.electroluxprofessional.com\/dk\/garanti-for-driftsbesparelser\/#calculator\"><strong>PR\u00d8V BEREGNER OG SE HVAD DU DU SPARER VED AT UDSKIFTE DE GAMLE MASKINER \u203a<\/strong><\/a>[\/vc_column_text][\/vc_column_inner][vc_column_inner width=&#8221;2\/5&#8243;][vc_single_image image=&#8221;21845&#8243; img_size=&#8221;full&#8221;][\/vc_column_inner][\/vc_row_inner][\/vc_column][\/vc_row][vc_row css=&#8221;.vc_custom_1637674590772{margin-top: 10px !important;}&#8221;][vc_column offset=&#8221;vc_hidden-xs&#8221;][vc_row_inner][vc_column_inner width=&#8221;1\/2&#8243; offset=&#8221;vc_hidden-xs&#8221;][vc_single_image image=&#8221;18927&#8243; img_size=&#8221;full&#8221; css=&#8221;.vc_custom_1644324564054{padding-right: 60px !important;padding-left: 60px !important;}&#8221;][elx_button button_text=&#8221;MERE OM Electrolux Professional LINE 6000&#8243; button_display_block=&#8221;display_block_on&#8221; button_link=&#8221;url:https%3A%2F%2Fwww.electroluxprofessional.com%2Fdk%2Findustrivaskemaskiner%2F|title:Line%206000%20industrivaskemaskiner|target:_blank&#8221; css=&#8221;.vc_custom_1757496003676{margin-top: 32px !important;}&#8221;][\/vc_column_inner][vc_column_inner width=&#8221;1\/2&#8243;][vc_empty_space height=&#8221;50px&#8221;][elx_heading text_color=&#8221;inherit&#8221;]Lad besparelser p\u00e5 el og vand finansiere dit vaskeri[\/elx_heading][vc_column_text css=&#8221;.vc_custom_1757496065935{margin-bottom: 30px !important;}&#8221; el_class=&#8221;p-16&#8243;]<a href=\"https:\/\/www.electroluxprofessional.com\/dk\/line-6000-vaskeri-der-virker\/\">Nye Line 6000 vaskemaskiner og t\u00f8rretumblere<\/a> fra Electrolux Professional bruger v\u00e6sentligt mindre str\u00f8m og vand end gamle vaskemaskiner. De nye maskiner er nemlig \u201dintelligente\u201d og skabt til at vaske og t\u00f8rre med et minimalt forbrug af vand og str\u00f8m.<\/p>\n<p>Line 6000 vaskemaskiner vejer for eksempel t\u00f8jet og tilpasser vandforbruget efter v\u00e6gten. Og tumblerne stopper selv, n\u00e5r t\u00f8jet er t\u00f8rt. V\u00e6lger du en <a href=\"https:\/\/www.electroluxprofessional.com\/dk\/varmepumpe-tumblere\/\">varmepumpe tumbler<\/a>, som genvinder tumblervarmen, sparer du helt op til 65% p\u00e5 dit str\u00f8mforbrug.<\/p>\n<p>De store besparelser, du f\u00e5r p\u00e5 forbruget af el og vand, har derfor betalt investeringen i din nye maskine i l\u00f8bet af 3-6 \u00e5r. Jo h\u00f8jere el-pris. Jo hurtigere har den nye maskine tjent sig selv hjem.<\/p>\n<p>Du kan hurtigt f\u00e5 en id\u00e9 om dine mulige besparelser p\u00e5 driftsbudgettet ved at investere i nye maskiner, i beregneren herunder.[\/vc_column_text][\/vc_column_inner][\/vc_row_inner][vc_row_inner][vc_column_inner offset=&#8221;vc_hidden-xs&#8221;][vc_empty_space height=&#8221;50px&#8221;][\/vc_column_inner][\/vc_row_inner][\/vc_column][\/vc_row][vc_row matched_labels=&#8221;&#8221; css=&#8221;.vc_custom_1770373640332{padding-top: 40px !important;background-color: #dadfe1 !important;}&#8221; el_id=&#8221;calculator&#8221;][vc_column][elx_heading font_size=&#8221;h1&#8243; text_color=&#8221;inherit&#8221; text_align=&#8221;text-center&#8221;]Se hvor store driftbesparelser du kan opn\u00e5 ved at udskifte maskinerne i vaskeriet til Line 6000[\/elx_heading][vc_column_text css=&#8221;.vc_custom_1638532540705{margin-top: 40px !important;border-bottom-width: 1px !important;padding-bottom: 10px !important;border-bottom-color: #041e41 !important;border-bottom-style: solid !important;}&#8221;]<\/p>\n<p style=\"text-align: center;\"><strong>UDFYLD MED DINE EGNE TAL<\/strong><\/p>\n<p>[\/vc_column_text][vc_column_text]<\/p>\n<div class=\"calculator\" data-calc-id=\"qjvLf2oYtHtLaFiGh\"><\/div>\n<p><script type=\"text\/javascript\" id=\"convertcalculator-embedder-LvRd6cHvEZ65zpWBa\" class=\"convertcalculator-async-script-loader\">\n  (function() {\n    function async_load(){\n      var s = document.createElement(\"script\");\n      s.type = \"text\/javascript\";\n      s.async = true;\n      var url = 'https:\/\/app.convertcalculator.co\/embed.js';\n      s.src = url + ( url.indexOf(\"?\") >= 0 ? \"&\" : \"?\") + \"ref=\" + encodeURIComponent(window.location.href);\n      var embedder = document.getElementById('convertcalculator-embedder-LvRd6cHvEZ65zpWBa');\n      embedder.parentNode.insertBefore(s, embedder);\n    }\n    if (window.attachEvent)\n      window.attachEvent(\"onload\", async_load);\n    else\n      window.addEventListener(\"load\", async_load, false);\n  })();\n<\/script>[\/vc_column_text][\/vc_column][\/vc_row][vc_row disable_element=&#8221;yes&#8221; css=&#8221;.vc_custom_1643200209159{padding-top: 10px !important;padding-bottom: 40px !important;background-color: #dadfe1 !important;}&#8221;][vc_column][vc_row_inner css=&#8221;.vc_custom_1643199168819{margin-top: 30px !important;}&#8221;][vc_column_inner css=&#8221;.vc_custom_1643199160654{border-top-width: 1px !important;border-top-color: #041e41 !important;border-top-style: solid !important;}&#8221;][vc_empty_space height=&#8221;12px&#8221;][vc_column_text]<strong>Foruds\u00e6tninger<\/strong>[\/vc_column_text][\/vc_column_inner][\/vc_row_inner][vc_row_inner css=&#8221;.vc_custom_1638532441436{margin-top: 10px !important;}&#8221;][vc_column_inner width=&#8221;3\/12&#8243;][vc_column_text el_class=&#8221;p-14&#8243;]Pris p\u00e5 el: 2,20 kr. pr kWh<br \/>\nPris p\u00e5 vand: 65 kr. pr. m<sup>3<\/sup>[\/vc_column_text][\/vc_column_inner][vc_column_inner width=&#8221;4\/12&#8243;][vc_column_text el_class=&#8221;p-14&#8243;]1 stk 8 kg vaskemaskine tilsluttet kold vand<br \/>\n40 grader \u00f8konomivask uden forvask[\/vc_column_text][\/vc_column_inner][vc_column_inner width=&#8221;5\/12&#8243;][vc_column_text el_class=&#8221;p-14&#8243;]1 stk 8 kg t\u00f8rretumbler<br \/>\n*) t\u00f8rretumbler (\u00e5r 2021) er varmepumpet\u00f8rretumbler TD6-10HP[\/vc_column_text][\/vc_column_inner][\/vc_row_inner][\/vc_column][\/vc_row][vc_row css=&#8221;.vc_custom_1638368284646{margin-top: 80px !important;}&#8221;][vc_column reveal_effect=&#8221;&#8221; css=&#8221;.vc_custom_1614177062900{margin-top: 20px !important;margin-right: 0px !important;border-right-width: 0px !important;padding-right: 0px !important;padding-bottom: 0px !important;padding-left: 20px !important;border-right-color: #ffffff !important;}&#8221;][vc_row_inner gap=&#8221;20&#8243; css=&#8221;.vc_custom_1580732898210{margin-top: -20px !important;margin-right: 0px !important;border-right-width: 0px !important;padding-right: 0px !important;padding-left: 0px !important;border-right-color: #ffffff !important;}&#8221;][vc_column_inner width=&#8221;1\/3&#8243;][elx_video_block background_image=&#8221;5476&#8243; video_link=&#8221;https:\/\/www.youtube.com\/watch?v=MlcsYTqocuc&#8221; minimum_height=&#8221;180px&#8221;][vc_column_text el_class=&#8221;p-16&#8243; css=&#8221;.vc_custom_1581511477339{margin-top: 10px !important;}&#8221;]\u201d Jeg sparer ca. 1.000 mandetimer om \u00e5ret.\u201d<br \/>\n<a href=\"https:\/\/www.electroluxprofessional.com\/dk\/one-demand-gadehavegaard\/#taastrupvideo\">Se video om boligforening, der har valgt pay-per-use l\u00f8sning OnE Demand<\/a>[\/vc_column_text][\/vc_column_inner][vc_column_inner width=&#8221;1\/3&#8243;][elx_video_block background_image=&#8221;5235&#8243; video_link=&#8221;https:\/\/www.youtube.com\/watch?v=RlH2RYqtW3I&#8221; minimum_height=&#8221;180px&#8221;][vc_column_text el_class=&#8221;p-16&#8243; css=&#8221;.vc_custom_1602847244824{margin-top: 10px !important;}&#8221;]&#8221;Vi sparer flere hundredetusinde kroner p\u00e5 str\u00f8mforbruget.&#8221;<br \/>\n<a href=\"https:\/\/www.electroluxprofessional.com\/dk\/vaskeri\/\">Se video med bestyrelsesmedlem<\/a>[\/vc_column_text][\/vc_column_inner][vc_column_inner width=&#8221;1\/3&#8243;][vc_column_text css_animation=&#8221;none&#8221; el_class=&#8221;p-16&#8243; css=&#8221;.vc_custom_1757496206435{padding-top: 20px !important;padding-right: 20px !important;padding-bottom: 20px !important;padding-left: 20px !important;background-color: #041e41 !important;}&#8221;]<\/p>\n<h4><span style=\"color: #ffffff;\">Tilbud:<br \/>\nPr\u00f8v en Line 6000 varmepumpetumbler gratis i 30 dage<\/span><\/h4>\n<p><span style=\"color: #ffffff;\">S\u00e5 kan du selv se, hvor lidt str\u00f8m den bruger.<\/span><\/p>\n<p><a href=\"https:\/\/www.electroluxprofessional.com\/dk\/varmepumpe-toerretumbler\/\" target=\"_blank\" rel=\"noopener noreferrer\"><strong>L\u00e6s mere om dette tilbud<\/strong><\/a>[\/vc_column_text][\/vc_column_inner][\/vc_row_inner][\/vc_column][\/vc_row][vc_row disable_element=&#8221;yes&#8221; css=&#8221;.vc_custom_1731924270059{margin-top: 60px !important;background-color: #ec5610 !important;}&#8221;][vc_column reveal_effect=&#8221;&#8221; width=&#8221;1\/3&#8243; css=&#8221;.vc_custom_1638432029734{margin-top: 20px !important;margin-right: 0px !important;border-right-width: 0px !important;padding-right: 0px !important;padding-bottom: 0px !important;padding-left: 20px !important;border-right-color: #ffffff !important;}&#8221; offset=&#8221;vc_hidden-xs&#8221;][vc_single_image image=&#8221;20844&#8243; img_size=&#8221;330&#215;200&#8243; css=&#8221;.vc_custom_1638432896584{padding-bottom: 20px !important;}&#8221;][\/vc_column][vc_column width=&#8221;7\/12&#8243; offset=&#8221;vc_hidden-xs&#8221;][vc_empty_space height=&#8221;40px&#8221;][vc_column_text el_class=&#8221;p-16-white&#8221; css=&#8221;.vc_custom_1638367986818{margin-top: 10px !important;}&#8221;]<\/p>\n<h4>F\u00e5 d\u00e6kket reparation og reservedele p\u00e5 din nye Line 6000 vaskerimaskine for en lille tudse pr. \u00e5r<\/h4>\n<p>[\/vc_column_text][elx_button button_text=&#8221;Ny Garantiservice aftale&#8221; button_display_block=&#8221;display_block_on&#8221; button_link=&#8221;url:https%3A%2F%2Fwww.electroluxprofessional.com%2Fdk%2Fgarantiservice%2F||target:%20_blank|&#8221; css=&#8221;.vc_custom_1638368070505{margin-top: 30px !important;}&#8221;][\/vc_column][vc_column width=&#8221;1\/12&#8243; offset=&#8221;vc_hidden-xs&#8221;][\/vc_column][\/vc_row][vc_row css=&#8221;.vc_custom_1638432714355{background-color: #ec5610 !important;}&#8221;][vc_column reveal_effect=&#8221;&#8221; css=&#8221;.vc_custom_1638431999970{margin-top: 20px !important;margin-right: 0px !important;border-right-width: 0px !important;padding-right: 0px !important;padding-bottom: 0px !important;padding-left: 20px !important;border-right-color: #ffffff !important;}&#8221; offset=&#8221;vc_hidden-lg vc_hidden-md vc_hidden-sm&#8221;][vc_single_image image=&#8221;20844&#8243; img_size=&#8221;300&#215;190&#8243;][vc_column_text el_class=&#8221;p-16-white&#8221; css=&#8221;.vc_custom_1638367986818{margin-top: 10px !important;}&#8221;]<\/p>\n<h4>F\u00e5 d\u00e6kket reparation og reservedele p\u00e5 din nye Line 6000 vaskerimaskine for en lille tudse pr. \u00e5r<\/h4>\n<p>[\/vc_column_text][elx_button button_text=&#8221;Ny Garantiservice aftale&#8221; button_display_block=&#8221;display_block_on&#8221; button_link=&#8221;url:https%3A%2F%2Fwww.electroluxprofessional.com%2Fdk%2Fgarantiservice%2F||target:%20_blank|&#8221; css=&#8221;.vc_custom_1638368070505{margin-top: 30px !important;}&#8221;][vc_empty_space][\/vc_column][\/vc_row][vc_row css=&#8221;.vc_custom_1638368358968{margin-top: 30px !important;}&#8221;][vc_column][vc_empty_space][\/vc_column][\/vc_row]<\/p>\n","protected":false},"excerpt":{"rendered":"<p>[vc_row css=&#8221;.vc_custom_1637589937451{background-color: #041e41 !important;}&#8221;][vc_column reveal_effect=&#8221;&#8221; offset=&#8221;vc_hidden-xs&#8221;][vc_row_inner equal_height=&#8221;yes&#8221;][vc_column_inner width=&#8221;3\/5&#8243; css=&#8221;.vc_custom_1687180647391{padding-top: 40px !important;}&#8221;][elx_heading font_container=&#8221;h1&#8243; text_color=&#8221;white&#8221; text_align=&#8221;text-left&#8221; css=&#8221;.vc_custom_1687180596071{padding-top: 80px !important;}&#8221;] Vi giver garanti for driftsbesparelser [\/elx_heading][\/vc_column_inner][vc_column_inner width=&#8221;2\/5&#8243; offset=&#8221;vc_hidden-xs&#8221;][vc_single_image image=&#8221;6114&#8243; img_size=&#8221;full&#8221;][\/vc_column_inner][\/vc_row_inner][\/vc_column][\/vc_row][vc_row full_width=&#8221;electroluxpro-full-width-no-padding&#8221;][vc_column offset=&#8221;vc_hidden-lg vc_hidden-md vc_hidden-sm&#8221;][vc_single_image image=&#8221;6114&#8243; img_size=&#8221;full&#8221; alignment=&#8221;center&#8221;][vc_empty_space height=&#8221;12px&#8221;][vc_row_inner css=&#8221;.vc_custom_1637590129912{padding-right: 20px !important;padding-left: 20px !important;}&#8221;][vc_column_inner][elx_heading font_size=&#8221;h1&#8243; text_color=&#8221;electrolux-blue&#8221; text_align=&#8221;text-left&#8221; css=&#8221;.vc_custom_1646748441075{margin-top: 50px !important;margin-bottom: 50px !important;}&#8221;]Vi giver garanti for driftsbesparelser[\/elx_heading][vc_empty_space height=&#8221;12px&#8221;][vc_column_text css=&#8221;.vc_custom_1643024179852{margin-bottom: 30px [&hellip;]<\/p>\n","protected":false},"author":64,"featured_media":0,"parent":0,"menu_order":0,"comment_status":"closed","ping_status":"closed","template":"","meta":{"footnotes":""},"class_list":["post-21929","page","type-page","status-publish","hentry"],"acf":[],"yoast_head":"<!-- This site is optimized with the Yoast SEO plugin v23.3 - https:\/\/yoast.com\/wordpress\/plugins\/seo\/ -->\n<title>Driftbesparelser finansierer en ny Electrolux vaskerimaskine<\/title>\n<meta name=\"description\" content=\"Spar str\u00f8m og vand med de nye, intelligente vaskemaskiner og t\u00f8rretumblere fra Electrolux Professional. L\u00e6s mere her.\" \/>\n<meta name=\"robots\" content=\"index, follow, max-snippet:-1, max-image-preview:large, max-video-preview:-1\" \/>\n<link rel=\"canonical\" href=\"https:\/\/www.electroluxprofessional.com\/dk\/garanti-for-driftsbesparelser\/\" \/>\n<meta property=\"og:locale\" content=\"da_DK\" \/>\n<meta property=\"og:type\" content=\"article\" \/>\n<meta property=\"og:title\" content=\"Driftbesparelser finansierer en ny Electrolux vaskerimaskine\" \/>\n<meta property=\"og:description\" content=\"Spar str\u00f8m og vand med de nye, intelligente vaskemaskiner og t\u00f8rretumblere fra Electrolux Professional. L\u00e6s mere her.\" \/>\n<meta property=\"og:url\" content=\"https:\/\/www.electroluxprofessional.com\/dk\/garanti-for-driftsbesparelser\/\" \/>\n<meta property=\"og:site_name\" content=\"Electrolux Professional Danmark\" \/>\n<meta property=\"article:modified_time\" content=\"2026-02-06T10:28:15+00:00\" \/>\n<meta name=\"twitter:card\" content=\"summary_large_image\" \/>\n<meta name=\"twitter:label1\" content=\"Estimeret l\u00e6setid\" \/>\n\t<meta name=\"twitter:data1\" content=\"8 minutter\" \/>\n<script type=\"application\/ld+json\" class=\"yoast-schema-graph\">{\"@context\":\"https:\/\/schema.org\",\"@graph\":[{\"@type\":\"WebPage\",\"@id\":\"https:\/\/www.electroluxprofessional.com\/dk\/garanti-for-driftsbesparelser\/\",\"url\":\"https:\/\/www.electroluxprofessional.com\/dk\/garanti-for-driftsbesparelser\/\",\"name\":\"Driftbesparelser finansierer en ny Electrolux vaskerimaskine\",\"isPartOf\":{\"@id\":\"https:\/\/www.electroluxprofessional.com\/dk\/#website\"},\"datePublished\":\"2025-09-08T10:06:48+00:00\",\"dateModified\":\"2026-02-06T10:28:15+00:00\",\"description\":\"Spar str\u00f8m og vand med de nye, intelligente vaskemaskiner og t\u00f8rretumblere fra Electrolux Professional. L\u00e6s mere her.\",\"breadcrumb\":{\"@id\":\"https:\/\/www.electroluxprofessional.com\/dk\/garanti-for-driftsbesparelser\/#breadcrumb\"},\"inLanguage\":\"da-DK\",\"potentialAction\":[{\"@type\":\"ReadAction\",\"target\":[\"https:\/\/www.electroluxprofessional.com\/dk\/garanti-for-driftsbesparelser\/\"]}]},{\"@type\":\"BreadcrumbList\",\"@id\":\"https:\/\/www.electroluxprofessional.com\/dk\/garanti-for-driftsbesparelser\/#breadcrumb\",\"itemListElement\":[{\"@type\":\"ListItem\",\"position\":1,\"name\":\"Home\",\"item\":\"https:\/\/www.electroluxprofessional.com\/dk\/\"},{\"@type\":\"ListItem\",\"position\":2,\"name\":\"Garanti for driftsbesparelser \u2013 beregner\"}]},{\"@type\":\"WebSite\",\"@id\":\"https:\/\/www.electroluxprofessional.com\/dk\/#website\",\"url\":\"https:\/\/www.electroluxprofessional.com\/dk\/\",\"name\":\"Electrolux Professional Danmark\",\"description\":\"\",\"potentialAction\":[{\"@type\":\"SearchAction\",\"target\":{\"@type\":\"EntryPoint\",\"urlTemplate\":\"https:\/\/www.electroluxprofessional.com\/dk\/?src={search_term_string}\"},\"query-input\":\"required name=search_term_string\"}],\"inLanguage\":\"da-DK\"}]}<\/script>\n<!-- \/ Yoast SEO plugin. -->","yoast_head_json":{"title":"Driftbesparelser finansierer en ny Electrolux vaskerimaskine","description":"Spar str\u00f8m og vand med de nye, intelligente vaskemaskiner og t\u00f8rretumblere fra Electrolux Professional. L\u00e6s mere her.","robots":{"index":"index","follow":"follow","max-snippet":"max-snippet:-1","max-image-preview":"max-image-preview:large","max-video-preview":"max-video-preview:-1"},"canonical":"https:\/\/www.electroluxprofessional.com\/dk\/garanti-for-driftsbesparelser\/","og_locale":"da_DK","og_type":"article","og_title":"Driftbesparelser finansierer en ny Electrolux vaskerimaskine","og_description":"Spar str\u00f8m og vand med de nye, intelligente vaskemaskiner og t\u00f8rretumblere fra Electrolux Professional. L\u00e6s mere her.","og_url":"https:\/\/www.electroluxprofessional.com\/dk\/garanti-for-driftsbesparelser\/","og_site_name":"Electrolux Professional Danmark","article_modified_time":"2026-02-06T10:28:15+00:00","twitter_card":"summary_large_image","twitter_misc":{"Estimeret l\u00e6setid":"8 minutter"},"schema":{"@context":"https:\/\/schema.org","@graph":[{"@type":"WebPage","@id":"https:\/\/www.electroluxprofessional.com\/dk\/garanti-for-driftsbesparelser\/","url":"https:\/\/www.electroluxprofessional.com\/dk\/garanti-for-driftsbesparelser\/","name":"Driftbesparelser finansierer en ny Electrolux vaskerimaskine","isPartOf":{"@id":"https:\/\/www.electroluxprofessional.com\/dk\/#website"},"datePublished":"2025-09-08T10:06:48+00:00","dateModified":"2026-02-06T10:28:15+00:00","description":"Spar str\u00f8m og vand med de nye, intelligente vaskemaskiner og t\u00f8rretumblere fra Electrolux Professional. L\u00e6s mere her.","breadcrumb":{"@id":"https:\/\/www.electroluxprofessional.com\/dk\/garanti-for-driftsbesparelser\/#breadcrumb"},"inLanguage":"da-DK","potentialAction":[{"@type":"ReadAction","target":["https:\/\/www.electroluxprofessional.com\/dk\/garanti-for-driftsbesparelser\/"]}]},{"@type":"BreadcrumbList","@id":"https:\/\/www.electroluxprofessional.com\/dk\/garanti-for-driftsbesparelser\/#breadcrumb","itemListElement":[{"@type":"ListItem","position":1,"name":"Home","item":"https:\/\/www.electroluxprofessional.com\/dk\/"},{"@type":"ListItem","position":2,"name":"Garanti for driftsbesparelser \u2013 beregner"}]},{"@type":"WebSite","@id":"https:\/\/www.electroluxprofessional.com\/dk\/#website","url":"https:\/\/www.electroluxprofessional.com\/dk\/","name":"Electrolux Professional Danmark","description":"","potentialAction":[{"@type":"SearchAction","target":{"@type":"EntryPoint","urlTemplate":"https:\/\/www.electroluxprofessional.com\/dk\/?src={search_term_string}"},"query-input":"required name=search_term_string"}],"inLanguage":"da-DK"}]}},"_links":{"self":[{"href":"https:\/\/www.electroluxprofessional.com\/dk\/wp-json\/wp\/v2\/pages\/21929"}],"collection":[{"href":"https:\/\/www.electroluxprofessional.com\/dk\/wp-json\/wp\/v2\/pages"}],"about":[{"href":"https:\/\/www.electroluxprofessional.com\/dk\/wp-json\/wp\/v2\/types\/page"}],"author":[{"embeddable":true,"href":"https:\/\/www.electroluxprofessional.com\/dk\/wp-json\/wp\/v2\/users\/64"}],"replies":[{"embeddable":true,"href":"https:\/\/www.electroluxprofessional.com\/dk\/wp-json\/wp\/v2\/comments?post=21929"}],"version-history":[{"count":51,"href":"https:\/\/www.electroluxprofessional.com\/dk\/wp-json\/wp\/v2\/pages\/21929\/revisions"}],"predecessor-version":[{"id":28517,"href":"https:\/\/www.electroluxprofessional.com\/dk\/wp-json\/wp\/v2\/pages\/21929\/revisions\/28517"}],"wp:attachment":[{"href":"https:\/\/www.electroluxprofessional.com\/dk\/wp-json\/wp\/v2\/media?parent=21929"}],"curies":[{"name":"wp","href":"https:\/\/api.w.org\/{rel}","templated":true}]}}