{"id":21487,"date":"2024-07-30T14:27:34","date_gmt":"2024-07-30T14:27:34","guid":{"rendered":"https:\/\/www.electroluxprofessional.com\/dk\/?page_id=21487"},"modified":"2025-11-12T08:35:05","modified_gmt":"2025-11-12T08:35:05","slug":"moppevask","status":"publish","type":"page","link":"https:\/\/www.electroluxprofessional.com\/dk\/moppevask\/","title":{"rendered":"Reng\u00f8ringsfirma \u2013 moppevask"},"content":{"rendered":"<p>[vc_row full_width=&#8221;electroluxpro-full-width-no-padding&#8221;][vc_column][elx_hero_slider label_text_color=&#8221;inherit&#8221; images=&#8221;4931&#8243; extra_class=&#8221;hero-slider hero-content&#8221;][elx_heading font_container=&#8221;h4&#8243; font_size=&#8221;h4&#8243; text_color=&#8221;inherit&#8221;]Reng\u00f8ringsfirma[\/elx_heading][vc_column_text css=&#8221;.vc_custom_1631275484637{margin-bottom: 0px !important;}&#8221;]Med en industrivaskemaskine fra Electrolux Professional f\u00e5r du \u201cready-to-use\u201d mopper og klude. <strong>Uden<\/strong> sand og grus i. <strong>Med<\/strong> NIR-certifikat.[\/vc_column_text][\/elx_hero_slider][\/vc_column][\/vc_row][vc_row matched_labels=&#8221;&#8221; css=&#8221;.vc_custom_1725008680756{margin-top: 80px !important;}&#8221;][vc_column width=&#8221;7\/12&#8243;][elx_heading font_container=&#8221;h1&#8243; font_size=&#8221;h1&#8243; text_color=&#8221;electrolux-blue&#8221; text_align=&#8221;text-left&#8221; css=&#8221;.vc_custom_1725008570487{margin-top: 50px !important;margin-bottom: 50px !important;}&#8221;]Moppevask p\u00e5 rekordtid[\/elx_heading][vc_row_inner][vc_column_inner offset=&#8221;vc_hidden-xs&#8221;][vc_empty_space height=&#8221;60px&#8221;][\/vc_column_inner][\/vc_row_inner][vc_column_text el_class=&#8221;p-16&#8243;]Arbejder I med v\u00e5d reng\u00f8ring eller fugtig aft\u00f8rring med forfugtet klud eller moppe? Uanset hvad, s\u00e5 f\u00e5r I 100 pct. bakteriefrie \u201cready-to-use\u201d mopper og klude p\u00e5 den halve tid, hvis I vasker dem i en industrimaskine fra Electrolux Professional.[\/vc_column_text][vc_empty_space height=&#8221;50px&#8221;][elx_o2000_contact_us form_alignment=&#8221;left&#8221; flag_hide_request_type=&#8221;true&#8221; country=&#8221;Denmark&#8221; b=&#8221;laundry&#8221; compact_view=&#8221;1&#8243; text_color=&#8221;#14133B&#8221; thanks=&#8221;Tak for din henvendelse. Vi vender tilbage hurtigst muligt.&#8221; button_mode=&#8221;true&#8221; postion_button=&#8221;text-left&#8221; postion_button_mobile=&#8221;text-left-mobile&#8221; text_btn_contact=&#8221;F\u00c5 ET TILBUD&#8221;][\/vc_column][vc_column width=&#8221;5\/12&#8243;][vc_row_inner][vc_column_inner offset=&#8221;vc_hidden-lg vc_hidden-md&#8221;][vc_empty_space height=&#8221;40px&#8221;][\/vc_column_inner][\/vc_row_inner][vc_single_image image=&#8221;24177&#8243; img_size=&#8221;full&#8221;][\/vc_column][\/vc_row][vc_row css=&#8221;.vc_custom_1656414819523{margin-top: 30px !important;}&#8221;][vc_column width=&#8221;7\/12&#8243; css=&#8221;.vc_custom_1656410811998{padding-top: 20px !important;}&#8221;][vc_column_text el_class=&#8221;p-16&#8243; css=&#8221;.vc_custom_1722426671341{padding-right: 32px !important;}&#8221;]<\/p>\n<h4>Desinfektionsprogram som opfylder NIR*<\/h4>\n<p>G\u00f8r I rent p\u00e5 hospitaler og skoler m.m., bruger I bare maskinens desinfektionsprogram, som ikke alene garanterer rene og bakteriefrie mopper og klude. Det sikrer ogs\u00e5, at du lever op til de g\u00e6ldende\u00a0<a href=\"https:\/\/www.electroluxprofessional.com\/dk\/mypro-vask-toer-strygeruller\/#nir\" target=\"_blank\" rel=\"noopener noreferrer\">NIR*-regler<\/a>\u00a0ved at vaske p\u00e5 de rette temperaturer i det antal minutter, der kr\u00e6ves. Og det f\u00e5r du et NIR-certifikat p\u00e5.[\/vc_column_text][vc_empty_space height=&#8221;50px&#8221;][elx_o2000_contact_us form_alignment=&#8221;left&#8221; flag_hide_request_type=&#8221;true&#8221; country=&#8221;Denmark&#8221; b=&#8221;laundry&#8221; compact_view=&#8221;1&#8243; text_color=&#8221;#14133B&#8221; thanks=&#8221;Tak for din henvendelse. Vi vender tilbage hurtigst muligt.&#8221; button_mode=&#8221;true&#8221; postion_button=&#8221;text-left&#8221; postion_button_mobile=&#8221;text-left-mobile&#8221; text_btn_contact=&#8221;F\u00c5 EN UFORPLIGTENDE SNAK OM EFFEKTIV MOPPEVASK&#8221;][\/vc_column][vc_column width=&#8221;5\/12&#8243; css=&#8221;.vc_custom_1631280442468{margin-top: 10px !important;}&#8221;][vc_row_inner][vc_column_inner offset=&#8221;vc_hidden-lg vc_hidden-md vc_hidden-sm&#8221;][vc_empty_space][\/vc_column_inner][\/vc_row_inner][vc_column_text el_class=&#8221;p-16-white&#8221; css=&#8221;.vc_custom_1631279968818{padding-top: 20px !important;padding-right: 32px !important;padding-bottom: 32px !important;padding-left: 32px !important;background-color: #6f869b !important;}&#8221;]<\/p>\n<h4>NIR-certifikat<\/h4>\n<p>N\u00e5r du k\u00f8ber din nye vaskemaskine af Electrolux Professional, f\u00e5r du et certifikat, hvor vi garanterer, at maskinen har specialprogrammer, der overholder NIR*s krav til <em>h\u00e5ndtering af tekstiler til flergangsbrug i sundhedssektoren <\/em>og til <em>Reng\u00f8ring i hospitals- og prim\u00e6rsektoren, herunder dagtilbud og skoler<\/em><em>.<\/em>[\/vc_column_text][vc_column_text el_class=&#8221;p-12&#8243; css=&#8221;.vc_custom_1656419768861{padding-top: 12px !important;}&#8221;]* NIR \u2013 Nationale Infektionshygiejniske Retningslinjer udarbejdet af Central Enhed for Infektionshygiejne, Statens Serum Institut: \u201dOm h\u00e5ndtering af tekstiler til flergangsbrug i sundhedssektoren\u201d, 2.udgave 2022.[\/vc_column_text][\/vc_column][\/vc_row][vc_row css=&#8221;.vc_custom_1631280197720{margin-top: 60px !important;}&#8221;][vc_column css=&#8221;.vc_custom_1631280209442{border-top-width: 1px !important;border-top-color: #dadfe1 !important;border-top-style: solid !important;}&#8221;][vc_empty_space height=&#8221;10px&#8221;][\/vc_column][\/vc_row][vc_row css=&#8221;.vc_custom_1631280083151{margin-top: 40px !important;}&#8221;][vc_column width=&#8221;6\/12&#8243;][elx_heading text_color=&#8221;inherit&#8221;]Dine fordele ved vaskemaskiner fra Electrolux Professional:[\/elx_heading][vc_column_text el_class=&#8221;p-16&#8243; css=&#8221;.vc_custom_1631277828168{margin-top: 32px !important;}&#8221;]<strong>1. Hurtig moppevask:<\/strong><br \/>\nMaskinerne vasker op til 50% hurtigere end husholdningsmaskiner.<\/p>\n<p><strong>2. Rene \u201cready-to-use\u201d mopper:<\/strong><br \/>\nMed specialprogram til mopper undg\u00e5r du sand og grus.<\/p>\n<p><strong>3. H\u00f8j driftssikkerhed:<\/strong><br \/>\nIndustrivaskemaskiner er mere robuste end husholdningsmaskiner.<\/p>\n<p><strong>4. Desinfektionsprogram \u2013 overholder NIR*:<br \/>\n<\/strong> Rene, bakteriefrie mopper og klude.[\/vc_column_text][\/vc_column][vc_column width=&#8221;1\/12&#8243;][vc_empty_space height=&#8221;10px&#8221;][\/vc_column][vc_column width=&#8221;5\/12&#8243; css=&#8221;.vc_custom_1631278618790{margin-top: 32px !important;}&#8221;][elx_image_block background_image=&#8221;21505&#8243; vert_back_position=&#8221;bottom&#8221; minimum_height=&#8221;400px&#8221;][\/vc_column][\/vc_row][vc_row css=&#8221;.vc_custom_1656417601848{margin-top: 80px !important;padding-top: 50px !important;padding-bottom: 50px !important;background-color: #041e41 !important;}&#8221; el_id=&#8221;tagentest&#8221;][vc_column width=&#8221;1\/3&#8243; css=&#8221;.vc_custom_1631277539517{margin-top: 40px !important;margin-right: 20px !important;}&#8221;][elx_heading text_color=&#8221;white&#8221;]F\u00e5 de helt rigtige maskiner til jeres behov[\/elx_heading][vc_column_text el_class=&#8221;p-16-white&#8221; css=&#8221;.vc_custom_1656415345026{margin-top: 32px !important;}&#8221;]Electrolux Professional er landets f\u00f8rende ekspert inden for professionelle vaskerimaskiner og har markedets st\u00f8rste sortiment. Du kan v\u00e6lge maskiner i to serier, Line 6000 og myPRO. Begge maskiner har specielt moppeprogram.<\/p>\n<p>&nbsp;<\/p>\n<p><a href=\"https:\/\/www.electroluxprofessional.com\/dk\/mindre-virksomhed-eller-boligforening\/\"><strong>4 ting den mindre virksomhed b\u00f8r overveje inden k\u00f8b af vaskemaskiner<\/strong><\/a>[\/vc_column_text][vc_empty_space height=&#8221;10px&#8221;][\/vc_column][vc_column width=&#8221;1\/3&#8243; css=&#8221;.vc_custom_1656417530985{padding-left: 20px !important;}&#8221;][vc_row_inner][vc_column_inner][vc_empty_space height=&#8221;10px&#8221;][\/vc_column_inner][\/vc_row_inner][vc_single_image image=&#8221;21496&#8243; img_size=&#8221;full&#8221; css=&#8221;.vc_custom_1656417573874{padding-right: 30px !important;padding-left: 10px !important;}&#8221;][vc_row_inner][vc_column_inner css=&#8221;.vc_custom_1656417509138{border-top-width: 1px !important;border-top-color: #ffffff !important;border-top-style: solid !important;}&#8221;][vc_empty_space height=&#8221;20px&#8221;][vc_column_text el_class=&#8221;p-14-white&#8221;]Line 6000 er Electrolux Professionals topprofessionelle maskine, som f\u00e5s i har mange st\u00f8rrelser og holder til 30.000 vaske.<br \/>\n<strong><a href=\"#maskiner\">Se maskinerne<\/a><\/strong>[\/vc_column_text][\/vc_column_inner][\/vc_row_inner][\/vc_column][vc_column width=&#8221;1\/3&#8243; css=&#8221;.vc_custom_1656417525095{padding-left: 20px !important;}&#8221;][vc_single_image image=&#8221;24176&#8243; img_size=&#8221;full&#8221; alignment=&#8221;right&#8221; css=&#8221;.vc_custom_1656417582009{padding-right: 30px !important;padding-left: 20px !important;}&#8221;][vc_row_inner css=&#8221;.vc_custom_1656417471181{margin-top: 20px !important;}&#8221;][vc_column_inner css=&#8221;.vc_custom_1656417503222{border-top-width: 1px !important;border-top-color: #ffffff !important;border-top-style: solid !important;}&#8221;][vc_empty_space height=&#8221;20px&#8221;][vc_column_text el_class=&#8221;p-14-white&#8221;]myPRO er en kompakt 8 kilos industrimaskine til virksomheder, som ikke har brug for en topprofessionel vaskeril\u00f8sning.<br \/>\n<a href=\"https:\/\/www.electroluxprofessional.com\/dk\/mypro-vask-toer-strygeruller\/#nir\"><strong>Se myPRO til reng\u00f8ring <\/strong><\/a>[\/vc_column_text][\/vc_column_inner][\/vc_row_inner][\/vc_column][\/vc_row][vc_row css=&#8221;.vc_custom_1631281036177{margin-top: 60px !important;}&#8221;][vc_column offset=&#8221;vc_hidden-xs&#8221; el_class=&#8221;center&#8221;][elx_o2000_contact_us flag_hide_request_type=&#8221;true&#8221; country=&#8221;Denmark&#8221; b=&#8221;laundry&#8221; compact_view=&#8221;1&#8243; text_color=&#8221;#14133B&#8221; thanks=&#8221;Tak for din henvendelse. Vi vender tilbage hurtigst muligt.&#8221; button_mode=&#8221;true&#8221; text_btn_contact=&#8221;H\u00f8r mere om effektiv moppevask eller f\u00e5 et tilbud&#8221;][vc_column_text css_animation=&#8221;none&#8221; el_class=&#8221;p-14&#8243; css=&#8221;.vc_custom_1618927893020{margin-top: 20px !important;margin-bottom: 20px !important;}&#8221;]<\/p>\n<p style=\"text-align: center;\">Har du sp\u00f8rgsm\u00e5l, er du velkommen til at ringe til os p\u00e5 tlf. 63 76 22 20.<\/p>\n<p>[\/vc_column_text][\/vc_column][\/vc_row][vc_row full_width=&#8221;electroluxpro-full-width&#8221; css=&#8221;.vc_custom_1631281045561{margin-top: 60px !important;border-top-width: 1px !important;padding-top: 40px !important;border-top-color: #dadfe1 !important;border-top-style: solid !important;}&#8221;][vc_column][elx_heading font_container=&#8221;h3&#8243; font_size=&#8221;h3&#8243; text_color=&#8221;electrolux-blue&#8221; text_align=&#8221;text-center&#8221; css=&#8221;.vc_custom_1618928252510{padding-top: 0px !important;padding-right: 0px !important;}&#8221;]Se hvad andre siger om deres vaskerier fra Electrolux Professional[\/elx_heading][\/vc_column][\/vc_row][vc_row css=&#8221;.vc_custom_1631282982011{margin-top: 60px !important;}&#8221;][vc_column width=&#8221;1\/3&#8243; offset=&#8221;vc_hidden-xs&#8221;][elx_video_block background_image=&#8221;5237&#8243; video_link=&#8221;https:\/\/www.youtube.com\/watch?v=URHN5sWMKNk&amp;feature=youtu.be&#8221; minimum_height=&#8221;220px&#8221;][vc_column_text el_class=&#8221;p-16&#8243; css=&#8221;.vc_custom_1581511723358{margin-top: 10px !important;}&#8221;]&#8221;Vigtigt at have tillid til vaskerileverand\u00f8ren.&#8221;<br \/>\n<a href=\"https:\/\/www.electroluxprofessional.com\/dk\/vision-gronningen\/\">Se videointerview med bestyrelsesformand<\/a>[\/vc_column_text][\/vc_column][vc_column width=&#8221;1\/3&#8243; offset=&#8221;vc_hidden-xs&#8221; css=&#8221;.vc_custom_1722426794859{background-color: #041e41 !important;}&#8221;][vc_column_text css=&#8221;.vc_custom_1722426827702{padding-top: 30px !important;padding-right: 25px !important;padding-bottom: 30px !important;padding-left: 30px !important;background-color: #041e41 !important;}&#8221; el_class=&#8221;p-16-white&#8221;]<strong>NY INDUSTRIVASKEMASKINE UDEN INVESTERING<br \/>\n<\/strong>Med OnE Demand \u2013 en pay-per-use l\u00f8sning \u2013 f\u00e5r dit firma nye professionelle vaskemaskiner, men udgifterne til maskink\u00f8b, drift og vedligeholdelse er inkluderet i prisen for en vask.<br \/>\n<a href=\"https:\/\/www.electroluxprofessional.com\/dk\/one-demand-pay-per-use\/\">S\u00e5dan fungerer OnE Demand<\/a>[\/vc_column_text][\/vc_column][vc_column width=&#8221;1\/3&#8243; offset=&#8221;vc_hidden-xs&#8221;][vc_column_text css=&#8221;.vc_custom_1722426925667{margin-right: 10px !important;margin-bottom: 10px !important;margin-left: 10px !important;}&#8221;]<\/p>\n<h4 class=\"widget-title\">Hold dig ajour p\u00e5 vaskerifronten<\/h4>\n<p>[\/vc_column_text][vc_column_text css_animation=&#8221;none&#8221; el_class=&#8221;p-16&#8243; css=&#8221;.vc_custom_1528895207163{margin-right: 10px !important;margin-bottom: 20px !important;margin-left: 10px !important;}&#8221;]F\u00e5 e-mails med nyheder, tilbud, konkurrencer, tips og gode r\u00e5d om professionelle vaskeril\u00f8sninger fra Electrolux Professional.[\/vc_column_text][elx_o2000_mailchimp_form language=&#8221;dk&#8221; listid=&#8221;eed2270662&#8243;][\/vc_column][\/vc_row][vc_row][vc_column offset=&#8221;vc_hidden-lg vc_hidden-md vc_hidden-sm&#8221;][vc_row_inner full_width=&#8221;electroluxpro-container-no-padding&#8221; css=&#8221;.vc_custom_1631283979839{margin-top: 40px !important;}&#8221;][vc_column_inner][elx_video_block background_image=&#8221;5237&#8243; video_link=&#8221;https:\/\/www.youtube.com\/watch?v=URHN5sWMKNk&amp;feature=youtu.be&#8221; minimum_height=&#8221;180px&#8221;][vc_column_text el_class=&#8221;p-16&#8243; css=&#8221;.vc_custom_1581511723358{margin-top: 10px !important;}&#8221;]&#8221;Vigtigt at have tillid til vaskerileverand\u00f8ren.&#8221;<br \/>\n<a href=\"https:\/\/www.electroluxprofessional.com\/dk\/vision-gronningen\/\">Se videointerview med bestyrelsesformand<\/a>[\/vc_column_text][vc_empty_space][vc_column_text css=&#8221;.vc_custom_1631607074937{padding-top: 30px !important;padding-right: 25px !important;padding-bottom: 30px !important;padding-left: 30px !important;background-color: #041e41 !important;}&#8221; el_class=&#8221;p-16-white&#8221;]<strong>NY INDUSTRIVASKEMASKINE UDEN INVESTERING<br \/>\n<\/strong>Med OnE Demand \u2013 en pay-per-use l\u00f8sning \u2013 f\u00e5r dit firma nye professionelle vaskemaskiner, men udgifterne til maskink\u00f8b, drift og vedligeholdelse er inkluderet i prisen for en vask.<br \/>\n<a href=\"https:\/\/www.electroluxprofessional.com\/dk\/one-demand-pay-per-use\/\">S\u00e5dan fungerer OnE Demand<\/a>[\/vc_column_text][\/vc_column_inner][\/vc_row_inner][vc_empty_space][vc_column_text css=&#8221;.vc_custom_1618927998400{margin-right: 10px !important;margin-bottom: 10px !important;margin-left: 10px !important;}&#8221;]<\/p>\n<h4 class=\"widget-title\">Hold dig ajour p\u00e5 vaskerifronten<\/h4>\n<p>[\/vc_column_text][vc_column_text css_animation=&#8221;none&#8221; el_class=&#8221;p-16&#8243; css=&#8221;.vc_custom_1528895207163{margin-right: 10px !important;margin-bottom: 20px !important;margin-left: 10px !important;}&#8221;]F\u00e5 e-mails med nyheder, tilbud, konkurrencer, tips og gode r\u00e5d om professionelle vaskeril\u00f8sninger fra Electrolux Professional.[\/vc_column_text][elx_o2000_mailchimp_form language=&#8221;dk&#8221; listid=&#8221;eed2270662&#8243;][\/vc_column][\/vc_row][vc_row disable_element=&#8221;yes&#8221;][vc_column][vc_empty_space height=&#8221;100px&#8221;][elx_heading font_size=&#8221;h3&#8243; text_color=&#8221;inherit&#8221; text_align=&#8221;text-center&#8221;]Disse produkter kunne m\u00e5ske ogs\u00e5 v\u00e6re interessante for dig:[\/elx_heading][\/vc_column][\/vc_row][vc_row el_id=&#8221;maskiner&#8221;][vc_column][vc_empty_space height=&#8221;50px&#8221;][\/vc_column][\/vc_row]<\/p>\n","protected":false},"excerpt":{"rendered":"<p>[vc_row full_width=&#8221;electroluxpro-full-width-no-padding&#8221;][vc_column][elx_hero_slider label_text_color=&#8221;inherit&#8221; images=&#8221;4931&#8243; extra_class=&#8221;hero-slider hero-content&#8221;][elx_heading font_container=&#8221;h4&#8243; font_size=&#8221;h4&#8243; text_color=&#8221;inherit&#8221;]Reng\u00f8ringsfirma[\/elx_heading][vc_column_text css=&#8221;.vc_custom_1631275484637{margin-bottom: 0px !important;}&#8221;]Med en industrivaskemaskine fra Electrolux Professional f\u00e5r du \u201cready-to-use\u201d mopper og klude. Uden sand og grus i. Med NIR-certifikat.[\/vc_column_text][\/elx_hero_slider][\/vc_column][\/vc_row][vc_row matched_labels=&#8221;&#8221; css=&#8221;.vc_custom_1725008680756{margin-top: 80px !important;}&#8221;][vc_column width=&#8221;7\/12&#8243;][elx_heading font_container=&#8221;h1&#8243; font_size=&#8221;h1&#8243; text_color=&#8221;electrolux-blue&#8221; text_align=&#8221;text-left&#8221; css=&#8221;.vc_custom_1725008570487{margin-top: 50px !important;margin-bottom: 50px !important;}&#8221;]Moppevask p\u00e5 rekordtid[\/elx_heading][vc_row_inner][vc_column_inner offset=&#8221;vc_hidden-xs&#8221;][vc_empty_space height=&#8221;60px&#8221;][\/vc_column_inner][\/vc_row_inner][vc_column_text el_class=&#8221;p-16&#8243;]Arbejder I med v\u00e5d reng\u00f8ring eller fugtig [&hellip;]<\/p>\n","protected":false},"author":64,"featured_media":0,"parent":0,"menu_order":0,"comment_status":"closed","ping_status":"closed","template":"","meta":{"footnotes":""},"class_list":["post-21487","page","type-page","status-publish","hentry"],"acf":[],"yoast_head":"<!-- This site is optimized with the Yoast SEO plugin v23.3 - https:\/\/yoast.com\/wordpress\/plugins\/seo\/ -->\n<title>Industrivaskemaskine til moppevask - Electrolux Professional<\/title>\n<meta name=\"description\" content=\"Du f\u00e5r rene \u201cready-to-use\u201d mopper 50% hurtigere end i husholdningsmaskiner. Med specialprogram til moppevask undg\u00e5r du sand og grus.\" \/>\n<meta name=\"robots\" content=\"index, follow, max-snippet:-1, max-image-preview:large, max-video-preview:-1\" \/>\n<link rel=\"canonical\" href=\"https:\/\/www.electroluxprofessional.com\/dk\/moppevask\/\" \/>\n<meta property=\"og:locale\" content=\"da_DK\" \/>\n<meta property=\"og:type\" content=\"article\" \/>\n<meta property=\"og:title\" content=\"Industrivaskemaskine til moppevask - Electrolux Professional\" \/>\n<meta property=\"og:description\" content=\"Du f\u00e5r rene \u201cready-to-use\u201d mopper 50% hurtigere end i husholdningsmaskiner. Med specialprogram til moppevask undg\u00e5r du sand og grus.\" \/>\n<meta property=\"og:url\" content=\"https:\/\/www.electroluxprofessional.com\/dk\/moppevask\/\" \/>\n<meta property=\"og:site_name\" content=\"Electrolux Professional Danmark\" \/>\n<meta property=\"article:modified_time\" content=\"2025-11-12T08:35:05+00:00\" \/>\n<meta name=\"twitter:card\" content=\"summary_large_image\" \/>\n<meta name=\"twitter:label1\" content=\"Estimeret l\u00e6setid\" \/>\n\t<meta name=\"twitter:data1\" content=\"5 minutter\" \/>\n<script type=\"application\/ld+json\" class=\"yoast-schema-graph\">{\"@context\":\"https:\/\/schema.org\",\"@graph\":[{\"@type\":\"WebPage\",\"@id\":\"https:\/\/www.electroluxprofessional.com\/dk\/moppevask\/\",\"url\":\"https:\/\/www.electroluxprofessional.com\/dk\/moppevask\/\",\"name\":\"Industrivaskemaskine til moppevask - Electrolux Professional\",\"isPartOf\":{\"@id\":\"https:\/\/www.electroluxprofessional.com\/dk\/#website\"},\"datePublished\":\"2024-07-30T14:27:34+00:00\",\"dateModified\":\"2025-11-12T08:35:05+00:00\",\"description\":\"Du f\u00e5r rene \u201cready-to-use\u201d mopper 50% hurtigere end i husholdningsmaskiner. Med specialprogram til moppevask undg\u00e5r du sand og grus.\",\"breadcrumb\":{\"@id\":\"https:\/\/www.electroluxprofessional.com\/dk\/moppevask\/#breadcrumb\"},\"inLanguage\":\"da-DK\",\"potentialAction\":[{\"@type\":\"ReadAction\",\"target\":[\"https:\/\/www.electroluxprofessional.com\/dk\/moppevask\/\"]}]},{\"@type\":\"BreadcrumbList\",\"@id\":\"https:\/\/www.electroluxprofessional.com\/dk\/moppevask\/#breadcrumb\",\"itemListElement\":[{\"@type\":\"ListItem\",\"position\":1,\"name\":\"Home\",\"item\":\"https:\/\/www.electroluxprofessional.com\/dk\/\"},{\"@type\":\"ListItem\",\"position\":2,\"name\":\"Reng\u00f8ringsfirma \u2013 moppevask\"}]},{\"@type\":\"WebSite\",\"@id\":\"https:\/\/www.electroluxprofessional.com\/dk\/#website\",\"url\":\"https:\/\/www.electroluxprofessional.com\/dk\/\",\"name\":\"Electrolux Professional Danmark\",\"description\":\"\",\"potentialAction\":[{\"@type\":\"SearchAction\",\"target\":{\"@type\":\"EntryPoint\",\"urlTemplate\":\"https:\/\/www.electroluxprofessional.com\/dk\/?src={search_term_string}\"},\"query-input\":\"required name=search_term_string\"}],\"inLanguage\":\"da-DK\"}]}<\/script>\n<!-- \/ Yoast SEO plugin. -->","yoast_head_json":{"title":"Industrivaskemaskine til moppevask - Electrolux Professional","description":"Du f\u00e5r rene \u201cready-to-use\u201d mopper 50% hurtigere end i husholdningsmaskiner. Med specialprogram til moppevask undg\u00e5r du sand og grus.","robots":{"index":"index","follow":"follow","max-snippet":"max-snippet:-1","max-image-preview":"max-image-preview:large","max-video-preview":"max-video-preview:-1"},"canonical":"https:\/\/www.electroluxprofessional.com\/dk\/moppevask\/","og_locale":"da_DK","og_type":"article","og_title":"Industrivaskemaskine til moppevask - Electrolux Professional","og_description":"Du f\u00e5r rene \u201cready-to-use\u201d mopper 50% hurtigere end i husholdningsmaskiner. Med specialprogram til moppevask undg\u00e5r du sand og grus.","og_url":"https:\/\/www.electroluxprofessional.com\/dk\/moppevask\/","og_site_name":"Electrolux Professional Danmark","article_modified_time":"2025-11-12T08:35:05+00:00","twitter_card":"summary_large_image","twitter_misc":{"Estimeret l\u00e6setid":"5 minutter"},"schema":{"@context":"https:\/\/schema.org","@graph":[{"@type":"WebPage","@id":"https:\/\/www.electroluxprofessional.com\/dk\/moppevask\/","url":"https:\/\/www.electroluxprofessional.com\/dk\/moppevask\/","name":"Industrivaskemaskine til moppevask - Electrolux Professional","isPartOf":{"@id":"https:\/\/www.electroluxprofessional.com\/dk\/#website"},"datePublished":"2024-07-30T14:27:34+00:00","dateModified":"2025-11-12T08:35:05+00:00","description":"Du f\u00e5r rene \u201cready-to-use\u201d mopper 50% hurtigere end i husholdningsmaskiner. Med specialprogram til moppevask undg\u00e5r du sand og grus.","breadcrumb":{"@id":"https:\/\/www.electroluxprofessional.com\/dk\/moppevask\/#breadcrumb"},"inLanguage":"da-DK","potentialAction":[{"@type":"ReadAction","target":["https:\/\/www.electroluxprofessional.com\/dk\/moppevask\/"]}]},{"@type":"BreadcrumbList","@id":"https:\/\/www.electroluxprofessional.com\/dk\/moppevask\/#breadcrumb","itemListElement":[{"@type":"ListItem","position":1,"name":"Home","item":"https:\/\/www.electroluxprofessional.com\/dk\/"},{"@type":"ListItem","position":2,"name":"Reng\u00f8ringsfirma \u2013 moppevask"}]},{"@type":"WebSite","@id":"https:\/\/www.electroluxprofessional.com\/dk\/#website","url":"https:\/\/www.electroluxprofessional.com\/dk\/","name":"Electrolux Professional Danmark","description":"","potentialAction":[{"@type":"SearchAction","target":{"@type":"EntryPoint","urlTemplate":"https:\/\/www.electroluxprofessional.com\/dk\/?src={search_term_string}"},"query-input":"required name=search_term_string"}],"inLanguage":"da-DK"}]}},"_links":{"self":[{"href":"https:\/\/www.electroluxprofessional.com\/dk\/wp-json\/wp\/v2\/pages\/21487"}],"collection":[{"href":"https:\/\/www.electroluxprofessional.com\/dk\/wp-json\/wp\/v2\/pages"}],"about":[{"href":"https:\/\/www.electroluxprofessional.com\/dk\/wp-json\/wp\/v2\/types\/page"}],"author":[{"embeddable":true,"href":"https:\/\/www.electroluxprofessional.com\/dk\/wp-json\/wp\/v2\/users\/64"}],"replies":[{"embeddable":true,"href":"https:\/\/www.electroluxprofessional.com\/dk\/wp-json\/wp\/v2\/comments?post=21487"}],"version-history":[{"count":103,"href":"https:\/\/www.electroluxprofessional.com\/dk\/wp-json\/wp\/v2\/pages\/21487\/revisions"}],"predecessor-version":[{"id":30870,"href":"https:\/\/www.electroluxprofessional.com\/dk\/wp-json\/wp\/v2\/pages\/21487\/revisions\/30870"}],"wp:attachment":[{"href":"https:\/\/www.electroluxprofessional.com\/dk\/wp-json\/wp\/v2\/media?parent=21487"}],"curies":[{"name":"wp","href":"https:\/\/api.w.org\/{rel}","templated":true}]}}