{"id":21445,"date":"2025-01-10T06:09:44","date_gmt":"2025-01-10T06:09:44","guid":{"rendered":"https:\/\/www.electroluxprofessional.com\/dk\/?page_id=21445"},"modified":"2025-11-13T14:30:04","modified_gmt":"2025-11-13T14:30:04","slug":"toerreskabe","status":"publish","type":"page","link":"https:\/\/www.electroluxprofessional.com\/dk\/toerreskabe\/","title":{"rendered":"T\u00f8rreskabe"},"content":{"rendered":"<p>[vc_row full_width=&#8221;electroluxpro-full-width-no-padding&#8221;][vc_column][elx_hero_slider label_text_color=&#8221;inherit&#8221; images=&#8221;7421,21465&#8243;][elx_heading font_size=&#8221;h2&#8243; text_color=&#8221;inherit&#8221;]T\u00f8rreskabe[\/elx_heading][vc_column_text css=&#8221;.vc_custom_1630933661323{margin-bottom: -10px !important;}&#8221;]<span style=\"font-size: 20px;\">Hurtig og sk\u00e5nsom t\u00f8rring af t\u00f8j og sko.<br \/>\nFor et sundere indeklima.<\/span>[\/vc_column_text][\/elx_hero_slider][\/vc_column][\/vc_row][vc_row css=&#8221;.vc_custom_1613041551021{margin-top: 60px !important;}&#8221;][vc_column][vc_column_text]<\/p>\n<h1>Slip for fugt og lugt fra v\u00e5de flyverdragter og st\u00f8vler<\/h1>\n<p>[\/vc_column_text][\/vc_column][\/vc_row][vc_row content_placement=&#8221;middle&#8221; css=&#8221;.vc_custom_1688736228384{margin-top: 20px !important;}&#8221;][vc_column width=&#8221;7\/12&#8243; css=&#8221;.vc_custom_1630935341160{padding-top: 40px !important;}&#8221;][vc_row_inner][vc_column_inner offset=&#8221;vc_hidden-xs&#8221;][vc_empty_space height=&#8221;54px&#8221;][\/vc_column_inner][\/vc_row_inner][vc_column_text css=&#8221;.vc_custom_1631098232256{margin-bottom: 20px !important;}&#8221; el_class=&#8221;p-16&#8243;]N\u00e5r v\u00e5dt t\u00f8j h\u00e6nger og t\u00f8rrer indend\u00f8rs, afgiver det fugt til m\u00f8bler, t\u00e6pper og andet inventar. Og b\u00e5de fugt og lugt er sv\u00e6r at transportere v\u00e6k, hvis der ikke er effektiv udsugning i rummet. Det kan undg\u00e5s med et Electrolux Professional t\u00f8rreskab. V\u00e6lg mellem fire forskellige st\u00f8rrelser.[\/vc_column_text][elx_button button_text=&#8221;Se sortimentet&#8221; button_style=&#8221;icon&#8221; button_link=&#8221;url:https%3A%2F%2Fwww.electroluxprofessional.com%2Fdk%2Ftoerreskabe%2F%23sortiment|title:T%C3%B8rreskabe%20%E2%80%93%20kampagne||&#8221;][\/vc_column][vc_column reveal_effect=&#8221;&#8221; width=&#8221;5\/12&#8243;][vc_row_inner][vc_column_inner offset=&#8221;vc_hidden-xs&#8221;][vc_empty_space height=&#8221;20px&#8221;][\/vc_column_inner][\/vc_row_inner][elx_image_block background_image=&#8221;21474&#8243; vert_back_position=&#8221;top&#8221; minimum_height=&#8221;280px&#8221;][\/vc_column][\/vc_row][vc_row css=&#8221;.vc_custom_1754907883451{margin-top: 46px !important;background-color: #041e41 !important;}&#8221;][vc_column width=&#8221;7\/12&#8243; css=&#8221;.vc_custom_1630936698298{padding-top: 40px !important;padding-right: 32px !important;padding-left: 32px !important;}&#8221;][vc_column_text css=&#8221;.vc_custom_1763044198654{margin-bottom: 20px !important;}&#8221; el_class=&#8221;p-16-white&#8221;]<\/p>\n<h2 style=\"text-align: center;\">Specielt til daginstitutioner<\/h2>\n<p style=\"text-align: center;\">Bestil et t\u00f8rreskab inden den 20. december 2025. S\u00e5 f\u00e5r du et gratis s\u00e6t handskeb\u00f8jler oven i k\u00f8bet.<\/p>\n<p>[\/vc_column_text][vc_row_inner equal_height=&#8221;yes&#8221;][vc_column_inner width=&#8221;1\/4&#8243;][vc_empty_space height=&#8221;34px&#8221;][\/vc_column_inner][vc_column_inner width=&#8221;1\/2&#8243; css=&#8221;.vc_custom_1688735989553{padding-right: 62px !important;padding-left: 62px !important;}&#8221;][elx_o2000_contact_us s=&#8221;Mere information om t\u00f8rreskabe \u00f8nskes \u2013 tilbud med gratis handskeb\u00f8jler&#8221; flag_hide_request_type=&#8221;true&#8221; country=&#8221;Denmark&#8221; b=&#8221;laundry&#8221; thanks=&#8221;Tak for din interesse. Vi vender tilbage til dig s\u00e5 snart som muligt. Venlig hilsen Electrolux Professional&#8221; button_mode=&#8221;true&#8221; container=&#8221;elxcontactus1478698480&#8243; r=&#8221;Jeg vil gerne have mere information om t\u00f8rreskabe og et tilbud inkl. gratis handskeb\u00f8jler&#8221; l=&#8221;dk&#8221; e=&#8221;steen.rasmussen@electroluxprofessional.com&#8221; text_btn_contact=&#8221;f\u00e5 et tilbud&#8221;][\/vc_column_inner][vc_column_inner width=&#8221;1\/4&#8243;][\/vc_column_inner][\/vc_row_inner][vc_empty_space height=&#8221;20px&#8221;][\/vc_column][vc_column reveal_effect=&#8221;&#8221; width=&#8221;5\/12&#8243;][vc_single_image image=&#8221;21454&#8243; img_size=&#8221;full&#8221;][\/vc_column][\/vc_row][vc_row css=&#8221;.vc_custom_1631098599735{margin-top: 60px !important;}&#8221;][vc_column width=&#8221;7\/12&#8243;][vc_empty_space height=&#8221;15px&#8221;][vc_column_text el_class=&#8221;p-16&#8243;]<\/p>\n<h2>T\u00f8rre b\u00f8rn leger bedst<\/h2>\n<p>[\/vc_column_text][vc_empty_space height=&#8221;20px&#8221;][vc_column_text css=&#8221;.vc_custom_1631098172401{margin-bottom: 20px !important;}&#8221; el_class=&#8221;p-16&#8243;]Med et effektivt t\u00f8rreskab til v\u00e5de flyverdragter, huer, vanter og andet v\u00e5dt t\u00f8j undg\u00e5r du usundt indeklima. Og b\u00f8rnene vil elske at f\u00e5 t\u00f8rt t\u00f8j p\u00e5, n\u00e5r de skal ud at lege igen efter frokost.[\/vc_column_text][elx_o2000_contact_us s=&#8221;Mere information om t\u00f8rreskabe \u00f8nskes \u2013 tilbud med gratis handskeb\u00f8jler&#8221; flag_hide_request_type=&#8221;true&#8221; country=&#8221;Denmark&#8221; b=&#8221;laundry&#8221; thanks=&#8221;Tak for din interesse. Vi vender tilbage til dig s\u00e5 snart som muligt. Venlig hilsen Electrolux Professional&#8221; button_mode=&#8221;true&#8221; container=&#8221;elxcontactus1478698480&#8243; r=&#8221;Jeg vil gerne have mere information om t\u00f8rreskabe og et tilbud inkl. gratis handskeb\u00f8jler&#8221; l=&#8221;dk&#8221; e=&#8221;steen.rasmussen@electroluxprofessional.com&#8221; text_btn_contact=&#8221;f\u00e5 svar p\u00e5 dine sp\u00f8rgsm\u00e5l&#8221;][\/vc_column][vc_column reveal_effect=&#8221;&#8221; width=&#8221;5\/12&#8243;][elx_image_block background_image=&#8221;21475&#8243; vert_back_position=&#8221;top&#8221; minimum_height=&#8221;260px&#8221;][\/vc_column][\/vc_row][vc_row css=&#8221;.vc_custom_1631098679469{margin-top: 60px !important;}&#8221;][vc_column reveal_effect=&#8221;&#8221; css=&#8221;.vc_custom_1631098657593{border-top-width: 1px !important;border-top-color: #dadfe1 !important;border-top-style: solid !important;}&#8221;][vc_empty_space height=&#8221;2px&#8221;][\/vc_column][\/vc_row][vc_row css=&#8221;.vc_custom_1631100867569{margin-top: 5px !important;}&#8221;][vc_column width=&#8221;7\/12&#8243;][vc_empty_space height=&#8221;60px&#8221;][vc_column_text el_class=&#8221;p-16&#8243;]<\/p>\n<h2>Nemt og sikkert at bruge i det daglige<\/h2>\n<p>[\/vc_column_text][vc_empty_space height=&#8221;60px&#8221;][vc_column_text el_class=&#8221;p-16&#8243;]To automatiske t\u00f8rreprogrammer, der standser, n\u00e5r t\u00f8jet er t\u00f8rt<\/p>\n<hr \/>\n<p>Lydsvag drift pga. isolerede d\u00f8re og robust konstruktion<\/p>\n<hr \/>\n<p>Udtr\u00e6kkelige b\u00f8jler til let oph\u00e6ngning\/udtagning<\/p>\n<hr \/>\n<p>Brugervenlig placering af d\u00f8rh\u00e5ndtag og betjeningspanel<br \/>\n\u2013 velegnet til handicappede brugere. Punktskrift (Braille) til blinde<\/p>\n<hr \/>\n<p>Fleksibel installation med justerbare ben<\/p>\n<hr \/>\n<p>Mulighed for aktivering af b\u00f8rnesikker startsp\u00e6rre<\/p>\n<hr \/>\n<p>Ekstra udstyr, fx handskeb\u00f8jle og skostativ<\/p>\n<hr \/>\n<p>F\u00e5s i en model med program til impr\u00e6gnering af Gore-Tex og vatterede dragter[\/vc_column_text][\/vc_column][vc_column reveal_effect=&#8221;&#8221; width=&#8221;5\/12&#8243;][vc_single_image image=&#8221;21476&#8243; img_size=&#8221;376&#215;850&#8243; alignment=&#8221;center&#8221; css=&#8221;.vc_custom_1631101683851{padding-right: 32px !important;padding-left: 32px !important;}&#8221;][\/vc_column][\/vc_row][vc_row css=&#8221;.vc_custom_1631098679469{margin-top: 60px !important;}&#8221;][vc_column reveal_effect=&#8221;&#8221; css=&#8221;.vc_custom_1631098657593{border-top-width: 1px !important;border-top-color: #dadfe1 !important;border-top-style: solid !important;}&#8221;][vc_empty_space height=&#8221;2px&#8221;][\/vc_column][\/vc_row][vc_row css=&#8221;.vc_custom_1666467892842{margin-top: 60px !important;}&#8221;][vc_column width=&#8221;7\/12&#8243; css=&#8221;.vc_custom_1631101727253{padding-top: 20px !important;}&#8221;][vc_column_text el_class=&#8221;p-16&#8243;]<\/p>\n<h2>Sk\u00e5nsom t\u00f8rring af f\u00f8lsomme materialer<\/h2>\n<p>[\/vc_column_text][vc_empty_space height=&#8221;15px&#8221;][vc_column_text css=&#8221;.vc_custom_1631098336784{margin-bottom: 20px !important;}&#8221; el_class=&#8221;p-16&#8243;]Materialer som uld, velour, silke og h\u00f8r t\u00e5ler ikke t\u00f8rretumbler. I stedet for at t\u00f8rre dette t\u00f8j p\u00e5 b\u00f8jler \u2013 eller fladt p\u00e5 et bord \u2013 kan du t\u00f8rre det effektivt og sk\u00e5nsomt i dit t\u00f8rreskab. Det samme g\u00e6lder arbejdst\u00f8j, sportst\u00f8j, st\u00f8vler og handsker.[\/vc_column_text][vc_row_inner full_width=&#8221;electroluxpro-container-no-padding&#8221; css=&#8221;.vc_custom_1631098813470{margin-top: 40px !important;}&#8221;][vc_column_inner width=&#8221;5\/6&#8243;][vc_column_text el_class=&#8221;p-16&#8243; css=&#8221;.vc_custom_1712152762023{margin-top: 32px !important;padding-top: 18px !important;padding-right: 32px !important;padding-bottom: 28px !important;padding-left: 32px !important;background-color: #dadfe1 !important;}&#8221;]<\/p>\n<h5 class=\" h4 electrolux-blue inherit\">Andre muligheder for at t\u00f8rre t\u00f8j:<\/h5>\n<div class=\"wpb_text_column wpb_content_element p-16\">\n<h6><strong><a href=\"https:\/\/www.electroluxprofessional.com\/dk\/varmepumpe-tumblere\/\">Varmepumpe t\u00f8rretumblere \u203a<\/a><br \/>\n<a href=\"https:\/\/www.electroluxprofessional.com\/dk\/line-6000-toerretumblere\/\">T\u00f8rretumblere \u203a<\/a> <\/strong><\/h6>\n<\/div>\n<p>[\/vc_column_text][\/vc_column_inner][vc_column_inner width=&#8221;1\/6&#8243;][\/vc_column_inner][\/vc_row_inner][\/vc_column][vc_column reveal_effect=&#8221;&#8221; width=&#8221;5\/12&#8243;][elx_image_block background_image=&#8221;3628&#8243; minimum_height=&#8221;440px&#8221;][\/vc_column][\/vc_row][vc_row content_placement=&#8221;middle&#8221; css=&#8221;.vc_custom_1688735187198{margin-top: 40px !important;}&#8221; el_id=&#8221;svar&#8221;][vc_column reveal_effect=&#8221;&#8221; css=&#8221;.vc_custom_1688735171575{margin-top: 50px !important;border-top-width: 1px !important;border-top-color: #dadfe1 !important;border-top-style: solid !important;}&#8221;][vc_empty_space height=&#8221;40px&#8221;][elx_heading font_size=&#8221;h1&#8243; text_color=&#8221;inherit&#8221; text_align=&#8221;text-center&#8221;]Kontakt os idag[\/elx_heading][vc_row_inner equal_height=&#8221;yes&#8221; css=&#8221;.vc_custom_1688735646678{margin-top: 30px !important;}&#8221;][vc_column_inner width=&#8221;1\/6&#8243;][vc_empty_space][\/vc_column_inner][vc_column_inner width=&#8221;2\/3&#8243; css=&#8221;.vc_custom_1688735523623{padding-right: 20px !important;padding-left: 20px !important;}&#8221;][elx_o2000_contact_us s=&#8221;Mere information om t\u00f8rreskabe \u00f8nskes \u2013 tilbud med gratis handskeb\u00f8jler&#8221; flag_hide_request_type=&#8221;true&#8221; country=&#8221;Denmark&#8221; b=&#8221;laundry&#8221; thanks=&#8221;Tak for din interesse. Vi vender tilbage til dig s\u00e5 snart som muligt. Venlig hilsen Electrolux Professional&#8221; button_mode=&#8221;true&#8221; container=&#8221;elxcontactus1478698480&#8243; r=&#8221;Jeg vil gerne have mere information om t\u00f8rreskabe og et tilbud inkl. gratis handskeb\u00f8jler&#8221; l=&#8221;dk&#8221; e=&#8221;steen.rasmussen@electroluxprofessional.com&#8221; text_btn_contact=&#8221;F\u00e5 svar p\u00e5 dine sp\u00f8rgsm\u00e5l eller f\u00e5 tilbud p\u00e5 nyt t\u00f8rreskab&#8221;][\/vc_column_inner][vc_column_inner width=&#8221;1\/6&#8243;][\/vc_column_inner][\/vc_row_inner][vc_column_text el_class=&#8221;p-16&#8243;][\/vc_column_text][vc_empty_space][vc_empty_space][\/vc_column][\/vc_row][vc_row full_width=&#8221;electroluxpro-full-width-no-padding&#8221; el_id=&#8221;sortiment&#8221; css=&#8221;.vc_custom_1631004461539{margin-top: 40px !important;}&#8221;][vc_column][elx_image_block background_image=&#8221;21467&#8243; minimum_height=&#8221;330px&#8221;][\/vc_column][\/vc_row][vc_row disable_element=&#8221;yes&#8221; css=&#8221;.vc_custom_1615197821176{margin-top: 60px !important;}&#8221;][vc_column][elx_button button_text=&#8221;Download produktblad for t\u00f8rreskab \u2013 TS560LEh&#8221; button_display_block=&#8221;display_block_on&#8221; button_link=&#8221;url:https%3A%2F%2Fprofessional.electrolux.dk%2Fwp-content%2Fuploads%2F2017%2F03%2FTS560LEh_varmepumpe_t%C3%B8rreskab_med_kondensbeholder.pdf||target:%20_blank|&#8221;][\/vc_column][\/vc_row][vc_row css=&#8221;.vc_custom_1666468086130{margin-top: 60px !important;}&#8221;][vc_column][elx_heading text_color=&#8221;inherit&#8221; text_align=&#8221;text-center&#8221;]V\u00e6lg mellem t\u00f8rreskabe med eller uden varmepumpe[\/elx_heading][\/vc_column][\/vc_row]<\/p>\n","protected":false},"excerpt":{"rendered":"<p>[vc_row full_width=&#8221;electroluxpro-full-width-no-padding&#8221;][vc_column][elx_hero_slider label_text_color=&#8221;inherit&#8221; images=&#8221;7421,21465&#8243;][elx_heading font_size=&#8221;h2&#8243; text_color=&#8221;inherit&#8221;]T\u00f8rreskabe[\/elx_heading][vc_column_text css=&#8221;.vc_custom_1630933661323{margin-bottom: -10px !important;}&#8221;]Hurtig og sk\u00e5nsom t\u00f8rring af t\u00f8j og sko. For et sundere indeklima.[\/vc_column_text][\/elx_hero_slider][\/vc_column][\/vc_row][vc_row css=&#8221;.vc_custom_1613041551021{margin-top: 60px !important;}&#8221;][vc_column][vc_column_text] Slip for fugt og lugt fra v\u00e5de flyverdragter og st\u00f8vler [\/vc_column_text][\/vc_column][\/vc_row][vc_row content_placement=&#8221;middle&#8221; css=&#8221;.vc_custom_1688736228384{margin-top: 20px !important;}&#8221;][vc_column width=&#8221;7\/12&#8243; css=&#8221;.vc_custom_1630935341160{padding-top: 40px !important;}&#8221;][vc_row_inner][vc_column_inner offset=&#8221;vc_hidden-xs&#8221;][vc_empty_space height=&#8221;54px&#8221;][\/vc_column_inner][\/vc_row_inner][vc_column_text css=&#8221;.vc_custom_1631098232256{margin-bottom: 20px !important;}&#8221; el_class=&#8221;p-16&#8243;]N\u00e5r v\u00e5dt t\u00f8j h\u00e6nger og t\u00f8rrer indend\u00f8rs, afgiver [&hellip;]<\/p>\n","protected":false},"author":64,"featured_media":0,"parent":0,"menu_order":0,"comment_status":"closed","ping_status":"closed","template":"","meta":{"footnotes":""},"class_list":["post-21445","page","type-page","status-publish","hentry"],"acf":[],"yoast_head":"<!-- This site is optimized with the Yoast SEO plugin v23.3 - https:\/\/yoast.com\/wordpress\/plugins\/seo\/ -->\n<title>T\u00f8rreskabe \u2013 slip for fugt og lugt fra v\u00e5de flyverdragter og st\u00f8vler<\/title>\n<meta name=\"description\" content=\"Vores t\u00f8rreskabe s\u00f8rger for at alt er t\u00f8rt, uden at skulle du skal bekymre dig om resultatet. Sk\u00e5nsom t\u00f8rring af f\u00f8lsomme materialer som uld, velour, silke og h\u00f8r, som ogs\u00e5 tager hensyn til beskyttelsen af f.eks arbejdst\u00f8j, sportst\u00f8j, st\u00f8vler og handsker.\" \/>\n<meta name=\"robots\" content=\"index, follow, max-snippet:-1, max-image-preview:large, max-video-preview:-1\" \/>\n<link rel=\"canonical\" href=\"https:\/\/www.electroluxprofessional.com\/dk\/toerreskabe\/\" \/>\n<meta property=\"og:locale\" content=\"da_DK\" \/>\n<meta property=\"og:type\" content=\"article\" \/>\n<meta property=\"og:title\" content=\"T\u00f8rreskabe \u2013 slip for fugt og lugt fra v\u00e5de flyverdragter og st\u00f8vler\" \/>\n<meta property=\"og:description\" content=\"Vores t\u00f8rreskabe s\u00f8rger for at alt er t\u00f8rt, uden at skulle du skal bekymre dig om resultatet. Sk\u00e5nsom t\u00f8rring af f\u00f8lsomme materialer som uld, velour, silke og h\u00f8r, som ogs\u00e5 tager hensyn til beskyttelsen af f.eks arbejdst\u00f8j, sportst\u00f8j, st\u00f8vler og handsker.\" \/>\n<meta property=\"og:url\" content=\"https:\/\/www.electroluxprofessional.com\/dk\/toerreskabe\/\" \/>\n<meta property=\"og:site_name\" content=\"Electrolux Professional Danmark\" \/>\n<meta property=\"article:modified_time\" content=\"2025-11-13T14:30:04+00:00\" \/>\n<meta name=\"twitter:card\" content=\"summary_large_image\" \/>\n<meta name=\"twitter:label1\" content=\"Estimeret l\u00e6setid\" \/>\n\t<meta name=\"twitter:data1\" content=\"6 minutter\" \/>\n<script type=\"application\/ld+json\" class=\"yoast-schema-graph\">{\"@context\":\"https:\/\/schema.org\",\"@graph\":[{\"@type\":\"WebPage\",\"@id\":\"https:\/\/www.electroluxprofessional.com\/dk\/toerreskabe\/\",\"url\":\"https:\/\/www.electroluxprofessional.com\/dk\/toerreskabe\/\",\"name\":\"T\u00f8rreskabe \u2013 slip for fugt og lugt fra v\u00e5de flyverdragter og st\u00f8vler\",\"isPartOf\":{\"@id\":\"https:\/\/www.electroluxprofessional.com\/dk\/#website\"},\"datePublished\":\"2025-01-10T06:09:44+00:00\",\"dateModified\":\"2025-11-13T14:30:04+00:00\",\"description\":\"Vores t\u00f8rreskabe s\u00f8rger for at alt er t\u00f8rt, uden at skulle du skal bekymre dig om resultatet. Sk\u00e5nsom t\u00f8rring af f\u00f8lsomme materialer som uld, velour, silke og h\u00f8r, som ogs\u00e5 tager hensyn til beskyttelsen af f.eks arbejdst\u00f8j, sportst\u00f8j, st\u00f8vler og handsker.\",\"breadcrumb\":{\"@id\":\"https:\/\/www.electroluxprofessional.com\/dk\/toerreskabe\/#breadcrumb\"},\"inLanguage\":\"da-DK\",\"potentialAction\":[{\"@type\":\"ReadAction\",\"target\":[\"https:\/\/www.electroluxprofessional.com\/dk\/toerreskabe\/\"]}]},{\"@type\":\"BreadcrumbList\",\"@id\":\"https:\/\/www.electroluxprofessional.com\/dk\/toerreskabe\/#breadcrumb\",\"itemListElement\":[{\"@type\":\"ListItem\",\"position\":1,\"name\":\"Home\",\"item\":\"https:\/\/www.electroluxprofessional.com\/dk\/\"},{\"@type\":\"ListItem\",\"position\":2,\"name\":\"T\u00f8rreskabe\"}]},{\"@type\":\"WebSite\",\"@id\":\"https:\/\/www.electroluxprofessional.com\/dk\/#website\",\"url\":\"https:\/\/www.electroluxprofessional.com\/dk\/\",\"name\":\"Electrolux Professional Danmark\",\"description\":\"\",\"potentialAction\":[{\"@type\":\"SearchAction\",\"target\":{\"@type\":\"EntryPoint\",\"urlTemplate\":\"https:\/\/www.electroluxprofessional.com\/dk\/?src={search_term_string}\"},\"query-input\":\"required name=search_term_string\"}],\"inLanguage\":\"da-DK\"}]}<\/script>\n<!-- \/ Yoast SEO plugin. -->","yoast_head_json":{"title":"T\u00f8rreskabe \u2013 slip for fugt og lugt fra v\u00e5de flyverdragter og st\u00f8vler","description":"Vores t\u00f8rreskabe s\u00f8rger for at alt er t\u00f8rt, uden at skulle du skal bekymre dig om resultatet. Sk\u00e5nsom t\u00f8rring af f\u00f8lsomme materialer som uld, velour, silke og h\u00f8r, som ogs\u00e5 tager hensyn til beskyttelsen af f.eks arbejdst\u00f8j, sportst\u00f8j, st\u00f8vler og handsker.","robots":{"index":"index","follow":"follow","max-snippet":"max-snippet:-1","max-image-preview":"max-image-preview:large","max-video-preview":"max-video-preview:-1"},"canonical":"https:\/\/www.electroluxprofessional.com\/dk\/toerreskabe\/","og_locale":"da_DK","og_type":"article","og_title":"T\u00f8rreskabe \u2013 slip for fugt og lugt fra v\u00e5de flyverdragter og st\u00f8vler","og_description":"Vores t\u00f8rreskabe s\u00f8rger for at alt er t\u00f8rt, uden at skulle du skal bekymre dig om resultatet. Sk\u00e5nsom t\u00f8rring af f\u00f8lsomme materialer som uld, velour, silke og h\u00f8r, som ogs\u00e5 tager hensyn til beskyttelsen af f.eks arbejdst\u00f8j, sportst\u00f8j, st\u00f8vler og handsker.","og_url":"https:\/\/www.electroluxprofessional.com\/dk\/toerreskabe\/","og_site_name":"Electrolux Professional Danmark","article_modified_time":"2025-11-13T14:30:04+00:00","twitter_card":"summary_large_image","twitter_misc":{"Estimeret l\u00e6setid":"6 minutter"},"schema":{"@context":"https:\/\/schema.org","@graph":[{"@type":"WebPage","@id":"https:\/\/www.electroluxprofessional.com\/dk\/toerreskabe\/","url":"https:\/\/www.electroluxprofessional.com\/dk\/toerreskabe\/","name":"T\u00f8rreskabe \u2013 slip for fugt og lugt fra v\u00e5de flyverdragter og st\u00f8vler","isPartOf":{"@id":"https:\/\/www.electroluxprofessional.com\/dk\/#website"},"datePublished":"2025-01-10T06:09:44+00:00","dateModified":"2025-11-13T14:30:04+00:00","description":"Vores t\u00f8rreskabe s\u00f8rger for at alt er t\u00f8rt, uden at skulle du skal bekymre dig om resultatet. Sk\u00e5nsom t\u00f8rring af f\u00f8lsomme materialer som uld, velour, silke og h\u00f8r, som ogs\u00e5 tager hensyn til beskyttelsen af f.eks arbejdst\u00f8j, sportst\u00f8j, st\u00f8vler og handsker.","breadcrumb":{"@id":"https:\/\/www.electroluxprofessional.com\/dk\/toerreskabe\/#breadcrumb"},"inLanguage":"da-DK","potentialAction":[{"@type":"ReadAction","target":["https:\/\/www.electroluxprofessional.com\/dk\/toerreskabe\/"]}]},{"@type":"BreadcrumbList","@id":"https:\/\/www.electroluxprofessional.com\/dk\/toerreskabe\/#breadcrumb","itemListElement":[{"@type":"ListItem","position":1,"name":"Home","item":"https:\/\/www.electroluxprofessional.com\/dk\/"},{"@type":"ListItem","position":2,"name":"T\u00f8rreskabe"}]},{"@type":"WebSite","@id":"https:\/\/www.electroluxprofessional.com\/dk\/#website","url":"https:\/\/www.electroluxprofessional.com\/dk\/","name":"Electrolux Professional Danmark","description":"","potentialAction":[{"@type":"SearchAction","target":{"@type":"EntryPoint","urlTemplate":"https:\/\/www.electroluxprofessional.com\/dk\/?src={search_term_string}"},"query-input":"required name=search_term_string"}],"inLanguage":"da-DK"}]}},"_links":{"self":[{"href":"https:\/\/www.electroluxprofessional.com\/dk\/wp-json\/wp\/v2\/pages\/21445"}],"collection":[{"href":"https:\/\/www.electroluxprofessional.com\/dk\/wp-json\/wp\/v2\/pages"}],"about":[{"href":"https:\/\/www.electroluxprofessional.com\/dk\/wp-json\/wp\/v2\/types\/page"}],"author":[{"embeddable":true,"href":"https:\/\/www.electroluxprofessional.com\/dk\/wp-json\/wp\/v2\/users\/64"}],"replies":[{"embeddable":true,"href":"https:\/\/www.electroluxprofessional.com\/dk\/wp-json\/wp\/v2\/comments?post=21445"}],"version-history":[{"count":32,"href":"https:\/\/www.electroluxprofessional.com\/dk\/wp-json\/wp\/v2\/pages\/21445\/revisions"}],"predecessor-version":[{"id":30881,"href":"https:\/\/www.electroluxprofessional.com\/dk\/wp-json\/wp\/v2\/pages\/21445\/revisions\/30881"}],"wp:attachment":[{"href":"https:\/\/www.electroluxprofessional.com\/dk\/wp-json\/wp\/v2\/media?parent=21445"}],"curies":[{"name":"wp","href":"https:\/\/api.w.org\/{rel}","templated":true}]}}