{"id":21074,"date":"2025-09-02T08:52:44","date_gmt":"2025-09-02T08:52:44","guid":{"rendered":"https:\/\/www.electroluxprofessional.com\/dk\/?page_id=21074"},"modified":"2025-10-08T10:20:10","modified_gmt":"2025-10-08T10:20:10","slug":"serviceaftaler","status":"publish","type":"page","link":"https:\/\/www.electroluxprofessional.com\/dk\/serviceaftaler\/","title":{"rendered":"Serviceaftaler"},"content":{"rendered":"<p>[vc_row][vc_column width=&#8221;3\/4&#8243;][vc_empty_space][elx_heading font_container=&#8221;h1&#8243; text_color=&#8221;electrolux-blue&#8221; text_align=&#8221;text-left&#8221; css=&#8221;.vc_custom_1628771363021{margin-top: 50px !important;margin-bottom: 50px !important;}&#8221;]Hold styr p\u00e5 dine driftomkostninger med Essentia Serviceaftale[\/elx_heading][vc_empty_space][vc_column_text]<\/p>\n<h6>Med en serviceaftale hos Electrolux Professional f\u00e5r du bedre kontrol over vaskeriets udgifter til drift og vedligeholdelse. Hverdagen bliver lettere for b\u00e5de personale og brugere. Og du slipper for uforudsete udgifter til reparationer af vaskemaskiner og t\u00f8rretumblere. Samtidigt sikrer vores milj\u00f8tjek af dine maskiner, at de l\u00f8bende bruger mindst muligt vand og el.<\/h6>\n<p>[\/vc_column_text][\/vc_column][vc_column width=&#8221;1\/4&#8243; offset=&#8221;vc_hidden-xs&#8221;][vc_empty_space][vc_single_image image=&#8221;12423&#8243; img_size=&#8221;200&#215;200&#8243; alignment=&#8221;right&#8221; css_animation=&#8221;fadeInLeft&#8221; css=&#8221;.vc_custom_1640702294821{margin-top: 20px !important;padding-bottom: 20px !important;}&#8221;][\/vc_column][\/vc_row][vc_row css=&#8221;.vc_custom_1628771479094{margin-top: 50px !important;}&#8221;][vc_column reveal_effect=&#8221;&#8221; css=&#8221;.vc_custom_1628771407856{border-top-width: 1px !important;padding-top: 20px !important;border-top-color: #dadfe1 !important;border-top-style: solid !important;}&#8221;][vc_empty_space][\/vc_column][\/vc_row][vc_row css=&#8221;.vc_custom_1634287822337{margin-top: 30px !important;}&#8221;][vc_column reveal_effect=&#8221;&#8221; width=&#8221;1\/2&#8243; css=&#8221;.vc_custom_1628842048443{margin-top: 0px !important;margin-right: 0px !important;margin-bottom: 0px !important;margin-left: 15px !important;border-top-width: 0px !important;border-right-width: 0px !important;border-bottom-width: 0px !important;border-left-width: 0px !important;padding-top: 0px !important;padding-right: 40px !important;padding-bottom: 0px !important;padding-left: 0px !important;}&#8221;][vc_column_text css=&#8221;.vc_custom_1628772328122{margin-bottom: 30px !important;}&#8221; el_class=&#8221;p-16&#8243;]<\/p>\n<h2>Derfor skal du tegne en serviceaftale<\/h2>\n<p>Vaskemaskiner og t\u00f8rretumblere uds\u00e6ttes uundg\u00e5eligt for slid, n\u00e5r de bruges mange timer om dagen. Men maskinerne skal holde i mange \u00e5r, og korrekt servicering og j\u00e6vnlige eftersyn forl\u00e6nger levetiden markant. Eventuelle problemer bliver opdaget, inden de vokser sig st\u00f8rre, og maskinerne bliver dyre eller umulige at reparere.[\/vc_column_text][vc_column_text css=&#8221;.vc_custom_1628772319647{margin-bottom: 30px !important;}&#8221; el_class=&#8221;p-16&#8243;]<\/p>\n<h2>Vedligeholdt og opdateret<\/h2>\n<p>Med en serviceaftale med eftersyn fra Electrolux Professional, vil al n\u00f8dvendig vedligeholdelse blive udf\u00f8rt p\u00e5 dit produkt i overensstemmelse med vores anbefalinger, og vi sikrer, at produktet overholder ogs\u00e5 g\u00e6ldende lovbestemte krav, s\u00e5 du beskytter medarbejderne, kunderne og brugerne af vaskeriet.[\/vc_column_text][vc_column_text css_animation=&#8221;none&#8221; el_class=&#8221;p-16&#8243; css=&#8221;.vc_custom_1634287764773{margin-top: 30px !important;margin-bottom: 20px !important;}&#8221;]<\/p>\n<p style=\"text-align: left;\">Har du sp\u00f8rgsm\u00e5l, <strong><a href=\"https:\/\/www.electroluxprofessional.com\/dk\/kontakt\/\">s\u00e5 klik her<\/a><\/strong> eller ring til os p\u00e5 tlf. <strong>63 76 22 20<\/strong>.<\/p>\n<p>[\/vc_column_text][vc_empty_space height=&#8221;20px&#8221;][vc_empty_space][\/vc_column][vc_column reveal_effect=&#8221;&#8221; width=&#8221;1\/2&#8243;][elx_image_block background_image=&#8221;5872&#8243; minimum_height=&#8221;670px&#8221;][vc_empty_space][\/vc_column][\/vc_row][vc_row css=&#8221;.vc_custom_1684484081052{margin-top: 40px !important;padding-top: 40px !important;background-color: #041e41 !important;}&#8221; el_id=&#8221;serviceaftaler&#8221;][vc_column reveal_effect=&#8221;&#8221;][elx_heading font_size=&#8221;h1&#8243; text_color=&#8221;white&#8221; text_align=&#8221;text-left&#8221;]Find den serviceaftale, der passer bedst til dit behov[\/elx_heading][vc_row_inner full_width=&#8221;electroluxpro-container-no-padding&#8221; css=&#8221;.vc_custom_1628776284538{margin-top: 50px !important;}&#8221;][vc_column_inner width=&#8221;2\/6&#8243; offset=&#8221;vc_hidden-md vc_hidden-sm vc_hidden-xs&#8221;][vc_column_text css=&#8221;.vc_custom_1628850075331{padding-top: 15px !important;padding-bottom: 20px !important;padding-left: 20px !important;background-color: #00305b !important;}&#8221; el_class=&#8221;p-16-white&#8221;]<\/p>\n<h6 style=\"text-align: left;\">Essentia serviceaftaler<\/h6>\n<p>[\/vc_column_text][vc_empty_space height=&#8221;64px&#8221;][vc_column_text el_class=&#8221;p-16-white&#8221;]\u25ba Arbejdsl\u00f8n<\/p>\n<hr \/>\n<p>\u25ba Forbrug af reservedele<\/p>\n<hr \/>\n<p>\u25ba K\u00f8rselsomkostninger<\/p>\n<hr \/>\n<p>\u25ba Forbrug af rensemidler<\/p>\n<hr \/>\n<p>\u25ba Dokumentation for udf\u00f8rt service<\/p>\n<hr \/>\n<p>\u25ba Frit tilkald af service<\/p>\n<hr \/>\n<p>\u25ba \u00c5rligt eftersyn<\/p>\n<hr \/>\n<p>[\/vc_column_text][\/vc_column_inner][vc_column_inner width=&#8221;1\/6&#8243; offset=&#8221;vc_hidden-md vc_hidden-sm vc_hidden-xs&#8221;][vc_column_text css=&#8221;.vc_custom_1628774512377{padding-top: 15px !important;padding-bottom: 20px !important;background-color: #91afb4 !important;}&#8221; el_class=&#8221;p-16-white&#8221;]<\/p>\n<h6 style=\"text-align: center;\">Performance<\/h6>\n<p>[\/vc_column_text][vc_column_text el_class=&#8221;p-16-white&#8221;]<\/p>\n<h6 style=\"text-align: center;\">Eftersyn<\/h6>\n<p>[\/vc_column_text][vc_empty_space height=&#8221;24px&#8221;][vc_column_text el_class=&#8221;p-16-white&#8221;]<\/p>\n<p style=\"text-align: center;\">&#8211;<\/p>\n<hr \/>\n<p style=\"text-align: center;\">\u2013<\/p>\n<hr \/>\n<p style=\"text-align: center;\">x<\/p>\n<hr \/>\n<p style=\"text-align: center;\">x<\/p>\n<hr \/>\n<p style=\"text-align: center;\">x<\/p>\n<hr \/>\n<p style=\"text-align: center;\">x<\/p>\n<hr \/>\n<p style=\"text-align: center;\">x<\/p>\n<hr \/>\n<p style=\"text-align: center;\">[\/vc_column_text][\/vc_column_inner][vc_column_inner width=&#8221;1\/6&#8243; offset=&#8221;vc_hidden-md vc_hidden-sm vc_hidden-xs&#8221;][vc_column_text css=&#8221;.vc_custom_1628774537074{padding-top: 15px !important;padding-bottom: 20px !important;background-color: #bb8d47 !important;}&#8221; el_class=&#8221;p-16-white&#8221;]<\/p>\n<h6 style=\"text-align: center;\">Excellence<\/h6>\n<p>[\/vc_column_text][vc_column_text el_class=&#8221;p-16-white&#8221;]<\/p>\n<h6 style=\"text-align: center;\">Totalservice<\/h6>\n<p>[\/vc_column_text][vc_empty_space height=&#8221;24px&#8221;][vc_column_text el_class=&#8221;p-16-white&#8221;]<\/p>\n<p style=\"text-align: center;\">x<\/p>\n<hr \/>\n<p style=\"text-align: center;\">x<\/p>\n<hr \/>\n<p style=\"text-align: center;\">x<\/p>\n<hr \/>\n<p style=\"text-align: center;\">x<\/p>\n<hr \/>\n<p style=\"text-align: center;\">x<\/p>\n<hr \/>\n<p style=\"text-align: center;\">x<\/p>\n<hr \/>\n<p style=\"text-align: center;\">x<\/p>\n<hr \/>\n<p style=\"text-align: center;\">[\/vc_column_text][\/vc_column_inner][\/vc_row_inner][vc_row_inner full_width=&#8221;electroluxpro-container-no-padding&#8221; css=&#8221;.vc_custom_1628776284538{margin-top: 50px !important;}&#8221;][vc_column_inner width=&#8221;1\/3&#8243; offset=&#8221;vc_hidden-lg vc_hidden-md vc_hidden-sm&#8221;][vc_column_text css=&#8221;.vc_custom_1756905174071{padding-top: 15px !important;padding-bottom: 20px !important;background-color: #91afb4 !important;}&#8221; el_class=&#8221;p-16-white&#8221;]<\/p>\n<h6 style=\"text-align: center;\">Performance<br \/>\nEftersyn<\/h6>\n<p>[\/vc_column_text][vc_empty_space][vc_column_text el_class=&#8221;p-16-white&#8221;]Arbejdsl\u00f8n\u2013<\/p>\n<hr \/>\n<p>Forbrug af reservedele \u2013<\/p>\n<hr \/>\n<p>K\u00f8rselsomkostninger \u2713<\/p>\n<hr \/>\n<p>Forbrug af rensemidler \u2713<\/p>\n<hr \/>\n<p>Dokumentation for udf\u00f8rt service \u2713<\/p>\n<hr \/>\n<p>Frit tilkald af service \u2713<\/p>\n<hr \/>\n<p>\u00c5rligt eftersyn \u2713<\/p>\n<hr \/>\n<p>To \u00e5rlige eftersyn af varmepumpetumblere \u2713[\/vc_column_text][\/vc_column_inner][\/vc_row_inner][vc_row_inner full_width=&#8221;electroluxpro-container-no-padding&#8221; css=&#8221;.vc_custom_1628776284538{margin-top: 50px !important;}&#8221;][vc_column_inner width=&#8221;1\/3&#8243; offset=&#8221;vc_hidden-lg vc_hidden-md vc_hidden-sm&#8221;][vc_column_text css=&#8221;.vc_custom_1756905255713{padding-top: 15px !important;padding-bottom: 20px !important;background-color: #bb8d47 !important;}&#8221; el_class=&#8221;p-16-white&#8221;]<\/p>\n<h6 style=\"text-align: center;\">Excellence<br \/>\nTotalservice<\/h6>\n<p>[\/vc_column_text][vc_empty_space][vc_column_text el_class=&#8221;p-16-white&#8221;]Arbejdsl\u00f8n \u2713<\/p>\n<hr \/>\n<p>Forbrug af reservedele \u2713<\/p>\n<hr \/>\n<p>K\u00f8rselsomkostninger \u2713<\/p>\n<hr \/>\n<p>Forbrug af rensemidler \u2713<\/p>\n<hr \/>\n<p>Dokumentation for udf\u00f8rt service \u2713<\/p>\n<hr \/>\n<p>Frit tilkald af service \u2713<\/p>\n<hr \/>\n<p>\u00c5rligt eftersyn \u2713<\/p>\n<hr \/>\n<p>To \u00e5rlige eftersyn af varmepumpetumblere \u2713[\/vc_column_text][vc_empty_space height=&#8221;40px&#8221;][\/vc_column_inner][\/vc_row_inner][\/vc_column][\/vc_row][vc_row css=&#8221;.vc_custom_1628842659505{margin-top: 60px !important;}&#8221;][vc_column reveal_effect=&#8221;&#8221; width=&#8221;2\/3&#8243;][vc_column_text css=&#8221;.vc_custom_1628840147021{margin-bottom: 30px !important;}&#8221;]<\/p>\n<h2>Ved eftersyn udf\u00f8res blandt andet:<\/h2>\n<p>[\/vc_column_text][vc_empty_space height=&#8221;20px&#8221;][vc_column_text el_class=&#8221;p-16&#8243;]\u25ba Afkalkning af vaskemaskiner<br \/>\n\u25ba Kontrol af sikkerhedsanordninger<br \/>\n\u25ba Reng\u00f8ring af maskinerne<br \/>\n\u25ba Kontrol og afpr\u00f8vning af maskiner<br \/>\n\u25ba Kontrol, afpr\u00f8vning og reng\u00f8ring af varmepumpetumblere<br \/>\n\u25ba Rensning\/udskiftning af filtrer p\u00e5 tumblere<br \/>\n\u25ba Milj\u00f8tjek af maskinens el-\/vandforbrug(*)[\/vc_column_text][\/vc_column][vc_column reveal_effect=&#8221;&#8221; width=&#8221;1\/3&#8243;][vc_column_text el_class=&#8221;p-14&#8243; css=&#8221;.vc_custom_1701424443918{margin-top: 60px !important;}&#8221;]<\/p>\n<div class=\"wpb_text_column wpb_content_element \">\n<div class=\"\">\n<p>(*) Ved milj\u00f8tjek gennemg\u00e5r vi maskinernes ressourceforbrug og kontrollere, at de bruger lavest mulige m\u00e6ngde vand og str\u00f8m. P\u00e5 den m\u00e5de sikrer vi, at dine maskiner \u00e5r efter \u00e5r bidrager til vores f\u00e6lles milj\u00f8 \u2013 og til at holde dine omkostninger til vand og el nede.<\/p>\n<\/div>\n<\/div>\n<p>[\/vc_column_text][vc_row_inner css=&#8221;.vc_custom_1628840314748{margin-top: 40px !important;}&#8221;][vc_column_inner][vc_empty_space height=&#8221;80px&#8221;][\/vc_column_inner][\/vc_row_inner][\/vc_column][\/vc_row][vc_row css=&#8221;.vc_custom_1628842771965{margin-top: -60px !important;}&#8221;][vc_column reveal_effect=&#8221;&#8221; width=&#8221;1\/6&#8243; offset=&#8221;vc_hidden-xs&#8221;][vc_empty_space][\/vc_column][vc_column reveal_effect=&#8221;&#8221; width=&#8221;2\/3&#8243;][elx_button button_text=&#8221;L\u00e6s mere om Serviceaftaler Essentia `{`PDF`}`&#8221; button_style=&#8221;default&#8221; button_display_block=&#8221;display_block_on&#8221; button_alignment=&#8221;align_center&#8221; button_link=&#8221;url:https%3A%2F%2Fwww.electroluxprofessional.com%2Fdk%2Fwp-content%2Fuploads%2F2025%2F10%2FServiceaftaler_Essentia_2025_final.pdf|title:Serviceaftaler%20Essentia|target:_blank&#8221;][\/vc_column][vc_column reveal_effect=&#8221;&#8221; width=&#8221;1\/6&#8243; offset=&#8221;vc_hidden-xs&#8221;][vc_empty_space][\/vc_column][\/vc_row][vc_row gap=&#8221;20&#8243; css=&#8221;.vc_custom_1628842784904{margin-top: 80px !important;}&#8221;][vc_column reveal_effect=&#8221;&#8221; width=&#8221;1\/3&#8243; css=&#8221;.vc_custom_1527844241031{margin-right: 0px !important;border-right-width: 0px !important;padding-right: 0px !important;padding-bottom: 0px !important;padding-left: 20px !important;border-right-color: #ffffff !important;}&#8221;][elx_image_block background_image=&#8221;18805&#8243; vert_back_position=&#8221;top&#8221; minimum_height=&#8221;271px&#8221;][vc_row_inner][vc_column_inner offset=&#8221;vc_hidden-lg vc_hidden-md vc_hidden-sm&#8221;][vc_empty_space][\/vc_column_inner][\/vc_row_inner][\/vc_column][vc_column width=&#8221;1\/3&#8243; css=&#8221;.vc_custom_1524667530556{margin-left: 0px !important;}&#8221;][elx_image_block background_image=&#8221;20790&#8243; vert_back_position=&#8221;top&#8221; minimum_height=&#8221;271px&#8221;][\/vc_column][vc_column width=&#8221;1\/3&#8243;][vc_row_inner][vc_column_inner offset=&#8221;vc_hidden-lg vc_hidden-md vc_hidden-sm&#8221;][vc_empty_space][\/vc_column_inner][\/vc_row_inner][vc_column_text css=&#8221;.vc_custom_1628843890845{margin-bottom: 0px !important;padding-top: 8px !important;padding-right: 20px !important;padding-bottom: 25px !important;padding-left: 20px !important;background-color: #041e41 !important;}&#8221; el_class=&#8221;p-16-white&#8221;]<\/p>\n<h2>OnE Demand<\/h2>\n<p>Med Electrolux OnE Demand er alt inkluderet \u2013 ogs\u00e5 serviceaftalen. Din virksomhed f\u00e5r nye vaskerimaskiner, men udgifterne til maskink\u00f8b, drift og service afregnes pr. vask.<\/p>\n<p><a href=\"https:\/\/www.electroluxprofessional.com\/dk\/one-demand-pay-per-use\/\">S\u00e5dan fungerer OnE Demand<\/a>[\/vc_column_text][\/vc_column][\/vc_row][vc_row][vc_column reveal_effect=&#8221;&#8221;][vc_empty_space height=&#8221;100px&#8221;][\/vc_column][\/vc_row]<\/p>\n","protected":false},"excerpt":{"rendered":"<p>[vc_row][vc_column width=&#8221;3\/4&#8243;][vc_empty_space][elx_heading font_container=&#8221;h1&#8243; text_color=&#8221;electrolux-blue&#8221; text_align=&#8221;text-left&#8221; css=&#8221;.vc_custom_1628771363021{margin-top: 50px !important;margin-bottom: 50px !important;}&#8221;]Hold styr p\u00e5 dine driftomkostninger med Essentia Serviceaftale[\/elx_heading][vc_empty_space][vc_column_text] Med en serviceaftale hos Electrolux Professional f\u00e5r du bedre kontrol over vaskeriets udgifter til drift og vedligeholdelse. Hverdagen bliver lettere for b\u00e5de personale og brugere. Og du slipper for uforudsete udgifter til reparationer af vaskemaskiner og t\u00f8rretumblere. Samtidigt [&hellip;]<\/p>\n","protected":false},"author":64,"featured_media":0,"parent":0,"menu_order":0,"comment_status":"closed","ping_status":"closed","template":"","meta":{"footnotes":""},"class_list":["post-21074","page","type-page","status-publish","hentry"],"acf":[],"yoast_head":"<!-- This site is optimized with the Yoast SEO plugin v23.3 - https:\/\/yoast.com\/wordpress\/plugins\/seo\/ -->\n<title>Tegn serviceaftaler og f\u00e5 styr p\u00e5 driftomkostningerne.<\/title>\n<meta name=\"description\" content=\"Med serviceaftaler hos Electrolux Professional f\u00e5r du bedre kontrol over vaskeriets udgifter til drift og vedligeholdelse. V\u00e6lg mellem 4 typer\" \/>\n<meta name=\"robots\" content=\"index, follow, max-snippet:-1, max-image-preview:large, max-video-preview:-1\" \/>\n<link rel=\"canonical\" href=\"https:\/\/www.electroluxprofessional.com\/dk\/serviceaftaler\/\" \/>\n<meta property=\"og:locale\" content=\"da_DK\" \/>\n<meta property=\"og:type\" content=\"article\" \/>\n<meta property=\"og:title\" content=\"Tegn serviceaftaler og f\u00e5 styr p\u00e5 driftomkostningerne.\" \/>\n<meta property=\"og:description\" content=\"Med serviceaftaler hos Electrolux Professional f\u00e5r du bedre kontrol over vaskeriets udgifter til drift og vedligeholdelse. V\u00e6lg mellem 4 typer\" \/>\n<meta property=\"og:url\" content=\"https:\/\/www.electroluxprofessional.com\/dk\/serviceaftaler\/\" \/>\n<meta property=\"og:site_name\" content=\"Electrolux Professional Danmark\" \/>\n<meta property=\"article:modified_time\" content=\"2025-10-08T10:20:10+00:00\" \/>\n<meta name=\"twitter:card\" content=\"summary_large_image\" \/>\n<meta name=\"twitter:label1\" content=\"Estimeret l\u00e6setid\" \/>\n\t<meta name=\"twitter:data1\" content=\"4 minutter\" \/>\n<script type=\"application\/ld+json\" class=\"yoast-schema-graph\">{\"@context\":\"https:\/\/schema.org\",\"@graph\":[{\"@type\":\"WebPage\",\"@id\":\"https:\/\/www.electroluxprofessional.com\/dk\/serviceaftaler\/\",\"url\":\"https:\/\/www.electroluxprofessional.com\/dk\/serviceaftaler\/\",\"name\":\"Tegn serviceaftaler og f\u00e5 styr p\u00e5 driftomkostningerne.\",\"isPartOf\":{\"@id\":\"https:\/\/www.electroluxprofessional.com\/dk\/#website\"},\"datePublished\":\"2025-09-02T08:52:44+00:00\",\"dateModified\":\"2025-10-08T10:20:10+00:00\",\"description\":\"Med serviceaftaler hos Electrolux Professional f\u00e5r du bedre kontrol over vaskeriets udgifter til drift og vedligeholdelse. V\u00e6lg mellem 4 typer\",\"breadcrumb\":{\"@id\":\"https:\/\/www.electroluxprofessional.com\/dk\/serviceaftaler\/#breadcrumb\"},\"inLanguage\":\"da-DK\",\"potentialAction\":[{\"@type\":\"ReadAction\",\"target\":[\"https:\/\/www.electroluxprofessional.com\/dk\/serviceaftaler\/\"]}]},{\"@type\":\"BreadcrumbList\",\"@id\":\"https:\/\/www.electroluxprofessional.com\/dk\/serviceaftaler\/#breadcrumb\",\"itemListElement\":[{\"@type\":\"ListItem\",\"position\":1,\"name\":\"Home\",\"item\":\"https:\/\/www.electroluxprofessional.com\/dk\/\"},{\"@type\":\"ListItem\",\"position\":2,\"name\":\"Serviceaftaler\"}]},{\"@type\":\"WebSite\",\"@id\":\"https:\/\/www.electroluxprofessional.com\/dk\/#website\",\"url\":\"https:\/\/www.electroluxprofessional.com\/dk\/\",\"name\":\"Electrolux Professional Danmark\",\"description\":\"\",\"potentialAction\":[{\"@type\":\"SearchAction\",\"target\":{\"@type\":\"EntryPoint\",\"urlTemplate\":\"https:\/\/www.electroluxprofessional.com\/dk\/?src={search_term_string}\"},\"query-input\":\"required name=search_term_string\"}],\"inLanguage\":\"da-DK\"}]}<\/script>\n<!-- \/ Yoast SEO plugin. -->","yoast_head_json":{"title":"Tegn serviceaftaler og f\u00e5 styr p\u00e5 driftomkostningerne.","description":"Med serviceaftaler hos Electrolux Professional f\u00e5r du bedre kontrol over vaskeriets udgifter til drift og vedligeholdelse. V\u00e6lg mellem 4 typer","robots":{"index":"index","follow":"follow","max-snippet":"max-snippet:-1","max-image-preview":"max-image-preview:large","max-video-preview":"max-video-preview:-1"},"canonical":"https:\/\/www.electroluxprofessional.com\/dk\/serviceaftaler\/","og_locale":"da_DK","og_type":"article","og_title":"Tegn serviceaftaler og f\u00e5 styr p\u00e5 driftomkostningerne.","og_description":"Med serviceaftaler hos Electrolux Professional f\u00e5r du bedre kontrol over vaskeriets udgifter til drift og vedligeholdelse. V\u00e6lg mellem 4 typer","og_url":"https:\/\/www.electroluxprofessional.com\/dk\/serviceaftaler\/","og_site_name":"Electrolux Professional Danmark","article_modified_time":"2025-10-08T10:20:10+00:00","twitter_card":"summary_large_image","twitter_misc":{"Estimeret l\u00e6setid":"4 minutter"},"schema":{"@context":"https:\/\/schema.org","@graph":[{"@type":"WebPage","@id":"https:\/\/www.electroluxprofessional.com\/dk\/serviceaftaler\/","url":"https:\/\/www.electroluxprofessional.com\/dk\/serviceaftaler\/","name":"Tegn serviceaftaler og f\u00e5 styr p\u00e5 driftomkostningerne.","isPartOf":{"@id":"https:\/\/www.electroluxprofessional.com\/dk\/#website"},"datePublished":"2025-09-02T08:52:44+00:00","dateModified":"2025-10-08T10:20:10+00:00","description":"Med serviceaftaler hos Electrolux Professional f\u00e5r du bedre kontrol over vaskeriets udgifter til drift og vedligeholdelse. V\u00e6lg mellem 4 typer","breadcrumb":{"@id":"https:\/\/www.electroluxprofessional.com\/dk\/serviceaftaler\/#breadcrumb"},"inLanguage":"da-DK","potentialAction":[{"@type":"ReadAction","target":["https:\/\/www.electroluxprofessional.com\/dk\/serviceaftaler\/"]}]},{"@type":"BreadcrumbList","@id":"https:\/\/www.electroluxprofessional.com\/dk\/serviceaftaler\/#breadcrumb","itemListElement":[{"@type":"ListItem","position":1,"name":"Home","item":"https:\/\/www.electroluxprofessional.com\/dk\/"},{"@type":"ListItem","position":2,"name":"Serviceaftaler"}]},{"@type":"WebSite","@id":"https:\/\/www.electroluxprofessional.com\/dk\/#website","url":"https:\/\/www.electroluxprofessional.com\/dk\/","name":"Electrolux Professional Danmark","description":"","potentialAction":[{"@type":"SearchAction","target":{"@type":"EntryPoint","urlTemplate":"https:\/\/www.electroluxprofessional.com\/dk\/?src={search_term_string}"},"query-input":"required name=search_term_string"}],"inLanguage":"da-DK"}]}},"_links":{"self":[{"href":"https:\/\/www.electroluxprofessional.com\/dk\/wp-json\/wp\/v2\/pages\/21074"}],"collection":[{"href":"https:\/\/www.electroluxprofessional.com\/dk\/wp-json\/wp\/v2\/pages"}],"about":[{"href":"https:\/\/www.electroluxprofessional.com\/dk\/wp-json\/wp\/v2\/types\/page"}],"author":[{"embeddable":true,"href":"https:\/\/www.electroluxprofessional.com\/dk\/wp-json\/wp\/v2\/users\/64"}],"replies":[{"embeddable":true,"href":"https:\/\/www.electroluxprofessional.com\/dk\/wp-json\/wp\/v2\/comments?post=21074"}],"version-history":[{"count":133,"href":"https:\/\/www.electroluxprofessional.com\/dk\/wp-json\/wp\/v2\/pages\/21074\/revisions"}],"predecessor-version":[{"id":30651,"href":"https:\/\/www.electroluxprofessional.com\/dk\/wp-json\/wp\/v2\/pages\/21074\/revisions\/30651"}],"wp:attachment":[{"href":"https:\/\/www.electroluxprofessional.com\/dk\/wp-json\/wp\/v2\/media?parent=21074"}],"curies":[{"name":"wp","href":"https:\/\/api.w.org\/{rel}","templated":true}]}}